{"id":9992,"date":"2025-09-08T09:15:51","date_gmt":"2025-09-08T09:15:51","guid":{"rendered":"https:\/\/goldenhorizontegypt.com\/?post_type=product&#038;p=9992"},"modified":"2026-02-12T15:07:22","modified_gmt":"2026-02-12T15:07:22","slug":"panorama-wolf-trip","status":"publish","type":"product","link":"https:\/\/goldenhorizontegypt.com\/ro\/produs\/panorama-wolf-trip\/","title":{"rendered":"Semi-submarinul Sea Wolf: Priveli\u0219ti subacvatice \u0219i distrac\u021bie"},"content":{"rendered":"<p data-start=\"78\" data-end=\"145\"><strong data-start=\"78\" data-end=\"143\">\ud83c\udf0a Scufunda\u021bi-v\u0103 \u00een magia M\u0103rii Ro\u0219ii - nu este nevoie de experien\u021b\u0103!<\/strong><\/p>\n<p data-start=\"147\" data-end=\"507\">Nu trebuie s\u0103 fii un \u00eenot\u0103tor profesionist pentru a explora <strong data-start=\"206\" data-end=\"234\">lume subacvatic\u0103 vibrant\u0103<\/strong> din Marea Ro\u0219ie! <strong data-start=\"251\" data-end=\"294\">Urca\u021bi la bordul semi-submarinului nostru modern \ud83d\udea2<\/strong> \u00een Hurghada, conceput pentru a v\u0103 duce p\u00e2n\u0103 la <strong data-start=\"335\" data-end=\"375\">13 picioare (4 metri) sub suprafa\u021b\u0103<\/strong>, unde v\u0103 pute\u021bi minuna de <strong data-start=\"405\" data-end=\"474\">via\u021b\u0103 marin\u0103 colorat\u0103 \ud83d\udc20, recife de corali \ud83e\udeb8 \u0219i ape cristaline<\/strong> - toate <strong data-start=\"481\" data-end=\"505\">f\u0103r\u0103 s\u0103 te uzi!<\/strong><\/p>\n<p data-start=\"509\" data-end=\"551\"><strong data-start=\"509\" data-end=\"549\">\u2728 Ce este inclus \u00een aventura ta?<\/strong><\/p>\n<ul data-start=\"552\" data-end=\"927\">\n<li data-start=\"552\" data-end=\"627\">\n<p data-start=\"554\" data-end=\"627\"><strong data-start=\"554\" data-end=\"585\">Vederi panoramice subacvatice \ud83d\udc1f<\/strong> din confortul semi-submarinului.<\/p>\n<\/li>\n<li data-start=\"628\" data-end=\"704\">\n<p data-start=\"630\" data-end=\"704\"><strong data-start=\"630\" data-end=\"671\">Sesiune op\u021bional\u0103 de snorkeling cu ghid \ud83e\udd3f<\/strong> pentru cei care doresc s\u0103 se implice.<\/p>\n<\/li>\n<li data-start=\"705\" data-end=\"785\">\n<p data-start=\"707\" data-end=\"785\"><strong data-start=\"707\" data-end=\"744\">Plec\u0103ri diminea\u021ba sau dup\u0103-amiaza \u23f0<\/strong> - alege\u021bi ora care v\u0103 convine cel mai bine.<\/p>\n<\/li>\n<li data-start=\"786\" data-end=\"858\">\n<p data-start=\"788\" data-end=\"858\"><strong data-start=\"788\" data-end=\"825\">Toate echipamentele de snorkel furnizate \ud83e\uddf0<\/strong> - f\u0103r\u0103 complica\u021bii \u0219i gata de plecare.<\/p>\n<\/li>\n<li data-start=\"859\" data-end=\"927\">\n<p data-start=\"861\" data-end=\"927\"><strong data-start=\"861\" data-end=\"894\">Transferuri dus-\u00eentors la hotel \ud83d\ude90<\/strong> pentru o c\u0103l\u0103torie u\u0219oar\u0103 \u0219i f\u0103r\u0103 probleme.<\/p>\n<\/li>\n<\/ul>\n<p data-start=\"929\" data-end=\"1172\">Fie c\u0103 sunte\u021bi o familie cu copii, un cuplu \u00een c\u0103utarea unei zile distractive sau pur \u0219i simplu curio\u0219i cu privire la <strong data-start=\"1024\" data-end=\"1059\">comorile ascunse ale M\u0103rii Ro\u0219ii<\/strong>, aceasta <strong data-start=\"1066\" data-end=\"1114\">Excursie semi-submarin de 3 ore Panorama Sea Wolf<\/strong> este combina\u021bia perfect\u0103 de <strong data-start=\"1139\" data-end=\"1169\">relaxare \u0219i explorare<\/strong>!<\/p>\n<p data-start=\"41\" data-end=\"65\">\ud83e\udd11 <strong data-start=\"44\" data-end=\"63\">Pre\u021bul activit\u0103\u021bii:<\/strong><\/p>\n<ul data-start=\"66\" data-end=\"137\" data-is-only-node=\"\">\n<li data-start=\"66\" data-end=\"81\">\n<p data-start=\"68\" data-end=\"81\">Adul\u021bi: 20 \u20ac<\/p>\n<\/li>\n<li data-start=\"82\" data-end=\"103\">\n<p data-start=\"84\" data-end=\"103\">V\u00e2rste cuprinse \u00eentre 5 \u0219i 11 ani: 15 \u20ac<\/p>\n<\/li>\n<li data-start=\"104\" data-end=\"137\">\n<p data-start=\"106\" data-end=\"137\">Sub 5 ani:     Gratuit<\/p>\n<\/li>\n<\/ul>\n<h3 data-start=\"2198\" data-end=\"2225\"><strong data-start=\"2205\" data-end=\"2223\">Plata \u00een USD ($ \ud83c\uddfa\ud83c\uddf8) \u00een loc de EUR (\u20ac \ud83c\uddea\ud83c\uddfa) este disponibil\u0103 \u00een func\u021bie de cursul bancar zilnic.<\/strong><\/h3>\n<p><strong>Rezerv\u0103 prin WhatsApp:<\/strong><\/p>\n<p><a href=\"https:\/\/api.whatsapp.com\/send\/?phone=01024021616\" target=\"_blank\" rel=\"noopener\">\u00a0<img decoding=\"async\" class=\"alignnone wp-image-2058\" src=\"https:\/\/poehalisnamiegypt.com\/wp-content\/uploads\/2024\/02\/pngwing.com_-300x300.png\" sizes=\"auto, (max-width: 35px) 100vw, 35px\" srcset=\"https:\/\/poehalisnamiegypt.com\/wp-content\/uploads\/2024\/02\/pngwing.com_-300x300.png 300w, https:\/\/poehalisnamiegypt.com\/wp-content\/uploads\/2024\/02\/pngwing.com_-150x150.png 150w, https:\/\/poehalisnamiegypt.com\/wp-content\/uploads\/2024\/02\/pngwing.com_.png 584w\" alt=\"\" width=\"53\" height=\"53\" \/><\/a><\/p>\n<div id=\"gtx-trans\" style=\"position: absolute; left: 223px; top: 47.8px;\">\n<div class=\"gtx-trans-icon\"><\/div>\n<\/div>\n<div id=\"gtx-trans\" style=\"position: absolute; left: 223px; top: 47.8px;\">\n<div class=\"gtx-trans-icon\"><\/div>\n<\/div>","protected":false},"excerpt":{"rendered":"<p>\ud83c\udf0a Dive into the Magic of the Red Sea \u2013 No Experience Needed! You don\u2019t need to be a professional swimmer to explore the vibrant underwater world of the Red Sea! Hop aboard our modern semi-submarine \ud83d\udea2 in Hurghada, designed to take you up to 13 feet (4 meters) below the surface, where you can [&hellip;]<\/p>\n","protected":false},"featured_media":9995,"comment_status":"open","ping_status":"closed","template":"","meta":[],"product_brand":[],"product_cat":[64],"product_tag":[],"class_list":{"0":"post-9992","1":"product","2":"type-product","3":"status-publish","4":"has-post-thumbnail","6":"product_cat-entertaining","8":"first","9":"instock","10":"shipping-taxable","11":"purchasable","12":"product-type-ovabrw_car_rental"},"yoast_head":"<!-- This site is optimized with the Yoast SEO plugin v27.5 - https:\/\/yoast.com\/product\/yoast-seo-wordpress\/ -->\n<title>Sea Wolf Semi-Submarine: Underwater Views &amp; Fun - Golden Horizont Egypt<\/title>\n<meta name=\"robots\" content=\"index, follow, max-snippet:-1, max-image-preview:large, max-video-preview:-1\" \/>\n<link rel=\"canonical\" href=\"https:\/\/goldenhorizontegypt.com\/ro\/produs\/panorama-wolf-trip\/\" \/>\n<meta property=\"og:locale\" content=\"ro_RO\" \/>\n<meta property=\"og:type\" content=\"article\" \/>\n<meta property=\"og:title\" content=\"Sea Wolf Semi-Submarine: Underwater Views &amp; Fun - Golden Horizont Egypt\" \/>\n<meta property=\"og:description\" content=\"\ud83c\udf0a Dive into the Magic of the Red Sea \u2013 No Experience Needed! You don\u2019t need to be a professional swimmer to explore the vibrant underwater world of the Red Sea! Hop aboard our modern semi-submarine \ud83d\udea2 in Hurghada, designed to take you up to 13 feet (4 meters) below the surface, where you can [&hellip;]\" \/>\n<meta property=\"og:url\" content=\"https:\/\/goldenhorizontegypt.com\/ro\/produs\/panorama-wolf-trip\/\" \/>\n<meta property=\"og:site_name\" content=\"Golden Horizont Egypt\" \/>\n<meta property=\"article:modified_time\" content=\"2026-02-12T15:07:22+00:00\" \/>\n<meta property=\"og:image\" content=\"https:\/\/goldenhorizontegypt.com\/wp-content\/uploads\/2025\/09\/1-4.jpg\" \/>\n\t<meta property=\"og:image:width\" content=\"1280\" \/>\n\t<meta property=\"og:image:height\" content=\"854\" \/>\n\t<meta property=\"og:image:type\" content=\"image\/jpeg\" \/>\n<meta name=\"twitter:card\" content=\"summary_large_image\" \/>\n<meta name=\"twitter:label1\" content=\"Timp estimat pentru citire\" \/>\n\t<meta name=\"twitter:data1\" content=\"1 minut\" \/>\n<script type=\"application\/ld+json\" class=\"yoast-schema-graph\">{\"@context\":\"https:\\\/\\\/schema.org\",\"@graph\":[{\"@type\":\"WebPage\",\"@id\":\"https:\\\/\\\/goldenhorizontegypt.com\\\/product\\\/panorama-wolf-trip\\\/\",\"url\":\"https:\\\/\\\/goldenhorizontegypt.com\\\/product\\\/panorama-wolf-trip\\\/\",\"name\":\"Sea Wolf Semi-Submarine: Underwater Views & Fun - Golden Horizont Egypt\",\"isPartOf\":{\"@id\":\"https:\\\/\\\/goldenhorizontegypt.com\\\/#website\"},\"primaryImageOfPage\":{\"@id\":\"https:\\\/\\\/goldenhorizontegypt.com\\\/product\\\/panorama-wolf-trip\\\/#primaryimage\"},\"image\":{\"@id\":\"https:\\\/\\\/goldenhorizontegypt.com\\\/product\\\/panorama-wolf-trip\\\/#primaryimage\"},\"thumbnailUrl\":\"https:\\\/\\\/goldenhorizontegypt.com\\\/wp-content\\\/uploads\\\/2025\\\/09\\\/1-4.jpg\",\"datePublished\":\"2025-09-08T09:15:51+00:00\",\"dateModified\":\"2026-02-12T15:07:22+00:00\",\"breadcrumb\":{\"@id\":\"https:\\\/\\\/goldenhorizontegypt.com\\\/product\\\/panorama-wolf-trip\\\/#breadcrumb\"},\"inLanguage\":\"ro-RO\",\"potentialAction\":[{\"@type\":\"ReadAction\",\"target\":[\"https:\\\/\\\/goldenhorizontegypt.com\\\/product\\\/panorama-wolf-trip\\\/\"]}]},{\"@type\":\"ImageObject\",\"inLanguage\":\"ro-RO\",\"@id\":\"https:\\\/\\\/goldenhorizontegypt.com\\\/product\\\/panorama-wolf-trip\\\/#primaryimage\",\"url\":\"https:\\\/\\\/goldenhorizontegypt.com\\\/wp-content\\\/uploads\\\/2025\\\/09\\\/1-4.jpg\",\"contentUrl\":\"https:\\\/\\\/goldenhorizontegypt.com\\\/wp-content\\\/uploads\\\/2025\\\/09\\\/1-4.jpg\",\"width\":1280,\"height\":854},{\"@type\":\"BreadcrumbList\",\"@id\":\"https:\\\/\\\/goldenhorizontegypt.com\\\/product\\\/panorama-wolf-trip\\\/#breadcrumb\",\"itemListElement\":[{\"@type\":\"ListItem\",\"position\":1,\"name\":\"Home\",\"item\":\"https:\\\/\\\/goldenhorizontegypt.com\\\/\"},{\"@type\":\"ListItem\",\"position\":2,\"name\":\"Shop\",\"item\":\"https:\\\/\\\/goldenhorizontegypt.com\\\/shop\\\/\"},{\"@type\":\"ListItem\",\"position\":3,\"name\":\"Sea Wolf Semi-Submarine: Underwater Views &#038; Fun\"}]},{\"@type\":\"WebSite\",\"@id\":\"https:\\\/\\\/goldenhorizontegypt.com\\\/#website\",\"url\":\"https:\\\/\\\/goldenhorizontegypt.com\\\/\",\"name\":\"Golden Horizont Egypt\",\"description\":\"\",\"potentialAction\":[{\"@type\":\"SearchAction\",\"target\":{\"@type\":\"EntryPoint\",\"urlTemplate\":\"https:\\\/\\\/goldenhorizontegypt.com\\\/?s={search_term_string}\"},\"query-input\":{\"@type\":\"PropertyValueSpecification\",\"valueRequired\":true,\"valueName\":\"search_term_string\"}}],\"inLanguage\":\"ro-RO\"}]}<\/script>\n<!-- \/ Yoast SEO plugin. -->","yoast_head_json":{"title":"Sea Wolf Semi-Submarine: Underwater Views & Fun - Golden Horizont Egypt","robots":{"index":"index","follow":"follow","max-snippet":"max-snippet:-1","max-image-preview":"max-image-preview:large","max-video-preview":"max-video-preview:-1"},"canonical":"https:\/\/goldenhorizontegypt.com\/ro\/produs\/panorama-wolf-trip\/","og_locale":"ro_RO","og_type":"article","og_title":"Sea Wolf Semi-Submarine: Underwater Views & Fun - Golden Horizont Egypt","og_description":"\ud83c\udf0a Dive into the Magic of the Red Sea \u2013 No Experience Needed! You don\u2019t need to be a professional swimmer to explore the vibrant underwater world of the Red Sea! Hop aboard our modern semi-submarine \ud83d\udea2 in Hurghada, designed to take you up to 13 feet (4 meters) below the surface, where you can [&hellip;]","og_url":"https:\/\/goldenhorizontegypt.com\/ro\/produs\/panorama-wolf-trip\/","og_site_name":"Golden Horizont Egypt","article_modified_time":"2026-02-12T15:07:22+00:00","og_image":[{"width":1280,"height":854,"url":"https:\/\/goldenhorizontegypt.com\/wp-content\/uploads\/2025\/09\/1-4.jpg","type":"image\/jpeg"}],"twitter_card":"summary_large_image","twitter_misc":{"Timp estimat pentru citire":"1 minut"},"schema":{"@context":"https:\/\/schema.org","@graph":[{"@type":"WebPage","@id":"https:\/\/goldenhorizontegypt.com\/product\/panorama-wolf-trip\/","url":"https:\/\/goldenhorizontegypt.com\/product\/panorama-wolf-trip\/","name":"Sea Wolf Semi-Submarine: Underwater Views & Fun - Golden Horizont Egypt","isPartOf":{"@id":"https:\/\/goldenhorizontegypt.com\/#website"},"primaryImageOfPage":{"@id":"https:\/\/goldenhorizontegypt.com\/product\/panorama-wolf-trip\/#primaryimage"},"image":{"@id":"https:\/\/goldenhorizontegypt.com\/product\/panorama-wolf-trip\/#primaryimage"},"thumbnailUrl":"https:\/\/goldenhorizontegypt.com\/wp-content\/uploads\/2025\/09\/1-4.jpg","datePublished":"2025-09-08T09:15:51+00:00","dateModified":"2026-02-12T15:07:22+00:00","breadcrumb":{"@id":"https:\/\/goldenhorizontegypt.com\/product\/panorama-wolf-trip\/#breadcrumb"},"inLanguage":"ro-RO","potentialAction":[{"@type":"ReadAction","target":["https:\/\/goldenhorizontegypt.com\/product\/panorama-wolf-trip\/"]}]},{"@type":"ImageObject","inLanguage":"ro-RO","@id":"https:\/\/goldenhorizontegypt.com\/product\/panorama-wolf-trip\/#primaryimage","url":"https:\/\/goldenhorizontegypt.com\/wp-content\/uploads\/2025\/09\/1-4.jpg","contentUrl":"https:\/\/goldenhorizontegypt.com\/wp-content\/uploads\/2025\/09\/1-4.jpg","width":1280,"height":854},{"@type":"BreadcrumbList","@id":"https:\/\/goldenhorizontegypt.com\/product\/panorama-wolf-trip\/#breadcrumb","itemListElement":[{"@type":"ListItem","position":1,"name":"Home","item":"https:\/\/goldenhorizontegypt.com\/"},{"@type":"ListItem","position":2,"name":"Shop","item":"https:\/\/goldenhorizontegypt.com\/shop\/"},{"@type":"ListItem","position":3,"name":"Sea Wolf Semi-Submarine: Underwater Views &#038; Fun"}]},{"@type":"WebSite","@id":"https:\/\/goldenhorizontegypt.com\/#website","url":"https:\/\/goldenhorizontegypt.com\/","name":"Orizont de Aur Egipt","description":"","potentialAction":[{"@type":"SearchAction","target":{"@type":"EntryPoint","urlTemplate":"https:\/\/goldenhorizontegypt.com\/?s={search_term_string}"},"query-input":{"@type":"PropertyValueSpecification","valueRequired":true,"valueName":"search_term_string"}}],"inLanguage":"ro-RO"}]}},"_links":{"self":[{"href":"https:\/\/goldenhorizontegypt.com\/ro\/wp-json\/wp\/v2\/product\/9992","targetHints":{"allow":["GET"]}}],"collection":[{"href":"https:\/\/goldenhorizontegypt.com\/ro\/wp-json\/wp\/v2\/product"}],"about":[{"href":"https:\/\/goldenhorizontegypt.com\/ro\/wp-json\/wp\/v2\/types\/product"}],"replies":[{"embeddable":true,"href":"https:\/\/goldenhorizontegypt.com\/ro\/wp-json\/wp\/v2\/comments?post=9992"}],"wp:featuredmedia":[{"embeddable":true,"href":"https:\/\/goldenhorizontegypt.com\/ro\/wp-json\/wp\/v2\/media\/9995"}],"wp:attachment":[{"href":"https:\/\/goldenhorizontegypt.com\/ro\/wp-json\/wp\/v2\/media?parent=9992"}],"wp:term":[{"taxonomy":"product_brand","embeddable":true,"href":"https:\/\/goldenhorizontegypt.com\/ro\/wp-json\/wp\/v2\/product_brand?post=9992"},{"taxonomy":"product_cat","embeddable":true,"href":"https:\/\/goldenhorizontegypt.com\/ro\/wp-json\/wp\/v2\/product_cat?post=9992"},{"taxonomy":"product_tag","embeddable":true,"href":"https:\/\/goldenhorizontegypt.com\/ro\/wp-json\/wp\/v2\/product_tag?post=9992"}],"curies":[{"name":"wp","href":"https:\/\/api.w.org\/{rel}","templated":true}]}}