{"id":9937,"date":"2025-09-08T07:40:23","date_gmt":"2025-09-08T07:40:23","guid":{"rendered":"https:\/\/goldenhorizontegypt.com\/?post_type=product&#038;p=9937"},"modified":"2026-01-02T18:09:22","modified_gmt":"2026-01-02T18:09:22","slug":"hula-hula-trip","status":"publish","type":"product","link":"https:\/\/goldenhorizontegypt.com\/ro\/produs\/hula-hula-trip\/","title":{"rendered":"Insula Hula Hula: Snorkel, spectacole"},"content":{"rendered":"<h3 data-start=\"101\" data-end=\"177\"><strong data-start=\"105\" data-end=\"175\">\ud83c\udfd6 Excursie pe mare pe insula Hula Hula - Snorkel, dans \u0219i descoperi\u021bi paradisul!<\/strong><\/h3>\n<p data-start=\"179\" data-end=\"433\">Evada\u021bi din cotidian \u0219i porni\u021bi spre o <strong data-start=\"218\" data-end=\"267\">aventur\u0103 de o zi \u00een largul coastei Hurghada!<\/strong> Aceast\u0103 excursie unic\u0103 la <strong data-start=\"288\" data-end=\"308\">Insula Hula Hula<\/strong> amestecuri <strong data-start=\"316\" data-end=\"394\">sporturi nautice palpitante, spectacole culturale vibrante \u0219i momente relaxante pe plaj\u0103<\/strong>-toate \u00eentr-o experien\u021b\u0103 de neuitat.<\/p>\n<h4 data-start=\"435\" data-end=\"475\"><strong data-start=\"440\" data-end=\"473\">\ud83c\udf0a Atrac\u021biile aventurii tale:<\/strong><\/h4>\n<ul data-start=\"476\" data-end=\"1159\">\n<li data-start=\"476\" data-end=\"638\">\n<p data-start=\"478\" data-end=\"638\"><strong data-start=\"478\" data-end=\"509\">\ud83e\udd3f Snorkeling Extravaganza:<\/strong> Explora\u021bi fascinanta lume subacvatic\u0103 a M\u0103rii Ro\u0219ii cu <strong data-start=\"571\" data-end=\"596\">echipament de snorkel furnizat<\/strong>-pe\u0219ti colora\u021bi \u0219i corali vibran\u021bi a\u0219teapt\u0103!<\/p>\n<\/li>\n<li data-start=\"639\" data-end=\"767\">\n<p data-start=\"641\" data-end=\"767\"><strong data-start=\"641\" data-end=\"671\">\ud83c\udfc4\u200d\u2642\ufe0f Distrac\u021bie \u0219i senza\u021bii tari \u00een ap\u0103:<\/strong> Simte adrenalina cu <strong data-start=\"702\" data-end=\"723\">plimbari cu barca banana<\/strong> \u0219i bucura\u021bi-v\u0103 de parcul acvatic plutitor.<\/p>\n<\/li>\n<li data-start=\"768\" data-end=\"922\">\n<p data-start=\"770\" data-end=\"922\"><strong data-start=\"770\" data-end=\"800\">\ud83d\udc83 Divertisment cultural:<\/strong> Fii hipnotizat de <strong data-start=\"818\" data-end=\"867\">dansuri din buric \u0219i spectacole folclorice tradi\u021bionale<\/strong>, aduc\u00e2nd cultura egiptean\u0103 la via\u021b\u0103 chiar l\u00e2ng\u0103 mare.<\/p>\n<\/li>\n<li data-start=\"923\" data-end=\"1047\">\n<p data-start=\"925\" data-end=\"1047\"><strong data-start=\"925\" data-end=\"956\">\ud83c\udf74 Pr\u00e2nz delicios la bord:<\/strong> Savura\u021bi o <strong data-start=\"966\" data-end=\"991\">mas\u0103 proasp\u0103t preparat\u0103<\/strong> cu b\u0103uturi r\u0103coritoare incluse pe tot parcursul c\u0103l\u0103toriei.<\/p>\n<\/li>\n<li data-start=\"1048\" data-end=\"1159\">\n<p data-start=\"1050\" data-end=\"1159\"><strong data-start=\"1050\" data-end=\"1079\">\ud83d\ude90 Transferuri f\u0103r\u0103 complica\u021bii:<\/strong> Relaxa\u021bi-v\u0103 cu <strong data-start=\"1091\" data-end=\"1131\">transport dus-\u00eentors cu aer condi\u021bionat<\/strong> de la hotelul dumneavoastr\u0103 din Hurghada.<\/p>\n<\/li>\n<\/ul>\n<h4 data-start=\"1161\" data-end=\"1195\"><strong data-start=\"1166\" data-end=\"1193\">\u2728 De ce s\u0103 alege\u021bi aceast\u0103 excursie?<\/strong><\/h4>\n<ul data-start=\"1196\" data-end=\"1460\">\n<li data-start=\"1196\" data-end=\"1274\">\n<p data-start=\"1198\" data-end=\"1274\">Combin\u0103 <strong data-start=\"1207\" data-end=\"1271\">relaxare, aventur\u0103 \u0219i cultur\u0103 \u00eentr-o excursie de o zi \u00eentreag\u0103<\/strong>.<\/p>\n<\/li>\n<li data-start=\"1275\" data-end=\"1362\">\n<p data-start=\"1277\" data-end=\"1362\">Perfect pentru familii, cupluri \u0219i prieteni care caut\u0103 un <strong data-start=\"1330\" data-end=\"1359\">zi plin\u0103 de distrac\u021bie la soare<\/strong>.<\/p>\n<\/li>\n<li data-start=\"1363\" data-end=\"1460\">\n<p data-start=\"1365\" data-end=\"1460\">Toat\u0103 logistica, echipamentul \u0219i mesele sunt incluse-<strong data-start=\"1414\" data-end=\"1458\">adu-\u021bi doar costumul de baie \u0219i z\u00e2mbetul!<\/strong><\/p>\n<\/li>\n<\/ul>\n<p data-start=\"1462\" data-end=\"1542\"><strong data-start=\"1462\" data-end=\"1540\">Naviga\u021bi spre Insula Hula Hula \u0219i face\u021bi-v\u0103 amintiri care vor dura o via\u021b\u0103!<\/strong><\/p>\n<h3 data-start=\"2198\" data-end=\"2225\"><strong data-start=\"2205\" data-end=\"2223\">\ud83e\udd11 Pre\u021bul excursiei<\/strong><\/h3>\n<p data-start=\"2228\" data-end=\"2260\"><strong data-start=\"2233\" data-end=\"2258\">\u00a0 \u00a0<img decoding=\"async\" class=\"emoji\" role=\"img\" draggable=\"false\" src=\"https:\/\/s.w.org\/images\/core\/emoji\/16.0.1\/svg\/1f64e-1f3fb-200d-2642-fe0f.svg\" alt=\"\ud83d\ude4e\ud83c\udffb\u200d\u2642\ufe0f\" \/> 11 ani \u0219i peste 30 \u20ac<\/strong><\/p>\n<p data-start=\"2228\" data-end=\"2260\"><strong data-start=\"2263\" data-end=\"2280\">\u00a0 \u00a0<img decoding=\"async\" class=\"emoji\" role=\"img\" draggable=\"false\" src=\"https:\/\/s.w.org\/images\/core\/emoji\/16.0.1\/svg\/1f9cd-1f3fb-200d-2640-fe0f.svg\" alt=\"\ud83e\uddcd\ud83c\udffb\u200d\u2640\ufe0f\" \/> 6\/10 ani 15 \u20ac<\/strong><\/p>\n<p data-start=\"2228\" data-end=\"2260\"><strong data-start=\"2327\" data-end=\"2355\">\u00a0 \u00a0<img decoding=\"async\" class=\"emoji\" role=\"img\" draggable=\"false\" src=\"https:\/\/s.w.org\/images\/core\/emoji\/16.0.1\/svg\/1f47c-1f3fc.svg\" alt=\"\ud83d\udc7c\ud83c\udffc\" \/> -6 ani Liber<\/strong><\/p>\n<h3 data-start=\"2198\" data-end=\"2225\"><strong data-start=\"2205\" data-end=\"2223\">Plata \u00een USD ($ \ud83c\uddfa\ud83c\uddf8) \u00een loc de EUR (\u20ac \ud83c\uddea\ud83c\uddfa) este disponibil\u0103 \u00een func\u021bie de cursul bancar zilnic.<\/strong><\/h3>\n<p><strong>Rezerv\u0103 prin WhatsApp:<\/strong><\/p>\n<p><a href=\"https:\/\/api.whatsapp.com\/send\/?phone=01021058859\" target=\"_blank\" rel=\"noopener\">\u00a0<img decoding=\"async\" class=\"alignnone wp-image-2058\" src=\"https:\/\/poehalisnamiegypt.com\/wp-content\/uploads\/2024\/02\/pngwing.com_-300x300.png\" sizes=\"auto, (max-width: 35px) 100vw, 35px\" srcset=\"https:\/\/poehalisnamiegypt.com\/wp-content\/uploads\/2024\/02\/pngwing.com_-300x300.png 300w, https:\/\/poehalisnamiegypt.com\/wp-content\/uploads\/2024\/02\/pngwing.com_-150x150.png 150w, https:\/\/poehalisnamiegypt.com\/wp-content\/uploads\/2024\/02\/pngwing.com_.png 584w\" alt=\"\" width=\"53\" height=\"53\" \/><\/a><\/p>","protected":false},"excerpt":{"rendered":"<p>\ud83c\udfd6 Hula Hula Island Sea Trip \u2013 Snorkel, Dance &amp; Discover Paradise! Escape the ordinary and set sail for a full-day adventure off the coast of Hurghada! This unique trip to Hula Hula Island blends thrilling water sports, vibrant cultural shows, and relaxing beach moments\u2014all in one unforgettable experience. \ud83c\udf0a Your Adventure Highlights: \ud83e\udd3f Snorkeling [&hellip;]<\/p>\n","protected":false},"featured_media":9939,"comment_status":"open","ping_status":"closed","template":"","meta":[],"product_brand":[],"product_cat":[68],"product_tag":[],"class_list":{"0":"post-9937","1":"product","2":"type-product","3":"status-publish","4":"has-post-thumbnail","6":"product_cat-sea","8":"first","9":"instock","10":"shipping-taxable","11":"purchasable","12":"product-type-ovabrw_car_rental"},"yoast_head":"<!-- This site is optimized with the Yoast SEO plugin v27.5 - https:\/\/yoast.com\/product\/yoast-seo-wordpress\/ -->\n<title>Hula Hula Island: Snorkel, Shows - Golden Horizont Egypt<\/title>\n<meta name=\"robots\" content=\"index, follow, max-snippet:-1, max-image-preview:large, max-video-preview:-1\" \/>\n<link rel=\"canonical\" href=\"https:\/\/goldenhorizontegypt.com\/ro\/produs\/hula-hula-trip\/\" \/>\n<meta property=\"og:locale\" content=\"ro_RO\" \/>\n<meta property=\"og:type\" content=\"article\" \/>\n<meta property=\"og:title\" content=\"Hula Hula Island: Snorkel, Shows - Golden Horizont Egypt\" \/>\n<meta property=\"og:description\" content=\"\ud83c\udfd6 Hula Hula Island Sea Trip \u2013 Snorkel, Dance &amp; Discover Paradise! Escape the ordinary and set sail for a full-day adventure off the coast of Hurghada! This unique trip to Hula Hula Island blends thrilling water sports, vibrant cultural shows, and relaxing beach moments\u2014all in one unforgettable experience. \ud83c\udf0a Your Adventure Highlights: \ud83e\udd3f Snorkeling [&hellip;]\" \/>\n<meta property=\"og:url\" content=\"https:\/\/goldenhorizontegypt.com\/ro\/produs\/hula-hula-trip\/\" \/>\n<meta property=\"og:site_name\" content=\"Golden Horizont Egypt\" \/>\n<meta property=\"article:modified_time\" content=\"2026-01-02T18:09:22+00:00\" \/>\n<meta property=\"og:image\" content=\"https:\/\/goldenhorizontegypt.com\/wp-content\/uploads\/2025\/09\/3-2.jpg\" \/>\n\t<meta property=\"og:image:width\" content=\"720\" \/>\n\t<meta property=\"og:image:height\" content=\"480\" \/>\n\t<meta property=\"og:image:type\" content=\"image\/jpeg\" \/>\n<meta name=\"twitter:card\" content=\"summary_large_image\" \/>\n<meta name=\"twitter:label1\" content=\"Timp estimat pentru citire\" \/>\n\t<meta name=\"twitter:data1\" content=\"1 minut\" \/>\n<script type=\"application\/ld+json\" class=\"yoast-schema-graph\">{\"@context\":\"https:\\\/\\\/schema.org\",\"@graph\":[{\"@type\":\"WebPage\",\"@id\":\"https:\\\/\\\/goldenhorizontegypt.com\\\/product\\\/hula-hula-trip\\\/\",\"url\":\"https:\\\/\\\/goldenhorizontegypt.com\\\/product\\\/hula-hula-trip\\\/\",\"name\":\"Hula Hula Island: Snorkel, Shows - Golden Horizont Egypt\",\"isPartOf\":{\"@id\":\"https:\\\/\\\/goldenhorizontegypt.com\\\/#website\"},\"primaryImageOfPage\":{\"@id\":\"https:\\\/\\\/goldenhorizontegypt.com\\\/product\\\/hula-hula-trip\\\/#primaryimage\"},\"image\":{\"@id\":\"https:\\\/\\\/goldenhorizontegypt.com\\\/product\\\/hula-hula-trip\\\/#primaryimage\"},\"thumbnailUrl\":\"https:\\\/\\\/goldenhorizontegypt.com\\\/wp-content\\\/uploads\\\/2025\\\/09\\\/3-2.jpg\",\"datePublished\":\"2025-09-08T07:40:23+00:00\",\"dateModified\":\"2026-01-02T18:09:22+00:00\",\"breadcrumb\":{\"@id\":\"https:\\\/\\\/goldenhorizontegypt.com\\\/product\\\/hula-hula-trip\\\/#breadcrumb\"},\"inLanguage\":\"ro-RO\",\"potentialAction\":[{\"@type\":\"ReadAction\",\"target\":[\"https:\\\/\\\/goldenhorizontegypt.com\\\/product\\\/hula-hula-trip\\\/\"]}]},{\"@type\":\"ImageObject\",\"inLanguage\":\"ro-RO\",\"@id\":\"https:\\\/\\\/goldenhorizontegypt.com\\\/product\\\/hula-hula-trip\\\/#primaryimage\",\"url\":\"https:\\\/\\\/goldenhorizontegypt.com\\\/wp-content\\\/uploads\\\/2025\\\/09\\\/3-2.jpg\",\"contentUrl\":\"https:\\\/\\\/goldenhorizontegypt.com\\\/wp-content\\\/uploads\\\/2025\\\/09\\\/3-2.jpg\",\"width\":720,\"height\":480},{\"@type\":\"BreadcrumbList\",\"@id\":\"https:\\\/\\\/goldenhorizontegypt.com\\\/product\\\/hula-hula-trip\\\/#breadcrumb\",\"itemListElement\":[{\"@type\":\"ListItem\",\"position\":1,\"name\":\"Home\",\"item\":\"https:\\\/\\\/goldenhorizontegypt.com\\\/\"},{\"@type\":\"ListItem\",\"position\":2,\"name\":\"Shop\",\"item\":\"https:\\\/\\\/goldenhorizontegypt.com\\\/shop\\\/\"},{\"@type\":\"ListItem\",\"position\":3,\"name\":\"Hula Hula Island: Snorkel, Shows\"}]},{\"@type\":\"WebSite\",\"@id\":\"https:\\\/\\\/goldenhorizontegypt.com\\\/#website\",\"url\":\"https:\\\/\\\/goldenhorizontegypt.com\\\/\",\"name\":\"Golden Horizont Egypt\",\"description\":\"\",\"potentialAction\":[{\"@type\":\"SearchAction\",\"target\":{\"@type\":\"EntryPoint\",\"urlTemplate\":\"https:\\\/\\\/goldenhorizontegypt.com\\\/?s={search_term_string}\"},\"query-input\":{\"@type\":\"PropertyValueSpecification\",\"valueRequired\":true,\"valueName\":\"search_term_string\"}}],\"inLanguage\":\"ro-RO\"}]}<\/script>\n<!-- \/ Yoast SEO plugin. -->","yoast_head_json":{"title":"Hula Hula Island: Snorkel, Shows - Golden Horizont Egypt","robots":{"index":"index","follow":"follow","max-snippet":"max-snippet:-1","max-image-preview":"max-image-preview:large","max-video-preview":"max-video-preview:-1"},"canonical":"https:\/\/goldenhorizontegypt.com\/ro\/produs\/hula-hula-trip\/","og_locale":"ro_RO","og_type":"article","og_title":"Hula Hula Island: Snorkel, Shows - Golden Horizont Egypt","og_description":"\ud83c\udfd6 Hula Hula Island Sea Trip \u2013 Snorkel, Dance &amp; Discover Paradise! Escape the ordinary and set sail for a full-day adventure off the coast of Hurghada! This unique trip to Hula Hula Island blends thrilling water sports, vibrant cultural shows, and relaxing beach moments\u2014all in one unforgettable experience. \ud83c\udf0a Your Adventure Highlights: \ud83e\udd3f Snorkeling [&hellip;]","og_url":"https:\/\/goldenhorizontegypt.com\/ro\/produs\/hula-hula-trip\/","og_site_name":"Golden Horizont Egypt","article_modified_time":"2026-01-02T18:09:22+00:00","og_image":[{"width":720,"height":480,"url":"https:\/\/goldenhorizontegypt.com\/wp-content\/uploads\/2025\/09\/3-2.jpg","type":"image\/jpeg"}],"twitter_card":"summary_large_image","twitter_misc":{"Timp estimat pentru citire":"1 minut"},"schema":{"@context":"https:\/\/schema.org","@graph":[{"@type":"WebPage","@id":"https:\/\/goldenhorizontegypt.com\/product\/hula-hula-trip\/","url":"https:\/\/goldenhorizontegypt.com\/product\/hula-hula-trip\/","name":"Hula Hula Island: Snorkel, Shows - Golden Horizont Egypt","isPartOf":{"@id":"https:\/\/goldenhorizontegypt.com\/#website"},"primaryImageOfPage":{"@id":"https:\/\/goldenhorizontegypt.com\/product\/hula-hula-trip\/#primaryimage"},"image":{"@id":"https:\/\/goldenhorizontegypt.com\/product\/hula-hula-trip\/#primaryimage"},"thumbnailUrl":"https:\/\/goldenhorizontegypt.com\/wp-content\/uploads\/2025\/09\/3-2.jpg","datePublished":"2025-09-08T07:40:23+00:00","dateModified":"2026-01-02T18:09:22+00:00","breadcrumb":{"@id":"https:\/\/goldenhorizontegypt.com\/product\/hula-hula-trip\/#breadcrumb"},"inLanguage":"ro-RO","potentialAction":[{"@type":"ReadAction","target":["https:\/\/goldenhorizontegypt.com\/product\/hula-hula-trip\/"]}]},{"@type":"ImageObject","inLanguage":"ro-RO","@id":"https:\/\/goldenhorizontegypt.com\/product\/hula-hula-trip\/#primaryimage","url":"https:\/\/goldenhorizontegypt.com\/wp-content\/uploads\/2025\/09\/3-2.jpg","contentUrl":"https:\/\/goldenhorizontegypt.com\/wp-content\/uploads\/2025\/09\/3-2.jpg","width":720,"height":480},{"@type":"BreadcrumbList","@id":"https:\/\/goldenhorizontegypt.com\/product\/hula-hula-trip\/#breadcrumb","itemListElement":[{"@type":"ListItem","position":1,"name":"Home","item":"https:\/\/goldenhorizontegypt.com\/"},{"@type":"ListItem","position":2,"name":"Shop","item":"https:\/\/goldenhorizontegypt.com\/shop\/"},{"@type":"ListItem","position":3,"name":"Hula Hula Island: Snorkel, Shows"}]},{"@type":"WebSite","@id":"https:\/\/goldenhorizontegypt.com\/#website","url":"https:\/\/goldenhorizontegypt.com\/","name":"Orizont de Aur Egipt","description":"","potentialAction":[{"@type":"SearchAction","target":{"@type":"EntryPoint","urlTemplate":"https:\/\/goldenhorizontegypt.com\/?s={search_term_string}"},"query-input":{"@type":"PropertyValueSpecification","valueRequired":true,"valueName":"search_term_string"}}],"inLanguage":"ro-RO"}]}},"_links":{"self":[{"href":"https:\/\/goldenhorizontegypt.com\/ro\/wp-json\/wp\/v2\/product\/9937","targetHints":{"allow":["GET"]}}],"collection":[{"href":"https:\/\/goldenhorizontegypt.com\/ro\/wp-json\/wp\/v2\/product"}],"about":[{"href":"https:\/\/goldenhorizontegypt.com\/ro\/wp-json\/wp\/v2\/types\/product"}],"replies":[{"embeddable":true,"href":"https:\/\/goldenhorizontegypt.com\/ro\/wp-json\/wp\/v2\/comments?post=9937"}],"wp:featuredmedia":[{"embeddable":true,"href":"https:\/\/goldenhorizontegypt.com\/ro\/wp-json\/wp\/v2\/media\/9939"}],"wp:attachment":[{"href":"https:\/\/goldenhorizontegypt.com\/ro\/wp-json\/wp\/v2\/media?parent=9937"}],"wp:term":[{"taxonomy":"product_brand","embeddable":true,"href":"https:\/\/goldenhorizontegypt.com\/ro\/wp-json\/wp\/v2\/product_brand?post=9937"},{"taxonomy":"product_cat","embeddable":true,"href":"https:\/\/goldenhorizontegypt.com\/ro\/wp-json\/wp\/v2\/product_cat?post=9937"},{"taxonomy":"product_tag","embeddable":true,"href":"https:\/\/goldenhorizontegypt.com\/ro\/wp-json\/wp\/v2\/product_tag?post=9937"}],"curies":[{"name":"wp","href":"https:\/\/api.w.org\/{rel}","templated":true}]}}