{"id":9925,"date":"2025-09-08T07:28:16","date_gmt":"2025-09-08T07:28:16","guid":{"rendered":"https:\/\/goldenhorizontegypt.com\/?post_type=product&#038;p=9925"},"modified":"2026-01-02T18:07:03","modified_gmt":"2026-01-02T18:07:03","slug":"orange-bay-trip","status":"publish","type":"product","link":"https:\/\/goldenhorizontegypt.com\/ro\/produs\/orange-bay-trip\/","title":{"rendered":"Orange Bay: Snorkeling, Relaxare pe plaj\u0103"},"content":{"rendered":"<h3 data-start=\"98\" data-end=\"163\"><strong data-start=\"102\" data-end=\"161\">\ud83c\udfdd Aventura pe insula Orange Bay - Snorkeling, relaxare \u0219i joac\u0103!<\/strong><\/h3>\n<p data-start=\"165\" data-end=\"431\">Descoperi\u021bi frumuse\u021bea uimitoare a <strong data-start=\"197\" data-end=\"211\">Golful Orange<\/strong>, cuib\u0103rit\u0103 \u00een faimoasa <strong data-start=\"235\" data-end=\"253\">Insulele Giftun<\/strong>, cu aceast\u0103 excursie de o zi cu sporturi nautice all-inclusive din Hurghada! Aceast\u0103 escapad\u0103 de neuitat combin\u0103 <strong data-start=\"351\" data-end=\"429\">relaxare, aventur\u0103 \u0219i distrac\u021bie \u00een apele cristaline ale M\u0103rii Ro\u0219ii.<\/strong><\/p>\n<h4 data-start=\"433\" data-end=\"475\"><strong data-start=\"438\" data-end=\"473\">\ud83c\udf0a Ce este inclus \u00een ziua ta?<\/strong><\/h4>\n<ul data-start=\"476\" data-end=\"1100\">\n<li data-start=\"476\" data-end=\"607\">\n<p data-start=\"478\" data-end=\"607\"><strong data-start=\"478\" data-end=\"507\">\ud83d\ude90 Transport Hassle-Free:<\/strong> Bucur\u0103-te <strong data-start=\"514\" data-end=\"554\">transferuri dus-\u00eentors cu aer condi\u021bionat<\/strong> din hotelul dvs., men\u021bin\u00e2ndu-v\u0103 r\u0103coros \u0219i confortabil.<\/p>\n<\/li>\n<li data-start=\"608\" data-end=\"751\">\n<p data-start=\"610\" data-end=\"751\"><strong data-start=\"610\" data-end=\"637\">\ud83e\udd3f Paradisul snorkelingului:<\/strong> Scufunda\u021bi-v\u0103 sub valuri cu <strong data-start=\"666\" data-end=\"691\">echipament de snorkel furnizat<\/strong> \u0219i explora\u021bi recifele de corali vibrante \u0219i via\u021ba marin\u0103 colorat\u0103.<\/p>\n<\/li>\n<li data-start=\"752\" data-end=\"864\">\n<p data-start=\"754\" data-end=\"864\"><strong data-start=\"754\" data-end=\"779\">\ud83c\udf34 Relaxare pe insul\u0103:<\/strong> Relaxa\u021bi-v\u0103 pe nisipurile moi din Orange Bay cu propriul dvs. <strong data-start=\"833\" data-end=\"861\">umbrel\u0103 \u0219i zon\u0103 umbrit\u0103<\/strong>.<\/p>\n<\/li>\n<li data-start=\"865\" data-end=\"987\">\n<p data-start=\"867\" data-end=\"987\"><strong data-start=\"867\" data-end=\"890\">\ud83c\udf7d Pr\u00e2nz delicios:<\/strong> S\u0103ri\u021bi peste stresul de a \u00eempacheta alimente-<strong data-start=\"923\" data-end=\"962\">este inclus\u0103 o mas\u0103 proasp\u0103t preparat\u0103<\/strong> pentru a v\u0103 men\u021bine energiza\u021bi.<\/p>\n<\/li>\n<li data-start=\"988\" data-end=\"1100\">\n<p data-start=\"990\" data-end=\"1100\"><strong data-start=\"990\" data-end=\"1016\">\ud83c\udf4c Banana Boat Thrill:<\/strong> Simte graba \u00een timp ce treci cu vitez\u0103 peste valuri pe o <strong data-start=\"1066\" data-end=\"1097\">plimbare cu barca cu banane plin\u0103 de distrac\u021bie<\/strong>!<\/p>\n<\/li>\n<\/ul>\n<h4 data-start=\"1102\" data-end=\"1137\"><strong data-start=\"1107\" data-end=\"1135\">\u2728 De ce s\u0103 alege\u021bi Orange Bay?<\/strong><\/h4>\n<ul data-start=\"1138\" data-end=\"1365\">\n<li data-start=\"1138\" data-end=\"1232\">\n<p data-start=\"1140\" data-end=\"1232\">Perfect pentru familii, cupluri \u0219i grupuri care caut\u0103 un <strong data-start=\"1192\" data-end=\"1229\">amestec de aventur\u0103 \u0219i relaxare<\/strong>.<\/p>\n<\/li>\n<li data-start=\"1233\" data-end=\"1309\">\n<p data-start=\"1235\" data-end=\"1309\">Experimenta\u021bi una dintre cele mai <strong data-start=\"1257\" data-end=\"1306\">cele mai frumoase rezerva\u021bii marine din Marea Ro\u0219ie<\/strong>.<\/p>\n<\/li>\n<li data-start=\"1310\" data-end=\"1365\">\n<p data-start=\"1312\" data-end=\"1365\">O zi \u00eentreag\u0103 de soare, mare \u0219i amintiri de neuitat!<\/p>\n<\/li>\n<\/ul>\n<p data-start=\"1367\" data-end=\"1466\"><strong data-start=\"1367\" data-end=\"1464\">Rezerva\u021bi-v\u0103 aventura Orange Bay Island \u0219i crea\u021bi momente magice \u00een inima M\u0103rii Ro\u0219ii!<\/strong><\/p>\n<h3 data-start=\"2198\" data-end=\"2225\"><strong data-start=\"2205\" data-end=\"2223\">\ud83e\udd11 Pre\u021bul excursiei<\/strong><\/h3>\n<p data-start=\"2228\" data-end=\"2260\"><strong data-start=\"2233\" data-end=\"2258\">\u00a0 \u00a0<img decoding=\"async\" class=\"emoji\" role=\"img\" draggable=\"false\" src=\"https:\/\/s.w.org\/images\/core\/emoji\/16.0.1\/svg\/1f64e-1f3fb-200d-2642-fe0f.svg\" alt=\"\ud83d\ude4e\ud83c\udffb\u200d\u2642\ufe0f\" \/> 10 ani \u0219i peste 30 \u20ac<\/strong><\/p>\n<p data-start=\"2228\" data-end=\"2260\"><strong data-start=\"2263\" data-end=\"2280\">\u00a0 \u00a0<img decoding=\"async\" class=\"emoji\" role=\"img\" draggable=\"false\" src=\"https:\/\/s.w.org\/images\/core\/emoji\/16.0.1\/svg\/1f9cd-1f3fb-200d-2640-fe0f.svg\" alt=\"\ud83e\uddcd\ud83c\udffb\u200d\u2640\ufe0f\" \/> 6\/9 ani 15 \u20ac<\/strong><\/p>\n<p data-start=\"2228\" data-end=\"2260\"><strong data-start=\"2327\" data-end=\"2355\">\u00a0 \u00a0<img decoding=\"async\" class=\"emoji\" role=\"img\" draggable=\"false\" src=\"https:\/\/s.w.org\/images\/core\/emoji\/16.0.1\/svg\/1f47c-1f3fc.svg\" alt=\"\ud83d\udc7c\ud83c\udffc\" \/> -6 ani Liber<\/strong><\/p>\n<h3 data-start=\"2198\" data-end=\"2225\"><strong data-start=\"2205\" data-end=\"2223\">Plata \u00een USD ($ \ud83c\uddfa\ud83c\uddf8) \u00een loc de EUR (\u20ac \ud83c\uddea\ud83c\uddfa) este disponibil\u0103 \u00een func\u021bie de cursul bancar zilnic.<\/strong><\/h3>\n<p><strong>Rezerv\u0103 prin WhatsApp:<\/strong><\/p>\n<p><a href=\"https:\/\/api.whatsapp.com\/send\/?phone=01021058859\" target=\"_blank\" rel=\"noopener\">\u00a0<img decoding=\"async\" class=\"alignnone wp-image-2058\" src=\"https:\/\/poehalisnamiegypt.com\/wp-content\/uploads\/2024\/02\/pngwing.com_-300x300.png\" sizes=\"auto, (max-width: 35px) 100vw, 35px\" srcset=\"https:\/\/poehalisnamiegypt.com\/wp-content\/uploads\/2024\/02\/pngwing.com_-300x300.png 300w, https:\/\/poehalisnamiegypt.com\/wp-content\/uploads\/2024\/02\/pngwing.com_-150x150.png 150w, https:\/\/poehalisnamiegypt.com\/wp-content\/uploads\/2024\/02\/pngwing.com_.png 584w\" alt=\"\" width=\"53\" height=\"53\" \/><\/a><\/p>\n<div id=\"gtx-trans\" style=\"position: absolute; left: 55px; top: 3.9125px;\">\n<div class=\"gtx-trans-icon\"><\/div>\n<\/div>\n<div id=\"gtx-trans\" style=\"position: absolute; left: 55px; top: 3.9125px;\">\n<div class=\"gtx-trans-icon\"><\/div>\n<\/div>","protected":false},"excerpt":{"rendered":"<p>\ud83c\udfdd Orange Bay Island Adventure \u2013 Snorkel, Relax &amp; Play! Discover the stunning beauty of Orange Bay, nestled in the famous Giftun Islands, with this all-inclusive water sports day trip from Hurghada! This unforgettable escape combines relaxation, adventure, and fun in the crystal-clear waters of the Red Sea. \ud83c\udf0a What\u2019s Included in Your Day? \ud83d\ude90 [&hellip;]<\/p>\n","protected":false},"featured_media":9928,"comment_status":"open","ping_status":"closed","template":"","meta":[],"product_brand":[],"product_cat":[68],"product_tag":[],"class_list":{"0":"post-9925","1":"product","2":"type-product","3":"status-publish","4":"has-post-thumbnail","6":"product_cat-sea","8":"first","9":"instock","10":"shipping-taxable","11":"purchasable","12":"product-type-ovabrw_car_rental"},"yoast_head":"<!-- This site is optimized with the Yoast SEO plugin v27.5 - https:\/\/yoast.com\/product\/yoast-seo-wordpress\/ -->\n<title>Orange Bay: Snorkeling, Beach Relax - Golden Horizont Egypt<\/title>\n<meta name=\"robots\" content=\"index, follow, max-snippet:-1, max-image-preview:large, max-video-preview:-1\" \/>\n<link rel=\"canonical\" href=\"https:\/\/goldenhorizontegypt.com\/ro\/produs\/orange-bay-trip\/\" \/>\n<meta property=\"og:locale\" content=\"ro_RO\" \/>\n<meta property=\"og:type\" content=\"article\" \/>\n<meta property=\"og:title\" content=\"Orange Bay: Snorkeling, Beach Relax - Golden Horizont Egypt\" \/>\n<meta property=\"og:description\" content=\"\ud83c\udfdd Orange Bay Island Adventure \u2013 Snorkel, Relax &amp; Play! Discover the stunning beauty of Orange Bay, nestled in the famous Giftun Islands, with this all-inclusive water sports day trip from Hurghada! This unforgettable escape combines relaxation, adventure, and fun in the crystal-clear waters of the Red Sea. \ud83c\udf0a What\u2019s Included in Your Day? \ud83d\ude90 [&hellip;]\" \/>\n<meta property=\"og:url\" content=\"https:\/\/goldenhorizontegypt.com\/ro\/produs\/orange-bay-trip\/\" \/>\n<meta property=\"og:site_name\" content=\"Golden Horizont Egypt\" \/>\n<meta property=\"article:modified_time\" content=\"2026-01-02T18:07:03+00:00\" \/>\n<meta property=\"og:image\" content=\"https:\/\/goldenhorizontegypt.com\/wp-content\/uploads\/2025\/09\/2c.jpg\" \/>\n\t<meta property=\"og:image:width\" content=\"669\" \/>\n\t<meta property=\"og:image:height\" content=\"446\" \/>\n\t<meta property=\"og:image:type\" content=\"image\/jpeg\" \/>\n<meta name=\"twitter:card\" content=\"summary_large_image\" \/>\n<meta name=\"twitter:label1\" content=\"Timp estimat pentru citire\" \/>\n\t<meta name=\"twitter:data1\" content=\"1 minut\" \/>\n<script type=\"application\/ld+json\" class=\"yoast-schema-graph\">{\"@context\":\"https:\\\/\\\/schema.org\",\"@graph\":[{\"@type\":\"WebPage\",\"@id\":\"https:\\\/\\\/goldenhorizontegypt.com\\\/product\\\/orange-bay-trip\\\/\",\"url\":\"https:\\\/\\\/goldenhorizontegypt.com\\\/product\\\/orange-bay-trip\\\/\",\"name\":\"Orange Bay: Snorkeling, Beach Relax - Golden Horizont Egypt\",\"isPartOf\":{\"@id\":\"https:\\\/\\\/goldenhorizontegypt.com\\\/#website\"},\"primaryImageOfPage\":{\"@id\":\"https:\\\/\\\/goldenhorizontegypt.com\\\/product\\\/orange-bay-trip\\\/#primaryimage\"},\"image\":{\"@id\":\"https:\\\/\\\/goldenhorizontegypt.com\\\/product\\\/orange-bay-trip\\\/#primaryimage\"},\"thumbnailUrl\":\"https:\\\/\\\/goldenhorizontegypt.com\\\/wp-content\\\/uploads\\\/2025\\\/09\\\/2c.jpg\",\"datePublished\":\"2025-09-08T07:28:16+00:00\",\"dateModified\":\"2026-01-02T18:07:03+00:00\",\"breadcrumb\":{\"@id\":\"https:\\\/\\\/goldenhorizontegypt.com\\\/product\\\/orange-bay-trip\\\/#breadcrumb\"},\"inLanguage\":\"ro-RO\",\"potentialAction\":[{\"@type\":\"ReadAction\",\"target\":[\"https:\\\/\\\/goldenhorizontegypt.com\\\/product\\\/orange-bay-trip\\\/\"]}]},{\"@type\":\"ImageObject\",\"inLanguage\":\"ro-RO\",\"@id\":\"https:\\\/\\\/goldenhorizontegypt.com\\\/product\\\/orange-bay-trip\\\/#primaryimage\",\"url\":\"https:\\\/\\\/goldenhorizontegypt.com\\\/wp-content\\\/uploads\\\/2025\\\/09\\\/2c.jpg\",\"contentUrl\":\"https:\\\/\\\/goldenhorizontegypt.com\\\/wp-content\\\/uploads\\\/2025\\\/09\\\/2c.jpg\",\"width\":669,\"height\":446},{\"@type\":\"BreadcrumbList\",\"@id\":\"https:\\\/\\\/goldenhorizontegypt.com\\\/product\\\/orange-bay-trip\\\/#breadcrumb\",\"itemListElement\":[{\"@type\":\"ListItem\",\"position\":1,\"name\":\"Home\",\"item\":\"https:\\\/\\\/goldenhorizontegypt.com\\\/\"},{\"@type\":\"ListItem\",\"position\":2,\"name\":\"Shop\",\"item\":\"https:\\\/\\\/goldenhorizontegypt.com\\\/shop\\\/\"},{\"@type\":\"ListItem\",\"position\":3,\"name\":\"Orange Bay: Snorkeling, Beach Relax\"}]},{\"@type\":\"WebSite\",\"@id\":\"https:\\\/\\\/goldenhorizontegypt.com\\\/#website\",\"url\":\"https:\\\/\\\/goldenhorizontegypt.com\\\/\",\"name\":\"Golden Horizont Egypt\",\"description\":\"\",\"potentialAction\":[{\"@type\":\"SearchAction\",\"target\":{\"@type\":\"EntryPoint\",\"urlTemplate\":\"https:\\\/\\\/goldenhorizontegypt.com\\\/?s={search_term_string}\"},\"query-input\":{\"@type\":\"PropertyValueSpecification\",\"valueRequired\":true,\"valueName\":\"search_term_string\"}}],\"inLanguage\":\"ro-RO\"}]}<\/script>\n<!-- \/ Yoast SEO plugin. -->","yoast_head_json":{"title":"Orange Bay: Snorkeling, Beach Relax - Golden Horizont Egypt","robots":{"index":"index","follow":"follow","max-snippet":"max-snippet:-1","max-image-preview":"max-image-preview:large","max-video-preview":"max-video-preview:-1"},"canonical":"https:\/\/goldenhorizontegypt.com\/ro\/produs\/orange-bay-trip\/","og_locale":"ro_RO","og_type":"article","og_title":"Orange Bay: Snorkeling, Beach Relax - Golden Horizont Egypt","og_description":"\ud83c\udfdd Orange Bay Island Adventure \u2013 Snorkel, Relax &amp; Play! Discover the stunning beauty of Orange Bay, nestled in the famous Giftun Islands, with this all-inclusive water sports day trip from Hurghada! This unforgettable escape combines relaxation, adventure, and fun in the crystal-clear waters of the Red Sea. \ud83c\udf0a What\u2019s Included in Your Day? \ud83d\ude90 [&hellip;]","og_url":"https:\/\/goldenhorizontegypt.com\/ro\/produs\/orange-bay-trip\/","og_site_name":"Golden Horizont Egypt","article_modified_time":"2026-01-02T18:07:03+00:00","og_image":[{"width":669,"height":446,"url":"https:\/\/goldenhorizontegypt.com\/wp-content\/uploads\/2025\/09\/2c.jpg","type":"image\/jpeg"}],"twitter_card":"summary_large_image","twitter_misc":{"Timp estimat pentru citire":"1 minut"},"schema":{"@context":"https:\/\/schema.org","@graph":[{"@type":"WebPage","@id":"https:\/\/goldenhorizontegypt.com\/product\/orange-bay-trip\/","url":"https:\/\/goldenhorizontegypt.com\/product\/orange-bay-trip\/","name":"Orange Bay: Snorkeling, Beach Relax - Golden Horizont Egypt","isPartOf":{"@id":"https:\/\/goldenhorizontegypt.com\/#website"},"primaryImageOfPage":{"@id":"https:\/\/goldenhorizontegypt.com\/product\/orange-bay-trip\/#primaryimage"},"image":{"@id":"https:\/\/goldenhorizontegypt.com\/product\/orange-bay-trip\/#primaryimage"},"thumbnailUrl":"https:\/\/goldenhorizontegypt.com\/wp-content\/uploads\/2025\/09\/2c.jpg","datePublished":"2025-09-08T07:28:16+00:00","dateModified":"2026-01-02T18:07:03+00:00","breadcrumb":{"@id":"https:\/\/goldenhorizontegypt.com\/product\/orange-bay-trip\/#breadcrumb"},"inLanguage":"ro-RO","potentialAction":[{"@type":"ReadAction","target":["https:\/\/goldenhorizontegypt.com\/product\/orange-bay-trip\/"]}]},{"@type":"ImageObject","inLanguage":"ro-RO","@id":"https:\/\/goldenhorizontegypt.com\/product\/orange-bay-trip\/#primaryimage","url":"https:\/\/goldenhorizontegypt.com\/wp-content\/uploads\/2025\/09\/2c.jpg","contentUrl":"https:\/\/goldenhorizontegypt.com\/wp-content\/uploads\/2025\/09\/2c.jpg","width":669,"height":446},{"@type":"BreadcrumbList","@id":"https:\/\/goldenhorizontegypt.com\/product\/orange-bay-trip\/#breadcrumb","itemListElement":[{"@type":"ListItem","position":1,"name":"Home","item":"https:\/\/goldenhorizontegypt.com\/"},{"@type":"ListItem","position":2,"name":"Shop","item":"https:\/\/goldenhorizontegypt.com\/shop\/"},{"@type":"ListItem","position":3,"name":"Orange Bay: Snorkeling, Beach Relax"}]},{"@type":"WebSite","@id":"https:\/\/goldenhorizontegypt.com\/#website","url":"https:\/\/goldenhorizontegypt.com\/","name":"Orizont de Aur Egipt","description":"","potentialAction":[{"@type":"SearchAction","target":{"@type":"EntryPoint","urlTemplate":"https:\/\/goldenhorizontegypt.com\/?s={search_term_string}"},"query-input":{"@type":"PropertyValueSpecification","valueRequired":true,"valueName":"search_term_string"}}],"inLanguage":"ro-RO"}]}},"_links":{"self":[{"href":"https:\/\/goldenhorizontegypt.com\/ro\/wp-json\/wp\/v2\/product\/9925","targetHints":{"allow":["GET"]}}],"collection":[{"href":"https:\/\/goldenhorizontegypt.com\/ro\/wp-json\/wp\/v2\/product"}],"about":[{"href":"https:\/\/goldenhorizontegypt.com\/ro\/wp-json\/wp\/v2\/types\/product"}],"replies":[{"embeddable":true,"href":"https:\/\/goldenhorizontegypt.com\/ro\/wp-json\/wp\/v2\/comments?post=9925"}],"wp:featuredmedia":[{"embeddable":true,"href":"https:\/\/goldenhorizontegypt.com\/ro\/wp-json\/wp\/v2\/media\/9928"}],"wp:attachment":[{"href":"https:\/\/goldenhorizontegypt.com\/ro\/wp-json\/wp\/v2\/media?parent=9925"}],"wp:term":[{"taxonomy":"product_brand","embeddable":true,"href":"https:\/\/goldenhorizontegypt.com\/ro\/wp-json\/wp\/v2\/product_brand?post=9925"},{"taxonomy":"product_cat","embeddable":true,"href":"https:\/\/goldenhorizontegypt.com\/ro\/wp-json\/wp\/v2\/product_cat?post=9925"},{"taxonomy":"product_tag","embeddable":true,"href":"https:\/\/goldenhorizontegypt.com\/ro\/wp-json\/wp\/v2\/product_tag?post=9925"}],"curies":[{"name":"wp","href":"https:\/\/api.w.org\/{rel}","templated":true}]}}