{"id":9917,"date":"2025-09-08T07:17:16","date_gmt":"2025-09-08T07:17:16","guid":{"rendered":"https:\/\/goldenhorizontegypt.com\/?post_type=product&#038;p=9917"},"modified":"2025-11-28T15:09:53","modified_gmt":"2025-11-28T15:09:53","slug":"private-boat-trip","status":"publish","type":"product","link":"https:\/\/goldenhorizontegypt.com\/ro\/produs\/private-boat-trip\/","title":{"rendered":"Barc\u0103 privat\u0103 la Marea Ro\u0219ie: Snorkel, delfini \u0219i relaxare"},"content":{"rendered":"<h3 data-start=\"75\" data-end=\"152\"><strong data-start=\"79\" data-end=\"152\">\ud83d\udea4 Aventur\u0103 privat\u0103 cu barca \u00een Marea Ro\u0219ie - explorare, \u00eenot \u0219i relaxare \u00een Hurghada<\/strong><\/h3>\n<p data-start=\"154\" data-end=\"374\">Sc\u0103pa\u021bi de agita\u021bia \u0219i agita\u021bia plajelor aglomerate din Hurghada \u0219i \u00eembarca\u021bi-v\u0103 pe o <strong data-start=\"229\" data-end=\"282\">c\u0103l\u0103torie cu barca privat\u0103 prin uimitoarea Mare Ro\u0219ie!<\/strong> Aceast\u0103 excursie exclusivist\u0103 promite lini\u0219te, priveli\u0219ti uluitoare \u0219i amintiri de neuitat.<\/p>\n<h4 data-start=\"376\" data-end=\"406\"><strong data-start=\"381\" data-end=\"404\">\ud83c\udf0a What Awaits You?<\/strong><\/h4>\n<ul data-start=\"407\" data-end=\"1092\">\n<li data-start=\"407\" data-end=\"556\">\n<p data-start=\"409\" data-end=\"556\"><strong data-start=\"409\" data-end=\"436\">\ud83d\udc20 Paradisul snorkelingului:<\/strong> Scufunda\u021bi-v\u0103 \u00een ape cristaline cu <strong data-start=\"473\" data-end=\"503\">echipament de snorkel gratuit<\/strong> \u0219i descoperi\u021bi recife de corali colorate \u0219i pe\u0219ti exotici.<\/p>\n<\/li>\n<li data-start=\"557\" data-end=\"685\">\n<p data-start=\"559\" data-end=\"685\"><strong data-start=\"559\" data-end=\"583\">\ud83d\udc2c Observarea delfinilor:<\/strong> Fi\u021bi aten\u021bi la delfinii juc\u0103u\u0219i care \u00eenoat\u0103 pe l\u00e2ng\u0103 barca dumneavoastr\u0103 - este o priveli\u0219te magic\u0103 pe care nu o ve\u021bi uita!<\/p>\n<\/li>\n<li data-start=\"686\" data-end=\"810\">\n<p data-start=\"688\" data-end=\"810\"><strong data-start=\"688\" data-end=\"710\">\u2600\ufe0f Soare &amp; Serenitate:<\/strong> Relaxa\u021bi-v\u0103 pe terasa spa\u021bioas\u0103, face\u021bi plaj\u0103 sub soarele egiptean cald \u0219i sim\u021bi\u021bi briza bl\u00e2nd\u0103 a m\u0103rii.<\/p>\n<\/li>\n<li data-start=\"811\" data-end=\"934\">\n<p data-start=\"813\" data-end=\"934\"><strong data-start=\"813\" data-end=\"841\">\ud83e\udd64 R\u0103coritoare la bord:<\/strong> Bucura\u021bi-v\u0103 de o varietate de <strong data-start=\"861\" data-end=\"887\">gust\u0103ri \u0219i b\u0103uturi r\u0103coritoare<\/strong>, men\u021bin\u00e2ndu-v\u0103 odihnit pe tot parcursul c\u0103l\u0103toriei.<\/p>\n<\/li>\n<li data-start=\"935\" data-end=\"1092\">\n<p data-start=\"937\" data-end=\"1092\"><strong data-start=\"937\" data-end=\"970\">\ud83d\udc68\u200d\u2708\ufe0f Privat &amp; Personalizat:<\/strong> Cu un charter privat, beneficia\u021bi de o experien\u021b\u0103 complet personalizat\u0103, fie c\u0103 dori\u021bi s\u0103 \u00eenota\u021bi, s\u0103 v\u0103 relaxa\u021bi sau s\u0103 explora\u021bi bijuterii ascunse.<\/p>\n<\/li>\n<\/ul>\n<h4 data-start=\"1094\" data-end=\"1134\"><strong data-start=\"1099\" data-end=\"1132\">\u2728 De ce s\u0103 alegi aceast\u0103 experien\u021b\u0103?<\/strong><\/h4>\n<ul data-start=\"1135\" data-end=\"1364\">\n<li data-start=\"1135\" data-end=\"1200\">\n<p data-start=\"1137\" data-end=\"1200\">Evita\u021bi locurile turistice aglomerate \u0219i bucura\u021bi-v\u0103 de un <strong data-start=\"1178\" data-end=\"1197\">evadare intim\u0103<\/strong>.<\/p>\n<\/li>\n<li data-start=\"1201\" data-end=\"1280\">\n<p data-start=\"1203\" data-end=\"1280\">Perfect pentru cupluri, familii sau prieteni care caut\u0103 un <strong data-start=\"1255\" data-end=\"1277\">zi special\u0103 pe mare<\/strong>.<\/p>\n<\/li>\n<li data-start=\"1281\" data-end=\"1364\">\n<p data-start=\"1283\" data-end=\"1364\">Durate flexibile pentru a se potrivi planurilor dumneavoastr\u0103 - de la c\u00e2teva ore la o aventur\u0103 de o zi \u00eentreag\u0103.<\/p>\n<\/li>\n<\/ul>\n<p data-start=\"1366\" data-end=\"1456\"><strong data-start=\"1366\" data-end=\"1454\">Naviga\u021bi pentru o zi de fericire pur\u0103, aventur\u0103 \u0219i priveli\u0219ti de neuitat ale M\u0103rii Ro\u0219ii!<\/strong><\/p>\n<h3 data-start=\"2198\" data-end=\"2225\"><strong data-start=\"2205\" data-end=\"2223\">\ud83e\udd11 Pre\u021bul excursiei\u00a0 \u00a0 \u00a0 <\/strong><\/h3>\n<h3 data-start=\"2198\" data-end=\"2225\"><strong data-start=\"2205\" data-end=\"2223\">\u00a0 .\u00a0 \u00a0 \u00a0 \u00a0 \u00a0 \u00a0 990 \u20ac\u00a0<\/strong><\/h3>\n<h3 data-start=\"2198\" data-end=\"2225\"><strong data-start=\"2205\" data-end=\"2223\">Plata \u00een USD ($ \ud83c\uddfa\ud83c\uddf8) \u00een loc de EUR (\u20ac \ud83c\uddea\ud83c\uddfa) este disponibil\u0103 \u00een func\u021bie de cursul bancar zilnic.<\/strong><\/h3>\n<p><strong>Rezerv\u0103 prin WhatsApp:<\/strong><\/p>\n<p><a href=\"https:\/\/api.whatsapp.com\/send\/?phone=01021058859\" target=\"_blank\" rel=\"noopener\">\u00a0<img decoding=\"async\" class=\"alignnone wp-image-2058\" src=\"https:\/\/poehalisnamiegypt.com\/wp-content\/uploads\/2024\/02\/pngwing.com_-300x300.png\" sizes=\"auto, (max-width: 35px) 100vw, 35px\" srcset=\"https:\/\/poehalisnamiegypt.com\/wp-content\/uploads\/2024\/02\/pngwing.com_-300x300.png 300w, https:\/\/poehalisnamiegypt.com\/wp-content\/uploads\/2024\/02\/pngwing.com_-150x150.png 150w, https:\/\/poehalisnamiegypt.com\/wp-content\/uploads\/2024\/02\/pngwing.com_.png 584w\" alt=\"\" width=\"53\" height=\"53\" \/><\/a><\/p>\n<p data-start=\"1366\" data-end=\"1456\">\n<div id=\"gtx-trans\" style=\"position: absolute; left: 204px; top: 3.9125px;\">\n<div class=\"gtx-trans-icon\"><\/div>\n<\/div>\n<div id=\"gtx-trans\" style=\"position: absolute; left: 204px; top: 3.9125px;\">\n<div class=\"gtx-trans-icon\"><\/div>\n<\/div>","protected":false},"excerpt":{"rendered":"<p>\ud83d\udea4 Private Red Sea Boat Adventure \u2013 Explore, Swim &amp; Relax in Hurghada Escape the hustle and bustle of Hurghada\u2019s crowded beaches and embark on a private boat journey across the stunning Red Sea! This exclusive trip promises tranquility, breathtaking views, and unforgettable memories. \ud83c\udf0a What Awaits You? \ud83d\udc20 Snorkeling Paradise: Dive into crystal-clear waters [&hellip;]<\/p>\n","protected":false},"featured_media":9922,"comment_status":"open","ping_status":"closed","template":"","meta":[],"product_brand":[],"product_cat":[68],"product_tag":[],"class_list":{"0":"post-9917","1":"product","2":"type-product","3":"status-publish","4":"has-post-thumbnail","6":"product_cat-sea","8":"first","9":"instock","10":"shipping-taxable","11":"purchasable","12":"product-type-ovabrw_car_rental"},"yoast_head":"<!-- This site is optimized with the Yoast SEO plugin v27.5 - https:\/\/yoast.com\/product\/yoast-seo-wordpress\/ -->\n<title>Private Red Sea Boat: Snorkel, Dolphins &amp; Relax - Golden Horizont Egypt<\/title>\n<meta name=\"robots\" content=\"index, follow, max-snippet:-1, max-image-preview:large, max-video-preview:-1\" \/>\n<link rel=\"canonical\" href=\"https:\/\/goldenhorizontegypt.com\/ro\/produs\/private-boat-trip\/\" \/>\n<meta property=\"og:locale\" content=\"ro_RO\" \/>\n<meta property=\"og:type\" content=\"article\" \/>\n<meta property=\"og:title\" content=\"Private Red Sea Boat: Snorkel, Dolphins &amp; Relax - Golden Horizont Egypt\" \/>\n<meta property=\"og:description\" content=\"\ud83d\udea4 Private Red Sea Boat Adventure \u2013 Explore, Swim &amp; Relax in Hurghada Escape the hustle and bustle of Hurghada\u2019s crowded beaches and embark on a private boat journey across the stunning Red Sea! This exclusive trip promises tranquility, breathtaking views, and unforgettable memories. \ud83c\udf0a What Awaits You? \ud83d\udc20 Snorkeling Paradise: Dive into crystal-clear waters [&hellip;]\" \/>\n<meta property=\"og:url\" content=\"https:\/\/goldenhorizontegypt.com\/ro\/produs\/private-boat-trip\/\" \/>\n<meta property=\"og:site_name\" content=\"Golden Horizont Egypt\" \/>\n<meta property=\"article:modified_time\" content=\"2025-11-28T15:09:53+00:00\" \/>\n<meta property=\"og:image\" content=\"https:\/\/goldenhorizontegypt.com\/wp-content\/uploads\/2025\/09\/421_private-boat-tour-to-capri-island.jpg\" \/>\n\t<meta property=\"og:image:width\" content=\"616\" \/>\n\t<meta property=\"og:image:height\" content=\"462\" \/>\n\t<meta property=\"og:image:type\" content=\"image\/jpeg\" \/>\n<meta name=\"twitter:card\" content=\"summary_large_image\" \/>\n<meta name=\"twitter:label1\" content=\"Timp estimat pentru citire\" \/>\n\t<meta name=\"twitter:data1\" content=\"1 minut\" \/>\n<script type=\"application\/ld+json\" class=\"yoast-schema-graph\">{\"@context\":\"https:\\\/\\\/schema.org\",\"@graph\":[{\"@type\":\"WebPage\",\"@id\":\"https:\\\/\\\/goldenhorizontegypt.com\\\/product\\\/private-boat-trip\\\/\",\"url\":\"https:\\\/\\\/goldenhorizontegypt.com\\\/product\\\/private-boat-trip\\\/\",\"name\":\"Private Red Sea Boat: Snorkel, Dolphins & Relax - Golden Horizont Egypt\",\"isPartOf\":{\"@id\":\"https:\\\/\\\/goldenhorizontegypt.com\\\/#website\"},\"primaryImageOfPage\":{\"@id\":\"https:\\\/\\\/goldenhorizontegypt.com\\\/product\\\/private-boat-trip\\\/#primaryimage\"},\"image\":{\"@id\":\"https:\\\/\\\/goldenhorizontegypt.com\\\/product\\\/private-boat-trip\\\/#primaryimage\"},\"thumbnailUrl\":\"https:\\\/\\\/goldenhorizontegypt.com\\\/wp-content\\\/uploads\\\/2025\\\/09\\\/421_private-boat-tour-to-capri-island.jpg\",\"datePublished\":\"2025-09-08T07:17:16+00:00\",\"dateModified\":\"2025-11-28T15:09:53+00:00\",\"breadcrumb\":{\"@id\":\"https:\\\/\\\/goldenhorizontegypt.com\\\/product\\\/private-boat-trip\\\/#breadcrumb\"},\"inLanguage\":\"ro-RO\",\"potentialAction\":[{\"@type\":\"ReadAction\",\"target\":[\"https:\\\/\\\/goldenhorizontegypt.com\\\/product\\\/private-boat-trip\\\/\"]}]},{\"@type\":\"ImageObject\",\"inLanguage\":\"ro-RO\",\"@id\":\"https:\\\/\\\/goldenhorizontegypt.com\\\/product\\\/private-boat-trip\\\/#primaryimage\",\"url\":\"https:\\\/\\\/goldenhorizontegypt.com\\\/wp-content\\\/uploads\\\/2025\\\/09\\\/421_private-boat-tour-to-capri-island.jpg\",\"contentUrl\":\"https:\\\/\\\/goldenhorizontegypt.com\\\/wp-content\\\/uploads\\\/2025\\\/09\\\/421_private-boat-tour-to-capri-island.jpg\",\"width\":616,\"height\":462},{\"@type\":\"BreadcrumbList\",\"@id\":\"https:\\\/\\\/goldenhorizontegypt.com\\\/product\\\/private-boat-trip\\\/#breadcrumb\",\"itemListElement\":[{\"@type\":\"ListItem\",\"position\":1,\"name\":\"Home\",\"item\":\"https:\\\/\\\/goldenhorizontegypt.com\\\/\"},{\"@type\":\"ListItem\",\"position\":2,\"name\":\"Shop\",\"item\":\"https:\\\/\\\/goldenhorizontegypt.com\\\/shop\\\/\"},{\"@type\":\"ListItem\",\"position\":3,\"name\":\"Private Red Sea Boat: Snorkel, Dolphins &#038; Relax\"}]},{\"@type\":\"WebSite\",\"@id\":\"https:\\\/\\\/goldenhorizontegypt.com\\\/#website\",\"url\":\"https:\\\/\\\/goldenhorizontegypt.com\\\/\",\"name\":\"Golden Horizont Egypt\",\"description\":\"\",\"potentialAction\":[{\"@type\":\"SearchAction\",\"target\":{\"@type\":\"EntryPoint\",\"urlTemplate\":\"https:\\\/\\\/goldenhorizontegypt.com\\\/?s={search_term_string}\"},\"query-input\":{\"@type\":\"PropertyValueSpecification\",\"valueRequired\":true,\"valueName\":\"search_term_string\"}}],\"inLanguage\":\"ro-RO\"}]}<\/script>\n<!-- \/ Yoast SEO plugin. -->","yoast_head_json":{"title":"Private Red Sea Boat: Snorkel, Dolphins & Relax - Golden Horizont Egypt","robots":{"index":"index","follow":"follow","max-snippet":"max-snippet:-1","max-image-preview":"max-image-preview:large","max-video-preview":"max-video-preview:-1"},"canonical":"https:\/\/goldenhorizontegypt.com\/ro\/produs\/private-boat-trip\/","og_locale":"ro_RO","og_type":"article","og_title":"Private Red Sea Boat: Snorkel, Dolphins & Relax - Golden Horizont Egypt","og_description":"\ud83d\udea4 Private Red Sea Boat Adventure \u2013 Explore, Swim &amp; Relax in Hurghada Escape the hustle and bustle of Hurghada\u2019s crowded beaches and embark on a private boat journey across the stunning Red Sea! This exclusive trip promises tranquility, breathtaking views, and unforgettable memories. \ud83c\udf0a What Awaits You? \ud83d\udc20 Snorkeling Paradise: Dive into crystal-clear waters [&hellip;]","og_url":"https:\/\/goldenhorizontegypt.com\/ro\/produs\/private-boat-trip\/","og_site_name":"Golden Horizont Egypt","article_modified_time":"2025-11-28T15:09:53+00:00","og_image":[{"width":616,"height":462,"url":"https:\/\/goldenhorizontegypt.com\/wp-content\/uploads\/2025\/09\/421_private-boat-tour-to-capri-island.jpg","type":"image\/jpeg"}],"twitter_card":"summary_large_image","twitter_misc":{"Timp estimat pentru citire":"1 minut"},"schema":{"@context":"https:\/\/schema.org","@graph":[{"@type":"WebPage","@id":"https:\/\/goldenhorizontegypt.com\/product\/private-boat-trip\/","url":"https:\/\/goldenhorizontegypt.com\/product\/private-boat-trip\/","name":"Private Red Sea Boat: Snorkel, Dolphins & Relax - Golden Horizont Egypt","isPartOf":{"@id":"https:\/\/goldenhorizontegypt.com\/#website"},"primaryImageOfPage":{"@id":"https:\/\/goldenhorizontegypt.com\/product\/private-boat-trip\/#primaryimage"},"image":{"@id":"https:\/\/goldenhorizontegypt.com\/product\/private-boat-trip\/#primaryimage"},"thumbnailUrl":"https:\/\/goldenhorizontegypt.com\/wp-content\/uploads\/2025\/09\/421_private-boat-tour-to-capri-island.jpg","datePublished":"2025-09-08T07:17:16+00:00","dateModified":"2025-11-28T15:09:53+00:00","breadcrumb":{"@id":"https:\/\/goldenhorizontegypt.com\/product\/private-boat-trip\/#breadcrumb"},"inLanguage":"ro-RO","potentialAction":[{"@type":"ReadAction","target":["https:\/\/goldenhorizontegypt.com\/product\/private-boat-trip\/"]}]},{"@type":"ImageObject","inLanguage":"ro-RO","@id":"https:\/\/goldenhorizontegypt.com\/product\/private-boat-trip\/#primaryimage","url":"https:\/\/goldenhorizontegypt.com\/wp-content\/uploads\/2025\/09\/421_private-boat-tour-to-capri-island.jpg","contentUrl":"https:\/\/goldenhorizontegypt.com\/wp-content\/uploads\/2025\/09\/421_private-boat-tour-to-capri-island.jpg","width":616,"height":462},{"@type":"BreadcrumbList","@id":"https:\/\/goldenhorizontegypt.com\/product\/private-boat-trip\/#breadcrumb","itemListElement":[{"@type":"ListItem","position":1,"name":"Home","item":"https:\/\/goldenhorizontegypt.com\/"},{"@type":"ListItem","position":2,"name":"Shop","item":"https:\/\/goldenhorizontegypt.com\/shop\/"},{"@type":"ListItem","position":3,"name":"Private Red Sea Boat: Snorkel, Dolphins &#038; Relax"}]},{"@type":"WebSite","@id":"https:\/\/goldenhorizontegypt.com\/#website","url":"https:\/\/goldenhorizontegypt.com\/","name":"Orizont de Aur Egipt","description":"","potentialAction":[{"@type":"SearchAction","target":{"@type":"EntryPoint","urlTemplate":"https:\/\/goldenhorizontegypt.com\/?s={search_term_string}"},"query-input":{"@type":"PropertyValueSpecification","valueRequired":true,"valueName":"search_term_string"}}],"inLanguage":"ro-RO"}]}},"_links":{"self":[{"href":"https:\/\/goldenhorizontegypt.com\/ro\/wp-json\/wp\/v2\/product\/9917","targetHints":{"allow":["GET"]}}],"collection":[{"href":"https:\/\/goldenhorizontegypt.com\/ro\/wp-json\/wp\/v2\/product"}],"about":[{"href":"https:\/\/goldenhorizontegypt.com\/ro\/wp-json\/wp\/v2\/types\/product"}],"replies":[{"embeddable":true,"href":"https:\/\/goldenhorizontegypt.com\/ro\/wp-json\/wp\/v2\/comments?post=9917"}],"wp:featuredmedia":[{"embeddable":true,"href":"https:\/\/goldenhorizontegypt.com\/ro\/wp-json\/wp\/v2\/media\/9922"}],"wp:attachment":[{"href":"https:\/\/goldenhorizontegypt.com\/ro\/wp-json\/wp\/v2\/media?parent=9917"}],"wp:term":[{"taxonomy":"product_brand","embeddable":true,"href":"https:\/\/goldenhorizontegypt.com\/ro\/wp-json\/wp\/v2\/product_brand?post=9917"},{"taxonomy":"product_cat","embeddable":true,"href":"https:\/\/goldenhorizontegypt.com\/ro\/wp-json\/wp\/v2\/product_cat?post=9917"},{"taxonomy":"product_tag","embeddable":true,"href":"https:\/\/goldenhorizontegypt.com\/ro\/wp-json\/wp\/v2\/product_tag?post=9917"}],"curies":[{"name":"wp","href":"https:\/\/api.w.org\/{rel}","templated":true}]}}