{"id":9906,"date":"2025-09-07T11:52:00","date_gmt":"2025-09-07T11:52:00","guid":{"rendered":"https:\/\/goldenhorizontegypt.com\/?post_type=product&#038;p=9906"},"modified":"2025-11-29T14:47:57","modified_gmt":"2025-11-29T14:47:57","slug":"cairo-over-night-trip","status":"publish","type":"product","link":"https:\/\/goldenhorizontegypt.com\/ro\/produs\/cairo-over-night-trip\/","title":{"rendered":"Cairo Overnight : Piramide, muzeu \u0219i Cairo vechi"},"content":{"rendered":"<h3 data-start=\"149\" data-end=\"222\">\ud83c\udf0d <strong data-start=\"156\" data-end=\"220\">Descoperi\u021bi Egiptul cu calitate de neegalat \u0219i servicii personalizate<\/strong><\/h3>\n<p data-start=\"224\" data-end=\"486\">La <strong data-start=\"227\" data-end=\"252\">Cairo-Overnight Tours<\/strong>, noi credem c\u0103 <strong data-start=\"270\" data-end=\"319\">calitatea excelent\u0103 nu trebuie niciodat\u0103 compromis\u0103<\/strong>. Cu peste <strong data-start=\"331\" data-end=\"381\">20 de ani de experien\u021b\u0103 \u00een industria turismului<\/strong>, misiunea noastr\u0103 este s\u0103 v\u0103 oferim <strong data-start=\"418\" data-end=\"483\">experien\u021be unice, autentice \u0219i de neuitat \u00een Egipt<\/strong>.<\/p>\n<p data-start=\"224\" data-end=\"486\">\u2728 \u00cen prima ta zi,<\/p>\n<p data-start=\"224\" data-end=\"486\">R\u0103m\u00e2ne\u021bi uimit \u00een fa\u021ba legendarelor Piramide din Giza \u0219i a eternului Sfinx, apoi descoperi\u021bi comori nepre\u021buite la Muzeul Egiptean. Pe m\u0103sur\u0103 ce soarele apune, bucura\u021bi-v\u0103 de o plimbare lini\u0219tit\u0103 pe Nil \u00eenainte de a v\u0103 caza la hotel. Seara se \u00eencheie cu o cin\u0103 tradi\u021bional\u0103 delicioas\u0103 \u0219i cu farmecul vibrant al Bazarului Khan El Khalili.<\/p>\n<p data-start=\"224\" data-end=\"486\">\ud83c\udf05 \u00cen diminea\u021ba urm\u0103toare,<\/p>\n<p data-start=\"224\" data-end=\"486\">dup\u0103 un mic dejun copios, explora\u021bi maiestuoasa Citadel\u0103 Salah El-Din \u00eenainte de a v\u0103 continua aventura spre \u021b\u0103rmurile str\u0103lucitoare din Hurghada.<\/p>\n<hr data-start=\"488\" data-end=\"491\" \/>\n<h3 data-start=\"493\" data-end=\"529\">\ud83d\udde3\ufe0f <strong data-start=\"501\" data-end=\"527\">Vorbim limba ta<\/strong><\/h3>\n<ul data-start=\"530\" data-end=\"594\">\n<li>polonez\u0103<\/li>\n<li>francez\u0103<\/li>\n<li>Englez\u0103<\/li>\n<li>german\u0103<\/li>\n<li>portughez\u0103<\/li>\n<li>spaniol\u0103<\/li>\n<li>...\u0219i multe altele!<\/li>\n<\/ul>\n<p data-start=\"596\" data-end=\"678\">Indiferent de unde veni\u021bi, v\u0103 asigur\u0103m o comunicare u\u0219oar\u0103 \u0219i o atingere personalizat\u0103.<\/p>\n<hr data-start=\"680\" data-end=\"683\" \/>\n<h3 data-start=\"685\" data-end=\"719\">\ud83c\udfdb\ufe0f <strong data-start=\"693\" data-end=\"717\">Tururile \u0219i pachetele noastre<\/strong><\/h3>\n<ul data-start=\"720\" data-end=\"1005\">\n<li data-start=\"720\" data-end=\"797\">\n<p data-start=\"722\" data-end=\"797\"><strong data-start=\"722\" data-end=\"747\">Layover &amp; Tururi zilnice<\/strong>: De la excursii de 5 ore la aventuri de o zi \u00eentreag\u0103.<\/p>\n<\/li>\n<li data-start=\"798\" data-end=\"903\">\n<p data-start=\"800\" data-end=\"903\"><strong data-start=\"800\" data-end=\"822\">Pachete pentru mai multe zile<\/strong>: Explora\u021bi comorile Egiptului pe parcursul a c\u00e2teva zile cu ajutorul unor itinerarii atent elaborate.<\/p>\n<\/li>\n<li data-start=\"904\" data-end=\"1005\">\n<p data-start=\"906\" data-end=\"1005\"><strong data-start=\"906\" data-end=\"932\">Experien\u021be personalizate<\/strong>: Afaceri, asisten\u021b\u0103 medical\u0103 sau tururi private concepute special pentru dumneavoastr\u0103.<\/p>\n<\/li>\n<\/ul>\n<hr data-start=\"1007\" data-end=\"1010\" \/>\n<h3 data-start=\"1012\" data-end=\"1057\">\ud83d\udd0e <strong data-start=\"1019\" data-end=\"1055\">Descoperi\u021bi bijuteriile ascunse ale Egiptului<\/strong><\/h3>\n<ul data-start=\"1058\" data-end=\"1248\">\n<li data-start=\"1058\" data-end=\"1122\">\n<p data-start=\"1060\" data-end=\"1122\">Plimba\u021bi-v\u0103 pe <strong data-start=\"1071\" data-end=\"1087\">str\u0103zi l\u0103turalnice<\/strong> \u0219i descoperi\u021bi obiective turistice fascinante.<\/p>\n<\/li>\n<li data-start=\"1123\" data-end=\"1175\">\n<p data-start=\"1125\" data-end=\"1175\">Experien\u021b\u0103 <strong data-start=\"1136\" data-end=\"1172\">alimente, cultur\u0103 \u0219i tradi\u021bii locale<\/strong>.<\/p>\n<\/li>\n<li data-start=\"1176\" data-end=\"1248\">\n<p data-start=\"1178\" data-end=\"1248\">Implic\u0103-te cu <strong data-start=\"1190\" data-end=\"1204\">via\u021ba local\u0103<\/strong> \u00eentr-un mod pe care numai adev\u0103ra\u021bii cunosc\u0103tori vi-l pot ar\u0103ta.<\/p>\n<\/li>\n<\/ul>\n<hr data-start=\"1250\" data-end=\"1253\" \/>\n<h3 data-start=\"1255\" data-end=\"1292\">\ud83e\udd1d <strong data-start=\"1262\" data-end=\"1290\">Personalizat doar pentru tine<\/strong><\/h3>\n<p data-start=\"1293\" data-end=\"1486\">Nu a\u021bi putut g\u0103si turul exact pe care \u00eel c\u0103uta\u021bi? <strong data-start=\"1344\" data-end=\"1367\">Contacta\u021bi-ne oric\u00e2nd!<\/strong><br data-start=\"1367\" data-end=\"1370\" \/>Speciali\u0219tii no\u0219tri dedica\u021bi vor lucra \u00eendeaproape cu dvs. pentru a <strong data-start=\"1426\" data-end=\"1469\">ajustarea, ad\u0103ugarea sau reproiectarea itinerariului dvs.<\/strong> pentru a se potrivi cu dumneavoastr\u0103:<\/p>\n<ul data-start=\"1487\" data-end=\"1554\">\n<li data-start=\"1487\" data-end=\"1508\">\n<p data-start=\"1489\" data-end=\"1508\"><strong data-start=\"1489\" data-end=\"1503\">Interval de timp<\/strong> \u23f1\ufe0f<\/p>\n<\/li>\n<li data-start=\"1509\" data-end=\"1526\">\n<p data-start=\"1511\" data-end=\"1526\"><strong data-start=\"1511\" data-end=\"1521\">Buget<\/strong> \ud83d\udcb0<\/p>\n<\/li>\n<li data-start=\"1527\" data-end=\"1554\">\n<p data-start=\"1529\" data-end=\"1554\"><strong data-start=\"1529\" data-end=\"1549\">Cereri speciale<\/strong> \ud83d\udcdd<\/p>\n<\/li>\n<\/ul>\n<p data-start=\"1556\" data-end=\"1649\">Garant\u0103m un r\u0103spuns \u00een termen de <strong data-start=\"1587\" data-end=\"1599\">24 de ore<\/strong> pentru a v\u0103 face vacan\u021ba sau c\u0103l\u0103toria de afaceri f\u0103r\u0103 probleme.<\/p>\n<hr data-start=\"1651\" data-end=\"1654\" \/>\n<h3 data-start=\"1656\" data-end=\"1682\">\ud83d\ude90 <strong data-start=\"1663\" data-end=\"1680\">Ce oferim<\/strong><\/h3>\n<ul data-start=\"1683\" data-end=\"1886\">\n<li data-start=\"1683\" data-end=\"1716\">\n<p data-start=\"1685\" data-end=\"1716\">Excursii private de o jum\u0103tate de zi \u0219i de o zi \u00eentreag\u0103<\/p>\n<\/li>\n<li data-start=\"1717\" data-end=\"1750\">\n<p data-start=\"1719\" data-end=\"1750\">Asisten\u021b\u0103 medical\u0103 \u0219i de afaceri<\/p>\n<\/li>\n<li data-start=\"1751\" data-end=\"1818\">\n<p data-start=\"1753\" data-end=\"1818\">Calificat, onest \u0219i informativ <strong data-start=\"1788\" data-end=\"1816\">ghizi \u0219i \u0219oferi priva\u021bi<\/strong><\/p>\n<\/li>\n<li data-start=\"1819\" data-end=\"1886\">\n<p data-start=\"1821\" data-end=\"1886\">Itinerarii flexibile - chiar <strong data-start=\"1849\" data-end=\"1884\">modific\u0103rile de ultim moment sunt binevenite<\/strong><\/p>\n<\/li>\n<\/ul>\n<hr data-start=\"1888\" data-end=\"1891\" \/>\n<h3 data-start=\"1893\" data-end=\"1917\">\u2764\ufe0f <strong data-start=\"1900\" data-end=\"1915\">Promisiunea noastr\u0103<\/strong><\/h3>\n<p data-start=\"1918\" data-end=\"2065\">A\u021bi muncit din greu \u0219i a\u021bi visat s\u0103 vizita\u021bi Egiptul - noi suntem aici pentru a <strong data-start=\"1986\" data-end=\"2015\">face\u021bi ca visul dvs. s\u0103 devin\u0103 realitate<\/strong>. Fie c\u0103 este vorba de agrement sau de afaceri, vom:<\/p>\n<ul data-start=\"2066\" data-end=\"2191\">\n<li data-start=\"2066\" data-end=\"2083\">\n<p data-start=\"2068\" data-end=\"2083\">S\u0103 v\u0103 \u00eenso\u021beasc\u0103<\/p>\n<\/li>\n<li data-start=\"2084\" data-end=\"2108\">\n<p data-start=\"2086\" data-end=\"2108\">Naviga\u021bi \u0219i traduce\u021bi<\/p>\n<\/li>\n<li data-start=\"2109\" data-end=\"2191\">\n<p data-start=\"2111\" data-end=\"2191\">Asigura\u021bi-v\u0103 c\u0103 experien\u021ba dvs. este <strong data-start=\"2137\" data-end=\"2189\">f\u0103r\u0103 probleme, privilegiat\u0103 \u0219i cu adev\u0103rat personalizat\u0103<\/strong><\/p>\n<\/li>\n<\/ul>\n<hr data-start=\"2193\" data-end=\"2196\" \/>\n<h3 data-start=\"2198\" data-end=\"2225\">\ud83c\udf1f <strong data-start=\"2205\" data-end=\"2223\">De ce s\u0103 ne alege\u021bi?<\/strong><\/h3>\n<ul data-start=\"2226\" data-end=\"2413\">\n<li data-start=\"2226\" data-end=\"2260\">\n<p data-start=\"2228\" data-end=\"2260\">Peste <strong data-start=\"2233\" data-end=\"2258\">20 de ani de expertiz\u0103<\/strong><\/p>\n<\/li>\n<li data-start=\"2261\" data-end=\"2309\">\n<p data-start=\"2263\" data-end=\"2309\"><strong data-start=\"2263\" data-end=\"2280\">Perspective locale<\/strong> de la profesioni\u0219ti de \u00eencredere<\/p>\n<\/li>\n<li data-start=\"2310\" data-end=\"2357\">\n<p data-start=\"2312\" data-end=\"2357\">Tururi care se potrivesc <strong data-start=\"2327\" data-end=\"2355\">programul \u0219i bugetul dvs.<\/strong><\/p>\n<\/li>\n<li data-start=\"2358\" data-end=\"2413\">\n<p data-start=\"2360\" data-end=\"2413\">Angajamentul de a v\u0103 face <strong data-start=\"2386\" data-end=\"2411\">vacan\u021b\u0103 de neuitat<\/strong><\/p>\n<\/li>\n<\/ul>\n<hr data-start=\"2193\" data-end=\"2196\" \/>\n<h3 data-start=\"2198\" data-end=\"2225\"><strong data-start=\"2205\" data-end=\"2223\">\ud83e\udd11 Pre\u021bul excursiei<\/strong><\/h3>\n<ul data-start=\"2226\" data-end=\"2413\">\n<li data-start=\"2226\" data-end=\"2260\">\n<p data-start=\"2228\" data-end=\"2260\"><strong data-start=\"2233\" data-end=\"2258\"><img decoding=\"async\" class=\"emoji\" role=\"img\" draggable=\"false\" src=\"https:\/\/s.w.org\/images\/core\/emoji\/16.0.1\/svg\/1f64e-1f3fb-200d-2642-fe0f.svg\" alt=\"\ud83d\ude4e\ud83c\udffb\u200d\u2642\ufe0f\" \/> 12 ani \u0219i peste 240 \u20ac<\/strong><\/p>\n<\/li>\n<li data-start=\"2261\" data-end=\"2309\">\n<p data-start=\"2263\" data-end=\"2309\"><strong data-start=\"2263\" data-end=\"2280\"><img decoding=\"async\" class=\"emoji\" role=\"img\" draggable=\"false\" src=\"https:\/\/s.w.org\/images\/core\/emoji\/16.0.1\/svg\/1f9cd-1f3fb-200d-2640-fe0f.svg\" alt=\"\ud83e\uddcd\ud83c\udffb\u200d\u2640\ufe0f\" \/> 6\/11 ani 120 \u20ac<\/strong><\/p>\n<\/li>\n<li data-start=\"2310\" data-end=\"2357\">\n<p data-start=\"2312\" data-end=\"2357\"><strong data-start=\"2327\" data-end=\"2355\"><img decoding=\"async\" class=\"emoji\" role=\"img\" draggable=\"false\" src=\"https:\/\/s.w.org\/images\/core\/emoji\/16.0.1\/svg\/1f47c-1f3fc.svg\" alt=\"\ud83d\udc7c\ud83c\udffc\" \/> - 6 ani 20 \u20ac<\/strong><\/p>\n<\/li>\n<\/ul>\n<h3 data-start=\"2198\" data-end=\"2225\"><strong data-start=\"2205\" data-end=\"2223\">Plata \u00een USD ($ \ud83c\uddfa\ud83c\uddf8) \u00een loc de EUR (\u20ac \ud83c\uddea\ud83c\uddfa) este disponibil\u0103 \u00een func\u021bie de cursul bancar zilnic.<\/strong><\/h3>\n<p>Egipt - <strong data-start=\"2423\" data-end=\"2446\">inima Africii<\/strong> - sun\u0103. <strong data-start=\"2461\" data-end=\"2489\">Sunte\u021bi gata s\u0103 r\u0103spunde\u021bi?<\/strong><\/p>\n<p><strong>Rezerv\u0103 prin WhatsApp:<\/strong><\/p>\n<p><a href=\"https:\/\/wa.me\/201021058859\" target=\"_blank\" rel=\"noopener\">\u00a0<img decoding=\"async\" class=\"alignnone wp-image-2058\" src=\"https:\/\/poehalisnamiegypt.com\/wp-content\/uploads\/2024\/02\/pngwing.com_-300x300.png\" sizes=\"auto, (max-width: 35px) 100vw, 35px\" srcset=\"https:\/\/poehalisnamiegypt.com\/wp-content\/uploads\/2024\/02\/pngwing.com_-300x300.png 300w, https:\/\/poehalisnamiegypt.com\/wp-content\/uploads\/2024\/02\/pngwing.com_-150x150.png 150w, https:\/\/poehalisnamiegypt.com\/wp-content\/uploads\/2024\/02\/pngwing.com_.png 584w\" alt=\"\" width=\"53\" height=\"53\" \/><\/a><\/p>\n<div id=\"gtx-trans\" style=\"position: absolute; left: 243px; top: 3.9125px;\">\n<div class=\"gtx-trans-icon\"><\/div>\n<\/div>\n<div id=\"gtx-trans\" style=\"position: absolute; left: 243px; top: 3.9125px;\">\n<div class=\"gtx-trans-icon\"><\/div>\n<\/div>","protected":false},"excerpt":{"rendered":"<p>\ud83c\udf0d Discover Egypt with Unmatched Quality &amp; Personalized Service At Cairo-Overnight Tours, we believe that excellent quality should never be compromised. With over 20 years of experience in the tourism industry, our mission is to provide you with unique, authentic, and unforgettable experiences across Egypt. \u2728 On your first day, stand in awe before the [&hellip;]<\/p>\n","protected":false},"featured_media":9912,"comment_status":"open","ping_status":"closed","template":"","meta":[],"product_brand":[],"product_cat":[63],"product_tag":[],"class_list":{"0":"post-9906","1":"product","2":"type-product","3":"status-publish","4":"has-post-thumbnail","6":"product_cat-cairo","8":"first","9":"instock","10":"shipping-taxable","11":"purchasable","12":"product-type-ovabrw_car_rental"},"yoast_head":"<!-- This site is optimized with the Yoast SEO plugin v27.5 - https:\/\/yoast.com\/product\/yoast-seo-wordpress\/ -->\n<title>Cairo Overnight : Pyramids, Museum &amp; Old Cairo - Golden Horizont Egypt<\/title>\n<meta name=\"robots\" content=\"index, follow, max-snippet:-1, max-image-preview:large, max-video-preview:-1\" \/>\n<link rel=\"canonical\" href=\"https:\/\/goldenhorizontegypt.com\/ro\/produs\/cairo-over-night-trip\/\" \/>\n<meta property=\"og:locale\" content=\"ro_RO\" \/>\n<meta property=\"og:type\" content=\"article\" \/>\n<meta property=\"og:title\" content=\"Cairo Overnight : Pyramids, Museum &amp; Old Cairo - Golden Horizont Egypt\" \/>\n<meta property=\"og:description\" content=\"\ud83c\udf0d Discover Egypt with Unmatched Quality &amp; Personalized Service At Cairo-Overnight Tours, we believe that excellent quality should never be compromised. With over 20 years of experience in the tourism industry, our mission is to provide you with unique, authentic, and unforgettable experiences across Egypt. \u2728 On your first day, stand in awe before the [&hellip;]\" \/>\n<meta property=\"og:url\" content=\"https:\/\/goldenhorizontegypt.com\/ro\/produs\/cairo-over-night-trip\/\" \/>\n<meta property=\"og:site_name\" content=\"Golden Horizont Egypt\" \/>\n<meta property=\"article:modified_time\" content=\"2025-11-29T14:47:57+00:00\" \/>\n<meta property=\"og:image\" content=\"https:\/\/goldenhorizontegypt.com\/wp-content\/uploads\/2025\/09\/caption-2.jpg\" \/>\n\t<meta property=\"og:image:width\" content=\"500\" \/>\n\t<meta property=\"og:image:height\" content=\"400\" \/>\n\t<meta property=\"og:image:type\" content=\"image\/jpeg\" \/>\n<meta name=\"twitter:card\" content=\"summary_large_image\" \/>\n<meta name=\"twitter:label1\" content=\"Timp estimat pentru citire\" \/>\n\t<meta name=\"twitter:data1\" content=\"2 minute\" \/>\n<script type=\"application\/ld+json\" class=\"yoast-schema-graph\">{\"@context\":\"https:\\\/\\\/schema.org\",\"@graph\":[{\"@type\":\"WebPage\",\"@id\":\"https:\\\/\\\/goldenhorizontegypt.com\\\/product\\\/cairo-over-night-trip\\\/\",\"url\":\"https:\\\/\\\/goldenhorizontegypt.com\\\/product\\\/cairo-over-night-trip\\\/\",\"name\":\"Cairo Overnight : Pyramids, Museum & Old Cairo - Golden Horizont Egypt\",\"isPartOf\":{\"@id\":\"https:\\\/\\\/goldenhorizontegypt.com\\\/#website\"},\"primaryImageOfPage\":{\"@id\":\"https:\\\/\\\/goldenhorizontegypt.com\\\/product\\\/cairo-over-night-trip\\\/#primaryimage\"},\"image\":{\"@id\":\"https:\\\/\\\/goldenhorizontegypt.com\\\/product\\\/cairo-over-night-trip\\\/#primaryimage\"},\"thumbnailUrl\":\"https:\\\/\\\/goldenhorizontegypt.com\\\/wp-content\\\/uploads\\\/2025\\\/09\\\/caption-2.jpg\",\"datePublished\":\"2025-09-07T11:52:00+00:00\",\"dateModified\":\"2025-11-29T14:47:57+00:00\",\"breadcrumb\":{\"@id\":\"https:\\\/\\\/goldenhorizontegypt.com\\\/product\\\/cairo-over-night-trip\\\/#breadcrumb\"},\"inLanguage\":\"ro-RO\",\"potentialAction\":[{\"@type\":\"ReadAction\",\"target\":[\"https:\\\/\\\/goldenhorizontegypt.com\\\/product\\\/cairo-over-night-trip\\\/\"]}]},{\"@type\":\"ImageObject\",\"inLanguage\":\"ro-RO\",\"@id\":\"https:\\\/\\\/goldenhorizontegypt.com\\\/product\\\/cairo-over-night-trip\\\/#primaryimage\",\"url\":\"https:\\\/\\\/goldenhorizontegypt.com\\\/wp-content\\\/uploads\\\/2025\\\/09\\\/caption-2.jpg\",\"contentUrl\":\"https:\\\/\\\/goldenhorizontegypt.com\\\/wp-content\\\/uploads\\\/2025\\\/09\\\/caption-2.jpg\",\"width\":500,\"height\":400},{\"@type\":\"BreadcrumbList\",\"@id\":\"https:\\\/\\\/goldenhorizontegypt.com\\\/product\\\/cairo-over-night-trip\\\/#breadcrumb\",\"itemListElement\":[{\"@type\":\"ListItem\",\"position\":1,\"name\":\"Home\",\"item\":\"https:\\\/\\\/goldenhorizontegypt.com\\\/\"},{\"@type\":\"ListItem\",\"position\":2,\"name\":\"Shop\",\"item\":\"https:\\\/\\\/goldenhorizontegypt.com\\\/shop\\\/\"},{\"@type\":\"ListItem\",\"position\":3,\"name\":\"Cairo Overnight : Pyramids, Museum &#038; Old Cairo\"}]},{\"@type\":\"WebSite\",\"@id\":\"https:\\\/\\\/goldenhorizontegypt.com\\\/#website\",\"url\":\"https:\\\/\\\/goldenhorizontegypt.com\\\/\",\"name\":\"Golden Horizont Egypt\",\"description\":\"\",\"potentialAction\":[{\"@type\":\"SearchAction\",\"target\":{\"@type\":\"EntryPoint\",\"urlTemplate\":\"https:\\\/\\\/goldenhorizontegypt.com\\\/?s={search_term_string}\"},\"query-input\":{\"@type\":\"PropertyValueSpecification\",\"valueRequired\":true,\"valueName\":\"search_term_string\"}}],\"inLanguage\":\"ro-RO\"}]}<\/script>\n<!-- \/ Yoast SEO plugin. -->","yoast_head_json":{"title":"Cairo Overnight : Pyramids, Museum & Old Cairo - Golden Horizont Egypt","robots":{"index":"index","follow":"follow","max-snippet":"max-snippet:-1","max-image-preview":"max-image-preview:large","max-video-preview":"max-video-preview:-1"},"canonical":"https:\/\/goldenhorizontegypt.com\/ro\/produs\/cairo-over-night-trip\/","og_locale":"ro_RO","og_type":"article","og_title":"Cairo Overnight : Pyramids, Museum & Old Cairo - Golden Horizont Egypt","og_description":"\ud83c\udf0d Discover Egypt with Unmatched Quality &amp; Personalized Service At Cairo-Overnight Tours, we believe that excellent quality should never be compromised. With over 20 years of experience in the tourism industry, our mission is to provide you with unique, authentic, and unforgettable experiences across Egypt. \u2728 On your first day, stand in awe before the [&hellip;]","og_url":"https:\/\/goldenhorizontegypt.com\/ro\/produs\/cairo-over-night-trip\/","og_site_name":"Golden Horizont Egypt","article_modified_time":"2025-11-29T14:47:57+00:00","og_image":[{"width":500,"height":400,"url":"https:\/\/goldenhorizontegypt.com\/wp-content\/uploads\/2025\/09\/caption-2.jpg","type":"image\/jpeg"}],"twitter_card":"summary_large_image","twitter_misc":{"Timp estimat pentru citire":"2 minute"},"schema":{"@context":"https:\/\/schema.org","@graph":[{"@type":"WebPage","@id":"https:\/\/goldenhorizontegypt.com\/product\/cairo-over-night-trip\/","url":"https:\/\/goldenhorizontegypt.com\/product\/cairo-over-night-trip\/","name":"Cairo Overnight : Pyramids, Museum & Old Cairo - Golden Horizont Egypt","isPartOf":{"@id":"https:\/\/goldenhorizontegypt.com\/#website"},"primaryImageOfPage":{"@id":"https:\/\/goldenhorizontegypt.com\/product\/cairo-over-night-trip\/#primaryimage"},"image":{"@id":"https:\/\/goldenhorizontegypt.com\/product\/cairo-over-night-trip\/#primaryimage"},"thumbnailUrl":"https:\/\/goldenhorizontegypt.com\/wp-content\/uploads\/2025\/09\/caption-2.jpg","datePublished":"2025-09-07T11:52:00+00:00","dateModified":"2025-11-29T14:47:57+00:00","breadcrumb":{"@id":"https:\/\/goldenhorizontegypt.com\/product\/cairo-over-night-trip\/#breadcrumb"},"inLanguage":"ro-RO","potentialAction":[{"@type":"ReadAction","target":["https:\/\/goldenhorizontegypt.com\/product\/cairo-over-night-trip\/"]}]},{"@type":"ImageObject","inLanguage":"ro-RO","@id":"https:\/\/goldenhorizontegypt.com\/product\/cairo-over-night-trip\/#primaryimage","url":"https:\/\/goldenhorizontegypt.com\/wp-content\/uploads\/2025\/09\/caption-2.jpg","contentUrl":"https:\/\/goldenhorizontegypt.com\/wp-content\/uploads\/2025\/09\/caption-2.jpg","width":500,"height":400},{"@type":"BreadcrumbList","@id":"https:\/\/goldenhorizontegypt.com\/product\/cairo-over-night-trip\/#breadcrumb","itemListElement":[{"@type":"ListItem","position":1,"name":"Home","item":"https:\/\/goldenhorizontegypt.com\/"},{"@type":"ListItem","position":2,"name":"Shop","item":"https:\/\/goldenhorizontegypt.com\/shop\/"},{"@type":"ListItem","position":3,"name":"Cairo Overnight : Pyramids, Museum &#038; Old Cairo"}]},{"@type":"WebSite","@id":"https:\/\/goldenhorizontegypt.com\/#website","url":"https:\/\/goldenhorizontegypt.com\/","name":"Orizont de Aur Egipt","description":"","potentialAction":[{"@type":"SearchAction","target":{"@type":"EntryPoint","urlTemplate":"https:\/\/goldenhorizontegypt.com\/?s={search_term_string}"},"query-input":{"@type":"PropertyValueSpecification","valueRequired":true,"valueName":"search_term_string"}}],"inLanguage":"ro-RO"}]}},"_links":{"self":[{"href":"https:\/\/goldenhorizontegypt.com\/ro\/wp-json\/wp\/v2\/product\/9906","targetHints":{"allow":["GET"]}}],"collection":[{"href":"https:\/\/goldenhorizontegypt.com\/ro\/wp-json\/wp\/v2\/product"}],"about":[{"href":"https:\/\/goldenhorizontegypt.com\/ro\/wp-json\/wp\/v2\/types\/product"}],"replies":[{"embeddable":true,"href":"https:\/\/goldenhorizontegypt.com\/ro\/wp-json\/wp\/v2\/comments?post=9906"}],"wp:featuredmedia":[{"embeddable":true,"href":"https:\/\/goldenhorizontegypt.com\/ro\/wp-json\/wp\/v2\/media\/9912"}],"wp:attachment":[{"href":"https:\/\/goldenhorizontegypt.com\/ro\/wp-json\/wp\/v2\/media?parent=9906"}],"wp:term":[{"taxonomy":"product_brand","embeddable":true,"href":"https:\/\/goldenhorizontegypt.com\/ro\/wp-json\/wp\/v2\/product_brand?post=9906"},{"taxonomy":"product_cat","embeddable":true,"href":"https:\/\/goldenhorizontegypt.com\/ro\/wp-json\/wp\/v2\/product_cat?post=9906"},{"taxonomy":"product_tag","embeddable":true,"href":"https:\/\/goldenhorizontegypt.com\/ro\/wp-json\/wp\/v2\/product_tag?post=9906"}],"curies":[{"name":"wp","href":"https:\/\/api.w.org\/{rel}","templated":true}]}}