{"id":9899,"date":"2025-09-07T11:41:00","date_gmt":"2025-09-07T11:41:00","guid":{"rendered":"https:\/\/goldenhorizontegypt.com\/?post_type=product&#038;p=9899"},"modified":"2026-02-03T22:31:35","modified_gmt":"2026-02-03T22:31:35","slug":"cairo-vip-8-pax-trip","status":"publish","type":"product","link":"https:\/\/goldenhorizontegypt.com\/ro\/produs\/cairo-vip-8-pax-trip\/","title":{"rendered":"Tur VIP Cairo: Lux privat pentru 8 persoane"},"content":{"rendered":"<h3 data-start=\"167\" data-end=\"234\"><strong data-start=\"174\" data-end=\"232\">\u00a0Tur VIP Cairo - C\u0103l\u0103torie pentru p\u00e2n\u0103 la 8 persoane<\/strong><\/h3>\n<p data-start=\"236\" data-end=\"535\">Intra\u021bi \u00een inima istoriei cu <strong data-start=\"276\" data-end=\"304\">Tur VIP exclusiv \u00een Cairo<\/strong>, proiectat pentru grupuri private de p\u00e2n\u0103 la <strong data-start=\"343\" data-end=\"359\">8 pasageri<\/strong>. c\u0103l\u0103torie de lux <strong data-start=\"393\" data-end=\"467\">, \u00eendrumare privat\u0103 \u0219i un itinerar personalizat<\/strong> pentru a explora comorile legendare din Cairo \u00eentr-un confort de neegalat.<\/p>\n<hr data-start=\"537\" data-end=\"540\" \/>\n<h3 data-start=\"493\" data-end=\"529\">\ud83d\udde3\ufe0f <strong data-start=\"501\" data-end=\"527\">Vorbim limba ta<\/strong><\/h3>\n<ul data-start=\"530\" data-end=\"594\">\n<li>polonez\u0103<\/li>\n<li>francez\u0103<\/li>\n<li>Englez\u0103<\/li>\n<li>german\u0103<\/li>\n<li>portughez\u0103<\/li>\n<li>spaniol\u0103<\/li>\n<li>...\u0219i multe altele!<\/li>\n<\/ul>\n<p data-start=\"596\" data-end=\"678\">Indiferent de unde veni\u021bi, v\u0103 asigur\u0103m o comunicare u\u0219oar\u0103 \u0219i o atingere personalizat\u0103.<\/p>\n<hr data-start=\"537\" data-end=\"540\" \/>\n<h3 data-start=\"542\" data-end=\"591\">\ud83c\udf05 <strong data-start=\"549\" data-end=\"589\">Pick-up exclusiv\u00a0<\/strong><\/h3>\n<ul data-start=\"592\" data-end=\"825\">\n<li data-start=\"592\" data-end=\"717\">\n<p data-start=\"594\" data-end=\"717\"><strong data-start=\"594\" data-end=\"613\">Pick-up privat<\/strong> \ud83d\ude90: \u00cencepe\u021bi-v\u0103 aventura cu un transfer confortabil, cu aer condi\u021bionat .<\/p>\n<\/li>\n<li data-start=\"718\" data-end=\"825\">\n<p data-start=\"720\" data-end=\"825\"><strong data-start=\"720\" data-end=\"745\">Asisten\u021b\u0103 rapid\u0103<\/strong> \ud83d\udeeb: Echipa noastr\u0103 VIP asigur\u0103 un check-in f\u0103r\u0103 probleme pentru zborul dvs. intern c\u0103tre Cairo.<\/p>\n<\/li>\n<\/ul>\n<hr data-start=\"827\" data-end=\"830\" \/>\n<h3 data-start=\"832\" data-end=\"874\">\ud83c\udfdb\ufe0f <strong data-start=\"840\" data-end=\"872\">Piramidele din Giza \u0219i Marele Sfinx<\/strong><\/h3>\n<ul data-start=\"875\" data-end=\"1142\">\n<li data-start=\"875\" data-end=\"970\">\n<p data-start=\"877\" data-end=\"970\">Asista\u021bi la iconicul <strong data-start=\"896\" data-end=\"916\">Piramidele din Giza<\/strong>, unul dintre <strong data-start=\"929\" data-end=\"967\">Cele \u0219apte minuni ale lumii antice<\/strong>.<\/p>\n<\/li>\n<li data-start=\"971\" data-end=\"1045\">\n<p data-start=\"973\" data-end=\"1045\">Explora\u021bi <strong data-start=\"985\" data-end=\"1001\">Marele Sfinx<\/strong> \ud83e\udd81, gardianul mitic al platoului.<\/p>\n<\/li>\n<li data-start=\"1046\" data-end=\"1142\">\n<p data-start=\"1048\" data-end=\"1142\">Op\u021bional: Intra\u021bi \u00eentr-una dintre piramidele antice pentru a explora camerele sale (bilet suplimentar necesar).<\/p>\n<\/li>\n<\/ul>\n<hr data-start=\"1144\" data-end=\"1147\" \/>\n<h3 data-start=\"1149\" data-end=\"1192\">\ud83c\udffa <strong data-start=\"1156\" data-end=\"1190\">Muzeul Egiptean de Antichit\u0103\u021bi<\/strong><\/h3>\n<ul data-start=\"1193\" data-end=\"1466\">\n<li data-start=\"1193\" data-end=\"1370\">\n<p data-start=\"1195\" data-end=\"1370\">Trece\u021bi prin secole de istorie la faimosul <strong data-start=\"1249\" data-end=\"1268\">Muzeul Egiptean<\/strong>, care g\u0103zduie\u0219te mai mult de <strong data-start=\"1288\" data-end=\"1309\">120.000 de artefacte<\/strong>, inclusiv comorile lui Tutankhamon \u0219i mumiile regale.<\/p>\n<\/li>\n<li data-start=\"1371\" data-end=\"1466\">\n<p data-start=\"1373\" data-end=\"1466\">Bucura\u021bi-v\u0103 de o <strong data-start=\"1381\" data-end=\"1411\">ghid egiptolog privat<\/strong> care va personaliza vizita \u00een func\u021bie de interesele grupului dumneavoastr\u0103.<\/p>\n<\/li>\n<\/ul>\n<hr data-start=\"1468\" data-end=\"1471\" \/>\n<h3 data-start=\"1473\" data-end=\"1506\">\ud83c\udf74 <strong data-start=\"1480\" data-end=\"1504\">Experien\u021b\u0103 de pr\u00e2nz VIP<\/strong><\/h3>\n<ul data-start=\"1507\" data-end=\"1671\">\n<li data-start=\"1507\" data-end=\"1591\">\n<p data-start=\"1509\" data-end=\"1591\">Savura\u021bi o <strong data-start=\"1517\" data-end=\"1534\">pr\u00e2nz gourmet<\/strong> \ud83c\udf7d\ufe0f .<\/p>\n<\/li>\n<li data-start=\"1592\" data-end=\"1671\">\n<p data-start=\"1594\" data-end=\"1671\">Gusta\u021bi preparate din buc\u0103t\u0103ria egiptean\u0103 autentic\u0103, cu servicii premium, \u00eentr-un cadru relaxant.<\/p>\n<\/li>\n<\/ul>\n<hr data-start=\"1673\" data-end=\"1676\" \/>\n<h3 data-start=\"1678\" data-end=\"1727\">\ud83d\udecd\ufe0f <strong data-start=\"1686\" data-end=\"1725\">Shopping exclusivist \u0219i popasuri culturale<\/strong><\/h3>\n<ul data-start=\"1728\" data-end=\"1887\">\n<li data-start=\"1728\" data-end=\"1822\">\n<p data-start=\"1730\" data-end=\"1822\">Vizit\u0103 selectat\u0103 <strong data-start=\"1745\" data-end=\"1798\">bazaruri, institute de papirus sau galerii de parfumuri<\/strong> \ud83d\udecd\ufe0f \u00een propriul ritm.<\/p>\n<\/li>\n<li data-start=\"1823\" data-end=\"1887\">\n<p data-start=\"1825\" data-end=\"1887\">Bucura\u021bi-v\u0103 de recomand\u0103ri personalizate \u0219i de cump\u0103r\u0103turi f\u0103r\u0103 complica\u021bii.<\/p>\n<\/li>\n<\/ul>\n<hr data-start=\"2076\" data-end=\"2079\" \/>\n<h3 data-start=\"2081\" data-end=\"2127\"><strong data-start=\"2085\" data-end=\"2125\">De ce s\u0103 alege\u021bi turul Cairo VIP 8 Pax?<\/strong><\/h3>\n<ul data-start=\"2128\" data-end=\"2396\">\n<li data-start=\"2191\" data-end=\"2240\">\n<p data-start=\"2193\" data-end=\"2240\">\ud83c\udfdb\ufe0f Vizite ghidate la reperele emblematice din Cairo<\/p>\n<\/li>\n<li data-start=\"2241\" data-end=\"2282\">\n<p data-start=\"2243\" data-end=\"2282\">\ud83c\udf74 experien\u021b\u0103 culinar\u0103 Gourmet inclus\u0103<\/p>\n<\/li>\n<li data-start=\"2283\" data-end=\"2346\">\n<p data-start=\"2285\" data-end=\"2346\">\ud83e\uddd1\u200d\ud83e\udd1d\u200d\ud83e\uddd1 Perfect pentru familii, prieteni sau grupuri corporative<\/p>\n<\/li>\n<li data-start=\"2347\" data-end=\"2396\">\n<p data-start=\"2349\" data-end=\"2396\">\ud83d\udecd\ufe0f Cump\u0103r\u0103turi personalizate \u0219i program flexibil<\/p>\n<\/li>\n<li data-start=\"2347\" data-end=\"2396\">\ud83d\udea4 \u0218i cea mai bun\u0103 parte - excursia include o croazier\u0103 de neuitat pe Nil!<\/li>\n<\/ul>\n<hr data-start=\"2076\" data-end=\"2079\" \/>\n<h3 data-start=\"2198\" data-end=\"2225\"><strong data-start=\"2205\" data-end=\"2223\">\ud83e\udd11 Pre\u021bul excursiei<\/strong><\/h3>\n<ul data-start=\"2226\" data-end=\"2413\">\n<li data-start=\"2226\" data-end=\"2260\">\n<p data-start=\"2228\" data-end=\"2260\"><strong data-start=\"2233\" data-end=\"2258\"><img decoding=\"async\" class=\"emoji\" role=\"img\" draggable=\"false\" src=\"https:\/\/s.w.org\/images\/core\/emoji\/16.0.1\/svg\/1f64e-1f3fb-200d-2642-fe0f.svg\" alt=\"\ud83d\ude4e\ud83c\udffb\u200d\u2642\ufe0f\" \/> 12 ani \u0219i peste 80 \u20ac<\/strong><\/p>\n<\/li>\n<li data-start=\"2261\" data-end=\"2309\">\n<p data-start=\"2263\" data-end=\"2309\"><strong data-start=\"2263\" data-end=\"2280\"><img decoding=\"async\" class=\"emoji\" role=\"img\" draggable=\"false\" src=\"https:\/\/s.w.org\/images\/core\/emoji\/16.0.1\/svg\/1f9cd-1f3fb-200d-2640-fe0f.svg\" alt=\"\ud83e\uddcd\ud83c\udffb\u200d\u2640\ufe0f\" \/> 6\/11 ani 40 \u20ac<\/strong><\/p>\n<\/li>\n<li data-start=\"2310\" data-end=\"2357\">\n<p data-start=\"2312\" data-end=\"2357\"><strong data-start=\"2327\" data-end=\"2355\"><img decoding=\"async\" class=\"emoji\" role=\"img\" draggable=\"false\" src=\"https:\/\/s.w.org\/images\/core\/emoji\/16.0.1\/svg\/1f47c-1f3fc.svg\" alt=\"\ud83d\udc7c\ud83c\udffc\" \/> - 6 ani 20 \u20ac<\/strong><\/p>\n<\/li>\n<\/ul>\n<h3 data-start=\"2198\" data-end=\"2225\"><strong data-start=\"2205\" data-end=\"2223\">Plata \u00een USD ($ \ud83c\uddfa\ud83c\uddf8) \u00een loc de EUR (\u20ac \ud83c\uddea\ud83c\uddfa) este disponibil\u0103 \u00een func\u021bie de cursul bancar zilnic.<\/strong><\/h3>\n<p><strong>Rezerv\u0103 prin WhatsApp:<\/strong><\/p>\n<p><a href=\"https:\/\/api.whatsapp.com\/send\/?phone=01021058859\" target=\"_blank\" rel=\"noopener\">\u00a0<img decoding=\"async\" class=\"alignnone wp-image-2058\" src=\"https:\/\/poehalisnamiegypt.com\/wp-content\/uploads\/2024\/02\/pngwing.com_-300x300.png\" sizes=\"auto, (max-width: 35px) 100vw, 35px\" srcset=\"https:\/\/poehalisnamiegypt.com\/wp-content\/uploads\/2024\/02\/pngwing.com_-300x300.png 300w, https:\/\/poehalisnamiegypt.com\/wp-content\/uploads\/2024\/02\/pngwing.com_-150x150.png 150w, https:\/\/poehalisnamiegypt.com\/wp-content\/uploads\/2024\/02\/pngwing.com_.png 584w\" alt=\"\" width=\"53\" height=\"53\" \/><\/a><\/p>\n<div id=\"gtx-trans\" style=\"position: absolute; left: 232px; top: 3.375px;\">\n<div class=\"gtx-trans-icon\"><\/div>\n<\/div>\n<div id=\"gtx-trans\" style=\"position: absolute; left: 232px; top: 3.375px;\">\n<div class=\"gtx-trans-icon\"><\/div>\n<\/div>","protected":false},"excerpt":{"rendered":"<p>\u00a0Cairo VIP Tour \u2013 Trip for Up to 8 Guests Step into the heart of history with our exclusive Cairo VIP Tour, designed for private groups of up to 8 passengers. luxurious journey , private guidance, and a personalized itinerary to explore the legendary treasures of Cairo in unmatched comfort. \ud83d\udde3\ufe0f We Speak Your Language [&hellip;]<\/p>\n","protected":false},"featured_media":11410,"comment_status":"open","ping_status":"closed","template":"","meta":[],"product_brand":[],"product_cat":[63],"product_tag":[],"class_list":{"0":"post-9899","1":"product","2":"type-product","3":"status-publish","4":"has-post-thumbnail","6":"product_cat-cairo","8":"first","9":"instock","10":"shipping-taxable","11":"purchasable","12":"product-type-ovabrw_car_rental"},"yoast_head":"<!-- This site is optimized with the Yoast SEO plugin v27.5 - https:\/\/yoast.com\/product\/yoast-seo-wordpress\/ -->\n<title>Cairo VIP Tour: Private Luxury for 8 Guests - Golden Horizont Egypt<\/title>\n<meta name=\"robots\" content=\"index, follow, max-snippet:-1, max-image-preview:large, max-video-preview:-1\" \/>\n<link rel=\"canonical\" href=\"https:\/\/goldenhorizontegypt.com\/ro\/produs\/cairo-vip-8-pax-trip\/\" \/>\n<meta property=\"og:locale\" content=\"ro_RO\" \/>\n<meta property=\"og:type\" content=\"article\" \/>\n<meta property=\"og:title\" content=\"Cairo VIP Tour: Private Luxury for 8 Guests - Golden Horizont Egypt\" \/>\n<meta property=\"og:description\" content=\"\u00a0Cairo VIP Tour \u2013 Trip for Up to 8 Guests Step into the heart of history with our exclusive Cairo VIP Tour, designed for private groups of up to 8 passengers. luxurious journey , private guidance, and a personalized itinerary to explore the legendary treasures of Cairo in unmatched comfort. \ud83d\udde3\ufe0f We Speak Your Language [&hellip;]\" \/>\n<meta property=\"og:url\" content=\"https:\/\/goldenhorizontegypt.com\/ro\/produs\/cairo-vip-8-pax-trip\/\" \/>\n<meta property=\"og:site_name\" content=\"Golden Horizont Egypt\" \/>\n<meta property=\"article:modified_time\" content=\"2026-02-03T22:31:35+00:00\" \/>\n<meta property=\"og:image\" content=\"https:\/\/goldenhorizontegypt.com\/wp-content\/uploads\/2026\/02\/WhatsApp-Image-2026-02-02-at-8.59.25-PM-e1770063885668.jpeg\" \/>\n\t<meta property=\"og:image:width\" content=\"1500\" \/>\n\t<meta property=\"og:image:height\" content=\"1000\" \/>\n\t<meta property=\"og:image:type\" content=\"image\/jpeg\" \/>\n<meta name=\"twitter:card\" content=\"summary_large_image\" \/>\n<meta name=\"twitter:label1\" content=\"Timp estimat pentru citire\" \/>\n\t<meta name=\"twitter:data1\" content=\"1 minut\" \/>\n<script type=\"application\/ld+json\" class=\"yoast-schema-graph\">{\"@context\":\"https:\\\/\\\/schema.org\",\"@graph\":[{\"@type\":\"WebPage\",\"@id\":\"https:\\\/\\\/goldenhorizontegypt.com\\\/product\\\/cairo-vip-8-pax-trip\\\/\",\"url\":\"https:\\\/\\\/goldenhorizontegypt.com\\\/product\\\/cairo-vip-8-pax-trip\\\/\",\"name\":\"Cairo VIP Tour: Private Luxury for 8 Guests - Golden Horizont Egypt\",\"isPartOf\":{\"@id\":\"https:\\\/\\\/goldenhorizontegypt.com\\\/#website\"},\"primaryImageOfPage\":{\"@id\":\"https:\\\/\\\/goldenhorizontegypt.com\\\/product\\\/cairo-vip-8-pax-trip\\\/#primaryimage\"},\"image\":{\"@id\":\"https:\\\/\\\/goldenhorizontegypt.com\\\/product\\\/cairo-vip-8-pax-trip\\\/#primaryimage\"},\"thumbnailUrl\":\"https:\\\/\\\/goldenhorizontegypt.com\\\/wp-content\\\/uploads\\\/2026\\\/02\\\/WhatsApp-Image-2026-02-02-at-8.59.25-PM-e1770063885668.jpeg\",\"datePublished\":\"2025-09-07T11:41:00+00:00\",\"dateModified\":\"2026-02-03T22:31:35+00:00\",\"breadcrumb\":{\"@id\":\"https:\\\/\\\/goldenhorizontegypt.com\\\/product\\\/cairo-vip-8-pax-trip\\\/#breadcrumb\"},\"inLanguage\":\"ro-RO\",\"potentialAction\":[{\"@type\":\"ReadAction\",\"target\":[\"https:\\\/\\\/goldenhorizontegypt.com\\\/product\\\/cairo-vip-8-pax-trip\\\/\"]}]},{\"@type\":\"ImageObject\",\"inLanguage\":\"ro-RO\",\"@id\":\"https:\\\/\\\/goldenhorizontegypt.com\\\/product\\\/cairo-vip-8-pax-trip\\\/#primaryimage\",\"url\":\"https:\\\/\\\/goldenhorizontegypt.com\\\/wp-content\\\/uploads\\\/2026\\\/02\\\/WhatsApp-Image-2026-02-02-at-8.59.25-PM-e1770063885668.jpeg\",\"contentUrl\":\"https:\\\/\\\/goldenhorizontegypt.com\\\/wp-content\\\/uploads\\\/2026\\\/02\\\/WhatsApp-Image-2026-02-02-at-8.59.25-PM-e1770063885668.jpeg\",\"width\":1500,\"height\":1000},{\"@type\":\"BreadcrumbList\",\"@id\":\"https:\\\/\\\/goldenhorizontegypt.com\\\/product\\\/cairo-vip-8-pax-trip\\\/#breadcrumb\",\"itemListElement\":[{\"@type\":\"ListItem\",\"position\":1,\"name\":\"Home\",\"item\":\"https:\\\/\\\/goldenhorizontegypt.com\\\/\"},{\"@type\":\"ListItem\",\"position\":2,\"name\":\"Shop\",\"item\":\"https:\\\/\\\/goldenhorizontegypt.com\\\/shop\\\/\"},{\"@type\":\"ListItem\",\"position\":3,\"name\":\"Cairo VIP Tour: Private Luxury for 8 Guests\"}]},{\"@type\":\"WebSite\",\"@id\":\"https:\\\/\\\/goldenhorizontegypt.com\\\/#website\",\"url\":\"https:\\\/\\\/goldenhorizontegypt.com\\\/\",\"name\":\"Golden Horizont Egypt\",\"description\":\"\",\"potentialAction\":[{\"@type\":\"SearchAction\",\"target\":{\"@type\":\"EntryPoint\",\"urlTemplate\":\"https:\\\/\\\/goldenhorizontegypt.com\\\/?s={search_term_string}\"},\"query-input\":{\"@type\":\"PropertyValueSpecification\",\"valueRequired\":true,\"valueName\":\"search_term_string\"}}],\"inLanguage\":\"ro-RO\"}]}<\/script>\n<!-- \/ Yoast SEO plugin. -->","yoast_head_json":{"title":"Cairo VIP Tour: Private Luxury for 8 Guests - Golden Horizont Egypt","robots":{"index":"index","follow":"follow","max-snippet":"max-snippet:-1","max-image-preview":"max-image-preview:large","max-video-preview":"max-video-preview:-1"},"canonical":"https:\/\/goldenhorizontegypt.com\/ro\/produs\/cairo-vip-8-pax-trip\/","og_locale":"ro_RO","og_type":"article","og_title":"Cairo VIP Tour: Private Luxury for 8 Guests - Golden Horizont Egypt","og_description":"\u00a0Cairo VIP Tour \u2013 Trip for Up to 8 Guests Step into the heart of history with our exclusive Cairo VIP Tour, designed for private groups of up to 8 passengers. luxurious journey , private guidance, and a personalized itinerary to explore the legendary treasures of Cairo in unmatched comfort. \ud83d\udde3\ufe0f We Speak Your Language [&hellip;]","og_url":"https:\/\/goldenhorizontegypt.com\/ro\/produs\/cairo-vip-8-pax-trip\/","og_site_name":"Golden Horizont Egypt","article_modified_time":"2026-02-03T22:31:35+00:00","og_image":[{"width":1500,"height":1000,"url":"https:\/\/goldenhorizontegypt.com\/wp-content\/uploads\/2026\/02\/WhatsApp-Image-2026-02-02-at-8.59.25-PM-e1770063885668.jpeg","type":"image\/jpeg"}],"twitter_card":"summary_large_image","twitter_misc":{"Timp estimat pentru citire":"1 minut"},"schema":{"@context":"https:\/\/schema.org","@graph":[{"@type":"WebPage","@id":"https:\/\/goldenhorizontegypt.com\/product\/cairo-vip-8-pax-trip\/","url":"https:\/\/goldenhorizontegypt.com\/product\/cairo-vip-8-pax-trip\/","name":"Cairo VIP Tour: Private Luxury for 8 Guests - Golden Horizont Egypt","isPartOf":{"@id":"https:\/\/goldenhorizontegypt.com\/#website"},"primaryImageOfPage":{"@id":"https:\/\/goldenhorizontegypt.com\/product\/cairo-vip-8-pax-trip\/#primaryimage"},"image":{"@id":"https:\/\/goldenhorizontegypt.com\/product\/cairo-vip-8-pax-trip\/#primaryimage"},"thumbnailUrl":"https:\/\/goldenhorizontegypt.com\/wp-content\/uploads\/2026\/02\/WhatsApp-Image-2026-02-02-at-8.59.25-PM-e1770063885668.jpeg","datePublished":"2025-09-07T11:41:00+00:00","dateModified":"2026-02-03T22:31:35+00:00","breadcrumb":{"@id":"https:\/\/goldenhorizontegypt.com\/product\/cairo-vip-8-pax-trip\/#breadcrumb"},"inLanguage":"ro-RO","potentialAction":[{"@type":"ReadAction","target":["https:\/\/goldenhorizontegypt.com\/product\/cairo-vip-8-pax-trip\/"]}]},{"@type":"ImageObject","inLanguage":"ro-RO","@id":"https:\/\/goldenhorizontegypt.com\/product\/cairo-vip-8-pax-trip\/#primaryimage","url":"https:\/\/goldenhorizontegypt.com\/wp-content\/uploads\/2026\/02\/WhatsApp-Image-2026-02-02-at-8.59.25-PM-e1770063885668.jpeg","contentUrl":"https:\/\/goldenhorizontegypt.com\/wp-content\/uploads\/2026\/02\/WhatsApp-Image-2026-02-02-at-8.59.25-PM-e1770063885668.jpeg","width":1500,"height":1000},{"@type":"BreadcrumbList","@id":"https:\/\/goldenhorizontegypt.com\/product\/cairo-vip-8-pax-trip\/#breadcrumb","itemListElement":[{"@type":"ListItem","position":1,"name":"Home","item":"https:\/\/goldenhorizontegypt.com\/"},{"@type":"ListItem","position":2,"name":"Shop","item":"https:\/\/goldenhorizontegypt.com\/shop\/"},{"@type":"ListItem","position":3,"name":"Cairo VIP Tour: Private Luxury for 8 Guests"}]},{"@type":"WebSite","@id":"https:\/\/goldenhorizontegypt.com\/#website","url":"https:\/\/goldenhorizontegypt.com\/","name":"Orizont de Aur Egipt","description":"","potentialAction":[{"@type":"SearchAction","target":{"@type":"EntryPoint","urlTemplate":"https:\/\/goldenhorizontegypt.com\/?s={search_term_string}"},"query-input":{"@type":"PropertyValueSpecification","valueRequired":true,"valueName":"search_term_string"}}],"inLanguage":"ro-RO"}]}},"_links":{"self":[{"href":"https:\/\/goldenhorizontegypt.com\/ro\/wp-json\/wp\/v2\/product\/9899","targetHints":{"allow":["GET"]}}],"collection":[{"href":"https:\/\/goldenhorizontegypt.com\/ro\/wp-json\/wp\/v2\/product"}],"about":[{"href":"https:\/\/goldenhorizontegypt.com\/ro\/wp-json\/wp\/v2\/types\/product"}],"replies":[{"embeddable":true,"href":"https:\/\/goldenhorizontegypt.com\/ro\/wp-json\/wp\/v2\/comments?post=9899"}],"wp:featuredmedia":[{"embeddable":true,"href":"https:\/\/goldenhorizontegypt.com\/ro\/wp-json\/wp\/v2\/media\/11410"}],"wp:attachment":[{"href":"https:\/\/goldenhorizontegypt.com\/ro\/wp-json\/wp\/v2\/media?parent=9899"}],"wp:term":[{"taxonomy":"product_brand","embeddable":true,"href":"https:\/\/goldenhorizontegypt.com\/ro\/wp-json\/wp\/v2\/product_brand?post=9899"},{"taxonomy":"product_cat","embeddable":true,"href":"https:\/\/goldenhorizontegypt.com\/ro\/wp-json\/wp\/v2\/product_cat?post=9899"},{"taxonomy":"product_tag","embeddable":true,"href":"https:\/\/goldenhorizontegypt.com\/ro\/wp-json\/wp\/v2\/product_tag?post=9899"}],"curies":[{"name":"wp","href":"https:\/\/api.w.org\/{rel}","templated":true}]}}