{"id":9880,"date":"2025-09-07T11:07:34","date_gmt":"2025-09-07T11:07:34","guid":{"rendered":"https:\/\/goldenhorizontegypt.com\/?post_type=product&#038;p=9880"},"modified":"2026-02-12T15:13:57","modified_gmt":"2026-02-12T15:13:57","slug":"luxor-ballon-trip","status":"publish","type":"product","link":"https:\/\/goldenhorizontegypt.com\/ro\/produs\/luxor-ballon-trip\/","title":{"rendered":"Plimbare cu balonul \u00een Luxor: priveli\u0219ti de la r\u0103s\u0103rit \u0219i tur al West Bank"},"content":{"rendered":"<h3 data-start=\"212\" data-end=\"291\">\ud83c\udf88 <strong data-start=\"219\" data-end=\"289\">Plimbare cu balonul cu aer cald Luxor - o c\u0103l\u0103torie magic\u0103 deasupra Egiptului Antic<\/strong><\/h3>\n<p data-start=\"293\" data-end=\"599\">Experimenta\u021bi <strong data-start=\"308\" data-end=\"341\">aventura suprem\u0103 la r\u0103s\u0103ritul soarelui<\/strong> cu o uluitoare <strong data-start=\"362\" data-end=\"397\">plimbare cu balonul cu aer cald deasupra ora\u0219ului Luxor<\/strong>, cel mai mare muzeu \u00een aer liber din lume. Pluti\u021bi \u00een lini\u0219te deasupra peisajelor atemporale unde odinioar\u0103 domneau puternicii faraoni \u0219i fi\u021bi martori la <strong data-start=\"535\" data-end=\"596\">Nilul, templele \u0219i v\u0103ile sc\u0103ldate \u00een lumina aurie a dimine\u021bii<\/strong>.<\/p>\n<hr data-start=\"601\" data-end=\"604\" \/>\n<h3 data-start=\"606\" data-end=\"659\"><strong data-start=\"610\" data-end=\"657\">\u00cencepe diminea\u021ba devreme - \u00cenceputul perfect<\/strong><\/h3>\n<ul data-start=\"660\" data-end=\"959\">\n<li data-start=\"660\" data-end=\"773\">\n<p data-start=\"662\" data-end=\"773\"><strong data-start=\"662\" data-end=\"681\">Serviciu de preluare<\/strong> \ud83d\ude90: \u00cencepe\u021bi ziua cu o preluare diminea\u021ba devreme de la hotelul sau vasul de croazier\u0103 din Luxor.<\/p>\n<\/li>\n<li data-start=\"774\" data-end=\"853\">\n<p data-start=\"776\" data-end=\"853\"><strong data-start=\"776\" data-end=\"798\">R\u0103coritoare u\u0219oare<\/strong> \u2615: Savura\u021bi un ceai sau o cafea \u00eenainte de \u00eenceperea aventurii dvs.<\/p>\n<\/li>\n<li data-start=\"854\" data-end=\"959\">\n<p data-start=\"856\" data-end=\"959\"><strong data-start=\"856\" data-end=\"878\">Transfer cu barca pe Nil<\/strong> \u26f4\ufe0f: Traversa\u021bi lini\u0219tit r\u00e2ul Nil spre Cisiordania, unde v\u0103 a\u0219teapt\u0103 balonul.<\/p>\n<\/li>\n<\/ul>\n<hr data-start=\"961\" data-end=\"964\" \/>\n<h3 data-start=\"966\" data-end=\"997\"><strong data-start=\"970\" data-end=\"995\">Experien\u021ba zborului<\/strong><\/h3>\n<ul data-start=\"998\" data-end=\"1430\">\n<li data-start=\"998\" data-end=\"1132\">\n<p data-start=\"1000\" data-end=\"1132\"><strong data-start=\"1000\" data-end=\"1023\">Decolare la r\u0103s\u0103ritul soarelui<\/strong> \ud83c\udf05: Pe m\u0103sur\u0103 ce primele raze de soare lumineaz\u0103 orizontul, balonul t\u0103u \u00eencepe s\u0103 se ridice u\u0219or pe cer.<\/p>\n<\/li>\n<li data-start=\"1133\" data-end=\"1295\">\n<p data-start=\"1135\" data-end=\"1295\"><strong data-start=\"1135\" data-end=\"1157\">Vederi uluitoare<\/strong> \ud83c\udfdc\ufe0f: Aluneca\u021bi peste repere emblematice, cum ar fi <strong data-start=\"1203\" data-end=\"1226\">Valea Regilor<\/strong>, <strong data-start=\"1228\" data-end=\"1249\">Templul Hatshepsut<\/strong>, \u0219i terenurile agricole luxuriante din Valea Nilului.<\/p>\n<\/li>\n<li data-start=\"1296\" data-end=\"1430\">\n<p data-start=\"1298\" data-end=\"1430\"><strong data-start=\"1298\" data-end=\"1324\">Pilo\u021bi exper\u021bi \u0219i siguran\u021b\u0103<\/strong> \ud83e\uddd1\u200d\u2708\ufe0f: Zbura\u021bi cu pilo\u021bi experimenta\u021bi, licen\u021bia\u021bi, asigur\u00e2ndu-v\u0103 at\u00e2t siguran\u021ba, c\u00e2t \u0219i o experien\u021b\u0103 de neuitat.<\/p>\n<\/li>\n<\/ul>\n<hr data-start=\"1432\" data-end=\"1435\" \/>\n<h3 data-start=\"1437\" data-end=\"1466\"><strong data-start=\"1441\" data-end=\"1464\">Durat\u0103 \u0219i amintiri<\/strong><\/h3>\n<ul data-start=\"1467\" data-end=\"1798\">\n<li data-start=\"1467\" data-end=\"1571\">\n<p data-start=\"1469\" data-end=\"1571\"><strong data-start=\"1469\" data-end=\"1484\">Timpul de zbor<\/strong> \u23f1\ufe0f: Plimbarea dureaz\u0103 aproximativ 45 de minute p\u00e2n\u0103 la 1 or\u0103, \u00een func\u021bie de condi\u021biile de v\u00e2nt.<\/p>\n<\/li>\n<li data-start=\"1572\" data-end=\"1707\">\n<p data-start=\"1574\" data-end=\"1707\"><strong data-start=\"1574\" data-end=\"1596\">Raiul fotografiei<\/strong> \ud83d\udcf8: Ob\u021bine\u021bi priveli\u0219ti unice ale templelor antice, ale c\u0103ii sinuoase a Nilului \u0219i ale de\u0219ertului auriu din Luxor.<\/p>\n<\/li>\n<li data-start=\"1708\" data-end=\"1798\">\n<p data-start=\"1710\" data-end=\"1798\"><strong data-start=\"1710\" data-end=\"1730\">Ceremonia de debarcare<\/strong> \ud83c\udf89: S\u0103rb\u0103tori\u021bi-v\u0103 zborul cu un certificat de aterizare tradi\u021bional.<\/p>\n<\/li>\n<\/ul>\n<hr data-start=\"1800\" data-end=\"1803\" \/>\n<h3 data-start=\"902\" data-end=\"950\">\ud83c\udfdc\ufe0f <strong data-start=\"910\" data-end=\"948\">Explora\u021bi Cisiordania atemporal\u0103 a ora\u0219ului Luxor dup\u0103 plimbarea cu balonul\u00a0 \u00a0\u00a0<\/strong><\/h3>\n<p data-start=\"951\" data-end=\"1049\">Ghidul dvs. egiptolog privat v\u0103 va conduce la cele mai emblematice comori ale <strong data-start=\"1033\" data-end=\"1046\">Cisiordania<\/strong>:<\/p>\n<ul data-start=\"1050\" data-end=\"1384\">\n<li data-start=\"1050\" data-end=\"1151\">\n<p data-start=\"1052\" data-end=\"1151\"><strong data-start=\"1052\" data-end=\"1075\">Valea Regilor<\/strong> \ud83c\udfdb\ufe0f - Explora\u021bi mormintele antice ale celor mai faimo\u0219i faraoni din Egipt.<\/p>\n<\/li>\n<li data-start=\"1152\" data-end=\"1263\">\n<p data-start=\"1154\" data-end=\"1263\"><strong data-start=\"1154\" data-end=\"1175\">Templul Hatshepsut<\/strong> \u26e9\ufe0f - Admira\u021bi arhitectura elegant\u0103 a templului mortuar al singurei femei faraon.<\/p>\n<\/li>\n<li data-start=\"1264\" data-end=\"1384\">\n<p data-start=\"1266\" data-end=\"1384\"><strong data-start=\"1266\" data-end=\"1287\">Colosii din Memnon<\/strong> \ud83d\uddff - F\u0103 fotografii de neuitat l\u00e2ng\u0103 aceste statui colosale care au rezistat timp de milenii.<\/p>\n<\/li>\n<\/ul>\n<hr data-start=\"1386\" data-end=\"1389\" \/>\n<h3 data-start=\"1391\" data-end=\"1433\">\ud83c\udffa <strong data-start=\"1398\" data-end=\"1431\">East Bank Highlights \u00een stil mare<\/strong><\/h3>\n<ul data-start=\"1434\" data-end=\"1664\">\n<li data-start=\"1434\" data-end=\"1539\">\n<p data-start=\"1436\" data-end=\"1539\">Vizita\u021bi magnificul <strong data-start=\"1458\" data-end=\"1483\">Complexul templului Karnak<\/strong> - una dintre cele mai mari structuri religioase construite vreodat\u0103.<\/p>\n<\/li>\n<li data-start=\"1540\" data-end=\"1664\">\n<p data-start=\"1542\" data-end=\"1664\">Plimba\u021bi-v\u0103 pe str\u0103vechile bulevarde cu sfinc\u0219i \u0219i piloni impun\u0103tori, \u00een timp ce ghidul v\u0103 \u00eemp\u0103rt\u0103\u0219e\u0219te secrete fascinante ale trecutului.<\/p>\n<\/li>\n<\/ul>\n<hr data-start=\"1386\" data-end=\"1389\" \/>\n<h3 data-start=\"1805\" data-end=\"1831\"><strong data-start=\"1809\" data-end=\"1829\">Dup\u0103 zbor<\/strong><\/h3>\n<ul data-start=\"1832\" data-end=\"2012\">\n<li data-start=\"1832\" data-end=\"1915\">\n<p data-start=\"1834\" data-end=\"1915\"><strong data-start=\"1834\" data-end=\"1853\">Transfer de retur<\/strong> \ud83d\ude90: Relaxa\u021bi-v\u0103 \u00een timp ce v\u0103 ducem \u00eenapoi la hotel sau la vasul de croazier\u0103.<\/p>\n<\/li>\n<li data-start=\"1916\" data-end=\"2012\">\n<p data-start=\"1918\" data-end=\"2012\"><strong data-start=\"1918\" data-end=\"1940\">Mic dejun op\u021bional<\/strong> \ud83c\udf74: Ad\u0103uga\u021bi un mic dejun egiptean consistent pentru a v\u0103 completa diminea\u021ba magic\u0103.<\/p>\n<\/li>\n<\/ul>\n<hr data-start=\"2014\" data-end=\"2017\" \/>\n<h3 data-start=\"2019\" data-end=\"2072\"><strong data-start=\"2023\" data-end=\"2070\">De ce s\u0103 alege\u021bi o plimbare cu balonul cu aer cald \u00een Luxor?<\/strong><\/h3>\n<ul data-start=\"2073\" data-end=\"2354\">\n<li data-start=\"2073\" data-end=\"2146\">\n<p data-start=\"2075\" data-end=\"2146\">\ud83c\udf88 Vedere aerian\u0103 unic\u0103 a celor mai renumite situri arheologice din lume<\/p>\n<\/li>\n<li data-start=\"2147\" data-end=\"2194\">\n<p data-start=\"2149\" data-end=\"2194\">\ud83c\udf05 R\u0103s\u0103rit spectaculos deasupra V\u0103ii Nilului<\/p>\n<\/li>\n<li data-start=\"2195\" data-end=\"2249\">\n<p data-start=\"2197\" data-end=\"2249\">\ud83e\uddd1\u200d\u2708\ufe0f Pilo\u021bi profesioni\u0219ti \u0219i standarde de siguran\u021b\u0103 de top<\/p>\n<\/li>\n<li data-start=\"2250\" data-end=\"2309\">\n<p data-start=\"2252\" data-end=\"2309\">\ud83d\udcf8 Perfect pentru iubitorii de fotografie \u0219i ocazii speciale<\/p>\n<\/li>\n<li data-start=\"2310\" data-end=\"2354\">\n<p data-start=\"2312\" data-end=\"2354\">\ud83d\ude90 Ridicarea \u0219i cobor\u00e2rea convenabil\u0103 de la hotel<\/p>\n<\/li>\n<\/ul>\n<hr data-start=\"2014\" data-end=\"2017\" \/>\n<h3 data-start=\"493\" data-end=\"529\">\ud83d\udde3\ufe0f <strong data-start=\"501\" data-end=\"527\">Vorbim limba ta<\/strong><\/h3>\n<ul data-start=\"530\" data-end=\"594\">\n<li>polonez\u0103<\/li>\n<li>francez\u0103<\/li>\n<li>Englez\u0103<\/li>\n<li>german\u0103<\/li>\n<li>portughez\u0103<\/li>\n<li>spaniol\u0103<\/li>\n<li>...\u0219i multe altele!<\/li>\n<\/ul>\n<p data-start=\"596\" data-end=\"678\">Indiferent de unde veni\u021bi, v\u0103 asigur\u0103m o comunicare u\u0219oar\u0103 \u0219i o atingere personalizat\u0103.<\/p>\n<hr data-start=\"2014\" data-end=\"2017\" \/>\n<h3 data-start=\"2198\" data-end=\"2225\"><strong data-start=\"2205\" data-end=\"2223\">\ud83e\udd11 Pre\u021bul excursiei<\/strong><\/h3>\n<table style=\"height: 189px;\" width=\"596\">\n<tbody>\n<tr>\n<td width=\"64\"><strong>pax<\/strong><\/td>\n<td width=\"66\"><strong><img decoding=\"async\" class=\"emoji\" role=\"img\" draggable=\"false\" src=\"https:\/\/s.w.org\/images\/core\/emoji\/16.0.1\/svg\/1f64e-1f3fb-200d-2642-fe0f.svg\" alt=\"\ud83d\ude4e\ud83c\udffb\u200d\u2642\ufe0f\" \/> 12 ani \u0219i peste<\/strong><\/td>\n<td width=\"80\"><strong><img decoding=\"async\" class=\"emoji\" role=\"img\" draggable=\"false\" src=\"https:\/\/s.w.org\/images\/core\/emoji\/16.0.1\/svg\/1f9cd-1f3fb-200d-2640-fe0f.svg\" alt=\"\ud83e\uddcd\ud83c\udffb\u200d\u2640\ufe0f\" \/> 6\/11 ani<\/strong><\/td>\n<\/tr>\n<tr>\n<td style=\"text-align: center;\"><strong>2<\/strong><\/td>\n<td style=\"text-align: center;\"><strong>\u00a0\u20ac\u00a0\u00a0 230.00<\/strong><\/td>\n<td style=\"text-align: center;\"><strong>\u00a0\u20ac\u00a0\u00a0\u00a0\u00a0\u00a0\u00a0\u00a0\u00a0\u00a0\u00a0\u00a0\u00a0 130<\/strong><\/td>\n<\/tr>\n<tr>\n<td style=\"text-align: center;\"><strong>3<\/strong><\/td>\n<td style=\"text-align: center;\"><strong>\u00a0\u20ac\u00a0\u00a0 210.00<\/strong><\/td>\n<td style=\"text-align: center;\"><strong>\u00a0\u20ac\u00a0\u00a0\u00a0\u00a0\u00a0\u00a0\u00a0\u00a0\u00a0\u00a0\u00a0\u00a0 130<\/strong><\/td>\n<\/tr>\n<tr>\n<td style=\"text-align: center;\"><strong>4<\/strong><\/td>\n<td style=\"text-align: center;\"><strong>\u00a0\u20ac\u00a0\u00a0 185.00<\/strong><\/td>\n<td style=\"text-align: center;\"><strong>\u00a0\u20ac\u00a0\u00a0\u00a0\u00a0\u00a0\u00a0\u00a0\u00a0\u00a0\u00a0\u00a0\u00a0 130<\/strong><\/td>\n<\/tr>\n<tr>\n<td style=\"text-align: center;\"><strong>5<\/strong><\/td>\n<td style=\"text-align: center;\"><strong>\u00a0\u20ac\u00a0\u00a0 175.00<\/strong><\/td>\n<td style=\"text-align: center;\"><strong>\u00a0\u20ac\u00a0\u00a0\u00a0\u00a0\u00a0\u00a0\u00a0\u00a0\u00a0\u00a0\u00a0\u00a0 130<\/strong><\/td>\n<\/tr>\n<tr>\n<td style=\"text-align: center;\"><strong>6<\/strong><\/td>\n<td style=\"text-align: center;\"><strong>\u00a0\u20ac\u00a0\u00a0 165.00<\/strong><\/td>\n<td style=\"text-align: center;\"><strong>\u00a0\u20ac\u00a0\u00a0\u00a0\u00a0\u00a0\u00a0\u00a0\u00a0\u00a0\u00a0\u00a0\u00a0 130<\/strong><\/td>\n<\/tr>\n<\/tbody>\n<\/table>\n<p data-start=\"2228\" data-end=\"2260\"><strong data-start=\"2327\" data-end=\"2355\"> \u00a0<img decoding=\"async\" class=\"emoji\" role=\"img\" draggable=\"false\" src=\"https:\/\/s.w.org\/images\/core\/emoji\/16.0.1\/svg\/1f47c-1f3fc.svg\" alt=\"\ud83d\udc7c\ud83c\udffc\" \/> -5 ani Interzis<\/strong><\/p>\n<h3 data-start=\"2198\" data-end=\"2225\"><strong data-start=\"2205\" data-end=\"2223\">Plata \u00een USD ($ \ud83c\uddfa\ud83c\uddf8) \u00een loc de EUR (\u20ac \ud83c\uddea\ud83c\uddfa) este disponibil\u0103 \u00een func\u021bie de cursul bancar zilnic.<\/strong><\/h3>\n<p><strong>Rezerv\u0103 prin WhatsApp:<\/strong><\/p>\n<p><a href=\"https:\/\/api.whatsapp.com\/send\/?phone=01021058859\" target=\"_blank\" rel=\"noopener\">\u00a0<img decoding=\"async\" class=\"alignnone wp-image-2058\" src=\"https:\/\/poehalisnamiegypt.com\/wp-content\/uploads\/2024\/02\/pngwing.com_-300x300.png\" sizes=\"auto, (max-width: 35px) 100vw, 35px\" srcset=\"https:\/\/poehalisnamiegypt.com\/wp-content\/uploads\/2024\/02\/pngwing.com_-300x300.png 300w, https:\/\/poehalisnamiegypt.com\/wp-content\/uploads\/2024\/02\/pngwing.com_-150x150.png 150w, https:\/\/poehalisnamiegypt.com\/wp-content\/uploads\/2024\/02\/pngwing.com_.png 584w\" alt=\"\" width=\"53\" height=\"53\" \/><\/a><\/p>\n<div id=\"gtx-trans\" style=\"position: absolute; left: 297px; top: 3.375px;\">\n<div class=\"gtx-trans-icon\"><\/div>\n<\/div>","protected":false},"excerpt":{"rendered":"<p>\ud83c\udf88 Luxor Hot Air Balloon Ride \u2013 A Magical Journey Above Ancient Egypt Experience the ultimate adventure at sunrise with a breathtaking hot air balloon ride over Luxor, the world\u2019s largest open-air museum. Float silently above the timeless landscapes where the mighty pharaohs once ruled, and witness the Nile, temples, and valleys bathed in golden [&hellip;]<\/p>\n","protected":false},"featured_media":9887,"comment_status":"open","ping_status":"closed","template":"","meta":[],"product_brand":[],"product_cat":[65],"product_tag":[],"class_list":{"0":"post-9880","1":"product","2":"type-product","3":"status-publish","4":"has-post-thumbnail","6":"product_cat-luxor","8":"first","9":"instock","10":"shipping-taxable","11":"purchasable","12":"product-type-ovabrw_car_rental"},"yoast_head":"<!-- This site is optimized with the Yoast SEO plugin v27.5 - https:\/\/yoast.com\/product\/yoast-seo-wordpress\/ -->\n<title>Luxor Balloon Ride: Sunrise Views &amp; West Bank Tour - Golden Horizont Egypt<\/title>\n<meta name=\"robots\" content=\"index, follow, max-snippet:-1, max-image-preview:large, max-video-preview:-1\" \/>\n<link rel=\"canonical\" href=\"https:\/\/goldenhorizontegypt.com\/ro\/produs\/luxor-ballon-trip\/\" \/>\n<meta property=\"og:locale\" content=\"ro_RO\" \/>\n<meta property=\"og:type\" content=\"article\" \/>\n<meta property=\"og:title\" content=\"Luxor Balloon Ride: Sunrise Views &amp; West Bank Tour - Golden Horizont Egypt\" \/>\n<meta property=\"og:description\" content=\"\ud83c\udf88 Luxor Hot Air Balloon Ride \u2013 A Magical Journey Above Ancient Egypt Experience the ultimate adventure at sunrise with a breathtaking hot air balloon ride over Luxor, the world\u2019s largest open-air museum. Float silently above the timeless landscapes where the mighty pharaohs once ruled, and witness the Nile, temples, and valleys bathed in golden [&hellip;]\" \/>\n<meta property=\"og:url\" content=\"https:\/\/goldenhorizontegypt.com\/ro\/produs\/luxor-ballon-trip\/\" \/>\n<meta property=\"og:site_name\" content=\"Golden Horizont Egypt\" \/>\n<meta property=\"article:modified_time\" content=\"2026-02-12T15:13:57+00:00\" \/>\n<meta property=\"og:image\" content=\"https:\/\/goldenhorizontegypt.com\/wp-content\/uploads\/2025\/09\/Luxor-Hot-Air-Balloon-1.jpeg\" \/>\n\t<meta property=\"og:image:width\" content=\"1080\" \/>\n\t<meta property=\"og:image:height\" content=\"721\" \/>\n\t<meta property=\"og:image:type\" content=\"image\/jpeg\" \/>\n<meta name=\"twitter:card\" content=\"summary_large_image\" \/>\n<meta name=\"twitter:label1\" content=\"Timp estimat pentru citire\" \/>\n\t<meta name=\"twitter:data1\" content=\"2 minute\" \/>\n<script type=\"application\/ld+json\" class=\"yoast-schema-graph\">{\"@context\":\"https:\\\/\\\/schema.org\",\"@graph\":[{\"@type\":\"WebPage\",\"@id\":\"https:\\\/\\\/goldenhorizontegypt.com\\\/product\\\/luxor-ballon-trip\\\/\",\"url\":\"https:\\\/\\\/goldenhorizontegypt.com\\\/product\\\/luxor-ballon-trip\\\/\",\"name\":\"Luxor Balloon Ride: Sunrise Views & West Bank Tour - Golden Horizont Egypt\",\"isPartOf\":{\"@id\":\"https:\\\/\\\/goldenhorizontegypt.com\\\/#website\"},\"primaryImageOfPage\":{\"@id\":\"https:\\\/\\\/goldenhorizontegypt.com\\\/product\\\/luxor-ballon-trip\\\/#primaryimage\"},\"image\":{\"@id\":\"https:\\\/\\\/goldenhorizontegypt.com\\\/product\\\/luxor-ballon-trip\\\/#primaryimage\"},\"thumbnailUrl\":\"https:\\\/\\\/goldenhorizontegypt.com\\\/wp-content\\\/uploads\\\/2025\\\/09\\\/Luxor-Hot-Air-Balloon-1.jpeg\",\"datePublished\":\"2025-09-07T11:07:34+00:00\",\"dateModified\":\"2026-02-12T15:13:57+00:00\",\"breadcrumb\":{\"@id\":\"https:\\\/\\\/goldenhorizontegypt.com\\\/product\\\/luxor-ballon-trip\\\/#breadcrumb\"},\"inLanguage\":\"ro-RO\",\"potentialAction\":[{\"@type\":\"ReadAction\",\"target\":[\"https:\\\/\\\/goldenhorizontegypt.com\\\/product\\\/luxor-ballon-trip\\\/\"]}]},{\"@type\":\"ImageObject\",\"inLanguage\":\"ro-RO\",\"@id\":\"https:\\\/\\\/goldenhorizontegypt.com\\\/product\\\/luxor-ballon-trip\\\/#primaryimage\",\"url\":\"https:\\\/\\\/goldenhorizontegypt.com\\\/wp-content\\\/uploads\\\/2025\\\/09\\\/Luxor-Hot-Air-Balloon-1.jpeg\",\"contentUrl\":\"https:\\\/\\\/goldenhorizontegypt.com\\\/wp-content\\\/uploads\\\/2025\\\/09\\\/Luxor-Hot-Air-Balloon-1.jpeg\",\"width\":1080,\"height\":721},{\"@type\":\"BreadcrumbList\",\"@id\":\"https:\\\/\\\/goldenhorizontegypt.com\\\/product\\\/luxor-ballon-trip\\\/#breadcrumb\",\"itemListElement\":[{\"@type\":\"ListItem\",\"position\":1,\"name\":\"Home\",\"item\":\"https:\\\/\\\/goldenhorizontegypt.com\\\/\"},{\"@type\":\"ListItem\",\"position\":2,\"name\":\"Shop\",\"item\":\"https:\\\/\\\/goldenhorizontegypt.com\\\/shop\\\/\"},{\"@type\":\"ListItem\",\"position\":3,\"name\":\"Luxor Balloon Ride: Sunrise Views &#038; West Bank Tour\"}]},{\"@type\":\"WebSite\",\"@id\":\"https:\\\/\\\/goldenhorizontegypt.com\\\/#website\",\"url\":\"https:\\\/\\\/goldenhorizontegypt.com\\\/\",\"name\":\"Golden Horizont Egypt\",\"description\":\"\",\"potentialAction\":[{\"@type\":\"SearchAction\",\"target\":{\"@type\":\"EntryPoint\",\"urlTemplate\":\"https:\\\/\\\/goldenhorizontegypt.com\\\/?s={search_term_string}\"},\"query-input\":{\"@type\":\"PropertyValueSpecification\",\"valueRequired\":true,\"valueName\":\"search_term_string\"}}],\"inLanguage\":\"ro-RO\"}]}<\/script>\n<!-- \/ Yoast SEO plugin. -->","yoast_head_json":{"title":"Luxor Balloon Ride: Sunrise Views & West Bank Tour - Golden Horizont Egypt","robots":{"index":"index","follow":"follow","max-snippet":"max-snippet:-1","max-image-preview":"max-image-preview:large","max-video-preview":"max-video-preview:-1"},"canonical":"https:\/\/goldenhorizontegypt.com\/ro\/produs\/luxor-ballon-trip\/","og_locale":"ro_RO","og_type":"article","og_title":"Luxor Balloon Ride: Sunrise Views & West Bank Tour - Golden Horizont Egypt","og_description":"\ud83c\udf88 Luxor Hot Air Balloon Ride \u2013 A Magical Journey Above Ancient Egypt Experience the ultimate adventure at sunrise with a breathtaking hot air balloon ride over Luxor, the world\u2019s largest open-air museum. Float silently above the timeless landscapes where the mighty pharaohs once ruled, and witness the Nile, temples, and valleys bathed in golden [&hellip;]","og_url":"https:\/\/goldenhorizontegypt.com\/ro\/produs\/luxor-ballon-trip\/","og_site_name":"Golden Horizont Egypt","article_modified_time":"2026-02-12T15:13:57+00:00","og_image":[{"width":1080,"height":721,"url":"https:\/\/goldenhorizontegypt.com\/wp-content\/uploads\/2025\/09\/Luxor-Hot-Air-Balloon-1.jpeg","type":"image\/jpeg"}],"twitter_card":"summary_large_image","twitter_misc":{"Timp estimat pentru citire":"2 minute"},"schema":{"@context":"https:\/\/schema.org","@graph":[{"@type":"WebPage","@id":"https:\/\/goldenhorizontegypt.com\/product\/luxor-ballon-trip\/","url":"https:\/\/goldenhorizontegypt.com\/product\/luxor-ballon-trip\/","name":"Luxor Balloon Ride: Sunrise Views & West Bank Tour - Golden Horizont Egypt","isPartOf":{"@id":"https:\/\/goldenhorizontegypt.com\/#website"},"primaryImageOfPage":{"@id":"https:\/\/goldenhorizontegypt.com\/product\/luxor-ballon-trip\/#primaryimage"},"image":{"@id":"https:\/\/goldenhorizontegypt.com\/product\/luxor-ballon-trip\/#primaryimage"},"thumbnailUrl":"https:\/\/goldenhorizontegypt.com\/wp-content\/uploads\/2025\/09\/Luxor-Hot-Air-Balloon-1.jpeg","datePublished":"2025-09-07T11:07:34+00:00","dateModified":"2026-02-12T15:13:57+00:00","breadcrumb":{"@id":"https:\/\/goldenhorizontegypt.com\/product\/luxor-ballon-trip\/#breadcrumb"},"inLanguage":"ro-RO","potentialAction":[{"@type":"ReadAction","target":["https:\/\/goldenhorizontegypt.com\/product\/luxor-ballon-trip\/"]}]},{"@type":"ImageObject","inLanguage":"ro-RO","@id":"https:\/\/goldenhorizontegypt.com\/product\/luxor-ballon-trip\/#primaryimage","url":"https:\/\/goldenhorizontegypt.com\/wp-content\/uploads\/2025\/09\/Luxor-Hot-Air-Balloon-1.jpeg","contentUrl":"https:\/\/goldenhorizontegypt.com\/wp-content\/uploads\/2025\/09\/Luxor-Hot-Air-Balloon-1.jpeg","width":1080,"height":721},{"@type":"BreadcrumbList","@id":"https:\/\/goldenhorizontegypt.com\/product\/luxor-ballon-trip\/#breadcrumb","itemListElement":[{"@type":"ListItem","position":1,"name":"Home","item":"https:\/\/goldenhorizontegypt.com\/"},{"@type":"ListItem","position":2,"name":"Shop","item":"https:\/\/goldenhorizontegypt.com\/shop\/"},{"@type":"ListItem","position":3,"name":"Luxor Balloon Ride: Sunrise Views &#038; West Bank Tour"}]},{"@type":"WebSite","@id":"https:\/\/goldenhorizontegypt.com\/#website","url":"https:\/\/goldenhorizontegypt.com\/","name":"Orizont de Aur Egipt","description":"","potentialAction":[{"@type":"SearchAction","target":{"@type":"EntryPoint","urlTemplate":"https:\/\/goldenhorizontegypt.com\/?s={search_term_string}"},"query-input":{"@type":"PropertyValueSpecification","valueRequired":true,"valueName":"search_term_string"}}],"inLanguage":"ro-RO"}]}},"_links":{"self":[{"href":"https:\/\/goldenhorizontegypt.com\/ro\/wp-json\/wp\/v2\/product\/9880","targetHints":{"allow":["GET"]}}],"collection":[{"href":"https:\/\/goldenhorizontegypt.com\/ro\/wp-json\/wp\/v2\/product"}],"about":[{"href":"https:\/\/goldenhorizontegypt.com\/ro\/wp-json\/wp\/v2\/types\/product"}],"replies":[{"embeddable":true,"href":"https:\/\/goldenhorizontegypt.com\/ro\/wp-json\/wp\/v2\/comments?post=9880"}],"wp:featuredmedia":[{"embeddable":true,"href":"https:\/\/goldenhorizontegypt.com\/ro\/wp-json\/wp\/v2\/media\/9887"}],"wp:attachment":[{"href":"https:\/\/goldenhorizontegypt.com\/ro\/wp-json\/wp\/v2\/media?parent=9880"}],"wp:term":[{"taxonomy":"product_brand","embeddable":true,"href":"https:\/\/goldenhorizontegypt.com\/ro\/wp-json\/wp\/v2\/product_brand?post=9880"},{"taxonomy":"product_cat","embeddable":true,"href":"https:\/\/goldenhorizontegypt.com\/ro\/wp-json\/wp\/v2\/product_cat?post=9880"},{"taxonomy":"product_tag","embeddable":true,"href":"https:\/\/goldenhorizontegypt.com\/ro\/wp-json\/wp\/v2\/product_tag?post=9880"}],"curies":[{"name":"wp","href":"https:\/\/api.w.org\/{rel}","templated":true}]}}