{"id":9873,"date":"2025-09-07T11:01:15","date_gmt":"2025-09-07T11:01:15","guid":{"rendered":"https:\/\/goldenhorizontegypt.com\/?post_type=product&#038;p=9873"},"modified":"2025-12-28T17:53:56","modified_gmt":"2025-12-28T17:53:56","slug":"luxor-over-night-trip","status":"publish","type":"product","link":"https:\/\/goldenhorizontegypt.com\/ro\/produs\/luxor-over-night-trip\/","title":{"rendered":"Luxor peste noapte: Atrac\u021bii ale Cisiordaniei de Est \u0219i de Vest"},"content":{"rendered":"<h3 data-start=\"176\" data-end=\"256\">\ud83c\udf19 <strong data-start=\"183\" data-end=\"254\">Luxor Overnight Trip - Dou\u0103 zile de minuni antice \u0219i farmec atemporal<\/strong><\/h3>\n<p data-start=\"258\" data-end=\"629\">Descoperi\u021bi secretele Egiptului antic cu <strong data-start=\"304\" data-end=\"328\">Tur de noapte \u00een Luxor<\/strong>, conceput pentru c\u0103l\u0103torii care doresc s\u0103 experimenteze comorile din Luxor la un <strong data-start=\"404\" data-end=\"425\">ritm mai relaxat<\/strong>. Aceast\u0103 c\u0103l\u0103torie de dou\u0103 zile v\u0103 permite s\u0103 explora\u021bi minunile b\u0103ncilor de est \u0219i de vest, s\u0103 v\u0103 bucura\u021bi de ospitalitatea egiptean\u0103 autentic\u0103 \u0219i s\u0103 v\u0103 cufunda\u021bi \u00een atmosfera \u00eenc\u00e2nt\u0103toare a acestui muzeu \u00een aer liber.<\/p>\n<hr data-start=\"631\" data-end=\"634\" \/>\n<h3 data-start=\"636\" data-end=\"693\"><strong data-start=\"640\" data-end=\"691\">Ziua 1: C\u0103l\u0103torie spre Luxor \u0219i explorarea East Bank<\/strong><\/h3>\n<h4 data-start=\"695\" data-end=\"729\">\ud83d\ude90 <strong data-start=\"703\" data-end=\"727\">Transfer confortabil<\/strong><\/h4>\n<ul data-start=\"730\" data-end=\"888\">\n<li data-start=\"730\" data-end=\"820\">\n<p data-start=\"732\" data-end=\"820\">\u00cencepe\u021bi cu un <strong data-start=\"745\" data-end=\"764\">preluare diminea\u021ba<\/strong> de la hotelul dvs. \u00eentr-un vehicul modern, cu aer condi\u021bionat.<\/p>\n<\/li>\n<li data-start=\"821\" data-end=\"888\">\n<p data-start=\"823\" data-end=\"888\">Bucura\u021bi-v\u0103 de priveli\u0219tea pitoreasc\u0103 a de\u0219ertului \u0219i a V\u0103ii Nilului \u00een drum spre Luxor.<\/p>\n<\/li>\n<\/ul>\n<h4 data-start=\"890\" data-end=\"926\">\ud83c\udfdb\ufe0f <strong data-start=\"899\" data-end=\"924\">Complexul templului Karnak<\/strong><\/h4>\n<ul data-start=\"927\" data-end=\"1148\">\n<li data-start=\"927\" data-end=\"1054\">\n<p data-start=\"929\" data-end=\"1054\">Explora\u021bi uimitoarele <strong data-start=\"955\" data-end=\"972\">Templul Karnak<\/strong> \u26e9\ufe0f, unul dintre cele mai mari \u0219i mai importante situri religioase din lumea antic\u0103.<\/p>\n<\/li>\n<li data-start=\"1055\" data-end=\"1148\">\n<p data-start=\"1057\" data-end=\"1148\">Merge\u021bi prin marea sal\u0103 hipostyle \u0219i admira\u021bi coloanele colosale \u0219i lacul sacru.<\/p>\n<\/li>\n<\/ul>\n<h4 data-start=\"1150\" data-end=\"1181\">\ud83c\udf74 <strong data-start=\"1158\" data-end=\"1179\">Pr\u00e2nz cu vedere<\/strong><\/h4>\n<ul data-start=\"1182\" data-end=\"1277\">\n<li data-start=\"1182\" data-end=\"1277\">\n<p data-start=\"1184\" data-end=\"1277\">Savura\u021bi un delicios <strong data-start=\"1203\" data-end=\"1221\">Pr\u00e2nz egiptean<\/strong> \ud83c\udf7d\ufe0f la un restaurant tradi\u021bional cu vedere la Nil.<\/p>\n<\/li>\n<\/ul>\n<h4 data-start=\"1660\" data-end=\"1694\">\ud83c\udfdc\ufe0f <strong data-start=\"1669\" data-end=\"1692\">Valea Regilor<\/strong><\/h4>\n<ul data-start=\"1695\" data-end=\"1798\">\n<li data-start=\"1695\" data-end=\"1798\">\n<p data-start=\"1697\" data-end=\"1798\">Descoperi\u021bi mormintele antice ale faraonilor legendari ai Egiptului, inclusiv faimosul morm\u00e2nt al lui Tutankhamon.<\/p>\n<\/li>\n<\/ul>\n<h4 data-start=\"1800\" data-end=\"1840\">\u26e9\ufe0f <strong data-start=\"1808\" data-end=\"1838\">Templul Reginei Hatshepsut<\/strong><\/h4>\n<ul data-start=\"1841\" data-end=\"1924\">\n<li data-start=\"1841\" data-end=\"1924\">\n<p data-start=\"1843\" data-end=\"1924\">Admira\u021bi arhitectura unic\u0103 \u0219i istoria acestui magnific templu mortuar.<\/p>\n<\/li>\n<\/ul>\n<h4 data-start=\"1926\" data-end=\"1957\"><strong data-start=\"1934\" data-end=\"1955\">\ud83c\udfdb\ufe0f Templul Luxor\u00a0<\/strong><\/h4>\n<ul data-start=\"1958\" data-end=\"2076\">\n<li data-start=\"1958\" data-end=\"2076\">\n<p data-start=\"1960\" data-end=\"2076\">Unul dintre cele mai frumoase temple ale Egiptului antic, construit pentru zeul Amon \u0219i renumit pentru arhitectura sa maiestuoas\u0103 de pe malul Nilului \u2728<\/p>\n<\/li>\n<\/ul>\n<h4 data-start=\"1926\" data-end=\"1957\">\ud83d\uddff <strong data-start=\"1934\" data-end=\"1955\">Colosii din Memnon<\/strong><\/h4>\n<ul data-start=\"1958\" data-end=\"2076\">\n<li data-start=\"1958\" data-end=\"2076\">\n<p data-start=\"1960\" data-end=\"2076\">F\u0103 fotografii memorabile l\u00e2ng\u0103 aceste statui iconice care au p\u0103zit Necropola Tebian\u0103 timp de peste 3.000 de ani.<\/p>\n<\/li>\n<\/ul>\n<h4 data-start=\"1279\" data-end=\"1316\">\ud83c\udfe8 <strong data-start=\"1287\" data-end=\"1314\">Overnight Stay \u00een Luxor<\/strong><\/h4>\n<ul data-start=\"1317\" data-end=\"1482\">\n<li data-start=\"1317\" data-end=\"1369\">\n<p data-start=\"1319\" data-end=\"1369\">\u00cenregistra\u021bi-v\u0103 la un <strong data-start=\"1333\" data-end=\"1363\">hotel confortabil 4\u2605 sau 5\u2605<\/strong> \ud83c\udfe8.<\/p>\n<\/li>\n<li data-start=\"1370\" data-end=\"1482\">\n<p data-start=\"1372\" data-end=\"1482\">Bucura\u021bi-v\u0103 de timp liber pentru a v\u0103 plimba de-a lungul corni\u0219ei Nilului, a experimenta pie\u021bele locale \ud83d\udecd\ufe0f sau a v\u0103 relaxa la hotel.<\/p>\n<\/li>\n<\/ul>\n<hr data-start=\"1484\" data-end=\"1487\" \/>\n<h3 data-start=\"1489\" data-end=\"1536\"><strong data-start=\"1493\" data-end=\"1534\">Ziua 2: Explorarea Cisiordaniei \u0219i \u00eentoarcerea<\/strong><\/h3>\n<h4 data-start=\"1538\" data-end=\"1569\">\ud83c\udf04 <strong data-start=\"1546\" data-end=\"1567\">Aventura de diminea\u021b\u0103<\/strong><\/h4>\n<ul data-start=\"1570\" data-end=\"1658\">\n<li data-start=\"1570\" data-end=\"1658\">\n<p data-start=\"1572\" data-end=\"1658\">Dup\u0103 micul dejun \u2615, traversa\u021bi Nilul pentru a explora fascinantele <strong data-start=\"1633\" data-end=\"1655\">West Bank of Luxor cu balon <\/strong>.<\/p>\n<\/li>\n<\/ul>\n<h4 data-start=\"2179\" data-end=\"2208\">\ud83d\ude90 <strong data-start=\"2187\" data-end=\"2206\">Transfer de retur<\/strong><\/h4>\n<ul data-start=\"2209\" data-end=\"2297\">\n<li data-start=\"2209\" data-end=\"2297\">\n<p data-start=\"2211\" data-end=\"2297\">\u00centoarce\u021bi-v\u0103 la hotel cu amintiri de neuitat despre istoria \u0219i frumuse\u021bea ora\u0219ului Luxor.<\/p>\n<\/li>\n<\/ul>\n<hr data-start=\"2299\" data-end=\"2302\" \/>\n<h3 data-start=\"2304\" data-end=\"2329\"><strong data-start=\"2308\" data-end=\"2327\">Repere ale turului<\/strong><\/h3>\n<ul data-start=\"2330\" data-end=\"2581\">\n<li data-start=\"2330\" data-end=\"2394\">\n<p data-start=\"2332\" data-end=\"2394\">\ud83d\ude90 Transferuri dus-\u00eentors \u00eentr-un vehicul modern, cu aer condi\u021bionat<\/p>\n<\/li>\n<li data-start=\"2395\" data-end=\"2448\">\n<p data-start=\"2397\" data-end=\"2448\">\ud83c\udfdb\ufe0f Tururi ghidate cu un egiptolog profesionist<\/p>\n<\/li>\n<li data-start=\"2449\" data-end=\"2494\">\n<p data-start=\"2451\" data-end=\"2494\">\ud83c\udf74 2 pr\u00e2nzuri la restaurante locale de calitate<\/p>\n<\/li>\n<li data-start=\"2495\" data-end=\"2545\">\n<p data-start=\"2497\" data-end=\"2545\">\ud83c\udfe8 Cazare peste noapte \u00een Luxor (4\u2605 sau 5\u2605)<\/p>\n<\/li>\n<li data-start=\"2546\" data-end=\"2581\">\n<p data-start=\"2548\" data-end=\"2581\">\u26f4\ufe0f Traversarea r\u00e2ului Nil inclus\u0103<\/p>\n<\/li>\n<\/ul>\n<hr data-start=\"2299\" data-end=\"2302\" \/>\n<h3 data-start=\"493\" data-end=\"529\">\ud83d\udde3\ufe0f <strong data-start=\"501\" data-end=\"527\">Vorbim limba ta<\/strong><\/h3>\n<ul data-start=\"530\" data-end=\"594\">\n<li>polonez\u0103<\/li>\n<li>francez\u0103<\/li>\n<li>Englez\u0103<\/li>\n<li>german\u0103<\/li>\n<li>portughez\u0103<\/li>\n<li>spaniol\u0103<\/li>\n<li>...\u0219i multe altele!<\/li>\n<\/ul>\n<p data-start=\"596\" data-end=\"678\">Indiferent de unde veni\u021bi, v\u0103 asigur\u0103m o comunicare u\u0219oar\u0103 \u0219i o atingere personalizat\u0103.<\/p>\n<hr data-start=\"2299\" data-end=\"2302\" \/>\n<h3 data-start=\"2198\" data-end=\"2225\"><strong data-start=\"2205\" data-end=\"2223\">\ud83e\udd11 Pre\u021bul excursiei<\/strong><\/h3>\n<p data-start=\"2228\" data-end=\"2260\"><strong data-start=\"2233\" data-end=\"2258\">\u00a0 \u00a0<img decoding=\"async\" class=\"emoji\" role=\"img\" draggable=\"false\" src=\"https:\/\/s.w.org\/images\/core\/emoji\/16.0.1\/svg\/1f64e-1f3fb-200d-2642-fe0f.svg\" alt=\"\ud83d\ude4e\ud83c\udffb\u200d\u2642\ufe0f\" \/> 12 ani \u0219i peste 260 \u20ac<\/strong><\/p>\n<p data-start=\"2228\" data-end=\"2260\"><strong data-start=\"2263\" data-end=\"2280\">\u00a0 \u00a0<img decoding=\"async\" class=\"emoji\" role=\"img\" draggable=\"false\" src=\"https:\/\/s.w.org\/images\/core\/emoji\/16.0.1\/svg\/1f9cd-1f3fb-200d-2640-fe0f.svg\" alt=\"\ud83e\uddcd\ud83c\udffb\u200d\u2640\ufe0f\" \/> 4\/11 ani 150 \u20ac<\/strong><\/p>\n<p data-start=\"2228\" data-end=\"2260\"><strong data-start=\"2327\" data-end=\"2355\">\u00a0 \u00a0<img decoding=\"async\" class=\"emoji\" role=\"img\" draggable=\"false\" src=\"https:\/\/s.w.org\/images\/core\/emoji\/16.0.1\/svg\/1f47c-1f3fc.svg\" alt=\"\ud83d\udc7c\ud83c\udffc\" \/> -4 ani 20 \u20ac<\/strong><\/p>\n<h3 data-start=\"2198\" data-end=\"2225\"><strong data-start=\"2205\" data-end=\"2223\">Plata \u00een USD ($ \ud83c\uddfa\ud83c\uddf8) \u00een loc de EUR (\u20ac \ud83c\uddea\ud83c\uddfa) este disponibil\u0103 \u00een func\u021bie de cursul bancar zilnic.<\/strong><\/h3>\n<p><strong>Rezerv\u0103 prin WhatsApp:<\/strong><\/p>\n<p><a href=\"https:\/\/api.whatsapp.com\/send\/?phone=01021058859\" target=\"_blank\" rel=\"noopener\">\u00a0<img decoding=\"async\" class=\"alignnone wp-image-2058\" src=\"https:\/\/poehalisnamiegypt.com\/wp-content\/uploads\/2024\/02\/pngwing.com_-300x300.png\" sizes=\"auto, (max-width: 35px) 100vw, 35px\" srcset=\"https:\/\/poehalisnamiegypt.com\/wp-content\/uploads\/2024\/02\/pngwing.com_-300x300.png 300w, https:\/\/poehalisnamiegypt.com\/wp-content\/uploads\/2024\/02\/pngwing.com_-150x150.png 150w, https:\/\/poehalisnamiegypt.com\/wp-content\/uploads\/2024\/02\/pngwing.com_.png 584w\" alt=\"\" width=\"53\" height=\"53\" \/><\/a><\/p>","protected":false},"excerpt":{"rendered":"<p>\ud83c\udf19 Luxor Overnight Trip \u2013 Two Days of Ancient Wonders &amp; Timeless Charm Uncover the secrets of ancient Egypt with our Luxor Overnight Tour, designed for travelers who wish to experience the treasures of Luxor at a more relaxed pace. This two-day journey allows you to explore the wonders of both the East and West [&hellip;]<\/p>\n","protected":false},"featured_media":9876,"comment_status":"open","ping_status":"closed","template":"","meta":[],"product_brand":[],"product_cat":[65],"product_tag":[],"class_list":{"0":"post-9873","1":"product","2":"type-product","3":"status-publish","4":"has-post-thumbnail","6":"product_cat-luxor","8":"first","9":"instock","10":"shipping-taxable","11":"purchasable","12":"product-type-ovabrw_car_rental"},"yoast_head":"<!-- This site is optimized with the Yoast SEO plugin v27.5 - https:\/\/yoast.com\/product\/yoast-seo-wordpress\/ -->\n<title>Luxor Overnight: East &amp; West Bank Highlights - Golden Horizont Egypt<\/title>\n<meta name=\"robots\" content=\"index, follow, max-snippet:-1, max-image-preview:large, max-video-preview:-1\" \/>\n<link rel=\"canonical\" href=\"https:\/\/goldenhorizontegypt.com\/ro\/produs\/luxor-over-night-trip\/\" \/>\n<meta property=\"og:locale\" content=\"ro_RO\" \/>\n<meta property=\"og:type\" content=\"article\" \/>\n<meta property=\"og:title\" content=\"Luxor Overnight: East &amp; West Bank Highlights - Golden Horizont Egypt\" \/>\n<meta property=\"og:description\" content=\"\ud83c\udf19 Luxor Overnight Trip \u2013 Two Days of Ancient Wonders &amp; Timeless Charm Uncover the secrets of ancient Egypt with our Luxor Overnight Tour, designed for travelers who wish to experience the treasures of Luxor at a more relaxed pace. This two-day journey allows you to explore the wonders of both the East and West [&hellip;]\" \/>\n<meta property=\"og:url\" content=\"https:\/\/goldenhorizontegypt.com\/ro\/produs\/luxor-over-night-trip\/\" \/>\n<meta property=\"og:site_name\" content=\"Golden Horizont Egypt\" \/>\n<meta property=\"article:modified_time\" content=\"2025-12-28T17:53:56+00:00\" \/>\n<meta property=\"og:image\" content=\"https:\/\/goldenhorizontegypt.com\/wp-content\/uploads\/2025\/09\/2222.png\" \/>\n\t<meta property=\"og:image:width\" content=\"850\" \/>\n\t<meta property=\"og:image:height\" content=\"500\" \/>\n\t<meta property=\"og:image:type\" content=\"image\/png\" \/>\n<meta name=\"twitter:card\" content=\"summary_large_image\" \/>\n<meta name=\"twitter:label1\" content=\"Timp estimat pentru citire\" \/>\n\t<meta name=\"twitter:data1\" content=\"2 minute\" \/>\n<script type=\"application\/ld+json\" class=\"yoast-schema-graph\">{\"@context\":\"https:\\\/\\\/schema.org\",\"@graph\":[{\"@type\":\"WebPage\",\"@id\":\"https:\\\/\\\/goldenhorizontegypt.com\\\/product\\\/luxor-over-night-trip\\\/\",\"url\":\"https:\\\/\\\/goldenhorizontegypt.com\\\/product\\\/luxor-over-night-trip\\\/\",\"name\":\"Luxor Overnight: East & West Bank Highlights - Golden Horizont Egypt\",\"isPartOf\":{\"@id\":\"https:\\\/\\\/goldenhorizontegypt.com\\\/#website\"},\"primaryImageOfPage\":{\"@id\":\"https:\\\/\\\/goldenhorizontegypt.com\\\/product\\\/luxor-over-night-trip\\\/#primaryimage\"},\"image\":{\"@id\":\"https:\\\/\\\/goldenhorizontegypt.com\\\/product\\\/luxor-over-night-trip\\\/#primaryimage\"},\"thumbnailUrl\":\"https:\\\/\\\/goldenhorizontegypt.com\\\/wp-content\\\/uploads\\\/2025\\\/09\\\/2222.png\",\"datePublished\":\"2025-09-07T11:01:15+00:00\",\"dateModified\":\"2025-12-28T17:53:56+00:00\",\"breadcrumb\":{\"@id\":\"https:\\\/\\\/goldenhorizontegypt.com\\\/product\\\/luxor-over-night-trip\\\/#breadcrumb\"},\"inLanguage\":\"ro-RO\",\"potentialAction\":[{\"@type\":\"ReadAction\",\"target\":[\"https:\\\/\\\/goldenhorizontegypt.com\\\/product\\\/luxor-over-night-trip\\\/\"]}]},{\"@type\":\"ImageObject\",\"inLanguage\":\"ro-RO\",\"@id\":\"https:\\\/\\\/goldenhorizontegypt.com\\\/product\\\/luxor-over-night-trip\\\/#primaryimage\",\"url\":\"https:\\\/\\\/goldenhorizontegypt.com\\\/wp-content\\\/uploads\\\/2025\\\/09\\\/2222.png\",\"contentUrl\":\"https:\\\/\\\/goldenhorizontegypt.com\\\/wp-content\\\/uploads\\\/2025\\\/09\\\/2222.png\",\"width\":850,\"height\":500},{\"@type\":\"BreadcrumbList\",\"@id\":\"https:\\\/\\\/goldenhorizontegypt.com\\\/product\\\/luxor-over-night-trip\\\/#breadcrumb\",\"itemListElement\":[{\"@type\":\"ListItem\",\"position\":1,\"name\":\"Home\",\"item\":\"https:\\\/\\\/goldenhorizontegypt.com\\\/\"},{\"@type\":\"ListItem\",\"position\":2,\"name\":\"Shop\",\"item\":\"https:\\\/\\\/goldenhorizontegypt.com\\\/shop\\\/\"},{\"@type\":\"ListItem\",\"position\":3,\"name\":\"Luxor Overnight: East &#038; West Bank Highlights\"}]},{\"@type\":\"WebSite\",\"@id\":\"https:\\\/\\\/goldenhorizontegypt.com\\\/#website\",\"url\":\"https:\\\/\\\/goldenhorizontegypt.com\\\/\",\"name\":\"Golden Horizont Egypt\",\"description\":\"\",\"potentialAction\":[{\"@type\":\"SearchAction\",\"target\":{\"@type\":\"EntryPoint\",\"urlTemplate\":\"https:\\\/\\\/goldenhorizontegypt.com\\\/?s={search_term_string}\"},\"query-input\":{\"@type\":\"PropertyValueSpecification\",\"valueRequired\":true,\"valueName\":\"search_term_string\"}}],\"inLanguage\":\"ro-RO\"}]}<\/script>\n<!-- \/ Yoast SEO plugin. -->","yoast_head_json":{"title":"Luxor Overnight: East & West Bank Highlights - Golden Horizont Egypt","robots":{"index":"index","follow":"follow","max-snippet":"max-snippet:-1","max-image-preview":"max-image-preview:large","max-video-preview":"max-video-preview:-1"},"canonical":"https:\/\/goldenhorizontegypt.com\/ro\/produs\/luxor-over-night-trip\/","og_locale":"ro_RO","og_type":"article","og_title":"Luxor Overnight: East & West Bank Highlights - Golden Horizont Egypt","og_description":"\ud83c\udf19 Luxor Overnight Trip \u2013 Two Days of Ancient Wonders &amp; Timeless Charm Uncover the secrets of ancient Egypt with our Luxor Overnight Tour, designed for travelers who wish to experience the treasures of Luxor at a more relaxed pace. This two-day journey allows you to explore the wonders of both the East and West [&hellip;]","og_url":"https:\/\/goldenhorizontegypt.com\/ro\/produs\/luxor-over-night-trip\/","og_site_name":"Golden Horizont Egypt","article_modified_time":"2025-12-28T17:53:56+00:00","og_image":[{"width":850,"height":500,"url":"https:\/\/goldenhorizontegypt.com\/wp-content\/uploads\/2025\/09\/2222.png","type":"image\/png"}],"twitter_card":"summary_large_image","twitter_misc":{"Timp estimat pentru citire":"2 minute"},"schema":{"@context":"https:\/\/schema.org","@graph":[{"@type":"WebPage","@id":"https:\/\/goldenhorizontegypt.com\/product\/luxor-over-night-trip\/","url":"https:\/\/goldenhorizontegypt.com\/product\/luxor-over-night-trip\/","name":"Luxor Overnight: East & West Bank Highlights - Golden Horizont Egypt","isPartOf":{"@id":"https:\/\/goldenhorizontegypt.com\/#website"},"primaryImageOfPage":{"@id":"https:\/\/goldenhorizontegypt.com\/product\/luxor-over-night-trip\/#primaryimage"},"image":{"@id":"https:\/\/goldenhorizontegypt.com\/product\/luxor-over-night-trip\/#primaryimage"},"thumbnailUrl":"https:\/\/goldenhorizontegypt.com\/wp-content\/uploads\/2025\/09\/2222.png","datePublished":"2025-09-07T11:01:15+00:00","dateModified":"2025-12-28T17:53:56+00:00","breadcrumb":{"@id":"https:\/\/goldenhorizontegypt.com\/product\/luxor-over-night-trip\/#breadcrumb"},"inLanguage":"ro-RO","potentialAction":[{"@type":"ReadAction","target":["https:\/\/goldenhorizontegypt.com\/product\/luxor-over-night-trip\/"]}]},{"@type":"ImageObject","inLanguage":"ro-RO","@id":"https:\/\/goldenhorizontegypt.com\/product\/luxor-over-night-trip\/#primaryimage","url":"https:\/\/goldenhorizontegypt.com\/wp-content\/uploads\/2025\/09\/2222.png","contentUrl":"https:\/\/goldenhorizontegypt.com\/wp-content\/uploads\/2025\/09\/2222.png","width":850,"height":500},{"@type":"BreadcrumbList","@id":"https:\/\/goldenhorizontegypt.com\/product\/luxor-over-night-trip\/#breadcrumb","itemListElement":[{"@type":"ListItem","position":1,"name":"Home","item":"https:\/\/goldenhorizontegypt.com\/"},{"@type":"ListItem","position":2,"name":"Shop","item":"https:\/\/goldenhorizontegypt.com\/shop\/"},{"@type":"ListItem","position":3,"name":"Luxor Overnight: East &#038; West Bank Highlights"}]},{"@type":"WebSite","@id":"https:\/\/goldenhorizontegypt.com\/#website","url":"https:\/\/goldenhorizontegypt.com\/","name":"Orizont de Aur Egipt","description":"","potentialAction":[{"@type":"SearchAction","target":{"@type":"EntryPoint","urlTemplate":"https:\/\/goldenhorizontegypt.com\/?s={search_term_string}"},"query-input":{"@type":"PropertyValueSpecification","valueRequired":true,"valueName":"search_term_string"}}],"inLanguage":"ro-RO"}]}},"_links":{"self":[{"href":"https:\/\/goldenhorizontegypt.com\/ro\/wp-json\/wp\/v2\/product\/9873","targetHints":{"allow":["GET"]}}],"collection":[{"href":"https:\/\/goldenhorizontegypt.com\/ro\/wp-json\/wp\/v2\/product"}],"about":[{"href":"https:\/\/goldenhorizontegypt.com\/ro\/wp-json\/wp\/v2\/types\/product"}],"replies":[{"embeddable":true,"href":"https:\/\/goldenhorizontegypt.com\/ro\/wp-json\/wp\/v2\/comments?post=9873"}],"wp:featuredmedia":[{"embeddable":true,"href":"https:\/\/goldenhorizontegypt.com\/ro\/wp-json\/wp\/v2\/media\/9876"}],"wp:attachment":[{"href":"https:\/\/goldenhorizontegypt.com\/ro\/wp-json\/wp\/v2\/media?parent=9873"}],"wp:term":[{"taxonomy":"product_brand","embeddable":true,"href":"https:\/\/goldenhorizontegypt.com\/ro\/wp-json\/wp\/v2\/product_brand?post=9873"},{"taxonomy":"product_cat","embeddable":true,"href":"https:\/\/goldenhorizontegypt.com\/ro\/wp-json\/wp\/v2\/product_cat?post=9873"},{"taxonomy":"product_tag","embeddable":true,"href":"https:\/\/goldenhorizontegypt.com\/ro\/wp-json\/wp\/v2\/product_tag?post=9873"}],"curies":[{"name":"wp","href":"https:\/\/api.w.org\/{rel}","templated":true}]}}