{"id":9871,"date":"2025-09-07T10:54:13","date_gmt":"2025-09-07T10:54:13","guid":{"rendered":"https:\/\/goldenhorizontegypt.com\/?post_type=product&#038;p=9871"},"modified":"2026-02-12T15:24:25","modified_gmt":"2026-02-12T15:24:25","slug":"luxor-vip-8-pax","status":"publish","type":"product","link":"https:\/\/goldenhorizontegypt.com\/ro\/produs\/luxor-vip-8-pax\/","title":{"rendered":"Tur VIP Luxor: Lux privat pentru 8 persoane"},"content":{"rendered":"<h3 data-start=\"209\" data-end=\"276\">\ud83d\ude90 <strong data-start=\"216\" data-end=\"274\">Luxor VIP Tour - Experien\u021b\u0103 privat\u0103 pentru p\u00e2n\u0103 la 8 persoane<\/strong><\/h3>\n<p data-start=\"278\" data-end=\"557\">R\u0103sf\u0103\u021ba\u021bi-v\u0103 cu <strong data-start=\"293\" data-end=\"329\">c\u0103l\u0103toria de lux suprem\u0103 la Luxor<\/strong>, unde istoria prinde via\u021b\u0103 printre templele antice, mormintele regale \u0219i peisajele atemporale ale Nilului. Acest <strong data-start=\"428\" data-end=\"467\">Tur privat VIP pentru p\u00e2n\u0103 la 8 persoane<\/strong> este conceput pentru c\u0103l\u0103torii care apreciaz\u0103 <strong data-start=\"504\" data-end=\"554\">confort, exclusivitate \u0219i servicii personalizate<\/strong>.<\/p>\n<hr data-start=\"559\" data-end=\"562\" \/>\n<h3 data-start=\"564\" data-end=\"613\">\ud83c\udf05 <strong data-start=\"571\" data-end=\"611\">Pick-up exclusiv \u0219i transfer privat<\/strong><\/h3>\n<ul data-start=\"614\" data-end=\"895\">\n<li data-start=\"614\" data-end=\"727\">\n<p data-start=\"616\" data-end=\"727\">Bucura\u021bi-v\u0103 de o <strong data-start=\"624\" data-end=\"643\">preluare privat\u0103<\/strong> direct de la hotelul sau sta\u021biunea dvs. \u00eentr-o <strong data-start=\"684\" data-end=\"721\">microbuz luxos cu aer condi\u021bionat<\/strong> \ud83d\ude90.<\/p>\n<\/li>\n<li data-start=\"728\" data-end=\"811\">\n<p data-start=\"730\" data-end=\"811\">Relaxa\u021bi-v\u0103 \u00een <strong data-start=\"739\" data-end=\"759\">scaune spa\u021bioase<\/strong> concepute pentru confortul dumneavoastr\u0103 pe tot parcursul c\u0103l\u0103toriei.<\/p>\n<\/li>\n<li data-start=\"812\" data-end=\"895\">\n<p data-start=\"814\" data-end=\"895\">Gratuit <strong data-start=\"828\" data-end=\"862\">b\u0103uturi r\u0103coritoare \u0219i ap\u0103 \u00eembuteliat\u0103<\/strong> \ud83d\udca7 sunt furnizate pe parcurs.<\/p>\n<\/li>\n<\/ul>\n<hr data-start=\"897\" data-end=\"900\" \/>\n<h3 data-start=\"902\" data-end=\"950\">\ud83c\udfdc\ufe0f <strong data-start=\"910\" data-end=\"948\">Explora\u021bi Cisiordania atemporal\u0103 din Luxor<\/strong><\/h3>\n<p data-start=\"951\" data-end=\"1049\">Ghidul dvs. egiptolog privat v\u0103 va conduce la cele mai emblematice comori ale <strong data-start=\"1033\" data-end=\"1046\">Cisiordania<\/strong>:<\/p>\n<ul data-start=\"1050\" data-end=\"1384\">\n<li data-start=\"1050\" data-end=\"1151\">\n<p data-start=\"1052\" data-end=\"1151\"><strong data-start=\"1052\" data-end=\"1075\">Valea Regilor<\/strong> \ud83c\udfdb\ufe0f - Explora\u021bi mormintele antice ale celor mai faimo\u0219i faraoni din Egipt.<\/p>\n<\/li>\n<li data-start=\"1152\" data-end=\"1263\">\n<p data-start=\"1154\" data-end=\"1263\"><strong data-start=\"1154\" data-end=\"1175\">Templul Hatshepsut<\/strong> \u26e9\ufe0f - Admira\u021bi arhitectura elegant\u0103 a templului mortuar al singurei femei faraon.<\/p>\n<\/li>\n<li data-start=\"1264\" data-end=\"1384\">\n<p data-start=\"1266\" data-end=\"1384\"><strong data-start=\"1266\" data-end=\"1287\">Colosii din Memnon<\/strong> \ud83d\uddff - F\u0103 fotografii de neuitat l\u00e2ng\u0103 aceste statui colosale care au rezistat timp de milenii.<\/p>\n<\/li>\n<\/ul>\n<hr data-start=\"1386\" data-end=\"1389\" \/>\n<h3 data-start=\"1391\" data-end=\"1433\">\ud83c\udffa <strong data-start=\"1398\" data-end=\"1431\">East Bank Highlights \u00een stil mare<\/strong><\/h3>\n<ul data-start=\"1434\" data-end=\"1664\">\n<li data-start=\"1434\" data-end=\"1539\">\n<p data-start=\"1436\" data-end=\"1539\">Vizita\u021bi magnificul <strong data-start=\"1458\" data-end=\"1483\">Complexul templului Karnak<\/strong> - una dintre cele mai mari structuri religioase construite vreodat\u0103.<\/p>\n<\/li>\n<li data-start=\"1540\" data-end=\"1664\">\n<p data-start=\"1542\" data-end=\"1664\">Plimba\u021bi-v\u0103 pe str\u0103vechile bulevarde cu sfinc\u0219i \u0219i piloni impun\u0103tori, \u00een timp ce ghidul v\u0103 \u00eemp\u0103rt\u0103\u0219e\u0219te secrete fascinante ale trecutului.<\/p>\n<\/li>\n<\/ul>\n<hr data-start=\"1666\" data-end=\"1669\" \/>\n<h3 data-start=\"1671\" data-end=\"1704\">\ud83c\udf74 <strong data-start=\"1678\" data-end=\"1702\">Experien\u021b\u0103 de pr\u00e2nz VIP<\/strong><\/h3>\n<p data-start=\"1705\" data-end=\"1880\">Savura\u021bi o <strong data-start=\"1713\" data-end=\"1730\">pr\u00e2nz gourmet<\/strong> \ud83c\udf7d\ufe0f la un restaurant de pe malul Nilului atent selectat. Savura\u021bi buc\u0103t\u0103ria egiptean\u0103 autentic\u0103 cu priveli\u0219ti uluitoare care adaug\u0103 o not\u0103 de magie mesei dumneavoastr\u0103.<\/p>\n<hr data-start=\"1882\" data-end=\"1885\" \/>\n<h3 data-start=\"1887\" data-end=\"1931\">\ud83d\udecd\ufe0f <strong data-start=\"1895\" data-end=\"1929\">Experien\u021b\u0103 de cump\u0103r\u0103turi personalizat\u0103<\/strong><\/h3>\n<p data-start=\"1932\" data-end=\"2078\">Opri\u021bi-v\u0103 la magazine \u0219i bazaruri exclusiviste \ud83d\udecd\ufe0f pentru a explora <strong data-start=\"1983\" data-end=\"2053\">suveniruri artizanale, art\u0103 din alabastru \u0219i produse egiptene autentice<\/strong>, totul \u00een propriul ritm.<\/p>\n<hr data-start=\"2080\" data-end=\"2083\" \/>\n<h3 data-start=\"2085\" data-end=\"2121\">\ud83c\udf07 <strong data-start=\"2092\" data-end=\"2119\">C\u0103l\u0103torie de \u00eentoarcere f\u0103r\u0103 cusur<\/strong><\/h3>\n<p data-start=\"2122\" data-end=\"2296\">\u00cencheia\u021bi-v\u0103 ziua cu un <strong data-start=\"2142\" data-end=\"2175\">transport privat confortabil \u00eenapoi<\/strong> la hotelul dvs., cu amintiri de la un adev\u0103rat <strong data-start=\"2216\" data-end=\"2269\">c\u0103l\u0103torie luxoas\u0103, f\u0103r\u0103 complica\u021bii \u0219i de neuitat<\/strong> prin minunile din Luxor.<\/p>\n<hr data-start=\"2298\" data-end=\"2301\" \/>\n<h3 data-start=\"493\" data-end=\"529\">\ud83d\udde3\ufe0f <strong data-start=\"501\" data-end=\"527\">Vorbim limba ta<\/strong><\/h3>\n<ul data-start=\"530\" data-end=\"594\">\n<li>polonez\u0103<\/li>\n<li>francez\u0103<\/li>\n<li>Englez\u0103<\/li>\n<li>german\u0103<\/li>\n<li>portughez\u0103<\/li>\n<li>spaniol\u0103<\/li>\n<li>...\u0219i multe altele!<\/li>\n<\/ul>\n<p data-start=\"596\" data-end=\"678\">Indiferent de unde veni\u021bi, v\u0103 asigur\u0103m o comunicare u\u0219oar\u0103 \u0219i o atingere personalizat\u0103.<\/p>\n<hr data-start=\"2298\" data-end=\"2301\" \/>\n<h3 data-start=\"2303\" data-end=\"2343\"><strong data-start=\"2307\" data-end=\"2341\">De ce s\u0103 alege\u021bi experien\u021ba VIP?<\/strong><\/h3>\n<ul data-start=\"2344\" data-end=\"2584\">\n<li data-start=\"2344\" data-end=\"2398\">\n<p data-start=\"2346\" data-end=\"2398\">\ud83d\ude90 Transport privat de lux pentru p\u00e2n\u0103 la 8 pasageri<\/p>\n<\/li>\n<li data-start=\"2399\" data-end=\"2446\">\n<p data-start=\"2401\" data-end=\"2446\">\ud83c\udfdb\ufe0f Serviciu de ghid egiptolog personalizat<\/p>\n<\/li>\n<li data-start=\"2447\" data-end=\"2490\">\n<p data-start=\"2449\" data-end=\"2490\">\ud83c\udf74 Pr\u00e2nz premium la un restaurant pitoresc<\/p>\n<\/li>\n<li data-start=\"2491\" data-end=\"2538\">\n<p data-start=\"2493\" data-end=\"2538\">\u23f1\ufe0f Program flexibil adaptat grupului dvs.<\/p>\n<\/li>\n<li data-start=\"2539\" data-end=\"2584\">\n<p data-start=\"2541\" data-end=\"2584\">\ud83d\udecd\ufe0f Opriri exclusive pentru cump\u0103r\u0103turi la cerere<\/p>\n<\/li>\n<\/ul>\n<hr data-start=\"2298\" data-end=\"2301\" \/>\n<h3 data-start=\"2198\" data-end=\"2225\"><strong data-start=\"2205\" data-end=\"2223\">\ud83e\udd11 Pre\u021bul excursiei<\/strong><\/h3>\n<p data-start=\"2228\" data-end=\"2260\"><strong data-start=\"2233\" data-end=\"2258\">\u00a0 \u00a0<img decoding=\"async\" class=\"emoji\" role=\"img\" draggable=\"false\" src=\"https:\/\/s.w.org\/images\/core\/emoji\/16.0.1\/svg\/1f64e-1f3fb-200d-2642-fe0f.svg\" alt=\"\ud83d\ude4e\ud83c\udffb\u200d\u2642\ufe0f\" \/> 12 ani \u0219i peste 80 \u20ac<\/strong><\/p>\n<p data-start=\"2228\" data-end=\"2260\"><strong data-start=\"2263\" data-end=\"2280\">\u00a0 \u00a0<img decoding=\"async\" class=\"emoji\" role=\"img\" draggable=\"false\" src=\"https:\/\/s.w.org\/images\/core\/emoji\/16.0.1\/svg\/1f9cd-1f3fb-200d-2640-fe0f.svg\" alt=\"\ud83e\uddcd\ud83c\udffb\u200d\u2640\ufe0f\" \/> 6\/11 ani 40 \u20ac<\/strong><\/p>\n<p data-start=\"2228\" data-end=\"2260\"><strong data-start=\"2327\" data-end=\"2355\">\u00a0 \u00a0<img decoding=\"async\" class=\"emoji\" role=\"img\" draggable=\"false\" src=\"https:\/\/s.w.org\/images\/core\/emoji\/16.0.1\/svg\/1f47c-1f3fc.svg\" alt=\"\ud83d\udc7c\ud83c\udffc\" \/> - 6 ani 20 \u20ac<\/strong><\/p>\n<h3 data-start=\"2198\" data-end=\"2225\"><strong data-start=\"2205\" data-end=\"2223\">Plata \u00een USD ($ \ud83c\uddfa\ud83c\uddf8) \u00een loc de EUR (\u20ac \ud83c\uddea\ud83c\uddfa) este disponibil\u0103 \u00een func\u021bie de cursul bancar zilnic.<\/strong><\/h3>\n<p data-start=\"2228\" data-end=\"2260\"><strong>\ud83d\ude90\ud83c\udf0a Pentru oaspe\u021bii caza\u021bi \u00een afara ora\u0219ului Hurghada (Safaga - Makadi - Sahl Hasheesh - El Gouna), o mic\u0103 tax\u0103 suplimentar\u0103 de transfer v\u0103 asigur\u0103 c\u0103 ve\u021bi ajunge la aventura dumneavoastr\u0103 f\u0103r\u0103 probleme \u0219i confortabil.<\/strong><\/p>\n<p><strong>Rezerv\u0103 prin WhatsApp:<\/strong><\/p>\n<p><a href=\"https:\/\/api.whatsapp.com\/send\/?phone=01021058859\" target=\"_blank\" rel=\"noopener\">\u00a0<img decoding=\"async\" class=\"alignnone wp-image-2058\" src=\"https:\/\/poehalisnamiegypt.com\/wp-content\/uploads\/2024\/02\/pngwing.com_-300x300.png\" sizes=\"auto, (max-width: 35px) 100vw, 35px\" srcset=\"https:\/\/poehalisnamiegypt.com\/wp-content\/uploads\/2024\/02\/pngwing.com_-300x300.png 300w, https:\/\/poehalisnamiegypt.com\/wp-content\/uploads\/2024\/02\/pngwing.com_-150x150.png 150w, https:\/\/poehalisnamiegypt.com\/wp-content\/uploads\/2024\/02\/pngwing.com_.png 584w\" alt=\"\" width=\"53\" height=\"53\" \/><\/a><\/p>\n<div id=\"gtx-trans\" style=\"position: absolute; left: 299px; top: 3.375px;\">\n<div class=\"gtx-trans-icon\"><\/div>\n<\/div>","protected":false},"excerpt":{"rendered":"<p>\ud83d\ude90 Luxor VIP Tour \u2013 Private Experience for up to 8 Guests Indulge in the ultimate luxury journey to Luxor, where history comes alive among ancient temples, royal tombs, and timeless Nile landscapes. This VIP private tour for up to 8 guests is designed for travelers who value comfort, exclusivity, and personalized service. \ud83c\udf05 Exclusive [&hellip;]<\/p>\n","protected":false},"featured_media":9868,"comment_status":"open","ping_status":"closed","template":"","meta":[],"product_brand":[],"product_cat":[65],"product_tag":[],"class_list":{"0":"post-9871","1":"product","2":"type-product","3":"status-publish","4":"has-post-thumbnail","6":"product_cat-luxor","8":"first","9":"instock","10":"shipping-taxable","11":"purchasable","12":"product-type-ovabrw_car_rental"},"yoast_head":"<!-- This site is optimized with the Yoast SEO plugin v27.5 - https:\/\/yoast.com\/product\/yoast-seo-wordpress\/ -->\n<title>Luxor VIP Tour: Private Luxury for 8 Guests - Golden Horizont Egypt<\/title>\n<meta name=\"robots\" content=\"index, follow, max-snippet:-1, max-image-preview:large, max-video-preview:-1\" \/>\n<link rel=\"canonical\" href=\"https:\/\/goldenhorizontegypt.com\/ro\/produs\/luxor-vip-8-pax\/\" \/>\n<meta property=\"og:locale\" content=\"ro_RO\" \/>\n<meta property=\"og:type\" content=\"article\" \/>\n<meta property=\"og:title\" content=\"Luxor VIP Tour: Private Luxury for 8 Guests - Golden Horizont Egypt\" \/>\n<meta property=\"og:description\" content=\"\ud83d\ude90 Luxor VIP Tour \u2013 Private Experience for up to 8 Guests Indulge in the ultimate luxury journey to Luxor, where history comes alive among ancient temples, royal tombs, and timeless Nile landscapes. This VIP private tour for up to 8 guests is designed for travelers who value comfort, exclusivity, and personalized service. \ud83c\udf05 Exclusive [&hellip;]\" \/>\n<meta property=\"og:url\" content=\"https:\/\/goldenhorizontegypt.com\/ro\/produs\/luxor-vip-8-pax\/\" \/>\n<meta property=\"og:site_name\" content=\"Golden Horizont Egypt\" \/>\n<meta property=\"article:modified_time\" content=\"2026-02-12T15:24:25+00:00\" \/>\n<meta property=\"og:image\" content=\"https:\/\/goldenhorizontegypt.com\/wp-content\/uploads\/2025\/09\/6-2.jpg\" \/>\n\t<meta property=\"og:image:width\" content=\"669\" \/>\n\t<meta property=\"og:image:height\" content=\"446\" \/>\n\t<meta property=\"og:image:type\" content=\"image\/jpeg\" \/>\n<meta name=\"twitter:card\" content=\"summary_large_image\" \/>\n<meta name=\"twitter:label1\" content=\"Timp estimat pentru citire\" \/>\n\t<meta name=\"twitter:data1\" content=\"2 minute\" \/>\n<script type=\"application\/ld+json\" class=\"yoast-schema-graph\">{\"@context\":\"https:\\\/\\\/schema.org\",\"@graph\":[{\"@type\":\"WebPage\",\"@id\":\"https:\\\/\\\/goldenhorizontegypt.com\\\/product\\\/luxor-vip-8-pax\\\/\",\"url\":\"https:\\\/\\\/goldenhorizontegypt.com\\\/product\\\/luxor-vip-8-pax\\\/\",\"name\":\"Luxor VIP Tour: Private Luxury for 8 Guests - Golden Horizont Egypt\",\"isPartOf\":{\"@id\":\"https:\\\/\\\/goldenhorizontegypt.com\\\/#website\"},\"primaryImageOfPage\":{\"@id\":\"https:\\\/\\\/goldenhorizontegypt.com\\\/product\\\/luxor-vip-8-pax\\\/#primaryimage\"},\"image\":{\"@id\":\"https:\\\/\\\/goldenhorizontegypt.com\\\/product\\\/luxor-vip-8-pax\\\/#primaryimage\"},\"thumbnailUrl\":\"https:\\\/\\\/goldenhorizontegypt.com\\\/wp-content\\\/uploads\\\/2025\\\/09\\\/6-2.jpg\",\"datePublished\":\"2025-09-07T10:54:13+00:00\",\"dateModified\":\"2026-02-12T15:24:25+00:00\",\"breadcrumb\":{\"@id\":\"https:\\\/\\\/goldenhorizontegypt.com\\\/product\\\/luxor-vip-8-pax\\\/#breadcrumb\"},\"inLanguage\":\"ro-RO\",\"potentialAction\":[{\"@type\":\"ReadAction\",\"target\":[\"https:\\\/\\\/goldenhorizontegypt.com\\\/product\\\/luxor-vip-8-pax\\\/\"]}]},{\"@type\":\"ImageObject\",\"inLanguage\":\"ro-RO\",\"@id\":\"https:\\\/\\\/goldenhorizontegypt.com\\\/product\\\/luxor-vip-8-pax\\\/#primaryimage\",\"url\":\"https:\\\/\\\/goldenhorizontegypt.com\\\/wp-content\\\/uploads\\\/2025\\\/09\\\/6-2.jpg\",\"contentUrl\":\"https:\\\/\\\/goldenhorizontegypt.com\\\/wp-content\\\/uploads\\\/2025\\\/09\\\/6-2.jpg\",\"width\":669,\"height\":446},{\"@type\":\"BreadcrumbList\",\"@id\":\"https:\\\/\\\/goldenhorizontegypt.com\\\/product\\\/luxor-vip-8-pax\\\/#breadcrumb\",\"itemListElement\":[{\"@type\":\"ListItem\",\"position\":1,\"name\":\"Home\",\"item\":\"https:\\\/\\\/goldenhorizontegypt.com\\\/\"},{\"@type\":\"ListItem\",\"position\":2,\"name\":\"Shop\",\"item\":\"https:\\\/\\\/goldenhorizontegypt.com\\\/shop\\\/\"},{\"@type\":\"ListItem\",\"position\":3,\"name\":\"Luxor VIP Tour: Private Luxury for 8 Guests\"}]},{\"@type\":\"WebSite\",\"@id\":\"https:\\\/\\\/goldenhorizontegypt.com\\\/#website\",\"url\":\"https:\\\/\\\/goldenhorizontegypt.com\\\/\",\"name\":\"Golden Horizont Egypt\",\"description\":\"\",\"potentialAction\":[{\"@type\":\"SearchAction\",\"target\":{\"@type\":\"EntryPoint\",\"urlTemplate\":\"https:\\\/\\\/goldenhorizontegypt.com\\\/?s={search_term_string}\"},\"query-input\":{\"@type\":\"PropertyValueSpecification\",\"valueRequired\":true,\"valueName\":\"search_term_string\"}}],\"inLanguage\":\"ro-RO\"}]}<\/script>\n<!-- \/ Yoast SEO plugin. -->","yoast_head_json":{"title":"Luxor VIP Tour: Private Luxury for 8 Guests - Golden Horizont Egypt","robots":{"index":"index","follow":"follow","max-snippet":"max-snippet:-1","max-image-preview":"max-image-preview:large","max-video-preview":"max-video-preview:-1"},"canonical":"https:\/\/goldenhorizontegypt.com\/ro\/produs\/luxor-vip-8-pax\/","og_locale":"ro_RO","og_type":"article","og_title":"Luxor VIP Tour: Private Luxury for 8 Guests - Golden Horizont Egypt","og_description":"\ud83d\ude90 Luxor VIP Tour \u2013 Private Experience for up to 8 Guests Indulge in the ultimate luxury journey to Luxor, where history comes alive among ancient temples, royal tombs, and timeless Nile landscapes. This VIP private tour for up to 8 guests is designed for travelers who value comfort, exclusivity, and personalized service. \ud83c\udf05 Exclusive [&hellip;]","og_url":"https:\/\/goldenhorizontegypt.com\/ro\/produs\/luxor-vip-8-pax\/","og_site_name":"Golden Horizont Egypt","article_modified_time":"2026-02-12T15:24:25+00:00","og_image":[{"width":669,"height":446,"url":"https:\/\/goldenhorizontegypt.com\/wp-content\/uploads\/2025\/09\/6-2.jpg","type":"image\/jpeg"}],"twitter_card":"summary_large_image","twitter_misc":{"Timp estimat pentru citire":"2 minute"},"schema":{"@context":"https:\/\/schema.org","@graph":[{"@type":"WebPage","@id":"https:\/\/goldenhorizontegypt.com\/product\/luxor-vip-8-pax\/","url":"https:\/\/goldenhorizontegypt.com\/product\/luxor-vip-8-pax\/","name":"Luxor VIP Tour: Private Luxury for 8 Guests - Golden Horizont Egypt","isPartOf":{"@id":"https:\/\/goldenhorizontegypt.com\/#website"},"primaryImageOfPage":{"@id":"https:\/\/goldenhorizontegypt.com\/product\/luxor-vip-8-pax\/#primaryimage"},"image":{"@id":"https:\/\/goldenhorizontegypt.com\/product\/luxor-vip-8-pax\/#primaryimage"},"thumbnailUrl":"https:\/\/goldenhorizontegypt.com\/wp-content\/uploads\/2025\/09\/6-2.jpg","datePublished":"2025-09-07T10:54:13+00:00","dateModified":"2026-02-12T15:24:25+00:00","breadcrumb":{"@id":"https:\/\/goldenhorizontegypt.com\/product\/luxor-vip-8-pax\/#breadcrumb"},"inLanguage":"ro-RO","potentialAction":[{"@type":"ReadAction","target":["https:\/\/goldenhorizontegypt.com\/product\/luxor-vip-8-pax\/"]}]},{"@type":"ImageObject","inLanguage":"ro-RO","@id":"https:\/\/goldenhorizontegypt.com\/product\/luxor-vip-8-pax\/#primaryimage","url":"https:\/\/goldenhorizontegypt.com\/wp-content\/uploads\/2025\/09\/6-2.jpg","contentUrl":"https:\/\/goldenhorizontegypt.com\/wp-content\/uploads\/2025\/09\/6-2.jpg","width":669,"height":446},{"@type":"BreadcrumbList","@id":"https:\/\/goldenhorizontegypt.com\/product\/luxor-vip-8-pax\/#breadcrumb","itemListElement":[{"@type":"ListItem","position":1,"name":"Home","item":"https:\/\/goldenhorizontegypt.com\/"},{"@type":"ListItem","position":2,"name":"Shop","item":"https:\/\/goldenhorizontegypt.com\/shop\/"},{"@type":"ListItem","position":3,"name":"Luxor VIP Tour: Private Luxury for 8 Guests"}]},{"@type":"WebSite","@id":"https:\/\/goldenhorizontegypt.com\/#website","url":"https:\/\/goldenhorizontegypt.com\/","name":"Orizont de Aur Egipt","description":"","potentialAction":[{"@type":"SearchAction","target":{"@type":"EntryPoint","urlTemplate":"https:\/\/goldenhorizontegypt.com\/?s={search_term_string}"},"query-input":{"@type":"PropertyValueSpecification","valueRequired":true,"valueName":"search_term_string"}}],"inLanguage":"ro-RO"}]}},"_links":{"self":[{"href":"https:\/\/goldenhorizontegypt.com\/ro\/wp-json\/wp\/v2\/product\/9871","targetHints":{"allow":["GET"]}}],"collection":[{"href":"https:\/\/goldenhorizontegypt.com\/ro\/wp-json\/wp\/v2\/product"}],"about":[{"href":"https:\/\/goldenhorizontegypt.com\/ro\/wp-json\/wp\/v2\/types\/product"}],"replies":[{"embeddable":true,"href":"https:\/\/goldenhorizontegypt.com\/ro\/wp-json\/wp\/v2\/comments?post=9871"}],"wp:featuredmedia":[{"embeddable":true,"href":"https:\/\/goldenhorizontegypt.com\/ro\/wp-json\/wp\/v2\/media\/9868"}],"wp:attachment":[{"href":"https:\/\/goldenhorizontegypt.com\/ro\/wp-json\/wp\/v2\/media?parent=9871"}],"wp:term":[{"taxonomy":"product_brand","embeddable":true,"href":"https:\/\/goldenhorizontegypt.com\/ro\/wp-json\/wp\/v2\/product_brand?post=9871"},{"taxonomy":"product_cat","embeddable":true,"href":"https:\/\/goldenhorizontegypt.com\/ro\/wp-json\/wp\/v2\/product_cat?post=9871"},{"taxonomy":"product_tag","embeddable":true,"href":"https:\/\/goldenhorizontegypt.com\/ro\/wp-json\/wp\/v2\/product_tag?post=9871"}],"curies":[{"name":"wp","href":"https:\/\/api.w.org\/{rel}","templated":true}]}}