{"id":9867,"date":"2025-09-07T10:48:22","date_gmt":"2025-09-07T10:48:22","guid":{"rendered":"https:\/\/goldenhorizontegypt.com\/?post_type=product&#038;p=9867"},"modified":"2026-01-02T16:37:14","modified_gmt":"2026-01-02T16:37:14","slug":"luxor-bus-trip","status":"publish","type":"product","link":"https:\/\/goldenhorizontegypt.com\/ro\/produs\/luxor-bus-trip\/","title":{"rendered":"Tur cu autobuzul \u00een Luxor: Valea Regilor, Karnak \u0219i Ziua Nilului"},"content":{"rendered":"<h3 data-start=\"177\" data-end=\"251\">\ud83d\ude8c <strong data-start=\"184\" data-end=\"249\">Excursie de o zi la Luxor cu autobuzul - C\u0103l\u0103torie \u00een inima Egiptului Antic<\/strong><\/h3>\n<p data-start=\"253\" data-end=\"576\">\u00cembarca\u021bi-v\u0103 \u00eentr-o c\u0103l\u0103torie de neuitat din <strong data-start=\"293\" data-end=\"320\">Hurghada (sau ora\u0219ul dumneavoastr\u0103)<\/strong> \u00een \u021binutul atemporal al faraonilor - <strong data-start=\"360\" data-end=\"369\">Luxor<\/strong>, un ora\u0219 care de\u021bine aproape o treime din monumentele antice ale lumii. Acest tur cu autobuzul atent planificat ofer\u0103 o <strong data-start=\"481\" data-end=\"574\">c\u0103l\u0103torie confortabil\u0103, \u00eendrumare de specialitate \u0219i o zi plin\u0103 de istorie, cultur\u0103 \u0219i aventur\u0103.<\/strong><\/p>\n<hr data-start=\"578\" data-end=\"581\" \/>\n<h3 data-start=\"583\" data-end=\"619\">\ud83c\udf05 <strong data-start=\"590\" data-end=\"617\">Plecare diminea\u021ba devreme<\/strong><\/h3>\n<p data-start=\"620\" data-end=\"838\">Aventura ta \u00eencepe cu un <strong data-start=\"650\" data-end=\"675\">preluare diminea\u021ba devreme<\/strong> de la hotelul dvs. \u00eentr-un autobuz modern, cu aer condi\u021bionat. Lua\u021bi loc, relaxa\u021bi-v\u0103 \u0219i bucura\u021bi-v\u0103 de drumul pitoresc de-a lungul drumurilor din de\u0219ert \u00een timp ce soarele r\u0103sare peste nisipurile aurii ale Egiptului.<\/p>\n<hr data-start=\"840\" data-end=\"843\" \/>\n<h3 data-start=\"845\" data-end=\"892\">\ud83c\udfdc\ufe0f <strong data-start=\"853\" data-end=\"890\">Explora\u021bi malul de vest al Nilului<\/strong><\/h3>\n<p data-start=\"893\" data-end=\"1079\">Intra\u021bi \u00een lumea regilor \u0219i reginelor antice \u00een timp ce vizita\u021bi <strong data-start=\"958\" data-end=\"981\">Valea Regilor<\/strong> \ud83c\udfdb\ufe0f - ultimul loc de odihn\u0103 al faraonilor legendari ai Egiptului, inclusiv morm\u00e2ntul lui Tutankhamon.<\/p>\n<ul data-start=\"1080\" data-end=\"1292\">\n<li data-start=\"1080\" data-end=\"1189\">\n<p data-start=\"1082\" data-end=\"1189\">Vizit\u0103 <strong data-start=\"1088\" data-end=\"1109\">Templul Hatshepsut<\/strong> - o capodoper\u0103 arhitectural\u0103 dedicat\u0103 singurei femei faraon din Egipt.<\/p>\n<\/li>\n<li data-start=\"1190\" data-end=\"1292\">\n<p data-start=\"1192\" data-end=\"1292\">Trece\u021bi pe la <strong data-start=\"1204\" data-end=\"1225\">Colosii din Memnon<\/strong> - dou\u0103 statui masive de piatr\u0103 care stau de paz\u0103 de peste 3.000 de ani.<\/p>\n<\/li>\n<\/ul>\n<hr data-start=\"1294\" data-end=\"1297\" \/>\n<h3 data-start=\"1299\" data-end=\"1342\">\ud83c\udffa <strong data-start=\"1306\" data-end=\"1340\">Descoperi\u021bi minunile de pe malul estic<\/strong><\/h3>\n<p data-start=\"1343\" data-end=\"1489\">Traversa\u021bi maiestuosul r\u00e2u Nil pentru a explora <strong data-start=\"1388\" data-end=\"1413\">Complexul templului Karnak<\/strong> \u26e9\ufe0f - unul dintre cele mai mari \u0219i mai impresionante situri religioase din lume.<\/p>\n<ul data-start=\"1490\" data-end=\"1612\">\n<li data-start=\"1490\" data-end=\"1541\">\n<p data-start=\"1492\" data-end=\"1541\">Plimba\u021bi-v\u0103 printre coloane impun\u0103toare \u0219i lacuri sacre.<\/p>\n<\/li>\n<li data-start=\"1542\" data-end=\"1612\">\n<p data-start=\"1544\" data-end=\"1612\">Afla\u021bi pove\u0219tile din spatele inscrip\u021biilor \u0219i hieroglifelor antice.<\/p>\n<\/li>\n<\/ul>\n<hr data-start=\"1614\" data-end=\"1617\" \/>\n<h3 data-start=\"1619\" data-end=\"1649\">\ud83c\udf74 <strong data-start=\"1626\" data-end=\"1647\">Pr\u00e2nz cu vedere<\/strong><\/h3>\n<p data-start=\"1650\" data-end=\"1801\">Bucura\u021bi-v\u0103 de un delicios <strong data-start=\"1668\" data-end=\"1686\">Pr\u00e2nz egiptean<\/strong> \ud83c\udf7d\ufe0f la un restaurant local cu vedere la Nil, unde v\u0103 pute\u021bi relaxa \u0219i absorbi atmosfera magic\u0103 din Luxor.<\/p>\n<hr data-start=\"1803\" data-end=\"1806\" \/>\n<h3 data-start=\"1808\" data-end=\"1842\">\ud83d\udecd\ufe0f <strong data-start=\"1816\" data-end=\"1840\">Cump\u0103r\u0103turi \u0219i suveniruri<\/strong><\/h3>\n<p data-start=\"1843\" data-end=\"1998\">Opri\u021bi-v\u0103 la un bazar tradi\u021bional \ud83d\udecd\ufe0f unde pute\u021bi r\u0103sfoi suveniruri unice, artizanat \u0219i produse egiptene autentice pentru a v\u0103 aminti de c\u0103l\u0103toria dvs.<\/p>\n<hr data-start=\"2000\" data-end=\"2003\" \/>\n<h3 data-start=\"2005\" data-end=\"2032\">\ud83c\udf07 <strong data-start=\"2012\" data-end=\"2030\">C\u0103l\u0103toria de \u00eentoarcere<\/strong><\/h3>\n<p data-start=\"2033\" data-end=\"2214\">La sf\u00e2r\u0219itul zilei, v\u0103 ve\u021bi urca \u00een autobuz \u0219i v\u0103 ve\u021bi \u00eentoarce la hotel, cu amintiri de neuitat despre <strong data-start=\"2149\" data-end=\"2211\">minuni antice, cultur\u0103 vibrant\u0103 \u0219i peisaje uluitoare<\/strong>.<\/p>\n<hr data-start=\"2216\" data-end=\"2219\" \/>\n<h3 data-start=\"2221\" data-end=\"2247\"><strong data-start=\"2225\" data-end=\"2245\">Puncte forte ale turului:<\/strong><\/h3>\n<ul data-start=\"2248\" data-end=\"2500\">\n<li data-start=\"2248\" data-end=\"2309\">\n<p data-start=\"2250\" data-end=\"2309\">\ud83d\ude8c Transfer confortabil dus-\u00eentors cu autobuzul cu aer condi\u021bionat<\/p>\n<\/li>\n<li data-start=\"2310\" data-end=\"2389\">\n<p data-start=\"2312\" data-end=\"2389\">\ud83c\udfdb\ufe0f Vizite ghidate la Valea Regilor, sau Valea Reginelor, Templul Hatshepsut \u0219i Templul Karnak<\/p>\n<\/li>\n<li data-start=\"2390\" data-end=\"2425\">\n<p data-start=\"2392\" data-end=\"2425\">\ud83c\udf7d\ufe0f Pr\u00e2nz la un restaurant local<\/p>\n<\/li>\n<li data-start=\"2426\" data-end=\"2461\">\n<p data-start=\"2428\" data-end=\"2461\">\u26f4\ufe0f Traversarea r\u00e2ului Nil inclus\u0103<\/p>\n<\/li>\n<li data-start=\"2462\" data-end=\"2500\">\n<p data-start=\"2464\" data-end=\"2500\">\ud83d\udcdc Ghid egiptolog profesionist<\/p>\n<\/li>\n<\/ul>\n<hr data-start=\"2216\" data-end=\"2219\" \/>\n<h3 data-start=\"493\" data-end=\"529\">\ud83d\udde3\ufe0f <strong data-start=\"501\" data-end=\"527\">Vorbim limba ta<\/strong><\/h3>\n<ul data-start=\"530\" data-end=\"594\">\n<li>polonez\u0103<\/li>\n<li>francez\u0103<\/li>\n<li>Englez\u0103<\/li>\n<li>german\u0103<\/li>\n<li>portughez\u0103<\/li>\n<li>spaniol\u0103<\/li>\n<li>...\u0219i multe altele!<\/li>\n<\/ul>\n<p data-start=\"596\" data-end=\"678\">Indiferent de unde veni\u021bi, v\u0103 asigur\u0103m o comunicare u\u0219oar\u0103 \u0219i o atingere personalizat\u0103.<\/p>\n<hr data-start=\"2216\" data-end=\"2219\" \/>\n<p data-start=\"54\" data-end=\"117\">\ud83d\udccc <strong data-start=\"57\" data-end=\"73\">Not\u0103 special\u0103<\/strong><br data-start=\"73\" data-end=\"76\" \/>\u2728 Experimenteaz\u0103 magia ora\u0219ului Luxor cu autobuzul!<\/p>\n<ul data-start=\"118\" data-end=\"278\">\n<li data-start=\"118\" data-end=\"193\">\n<p data-start=\"120\" data-end=\"193\">Numai <strong data-start=\"125\" data-end=\"132\">\u20ac55<\/strong> - Descoperi\u021bi fascinantele <strong data-start=\"160\" data-end=\"191\">Templul din Valea Reginelor<\/strong><\/p>\n<\/li>\n<li data-start=\"194\" data-end=\"278\">\n<p data-start=\"196\" data-end=\"278\">Doar <strong data-start=\"201\" data-end=\"208\">\u20ac65<\/strong> - Intra\u021bi \u00een istorie la legendarul <strong data-start=\"246\" data-end=\"276\">Templul din Valea Regilor<\/strong><\/p>\n<\/li>\n<\/ul>\n<hr data-start=\"2216\" data-end=\"2219\" \/>\n<h3 data-start=\"2198\" data-end=\"2225\"><strong data-start=\"2205\" data-end=\"2223\">\ud83e\udd11 Pre\u021bul excursiei<\/strong><\/h3>\n<p data-start=\"2228\" data-end=\"2260\"><strong data-start=\"2233\" data-end=\"2258\">\u00a0 \u00a0<img decoding=\"async\" class=\"emoji\" role=\"img\" draggable=\"false\" src=\"https:\/\/s.w.org\/images\/core\/emoji\/16.0.1\/svg\/1f64e-1f3fb-200d-2642-fe0f.svg\" alt=\"\ud83d\ude4e\ud83c\udffb\u200d\u2642\ufe0f\" \/> 12 ani \u0219i peste 55 \u20ac<\/strong><\/p>\n<p data-start=\"2228\" data-end=\"2260\"><strong data-start=\"2263\" data-end=\"2280\">\u00a0 \u00a0<img decoding=\"async\" class=\"emoji\" role=\"img\" draggable=\"false\" src=\"https:\/\/s.w.org\/images\/core\/emoji\/16.0.1\/svg\/1f9cd-1f3fb-200d-2640-fe0f.svg\" alt=\"\ud83e\uddcd\ud83c\udffb\u200d\u2640\ufe0f\" \/> 6\/11 ani 30 \u20ac<\/strong><\/p>\n<p data-start=\"2228\" data-end=\"2260\"><strong data-start=\"2327\" data-end=\"2355\">\u00a0 \u00a0<img decoding=\"async\" class=\"emoji\" role=\"img\" draggable=\"false\" src=\"https:\/\/s.w.org\/images\/core\/emoji\/16.0.1\/svg\/1f47c-1f3fc.svg\" alt=\"\ud83d\udc7c\ud83c\udffc\" \/> -6 ani 15 \u20ac<\/strong><\/p>\n<h3 data-start=\"2198\" data-end=\"2225\"><strong data-start=\"2205\" data-end=\"2223\">Plata \u00een USD ($ \ud83c\uddfa\ud83c\uddf8) \u00een loc de EUR (\u20ac \ud83c\uddea\ud83c\uddfa) este disponibil\u0103 \u00een func\u021bie de cursul bancar zilnic.<\/strong><\/h3>\n<p><strong>Rezerv\u0103 prin WhatsApp:<\/strong><\/p>\n<p><a href=\"https:\/\/api.whatsapp.com\/send\/?phone=01021058859\" target=\"_blank\" rel=\"noopener\">\u00a0<img decoding=\"async\" class=\"alignnone wp-image-2058\" src=\"https:\/\/poehalisnamiegypt.com\/wp-content\/uploads\/2024\/02\/pngwing.com_-300x300.png\" sizes=\"auto, (max-width: 35px) 100vw, 35px\" srcset=\"https:\/\/poehalisnamiegypt.com\/wp-content\/uploads\/2024\/02\/pngwing.com_-300x300.png 300w, https:\/\/poehalisnamiegypt.com\/wp-content\/uploads\/2024\/02\/pngwing.com_-150x150.png 150w, https:\/\/poehalisnamiegypt.com\/wp-content\/uploads\/2024\/02\/pngwing.com_.png 584w\" alt=\"\" width=\"53\" height=\"53\" \/><\/a><\/p>\n<div id=\"gtx-trans\" style=\"position: absolute; left: 80px; top: 53.7083px;\">\n<div class=\"gtx-trans-icon\"><\/div>\n<\/div>\n<div id=\"gtx-trans\" style=\"position: absolute; left: 79px; top: 53.7083px;\">\n<div class=\"gtx-trans-icon\"><\/div>\n<\/div>","protected":false},"excerpt":{"rendered":"<p>\ud83d\ude8c Luxor Day Trip by Bus \u2013 Journey to the Heart of Ancient Egypt Embark on an unforgettable journey from Hurghada (or your city) to the timeless land of the pharaohs \u2013 Luxor, a city that holds nearly one-third of the world\u2019s ancient monuments. This carefully planned bus tour offers a comfortable ride, expert guidance, [&hellip;]<\/p>\n","protected":false},"featured_media":9833,"comment_status":"open","ping_status":"closed","template":"","meta":[],"product_brand":[],"product_cat":[65],"product_tag":[],"class_list":{"0":"post-9867","1":"product","2":"type-product","3":"status-publish","4":"has-post-thumbnail","6":"product_cat-luxor","8":"first","9":"instock","10":"shipping-taxable","11":"purchasable","12":"product-type-ovabrw_car_rental"},"yoast_head":"<!-- This site is optimized with the Yoast SEO plugin v27.5 - https:\/\/yoast.com\/product\/yoast-seo-wordpress\/ -->\n<title>Luxor Bus Tour: Kings\u2019 Valley, Karnak &amp; Nile Day - Golden Horizont Egypt<\/title>\n<meta name=\"robots\" content=\"index, follow, max-snippet:-1, max-image-preview:large, max-video-preview:-1\" \/>\n<link rel=\"canonical\" href=\"https:\/\/goldenhorizontegypt.com\/ro\/produs\/luxor-bus-trip\/\" \/>\n<meta property=\"og:locale\" content=\"ro_RO\" \/>\n<meta property=\"og:type\" content=\"article\" \/>\n<meta property=\"og:title\" content=\"Luxor Bus Tour: Kings\u2019 Valley, Karnak &amp; Nile Day - Golden Horizont Egypt\" \/>\n<meta property=\"og:description\" content=\"\ud83d\ude8c Luxor Day Trip by Bus \u2013 Journey to the Heart of Ancient Egypt Embark on an unforgettable journey from Hurghada (or your city) to the timeless land of the pharaohs \u2013 Luxor, a city that holds nearly one-third of the world\u2019s ancient monuments. This carefully planned bus tour offers a comfortable ride, expert guidance, [&hellip;]\" \/>\n<meta property=\"og:url\" content=\"https:\/\/goldenhorizontegypt.com\/ro\/produs\/luxor-bus-trip\/\" \/>\n<meta property=\"og:site_name\" content=\"Golden Horizont Egypt\" \/>\n<meta property=\"article:modified_time\" content=\"2026-01-02T16:37:14+00:00\" \/>\n<meta property=\"og:image\" content=\"https:\/\/goldenhorizontegypt.com\/wp-content\/uploads\/2025\/09\/Best-Time-to-Visit-Luxor-and-Thebes.webp\" \/>\n\t<meta property=\"og:image:width\" content=\"1600\" \/>\n\t<meta property=\"og:image:height\" content=\"1200\" \/>\n\t<meta property=\"og:image:type\" content=\"image\/webp\" \/>\n<meta name=\"twitter:card\" content=\"summary_large_image\" \/>\n<meta name=\"twitter:label1\" content=\"Timp estimat pentru citire\" \/>\n\t<meta name=\"twitter:data1\" content=\"2 minute\" \/>\n<script type=\"application\/ld+json\" class=\"yoast-schema-graph\">{\"@context\":\"https:\\\/\\\/schema.org\",\"@graph\":[{\"@type\":\"WebPage\",\"@id\":\"https:\\\/\\\/goldenhorizontegypt.com\\\/product\\\/luxor-bus-trip\\\/\",\"url\":\"https:\\\/\\\/goldenhorizontegypt.com\\\/product\\\/luxor-bus-trip\\\/\",\"name\":\"Luxor Bus Tour: Kings\u2019 Valley, Karnak & Nile Day - Golden Horizont Egypt\",\"isPartOf\":{\"@id\":\"https:\\\/\\\/goldenhorizontegypt.com\\\/#website\"},\"primaryImageOfPage\":{\"@id\":\"https:\\\/\\\/goldenhorizontegypt.com\\\/product\\\/luxor-bus-trip\\\/#primaryimage\"},\"image\":{\"@id\":\"https:\\\/\\\/goldenhorizontegypt.com\\\/product\\\/luxor-bus-trip\\\/#primaryimage\"},\"thumbnailUrl\":\"https:\\\/\\\/goldenhorizontegypt.com\\\/wp-content\\\/uploads\\\/2025\\\/09\\\/Best-Time-to-Visit-Luxor-and-Thebes.webp\",\"datePublished\":\"2025-09-07T10:48:22+00:00\",\"dateModified\":\"2026-01-02T16:37:14+00:00\",\"breadcrumb\":{\"@id\":\"https:\\\/\\\/goldenhorizontegypt.com\\\/product\\\/luxor-bus-trip\\\/#breadcrumb\"},\"inLanguage\":\"ro-RO\",\"potentialAction\":[{\"@type\":\"ReadAction\",\"target\":[\"https:\\\/\\\/goldenhorizontegypt.com\\\/product\\\/luxor-bus-trip\\\/\"]}]},{\"@type\":\"ImageObject\",\"inLanguage\":\"ro-RO\",\"@id\":\"https:\\\/\\\/goldenhorizontegypt.com\\\/product\\\/luxor-bus-trip\\\/#primaryimage\",\"url\":\"https:\\\/\\\/goldenhorizontegypt.com\\\/wp-content\\\/uploads\\\/2025\\\/09\\\/Best-Time-to-Visit-Luxor-and-Thebes.webp\",\"contentUrl\":\"https:\\\/\\\/goldenhorizontegypt.com\\\/wp-content\\\/uploads\\\/2025\\\/09\\\/Best-Time-to-Visit-Luxor-and-Thebes.webp\",\"width\":1600,\"height\":1200},{\"@type\":\"BreadcrumbList\",\"@id\":\"https:\\\/\\\/goldenhorizontegypt.com\\\/product\\\/luxor-bus-trip\\\/#breadcrumb\",\"itemListElement\":[{\"@type\":\"ListItem\",\"position\":1,\"name\":\"Home\",\"item\":\"https:\\\/\\\/goldenhorizontegypt.com\\\/\"},{\"@type\":\"ListItem\",\"position\":2,\"name\":\"Shop\",\"item\":\"https:\\\/\\\/goldenhorizontegypt.com\\\/shop\\\/\"},{\"@type\":\"ListItem\",\"position\":3,\"name\":\"Luxor Bus Tour: Kings\u2019 Valley, Karnak &#038; Nile Day\"}]},{\"@type\":\"WebSite\",\"@id\":\"https:\\\/\\\/goldenhorizontegypt.com\\\/#website\",\"url\":\"https:\\\/\\\/goldenhorizontegypt.com\\\/\",\"name\":\"Golden Horizont Egypt\",\"description\":\"\",\"potentialAction\":[{\"@type\":\"SearchAction\",\"target\":{\"@type\":\"EntryPoint\",\"urlTemplate\":\"https:\\\/\\\/goldenhorizontegypt.com\\\/?s={search_term_string}\"},\"query-input\":{\"@type\":\"PropertyValueSpecification\",\"valueRequired\":true,\"valueName\":\"search_term_string\"}}],\"inLanguage\":\"ro-RO\"}]}<\/script>\n<!-- \/ Yoast SEO plugin. -->","yoast_head_json":{"title":"Luxor Bus Tour: Kings\u2019 Valley, Karnak & Nile Day - Golden Horizont Egypt","robots":{"index":"index","follow":"follow","max-snippet":"max-snippet:-1","max-image-preview":"max-image-preview:large","max-video-preview":"max-video-preview:-1"},"canonical":"https:\/\/goldenhorizontegypt.com\/ro\/produs\/luxor-bus-trip\/","og_locale":"ro_RO","og_type":"article","og_title":"Luxor Bus Tour: Kings\u2019 Valley, Karnak & Nile Day - Golden Horizont Egypt","og_description":"\ud83d\ude8c Luxor Day Trip by Bus \u2013 Journey to the Heart of Ancient Egypt Embark on an unforgettable journey from Hurghada (or your city) to the timeless land of the pharaohs \u2013 Luxor, a city that holds nearly one-third of the world\u2019s ancient monuments. This carefully planned bus tour offers a comfortable ride, expert guidance, [&hellip;]","og_url":"https:\/\/goldenhorizontegypt.com\/ro\/produs\/luxor-bus-trip\/","og_site_name":"Golden Horizont Egypt","article_modified_time":"2026-01-02T16:37:14+00:00","og_image":[{"width":1600,"height":1200,"url":"https:\/\/goldenhorizontegypt.com\/wp-content\/uploads\/2025\/09\/Best-Time-to-Visit-Luxor-and-Thebes.webp","type":"image\/webp"}],"twitter_card":"summary_large_image","twitter_misc":{"Timp estimat pentru citire":"2 minute"},"schema":{"@context":"https:\/\/schema.org","@graph":[{"@type":"WebPage","@id":"https:\/\/goldenhorizontegypt.com\/product\/luxor-bus-trip\/","url":"https:\/\/goldenhorizontegypt.com\/product\/luxor-bus-trip\/","name":"Luxor Bus Tour: Kings\u2019 Valley, Karnak & Nile Day - Golden Horizont Egypt","isPartOf":{"@id":"https:\/\/goldenhorizontegypt.com\/#website"},"primaryImageOfPage":{"@id":"https:\/\/goldenhorizontegypt.com\/product\/luxor-bus-trip\/#primaryimage"},"image":{"@id":"https:\/\/goldenhorizontegypt.com\/product\/luxor-bus-trip\/#primaryimage"},"thumbnailUrl":"https:\/\/goldenhorizontegypt.com\/wp-content\/uploads\/2025\/09\/Best-Time-to-Visit-Luxor-and-Thebes.webp","datePublished":"2025-09-07T10:48:22+00:00","dateModified":"2026-01-02T16:37:14+00:00","breadcrumb":{"@id":"https:\/\/goldenhorizontegypt.com\/product\/luxor-bus-trip\/#breadcrumb"},"inLanguage":"ro-RO","potentialAction":[{"@type":"ReadAction","target":["https:\/\/goldenhorizontegypt.com\/product\/luxor-bus-trip\/"]}]},{"@type":"ImageObject","inLanguage":"ro-RO","@id":"https:\/\/goldenhorizontegypt.com\/product\/luxor-bus-trip\/#primaryimage","url":"https:\/\/goldenhorizontegypt.com\/wp-content\/uploads\/2025\/09\/Best-Time-to-Visit-Luxor-and-Thebes.webp","contentUrl":"https:\/\/goldenhorizontegypt.com\/wp-content\/uploads\/2025\/09\/Best-Time-to-Visit-Luxor-and-Thebes.webp","width":1600,"height":1200},{"@type":"BreadcrumbList","@id":"https:\/\/goldenhorizontegypt.com\/product\/luxor-bus-trip\/#breadcrumb","itemListElement":[{"@type":"ListItem","position":1,"name":"Home","item":"https:\/\/goldenhorizontegypt.com\/"},{"@type":"ListItem","position":2,"name":"Shop","item":"https:\/\/goldenhorizontegypt.com\/shop\/"},{"@type":"ListItem","position":3,"name":"Luxor Bus Tour: Kings\u2019 Valley, Karnak &#038; Nile Day"}]},{"@type":"WebSite","@id":"https:\/\/goldenhorizontegypt.com\/#website","url":"https:\/\/goldenhorizontegypt.com\/","name":"Orizont de Aur Egipt","description":"","potentialAction":[{"@type":"SearchAction","target":{"@type":"EntryPoint","urlTemplate":"https:\/\/goldenhorizontegypt.com\/?s={search_term_string}"},"query-input":{"@type":"PropertyValueSpecification","valueRequired":true,"valueName":"search_term_string"}}],"inLanguage":"ro-RO"}]}},"_links":{"self":[{"href":"https:\/\/goldenhorizontegypt.com\/ro\/wp-json\/wp\/v2\/product\/9867","targetHints":{"allow":["GET"]}}],"collection":[{"href":"https:\/\/goldenhorizontegypt.com\/ro\/wp-json\/wp\/v2\/product"}],"about":[{"href":"https:\/\/goldenhorizontegypt.com\/ro\/wp-json\/wp\/v2\/types\/product"}],"replies":[{"embeddable":true,"href":"https:\/\/goldenhorizontegypt.com\/ro\/wp-json\/wp\/v2\/comments?post=9867"}],"wp:featuredmedia":[{"embeddable":true,"href":"https:\/\/goldenhorizontegypt.com\/ro\/wp-json\/wp\/v2\/media\/9833"}],"wp:attachment":[{"href":"https:\/\/goldenhorizontegypt.com\/ro\/wp-json\/wp\/v2\/media?parent=9867"}],"wp:term":[{"taxonomy":"product_brand","embeddable":true,"href":"https:\/\/goldenhorizontegypt.com\/ro\/wp-json\/wp\/v2\/product_brand?post=9867"},{"taxonomy":"product_cat","embeddable":true,"href":"https:\/\/goldenhorizontegypt.com\/ro\/wp-json\/wp\/v2\/product_cat?post=9867"},{"taxonomy":"product_tag","embeddable":true,"href":"https:\/\/goldenhorizontegypt.com\/ro\/wp-json\/wp\/v2\/product_tag?post=9867"}],"curies":[{"name":"wp","href":"https:\/\/api.w.org\/{rel}","templated":true}]}}