{"id":9845,"date":"2025-09-07T09:16:55","date_gmt":"2025-09-07T09:16:55","guid":{"rendered":"https:\/\/goldenhorizontegypt.com\/?post_type=product&#038;p=9845"},"modified":"2025-11-28T15:21:57","modified_gmt":"2025-11-28T15:21:57","slug":"speed-boot-2-pax","status":"publish","type":"product","link":"https:\/\/goldenhorizontegypt.com\/ro\/produs\/speed-boot-2-pax\/","title":{"rendered":"Excursie privat\u0103 cu barca rapid\u0103 \u00een Marea Ro\u0219ie"},"content":{"rendered":"<h2 data-start=\"90\" data-end=\"148\">\ud83d\udea4 <strong data-start=\"96\" data-end=\"146\">Private Speed Boat Adventure\u00a0<\/strong><\/h2>\n<p data-start=\"150\" data-end=\"326\">Looking for an <strong data-start=\"165\" data-end=\"203\">exclusive and thrilling experience<\/strong> on the Red Sea? Hop aboard our <strong data-start=\"235\" data-end=\"259\">200HP RIB speed boat<\/strong> for a private trip designed just for you and up to <strong data-start=\"311\" data-end=\"323\">7 guests<\/strong>!<\/p>\n<hr data-start=\"328\" data-end=\"331\" \/>\n<h3 data-start=\"333\" data-end=\"367\">\u23f0 <strong data-start=\"339\" data-end=\"365\">Flexible Trip Duration<\/strong><\/h3>\n<ul data-start=\"368\" data-end=\"608\">\n<li data-start=\"368\" data-end=\"485\">\n<p data-start=\"370\" data-end=\"485\"><strong data-start=\"370\" data-end=\"390\">Minimum: 4 hours<\/strong> \u2013 Perfect to explore the stunning Several islands\u00a0\ud83c\udfdd\ufe0f with time for swimming or snorkeling.<\/p>\n<\/li>\n<li data-start=\"486\" data-end=\"608\">\n<p data-start=\"488\" data-end=\"608\"><strong data-start=\"488\" data-end=\"515\">Shorter trips available<\/strong> \u2013 Ideal for a <strong data-start=\"530\" data-end=\"555\">quick adrenaline rush<\/strong> or a <strong data-start=\"561\" data-end=\"589\">short snorkeling getaway<\/strong> to nearby sites.<\/p>\n<\/li>\n<\/ul>\n<hr data-start=\"610\" data-end=\"613\" \/>\n<h3 data-start=\"615\" data-end=\"657\">\ud83c\udfca <strong data-start=\"622\" data-end=\"655\">What\u2019s Included in Your Trip?<\/strong><\/h3>\n<ul data-start=\"658\" data-end=\"829\">\n<li data-start=\"658\" data-end=\"718\">\n<p data-start=\"660\" data-end=\"718\"><strong data-start=\"660\" data-end=\"691\">Swimming &amp; snorkeling stops<\/strong> at breathtaking spots \ud83c\udf0a<\/p>\n<\/li>\n<li data-start=\"719\" data-end=\"767\">\n<p data-start=\"721\" data-end=\"767\"><strong data-start=\"721\" data-end=\"746\">Life jackets provided<\/strong> for your safety \ud83e\uddba<\/p>\n<\/li>\n<li data-start=\"768\" data-end=\"829\">\n<p data-start=\"770\" data-end=\"829\"><strong data-start=\"770\" data-end=\"794\">Professional captain<\/strong> ensuring both fun &amp; safety \ud83d\udc68\u200d\u2708\ufe0f<\/p>\n<\/li>\n<\/ul>\n<hr data-start=\"831\" data-end=\"834\" \/>\n<h3 data-start=\"836\" data-end=\"860\">\ud83e\udd6a <strong data-start=\"843\" data-end=\"858\">Food &amp; Gear<\/strong><\/h3>\n<ul data-start=\"861\" data-end=\"971\">\n<li data-start=\"861\" data-end=\"917\">\n<p data-start=\"863\" data-end=\"917\">Bring your <strong data-start=\"874\" data-end=\"896\">own snorkeling kit<\/strong> \ud83e\udd3f (if you prefer)<\/p>\n<\/li>\n<li data-start=\"918\" data-end=\"971\">\n<p data-start=\"920\" data-end=\"971\">Pack your <strong data-start=\"930\" data-end=\"943\">own lunch<\/strong> or snacks for the trip \ud83c\udf71<\/p>\n<\/li>\n<\/ul>\n<hr data-start=\"973\" data-end=\"976\" \/>\n<h3 data-start=\"978\" data-end=\"1009\">\ud83d\ude8c <strong data-start=\"985\" data-end=\"1007\">Pick-up &amp; Drop-off<\/strong><\/h3>\n<ul data-start=\"1010\" data-end=\"1116\">\n<li data-start=\"1010\" data-end=\"1066\">\n<p data-start=\"1012\" data-end=\"1066\"><strong data-start=\"1012\" data-end=\"1038\">Hotel pick-up &amp; return<\/strong> at your preferred time \ud83c\udfe8<\/p>\n<\/li>\n<li data-start=\"1067\" data-end=\"1116\">\n<p data-start=\"1069\" data-end=\"1116\">Comfortable transfer to the jetty and back \ud83d\ude90<\/p>\n<\/li>\n<\/ul>\n<hr data-start=\"1118\" data-end=\"1121\" \/>\n<h3 data-start=\"1123\" data-end=\"1163\">\ud83c\udf1f <strong data-start=\"1130\" data-end=\"1161\">Why Choose This Experience?<\/strong><\/h3>\n<ul data-start=\"1164\" data-end=\"1310\">\n<li data-start=\"1164\" data-end=\"1203\">\n<p data-start=\"1166\" data-end=\"1203\">Private &amp; personalized \u2013 no crowds!<\/p>\n<\/li>\n<li data-start=\"1204\" data-end=\"1255\">\n<p data-start=\"1206\" data-end=\"1255\">Flexible schedule \u2013 your adventure, your rules!<\/p>\n<\/li>\n<li data-start=\"1256\" data-end=\"1310\">\n<p data-start=\"1258\" data-end=\"1310\">Perfect for <strong data-start=\"1270\" data-end=\"1308\">families, couples, or small groups<\/strong><\/p>\n<\/li>\n<\/ul>\n<p><strong>Speed \u200b\u200b\u200b\u200bwhen entering any island. The price is added to each person\u00a0.<\/strong><\/p>\n<hr data-start=\"1118\" data-end=\"1121\" \/>\n<article class=\"text-token-text-primary w-full focus:outline-none scroll-mt-[calc(var(--header-height)+min(200px,max(70px,20svh)))]\" dir=\"auto\" tabindex=\"-1\" data-turn-id=\"request-WEB:03ee36ad-4c16-45a2-a255-2a64e427af84-13\" data-testid=\"conversation-turn-28\" data-scroll-anchor=\"false\" data-turn=\"assistant\">\n<div class=\"text-base my-auto mx-auto [--thread-content-margin:--spacing(4)] thread-sm:[--thread-content-margin:--spacing(6)] thread-lg:[--thread-content-margin:--spacing(16)] px-(--thread-content-margin)\">\n<div class=\"[--thread-content-max-width:40rem] thread-lg:[--thread-content-max-width:48rem] mx-auto max-w-(--thread-content-max-width) flex-1 group\/turn-messages focus-visible:outline-hidden relative flex w-full min-w-0 flex-col agent-turn\" tabindex=\"-1\">\n<div class=\"flex min-h-[46px] justify-start\">\u2728 <strong data-start=\"73\" data-end=\"113\">Optional Island Escapes (extra cost)<\/strong><\/div>\n<div>\ud83d\udc2c Dolphin House<\/div>\n<\/div>\n<\/div>\n<\/article>\n<div>\ud83c\udfdd\ufe0fEden Island All-Day Entry + Lunch<\/div>\n<div>\ud83c\udfdd\ufe0fEden Island All-Day Entry (Beach Use Only)<\/div>\n<div>\ud83c\udfdd\ufe0fOrange Island All-Day Entry (Beach Use Only)<\/div>\n<div>\ud83c\udfdd\ufe0fOzaria Island All-Day Entry + Lunch<\/div>\n<div>\ud83c\udfdd\ufe0fOzaria Island All-Day Entry (Beach Use Only)<\/div>\n<div>\ud83c\udfdd\ufe0fHula Hula Island All-Day Entry (Beach Use Only)<\/div>\n<div>\n<hr data-start=\"1118\" data-end=\"1121\" \/>\n<\/div>\n<article class=\"text-token-text-primary w-full focus:outline-none scroll-mt-[calc(var(--header-height)+min(200px,max(70px,20svh)))]\" dir=\"auto\" tabindex=\"-1\" data-turn-id=\"request-WEB:03ee36ad-4c16-45a2-a255-2a64e427af84-13\" data-testid=\"conversation-turn-28\" data-scroll-anchor=\"false\" data-turn=\"assistant\">\n<div class=\"text-base my-auto mx-auto [--thread-content-margin:--spacing(4)] thread-sm:[--thread-content-margin:--spacing(6)] thread-lg:[--thread-content-margin:--spacing(16)] px-(--thread-content-margin)\">\n<div class=\"[--thread-content-max-width:40rem] thread-lg:[--thread-content-max-width:48rem] mx-auto max-w-(--thread-content-max-width) flex-1 group\/turn-messages focus-visible:outline-hidden relative flex w-full min-w-0 flex-col agent-turn\" tabindex=\"-1\">\n<div class=\"flex max-w-full flex-col grow\">\n<div class=\"min-h-8 text-message relative flex w-full flex-col items-end gap-2 text-start break-words whitespace-normal [.text-message+&amp;]:mt-5\" dir=\"auto\" data-message-author-role=\"assistant\" data-message-id=\"760e0008-4ee9-469d-a373-6afec52afb60\" data-message-model-slug=\"gpt-5\">\n<div class=\"flex w-full flex-col gap-1 empty:hidden first:pt-[3px]\">\n<div class=\"markdown prose dark:prose-invert w-full break-words light markdown-new-styling\">\n<p data-start=\"35\" data-end=\"59\">\ud83e\udd11 <strong data-start=\"38\" data-end=\"57\">Excursion Price<\/strong><\/p>\n<p data-start=\"61\" data-end=\"126\" data-is-last-node=\"\" data-is-only-node=\"\">\ud83d\ude4e\ud83c\udffb\u200d\u2642\ufe0f <strong data-start=\"69\" data-end=\"82\">2 people:<\/strong> \u20ac 140<br data-start=\"87\" data-end=\"90\" \/>\ud83d\udc64 <strong data-start=\"93\" data-end=\"120\">Each additional person:<\/strong> \u20ac 15<\/p>\n<h3 data-start=\"2198\" data-end=\"2225\"><strong data-start=\"2205\" data-end=\"2223\">Payment in USD ($ \ud83c\uddfa\ud83c\uddf8) instead of EUR (\u20ac \ud83c\uddea\ud83c\uddfa) is available according to the daily bank exchange rate.<\/strong><\/h3>\n<\/div>\n<\/div>\n<\/div>\n<\/div>\n<\/div>\n<\/div>\n<\/article>\n<p><strong>Book Through WhatsApp:<\/strong><\/p>\n<p><a href=\"https:\/\/api.whatsapp.com\/send\/?phone=01021058859\" target=\"_blank\" rel=\"noopener\">\u00a0<img decoding=\"async\" class=\"alignnone wp-image-2058\" src=\"https:\/\/poehalisnamiegypt.com\/wp-content\/uploads\/2024\/02\/pngwing.com_-300x300.png\" sizes=\"auto, (max-width: 35px) 100vw, 35px\" srcset=\"https:\/\/poehalisnamiegypt.com\/wp-content\/uploads\/2024\/02\/pngwing.com_-300x300.png 300w, https:\/\/poehalisnamiegypt.com\/wp-content\/uploads\/2024\/02\/pngwing.com_-150x150.png 150w, https:\/\/poehalisnamiegypt.com\/wp-content\/uploads\/2024\/02\/pngwing.com_.png 584w\" alt=\"\" width=\"53\" height=\"53\" \/><\/a><\/p>\n","protected":false},"excerpt":{"rendered":"<p>\ud83d\udea4 Private Speed Boat Adventure\u00a0 Looking for an exclusive and thrilling experience on the Red Sea? Hop aboard our 200HP RIB speed boat for a private trip designed just for you and up to 7 guests! \u23f0 Flexible Trip Duration Minimum: 4 hours \u2013 Perfect to explore the stunning Several islands\u00a0\ud83c\udfdd\ufe0f with time for swimming [&hellip;]<\/p>\n","protected":false},"featured_media":10912,"comment_status":"open","ping_status":"closed","template":"","meta":[],"product_brand":[],"product_cat":[68],"product_tag":[],"class_list":{"0":"post-9845","1":"product","2":"type-product","3":"status-publish","4":"has-post-thumbnail","6":"product_cat-sea","8":"first","9":"instock","10":"shipping-taxable","11":"purchasable","12":"product-type-ovabrw_car_rental"},"yoast_head":"<!-- This site is optimized with the Yoast SEO plugin v27.5 - https:\/\/yoast.com\/product\/yoast-seo-wordpress\/ -->\n<title>Private Red Sea Speed Boat Trip - Golden Horizont Egypt<\/title>\n<meta name=\"robots\" content=\"index, follow, max-snippet:-1, max-image-preview:large, max-video-preview:-1\" \/>\n<link rel=\"canonical\" href=\"https:\/\/goldenhorizontegypt.com\/ro\/produs\/speed-boot-2-pax\/\" \/>\n<meta property=\"og:locale\" content=\"ro_RO\" \/>\n<meta property=\"og:type\" content=\"article\" \/>\n<meta property=\"og:title\" content=\"Private Red Sea Speed Boat Trip - Golden Horizont Egypt\" \/>\n<meta property=\"og:description\" content=\"\ud83d\udea4 Private Speed Boat Adventure\u00a0 Looking for an exclusive and thrilling experience on the Red Sea? Hop aboard our 200HP RIB speed boat for a private trip designed just for you and up to 7 guests! \u23f0 Flexible Trip Duration Minimum: 4 hours \u2013 Perfect to explore the stunning Several islands\u00a0\ud83c\udfdd\ufe0f with time for swimming [&hellip;]\" \/>\n<meta property=\"og:url\" content=\"https:\/\/goldenhorizontegypt.com\/ro\/produs\/speed-boot-2-pax\/\" \/>\n<meta property=\"og:site_name\" content=\"Golden Horizont Egypt\" \/>\n<meta property=\"article:modified_time\" content=\"2025-11-28T15:21:57+00:00\" \/>\n<meta property=\"og:image\" content=\"https:\/\/goldenhorizontegypt.com\/wp-content\/uploads\/2025\/09\/WhatsApp-Image-2025-09-16-at-03.50.36_8cd1dd8d.jpg\" \/>\n\t<meta property=\"og:image:width\" content=\"720\" \/>\n\t<meta property=\"og:image:height\" content=\"480\" \/>\n\t<meta property=\"og:image:type\" content=\"image\/jpeg\" \/>\n<meta name=\"twitter:card\" content=\"summary_large_image\" \/>\n<meta name=\"twitter:label1\" content=\"Timp estimat pentru citire\" \/>\n\t<meta name=\"twitter:data1\" content=\"1 minut\" \/>\n<script type=\"application\/ld+json\" class=\"yoast-schema-graph\">{\"@context\":\"https:\\\/\\\/schema.org\",\"@graph\":[{\"@type\":\"WebPage\",\"@id\":\"https:\\\/\\\/goldenhorizontegypt.com\\\/product\\\/speed-boot-2-pax\\\/\",\"url\":\"https:\\\/\\\/goldenhorizontegypt.com\\\/product\\\/speed-boot-2-pax\\\/\",\"name\":\"Private Red Sea Speed Boat Trip - Golden Horizont Egypt\",\"isPartOf\":{\"@id\":\"https:\\\/\\\/goldenhorizontegypt.com\\\/#website\"},\"primaryImageOfPage\":{\"@id\":\"https:\\\/\\\/goldenhorizontegypt.com\\\/product\\\/speed-boot-2-pax\\\/#primaryimage\"},\"image\":{\"@id\":\"https:\\\/\\\/goldenhorizontegypt.com\\\/product\\\/speed-boot-2-pax\\\/#primaryimage\"},\"thumbnailUrl\":\"https:\\\/\\\/goldenhorizontegypt.com\\\/wp-content\\\/uploads\\\/2025\\\/09\\\/WhatsApp-Image-2025-09-16-at-03.50.36_8cd1dd8d.jpg\",\"datePublished\":\"2025-09-07T09:16:55+00:00\",\"dateModified\":\"2025-11-28T15:21:57+00:00\",\"breadcrumb\":{\"@id\":\"https:\\\/\\\/goldenhorizontegypt.com\\\/product\\\/speed-boot-2-pax\\\/#breadcrumb\"},\"inLanguage\":\"ro-RO\",\"potentialAction\":[{\"@type\":\"ReadAction\",\"target\":[\"https:\\\/\\\/goldenhorizontegypt.com\\\/product\\\/speed-boot-2-pax\\\/\"]}]},{\"@type\":\"ImageObject\",\"inLanguage\":\"ro-RO\",\"@id\":\"https:\\\/\\\/goldenhorizontegypt.com\\\/product\\\/speed-boot-2-pax\\\/#primaryimage\",\"url\":\"https:\\\/\\\/goldenhorizontegypt.com\\\/wp-content\\\/uploads\\\/2025\\\/09\\\/WhatsApp-Image-2025-09-16-at-03.50.36_8cd1dd8d.jpg\",\"contentUrl\":\"https:\\\/\\\/goldenhorizontegypt.com\\\/wp-content\\\/uploads\\\/2025\\\/09\\\/WhatsApp-Image-2025-09-16-at-03.50.36_8cd1dd8d.jpg\",\"width\":720,\"height\":480},{\"@type\":\"BreadcrumbList\",\"@id\":\"https:\\\/\\\/goldenhorizontegypt.com\\\/product\\\/speed-boot-2-pax\\\/#breadcrumb\",\"itemListElement\":[{\"@type\":\"ListItem\",\"position\":1,\"name\":\"Home\",\"item\":\"https:\\\/\\\/goldenhorizontegypt.com\\\/\"},{\"@type\":\"ListItem\",\"position\":2,\"name\":\"Shop\",\"item\":\"https:\\\/\\\/goldenhorizontegypt.com\\\/shop\\\/\"},{\"@type\":\"ListItem\",\"position\":3,\"name\":\"Private Red Sea Speed Boat Trip\"}]},{\"@type\":\"WebSite\",\"@id\":\"https:\\\/\\\/goldenhorizontegypt.com\\\/#website\",\"url\":\"https:\\\/\\\/goldenhorizontegypt.com\\\/\",\"name\":\"Golden Horizont Egypt\",\"description\":\"\",\"potentialAction\":[{\"@type\":\"SearchAction\",\"target\":{\"@type\":\"EntryPoint\",\"urlTemplate\":\"https:\\\/\\\/goldenhorizontegypt.com\\\/?s={search_term_string}\"},\"query-input\":{\"@type\":\"PropertyValueSpecification\",\"valueRequired\":true,\"valueName\":\"search_term_string\"}}],\"inLanguage\":\"ro-RO\"}]}<\/script>\n<!-- \/ Yoast SEO plugin. -->","yoast_head_json":{"title":"Private Red Sea Speed Boat Trip - Golden Horizont Egypt","robots":{"index":"index","follow":"follow","max-snippet":"max-snippet:-1","max-image-preview":"max-image-preview:large","max-video-preview":"max-video-preview:-1"},"canonical":"https:\/\/goldenhorizontegypt.com\/ro\/produs\/speed-boot-2-pax\/","og_locale":"ro_RO","og_type":"article","og_title":"Private Red Sea Speed Boat Trip - Golden Horizont Egypt","og_description":"\ud83d\udea4 Private Speed Boat Adventure\u00a0 Looking for an exclusive and thrilling experience on the Red Sea? Hop aboard our 200HP RIB speed boat for a private trip designed just for you and up to 7 guests! \u23f0 Flexible Trip Duration Minimum: 4 hours \u2013 Perfect to explore the stunning Several islands\u00a0\ud83c\udfdd\ufe0f with time for swimming [&hellip;]","og_url":"https:\/\/goldenhorizontegypt.com\/ro\/produs\/speed-boot-2-pax\/","og_site_name":"Golden Horizont Egypt","article_modified_time":"2025-11-28T15:21:57+00:00","og_image":[{"width":720,"height":480,"url":"https:\/\/goldenhorizontegypt.com\/wp-content\/uploads\/2025\/09\/WhatsApp-Image-2025-09-16-at-03.50.36_8cd1dd8d.jpg","type":"image\/jpeg"}],"twitter_card":"summary_large_image","twitter_misc":{"Timp estimat pentru citire":"1 minut"},"schema":{"@context":"https:\/\/schema.org","@graph":[{"@type":"WebPage","@id":"https:\/\/goldenhorizontegypt.com\/product\/speed-boot-2-pax\/","url":"https:\/\/goldenhorizontegypt.com\/product\/speed-boot-2-pax\/","name":"Private Red Sea Speed Boat Trip - Golden Horizont Egypt","isPartOf":{"@id":"https:\/\/goldenhorizontegypt.com\/#website"},"primaryImageOfPage":{"@id":"https:\/\/goldenhorizontegypt.com\/product\/speed-boot-2-pax\/#primaryimage"},"image":{"@id":"https:\/\/goldenhorizontegypt.com\/product\/speed-boot-2-pax\/#primaryimage"},"thumbnailUrl":"https:\/\/goldenhorizontegypt.com\/wp-content\/uploads\/2025\/09\/WhatsApp-Image-2025-09-16-at-03.50.36_8cd1dd8d.jpg","datePublished":"2025-09-07T09:16:55+00:00","dateModified":"2025-11-28T15:21:57+00:00","breadcrumb":{"@id":"https:\/\/goldenhorizontegypt.com\/product\/speed-boot-2-pax\/#breadcrumb"},"inLanguage":"ro-RO","potentialAction":[{"@type":"ReadAction","target":["https:\/\/goldenhorizontegypt.com\/product\/speed-boot-2-pax\/"]}]},{"@type":"ImageObject","inLanguage":"ro-RO","@id":"https:\/\/goldenhorizontegypt.com\/product\/speed-boot-2-pax\/#primaryimage","url":"https:\/\/goldenhorizontegypt.com\/wp-content\/uploads\/2025\/09\/WhatsApp-Image-2025-09-16-at-03.50.36_8cd1dd8d.jpg","contentUrl":"https:\/\/goldenhorizontegypt.com\/wp-content\/uploads\/2025\/09\/WhatsApp-Image-2025-09-16-at-03.50.36_8cd1dd8d.jpg","width":720,"height":480},{"@type":"BreadcrumbList","@id":"https:\/\/goldenhorizontegypt.com\/product\/speed-boot-2-pax\/#breadcrumb","itemListElement":[{"@type":"ListItem","position":1,"name":"Home","item":"https:\/\/goldenhorizontegypt.com\/"},{"@type":"ListItem","position":2,"name":"Shop","item":"https:\/\/goldenhorizontegypt.com\/shop\/"},{"@type":"ListItem","position":3,"name":"Private Red Sea Speed Boat Trip"}]},{"@type":"WebSite","@id":"https:\/\/goldenhorizontegypt.com\/#website","url":"https:\/\/goldenhorizontegypt.com\/","name":"Orizont de Aur Egipt","description":"","potentialAction":[{"@type":"SearchAction","target":{"@type":"EntryPoint","urlTemplate":"https:\/\/goldenhorizontegypt.com\/?s={search_term_string}"},"query-input":{"@type":"PropertyValueSpecification","valueRequired":true,"valueName":"search_term_string"}}],"inLanguage":"ro-RO"}]}},"_links":{"self":[{"href":"https:\/\/goldenhorizontegypt.com\/ro\/wp-json\/wp\/v2\/product\/9845","targetHints":{"allow":["GET"]}}],"collection":[{"href":"https:\/\/goldenhorizontegypt.com\/ro\/wp-json\/wp\/v2\/product"}],"about":[{"href":"https:\/\/goldenhorizontegypt.com\/ro\/wp-json\/wp\/v2\/types\/product"}],"replies":[{"embeddable":true,"href":"https:\/\/goldenhorizontegypt.com\/ro\/wp-json\/wp\/v2\/comments?post=9845"}],"wp:featuredmedia":[{"embeddable":true,"href":"https:\/\/goldenhorizontegypt.com\/ro\/wp-json\/wp\/v2\/media\/10912"}],"wp:attachment":[{"href":"https:\/\/goldenhorizontegypt.com\/ro\/wp-json\/wp\/v2\/media?parent=9845"}],"wp:term":[{"taxonomy":"product_brand","embeddable":true,"href":"https:\/\/goldenhorizontegypt.com\/ro\/wp-json\/wp\/v2\/product_brand?post=9845"},{"taxonomy":"product_cat","embeddable":true,"href":"https:\/\/goldenhorizontegypt.com\/ro\/wp-json\/wp\/v2\/product_cat?post=9845"},{"taxonomy":"product_tag","embeddable":true,"href":"https:\/\/goldenhorizontegypt.com\/ro\/wp-json\/wp\/v2\/product_tag?post=9845"}],"curies":[{"name":"wp","href":"https:\/\/api.w.org\/{rel}","templated":true}]}}