{"id":9838,"date":"2025-09-07T08:59:29","date_gmt":"2025-09-07T08:59:29","guid":{"rendered":"https:\/\/goldenhorizontegypt.com\/?post_type=product&#038;p=9838"},"modified":"2026-01-02T18:09:04","modified_gmt":"2026-01-02T18:09:04","slug":"diving-trip","status":"publish","type":"product","link":"https:\/\/goldenhorizontegypt.com\/ro\/produs\/diving-trip\/","title":{"rendered":"Aventur\u0103 de scufund\u0103ri \u00een Hurghada"},"content":{"rendered":"<h2 data-start=\"105\" data-end=\"172\">\ud83c\udf0a <strong data-start=\"111\" data-end=\"172\">Aventur\u0103 zilnic\u0103 de scufund\u0103ri \u00een Hurghada - Explora\u021bi Marea Ro\u0219ie!<\/strong><\/h2>\n<p data-start=\"174\" data-end=\"413\">P\u0103trunde\u021bi \u00een <strong data-start=\"188\" data-end=\"227\">apele cristaline ale M\u0103rii Ro\u0219ii<\/strong> \u00een Hurghada \u0219i experimenta\u021bi o lume a recifelor colorate \u0219i a vie\u021bii marine fascinante! \ud83d\udc20 Echipa noastr\u0103 profesionist\u0103 de instructori este preg\u0103tit\u0103 s\u0103 v\u0103 ofere o <strong data-start=\"374\" data-end=\"412\">aventur\u0103 subacvatic\u0103 de neuitat<\/strong>.<\/p>\n<hr data-start=\"415\" data-end=\"418\" \/>\n<h3 data-start=\"420\" data-end=\"444\">\ud83d\udd57 <strong data-start=\"427\" data-end=\"444\">Programul c\u0103l\u0103toriei<\/strong><\/h3>\n<ul data-start=\"445\" data-end=\"596\">\n<li data-start=\"445\" data-end=\"472\">\n<p data-start=\"447\" data-end=\"472\"><strong data-start=\"447\" data-end=\"462\">Ora de \u00eencepere:<\/strong> 8:30 AM<\/p>\n<\/li>\n<li data-start=\"473\" data-end=\"498\">\n<p data-start=\"475\" data-end=\"498\"><strong data-start=\"475\" data-end=\"488\">Ora de terminare:<\/strong> 4:00 PM<\/p>\n<\/li>\n<li data-start=\"499\" data-end=\"596\">\n<p data-start=\"501\" data-end=\"596\"><strong data-start=\"501\" data-end=\"519\">Punct de \u00eent\u00e2lnire:<\/strong> Centrul nostru de scufund\u0103ri de la <strong data-start=\"541\" data-end=\"552\">8:00 AM<\/strong> pentru preg\u0103tirea \u0219i \u00eenregistrarea echipamentelor.<\/p>\n<\/li>\n<\/ul>\n<hr data-start=\"598\" data-end=\"601\" \/>\n<h3 data-start=\"603\" data-end=\"638\">\ud83d\uddfa\ufe0f <strong data-start=\"611\" data-end=\"638\">Locuri de scufundare \u0219i experien\u021b\u0103<\/strong><\/h3>\n<ul data-start=\"639\" data-end=\"890\">\n<li data-start=\"639\" data-end=\"719\">\n<p data-start=\"641\" data-end=\"719\">Bucur\u0103-te <strong data-start=\"647\" data-end=\"675\">dou\u0103 locuri diferite de scufund\u0103ri<\/strong> pe excursie (\u00een func\u021bie de vreme \u0219i curen\u021bi).<\/p>\n<\/li>\n<li data-start=\"720\" data-end=\"824\">\n<p data-start=\"722\" data-end=\"824\">Timp de naviga\u021bie p\u00e2n\u0103 la prima oprire: <strong data-start=\"754\" data-end=\"771\">35-45 minute<\/strong> sau p\u00e2n\u0103 la <strong data-start=\"781\" data-end=\"798\">60-90 minute<\/strong>, \u00een func\u021bie de loca\u021bie.<\/p>\n<\/li>\n<li data-start=\"825\" data-end=\"890\">\n<p data-start=\"827\" data-end=\"890\">La bord, dvs. <strong data-start=\"841\" data-end=\"856\">maestru de scufund\u0103ri<\/strong> va oferi o informare detaliat\u0103.<\/p>\n<\/li>\n<\/ul>\n<hr data-start=\"892\" data-end=\"895\" \/>\n<h3 data-start=\"897\" data-end=\"936\">\ud83e\udd3f <strong data-start=\"904\" data-end=\"936\">Puncte forte ale experien\u021bei de scufundare<\/strong><\/h3>\n<ul data-start=\"937\" data-end=\"1228\">\n<li data-start=\"937\" data-end=\"990\">\n<p data-start=\"939\" data-end=\"990\"><strong data-start=\"939\" data-end=\"960\">Dou\u0103 scufund\u0103ri pe zi<\/strong> cu \u00eendrumare profesional\u0103.<\/p>\n<\/li>\n<li data-start=\"991\" data-end=\"1073\">\n<p data-start=\"993\" data-end=\"1073\">Op\u021bional <strong data-start=\"1002\" data-end=\"1045\">debriefing &amp; identificarea vie\u021bii marine<\/strong> dup\u0103 fiecare scufundare.<\/p>\n<\/li>\n<li data-start=\"1074\" data-end=\"1148\">\n<p data-start=\"1076\" data-end=\"1148\">Durata scufund\u0103rii depinde de <strong data-start=\"1101\" data-end=\"1145\">consumul de aer, curen\u021bii \u0219i dimensiunea amplasamentului<\/strong>.<\/p>\n<\/li>\n<li data-start=\"1149\" data-end=\"1228\">\n<p data-start=\"1151\" data-end=\"1228\">Ne propunem s\u0103 vizit\u0103m c\u00e2t mai multe <strong data-start=\"1175\" data-end=\"1191\">site-uri unice<\/strong> pe c\u00e2t posibil, pentru o experien\u021b\u0103 variat\u0103!<\/p>\n<\/li>\n<\/ul>\n<hr data-start=\"1230\" data-end=\"1233\" \/>\n<h3 data-start=\"1235\" data-end=\"1261\">\ud83c\udf7d\ufe0f <strong data-start=\"1243\" data-end=\"1261\">Pr\u00e2nz la bord<\/strong><\/h3>\n<ul data-start=\"1262\" data-end=\"1478\">\n<li data-start=\"1262\" data-end=\"1397\">\n<p data-start=\"1264\" data-end=\"1305\">Proasp\u0103t preparate <strong data-start=\"1281\" data-end=\"1297\">bufet de pr\u00e2nz<\/strong> cu:<\/p>\n<ul data-start=\"1308\" data-end=\"1397\">\n<li data-start=\"1308\" data-end=\"1325\">\n<p data-start=\"1310\" data-end=\"1325\">Pe\u0219te local \ud83d\udc1f<\/p>\n<\/li>\n<li data-start=\"1328\" data-end=\"1349\">\n<p data-start=\"1330\" data-end=\"1349\">Paste \u0219i orez \ud83c\udf5d\ud83c\udf5a<\/p>\n<\/li>\n<li data-start=\"1352\" data-end=\"1375\">\n<p data-start=\"1354\" data-end=\"1375\">Pui \u0219i carne \ud83c\udf57\ud83e\udd69<\/p>\n<\/li>\n<li data-start=\"1378\" data-end=\"1397\">\n<p data-start=\"1380\" data-end=\"1397\">Salate proaspete \ud83e\udd57<\/p>\n<\/li>\n<\/ul>\n<\/li>\n<li data-start=\"1398\" data-end=\"1478\">\n<p data-start=\"1400\" data-end=\"1478\">Include <strong data-start=\"1409\" data-end=\"1452\">b\u0103uturi r\u0103coritoare (ap\u0103, suc, ceai, cafea)<\/strong> - limitat\u0103, dar r\u0103coritoare!<\/p>\n<\/li>\n<\/ul>\n<hr data-start=\"1480\" data-end=\"1483\" \/>\n<h3 data-start=\"1485\" data-end=\"1516\">\ud83d\udee5\ufe0f <strong data-start=\"1493\" data-end=\"1516\">Facilit\u0103\u021bile noastre pentru b\u0103rci<\/strong><\/h3>\n<ul data-start=\"1517\" data-end=\"1636\">\n<li data-start=\"1517\" data-end=\"1560\">\n<p data-start=\"1519\" data-end=\"1560\">Spa\u021bioase <strong data-start=\"1528\" data-end=\"1540\">punte la soare<\/strong> pentru relaxare \u2600\ufe0f<\/p>\n<\/li>\n<li data-start=\"1561\" data-end=\"1586\">\n<p data-start=\"1563\" data-end=\"1586\">La bord <strong data-start=\"1571\" data-end=\"1581\">du\u0219<\/strong> \ud83d\udebf<\/p>\n<\/li>\n<li data-start=\"1587\" data-end=\"1636\">\n<p data-start=\"1589\" data-end=\"1636\">Confortabil <strong data-start=\"1601\" data-end=\"1631\">saloon pentru mese \u0219i b\u0103uturi<\/strong> \ud83c\udf79<\/p>\n<\/li>\n<\/ul>\n<hr data-start=\"1638\" data-end=\"1641\" \/>\n<h3 data-start=\"1643\" data-end=\"1679\">\ud83c\udf0d <strong data-start=\"1650\" data-end=\"1679\">Angajament fa\u021b\u0103 de conservare<\/strong><\/h3>\n<p data-start=\"1680\" data-end=\"1876\">Sprijinim cu m\u00e2ndrie <strong data-start=\"1699\" data-end=\"1771\">HEPCA (Asocia\u021bia pentru protec\u021bia \u0219i conservarea mediului din Hurghada)<\/strong> \u0219i <strong data-start=\"1780\" data-end=\"1821\">Agen\u021bia egiptean\u0103 pentru afaceri de mediu<\/strong> pentru a proteja <strong data-start=\"1837\" data-end=\"1872\">Recifurile \u0219i via\u021ba marin\u0103 din Marea Ro\u0219ie<\/strong>. \ud83d\udc22<\/p>\n<p data-start=\"1878\" data-end=\"2011\">Fiecare scafandru \u0219i snorkeler - \u00eencep\u0103tor sau avansat - are responsabilitatea de a <strong data-start=\"1953\" data-end=\"1987\">proteja\u021bi acest ecosistem fragil<\/strong> pentru genera\u021biile viitoare.<\/p>\n<hr data-start=\"2013\" data-end=\"2016\" \/>\n<h3 data-start=\"2018\" data-end=\"2044\"><strong data-start=\"2022\" data-end=\"2042\">Programul include<\/strong><\/h3>\n<ul data-start=\"2045\" data-end=\"2167\">\n<li data-start=\"2045\" data-end=\"2069\">\n<p data-start=\"2047\" data-end=\"2069\">\ud83d\udc68\u200d\ud83c\udfeb <strong data-start=\"2053\" data-end=\"2067\">Ghid de scufund\u0103ri<\/strong><\/p>\n<\/li>\n<li data-start=\"2070\" data-end=\"2090\">\n<p data-start=\"2072\" data-end=\"2090\">\ud83d\udee2\ufe0f <strong data-start=\"2076\" data-end=\"2088\">Rezervor 12L<\/strong><\/p>\n<\/li>\n<li data-start=\"2091\" data-end=\"2109\">\n<p data-start=\"2093\" data-end=\"2109\">\u2696\ufe0f <strong data-start=\"2096\" data-end=\"2107\">Greut\u0103\u021bi<\/strong><\/p>\n<\/li>\n<li data-start=\"2110\" data-end=\"2167\">\n<p data-start=\"2112\" data-end=\"2167\">\ud83d\ude90 <strong data-start=\"2115\" data-end=\"2167\">Transferuri \u00een Hurghada, Makadi &amp; Sahl Hashish<\/strong><\/p>\n<\/li>\n<\/ul>\n<p>\ud83d\udcdd Note<\/p>\n<p>Oferim, de asemenea, certificate de scufund\u0103ri (pentru \u00eencep\u0103tori \u0219i avansa\u021bi) la cerere.<\/p>\n<p>Posibilitatea de a face doar snorkeling: 20 \u20ac<\/p>\n<p>Fotografiile nu sunt incluse \u00een pachet.<\/p>\n<p>\ud83e\udd11 Pre\u021bul c\u0103l\u0103toriei<\/p>\n<p>\ud83d\ude4e\ud83c\udffb\u200d\u2642\ufe0f 10 ani \u0219i peste: \u20ac 30<\/p>\n<p>\ud83e\uddcd\ud83c\udffb\u200d\u2640\ufe0f Sub 10 ani: \ud83d\udeab Nu este permis<\/p>\n<p>\ud83d\udc64 Oaspe\u021bi \u00eenso\u021bitori (f\u0103r\u0103 scufund\u0103ri): \u20ac 20<\/p>\n<table style=\"height: 115px;\" width=\"790\">\n<tbody>\n<tr>\n<td width=\"126\"><strong>\u00a0\u20ac\u00a0\u00a0\u00a045.00<\/strong><\/td>\n<td width=\"307\"><strong>Scafandru profesionist<\/strong><\/td>\n<\/tr>\n<tr>\n<td><strong>\u00a0\u20ac\u00a0\u00a0\u00a0 30.00<\/strong><\/td>\n<td><strong>Scufund\u0103ri<\/strong><\/td>\n<\/tr>\n<tr>\n<td><strong>\u00a0\u20ac\u00a0\u00a0\u00a0 20.00<\/strong><\/td>\n<td><strong>Snorkling<\/strong><\/td>\n<\/tr>\n<\/tbody>\n<\/table>\n<h3 data-start=\"2198\" data-end=\"2225\"><strong data-start=\"2205\" data-end=\"2223\">Plata \u00een USD ($ \ud83c\uddfa\ud83c\uddf8) \u00een loc de EUR (\u20ac \ud83c\uddea\ud83c\uddfa) este disponibil\u0103 \u00een func\u021bie de cursul bancar zilnic.<\/strong><\/h3>\n<p><strong>Rezerv\u0103 prin WhatsApp:<\/strong><\/p>\n<p><a href=\"https:\/\/api.whatsapp.com\/send\/?phone=01021058859\" target=\"_blank\" rel=\"noopener\">\u00a0<img decoding=\"async\" class=\"alignnone wp-image-2058\" src=\"https:\/\/poehalisnamiegypt.com\/wp-content\/uploads\/2024\/02\/pngwing.com_-300x300.png\" sizes=\"auto, (max-width: 35px) 100vw, 35px\" srcset=\"https:\/\/poehalisnamiegypt.com\/wp-content\/uploads\/2024\/02\/pngwing.com_-300x300.png 300w, https:\/\/poehalisnamiegypt.com\/wp-content\/uploads\/2024\/02\/pngwing.com_-150x150.png 150w, https:\/\/poehalisnamiegypt.com\/wp-content\/uploads\/2024\/02\/pngwing.com_.png 584w\" alt=\"\" width=\"53\" height=\"53\" \/><\/a><\/p>\n<div id=\"gtx-trans\" style=\"position: absolute; left: 488px; top: 62.0278px;\">\n<div class=\"gtx-trans-icon\"><\/div>\n<\/div>","protected":false},"excerpt":{"rendered":"<p>\ud83c\udf0a Daily Diving Adventure in Hurghada \u2013 Explore the Red Sea! Dive into the crystal-clear waters of the Red Sea in Hurghada and experience a world of colorful reefs and fascinating marine life! \ud83d\udc20 Our professional team of instructors is ready to give you an unforgettable underwater adventure. \ud83d\udd57 Trip Schedule Start Time: 8:30 AM [&hellip;]<\/p>\n","protected":false},"featured_media":9841,"comment_status":"open","ping_status":"closed","template":"","meta":[],"product_brand":[],"product_cat":[68],"product_tag":[],"class_list":{"0":"post-9838","1":"product","2":"type-product","3":"status-publish","4":"has-post-thumbnail","6":"product_cat-sea","8":"first","9":"instock","10":"shipping-taxable","11":"purchasable","12":"product-type-ovabrw_car_rental"},"yoast_head":"<!-- This site is optimized with the Yoast SEO plugin v27.5 - https:\/\/yoast.com\/product\/yoast-seo-wordpress\/ -->\n<title>Diving Adventure in Hurghada - Golden Horizont Egypt<\/title>\n<meta name=\"robots\" content=\"index, follow, max-snippet:-1, max-image-preview:large, max-video-preview:-1\" \/>\n<link rel=\"canonical\" href=\"https:\/\/goldenhorizontegypt.com\/ro\/produs\/diving-trip\/\" \/>\n<meta property=\"og:locale\" content=\"ro_RO\" \/>\n<meta property=\"og:type\" content=\"article\" \/>\n<meta property=\"og:title\" content=\"Diving Adventure in Hurghada - Golden Horizont Egypt\" \/>\n<meta property=\"og:description\" content=\"\ud83c\udf0a Daily Diving Adventure in Hurghada \u2013 Explore the Red Sea! Dive into the crystal-clear waters of the Red Sea in Hurghada and experience a world of colorful reefs and fascinating marine life! \ud83d\udc20 Our professional team of instructors is ready to give you an unforgettable underwater adventure. \ud83d\udd57 Trip Schedule Start Time: 8:30 AM [&hellip;]\" \/>\n<meta property=\"og:url\" content=\"https:\/\/goldenhorizontegypt.com\/ro\/produs\/diving-trip\/\" \/>\n<meta property=\"og:site_name\" content=\"Golden Horizont Egypt\" \/>\n<meta property=\"article:modified_time\" content=\"2026-01-02T18:09:04+00:00\" \/>\n<meta property=\"og:image\" content=\"https:\/\/goldenhorizontegypt.com\/wp-content\/uploads\/2025\/09\/900x600-1-50-c322de4c47adb1105ffc87ddcb85e30e.jpg\" \/>\n\t<meta property=\"og:image:width\" content=\"900\" \/>\n\t<meta property=\"og:image:height\" content=\"600\" \/>\n\t<meta property=\"og:image:type\" content=\"image\/jpeg\" \/>\n<meta name=\"twitter:card\" content=\"summary_large_image\" \/>\n<meta name=\"twitter:label1\" content=\"Timp estimat pentru citire\" \/>\n\t<meta name=\"twitter:data1\" content=\"2 minute\" \/>\n<script type=\"application\/ld+json\" class=\"yoast-schema-graph\">{\"@context\":\"https:\\\/\\\/schema.org\",\"@graph\":[{\"@type\":\"WebPage\",\"@id\":\"https:\\\/\\\/goldenhorizontegypt.com\\\/product\\\/diving-trip\\\/\",\"url\":\"https:\\\/\\\/goldenhorizontegypt.com\\\/product\\\/diving-trip\\\/\",\"name\":\"Diving Adventure in Hurghada - Golden Horizont Egypt\",\"isPartOf\":{\"@id\":\"https:\\\/\\\/goldenhorizontegypt.com\\\/#website\"},\"primaryImageOfPage\":{\"@id\":\"https:\\\/\\\/goldenhorizontegypt.com\\\/product\\\/diving-trip\\\/#primaryimage\"},\"image\":{\"@id\":\"https:\\\/\\\/goldenhorizontegypt.com\\\/product\\\/diving-trip\\\/#primaryimage\"},\"thumbnailUrl\":\"https:\\\/\\\/goldenhorizontegypt.com\\\/wp-content\\\/uploads\\\/2025\\\/09\\\/900x600-1-50-c322de4c47adb1105ffc87ddcb85e30e.jpg\",\"datePublished\":\"2025-09-07T08:59:29+00:00\",\"dateModified\":\"2026-01-02T18:09:04+00:00\",\"breadcrumb\":{\"@id\":\"https:\\\/\\\/goldenhorizontegypt.com\\\/product\\\/diving-trip\\\/#breadcrumb\"},\"inLanguage\":\"ro-RO\",\"potentialAction\":[{\"@type\":\"ReadAction\",\"target\":[\"https:\\\/\\\/goldenhorizontegypt.com\\\/product\\\/diving-trip\\\/\"]}]},{\"@type\":\"ImageObject\",\"inLanguage\":\"ro-RO\",\"@id\":\"https:\\\/\\\/goldenhorizontegypt.com\\\/product\\\/diving-trip\\\/#primaryimage\",\"url\":\"https:\\\/\\\/goldenhorizontegypt.com\\\/wp-content\\\/uploads\\\/2025\\\/09\\\/900x600-1-50-c322de4c47adb1105ffc87ddcb85e30e.jpg\",\"contentUrl\":\"https:\\\/\\\/goldenhorizontegypt.com\\\/wp-content\\\/uploads\\\/2025\\\/09\\\/900x600-1-50-c322de4c47adb1105ffc87ddcb85e30e.jpg\",\"width\":900,\"height\":600},{\"@type\":\"BreadcrumbList\",\"@id\":\"https:\\\/\\\/goldenhorizontegypt.com\\\/product\\\/diving-trip\\\/#breadcrumb\",\"itemListElement\":[{\"@type\":\"ListItem\",\"position\":1,\"name\":\"Home\",\"item\":\"https:\\\/\\\/goldenhorizontegypt.com\\\/\"},{\"@type\":\"ListItem\",\"position\":2,\"name\":\"Shop\",\"item\":\"https:\\\/\\\/goldenhorizontegypt.com\\\/shop\\\/\"},{\"@type\":\"ListItem\",\"position\":3,\"name\":\"Diving Adventure in Hurghada\"}]},{\"@type\":\"WebSite\",\"@id\":\"https:\\\/\\\/goldenhorizontegypt.com\\\/#website\",\"url\":\"https:\\\/\\\/goldenhorizontegypt.com\\\/\",\"name\":\"Golden Horizont Egypt\",\"description\":\"\",\"potentialAction\":[{\"@type\":\"SearchAction\",\"target\":{\"@type\":\"EntryPoint\",\"urlTemplate\":\"https:\\\/\\\/goldenhorizontegypt.com\\\/?s={search_term_string}\"},\"query-input\":{\"@type\":\"PropertyValueSpecification\",\"valueRequired\":true,\"valueName\":\"search_term_string\"}}],\"inLanguage\":\"ro-RO\"}]}<\/script>\n<!-- \/ Yoast SEO plugin. -->","yoast_head_json":{"title":"Diving Adventure in Hurghada - Golden Horizont Egypt","robots":{"index":"index","follow":"follow","max-snippet":"max-snippet:-1","max-image-preview":"max-image-preview:large","max-video-preview":"max-video-preview:-1"},"canonical":"https:\/\/goldenhorizontegypt.com\/ro\/produs\/diving-trip\/","og_locale":"ro_RO","og_type":"article","og_title":"Diving Adventure in Hurghada - Golden Horizont Egypt","og_description":"\ud83c\udf0a Daily Diving Adventure in Hurghada \u2013 Explore the Red Sea! Dive into the crystal-clear waters of the Red Sea in Hurghada and experience a world of colorful reefs and fascinating marine life! \ud83d\udc20 Our professional team of instructors is ready to give you an unforgettable underwater adventure. \ud83d\udd57 Trip Schedule Start Time: 8:30 AM [&hellip;]","og_url":"https:\/\/goldenhorizontegypt.com\/ro\/produs\/diving-trip\/","og_site_name":"Golden Horizont Egypt","article_modified_time":"2026-01-02T18:09:04+00:00","og_image":[{"width":900,"height":600,"url":"https:\/\/goldenhorizontegypt.com\/wp-content\/uploads\/2025\/09\/900x600-1-50-c322de4c47adb1105ffc87ddcb85e30e.jpg","type":"image\/jpeg"}],"twitter_card":"summary_large_image","twitter_misc":{"Timp estimat pentru citire":"2 minute"},"schema":{"@context":"https:\/\/schema.org","@graph":[{"@type":"WebPage","@id":"https:\/\/goldenhorizontegypt.com\/product\/diving-trip\/","url":"https:\/\/goldenhorizontegypt.com\/product\/diving-trip\/","name":"Diving Adventure in Hurghada - Golden Horizont Egypt","isPartOf":{"@id":"https:\/\/goldenhorizontegypt.com\/#website"},"primaryImageOfPage":{"@id":"https:\/\/goldenhorizontegypt.com\/product\/diving-trip\/#primaryimage"},"image":{"@id":"https:\/\/goldenhorizontegypt.com\/product\/diving-trip\/#primaryimage"},"thumbnailUrl":"https:\/\/goldenhorizontegypt.com\/wp-content\/uploads\/2025\/09\/900x600-1-50-c322de4c47adb1105ffc87ddcb85e30e.jpg","datePublished":"2025-09-07T08:59:29+00:00","dateModified":"2026-01-02T18:09:04+00:00","breadcrumb":{"@id":"https:\/\/goldenhorizontegypt.com\/product\/diving-trip\/#breadcrumb"},"inLanguage":"ro-RO","potentialAction":[{"@type":"ReadAction","target":["https:\/\/goldenhorizontegypt.com\/product\/diving-trip\/"]}]},{"@type":"ImageObject","inLanguage":"ro-RO","@id":"https:\/\/goldenhorizontegypt.com\/product\/diving-trip\/#primaryimage","url":"https:\/\/goldenhorizontegypt.com\/wp-content\/uploads\/2025\/09\/900x600-1-50-c322de4c47adb1105ffc87ddcb85e30e.jpg","contentUrl":"https:\/\/goldenhorizontegypt.com\/wp-content\/uploads\/2025\/09\/900x600-1-50-c322de4c47adb1105ffc87ddcb85e30e.jpg","width":900,"height":600},{"@type":"BreadcrumbList","@id":"https:\/\/goldenhorizontegypt.com\/product\/diving-trip\/#breadcrumb","itemListElement":[{"@type":"ListItem","position":1,"name":"Home","item":"https:\/\/goldenhorizontegypt.com\/"},{"@type":"ListItem","position":2,"name":"Shop","item":"https:\/\/goldenhorizontegypt.com\/shop\/"},{"@type":"ListItem","position":3,"name":"Diving Adventure in Hurghada"}]},{"@type":"WebSite","@id":"https:\/\/goldenhorizontegypt.com\/#website","url":"https:\/\/goldenhorizontegypt.com\/","name":"Orizont de Aur Egipt","description":"","potentialAction":[{"@type":"SearchAction","target":{"@type":"EntryPoint","urlTemplate":"https:\/\/goldenhorizontegypt.com\/?s={search_term_string}"},"query-input":{"@type":"PropertyValueSpecification","valueRequired":true,"valueName":"search_term_string"}}],"inLanguage":"ro-RO"}]}},"_links":{"self":[{"href":"https:\/\/goldenhorizontegypt.com\/ro\/wp-json\/wp\/v2\/product\/9838","targetHints":{"allow":["GET"]}}],"collection":[{"href":"https:\/\/goldenhorizontegypt.com\/ro\/wp-json\/wp\/v2\/product"}],"about":[{"href":"https:\/\/goldenhorizontegypt.com\/ro\/wp-json\/wp\/v2\/types\/product"}],"replies":[{"embeddable":true,"href":"https:\/\/goldenhorizontegypt.com\/ro\/wp-json\/wp\/v2\/comments?post=9838"}],"wp:featuredmedia":[{"embeddable":true,"href":"https:\/\/goldenhorizontegypt.com\/ro\/wp-json\/wp\/v2\/media\/9841"}],"wp:attachment":[{"href":"https:\/\/goldenhorizontegypt.com\/ro\/wp-json\/wp\/v2\/media?parent=9838"}],"wp:term":[{"taxonomy":"product_brand","embeddable":true,"href":"https:\/\/goldenhorizontegypt.com\/ro\/wp-json\/wp\/v2\/product_brand?post=9838"},{"taxonomy":"product_cat","embeddable":true,"href":"https:\/\/goldenhorizontegypt.com\/ro\/wp-json\/wp\/v2\/product_cat?post=9838"},{"taxonomy":"product_tag","embeddable":true,"href":"https:\/\/goldenhorizontegypt.com\/ro\/wp-json\/wp\/v2\/product_tag?post=9838"}],"curies":[{"name":"wp","href":"https:\/\/api.w.org\/{rel}","templated":true}]}}