{"id":9819,"date":"2025-09-07T01:00:43","date_gmt":"2025-09-07T01:00:43","guid":{"rendered":"https:\/\/goldenhorizontegypt.com\/?post_type=product&#038;p=9819"},"modified":"2025-11-28T15:23:33","modified_gmt":"2025-11-28T15:23:33","slug":"one-way-cairo-private-trip","status":"publish","type":"product","link":"https:\/\/goldenhorizontegypt.com\/ro\/produs\/one-way-cairo-private-trip\/","title":{"rendered":"Tur privat Cairo - Piramide \u0219i Muzeu"},"content":{"rendered":"<h3 data-start=\"116\" data-end=\"187\">\u2728 <strong data-start=\"122\" data-end=\"185\">Tururi private \u00een Cairo - Poarta ta c\u0103tre minunile Egiptului!<\/strong><\/h3>\n<p data-start=\"189\" data-end=\"326\">\u00cembarca\u021bi-v\u0103 \u00eentr-o c\u0103l\u0103torie de neuitat cu <strong data-start=\"229\" data-end=\"252\">Tururi private \u00een Cairo<\/strong>, cea mai bun\u0103 alegere pentru a v\u0103 crea <strong data-start=\"292\" data-end=\"319\">vacan\u021b\u0103 de vis \u00een Egipt<\/strong>! \ud83c\udf0d\u2728<\/p>\n<h3 data-start=\"520\" data-end=\"556\">\ud83c\udf05 <strong data-start=\"527\" data-end=\"554\">Plecare diminea\u021ba devreme<\/strong><\/h3>\n<ul data-start=\"557\" data-end=\"808\">\n<li data-start=\"557\" data-end=\"675\">\n<p data-start=\"559\" data-end=\"675\"><strong data-start=\"559\" data-end=\"576\">Ridicarea de la hotel<\/strong> \ud83d\ude90: \u00cencepe\u021bi-v\u0103 aventura cu o preluare timpurie de la hotel, \u00eentr-un autobuz modern, cu aer condi\u021bionat.<\/p>\n<\/li>\n<li data-start=\"676\" data-end=\"808\">\n<p data-start=\"678\" data-end=\"808\"><strong data-start=\"678\" data-end=\"701\">Drum pitoresc prin de\u0219ert <\/strong>\ud83c\udfdc\ufe0f: Relaxa\u021bi-v\u0103 \u0219i bucura\u021bi-v\u0103 de peisajele schimb\u0103toare pe m\u0103sur\u0103 ce c\u0103l\u0103tori\u021bi prin de\u0219erturile aurii ale Egiptului spre Cairo.<\/p>\n<\/li>\n<\/ul>\n<h3 data-start=\"815\" data-end=\"857\">\ud83c\udfdb\ufe0f <strong data-start=\"823\" data-end=\"855\">Piramidele din Giza \u0219i Marele Sfinx<\/strong><\/h3>\n<ul data-start=\"858\" data-end=\"1187\">\n<li data-start=\"858\" data-end=\"968\">\n<p data-start=\"860\" data-end=\"968\">R\u0103m\u00e2ne\u021bi \u00eenm\u0103rmuri\u021bi \u00een fa\u021ba legendarei <strong data-start=\"894\" data-end=\"914\">Piramidele din Giza<\/strong>, unul dintre <strong data-start=\"927\" data-end=\"965\">Cele \u0219apte minuni ale lumii antice<\/strong>.<\/p>\n<\/li>\n<li data-start=\"969\" data-end=\"1079\">\n<p data-start=\"971\" data-end=\"1079\">Explora\u021bi <strong data-start=\"983\" data-end=\"999\">Marele Sfinx<\/strong> \ud83e\udd81, misteriosul gardian al platoului, \u0219i surprinde\u021bi fotografii de neuitat.<\/p>\n<\/li>\n<li data-start=\"1080\" data-end=\"1187\">\n<p data-start=\"1082\" data-end=\"1187\">Op\u021bional: Intra\u021bi \u00eentr-una dintre piramide pentru o privire mai profund\u0103 asupra ingineriei antice (este necesar un bilet suplimentar).<\/p>\n<\/li>\n<\/ul>\n<h3 data-start=\"1194\" data-end=\"1237\">\ud83c\udffa <strong data-start=\"1201\" data-end=\"1235\">Muzeul Egiptean de Antichit\u0103\u021bi<\/strong><\/h3>\n<ul data-start=\"1238\" data-end=\"1473\">\n<li data-start=\"1238\" data-end=\"1372\">\n<p data-start=\"1240\" data-end=\"1372\">Descoperi\u021bi peste <strong data-start=\"1254\" data-end=\"1275\">120.000 de artefacte<\/strong> la muzeul de renume mondial, inclusiv comori ale <strong data-start=\"1327\" data-end=\"1349\">Morm\u00e2ntul lui Tutankhamon<\/strong> \u0219i mumii antice.<\/p>\n<\/li>\n<li data-start=\"1373\" data-end=\"1473\">\n<p data-start=\"1375\" data-end=\"1473\">Ghidul dvs. egiptolog v\u0103 va dezv\u0103lui secretele din spatele nepre\u021buitelor relicve \u0219i comori regale.<\/p>\n<\/li>\n<\/ul>\n<h3 data-start=\"1480\" data-end=\"1515\">\ud83c\udf74\u00a0<strong data-start=\"1480\" data-end=\"1504\">Experien\u021b\u0103 de pr\u00e2nz VIP<\/strong><\/h3>\n<ul data-start=\"1516\" data-end=\"1669\">\n<li data-start=\"1516\" data-end=\"1610\">\n<p data-start=\"1518\" data-end=\"1610\">Bucura\u021bi-v\u0103 de o <strong data-start=\"1526\" data-end=\"1554\">pr\u00e2nz egiptean delicios<\/strong> \ud83c\udf7d\ufe0f .<\/p>\n<\/li>\n<li data-start=\"1611\" data-end=\"1669\">\n<p data-start=\"1613\" data-end=\"1669\">R\u0103core\u0219te-te \u0219i re\u00eencarc\u0103-te \u00eenainte de a-\u021bi continua aventura<\/p>\n<\/li>\n<\/ul>\n<h3 data-start=\"1676\" data-end=\"1718\">\ud83d\udecd\ufe0f <strong data-start=\"1684\" data-end=\"1716\">Shopping \u0219i experien\u021be locale<\/strong><\/h3>\n<ul data-start=\"1719\" data-end=\"1863\">\n<li data-start=\"1719\" data-end=\"1863\">\n<p data-start=\"1721\" data-end=\"1863\">Plimba\u021bi-v\u0103 printr-o tradi\u021bional\u0103 <strong data-start=\"1750\" data-end=\"1779\">bazar sau galerie de papirusuri<\/strong> \ud83d\udecd\ufe0f unde pute\u021bi g\u0103si suveniruri unice, parfumuri \u0219i artizanat egiptean autentic.<\/p>\n<\/li>\n<\/ul>\n<h3 data-start=\"1870\" data-end=\"1897\">\ud83c\udf07 <strong data-start=\"1877\" data-end=\"1895\">C\u0103l\u0103toria de \u00eentoarcere<\/strong><\/h3>\n<ul data-start=\"1898\" data-end=\"2041\">\n<li data-start=\"1898\" data-end=\"2041\">\n<p data-start=\"1900\" data-end=\"2041\">Dup\u0103 o zi plin\u0103 de explor\u0103ri, urca\u021bi \u00een autobuz pentru o <strong data-start=\"1954\" data-end=\"1981\">c\u0103l\u0103torie de \u00eentoarcere confortabil\u0103<\/strong> la hotelul dvs. cu amintiri magice despre comorile din Cairo.<\/p>\n<\/li>\n<\/ul>\n<h4 data-start=\"328\" data-end=\"356\">\ud83c\udf1f <strong data-start=\"336\" data-end=\"354\">De ce s\u0103 ne alege\u021bi?<\/strong><\/h4>\n<ul data-start=\"357\" data-end=\"728\">\n<li data-start=\"357\" data-end=\"482\">\n<p data-start=\"359\" data-end=\"482\"><strong data-start=\"359\" data-end=\"385\">Aventuri pe m\u0103sur\u0103<\/strong>: Personaliza\u021bi-v\u0103 itinerariul pentru a se potrivi cu pasiunile dumneavoastr\u0103 - istorie, cultur\u0103, relaxare sau aventur\u0103.<\/p>\n<\/li>\n<li data-start=\"483\" data-end=\"597\">\n<p data-start=\"485\" data-end=\"597\"><strong data-start=\"485\" data-end=\"512\">Oferte de c\u0103l\u0103torie imbatabile<\/strong>: Bucura\u021bi-v\u0103 de oferte exclusive pe <strong data-start=\"540\" data-end=\"565\">Pachete de c\u0103l\u0103torie \u00een Egipt<\/strong> concepute pentru a se potrivi fiec\u0103rui buget.<\/p>\n<\/li>\n<li data-start=\"598\" data-end=\"728\">\n<p data-start=\"600\" data-end=\"728\"><strong data-start=\"600\" data-end=\"619\">Consiliere de specialitate<\/strong>: Echipa noastr\u0103 de <strong data-start=\"633\" data-end=\"682\">operatori turistici profesioni\u0219ti \u0219i ghizi autoriza\u021bi<\/strong> asigur\u0103 o experien\u021b\u0103 f\u0103r\u0103 cusur \u0219i \u00eembog\u0103\u021bitoare.<\/p>\n<\/li>\n<\/ul>\n<h4 data-start=\"730\" data-end=\"778\">\ud83c\udfc6 <strong data-start=\"738\" data-end=\"776\">Experien\u021bele noastre exclusive includ:<\/strong><\/h4>\n<ul data-start=\"779\" data-end=\"1178\">\n<li data-start=\"779\" data-end=\"886\">\n<p data-start=\"781\" data-end=\"886\"><strong data-start=\"781\" data-end=\"805\">Tururi ghidate private<\/strong> \ud83d\uddfa\ufe0f: Explora\u021bi piramidele maiestuoase, templele antice \u0219i bijuteriile ascunse ale Egiptului.<\/p>\n<\/li>\n<li data-start=\"887\" data-end=\"973\"><strong data-start=\"976\" data-end=\"1001\">Croaziere pe Nil Dahabiya<\/strong> \u26f5: Experimenta\u021bi luxul pe o barc\u0103 cu p\u00e2nze tradi\u021bional\u0103 cu servicii personalizate.<\/li>\n<li data-start=\"1078\" data-end=\"1178\">\n<p data-start=\"1080\" data-end=\"1178\"><strong data-start=\"1080\" data-end=\"1104\">Safari \u00een de\u0219ert \u00een Egipt<\/strong> \ud83c\udfdc\ufe0f: Descoperi\u021bi magia Saharei cu aventuri palpitante \u00een de\u0219ert.<\/p>\n<\/li>\n<\/ul>\n<h4 data-start=\"1180\" data-end=\"1221\">\ud83c\udf0d <strong data-start=\"1188\" data-end=\"1219\">Aventura ta \u00eencepe aici!<\/strong><\/h4>\n<p data-start=\"1222\" data-end=\"1413\">Cu Cairo Private Tours, fiecare c\u0103l\u0103torie este conceput\u0103 pentru a crea <strong data-start=\"1283\" data-end=\"1309\">amintiri de neuitat<\/strong>. Fie c\u0103 sunte\u021bi \u00een c\u0103utarea istoriei, luxului sau aventurii, ne asigur\u0103m c\u0103 c\u0103l\u0103toria dvs. nu este nimic mai pu\u021bin de <strong data-start=\"1399\" data-end=\"1410\">uimitor<\/strong>.<\/p>\n<p data-start=\"1415\" data-end=\"1467\"><strong data-start=\"1415\" data-end=\"1461\">Preg\u0103te\u0219te-te pentru aventura vie\u021bii tale!<\/strong> \ud83e\uddf3\u2728<\/p>\n<table style=\"height: 140px;\" width=\"770\">\n<tbody>\n<tr>\n<td width=\"126\"><strong>\u00a0\u20ac\u00a0 300.00<\/strong><\/td>\n<td width=\"307\"><strong>Cairo Privat 2 pax<\/strong><\/td>\n<\/tr>\n<tr>\n<td><strong>\u00a0\u20ac\u00a0 450.00<\/strong><\/td>\n<td><strong>Cairo Privat 3 p\u00e2n\u0103 la 4 pax<\/strong><\/td>\n<\/tr>\n<tr>\n<td><strong>\u00a0\u20ac\u00a0 510.00<\/strong><\/td>\n<td><strong>Cairo Privat 5 pax<\/strong><\/td>\n<\/tr>\n<tr>\n<td><strong>\u00a0\u20ac\u00a0 560.00<\/strong><\/td>\n<td><strong>Cairo Privat 6 pax<\/strong><\/td>\n<\/tr>\n<\/tbody>\n<\/table>\n<h3 data-start=\"2198\" data-end=\"2225\"><strong data-start=\"2205\" data-end=\"2223\">Plata \u00een USD ($ \ud83c\uddfa\ud83c\uddf8) \u00een loc de EUR (\u20ac \ud83c\uddea\ud83c\uddfa) este disponibil\u0103 \u00een func\u021bie de cursul bancar zilnic.<\/strong><\/h3>\n<p><strong>Rezerv\u0103 prin WhatsApp:<\/strong><\/p>\n<p><a href=\"https:\/\/api.whatsapp.com\/send\/?phone=01021058859\" target=\"_blank\" rel=\"noopener\">\u00a0<img decoding=\"async\" class=\"alignnone wp-image-2058\" src=\"https:\/\/poehalisnamiegypt.com\/wp-content\/uploads\/2024\/02\/pngwing.com_-300x300.png\" sizes=\"auto, (max-width: 35px) 100vw, 35px\" srcset=\"https:\/\/poehalisnamiegypt.com\/wp-content\/uploads\/2024\/02\/pngwing.com_-300x300.png 300w, https:\/\/poehalisnamiegypt.com\/wp-content\/uploads\/2024\/02\/pngwing.com_-150x150.png 150w, https:\/\/poehalisnamiegypt.com\/wp-content\/uploads\/2024\/02\/pngwing.com_.png 584w\" alt=\"\" width=\"53\" height=\"53\" \/><\/a><\/p>\n<div id=\"gtx-trans\" style=\"position: absolute; left: 76px; top: 3.375px;\">\n<div class=\"gtx-trans-icon\"><\/div>\n<\/div>","protected":false},"excerpt":{"rendered":"<p>\u2728 Cairo Private Tours \u2013 Your Gateway to the Wonders of Egypt! Embark on an unforgettable journey with Cairo Private Tours, the ultimate choice for creating your dream vacation in Egypt! \ud83c\udf0d\u2728 \ud83c\udf05 Early Morning Departure Hotel Pick-up \ud83d\ude90: Start your adventure with an early pick-up from your hotel in a modern, air-conditioned bus. Scenic [&hellip;]<\/p>\n","protected":false},"featured_media":9823,"comment_status":"open","ping_status":"closed","template":"","meta":[],"product_brand":[],"product_cat":[63],"product_tag":[],"class_list":{"0":"post-9819","1":"product","2":"type-product","3":"status-publish","4":"has-post-thumbnail","6":"product_cat-cairo","8":"first","9":"instock","10":"shipping-taxable","11":"purchasable","12":"product-type-ovabrw_car_rental"},"yoast_head":"<!-- This site is optimized with the Yoast SEO plugin v27.5 - https:\/\/yoast.com\/product\/yoast-seo-wordpress\/ -->\n<title>Cairo Private Tour \u2013 Pyramids &amp; Museum - Golden Horizont Egypt<\/title>\n<meta name=\"robots\" content=\"index, follow, max-snippet:-1, max-image-preview:large, max-video-preview:-1\" \/>\n<link rel=\"canonical\" href=\"https:\/\/goldenhorizontegypt.com\/ro\/produs\/one-way-cairo-private-trip\/\" \/>\n<meta property=\"og:locale\" content=\"ro_RO\" \/>\n<meta property=\"og:type\" content=\"article\" \/>\n<meta property=\"og:title\" content=\"Cairo Private Tour \u2013 Pyramids &amp; Museum - Golden Horizont Egypt\" \/>\n<meta property=\"og:description\" content=\"\u2728 Cairo Private Tours \u2013 Your Gateway to the Wonders of Egypt! Embark on an unforgettable journey with Cairo Private Tours, the ultimate choice for creating your dream vacation in Egypt! \ud83c\udf0d\u2728 \ud83c\udf05 Early Morning Departure Hotel Pick-up \ud83d\ude90: Start your adventure with an early pick-up from your hotel in a modern, air-conditioned bus. Scenic [&hellip;]\" \/>\n<meta property=\"og:url\" content=\"https:\/\/goldenhorizontegypt.com\/ro\/produs\/one-way-cairo-private-trip\/\" \/>\n<meta property=\"og:site_name\" content=\"Golden Horizont Egypt\" \/>\n<meta property=\"article:modified_time\" content=\"2025-11-28T15:23:33+00:00\" \/>\n<meta property=\"og:image\" content=\"https:\/\/goldenhorizontegypt.com\/wp-content\/uploads\/2025\/09\/6f5ef5cdb9eb8091f6c44edae5f89f75.jpg\" \/>\n\t<meta property=\"og:image:width\" content=\"960\" \/>\n\t<meta property=\"og:image:height\" content=\"960\" \/>\n\t<meta property=\"og:image:type\" content=\"image\/jpeg\" \/>\n<meta name=\"twitter:card\" content=\"summary_large_image\" \/>\n<meta name=\"twitter:label1\" content=\"Timp estimat pentru citire\" \/>\n\t<meta name=\"twitter:data1\" content=\"2 minute\" \/>\n<script type=\"application\/ld+json\" class=\"yoast-schema-graph\">{\"@context\":\"https:\\\/\\\/schema.org\",\"@graph\":[{\"@type\":\"WebPage\",\"@id\":\"https:\\\/\\\/goldenhorizontegypt.com\\\/product\\\/one-way-cairo-private-trip\\\/\",\"url\":\"https:\\\/\\\/goldenhorizontegypt.com\\\/product\\\/one-way-cairo-private-trip\\\/\",\"name\":\"Cairo Private Tour \u2013 Pyramids & Museum - Golden Horizont Egypt\",\"isPartOf\":{\"@id\":\"https:\\\/\\\/goldenhorizontegypt.com\\\/#website\"},\"primaryImageOfPage\":{\"@id\":\"https:\\\/\\\/goldenhorizontegypt.com\\\/product\\\/one-way-cairo-private-trip\\\/#primaryimage\"},\"image\":{\"@id\":\"https:\\\/\\\/goldenhorizontegypt.com\\\/product\\\/one-way-cairo-private-trip\\\/#primaryimage\"},\"thumbnailUrl\":\"https:\\\/\\\/goldenhorizontegypt.com\\\/wp-content\\\/uploads\\\/2025\\\/09\\\/6f5ef5cdb9eb8091f6c44edae5f89f75.jpg\",\"datePublished\":\"2025-09-07T01:00:43+00:00\",\"dateModified\":\"2025-11-28T15:23:33+00:00\",\"breadcrumb\":{\"@id\":\"https:\\\/\\\/goldenhorizontegypt.com\\\/product\\\/one-way-cairo-private-trip\\\/#breadcrumb\"},\"inLanguage\":\"ro-RO\",\"potentialAction\":[{\"@type\":\"ReadAction\",\"target\":[\"https:\\\/\\\/goldenhorizontegypt.com\\\/product\\\/one-way-cairo-private-trip\\\/\"]}]},{\"@type\":\"ImageObject\",\"inLanguage\":\"ro-RO\",\"@id\":\"https:\\\/\\\/goldenhorizontegypt.com\\\/product\\\/one-way-cairo-private-trip\\\/#primaryimage\",\"url\":\"https:\\\/\\\/goldenhorizontegypt.com\\\/wp-content\\\/uploads\\\/2025\\\/09\\\/6f5ef5cdb9eb8091f6c44edae5f89f75.jpg\",\"contentUrl\":\"https:\\\/\\\/goldenhorizontegypt.com\\\/wp-content\\\/uploads\\\/2025\\\/09\\\/6f5ef5cdb9eb8091f6c44edae5f89f75.jpg\",\"width\":960,\"height\":960},{\"@type\":\"BreadcrumbList\",\"@id\":\"https:\\\/\\\/goldenhorizontegypt.com\\\/product\\\/one-way-cairo-private-trip\\\/#breadcrumb\",\"itemListElement\":[{\"@type\":\"ListItem\",\"position\":1,\"name\":\"Home\",\"item\":\"https:\\\/\\\/goldenhorizontegypt.com\\\/\"},{\"@type\":\"ListItem\",\"position\":2,\"name\":\"Shop\",\"item\":\"https:\\\/\\\/goldenhorizontegypt.com\\\/shop\\\/\"},{\"@type\":\"ListItem\",\"position\":3,\"name\":\"Cairo Private Tour \u2013 Pyramids &#038; Museum\"}]},{\"@type\":\"WebSite\",\"@id\":\"https:\\\/\\\/goldenhorizontegypt.com\\\/#website\",\"url\":\"https:\\\/\\\/goldenhorizontegypt.com\\\/\",\"name\":\"Golden Horizont Egypt\",\"description\":\"\",\"potentialAction\":[{\"@type\":\"SearchAction\",\"target\":{\"@type\":\"EntryPoint\",\"urlTemplate\":\"https:\\\/\\\/goldenhorizontegypt.com\\\/?s={search_term_string}\"},\"query-input\":{\"@type\":\"PropertyValueSpecification\",\"valueRequired\":true,\"valueName\":\"search_term_string\"}}],\"inLanguage\":\"ro-RO\"}]}<\/script>\n<!-- \/ Yoast SEO plugin. -->","yoast_head_json":{"title":"Cairo Private Tour \u2013 Pyramids & Museum - Golden Horizont Egypt","robots":{"index":"index","follow":"follow","max-snippet":"max-snippet:-1","max-image-preview":"max-image-preview:large","max-video-preview":"max-video-preview:-1"},"canonical":"https:\/\/goldenhorizontegypt.com\/ro\/produs\/one-way-cairo-private-trip\/","og_locale":"ro_RO","og_type":"article","og_title":"Cairo Private Tour \u2013 Pyramids & Museum - Golden Horizont Egypt","og_description":"\u2728 Cairo Private Tours \u2013 Your Gateway to the Wonders of Egypt! Embark on an unforgettable journey with Cairo Private Tours, the ultimate choice for creating your dream vacation in Egypt! \ud83c\udf0d\u2728 \ud83c\udf05 Early Morning Departure Hotel Pick-up \ud83d\ude90: Start your adventure with an early pick-up from your hotel in a modern, air-conditioned bus. Scenic [&hellip;]","og_url":"https:\/\/goldenhorizontegypt.com\/ro\/produs\/one-way-cairo-private-trip\/","og_site_name":"Golden Horizont Egypt","article_modified_time":"2025-11-28T15:23:33+00:00","og_image":[{"width":960,"height":960,"url":"https:\/\/goldenhorizontegypt.com\/wp-content\/uploads\/2025\/09\/6f5ef5cdb9eb8091f6c44edae5f89f75.jpg","type":"image\/jpeg"}],"twitter_card":"summary_large_image","twitter_misc":{"Timp estimat pentru citire":"2 minute"},"schema":{"@context":"https:\/\/schema.org","@graph":[{"@type":"WebPage","@id":"https:\/\/goldenhorizontegypt.com\/product\/one-way-cairo-private-trip\/","url":"https:\/\/goldenhorizontegypt.com\/product\/one-way-cairo-private-trip\/","name":"Cairo Private Tour \u2013 Pyramids & Museum - Golden Horizont Egypt","isPartOf":{"@id":"https:\/\/goldenhorizontegypt.com\/#website"},"primaryImageOfPage":{"@id":"https:\/\/goldenhorizontegypt.com\/product\/one-way-cairo-private-trip\/#primaryimage"},"image":{"@id":"https:\/\/goldenhorizontegypt.com\/product\/one-way-cairo-private-trip\/#primaryimage"},"thumbnailUrl":"https:\/\/goldenhorizontegypt.com\/wp-content\/uploads\/2025\/09\/6f5ef5cdb9eb8091f6c44edae5f89f75.jpg","datePublished":"2025-09-07T01:00:43+00:00","dateModified":"2025-11-28T15:23:33+00:00","breadcrumb":{"@id":"https:\/\/goldenhorizontegypt.com\/product\/one-way-cairo-private-trip\/#breadcrumb"},"inLanguage":"ro-RO","potentialAction":[{"@type":"ReadAction","target":["https:\/\/goldenhorizontegypt.com\/product\/one-way-cairo-private-trip\/"]}]},{"@type":"ImageObject","inLanguage":"ro-RO","@id":"https:\/\/goldenhorizontegypt.com\/product\/one-way-cairo-private-trip\/#primaryimage","url":"https:\/\/goldenhorizontegypt.com\/wp-content\/uploads\/2025\/09\/6f5ef5cdb9eb8091f6c44edae5f89f75.jpg","contentUrl":"https:\/\/goldenhorizontegypt.com\/wp-content\/uploads\/2025\/09\/6f5ef5cdb9eb8091f6c44edae5f89f75.jpg","width":960,"height":960},{"@type":"BreadcrumbList","@id":"https:\/\/goldenhorizontegypt.com\/product\/one-way-cairo-private-trip\/#breadcrumb","itemListElement":[{"@type":"ListItem","position":1,"name":"Home","item":"https:\/\/goldenhorizontegypt.com\/"},{"@type":"ListItem","position":2,"name":"Shop","item":"https:\/\/goldenhorizontegypt.com\/shop\/"},{"@type":"ListItem","position":3,"name":"Cairo Private Tour \u2013 Pyramids &#038; Museum"}]},{"@type":"WebSite","@id":"https:\/\/goldenhorizontegypt.com\/#website","url":"https:\/\/goldenhorizontegypt.com\/","name":"Orizont de Aur Egipt","description":"","potentialAction":[{"@type":"SearchAction","target":{"@type":"EntryPoint","urlTemplate":"https:\/\/goldenhorizontegypt.com\/?s={search_term_string}"},"query-input":{"@type":"PropertyValueSpecification","valueRequired":true,"valueName":"search_term_string"}}],"inLanguage":"ro-RO"}]}},"_links":{"self":[{"href":"https:\/\/goldenhorizontegypt.com\/ro\/wp-json\/wp\/v2\/product\/9819","targetHints":{"allow":["GET"]}}],"collection":[{"href":"https:\/\/goldenhorizontegypt.com\/ro\/wp-json\/wp\/v2\/product"}],"about":[{"href":"https:\/\/goldenhorizontegypt.com\/ro\/wp-json\/wp\/v2\/types\/product"}],"replies":[{"embeddable":true,"href":"https:\/\/goldenhorizontegypt.com\/ro\/wp-json\/wp\/v2\/comments?post=9819"}],"wp:featuredmedia":[{"embeddable":true,"href":"https:\/\/goldenhorizontegypt.com\/ro\/wp-json\/wp\/v2\/media\/9823"}],"wp:attachment":[{"href":"https:\/\/goldenhorizontegypt.com\/ro\/wp-json\/wp\/v2\/media?parent=9819"}],"wp:term":[{"taxonomy":"product_brand","embeddable":true,"href":"https:\/\/goldenhorizontegypt.com\/ro\/wp-json\/wp\/v2\/product_brand?post=9819"},{"taxonomy":"product_cat","embeddable":true,"href":"https:\/\/goldenhorizontegypt.com\/ro\/wp-json\/wp\/v2\/product_cat?post=9819"},{"taxonomy":"product_tag","embeddable":true,"href":"https:\/\/goldenhorizontegypt.com\/ro\/wp-json\/wp\/v2\/product_tag?post=9819"}],"curies":[{"name":"wp","href":"https:\/\/api.w.org\/{rel}","templated":true}]}}