{"id":11233,"date":"2025-11-17T18:20:03","date_gmt":"2025-11-17T18:20:03","guid":{"rendered":"https:\/\/goldenhorizontegypt.com\/?post_type=product&#038;p=11233"},"modified":"2026-02-07T17:36:26","modified_gmt":"2026-02-07T17:36:26","slug":"cairo-emc-marsa-alam","status":"publish","type":"product","link":"https:\/\/goldenhorizontegypt.com\/ro\/produs\/cairo-emc-marsa-alam\/","title":{"rendered":"Tur cu autobuzul \u00een Cairo: Piramidele, Sfinxul \u0219i Muzeul Aventura"},"content":{"rendered":"<h3 data-start=\"187\" data-end=\"250\">\ud83d\ude8c <strong data-start=\"194\" data-end=\"248\">Excursie de o zi la Cairo cu autobuzul - Explora\u021bi inima Egiptului<\/strong><\/h3>\n<p data-start=\"252\" data-end=\"513\">\u00cembarca\u021bi-v\u0103 \u00eentr-o c\u0103l\u0103torie de neuitat c\u0103tre <strong data-start=\"290\" data-end=\"299\">Cairo<\/strong>, capitala plin\u0103 de via\u021b\u0103 \u00een care minunile antice se \u00eent\u00e2lnesc cu via\u021ba modern\u0103. Acest tur cu autobuzul de o zi \u00eentreag\u0103 este conceput pentru c\u0103l\u0103torii care doresc s\u0103 exploreze <strong data-start=\"431\" data-end=\"464\">Cele mai emblematice repere din Egipt<\/strong> bucur\u00e2ndu-se \u00een acela\u0219i timp de confort, orientare \u0219i cultur\u0103.<\/p>\n<hr data-start=\"515\" data-end=\"518\" \/>\n<h3 data-start=\"493\" data-end=\"529\">\ud83d\udde3\ufe0f <strong data-start=\"501\" data-end=\"527\">Vorbim limba ta<\/strong><\/h3>\n<ul data-start=\"530\" data-end=\"594\">\n<li>polonez\u0103<\/li>\n<li>francez\u0103<\/li>\n<li>Englez\u0103<\/li>\n<li>german\u0103<\/li>\n<li>portughez\u0103<\/li>\n<li>spaniol\u0103<\/li>\n<li>...\u0219i multe altele!<\/li>\n<\/ul>\n<p data-start=\"596\" data-end=\"678\">Indiferent de unde veni\u021bi, v\u0103 asigur\u0103m o comunicare u\u0219oar\u0103 \u0219i o atingere personalizat\u0103.<\/p>\n<hr data-start=\"515\" data-end=\"518\" \/>\n<h3 data-start=\"520\" data-end=\"556\">\ud83c\udf05 <strong data-start=\"527\" data-end=\"554\">Plecare diminea\u021ba devreme<\/strong><\/h3>\n<ul data-start=\"557\" data-end=\"808\">\n<li data-start=\"557\" data-end=\"675\">\n<p data-start=\"559\" data-end=\"675\"><strong data-start=\"559\" data-end=\"576\">Ridicarea de la hotel<\/strong> \ud83d\ude90: \u00cencepe\u021bi-v\u0103 aventura cu o preluare timpurie de la hotel, \u00eentr-un autobuz modern, cu aer condi\u021bionat.<\/p>\n<\/li>\n<li data-start=\"676\" data-end=\"808\">\n<p data-start=\"678\" data-end=\"808\"><strong data-start=\"678\" data-end=\"701\">Autobuz pitoresc \u00een de\u0219ert <\/strong>\ud83c\udfdc\ufe0f: Relaxa\u021bi-v\u0103 \u0219i bucura\u021bi-v\u0103 de peisajele schimb\u0103toare pe m\u0103sur\u0103 ce c\u0103l\u0103tori\u021bi prin de\u0219erturile aurii ale Egiptului spre Cairo.<\/p>\n<\/li>\n<\/ul>\n<hr data-start=\"810\" data-end=\"813\" \/>\n<h3 data-start=\"815\" data-end=\"857\">\ud83c\udfdb\ufe0f <strong data-start=\"823\" data-end=\"855\">Piramidele din Giza \u0219i Marele Sfinx<\/strong><\/h3>\n<ul data-start=\"858\" data-end=\"1187\">\n<li data-start=\"858\" data-end=\"968\">\n<p data-start=\"860\" data-end=\"968\">R\u0103m\u00e2ne\u021bi \u00eenm\u0103rmuri\u021bi \u00een fa\u021ba legendarei <strong data-start=\"894\" data-end=\"914\">Piramidele din Giza<\/strong>, unul dintre <strong data-start=\"927\" data-end=\"965\">Cele \u0219apte minuni ale lumii antice<\/strong>.<\/p>\n<\/li>\n<li data-start=\"969\" data-end=\"1079\">\n<p data-start=\"971\" data-end=\"1079\">Explora\u021bi <strong data-start=\"983\" data-end=\"999\">Marele Sfinx<\/strong> \ud83e\udd81, misteriosul gardian al platoului, \u0219i surprinde\u021bi fotografii de neuitat.<\/p>\n<\/li>\n<li data-start=\"1080\" data-end=\"1187\">\n<p data-start=\"1082\" data-end=\"1187\">Op\u021bional: Intra\u021bi \u00eentr-una dintre piramide pentru o privire mai profund\u0103 asupra ingineriei antice (este necesar un bilet suplimentar).<\/p>\n<\/li>\n<\/ul>\n<hr data-start=\"1189\" data-end=\"1192\" \/>\n<h3 data-start=\"1194\" data-end=\"1237\">\ud83c\udffa <strong data-start=\"1201\" data-end=\"1235\">Muzeul Egiptean de Antichit\u0103\u021bi<\/strong><\/h3>\n<ul data-start=\"1238\" data-end=\"1473\">\n<li data-start=\"1238\" data-end=\"1372\">\n<p data-start=\"1240\" data-end=\"1372\">Descoperi\u021bi peste <strong data-start=\"1254\" data-end=\"1275\">120.000 de artefacte<\/strong> la muzeul de renume mondial, inclusiv comori ale <strong data-start=\"1327\" data-end=\"1349\">Morm\u00e2ntul lui Tutankhamon<\/strong> \u0219i mumii antice.<\/p>\n<\/li>\n<li data-start=\"1373\" data-end=\"1473\">\n<p data-start=\"1375\" data-end=\"1473\">Ghidul dvs. egiptolog v\u0103 va dezv\u0103lui secretele din spatele nepre\u021buitelor relicve \u0219i comori regale.<\/p>\n<\/li>\n<\/ul>\n<hr data-start=\"1475\" data-end=\"1478\" \/>\n<h3 data-start=\"1480\" data-end=\"1515\">\ud83c\udf74 <strong data-start=\"1487\" data-end=\"1513\">Pr\u00e2nz la un restaurant local de calitate<\/strong><\/h3>\n<ul data-start=\"1516\" data-end=\"1669\">\n<li data-start=\"1516\" data-end=\"1610\">\n<p data-start=\"1518\" data-end=\"1610\">Bucura\u021bi-v\u0103 de o <strong data-start=\"1526\" data-end=\"1554\">pr\u00e2nz egiptean delicios<\/strong> \ud83c\udf7d\ufe0f .<\/p>\n<\/li>\n<li data-start=\"1611\" data-end=\"1669\">\n<p data-start=\"1613\" data-end=\"1669\">Re\u00eemprosp\u0103teaz\u0103-te \u0219i re\u00eencarc\u0103-te \u00eenainte de a-\u021bi continua aventura.<\/p>\n<\/li>\n<\/ul>\n<hr data-start=\"1671\" data-end=\"1674\" \/>\n<h3 data-start=\"1676\" data-end=\"1718\">\ud83d\udecd\ufe0f <strong data-start=\"1684\" data-end=\"1716\">Shopping \u0219i experien\u021be locale<\/strong><\/h3>\n<ul data-start=\"1719\" data-end=\"1863\">\n<li data-start=\"1719\" data-end=\"1863\">\n<p data-start=\"1721\" data-end=\"1863\">Plimba\u021bi-v\u0103 printr-o tradi\u021bional\u0103 <strong data-start=\"1750\" data-end=\"1779\">bazar sau galerie de papirusuri<\/strong> \ud83d\udecd\ufe0f unde pute\u021bi g\u0103si suveniruri unice, parfumuri \u0219i artizanat egiptean autentic.<\/p>\n<\/li>\n<\/ul>\n<hr data-start=\"1865\" data-end=\"1868\" \/>\n<h3 data-start=\"1870\" data-end=\"1897\">\ud83c\udf07 <strong data-start=\"1877\" data-end=\"1895\">C\u0103l\u0103toria de \u00eentoarcere<\/strong><\/h3>\n<ul data-start=\"1898\" data-end=\"2041\">\n<li data-start=\"1898\" data-end=\"2041\">\n<p data-start=\"1900\" data-end=\"2041\">Dup\u0103 o zi plin\u0103 de explor\u0103ri, urca\u021bi \u00een autobuz pentru o <strong data-start=\"1954\" data-end=\"1981\">c\u0103l\u0103torie de \u00eentoarcere confortabil\u0103<\/strong> la hotelul dvs. cu amintiri magice despre comorile din Cairo.<\/p>\n<\/li>\n<\/ul>\n<hr data-start=\"2043\" data-end=\"2046\" \/>\n<h3 data-start=\"2048\" data-end=\"2073\"><strong data-start=\"2052\" data-end=\"2071\">Repere ale turului<\/strong><\/h3>\n<ul data-start=\"2074\" data-end=\"2327\">\n<li data-start=\"2074\" data-end=\"2129\">\n<p data-start=\"2076\" data-end=\"2129\">\ud83d\ude8c Transport dus-\u00eentors cu autobuzul cu aer condi\u021bionat<\/p>\n<\/li>\n<li data-start=\"2130\" data-end=\"2186\">\n<p data-start=\"2132\" data-end=\"2186\">\ud83c\udfdb\ufe0f Vizit\u0103 la piramidele Giza, Sfinx \u0219i Muzeul Egiptean<\/p>\n<\/li>\n<li data-start=\"2187\" data-end=\"2230\">\n<p data-start=\"2189\" data-end=\"2230\">\ud83c\udf7d\ufe0f Pr\u00e2nz la un restaurant local de calitate<\/p>\n<\/li>\n<li data-start=\"2231\" data-end=\"2269\">\n<p data-start=\"2233\" data-end=\"2269\">\ud83d\udcdc Ghid egiptolog profesionist<\/p>\n<\/li>\n<li data-start=\"2270\" data-end=\"2327\">\n<p data-start=\"2272\" data-end=\"2327\">\ud83d\udecd\ufe0f Oportunit\u0103\u021bi de cump\u0103r\u0103turi la bazarurile locale autentice<\/p>\n<\/li>\n<\/ul>\n<h3 data-start=\"2198\" data-end=\"2225\"><strong data-start=\"2205\" data-end=\"2223\">\ud83e\udd11 Pre\u021bul excursiei<\/strong><\/h3>\n<ul data-start=\"2226\" data-end=\"2413\">\n<li data-start=\"2226\" data-end=\"2260\">\n<p data-start=\"2228\" data-end=\"2260\"><strong data-start=\"2233\" data-end=\"2258\"><img decoding=\"async\" class=\"emoji\" role=\"img\" draggable=\"false\" src=\"https:\/\/s.w.org\/images\/core\/emoji\/16.0.1\/svg\/1f64e-1f3fb-200d-2642-fe0f.svg\" alt=\"\ud83d\ude4e\ud83c\udffb\u200d\u2642\ufe0f\" \/> 12 years and over\u00a0 100 \u20ac<\/strong><\/p>\n<\/li>\n<li data-start=\"2261\" data-end=\"2309\">\n<p data-start=\"2263\" data-end=\"2309\"><strong data-start=\"2263\" data-end=\"2280\"><img decoding=\"async\" class=\"emoji\" role=\"img\" draggable=\"false\" src=\"https:\/\/s.w.org\/images\/core\/emoji\/16.0.1\/svg\/1f9cd-1f3fb-200d-2640-fe0f.svg\" alt=\"\ud83e\uddcd\ud83c\udffb\u200d\u2640\ufe0f\" \/> 6\/11 years old\u00a0 \u00a0 \u00a0 \u00a0 \u00a055 \u20ac<\/strong><\/p>\n<\/li>\n<li data-start=\"2310\" data-end=\"2357\">\n<p data-start=\"2312\" data-end=\"2357\"><strong data-start=\"2327\" data-end=\"2355\"><img decoding=\"async\" class=\"emoji\" role=\"img\" draggable=\"false\" src=\"https:\/\/s.w.org\/images\/core\/emoji\/16.0.1\/svg\/1f47c-1f3fc.svg\" alt=\"\ud83d\udc7c\ud83c\udffc\" \/> -6 years old\u00a0 \u00a0 \u00a0 \u00a0 \u00a0 \u00a020 \u20ac<\/strong><\/p>\n<\/li>\n<\/ul>\n<h3 data-start=\"2198\" data-end=\"2225\"><strong data-start=\"2205\" data-end=\"2223\">Plata \u00een USD ($ \ud83c\uddfa\ud83c\uddf8) \u00een loc de EUR (\u20ac \ud83c\uddea\ud83c\uddfa) este disponibil\u0103 \u00een func\u021bie de cursul bancar zilnic.<\/strong><\/h3>","protected":false},"excerpt":{"rendered":"<p>\ud83d\ude8c Cairo Day Trip by Bus \u2013 Explore the Heart of Egypt Embark on an unforgettable journey to Cairo, the bustling capital where ancient wonders meet modern life. This full-day bus tour is designed for travelers who want to explore Egypt\u2019s most iconic landmarks while enjoying comfort, guidance, and culture. \ud83d\udde3\ufe0f We Speak Your Language [&hellip;]<\/p>\n","protected":false},"featured_media":11246,"comment_status":"open","ping_status":"closed","template":"","meta":[],"product_brand":[],"product_cat":[66],"product_tag":[],"class_list":{"0":"post-11233","1":"product","2":"type-product","3":"status-publish","4":"has-post-thumbnail","6":"product_cat-marsa-alam","8":"first","9":"instock","10":"shipping-taxable","11":"purchasable","12":"product-type-ovabrw_car_rental"},"yoast_head":"<!-- This site is optimized with the Yoast SEO plugin v27.5 - https:\/\/yoast.com\/product\/yoast-seo-wordpress\/ -->\n<title>Cairo Bus Tour: Pyramids, Sphinx &amp; Museum Adventure - Golden Horizont Egypt<\/title>\n<meta name=\"robots\" content=\"index, follow, max-snippet:-1, max-image-preview:large, max-video-preview:-1\" \/>\n<link rel=\"canonical\" href=\"https:\/\/goldenhorizontegypt.com\/ro\/produs\/cairo-emc-marsa-alam\/\" \/>\n<meta property=\"og:locale\" content=\"ro_RO\" \/>\n<meta property=\"og:type\" content=\"article\" \/>\n<meta property=\"og:title\" content=\"Cairo Bus Tour: Pyramids, Sphinx &amp; Museum Adventure - Golden Horizont Egypt\" \/>\n<meta property=\"og:description\" content=\"\ud83d\ude8c Cairo Day Trip by Bus \u2013 Explore the Heart of Egypt Embark on an unforgettable journey to Cairo, the bustling capital where ancient wonders meet modern life. This full-day bus tour is designed for travelers who want to explore Egypt\u2019s most iconic landmarks while enjoying comfort, guidance, and culture. \ud83d\udde3\ufe0f We Speak Your Language [&hellip;]\" \/>\n<meta property=\"og:url\" content=\"https:\/\/goldenhorizontegypt.com\/ro\/produs\/cairo-emc-marsa-alam\/\" \/>\n<meta property=\"og:site_name\" content=\"Golden Horizont Egypt\" \/>\n<meta property=\"article:modified_time\" content=\"2026-02-07T17:36:26+00:00\" \/>\n<meta property=\"og:image\" content=\"https:\/\/goldenhorizontegypt.com\/wp-content\/uploads\/2025\/11\/download-3.jpg\" \/>\n\t<meta property=\"og:image:width\" content=\"275\" \/>\n\t<meta property=\"og:image:height\" content=\"183\" \/>\n\t<meta property=\"og:image:type\" content=\"image\/jpeg\" \/>\n<meta name=\"twitter:card\" content=\"summary_large_image\" \/>\n<meta name=\"twitter:label1\" content=\"Timp estimat pentru citire\" \/>\n\t<meta name=\"twitter:data1\" content=\"2 minute\" \/>\n<script type=\"application\/ld+json\" class=\"yoast-schema-graph\">{\"@context\":\"https:\\\/\\\/schema.org\",\"@graph\":[{\"@type\":\"WebPage\",\"@id\":\"https:\\\/\\\/goldenhorizontegypt.com\\\/product\\\/cairo-emc-marsa-alam\\\/\",\"url\":\"https:\\\/\\\/goldenhorizontegypt.com\\\/product\\\/cairo-emc-marsa-alam\\\/\",\"name\":\"Cairo Bus Tour: Pyramids, Sphinx & Museum Adventure - Golden Horizont Egypt\",\"isPartOf\":{\"@id\":\"https:\\\/\\\/goldenhorizontegypt.com\\\/#website\"},\"primaryImageOfPage\":{\"@id\":\"https:\\\/\\\/goldenhorizontegypt.com\\\/product\\\/cairo-emc-marsa-alam\\\/#primaryimage\"},\"image\":{\"@id\":\"https:\\\/\\\/goldenhorizontegypt.com\\\/product\\\/cairo-emc-marsa-alam\\\/#primaryimage\"},\"thumbnailUrl\":\"https:\\\/\\\/goldenhorizontegypt.com\\\/wp-content\\\/uploads\\\/2025\\\/11\\\/download-3.jpg\",\"datePublished\":\"2025-11-17T18:20:03+00:00\",\"dateModified\":\"2026-02-07T17:36:26+00:00\",\"breadcrumb\":{\"@id\":\"https:\\\/\\\/goldenhorizontegypt.com\\\/product\\\/cairo-emc-marsa-alam\\\/#breadcrumb\"},\"inLanguage\":\"ro-RO\",\"potentialAction\":[{\"@type\":\"ReadAction\",\"target\":[\"https:\\\/\\\/goldenhorizontegypt.com\\\/product\\\/cairo-emc-marsa-alam\\\/\"]}]},{\"@type\":\"ImageObject\",\"inLanguage\":\"ro-RO\",\"@id\":\"https:\\\/\\\/goldenhorizontegypt.com\\\/product\\\/cairo-emc-marsa-alam\\\/#primaryimage\",\"url\":\"https:\\\/\\\/goldenhorizontegypt.com\\\/wp-content\\\/uploads\\\/2025\\\/11\\\/download-3.jpg\",\"contentUrl\":\"https:\\\/\\\/goldenhorizontegypt.com\\\/wp-content\\\/uploads\\\/2025\\\/11\\\/download-3.jpg\",\"width\":275,\"height\":183},{\"@type\":\"BreadcrumbList\",\"@id\":\"https:\\\/\\\/goldenhorizontegypt.com\\\/product\\\/cairo-emc-marsa-alam\\\/#breadcrumb\",\"itemListElement\":[{\"@type\":\"ListItem\",\"position\":1,\"name\":\"Home\",\"item\":\"https:\\\/\\\/goldenhorizontegypt.com\\\/\"},{\"@type\":\"ListItem\",\"position\":2,\"name\":\"Shop\",\"item\":\"https:\\\/\\\/goldenhorizontegypt.com\\\/shop\\\/\"},{\"@type\":\"ListItem\",\"position\":3,\"name\":\"Cairo Bus Tour: Pyramids, Sphinx &#038; Museum Adventure\"}]},{\"@type\":\"WebSite\",\"@id\":\"https:\\\/\\\/goldenhorizontegypt.com\\\/#website\",\"url\":\"https:\\\/\\\/goldenhorizontegypt.com\\\/\",\"name\":\"Golden Horizont Egypt\",\"description\":\"\",\"potentialAction\":[{\"@type\":\"SearchAction\",\"target\":{\"@type\":\"EntryPoint\",\"urlTemplate\":\"https:\\\/\\\/goldenhorizontegypt.com\\\/?s={search_term_string}\"},\"query-input\":{\"@type\":\"PropertyValueSpecification\",\"valueRequired\":true,\"valueName\":\"search_term_string\"}}],\"inLanguage\":\"ro-RO\"}]}<\/script>\n<!-- \/ Yoast SEO plugin. -->","yoast_head_json":{"title":"Cairo Bus Tour: Pyramids, Sphinx & Museum Adventure - Golden Horizont Egypt","robots":{"index":"index","follow":"follow","max-snippet":"max-snippet:-1","max-image-preview":"max-image-preview:large","max-video-preview":"max-video-preview:-1"},"canonical":"https:\/\/goldenhorizontegypt.com\/ro\/produs\/cairo-emc-marsa-alam\/","og_locale":"ro_RO","og_type":"article","og_title":"Cairo Bus Tour: Pyramids, Sphinx & Museum Adventure - Golden Horizont Egypt","og_description":"\ud83d\ude8c Cairo Day Trip by Bus \u2013 Explore the Heart of Egypt Embark on an unforgettable journey to Cairo, the bustling capital where ancient wonders meet modern life. This full-day bus tour is designed for travelers who want to explore Egypt\u2019s most iconic landmarks while enjoying comfort, guidance, and culture. \ud83d\udde3\ufe0f We Speak Your Language [&hellip;]","og_url":"https:\/\/goldenhorizontegypt.com\/ro\/produs\/cairo-emc-marsa-alam\/","og_site_name":"Golden Horizont Egypt","article_modified_time":"2026-02-07T17:36:26+00:00","og_image":[{"width":275,"height":183,"url":"https:\/\/goldenhorizontegypt.com\/wp-content\/uploads\/2025\/11\/download-3.jpg","type":"image\/jpeg"}],"twitter_card":"summary_large_image","twitter_misc":{"Timp estimat pentru citire":"2 minute"},"schema":{"@context":"https:\/\/schema.org","@graph":[{"@type":"WebPage","@id":"https:\/\/goldenhorizontegypt.com\/product\/cairo-emc-marsa-alam\/","url":"https:\/\/goldenhorizontegypt.com\/product\/cairo-emc-marsa-alam\/","name":"Cairo Bus Tour: Pyramids, Sphinx & Museum Adventure - Golden Horizont Egypt","isPartOf":{"@id":"https:\/\/goldenhorizontegypt.com\/#website"},"primaryImageOfPage":{"@id":"https:\/\/goldenhorizontegypt.com\/product\/cairo-emc-marsa-alam\/#primaryimage"},"image":{"@id":"https:\/\/goldenhorizontegypt.com\/product\/cairo-emc-marsa-alam\/#primaryimage"},"thumbnailUrl":"https:\/\/goldenhorizontegypt.com\/wp-content\/uploads\/2025\/11\/download-3.jpg","datePublished":"2025-11-17T18:20:03+00:00","dateModified":"2026-02-07T17:36:26+00:00","breadcrumb":{"@id":"https:\/\/goldenhorizontegypt.com\/product\/cairo-emc-marsa-alam\/#breadcrumb"},"inLanguage":"ro-RO","potentialAction":[{"@type":"ReadAction","target":["https:\/\/goldenhorizontegypt.com\/product\/cairo-emc-marsa-alam\/"]}]},{"@type":"ImageObject","inLanguage":"ro-RO","@id":"https:\/\/goldenhorizontegypt.com\/product\/cairo-emc-marsa-alam\/#primaryimage","url":"https:\/\/goldenhorizontegypt.com\/wp-content\/uploads\/2025\/11\/download-3.jpg","contentUrl":"https:\/\/goldenhorizontegypt.com\/wp-content\/uploads\/2025\/11\/download-3.jpg","width":275,"height":183},{"@type":"BreadcrumbList","@id":"https:\/\/goldenhorizontegypt.com\/product\/cairo-emc-marsa-alam\/#breadcrumb","itemListElement":[{"@type":"ListItem","position":1,"name":"Home","item":"https:\/\/goldenhorizontegypt.com\/"},{"@type":"ListItem","position":2,"name":"Shop","item":"https:\/\/goldenhorizontegypt.com\/shop\/"},{"@type":"ListItem","position":3,"name":"Cairo Bus Tour: Pyramids, Sphinx &#038; Museum Adventure"}]},{"@type":"WebSite","@id":"https:\/\/goldenhorizontegypt.com\/#website","url":"https:\/\/goldenhorizontegypt.com\/","name":"Orizont de Aur Egipt","description":"","potentialAction":[{"@type":"SearchAction","target":{"@type":"EntryPoint","urlTemplate":"https:\/\/goldenhorizontegypt.com\/?s={search_term_string}"},"query-input":{"@type":"PropertyValueSpecification","valueRequired":true,"valueName":"search_term_string"}}],"inLanguage":"ro-RO"}]}},"_links":{"self":[{"href":"https:\/\/goldenhorizontegypt.com\/ro\/wp-json\/wp\/v2\/product\/11233","targetHints":{"allow":["GET"]}}],"collection":[{"href":"https:\/\/goldenhorizontegypt.com\/ro\/wp-json\/wp\/v2\/product"}],"about":[{"href":"https:\/\/goldenhorizontegypt.com\/ro\/wp-json\/wp\/v2\/types\/product"}],"replies":[{"embeddable":true,"href":"https:\/\/goldenhorizontegypt.com\/ro\/wp-json\/wp\/v2\/comments?post=11233"}],"wp:featuredmedia":[{"embeddable":true,"href":"https:\/\/goldenhorizontegypt.com\/ro\/wp-json\/wp\/v2\/media\/11246"}],"wp:attachment":[{"href":"https:\/\/goldenhorizontegypt.com\/ro\/wp-json\/wp\/v2\/media?parent=11233"}],"wp:term":[{"taxonomy":"product_brand","embeddable":true,"href":"https:\/\/goldenhorizontegypt.com\/ro\/wp-json\/wp\/v2\/product_brand?post=11233"},{"taxonomy":"product_cat","embeddable":true,"href":"https:\/\/goldenhorizontegypt.com\/ro\/wp-json\/wp\/v2\/product_cat?post=11233"},{"taxonomy":"product_tag","embeddable":true,"href":"https:\/\/goldenhorizontegypt.com\/ro\/wp-json\/wp\/v2\/product_tag?post=11233"}],"curies":[{"name":"wp","href":"https:\/\/api.w.org\/{rel}","templated":true}]}}