{"id":11231,"date":"2025-11-17T18:02:50","date_gmt":"2025-11-17T18:02:50","guid":{"rendered":"https:\/\/goldenhorizontegypt.com\/?post_type=product&#038;p=11231"},"modified":"2025-11-28T14:15:15","modified_gmt":"2025-11-28T14:15:15","slug":"cairo-gem-marsa-alam","status":"publish","type":"product","link":"https:\/\/goldenhorizontegypt.com\/ro\/produs\/cairo-gem-marsa-alam\/","title":{"rendered":"Turul Cairo &amp; GEM: Piramide, Sfinx \u0219i Muzeu"},"content":{"rendered":"<p data-start=\"175\" data-end=\"278\">\ud83c\udfdb\ufe0f\u2728 <strong data-start=\"180\" data-end=\"272\">Cairo \u0219i Marele Muzeu Egiptean - Descoperi\u021bi magia Egiptului Antic \u00een doar o zi!<\/strong> \u2728\ud83c\udf05<\/p>\n<p data-start=\"280\" data-end=\"539\">Preg\u0103ti\u021bi-v\u0103 pentru o zi plin\u0103 de minuni - unde gloria antic\u0103 \u00eent\u00e2lne\u0219te str\u0103lucirea modern\u0103.<br data-start=\"362\" data-end=\"365\" \/>Aceast\u0103 c\u0103l\u0103torie de neuitat combin\u0103 <strong data-start=\"401\" data-end=\"417\">piramidele<\/strong>, <strong data-start=\"419\" data-end=\"439\">Marele Sfinx<\/strong>, \u0219i <strong data-start=\"445\" data-end=\"474\">Marele Muzeu Egiptean<\/strong>, toate \u00eentr-o experien\u021b\u0103 incredibil\u0103 pe t\u0103r\u00e2mul faraonilor.<\/p>\n<hr data-start=\"541\" data-end=\"544\" \/>\n<p data-start=\"546\" data-end=\"574\">\ud83d\udd50 <strong data-start=\"549\" data-end=\"572\">Itinerar detaliat:<\/strong><\/p>\n<p data-start=\"47\" data-end=\"135\">\ud83d\ude90 <strong data-start=\"50\" data-end=\"131\">Preluare de la hotel la ora 10:00 cu un autobuz modern, cu aer condi\u021bionat, spre Cairo.<\/strong> \u2728<\/p>\n<p data-start=\"576\" data-end=\"844\">Face\u021bi cuno\u0219tin\u021b\u0103 cu <strong data-start=\"681\" data-end=\"716\">ghid egiptolog profesionist<\/strong> \u00een Cairo \u0219i preg\u0103te\u0219te-te pentru aventura ta extraordinar\u0103.<br data-start=\"773\" data-end=\"776\" \/>\ud83c\udf06 Ajunge\u021bi \u00een Cairo diminea\u021ba devreme \u0219i \u00eencepe\u021bi-v\u0103 ziua unic\u0103!<\/p>\n<p data-start=\"846\" data-end=\"1004\">\ud83d\ude90 <strong data-start=\"849\" data-end=\"885\">\u00centoarcerea la hotel p\u00e2n\u0103 la ora 1:00 AM<\/strong>, umplut cu <strong data-start=\"899\" data-end=\"925\">amintiri de neuitat<\/strong>, <strong data-start=\"927\" data-end=\"950\">fotografii uluitoare<\/strong>, \u0219i <strong data-start=\"956\" data-end=\"999\">pove\u0219ti care vor r\u0103m\u00e2ne cu tine pentru totdeauna\u00a0 <\/strong>\u2764\ufe0f<\/p>\n<hr data-start=\"1006\" data-end=\"1009\" \/>\n<p data-start=\"1011\" data-end=\"1430\">\ud83d\udd39 <strong data-start=\"1014\" data-end=\"1069\">Prima oprire: Piramidele din Giza \u0219i Marele Sfinx<\/strong> \ud83c\udfdc\ufe0f<br data-start=\"1073\" data-end=\"1076\" \/>\u00cencepe\u021bi-v\u0103 ziua la cel mai emblematic sit din lume - <strong data-start=\"1129\" data-end=\"1178\">Marile piramide Khufu, Khafre \u0219i Menkaure<\/strong>, simboluri eterne ale geniului \u0219i misterului antic.<br data-start=\"1226\" data-end=\"1229\" \/>Sta\u021bi fa\u021b\u0103 \u00een fa\u021b\u0103 cu maiestuosul <strong data-start=\"1266\" data-end=\"1282\">Marele Sfinx<\/strong>, p\u0103zind de\u0219ertul timp de peste <strong data-start=\"1313\" data-end=\"1328\">4.500 de ani<\/strong>! \ud83e\udd81<br data-start=\"1332\" data-end=\"1335\" \/>\ud83d\udcf8 Captura\u021bi fotografii uimitoare cu piramidele ca fundal - un moment pe care nu \u00eel ve\u021bi uita niciodat\u0103.<\/p>\n<p data-start=\"1432\" data-end=\"1591\">\ud83d\udc2a <strong data-start=\"1435\" data-end=\"1460\">Plimbare cu c\u0103mila (op\u021bional)<\/strong> - nu este inclus \u00een turul principal, dar este disponibil pentru oaspe\u021bii care doresc s\u0103 se bucure de o experien\u021b\u0103 antic\u0103 autentic\u0103 \u00een jurul piramidelor.<\/p>\n<hr data-start=\"1593\" data-end=\"1596\" \/>\n<p data-start=\"1598\" data-end=\"2099\">\ud83d\udd39 <strong data-start=\"1601\" data-end=\"1649\">A doua oprire: Marele Muzeu Egiptean (GEM)<\/strong> \ud83c\udfdb\ufe0f<br data-start=\"1653\" data-end=\"1656\" \/>Merge\u021bi la <strong data-start=\"1668\" data-end=\"1720\">cel mai nou \u0219i mai mare muzeu arheologic din lume<\/strong>, situat pe platoul Giza.<br data-start=\"1750\" data-end=\"1753\" \/>Minune la peste <strong data-start=\"1768\" data-end=\"1797\">100.000 de artefacte antice<\/strong> afi\u0219at cu <strong data-start=\"1813\" data-end=\"1840\">tehnologie de ultim\u0103 or\u0103<\/strong> \u0219i storytelling.<br data-start=\"1858\" data-end=\"1861\" \/>Descoperi\u021bi <strong data-start=\"1874\" data-end=\"1911\">comorile complete ale lui Tutankhamon<\/strong>, prezentate \u00eempreun\u0103 pentru prima dat\u0103 \u00een istorie!<br data-start=\"1962\" data-end=\"1965\" \/>Nu rata\u021bi <strong data-start=\"1980\" data-end=\"2009\">statuia gigantic\u0103 a lui Ramses II<\/strong> care \u00eent\u00e2mpin\u0103 vizitatorii \u00een sala principal\u0103 - o introducere uluitoare la gloria Egiptului \ud83d\udc51<\/p>\n<hr data-start=\"2101\" data-end=\"2104\" \/>\n<p data-start=\"2106\" data-end=\"2346\">\ud83c\udf74 <strong data-start=\"2109\" data-end=\"2133\">Experien\u021b\u0103 de pr\u00e2nz VIP<\/strong><br data-start=\"2133\" data-end=\"2136\" \/>Dup\u0103 o diminea\u021b\u0103 plin\u0103 de istorie, bucura\u021bi-v\u0103 de o <strong data-start=\"2180\" data-end=\"2203\">pr\u00e2nz VIP delicios<\/strong> la unul dintre <strong data-start=\"2214\" data-end=\"2247\">Cele mai bine cotate restaurante din Cairo<\/strong>.<br data-start=\"2248\" data-end=\"2251\" \/>Savura\u021bi <strong data-start=\"2257\" data-end=\"2287\">buc\u0103t\u0103rie egiptean\u0103 autentic\u0103<\/strong> cu servicii premium \u0219i o atmosfer\u0103 cald\u0103 \u0219i confortabil\u0103.<\/p>\n<hr data-start=\"2348\" data-end=\"2351\" \/>\n<p data-start=\"2353\" data-end=\"2615\">\ud83d\udecd\ufe0f <strong data-start=\"2357\" data-end=\"2396\">Shopping exclusivist \u0219i popasuri culturale<\/strong><br data-start=\"2396\" data-end=\"2399\" \/>Vizit\u0103 selectat\u0103 <strong data-start=\"2414\" data-end=\"2431\">bazaruri locale<\/strong>, <strong data-start=\"2433\" data-end=\"2455\">institutele papyrus<\/strong>, \u0219i <strong data-start=\"2461\" data-end=\"2491\">galerii de parfumuri orientale<\/strong> \ud83d\udecd\ufe0f \u00een propriul ritm.<br data-start=\"2513\" data-end=\"2516\" \/>Bucur\u0103-te <strong data-start=\"2522\" data-end=\"2554\">recomand\u0103ri personalizate<\/strong> de la ghidul dvs. \u0219i o <strong data-start=\"2577\" data-end=\"2612\">experien\u021b\u0103 de cump\u0103r\u0103turi f\u0103r\u0103 stres<\/strong>.<\/p>\n<hr data-start=\"2617\" data-end=\"2620\" \/>\n<p data-start=\"2622\" data-end=\"2906\">\ud83d\udde3\ufe0f <strong data-start=\"2626\" data-end=\"2653\">Vorbim limba ta!<\/strong><br data-start=\"2653\" data-end=\"2656\" \/>Fie c\u0103 vorbi\u021bi <strong data-start=\"2674\" data-end=\"2689\">Polonez \ud83c\uddf5\ud83c\uddf1<\/strong>, <strong data-start=\"2691\" data-end=\"2706\">Francez\u0103 \ud83c\uddeb\ud83c\uddf7<\/strong>, <strong data-start=\"2708\" data-end=\"2724\">Englez\u0103 \ud83c\uddec\ud83c\udde7<\/strong>, <strong data-start=\"2726\" data-end=\"2741\">German\u0103 \ud83c\udde9\ud83c\uddea<\/strong>, <strong data-start=\"2743\" data-end=\"2762\">Portughez\u0103 \ud83c\uddf5\ud83c\uddf9<\/strong>, <strong data-start=\"2764\" data-end=\"2780\">Spaniol\u0103 \ud83c\uddea\ud83c\uddf8<\/strong>, sau altele -<br data-start=\"2793\" data-end=\"2796\" \/>noastr\u0103 <strong data-start=\"2800\" data-end=\"2821\">echip\u0103 multilingv\u0103<\/strong> asigur\u0103 o comunicare fluent\u0103 \u0219i o experien\u021b\u0103 personalizat\u0103, indiferent de unde sunte\u021bi \ud83c\udf0d<\/p>\n<hr data-start=\"2908\" data-end=\"2911\" \/>\n<p data-start=\"2913\" data-end=\"2938\">\ud83c\udf1f <strong data-start=\"2916\" data-end=\"2936\">Puncte forte ale turului:<\/strong><\/p>\n<p data-start=\"2940\" data-end=\"3295\">\u2705 Transferuri dus-\u00eentors \u00eentr-un <strong data-start=\"2968\" data-end=\"3003\">vehicul modern, cu aer condi\u021bionat<\/strong><br data-start=\"3003\" data-end=\"3006\" \/>\u2705 <strong data-start=\"3008\" data-end=\"3043\">Ghid egiptolog profesionist<\/strong> \u00een Cairo<br data-start=\"3052\" data-end=\"3055\" \/>\u2705 <strong data-start=\"3057\" data-end=\"3074\">Bilete de intrare<\/strong> la Piramide \u0219i Marele Muzeu Egiptean<br data-start=\"3114\" data-end=\"3117\" \/>\u2705 <strong data-start=\"3119\" data-end=\"3143\">Experien\u021b\u0103 de pr\u00e2nz VIP<\/strong> \ud83c\udf7d\ufe0f<br data-start=\"3147\" data-end=\"3150\" \/>\u2705 <strong data-start=\"3152\" data-end=\"3180\">Opriri exclusive pentru cump\u0103r\u0103turi<\/strong> \ud83d\udecd\ufe0f<br data-start=\"3184\" data-end=\"3187\" \/>\u2705 <strong data-start=\"3189\" data-end=\"3212\">Activit\u0103\u021bi op\u021bionale<\/strong> disponibil la cerere<br data-start=\"3235\" data-end=\"3238\" \/>\u2705 <strong data-start=\"3240\" data-end=\"3264\">Itinerarii flexibile<\/strong> adaptate preferin\u021belor dumneavoastr\u0103<\/p>\n<hr data-start=\"3297\" data-end=\"3300\" \/>\n<p data-start=\"3302\" data-end=\"3506\">\ud83d\udd4a\ufe0f <strong data-start=\"3306\" data-end=\"3348\">Turul Cairo &amp; Marele Muzeu Egiptean<\/strong> este mai mult dec\u00e2t o excursie -<br data-start=\"3370\" data-end=\"3373\" \/>este o <strong data-start=\"3380\" data-end=\"3411\">\u00eent\u00e2lnirea cu istoria \u00eens\u0103\u0219i<\/strong>, amestec\u00e2nd <strong data-start=\"3426\" data-end=\"3452\">magia Egiptului antic<\/strong> cu <strong data-start=\"3462\" data-end=\"3496\">spiritul vibrant al Cairo-ului modern<\/strong>. \ud83c\uddea\ud83c\uddec\u2764\ufe0f<\/p>\n<hr data-start=\"3297\" data-end=\"3300\" \/>\n<h3 data-start=\"2198\" data-end=\"2225\"><strong data-start=\"2205\" data-end=\"2223\">\ud83e\udd11 Pre\u021bul excursiei<\/strong><\/h3>\n<p data-start=\"2228\" data-end=\"2260\"><strong data-start=\"2233\" data-end=\"2258\">\u00a0 \u00a0<img decoding=\"async\" class=\"emoji\" role=\"img\" draggable=\"false\" src=\"https:\/\/s.w.org\/images\/core\/emoji\/16.0.1\/svg\/1f64e-1f3fb-200d-2642-fe0f.svg\" alt=\"\ud83d\ude4e\ud83c\udffb\u200d\u2642\ufe0f\" \/> 11 ani \u0219i peste 125 \u20ac<\/strong><\/p>\n<p data-start=\"2228\" data-end=\"2260\"><strong data-start=\"2263\" data-end=\"2280\">\u00a0 \u00a0<img decoding=\"async\" class=\"emoji\" role=\"img\" draggable=\"false\" src=\"https:\/\/s.w.org\/images\/core\/emoji\/16.0.1\/svg\/1f9cd-1f3fb-200d-2640-fe0f.svg\" alt=\"\ud83e\uddcd\ud83c\udffb\u200d\u2640\ufe0f\" \/> 5\/10 ani 65 \u20ac<\/strong><\/p>\n<p data-start=\"2228\" data-end=\"2260\"><strong data-start=\"2327\" data-end=\"2355\">\u00a0 \u00a0<img decoding=\"async\" class=\"emoji\" role=\"img\" draggable=\"false\" src=\"https:\/\/s.w.org\/images\/core\/emoji\/16.0.1\/svg\/1f47c-1f3fc.svg\" alt=\"\ud83d\udc7c\ud83c\udffc\" \/> - 5 ani 25 \u20ac<\/strong><\/p>\n<h3 data-start=\"2198\" data-end=\"2225\"><strong data-start=\"2205\" data-end=\"2223\">Plata \u00een USD ($ \ud83c\uddfa\ud83c\uddf8) \u00een loc de EUR (\u20ac \ud83c\uddea\ud83c\uddfa) este disponibil\u0103 \u00een func\u021bie de cursul bancar zilnic.<\/strong><\/h3>\n<div id=\"gtx-trans\" style=\"position: absolute; left: 267px; top: 1.2px;\">\n<div class=\"gtx-trans-icon\"><\/div>\n<\/div>\n<div id=\"gtx-trans\" style=\"position: absolute; left: 267px; top: 1.2px;\">\n<div class=\"gtx-trans-icon\"><\/div>\n<\/div>","protected":false},"excerpt":{"rendered":"<p>\ud83c\udfdb\ufe0f\u2728 Cairo &amp; the Grand Egyptian Museum \u2013 Discover the Magic of Ancient Egypt in Just One Day! \u2728\ud83c\udf05 Get ready for a day full of wonders \u2014 where ancient glory meets modern brilliance.This unforgettable journey combines the Pyramids, the Great Sphinx, and the Grand Egyptian Museum, all in one incredible experience on the land [&hellip;]<\/p>\n","protected":false},"featured_media":11173,"comment_status":"open","ping_status":"closed","template":"","meta":[],"product_brand":[],"product_cat":[66],"product_tag":[],"class_list":{"0":"post-11231","1":"product","2":"type-product","3":"status-publish","4":"has-post-thumbnail","6":"product_cat-marsa-alam","8":"first","9":"instock","10":"shipping-taxable","11":"purchasable","12":"product-type-ovabrw_car_rental"},"yoast_head":"<!-- This site is optimized with the Yoast SEO plugin v27.5 - https:\/\/yoast.com\/product\/yoast-seo-wordpress\/ -->\n<title>Cairo &amp; GEM Tour: Pyramids, Sphinx &amp; Museum - Golden Horizont Egypt<\/title>\n<meta name=\"robots\" content=\"index, follow, max-snippet:-1, max-image-preview:large, max-video-preview:-1\" \/>\n<link rel=\"canonical\" href=\"https:\/\/goldenhorizontegypt.com\/ro\/produs\/cairo-gem-marsa-alam\/\" \/>\n<meta property=\"og:locale\" content=\"ro_RO\" \/>\n<meta property=\"og:type\" content=\"article\" \/>\n<meta property=\"og:title\" content=\"Cairo &amp; GEM Tour: Pyramids, Sphinx &amp; Museum - Golden Horizont Egypt\" \/>\n<meta property=\"og:description\" content=\"\ud83c\udfdb\ufe0f\u2728 Cairo &amp; the Grand Egyptian Museum \u2013 Discover the Magic of Ancient Egypt in Just One Day! \u2728\ud83c\udf05 Get ready for a day full of wonders \u2014 where ancient glory meets modern brilliance.This unforgettable journey combines the Pyramids, the Great Sphinx, and the Grand Egyptian Museum, all in one incredible experience on the land [&hellip;]\" \/>\n<meta property=\"og:url\" content=\"https:\/\/goldenhorizontegypt.com\/ro\/produs\/cairo-gem-marsa-alam\/\" \/>\n<meta property=\"og:site_name\" content=\"Golden Horizont Egypt\" \/>\n<meta property=\"article:modified_time\" content=\"2025-11-28T14:15:15+00:00\" \/>\n<meta property=\"og:image\" content=\"https:\/\/goldenhorizontegypt.com\/wp-content\/uploads\/2025\/11\/3b48adcc-b2d6-4dda-a6d1-08fa9b301820.jpg\" \/>\n\t<meta property=\"og:image:width\" content=\"1080\" \/>\n\t<meta property=\"og:image:height\" content=\"720\" \/>\n\t<meta property=\"og:image:type\" content=\"image\/jpeg\" \/>\n<meta name=\"twitter:card\" content=\"summary_large_image\" \/>\n<meta name=\"twitter:label1\" content=\"Timp estimat pentru citire\" \/>\n\t<meta name=\"twitter:data1\" content=\"2 minute\" \/>\n<script type=\"application\/ld+json\" class=\"yoast-schema-graph\">{\"@context\":\"https:\\\/\\\/schema.org\",\"@graph\":[{\"@type\":\"WebPage\",\"@id\":\"https:\\\/\\\/goldenhorizontegypt.com\\\/product\\\/cairo-gem-marsa-alam\\\/\",\"url\":\"https:\\\/\\\/goldenhorizontegypt.com\\\/product\\\/cairo-gem-marsa-alam\\\/\",\"name\":\"Cairo & GEM Tour: Pyramids, Sphinx & Museum - Golden Horizont Egypt\",\"isPartOf\":{\"@id\":\"https:\\\/\\\/goldenhorizontegypt.com\\\/#website\"},\"primaryImageOfPage\":{\"@id\":\"https:\\\/\\\/goldenhorizontegypt.com\\\/product\\\/cairo-gem-marsa-alam\\\/#primaryimage\"},\"image\":{\"@id\":\"https:\\\/\\\/goldenhorizontegypt.com\\\/product\\\/cairo-gem-marsa-alam\\\/#primaryimage\"},\"thumbnailUrl\":\"https:\\\/\\\/goldenhorizontegypt.com\\\/wp-content\\\/uploads\\\/2025\\\/11\\\/3b48adcc-b2d6-4dda-a6d1-08fa9b301820.jpg\",\"datePublished\":\"2025-11-17T18:02:50+00:00\",\"dateModified\":\"2025-11-28T14:15:15+00:00\",\"breadcrumb\":{\"@id\":\"https:\\\/\\\/goldenhorizontegypt.com\\\/product\\\/cairo-gem-marsa-alam\\\/#breadcrumb\"},\"inLanguage\":\"ro-RO\",\"potentialAction\":[{\"@type\":\"ReadAction\",\"target\":[\"https:\\\/\\\/goldenhorizontegypt.com\\\/product\\\/cairo-gem-marsa-alam\\\/\"]}]},{\"@type\":\"ImageObject\",\"inLanguage\":\"ro-RO\",\"@id\":\"https:\\\/\\\/goldenhorizontegypt.com\\\/product\\\/cairo-gem-marsa-alam\\\/#primaryimage\",\"url\":\"https:\\\/\\\/goldenhorizontegypt.com\\\/wp-content\\\/uploads\\\/2025\\\/11\\\/3b48adcc-b2d6-4dda-a6d1-08fa9b301820.jpg\",\"contentUrl\":\"https:\\\/\\\/goldenhorizontegypt.com\\\/wp-content\\\/uploads\\\/2025\\\/11\\\/3b48adcc-b2d6-4dda-a6d1-08fa9b301820.jpg\",\"width\":1080,\"height\":720},{\"@type\":\"BreadcrumbList\",\"@id\":\"https:\\\/\\\/goldenhorizontegypt.com\\\/product\\\/cairo-gem-marsa-alam\\\/#breadcrumb\",\"itemListElement\":[{\"@type\":\"ListItem\",\"position\":1,\"name\":\"Home\",\"item\":\"https:\\\/\\\/goldenhorizontegypt.com\\\/\"},{\"@type\":\"ListItem\",\"position\":2,\"name\":\"Shop\",\"item\":\"https:\\\/\\\/goldenhorizontegypt.com\\\/shop\\\/\"},{\"@type\":\"ListItem\",\"position\":3,\"name\":\"Cairo &#038; GEM Tour: Pyramids, Sphinx &#038; Museum\"}]},{\"@type\":\"WebSite\",\"@id\":\"https:\\\/\\\/goldenhorizontegypt.com\\\/#website\",\"url\":\"https:\\\/\\\/goldenhorizontegypt.com\\\/\",\"name\":\"Golden Horizont Egypt\",\"description\":\"\",\"potentialAction\":[{\"@type\":\"SearchAction\",\"target\":{\"@type\":\"EntryPoint\",\"urlTemplate\":\"https:\\\/\\\/goldenhorizontegypt.com\\\/?s={search_term_string}\"},\"query-input\":{\"@type\":\"PropertyValueSpecification\",\"valueRequired\":true,\"valueName\":\"search_term_string\"}}],\"inLanguage\":\"ro-RO\"}]}<\/script>\n<!-- \/ Yoast SEO plugin. -->","yoast_head_json":{"title":"Cairo & GEM Tour: Pyramids, Sphinx & Museum - Golden Horizont Egypt","robots":{"index":"index","follow":"follow","max-snippet":"max-snippet:-1","max-image-preview":"max-image-preview:large","max-video-preview":"max-video-preview:-1"},"canonical":"https:\/\/goldenhorizontegypt.com\/ro\/produs\/cairo-gem-marsa-alam\/","og_locale":"ro_RO","og_type":"article","og_title":"Cairo & GEM Tour: Pyramids, Sphinx & Museum - Golden Horizont Egypt","og_description":"\ud83c\udfdb\ufe0f\u2728 Cairo &amp; the Grand Egyptian Museum \u2013 Discover the Magic of Ancient Egypt in Just One Day! \u2728\ud83c\udf05 Get ready for a day full of wonders \u2014 where ancient glory meets modern brilliance.This unforgettable journey combines the Pyramids, the Great Sphinx, and the Grand Egyptian Museum, all in one incredible experience on the land [&hellip;]","og_url":"https:\/\/goldenhorizontegypt.com\/ro\/produs\/cairo-gem-marsa-alam\/","og_site_name":"Golden Horizont Egypt","article_modified_time":"2025-11-28T14:15:15+00:00","og_image":[{"width":1080,"height":720,"url":"https:\/\/goldenhorizontegypt.com\/wp-content\/uploads\/2025\/11\/3b48adcc-b2d6-4dda-a6d1-08fa9b301820.jpg","type":"image\/jpeg"}],"twitter_card":"summary_large_image","twitter_misc":{"Timp estimat pentru citire":"2 minute"},"schema":{"@context":"https:\/\/schema.org","@graph":[{"@type":"WebPage","@id":"https:\/\/goldenhorizontegypt.com\/product\/cairo-gem-marsa-alam\/","url":"https:\/\/goldenhorizontegypt.com\/product\/cairo-gem-marsa-alam\/","name":"Cairo & GEM Tour: Pyramids, Sphinx & Museum - Golden Horizont Egypt","isPartOf":{"@id":"https:\/\/goldenhorizontegypt.com\/#website"},"primaryImageOfPage":{"@id":"https:\/\/goldenhorizontegypt.com\/product\/cairo-gem-marsa-alam\/#primaryimage"},"image":{"@id":"https:\/\/goldenhorizontegypt.com\/product\/cairo-gem-marsa-alam\/#primaryimage"},"thumbnailUrl":"https:\/\/goldenhorizontegypt.com\/wp-content\/uploads\/2025\/11\/3b48adcc-b2d6-4dda-a6d1-08fa9b301820.jpg","datePublished":"2025-11-17T18:02:50+00:00","dateModified":"2025-11-28T14:15:15+00:00","breadcrumb":{"@id":"https:\/\/goldenhorizontegypt.com\/product\/cairo-gem-marsa-alam\/#breadcrumb"},"inLanguage":"ro-RO","potentialAction":[{"@type":"ReadAction","target":["https:\/\/goldenhorizontegypt.com\/product\/cairo-gem-marsa-alam\/"]}]},{"@type":"ImageObject","inLanguage":"ro-RO","@id":"https:\/\/goldenhorizontegypt.com\/product\/cairo-gem-marsa-alam\/#primaryimage","url":"https:\/\/goldenhorizontegypt.com\/wp-content\/uploads\/2025\/11\/3b48adcc-b2d6-4dda-a6d1-08fa9b301820.jpg","contentUrl":"https:\/\/goldenhorizontegypt.com\/wp-content\/uploads\/2025\/11\/3b48adcc-b2d6-4dda-a6d1-08fa9b301820.jpg","width":1080,"height":720},{"@type":"BreadcrumbList","@id":"https:\/\/goldenhorizontegypt.com\/product\/cairo-gem-marsa-alam\/#breadcrumb","itemListElement":[{"@type":"ListItem","position":1,"name":"Home","item":"https:\/\/goldenhorizontegypt.com\/"},{"@type":"ListItem","position":2,"name":"Shop","item":"https:\/\/goldenhorizontegypt.com\/shop\/"},{"@type":"ListItem","position":3,"name":"Cairo &#038; GEM Tour: Pyramids, Sphinx &#038; Museum"}]},{"@type":"WebSite","@id":"https:\/\/goldenhorizontegypt.com\/#website","url":"https:\/\/goldenhorizontegypt.com\/","name":"Orizont de Aur Egipt","description":"","potentialAction":[{"@type":"SearchAction","target":{"@type":"EntryPoint","urlTemplate":"https:\/\/goldenhorizontegypt.com\/?s={search_term_string}"},"query-input":{"@type":"PropertyValueSpecification","valueRequired":true,"valueName":"search_term_string"}}],"inLanguage":"ro-RO"}]}},"_links":{"self":[{"href":"https:\/\/goldenhorizontegypt.com\/ro\/wp-json\/wp\/v2\/product\/11231","targetHints":{"allow":["GET"]}}],"collection":[{"href":"https:\/\/goldenhorizontegypt.com\/ro\/wp-json\/wp\/v2\/product"}],"about":[{"href":"https:\/\/goldenhorizontegypt.com\/ro\/wp-json\/wp\/v2\/types\/product"}],"replies":[{"embeddable":true,"href":"https:\/\/goldenhorizontegypt.com\/ro\/wp-json\/wp\/v2\/comments?post=11231"}],"wp:featuredmedia":[{"embeddable":true,"href":"https:\/\/goldenhorizontegypt.com\/ro\/wp-json\/wp\/v2\/media\/11173"}],"wp:attachment":[{"href":"https:\/\/goldenhorizontegypt.com\/ro\/wp-json\/wp\/v2\/media?parent=11231"}],"wp:term":[{"taxonomy":"product_brand","embeddable":true,"href":"https:\/\/goldenhorizontegypt.com\/ro\/wp-json\/wp\/v2\/product_brand?post=11231"},{"taxonomy":"product_cat","embeddable":true,"href":"https:\/\/goldenhorizontegypt.com\/ro\/wp-json\/wp\/v2\/product_cat?post=11231"},{"taxonomy":"product_tag","embeddable":true,"href":"https:\/\/goldenhorizontegypt.com\/ro\/wp-json\/wp\/v2\/product_tag?post=11231"}],"curies":[{"name":"wp","href":"https:\/\/api.w.org\/{rel}","templated":true}]}}