{"id":10986,"date":"2025-09-21T22:01:46","date_gmt":"2025-09-21T22:01:46","guid":{"rendered":"https:\/\/goldenhorizontegypt.com\/?post_type=product&#038;p=10986"},"modified":"2025-12-17T17:03:16","modified_gmt":"2025-12-17T17:03:16","slug":"sataya-overnight-trip","status":"publish","type":"product","link":"https:\/\/goldenhorizontegypt.com\/ro\/produs\/sataya-overnight-trip\/","title":{"rendered":"Sataya Overnight: Delfinii, scufund\u0103rile \u0219i magia recifului"},"content":{"rendered":"<h1 data-start=\"147\" data-end=\"187\">\ud83d\udc2c\u2728 Sataya Overnight Raport de c\u0103l\u0103torie \u2728\ud83d\udc2c<\/h1>\n<h2 data-start=\"189\" data-end=\"209\">\ud83d\udccd Introducere<\/h2>\n<p data-start=\"210\" data-end=\"465\"><strong data-start=\"210\" data-end=\"225\">Reciful Sataya<\/strong>, cunoscut \u0219i sub numele de <strong data-start=\"245\" data-end=\"261\">Reciful Delfinilor<\/strong>, este unul dintre cele mai magice locuri din Marea Ro\u0219ie, l\u00e2ng\u0103 Marsa Alam. Este casa unor grupuri mari de <strong data-start=\"364\" data-end=\"387\">delfini spinner \ud83d\udc2c<\/strong>, recife de corali vibrante \ud83d\udc20, ape cristaline \u0219i un ecosistem marin bogat.<\/p>\n<p data-start=\"467\" data-end=\"698\">The <strong data-start=\"471\" data-end=\"491\">Croazier\u0103 de noapte<\/strong> v\u0103 ofer\u0103 \u0219ansa unic\u0103 de a petrece <strong data-start=\"529\" data-end=\"570\">o noapte plin\u0103 \u00een mijlocul m\u0103rii<\/strong> la bordul unui iaht confortabil, combin\u00e2nd scufund\u0103ri, snorkeling, relaxare \u0219i divertisment de neuitat sub un cer \u00eenstelat. \ud83c\udf0c\u2728<\/p>\n<hr data-start=\"700\" data-end=\"703\" \/>\n<h2 data-start=\"705\" data-end=\"723\">\ud83d\udee5\ufe0f Itinerar<\/h2>\n<h3 data-start=\"725\" data-end=\"740\"><strong data-start=\"729\" data-end=\"738\">Ziua 1<\/strong><\/h3>\n<ul data-start=\"741\" data-end=\"1687\">\n<li data-start=\"741\" data-end=\"854\">\n<p data-start=\"743\" data-end=\"854\"><strong data-start=\"743\" data-end=\"766\">Pick-up &amp; Transfer:<\/strong> Transfer de diminea\u021b\u0103 de la hotel la portul de agrement, apoi \u00eembarcare pe un iaht complet echipat.<\/p>\n<\/li>\n<li data-start=\"855\" data-end=\"931\">\n<p data-start=\"857\" data-end=\"931\"><strong data-start=\"857\" data-end=\"879\">Naviga\u021bie spre Sataya:<\/strong> Bucura\u021bi-v\u0103 de plimbarea panoramic\u0103 cu barca prin Marea Ro\u0219ie. \ud83d\udea4<\/p>\n<\/li>\n<li data-start=\"932\" data-end=\"1064\">\n<p data-start=\"934\" data-end=\"1064\"><strong data-start=\"934\" data-end=\"955\">\u0218edin\u021b\u0103 de informare:<\/strong> Instruc\u021biuni de siguran\u021b\u0103, instruc\u021biuni de scufundare\/snorkeling \u0219i o prezentare a delfinilor \u0219i a ecosistemului recifului.<\/p>\n<\/li>\n<li data-start=\"1065\" data-end=\"1178\">\n<p data-start=\"1067\" data-end=\"1178\"><strong data-start=\"1067\" data-end=\"1085\">Prima scufundare \ud83e\udd3f:<\/strong> Explora\u021bi lumea subacvatic\u0103 magic\u0103 din Sataya - gr\u0103dini colorate de corali \u0219i pe\u0219ti tropicali.<\/p>\n<\/li>\n<li data-start=\"1179\" data-end=\"1283\">\n<p data-start=\"1181\" data-end=\"1283\"><strong data-start=\"1181\" data-end=\"1213\">Snorkeling cu delfinii \ud83d\udc2c:<\/strong> \u00cenota\u021bi \u0219i face\u021bi snorkeling al\u0103turi de grupuri de delfini \u00een habitatul lor natural.<\/p>\n<\/li>\n<li data-start=\"1284\" data-end=\"1351\">\n<p data-start=\"1286\" data-end=\"1351\"><strong data-start=\"1286\" data-end=\"1308\">Pr\u00e2nz la bord \ud83c\udf74:<\/strong> Pr\u00e2nz bufet delicios cu b\u0103uturi r\u0103coritoare.<\/p>\n<\/li>\n<li data-start=\"1352\" data-end=\"1459\">\n<p data-start=\"1354\" data-end=\"1459\"><strong data-start=\"1354\" data-end=\"1395\">A doua scufundare sau explorarea recifului \ud83e\udd3f\ud83d\udc20:<\/strong> O alt\u0103 scufundare la un alt recif plin de minuni marine.<\/p>\n<\/li>\n<li data-start=\"1460\" data-end=\"1583\">\n<p data-start=\"1462\" data-end=\"1583\"><strong data-start=\"1462\" data-end=\"1502\">Evening Entertainment (Interwa) \ud83c\udfb6\u2728:<\/strong> Muzic\u0103, activit\u0103\u021bi distractive \u0219i o mic\u0103 petrecere pe punte \u00een timp ce urm\u0103ri\u021bi apusul. \ud83c\udf05<\/p>\n<\/li>\n<li data-start=\"1584\" data-end=\"1687\">\n<p data-start=\"1586\" data-end=\"1687\"><strong data-start=\"1586\" data-end=\"1614\">Cin\u0103 \u0219i cazare:<\/strong> Bucura\u021bi-v\u0103 de o cin\u0103 confortabil\u0103, relaxa\u021bi-v\u0103 pe punte sau privi\u021bi stelele sub cerul liber. \ud83c\udf0c<\/p>\n<\/li>\n<\/ul>\n<h3 data-start=\"1689\" data-end=\"1704\"><strong data-start=\"1693\" data-end=\"1702\">Ziua 2<\/strong><\/h3>\n<ul data-start=\"1705\" data-end=\"2024\">\n<li data-start=\"1705\" data-end=\"1768\">\n<p data-start=\"1707\" data-end=\"1768\"><strong data-start=\"1707\" data-end=\"1731\">Mic dejun devreme \u2615\ud83e\udd50:<\/strong> Un nou \u00eenceput pentru o nou\u0103 aventur\u0103.<\/p>\n<\/li>\n<li data-start=\"1769\" data-end=\"1860\">\n<p data-start=\"1771\" data-end=\"1860\"><strong data-start=\"1771\" data-end=\"1791\">Scufundare de diminea\u021b\u0103 \ud83e\udd3f:<\/strong> Descoperi\u021bi un nou loc de scufund\u0103ri la Sataya, cu forma\u021biuni de corali uimitoare.<\/p>\n<\/li>\n<li data-start=\"1861\" data-end=\"1940\">\n<p data-start=\"1863\" data-end=\"1940\"><strong data-start=\"1863\" data-end=\"1895\">Ultima sesiune de snorkeling \ud83d\udc20:<\/strong> Explora\u021bi mai mult din recif \u00eenainte de plecare.<\/p>\n<\/li>\n<li data-start=\"1941\" data-end=\"2024\">\n<p data-start=\"1943\" data-end=\"2024\"><strong data-start=\"1943\" data-end=\"1975\">\u00centoarcere la Marina \u0219i transfer:<\/strong> \u00cenapoi \u00een port \u0219i transfer la hotel.<\/p>\n<\/li>\n<\/ul>\n<hr data-start=\"2026\" data-end=\"2029\" \/>\n<h2 data-start=\"2031\" data-end=\"2060\">\u2728 Repere ale c\u0103l\u0103toriei<\/h2>\n<ul data-start=\"2061\" data-end=\"2416\">\n<li data-start=\"2061\" data-end=\"2113\">\n<p data-start=\"2063\" data-end=\"2113\"><strong data-start=\"2063\" data-end=\"2088\">Cazare pe mare<\/strong> la bordul unui iaht de lux.<\/p>\n<\/li>\n<li data-start=\"2114\" data-end=\"2161\">\n<p data-start=\"2116\" data-end=\"2161\"><strong data-start=\"2116\" data-end=\"2134\">Scufund\u0103ri multiple<\/strong> la diferite locuri de recif.<\/p>\n<\/li>\n<li data-start=\"2162\" data-end=\"2224\">\n<p data-start=\"2164\" data-end=\"2224\"><strong data-start=\"2164\" data-end=\"2192\">Snorkeling cu delfini<\/strong> \u00een mediul lor natural.<\/p>\n<\/li>\n<li data-start=\"2225\" data-end=\"2306\">\n<p data-start=\"2227\" data-end=\"2306\"><strong data-start=\"2227\" data-end=\"2263\">Divertisment la bord (Interwa)<\/strong> cu muzic\u0103, dans \u0219i activit\u0103\u021bi distractive.<\/p>\n<\/li>\n<li data-start=\"2307\" data-end=\"2416\">\n<p data-start=\"2309\" data-end=\"2416\">Perfect pentru <strong data-start=\"2321\" data-end=\"2380\">cupluri \ud83d\udc91, familii \ud83d\udc68\u200d\ud83d\udc69\u200d\ud83d\udc67\u200d\ud83d\udc66, \u0219i grupuri de prieteni<\/strong> \u00een c\u0103utare de aventur\u0103 \u0219i relaxare.<\/p>\n<\/li>\n<\/ul>\n<hr data-start=\"2418\" data-end=\"2421\" \/>\n<h2 data-start=\"2423\" data-end=\"2442\">\ud83d\udcdd Sfaturi de c\u0103l\u0103torie<\/h2>\n<ul data-start=\"2443\" data-end=\"2766\">\n<li data-start=\"2443\" data-end=\"2541\">\n<p data-start=\"2445\" data-end=\"2541\">Aduce\u021bi obiectele personale esen\u021biale: ochelari de soare \ud83d\udd76\ufe0f, crem\u0103 de protec\u021bie solar\u0103 sigur\u0103 pentru recif \ud83e\uddf4 \u0219i un aparat foto rezistent la ap\u0103 \ud83d\udcf7.<\/p>\n<\/li>\n<li data-start=\"2542\" data-end=\"2645\">\n<p data-start=\"2544\" data-end=\"2645\">Scufund\u0103rile sunt recomandate pentru scafandrii certifica\u021bi (PADI, NAUI), \u00een timp ce snorkelingul este perfect pentru \u00eencep\u0103tori.<\/p>\n<\/li>\n<li data-start=\"2646\" data-end=\"2700\">\n<p data-start=\"2648\" data-end=\"2700\">Odihni\u021bi-v\u0103 devreme pentru a v\u0103 bucura de r\u0103s\u0103ritul magic pe mare. \ud83c\udf05<\/p>\n<\/li>\n<li data-start=\"2701\" data-end=\"2766\">\n<p data-start=\"2703\" data-end=\"2766\">Al\u0103tura\u021bi-v\u0103 programului de divertisment pentru o noapte de neuitat. \ud83c\udfb6<\/p>\n<\/li>\n<\/ul>\n<hr data-start=\"2768\" data-end=\"2771\" \/>\n<h2 data-start=\"2773\" data-end=\"2791\">\ud83c\udf1f Concluzie<\/h2>\n<p data-start=\"2792\" data-end=\"3062\">The <strong data-start=\"2796\" data-end=\"2823\">Croazier\u0103 de noapte Sataya<\/strong> este o experien\u021b\u0103 unic\u0103 \u00een via\u021b\u0103 care combin\u0103 <strong data-start=\"2873\" data-end=\"2907\">aventur\u0103, relaxare \u0219i distrac\u021bie<\/strong>. \ud83d\udc2c\ud83e\udd3f<br data-start=\"2913\" data-end=\"2916\" \/>\u00cenota\u021bi cu delfinii, scufunda\u021bi-v\u0103 \u00een recifele vibrante, bucura\u021bi-v\u0103 de divertisment live \u0219i petrece\u021bi o noapte de vis sub stele \u00een inima M\u0103rii Ro\u0219ii. \u2728\ud83c\udf0c<\/p>\n<p data-start=\"1518\" data-end=\"1574\">\ud83e\udd11 <strong data-start=\"44\" data-end=\"63\">Pre\u021buri activit\u0103\u021bi ( Snorkeling )<\/strong><br data-start=\"63\" data-end=\"66\" \/>\ud83d\udc68\ud83c\udffb\u200d\ud83e\uddb1 Adul\u021bi (12 ani \u0219i peste): <strong data-start=\"103\" data-end=\"110\">200 \u20ac<\/strong><br data-start=\"110\" data-end=\"113\" \/>\ud83e\uddcd\ud83c\udffb\u200d\u2640\ufe0f Copii (p\u00e2n\u0103 la 12 ani): <strong data-start=\"148\" data-end=\"155\">135 \u20ac<\/strong><\/p>\n<p data-start=\"1518\" data-end=\"1574\">\ud83e\udd11 <strong data-start=\"44\" data-end=\"63\">Pre\u021buri activit\u0103\u021bi ( Scufundare Intro )<\/strong><br data-start=\"63\" data-end=\"66\" \/>\ud83d\udc68\ud83c\udffb\u200d\ud83e\uddb1 Adul\u021bi : <strong data-start=\"103\" data-end=\"110\">230 \u20ac<\/strong><\/p>\n<p data-start=\"1518\" data-end=\"1574\">\ud83e\udd11 <strong data-start=\"44\" data-end=\"63\">Pre\u021buri activit\u0103\u021bi ( Scufund\u0103ri zilnice)<\/strong><br data-start=\"63\" data-end=\"66\" \/>\ud83d\udc68\ud83c\udffb\u200d\ud83e\uddb1 Adul\u021bi : <strong data-start=\"103\" data-end=\"110\">280 \u20ac<\/strong><\/p>\n<h3 data-start=\"2198\" data-end=\"2225\"><strong data-start=\"2205\" data-end=\"2223\">Plata \u00een USD ($ \ud83c\uddfa\ud83c\uddf8) \u00een loc de EUR (\u20ac \ud83c\uddea\ud83c\uddfa) este disponibil\u0103 \u00een func\u021bie de cursul bancar zilnic.<\/strong><\/h3>","protected":false},"excerpt":{"rendered":"<p>\ud83d\udc2c\u2728 Sataya Overnight Trip Report \u2728\ud83d\udc2c \ud83d\udccd Introduction Sataya Reef, also known as the Dolphin Reef, is one of the most magical spots in the Red Sea near Marsa Alam. It is home to large pods of playful spinner dolphins \ud83d\udc2c, vibrant coral reefs \ud83d\udc20, crystal-clear waters, and a rich marine ecosystem. The Overnight Cruise [&hellip;]<\/p>\n","protected":false},"featured_media":10988,"comment_status":"open","ping_status":"closed","template":"","meta":[],"product_brand":[],"product_cat":[66],"product_tag":[],"class_list":{"0":"post-10986","1":"product","2":"type-product","3":"status-publish","4":"has-post-thumbnail","6":"product_cat-marsa-alam","8":"first","9":"instock","10":"shipping-taxable","11":"purchasable","12":"product-type-ovabrw_car_rental"},"yoast_head":"<!-- This site is optimized with the Yoast SEO plugin v27.5 - https:\/\/yoast.com\/product\/yoast-seo-wordpress\/ -->\n<title>Sataya Overnight: Dolphins, Diving &amp; Reef Magic - Golden Horizont Egypt<\/title>\n<meta name=\"robots\" content=\"index, follow, max-snippet:-1, max-image-preview:large, max-video-preview:-1\" \/>\n<link rel=\"canonical\" href=\"https:\/\/goldenhorizontegypt.com\/ro\/produs\/sataya-overnight-trip\/\" \/>\n<meta property=\"og:locale\" content=\"ro_RO\" \/>\n<meta property=\"og:type\" content=\"article\" \/>\n<meta property=\"og:title\" content=\"Sataya Overnight: Dolphins, Diving &amp; Reef Magic - Golden Horizont Egypt\" \/>\n<meta property=\"og:description\" content=\"\ud83d\udc2c\u2728 Sataya Overnight Trip Report \u2728\ud83d\udc2c \ud83d\udccd Introduction Sataya Reef, also known as the Dolphin Reef, is one of the most magical spots in the Red Sea near Marsa Alam. It is home to large pods of playful spinner dolphins \ud83d\udc2c, vibrant coral reefs \ud83d\udc20, crystal-clear waters, and a rich marine ecosystem. The Overnight Cruise [&hellip;]\" \/>\n<meta property=\"og:url\" content=\"https:\/\/goldenhorizontegypt.com\/ro\/produs\/sataya-overnight-trip\/\" \/>\n<meta property=\"og:site_name\" content=\"Golden Horizont Egypt\" \/>\n<meta property=\"article:modified_time\" content=\"2025-12-17T17:03:16+00:00\" \/>\n<meta property=\"og:image\" content=\"https:\/\/goldenhorizontegypt.com\/wp-content\/uploads\/2025\/09\/Ras-Mohammed-Snorkelling-Trip-Sharm-El-Sheikh-e1669505579298.jpg\" \/>\n\t<meta property=\"og:image:width\" content=\"1200\" \/>\n\t<meta property=\"og:image:height\" content=\"675\" \/>\n\t<meta property=\"og:image:type\" content=\"image\/jpeg\" \/>\n<meta name=\"twitter:card\" content=\"summary_large_image\" \/>\n<meta name=\"twitter:label1\" content=\"Timp estimat pentru citire\" \/>\n\t<meta name=\"twitter:data1\" content=\"2 minute\" \/>\n<script type=\"application\/ld+json\" class=\"yoast-schema-graph\">{\"@context\":\"https:\\\/\\\/schema.org\",\"@graph\":[{\"@type\":\"WebPage\",\"@id\":\"https:\\\/\\\/goldenhorizontegypt.com\\\/product\\\/sataya-overnight-trip\\\/\",\"url\":\"https:\\\/\\\/goldenhorizontegypt.com\\\/product\\\/sataya-overnight-trip\\\/\",\"name\":\"Sataya Overnight: Dolphins, Diving & Reef Magic - Golden Horizont Egypt\",\"isPartOf\":{\"@id\":\"https:\\\/\\\/goldenhorizontegypt.com\\\/#website\"},\"primaryImageOfPage\":{\"@id\":\"https:\\\/\\\/goldenhorizontegypt.com\\\/product\\\/sataya-overnight-trip\\\/#primaryimage\"},\"image\":{\"@id\":\"https:\\\/\\\/goldenhorizontegypt.com\\\/product\\\/sataya-overnight-trip\\\/#primaryimage\"},\"thumbnailUrl\":\"https:\\\/\\\/goldenhorizontegypt.com\\\/wp-content\\\/uploads\\\/2025\\\/09\\\/Ras-Mohammed-Snorkelling-Trip-Sharm-El-Sheikh-e1669505579298.jpg\",\"datePublished\":\"2025-09-21T22:01:46+00:00\",\"dateModified\":\"2025-12-17T17:03:16+00:00\",\"breadcrumb\":{\"@id\":\"https:\\\/\\\/goldenhorizontegypt.com\\\/product\\\/sataya-overnight-trip\\\/#breadcrumb\"},\"inLanguage\":\"ro-RO\",\"potentialAction\":[{\"@type\":\"ReadAction\",\"target\":[\"https:\\\/\\\/goldenhorizontegypt.com\\\/product\\\/sataya-overnight-trip\\\/\"]}]},{\"@type\":\"ImageObject\",\"inLanguage\":\"ro-RO\",\"@id\":\"https:\\\/\\\/goldenhorizontegypt.com\\\/product\\\/sataya-overnight-trip\\\/#primaryimage\",\"url\":\"https:\\\/\\\/goldenhorizontegypt.com\\\/wp-content\\\/uploads\\\/2025\\\/09\\\/Ras-Mohammed-Snorkelling-Trip-Sharm-El-Sheikh-e1669505579298.jpg\",\"contentUrl\":\"https:\\\/\\\/goldenhorizontegypt.com\\\/wp-content\\\/uploads\\\/2025\\\/09\\\/Ras-Mohammed-Snorkelling-Trip-Sharm-El-Sheikh-e1669505579298.jpg\",\"width\":1200,\"height\":675},{\"@type\":\"BreadcrumbList\",\"@id\":\"https:\\\/\\\/goldenhorizontegypt.com\\\/product\\\/sataya-overnight-trip\\\/#breadcrumb\",\"itemListElement\":[{\"@type\":\"ListItem\",\"position\":1,\"name\":\"Home\",\"item\":\"https:\\\/\\\/goldenhorizontegypt.com\\\/\"},{\"@type\":\"ListItem\",\"position\":2,\"name\":\"Shop\",\"item\":\"https:\\\/\\\/goldenhorizontegypt.com\\\/shop\\\/\"},{\"@type\":\"ListItem\",\"position\":3,\"name\":\"Sataya Overnight: Dolphins, Diving &#038; Reef Magic\"}]},{\"@type\":\"WebSite\",\"@id\":\"https:\\\/\\\/goldenhorizontegypt.com\\\/#website\",\"url\":\"https:\\\/\\\/goldenhorizontegypt.com\\\/\",\"name\":\"Golden Horizont Egypt\",\"description\":\"\",\"potentialAction\":[{\"@type\":\"SearchAction\",\"target\":{\"@type\":\"EntryPoint\",\"urlTemplate\":\"https:\\\/\\\/goldenhorizontegypt.com\\\/?s={search_term_string}\"},\"query-input\":{\"@type\":\"PropertyValueSpecification\",\"valueRequired\":true,\"valueName\":\"search_term_string\"}}],\"inLanguage\":\"ro-RO\"}]}<\/script>\n<!-- \/ Yoast SEO plugin. -->","yoast_head_json":{"title":"Sataya Overnight: Dolphins, Diving & Reef Magic - Golden Horizont Egypt","robots":{"index":"index","follow":"follow","max-snippet":"max-snippet:-1","max-image-preview":"max-image-preview:large","max-video-preview":"max-video-preview:-1"},"canonical":"https:\/\/goldenhorizontegypt.com\/ro\/produs\/sataya-overnight-trip\/","og_locale":"ro_RO","og_type":"article","og_title":"Sataya Overnight: Dolphins, Diving & Reef Magic - Golden Horizont Egypt","og_description":"\ud83d\udc2c\u2728 Sataya Overnight Trip Report \u2728\ud83d\udc2c \ud83d\udccd Introduction Sataya Reef, also known as the Dolphin Reef, is one of the most magical spots in the Red Sea near Marsa Alam. It is home to large pods of playful spinner dolphins \ud83d\udc2c, vibrant coral reefs \ud83d\udc20, crystal-clear waters, and a rich marine ecosystem. The Overnight Cruise [&hellip;]","og_url":"https:\/\/goldenhorizontegypt.com\/ro\/produs\/sataya-overnight-trip\/","og_site_name":"Golden Horizont Egypt","article_modified_time":"2025-12-17T17:03:16+00:00","og_image":[{"width":1200,"height":675,"url":"https:\/\/goldenhorizontegypt.com\/wp-content\/uploads\/2025\/09\/Ras-Mohammed-Snorkelling-Trip-Sharm-El-Sheikh-e1669505579298.jpg","type":"image\/jpeg"}],"twitter_card":"summary_large_image","twitter_misc":{"Timp estimat pentru citire":"2 minute"},"schema":{"@context":"https:\/\/schema.org","@graph":[{"@type":"WebPage","@id":"https:\/\/goldenhorizontegypt.com\/product\/sataya-overnight-trip\/","url":"https:\/\/goldenhorizontegypt.com\/product\/sataya-overnight-trip\/","name":"Sataya Overnight: Dolphins, Diving & Reef Magic - Golden Horizont Egypt","isPartOf":{"@id":"https:\/\/goldenhorizontegypt.com\/#website"},"primaryImageOfPage":{"@id":"https:\/\/goldenhorizontegypt.com\/product\/sataya-overnight-trip\/#primaryimage"},"image":{"@id":"https:\/\/goldenhorizontegypt.com\/product\/sataya-overnight-trip\/#primaryimage"},"thumbnailUrl":"https:\/\/goldenhorizontegypt.com\/wp-content\/uploads\/2025\/09\/Ras-Mohammed-Snorkelling-Trip-Sharm-El-Sheikh-e1669505579298.jpg","datePublished":"2025-09-21T22:01:46+00:00","dateModified":"2025-12-17T17:03:16+00:00","breadcrumb":{"@id":"https:\/\/goldenhorizontegypt.com\/product\/sataya-overnight-trip\/#breadcrumb"},"inLanguage":"ro-RO","potentialAction":[{"@type":"ReadAction","target":["https:\/\/goldenhorizontegypt.com\/product\/sataya-overnight-trip\/"]}]},{"@type":"ImageObject","inLanguage":"ro-RO","@id":"https:\/\/goldenhorizontegypt.com\/product\/sataya-overnight-trip\/#primaryimage","url":"https:\/\/goldenhorizontegypt.com\/wp-content\/uploads\/2025\/09\/Ras-Mohammed-Snorkelling-Trip-Sharm-El-Sheikh-e1669505579298.jpg","contentUrl":"https:\/\/goldenhorizontegypt.com\/wp-content\/uploads\/2025\/09\/Ras-Mohammed-Snorkelling-Trip-Sharm-El-Sheikh-e1669505579298.jpg","width":1200,"height":675},{"@type":"BreadcrumbList","@id":"https:\/\/goldenhorizontegypt.com\/product\/sataya-overnight-trip\/#breadcrumb","itemListElement":[{"@type":"ListItem","position":1,"name":"Home","item":"https:\/\/goldenhorizontegypt.com\/"},{"@type":"ListItem","position":2,"name":"Shop","item":"https:\/\/goldenhorizontegypt.com\/shop\/"},{"@type":"ListItem","position":3,"name":"Sataya Overnight: Dolphins, Diving &#038; Reef Magic"}]},{"@type":"WebSite","@id":"https:\/\/goldenhorizontegypt.com\/#website","url":"https:\/\/goldenhorizontegypt.com\/","name":"Orizont de Aur Egipt","description":"","potentialAction":[{"@type":"SearchAction","target":{"@type":"EntryPoint","urlTemplate":"https:\/\/goldenhorizontegypt.com\/?s={search_term_string}"},"query-input":{"@type":"PropertyValueSpecification","valueRequired":true,"valueName":"search_term_string"}}],"inLanguage":"ro-RO"}]}},"_links":{"self":[{"href":"https:\/\/goldenhorizontegypt.com\/ro\/wp-json\/wp\/v2\/product\/10986","targetHints":{"allow":["GET"]}}],"collection":[{"href":"https:\/\/goldenhorizontegypt.com\/ro\/wp-json\/wp\/v2\/product"}],"about":[{"href":"https:\/\/goldenhorizontegypt.com\/ro\/wp-json\/wp\/v2\/types\/product"}],"replies":[{"embeddable":true,"href":"https:\/\/goldenhorizontegypt.com\/ro\/wp-json\/wp\/v2\/comments?post=10986"}],"wp:featuredmedia":[{"embeddable":true,"href":"https:\/\/goldenhorizontegypt.com\/ro\/wp-json\/wp\/v2\/media\/10988"}],"wp:attachment":[{"href":"https:\/\/goldenhorizontegypt.com\/ro\/wp-json\/wp\/v2\/media?parent=10986"}],"wp:term":[{"taxonomy":"product_brand","embeddable":true,"href":"https:\/\/goldenhorizontegypt.com\/ro\/wp-json\/wp\/v2\/product_brand?post=10986"},{"taxonomy":"product_cat","embeddable":true,"href":"https:\/\/goldenhorizontegypt.com\/ro\/wp-json\/wp\/v2\/product_cat?post=10986"},{"taxonomy":"product_tag","embeddable":true,"href":"https:\/\/goldenhorizontegypt.com\/ro\/wp-json\/wp\/v2\/product_tag?post=10986"}],"curies":[{"name":"wp","href":"https:\/\/api.w.org\/{rel}","templated":true}]}}