{"id":10802,"date":"2025-09-13T18:01:37","date_gmt":"2025-09-13T18:01:37","guid":{"rendered":"https:\/\/goldenhorizontegypt.com\/?post_type=product&#038;p=10802"},"modified":"2025-12-17T17:32:41","modified_gmt":"2025-12-17T17:32:41","slug":"samadai-dolphin-reef","status":"publish","type":"product","link":"https:\/\/goldenhorizontegypt.com\/ro\/produs\/samadai-dolphin-reef\/","title":{"rendered":"Reciful delfinilor Samadai: Snorkel \u0219i aventur\u0103 pe mare"},"content":{"rendered":"<p data-start=\"52\" data-end=\"88\">\ud83d\udc2c\u2728 <strong data-start=\"56\" data-end=\"82\">Samadai - Reciful Delfinilor<\/strong> \u2728\ud83d\udc2c<\/p>\n<p data-start=\"175\" data-end=\"551\">Experimenta\u021bi aventura incredibil\u0103 de a \u00eenota cu delfinii s\u0103lbatici la Samadai, cunoscut sub numele de Dolphin Reef. \ud83c\udf0a<br data-start=\"304\" data-end=\"307\" \/>Aceast\u0103 zon\u0103 marin\u0103 protejat\u0103 g\u0103zduie\u0219te grupuri de delfini spinner juc\u0103u\u0219i \ud83d\udc2c \u0219i se m\u00e2ndre\u0219te cu recife de corali vibrante \ud83d\udc20, ape cristaline \u0219i via\u021b\u0103 marin\u0103 abundent\u0103 \ud83d\udc22. Este perfect pentru snorkelerii care caut\u0103 o \u00eent\u00e2lnire cu natura unic\u0103 \u00een via\u021b\u0103. \ud83c\udf34<\/p>\n<hr data-start=\"553\" data-end=\"556\" \/>\n<p data-start=\"558\" data-end=\"587\"><strong data-start=\"558\" data-end=\"585\">Puncte forte ale c\u0103l\u0103toriei:<\/strong><\/p>\n<ul data-start=\"589\" data-end=\"981\">\n<li data-start=\"589\" data-end=\"688\">\n<p data-start=\"591\" data-end=\"688\"><strong data-start=\"591\" data-end=\"623\">Snorkeling cu delfinii \ud83e\udd3f:<\/strong> \u00cenota\u021bi al\u0103turi de grupuri de delfini s\u0103lbatici \u00een habitatul lor natural.<\/p>\n<\/li>\n<li data-start=\"640\" data-end=\"741\">\n<p data-start=\"642\" data-end=\"741\"><strong data-start=\"642\" data-end=\"658\">Scufund\u0103ri \ud83e\udd3f\ud83d\udc20:<\/strong> Descoperi\u021bi lumea magic\u0103 subacvatic\u0103 \u0219i explora\u021bi de aproape recifele de corali uimitoare.<\/p>\n<\/li>\n<li data-start=\"689\" data-end=\"792\">\n<p data-start=\"691\" data-end=\"792\"><strong data-start=\"691\" data-end=\"724\">Recifuri de corali \u0219i via\u021b\u0103 marin\u0103 \ud83d\udc20:<\/strong> Explora\u021bi corali colora\u021bi, pe\u0219ti tropicali \u0219i, ocazional, \u021bestoase.<\/p>\n<\/li>\n<li data-start=\"793\" data-end=\"877\">\n<p data-start=\"795\" data-end=\"877\"><strong data-start=\"795\" data-end=\"819\">Plimbare panoramic\u0103 cu barca \ud83d\udea4:<\/strong> Bucura\u021bi-v\u0103 de c\u0103l\u0103toria spre Samadai cu vederi frumoase la Marea Ro\u0219ie.<\/p>\n<\/li>\n<li data-start=\"878\" data-end=\"981\">\n<p data-start=\"880\" data-end=\"981\"><strong data-start=\"880\" data-end=\"912\">Fotografie \u0219i relaxare \ud83d\udcf8:<\/strong> \u00cenregistra\u021bi momente de neuitat \u0219i relaxa\u021bi-v\u0103 pe teras\u0103 \u00een timpul pauzelor.<\/p>\n<\/li>\n<\/ul>\n<hr data-start=\"1354\" data-end=\"1357\" \/>\n<p data-start=\"1359\" data-end=\"1386\"><strong data-start=\"1359\" data-end=\"1384\">Sfaturi pentru c\u0103l\u0103torie \ud83d\udcdd:<\/strong><\/p>\n<ul data-start=\"1388\" data-end=\"1574\">\n<li data-start=\"1388\" data-end=\"1420\">\n<p data-start=\"1390\" data-end=\"1420\">Purta\u021bi protec\u021bie solar\u0103 \ud83e\uddf4 \u0219i o p\u0103l\u0103rie.<\/p>\n<\/li>\n<li data-start=\"1421\" data-end=\"1454\">\n<p data-start=\"1423\" data-end=\"1454\">Aduce\u021bi un aparat foto rezistent la ap\u0103 \ud83d\udcf7.<\/p>\n<\/li>\n<li data-start=\"1455\" data-end=\"1515\">\n<p data-start=\"1457\" data-end=\"1515\">Folosi\u021bi o crem\u0103 de protec\u021bie solar\u0103 sigur\u0103 pentru recif pentru a proteja ecosistemul marin.<\/p>\n<\/li>\n<li data-start=\"1516\" data-end=\"1574\">\n<p data-start=\"1518\" data-end=\"1574\">Urma\u021bi instruc\u021biunile ghidului pentru \u00eent\u00e2lniri \u00een siguran\u021b\u0103 cu delfinii.<\/p>\n<\/li>\n<\/ul>\n<p data-start=\"1518\" data-end=\"1574\">\ud83e\udd11 <strong data-start=\"44\" data-end=\"63\">Pre\u021buri activit\u0103\u021bi ( Snorkeling )<\/strong><br data-start=\"63\" data-end=\"66\" \/>\ud83d\udc68\ud83c\udffb\u200d\ud83e\uddb1 Adul\u021bi (12 ani \u0219i peste): <strong data-start=\"103\" data-end=\"110\">65 \u20ac<\/strong><br data-start=\"110\" data-end=\"113\" \/>\ud83e\uddcd\ud83c\udffb\u200d\u2640\ufe0f Copii (p\u00e2n\u0103 la 12 ani): <strong data-start=\"148\" data-end=\"155\">40 \u20ac<\/strong><br data-start=\"155\" data-end=\"158\" \/>\ud83d\udc7c\ud83c\udffc Copii (p\u00e2n\u0103 la 5 ani): <strong data-start=\"189\" data-end=\"197\">Gratuit<\/strong><\/p>\n<p data-start=\"1518\" data-end=\"1574\">\ud83e\udd11 <strong data-start=\"44\" data-end=\"63\">Pre\u021buri activit\u0103\u021bi ( Scufundare Intro )<\/strong><br data-start=\"63\" data-end=\"66\" \/>\ud83d\udc68\ud83c\udffb\u200d\ud83e\uddb1 Adul\u021bi : 8<strong data-start=\"103\" data-end=\"110\">5 \u20ac<\/strong><\/p>\n<p data-start=\"1518\" data-end=\"1574\">\ud83e\udd11 <strong data-start=\"44\" data-end=\"63\">Pre\u021buri activit\u0103\u021bi ( Scufund\u0103ri zilnice)<\/strong><br data-start=\"63\" data-end=\"66\" \/>\ud83d\udc68\ud83c\udffb\u200d\ud83e\uddb1 Adul\u021bi : <strong data-start=\"103\" data-end=\"110\">110 \u20ac<\/strong><\/p>\n<h3 data-start=\"2198\" data-end=\"2225\"><strong data-start=\"2205\" data-end=\"2223\">Plata \u00een USD ($ \ud83c\uddfa\ud83c\uddf8) \u00een loc de EUR (\u20ac \ud83c\uddea\ud83c\uddfa) este disponibil\u0103 \u00een func\u021bie de cursul bancar zilnic.<\/strong><\/h3>\n<ul data-start=\"1388\" data-end=\"1574\">\n<li data-start=\"1516\" data-end=\"1574\"><strong>Rezerv\u0103 prin WhatsApp:<\/strong><\/li>\n<li data-start=\"1516\" data-end=\"1574\"><a href=\"https:\/\/wa.me\/201021058859\" target=\"_blank\" rel=\"noopener\"><img decoding=\"async\" class=\"alignnone wp-image-2058\" src=\"https:\/\/poehalisnamiegypt.com\/wp-content\/uploads\/2024\/02\/pngwing.com_-300x300.png\" sizes=\"auto, (max-width: 35px) 100vw, 35px\" srcset=\"https:\/\/poehalisnamiegypt.com\/wp-content\/uploads\/2024\/02\/pngwing.com_-300x300.png 300w, https:\/\/poehalisnamiegypt.com\/wp-content\/uploads\/2024\/02\/pngwing.com_-150x150.png 150w, https:\/\/poehalisnamiegypt.com\/wp-content\/uploads\/2024\/02\/pngwing.com_.png 584w\" alt=\"\" width=\"53\" height=\"53\" \/><\/a><\/li>\n<\/ul>\n<div id=\"gtx-trans\" style=\"position: absolute; left: 147px; top: 1.2px;\">\n<div class=\"gtx-trans-icon\"><\/div>\n<\/div>","protected":false},"excerpt":{"rendered":"<p>\ud83d\udc2c\u2728 Samadai \u2013 Dolphin Reef \u2728\ud83d\udc2c Experience the incredible adventure of swimming with wild dolphins at Samadai, famously known as Dolphin Reef. \ud83c\udf0aThis protected marine area is home to pods of playful spinner dolphins \ud83d\udc2c and boasts vibrant coral reefs \ud83d\udc20, crystal-clear waters, and abundant marine life \ud83d\udc22. It\u2019s perfect for snorkelers seeking a once-in-a-lifetime [&hellip;]<\/p>\n","protected":false},"featured_media":10806,"comment_status":"open","ping_status":"closed","template":"","meta":[],"product_brand":[],"product_cat":[66],"product_tag":[],"class_list":{"0":"post-10802","1":"product","2":"type-product","3":"status-publish","4":"has-post-thumbnail","6":"product_cat-marsa-alam","8":"first","9":"instock","10":"shipping-taxable","11":"purchasable","12":"product-type-ovabrw_car_rental"},"yoast_head":"<!-- This site is optimized with the Yoast SEO plugin v27.5 - https:\/\/yoast.com\/product\/yoast-seo-wordpress\/ -->\n<title>Samadai Dolphin Reef: Snorkel &amp; Sea Adventure - Golden Horizont Egypt<\/title>\n<meta name=\"robots\" content=\"index, follow, max-snippet:-1, max-image-preview:large, max-video-preview:-1\" \/>\n<link rel=\"canonical\" href=\"https:\/\/goldenhorizontegypt.com\/ro\/produs\/samadai-dolphin-reef\/\" \/>\n<meta property=\"og:locale\" content=\"ro_RO\" \/>\n<meta property=\"og:type\" content=\"article\" \/>\n<meta property=\"og:title\" content=\"Samadai Dolphin Reef: Snorkel &amp; Sea Adventure - Golden Horizont Egypt\" \/>\n<meta property=\"og:description\" content=\"\ud83d\udc2c\u2728 Samadai \u2013 Dolphin Reef \u2728\ud83d\udc2c Experience the incredible adventure of swimming with wild dolphins at Samadai, famously known as Dolphin Reef. \ud83c\udf0aThis protected marine area is home to pods of playful spinner dolphins \ud83d\udc2c and boasts vibrant coral reefs \ud83d\udc20, crystal-clear waters, and abundant marine life \ud83d\udc22. It\u2019s perfect for snorkelers seeking a once-in-a-lifetime [&hellip;]\" \/>\n<meta property=\"og:url\" content=\"https:\/\/goldenhorizontegypt.com\/ro\/produs\/samadai-dolphin-reef\/\" \/>\n<meta property=\"og:site_name\" content=\"Golden Horizont Egypt\" \/>\n<meta property=\"article:modified_time\" content=\"2025-12-17T17:32:41+00:00\" \/>\n<meta property=\"og:image\" content=\"https:\/\/goldenhorizontegypt.com\/wp-content\/uploads\/2025\/09\/WhatsApp-Image-2025-08-26-at-00.37.57_8e983bf8.jpg\" \/>\n\t<meta property=\"og:image:width\" content=\"800\" \/>\n\t<meta property=\"og:image:height\" content=\"450\" \/>\n\t<meta property=\"og:image:type\" content=\"image\/jpeg\" \/>\n<meta name=\"twitter:card\" content=\"summary_large_image\" \/>\n<meta name=\"twitter:label1\" content=\"Timp estimat pentru citire\" \/>\n\t<meta name=\"twitter:data1\" content=\"1 minut\" \/>\n<script type=\"application\/ld+json\" class=\"yoast-schema-graph\">{\"@context\":\"https:\\\/\\\/schema.org\",\"@graph\":[{\"@type\":\"WebPage\",\"@id\":\"https:\\\/\\\/goldenhorizontegypt.com\\\/product\\\/samadai-dolphin-reef\\\/\",\"url\":\"https:\\\/\\\/goldenhorizontegypt.com\\\/product\\\/samadai-dolphin-reef\\\/\",\"name\":\"Samadai Dolphin Reef: Snorkel & Sea Adventure - Golden Horizont Egypt\",\"isPartOf\":{\"@id\":\"https:\\\/\\\/goldenhorizontegypt.com\\\/#website\"},\"primaryImageOfPage\":{\"@id\":\"https:\\\/\\\/goldenhorizontegypt.com\\\/product\\\/samadai-dolphin-reef\\\/#primaryimage\"},\"image\":{\"@id\":\"https:\\\/\\\/goldenhorizontegypt.com\\\/product\\\/samadai-dolphin-reef\\\/#primaryimage\"},\"thumbnailUrl\":\"https:\\\/\\\/goldenhorizontegypt.com\\\/wp-content\\\/uploads\\\/2025\\\/09\\\/WhatsApp-Image-2025-08-26-at-00.37.57_8e983bf8.jpg\",\"datePublished\":\"2025-09-13T18:01:37+00:00\",\"dateModified\":\"2025-12-17T17:32:41+00:00\",\"breadcrumb\":{\"@id\":\"https:\\\/\\\/goldenhorizontegypt.com\\\/product\\\/samadai-dolphin-reef\\\/#breadcrumb\"},\"inLanguage\":\"ro-RO\",\"potentialAction\":[{\"@type\":\"ReadAction\",\"target\":[\"https:\\\/\\\/goldenhorizontegypt.com\\\/product\\\/samadai-dolphin-reef\\\/\"]}]},{\"@type\":\"ImageObject\",\"inLanguage\":\"ro-RO\",\"@id\":\"https:\\\/\\\/goldenhorizontegypt.com\\\/product\\\/samadai-dolphin-reef\\\/#primaryimage\",\"url\":\"https:\\\/\\\/goldenhorizontegypt.com\\\/wp-content\\\/uploads\\\/2025\\\/09\\\/WhatsApp-Image-2025-08-26-at-00.37.57_8e983bf8.jpg\",\"contentUrl\":\"https:\\\/\\\/goldenhorizontegypt.com\\\/wp-content\\\/uploads\\\/2025\\\/09\\\/WhatsApp-Image-2025-08-26-at-00.37.57_8e983bf8.jpg\",\"width\":800,\"height\":450},{\"@type\":\"BreadcrumbList\",\"@id\":\"https:\\\/\\\/goldenhorizontegypt.com\\\/product\\\/samadai-dolphin-reef\\\/#breadcrumb\",\"itemListElement\":[{\"@type\":\"ListItem\",\"position\":1,\"name\":\"Home\",\"item\":\"https:\\\/\\\/goldenhorizontegypt.com\\\/\"},{\"@type\":\"ListItem\",\"position\":2,\"name\":\"Shop\",\"item\":\"https:\\\/\\\/goldenhorizontegypt.com\\\/shop\\\/\"},{\"@type\":\"ListItem\",\"position\":3,\"name\":\"Samadai Dolphin Reef: Snorkel &#038; Sea Adventure\"}]},{\"@type\":\"WebSite\",\"@id\":\"https:\\\/\\\/goldenhorizontegypt.com\\\/#website\",\"url\":\"https:\\\/\\\/goldenhorizontegypt.com\\\/\",\"name\":\"Golden Horizont Egypt\",\"description\":\"\",\"potentialAction\":[{\"@type\":\"SearchAction\",\"target\":{\"@type\":\"EntryPoint\",\"urlTemplate\":\"https:\\\/\\\/goldenhorizontegypt.com\\\/?s={search_term_string}\"},\"query-input\":{\"@type\":\"PropertyValueSpecification\",\"valueRequired\":true,\"valueName\":\"search_term_string\"}}],\"inLanguage\":\"ro-RO\"}]}<\/script>\n<!-- \/ Yoast SEO plugin. -->","yoast_head_json":{"title":"Samadai Dolphin Reef: Snorkel & Sea Adventure - Golden Horizont Egypt","robots":{"index":"index","follow":"follow","max-snippet":"max-snippet:-1","max-image-preview":"max-image-preview:large","max-video-preview":"max-video-preview:-1"},"canonical":"https:\/\/goldenhorizontegypt.com\/ro\/produs\/samadai-dolphin-reef\/","og_locale":"ro_RO","og_type":"article","og_title":"Samadai Dolphin Reef: Snorkel & Sea Adventure - Golden Horizont Egypt","og_description":"\ud83d\udc2c\u2728 Samadai \u2013 Dolphin Reef \u2728\ud83d\udc2c Experience the incredible adventure of swimming with wild dolphins at Samadai, famously known as Dolphin Reef. \ud83c\udf0aThis protected marine area is home to pods of playful spinner dolphins \ud83d\udc2c and boasts vibrant coral reefs \ud83d\udc20, crystal-clear waters, and abundant marine life \ud83d\udc22. It\u2019s perfect for snorkelers seeking a once-in-a-lifetime [&hellip;]","og_url":"https:\/\/goldenhorizontegypt.com\/ro\/produs\/samadai-dolphin-reef\/","og_site_name":"Golden Horizont Egypt","article_modified_time":"2025-12-17T17:32:41+00:00","og_image":[{"width":800,"height":450,"url":"https:\/\/goldenhorizontegypt.com\/wp-content\/uploads\/2025\/09\/WhatsApp-Image-2025-08-26-at-00.37.57_8e983bf8.jpg","type":"image\/jpeg"}],"twitter_card":"summary_large_image","twitter_misc":{"Timp estimat pentru citire":"1 minut"},"schema":{"@context":"https:\/\/schema.org","@graph":[{"@type":"WebPage","@id":"https:\/\/goldenhorizontegypt.com\/product\/samadai-dolphin-reef\/","url":"https:\/\/goldenhorizontegypt.com\/product\/samadai-dolphin-reef\/","name":"Samadai Dolphin Reef: Snorkel & Sea Adventure - Golden Horizont Egypt","isPartOf":{"@id":"https:\/\/goldenhorizontegypt.com\/#website"},"primaryImageOfPage":{"@id":"https:\/\/goldenhorizontegypt.com\/product\/samadai-dolphin-reef\/#primaryimage"},"image":{"@id":"https:\/\/goldenhorizontegypt.com\/product\/samadai-dolphin-reef\/#primaryimage"},"thumbnailUrl":"https:\/\/goldenhorizontegypt.com\/wp-content\/uploads\/2025\/09\/WhatsApp-Image-2025-08-26-at-00.37.57_8e983bf8.jpg","datePublished":"2025-09-13T18:01:37+00:00","dateModified":"2025-12-17T17:32:41+00:00","breadcrumb":{"@id":"https:\/\/goldenhorizontegypt.com\/product\/samadai-dolphin-reef\/#breadcrumb"},"inLanguage":"ro-RO","potentialAction":[{"@type":"ReadAction","target":["https:\/\/goldenhorizontegypt.com\/product\/samadai-dolphin-reef\/"]}]},{"@type":"ImageObject","inLanguage":"ro-RO","@id":"https:\/\/goldenhorizontegypt.com\/product\/samadai-dolphin-reef\/#primaryimage","url":"https:\/\/goldenhorizontegypt.com\/wp-content\/uploads\/2025\/09\/WhatsApp-Image-2025-08-26-at-00.37.57_8e983bf8.jpg","contentUrl":"https:\/\/goldenhorizontegypt.com\/wp-content\/uploads\/2025\/09\/WhatsApp-Image-2025-08-26-at-00.37.57_8e983bf8.jpg","width":800,"height":450},{"@type":"BreadcrumbList","@id":"https:\/\/goldenhorizontegypt.com\/product\/samadai-dolphin-reef\/#breadcrumb","itemListElement":[{"@type":"ListItem","position":1,"name":"Home","item":"https:\/\/goldenhorizontegypt.com\/"},{"@type":"ListItem","position":2,"name":"Shop","item":"https:\/\/goldenhorizontegypt.com\/shop\/"},{"@type":"ListItem","position":3,"name":"Samadai Dolphin Reef: Snorkel &#038; Sea Adventure"}]},{"@type":"WebSite","@id":"https:\/\/goldenhorizontegypt.com\/#website","url":"https:\/\/goldenhorizontegypt.com\/","name":"Orizont de Aur Egipt","description":"","potentialAction":[{"@type":"SearchAction","target":{"@type":"EntryPoint","urlTemplate":"https:\/\/goldenhorizontegypt.com\/?s={search_term_string}"},"query-input":{"@type":"PropertyValueSpecification","valueRequired":true,"valueName":"search_term_string"}}],"inLanguage":"ro-RO"}]}},"_links":{"self":[{"href":"https:\/\/goldenhorizontegypt.com\/ro\/wp-json\/wp\/v2\/product\/10802","targetHints":{"allow":["GET"]}}],"collection":[{"href":"https:\/\/goldenhorizontegypt.com\/ro\/wp-json\/wp\/v2\/product"}],"about":[{"href":"https:\/\/goldenhorizontegypt.com\/ro\/wp-json\/wp\/v2\/types\/product"}],"replies":[{"embeddable":true,"href":"https:\/\/goldenhorizontegypt.com\/ro\/wp-json\/wp\/v2\/comments?post=10802"}],"wp:featuredmedia":[{"embeddable":true,"href":"https:\/\/goldenhorizontegypt.com\/ro\/wp-json\/wp\/v2\/media\/10806"}],"wp:attachment":[{"href":"https:\/\/goldenhorizontegypt.com\/ro\/wp-json\/wp\/v2\/media?parent=10802"}],"wp:term":[{"taxonomy":"product_brand","embeddable":true,"href":"https:\/\/goldenhorizontegypt.com\/ro\/wp-json\/wp\/v2\/product_brand?post=10802"},{"taxonomy":"product_cat","embeddable":true,"href":"https:\/\/goldenhorizontegypt.com\/ro\/wp-json\/wp\/v2\/product_cat?post=10802"},{"taxonomy":"product_tag","embeddable":true,"href":"https:\/\/goldenhorizontegypt.com\/ro\/wp-json\/wp\/v2\/product_tag?post=10802"}],"curies":[{"name":"wp","href":"https:\/\/api.w.org\/{rel}","templated":true}]}}