{"id":10204,"date":"2025-09-09T09:48:34","date_gmt":"2025-09-09T09:48:34","guid":{"rendered":"https:\/\/goldenhorizontegypt.com\/?post_type=product&#038;p=10204"},"modified":"2026-02-12T14:52:31","modified_gmt":"2026-02-12T14:52:31","slug":"10204","status":"publish","type":"product","link":"https:\/\/goldenhorizontegypt.com\/ro\/produs\/10204\/","title":{"rendered":"Tur cu quadul la r\u0103s\u0103rit de soare: Plimbare prin de\u0219ert \u0219i priveli\u0219ti de aur"},"content":{"rendered":"<h3 data-start=\"98\" data-end=\"155\">\ud83c\udf05 Sunrise Quad Adventure - Hurghada Desert Awakened<\/h3>\n<p data-start=\"157\" data-end=\"430\">\u00cencepe\u021bi-v\u0103 ziua cu un <strong data-start=\"180\" data-end=\"214\">tur Quad de neuitat cu r\u0103s\u0103rit de soare<\/strong> \u0219i urm\u0103ri\u021bi <strong data-start=\"229\" data-end=\"261\">primele raze aurii ale soarelui<\/strong> lumineaz\u0103 mun\u021bii \u0219i st\u00e2ncile dramatice ale de\u0219ertului Hurghada. Aceast\u0103 escapad\u0103 matinal\u0103 ofer\u0103 combina\u021bia perfect\u0103 de <strong data-start=\"381\" data-end=\"427\">aventur\u0103, lini\u0219te \u0219i frumuse\u021be natural\u0103<\/strong>.<\/p>\n<h4 data-start=\"432\" data-end=\"463\">\ud83d\ude90 Transferuri f\u0103r\u0103 complica\u021bii<\/h4>\n<p data-start=\"464\" data-end=\"593\">\u00cencepe\u021bi-v\u0103 c\u0103l\u0103toria cu un <strong data-start=\"490\" data-end=\"532\">preluare \u0219i predare confortabil\u0103 de la hotel<\/strong>, asigur\u00e2nd un \u00eenceput lin \u0219i f\u0103r\u0103 griji al aventurii dumneavoastr\u0103.<\/p>\n<h4 data-start=\"595\" data-end=\"633\">\ud83c\udfcd\ufe0f Plimbare cu ATV prin de\u0219ert<\/h4>\n<p data-start=\"634\" data-end=\"739\">Fie c\u0103 sunte\u021bi un <strong data-start=\"651\" data-end=\"700\">c\u0103l\u0103re\u021b \u00eencep\u0103tor sau aventurier cu experien\u021b\u0103<\/strong>, acest tur este conceput pentru toat\u0103 lumea:<\/p>\n<ul data-start=\"740\" data-end=\"938\">\n<li data-start=\"740\" data-end=\"815\">\n<p data-start=\"742\" data-end=\"815\">\ud83e\uddd1\u200d\ud83c\udfeb Primi\u021bi un <strong data-start=\"758\" data-end=\"794\">informare \u0219i instruc\u021biuni de echita\u021bie<\/strong> de la ghizi exper\u021bi<\/p>\n<\/li>\n<li data-start=\"816\" data-end=\"856\">\n<p data-start=\"818\" data-end=\"856\">\ud83e\uddba Echipa\u021bi-v\u0103 cu <strong data-start=\"839\" data-end=\"854\">echipament de siguran\u021b\u0103<\/strong><\/p>\n<\/li>\n<li data-start=\"857\" data-end=\"938\">\n<p data-start=\"859\" data-end=\"938\">\ud83c\udf04 Urma\u021bi ghidul turistic pe un <strong data-start=\"891\" data-end=\"912\">plimbare \u00een stil safari<\/strong> peste nisipurile aurii<\/p>\n<\/li>\n<\/ul>\n<h4 data-start=\"940\" data-end=\"966\">\ud83c\udf1e Magia r\u0103s\u0103ritului de soare<\/h4>\n<p data-start=\"967\" data-end=\"1169\">Asista\u021bi la cum de\u0219ertul prinde via\u021b\u0103 pe m\u0103sur\u0103 ce <strong data-start=\"1004\" data-end=\"1054\">soarele r\u0103sare peste st\u00e2ncile \u0219i mun\u021bii accidenta\u021bi<\/strong>, cre\u00e2nd peisaje uluitoare \u00een aerul r\u0103coros \u0219i lini\u0219tit al dimine\u021bii - perfect pentru fotografie \u0219i reflec\u021bie \u00een lini\u0219te.<\/p>\n<h4 data-start=\"1171\" data-end=\"1208\">\ud83d\udd4a\ufe0f De ce s\u0103 alege\u021bi o excursie la r\u0103s\u0103rit de soare?<\/h4>\n<ul data-start=\"1209\" data-end=\"1385\">\n<li data-start=\"1209\" data-end=\"1284\">\n<p data-start=\"1211\" data-end=\"1284\">\u2744\ufe0f <strong data-start=\"1214\" data-end=\"1258\">Temperaturi mai sc\u0103zute \u0219i mai confortabile<\/strong> \u00eenainte ca ziua s\u0103 se \u00eenc\u0103lzeasc\u0103<\/p>\n<\/li>\n<li data-start=\"1285\" data-end=\"1328\">\n<p data-start=\"1287\" data-end=\"1328\">\ud83d\udeab Evita\u021bi <strong data-start=\"1300\" data-end=\"1326\">c\u0103ldura amiezii \u0219i aglomera\u021bia<\/strong><\/p>\n<\/li>\n<li data-start=\"1329\" data-end=\"1385\">\n<p data-start=\"1331\" data-end=\"1385\">\u26a1 Confirmare instantanee a rezerv\u0103rii pentru <strong data-start=\"1366\" data-end=\"1383\">pace sufleteasc\u0103<\/strong><\/p>\n<\/li>\n<\/ul>\n<p data-start=\"52\" data-end=\"200\">\ud83e\udd11 <strong data-start=\"55\" data-end=\"74\">Pre\u021b excursie<\/strong><br data-start=\"74\" data-end=\"77\" \/>\ud83d\ude4e\ud83c\udffb\u200d\u2642\ufe0f <strong data-start=\"85\" data-end=\"106\">16 ani \u0219i peste:<\/strong> \u20ac 35<\/p>\n<p data-start=\"52\" data-end=\"200\">\ud83e\uddcd\ud83c\udffb\u200d\u2640\ufe0f <strong data-start=\"121\" data-end=\"153\">6-15 ani (numai pasageri):<\/strong> \u20ac 20<br data-start=\"157\" data-end=\"160\" \/>\ud83d\udc7c\ud83c\udffc <strong data-start=\"165\" data-end=\"183\">Sub 6 ani:<\/strong> \ud83d\udeab Nu este permis<\/p>\n<h3 data-start=\"2198\" data-end=\"2225\"><strong data-start=\"2205\" data-end=\"2223\">Plata \u00een USD ($ \ud83c\uddfa\ud83c\uddf8) \u00een loc de EUR (\u20ac \ud83c\uddea\ud83c\uddfa) este disponibil\u0103 \u00een func\u021bie de cursul bancar zilnic.<\/strong><\/h3>\n<p><strong>Rezerv\u0103 prin WhatsApp:<\/strong><\/p>\n<p><a href=\"https:\/\/wa.me\/201021058859\" target=\"_blank\" rel=\"noopener\">\u00a0<img decoding=\"async\" class=\"alignnone wp-image-2058\" src=\"https:\/\/poehalisnamiegypt.com\/wp-content\/uploads\/2024\/02\/pngwing.com_-300x300.png\" sizes=\"auto, (max-width: 35px) 100vw, 35px\" srcset=\"https:\/\/poehalisnamiegypt.com\/wp-content\/uploads\/2024\/02\/pngwing.com_-300x300.png 300w, https:\/\/poehalisnamiegypt.com\/wp-content\/uploads\/2024\/02\/pngwing.com_-150x150.png 150w, https:\/\/poehalisnamiegypt.com\/wp-content\/uploads\/2024\/02\/pngwing.com_.png 584w\" alt=\"\" width=\"53\" height=\"53\" \/><\/a><\/p>\n<div id=\"gtx-trans\" style=\"position: absolute; left: 118px; top: 3.9125px;\">\n<div class=\"gtx-trans-icon\"><\/div>\n<\/div>","protected":false},"excerpt":{"rendered":"<p>\ud83c\udf05 Sunrise Quad Adventure \u2013 Hurghada Desert Awakened Start your day with an unforgettable sunrise Quad tour and watch the first golden rays of the sun illuminate the dramatic mountains and cliffs of Hurghada\u2019s desert. This early morning escape offers the perfect mix of adventure, tranquility, and natural beauty. \ud83d\ude90 Hassle-Free Transfers Begin your journey [&hellip;]<\/p>\n","protected":false},"featured_media":10205,"comment_status":"open","ping_status":"closed","template":"","meta":[],"product_brand":[],"product_cat":[67],"product_tag":[],"class_list":{"0":"post-10204","1":"product","2":"type-product","3":"status-publish","4":"has-post-thumbnail","6":"product_cat-safari","8":"first","9":"instock","10":"shipping-taxable","11":"purchasable","12":"product-type-ovabrw_car_rental"},"yoast_head":"<!-- This site is optimized with the Yoast SEO plugin v27.5 - https:\/\/yoast.com\/product\/yoast-seo-wordpress\/ -->\n<title>Sunrise Quad Tour: Desert Ride &amp; Golden Views - Golden Horizont Egypt<\/title>\n<meta name=\"robots\" content=\"index, follow, max-snippet:-1, max-image-preview:large, max-video-preview:-1\" \/>\n<link rel=\"canonical\" href=\"https:\/\/goldenhorizontegypt.com\/ro\/produs\/10204\/\" \/>\n<meta property=\"og:locale\" content=\"ro_RO\" \/>\n<meta property=\"og:type\" content=\"article\" \/>\n<meta property=\"og:title\" content=\"Sunrise Quad Tour: Desert Ride &amp; Golden Views - Golden Horizont Egypt\" \/>\n<meta property=\"og:description\" content=\"\ud83c\udf05 Sunrise Quad Adventure \u2013 Hurghada Desert Awakened Start your day with an unforgettable sunrise Quad tour and watch the first golden rays of the sun illuminate the dramatic mountains and cliffs of Hurghada\u2019s desert. This early morning escape offers the perfect mix of adventure, tranquility, and natural beauty. \ud83d\ude90 Hassle-Free Transfers Begin your journey [&hellip;]\" \/>\n<meta property=\"og:url\" content=\"https:\/\/goldenhorizontegypt.com\/ro\/produs\/10204\/\" \/>\n<meta property=\"og:site_name\" content=\"Golden Horizont Egypt\" \/>\n<meta property=\"article:modified_time\" content=\"2026-02-12T14:52:31+00:00\" \/>\n<meta property=\"og:image\" content=\"https:\/\/goldenhorizontegypt.com\/wp-content\/uploads\/2025\/09\/671e6c7ed87de.jpg\" \/>\n\t<meta property=\"og:image:width\" content=\"798\" \/>\n\t<meta property=\"og:image:height\" content=\"531\" \/>\n\t<meta property=\"og:image:type\" content=\"image\/jpeg\" \/>\n<meta name=\"twitter:card\" content=\"summary_large_image\" \/>\n<meta name=\"twitter:label1\" content=\"Timp estimat pentru citire\" \/>\n\t<meta name=\"twitter:data1\" content=\"1 minut\" \/>\n<script type=\"application\/ld+json\" class=\"yoast-schema-graph\">{\"@context\":\"https:\\\/\\\/schema.org\",\"@graph\":[{\"@type\":\"WebPage\",\"@id\":\"https:\\\/\\\/goldenhorizontegypt.com\\\/product\\\/10204\\\/\",\"url\":\"https:\\\/\\\/goldenhorizontegypt.com\\\/product\\\/10204\\\/\",\"name\":\"Sunrise Quad Tour: Desert Ride & Golden Views - Golden Horizont Egypt\",\"isPartOf\":{\"@id\":\"https:\\\/\\\/goldenhorizontegypt.com\\\/#website\"},\"primaryImageOfPage\":{\"@id\":\"https:\\\/\\\/goldenhorizontegypt.com\\\/product\\\/10204\\\/#primaryimage\"},\"image\":{\"@id\":\"https:\\\/\\\/goldenhorizontegypt.com\\\/product\\\/10204\\\/#primaryimage\"},\"thumbnailUrl\":\"https:\\\/\\\/goldenhorizontegypt.com\\\/wp-content\\\/uploads\\\/2025\\\/09\\\/671e6c7ed87de.jpg\",\"datePublished\":\"2025-09-09T09:48:34+00:00\",\"dateModified\":\"2026-02-12T14:52:31+00:00\",\"breadcrumb\":{\"@id\":\"https:\\\/\\\/goldenhorizontegypt.com\\\/product\\\/10204\\\/#breadcrumb\"},\"inLanguage\":\"ro-RO\",\"potentialAction\":[{\"@type\":\"ReadAction\",\"target\":[\"https:\\\/\\\/goldenhorizontegypt.com\\\/product\\\/10204\\\/\"]}]},{\"@type\":\"ImageObject\",\"inLanguage\":\"ro-RO\",\"@id\":\"https:\\\/\\\/goldenhorizontegypt.com\\\/product\\\/10204\\\/#primaryimage\",\"url\":\"https:\\\/\\\/goldenhorizontegypt.com\\\/wp-content\\\/uploads\\\/2025\\\/09\\\/671e6c7ed87de.jpg\",\"contentUrl\":\"https:\\\/\\\/goldenhorizontegypt.com\\\/wp-content\\\/uploads\\\/2025\\\/09\\\/671e6c7ed87de.jpg\",\"width\":798,\"height\":531},{\"@type\":\"BreadcrumbList\",\"@id\":\"https:\\\/\\\/goldenhorizontegypt.com\\\/product\\\/10204\\\/#breadcrumb\",\"itemListElement\":[{\"@type\":\"ListItem\",\"position\":1,\"name\":\"Home\",\"item\":\"https:\\\/\\\/goldenhorizontegypt.com\\\/\"},{\"@type\":\"ListItem\",\"position\":2,\"name\":\"Shop\",\"item\":\"https:\\\/\\\/goldenhorizontegypt.com\\\/shop\\\/\"},{\"@type\":\"ListItem\",\"position\":3,\"name\":\"Sunrise Quad Tour: Desert Ride &#038; Golden Views\"}]},{\"@type\":\"WebSite\",\"@id\":\"https:\\\/\\\/goldenhorizontegypt.com\\\/#website\",\"url\":\"https:\\\/\\\/goldenhorizontegypt.com\\\/\",\"name\":\"Golden Horizont Egypt\",\"description\":\"\",\"potentialAction\":[{\"@type\":\"SearchAction\",\"target\":{\"@type\":\"EntryPoint\",\"urlTemplate\":\"https:\\\/\\\/goldenhorizontegypt.com\\\/?s={search_term_string}\"},\"query-input\":{\"@type\":\"PropertyValueSpecification\",\"valueRequired\":true,\"valueName\":\"search_term_string\"}}],\"inLanguage\":\"ro-RO\"}]}<\/script>\n<!-- \/ Yoast SEO plugin. -->","yoast_head_json":{"title":"Sunrise Quad Tour: Desert Ride & Golden Views - Golden Horizont Egypt","robots":{"index":"index","follow":"follow","max-snippet":"max-snippet:-1","max-image-preview":"max-image-preview:large","max-video-preview":"max-video-preview:-1"},"canonical":"https:\/\/goldenhorizontegypt.com\/ro\/produs\/10204\/","og_locale":"ro_RO","og_type":"article","og_title":"Sunrise Quad Tour: Desert Ride & Golden Views - Golden Horizont Egypt","og_description":"\ud83c\udf05 Sunrise Quad Adventure \u2013 Hurghada Desert Awakened Start your day with an unforgettable sunrise Quad tour and watch the first golden rays of the sun illuminate the dramatic mountains and cliffs of Hurghada\u2019s desert. This early morning escape offers the perfect mix of adventure, tranquility, and natural beauty. \ud83d\ude90 Hassle-Free Transfers Begin your journey [&hellip;]","og_url":"https:\/\/goldenhorizontegypt.com\/ro\/produs\/10204\/","og_site_name":"Golden Horizont Egypt","article_modified_time":"2026-02-12T14:52:31+00:00","og_image":[{"width":798,"height":531,"url":"https:\/\/goldenhorizontegypt.com\/wp-content\/uploads\/2025\/09\/671e6c7ed87de.jpg","type":"image\/jpeg"}],"twitter_card":"summary_large_image","twitter_misc":{"Timp estimat pentru citire":"1 minut"},"schema":{"@context":"https:\/\/schema.org","@graph":[{"@type":"WebPage","@id":"https:\/\/goldenhorizontegypt.com\/product\/10204\/","url":"https:\/\/goldenhorizontegypt.com\/product\/10204\/","name":"Sunrise Quad Tour: Desert Ride & Golden Views - Golden Horizont Egypt","isPartOf":{"@id":"https:\/\/goldenhorizontegypt.com\/#website"},"primaryImageOfPage":{"@id":"https:\/\/goldenhorizontegypt.com\/product\/10204\/#primaryimage"},"image":{"@id":"https:\/\/goldenhorizontegypt.com\/product\/10204\/#primaryimage"},"thumbnailUrl":"https:\/\/goldenhorizontegypt.com\/wp-content\/uploads\/2025\/09\/671e6c7ed87de.jpg","datePublished":"2025-09-09T09:48:34+00:00","dateModified":"2026-02-12T14:52:31+00:00","breadcrumb":{"@id":"https:\/\/goldenhorizontegypt.com\/product\/10204\/#breadcrumb"},"inLanguage":"ro-RO","potentialAction":[{"@type":"ReadAction","target":["https:\/\/goldenhorizontegypt.com\/product\/10204\/"]}]},{"@type":"ImageObject","inLanguage":"ro-RO","@id":"https:\/\/goldenhorizontegypt.com\/product\/10204\/#primaryimage","url":"https:\/\/goldenhorizontegypt.com\/wp-content\/uploads\/2025\/09\/671e6c7ed87de.jpg","contentUrl":"https:\/\/goldenhorizontegypt.com\/wp-content\/uploads\/2025\/09\/671e6c7ed87de.jpg","width":798,"height":531},{"@type":"BreadcrumbList","@id":"https:\/\/goldenhorizontegypt.com\/product\/10204\/#breadcrumb","itemListElement":[{"@type":"ListItem","position":1,"name":"Home","item":"https:\/\/goldenhorizontegypt.com\/"},{"@type":"ListItem","position":2,"name":"Shop","item":"https:\/\/goldenhorizontegypt.com\/shop\/"},{"@type":"ListItem","position":3,"name":"Sunrise Quad Tour: Desert Ride &#038; Golden Views"}]},{"@type":"WebSite","@id":"https:\/\/goldenhorizontegypt.com\/#website","url":"https:\/\/goldenhorizontegypt.com\/","name":"Orizont de Aur Egipt","description":"","potentialAction":[{"@type":"SearchAction","target":{"@type":"EntryPoint","urlTemplate":"https:\/\/goldenhorizontegypt.com\/?s={search_term_string}"},"query-input":{"@type":"PropertyValueSpecification","valueRequired":true,"valueName":"search_term_string"}}],"inLanguage":"ro-RO"}]}},"_links":{"self":[{"href":"https:\/\/goldenhorizontegypt.com\/ro\/wp-json\/wp\/v2\/product\/10204","targetHints":{"allow":["GET"]}}],"collection":[{"href":"https:\/\/goldenhorizontegypt.com\/ro\/wp-json\/wp\/v2\/product"}],"about":[{"href":"https:\/\/goldenhorizontegypt.com\/ro\/wp-json\/wp\/v2\/types\/product"}],"replies":[{"embeddable":true,"href":"https:\/\/goldenhorizontegypt.com\/ro\/wp-json\/wp\/v2\/comments?post=10204"}],"wp:featuredmedia":[{"embeddable":true,"href":"https:\/\/goldenhorizontegypt.com\/ro\/wp-json\/wp\/v2\/media\/10205"}],"wp:attachment":[{"href":"https:\/\/goldenhorizontegypt.com\/ro\/wp-json\/wp\/v2\/media?parent=10204"}],"wp:term":[{"taxonomy":"product_brand","embeddable":true,"href":"https:\/\/goldenhorizontegypt.com\/ro\/wp-json\/wp\/v2\/product_brand?post=10204"},{"taxonomy":"product_cat","embeddable":true,"href":"https:\/\/goldenhorizontegypt.com\/ro\/wp-json\/wp\/v2\/product_cat?post=10204"},{"taxonomy":"product_tag","embeddable":true,"href":"https:\/\/goldenhorizontegypt.com\/ro\/wp-json\/wp\/v2\/product_tag?post=10204"}],"curies":[{"name":"wp","href":"https:\/\/api.w.org\/{rel}","templated":true}]}}