{"id":10196,"date":"2025-09-09T09:40:41","date_gmt":"2025-09-09T09:40:41","guid":{"rendered":"https:\/\/goldenhorizontegypt.com\/?post_type=product&#038;p=10196"},"modified":"2025-11-28T14:33:50","modified_gmt":"2025-11-28T14:33:50","slug":"desert-sky-trip","status":"publish","type":"product","link":"https:\/\/goldenhorizontegypt.com\/ro\/produs\/desert-sky-trip\/","title":{"rendered":"De\u0219ert \u0219i cer: apus de soare, stele \u0219i noapte beduin\u0103"},"content":{"rendered":"<h3 data-start=\"117\" data-end=\"183\">\ud83c\udf0c Desert &amp; Sky Adventure - Magia nisipurilor \u0219i a stelelor<\/h3>\n<p data-start=\"185\" data-end=\"470\">Intra\u021bi \u00eentr-o lume a minunilor cu <strong data-start=\"222\" data-end=\"243\">Excursie \u00een de\u0219ert \u0219i cer<\/strong>, o c\u0103l\u0103torie care combin\u0103 frumuse\u021bea brut\u0103 a de\u0219ertului cu farmecul hipnotizant al cerului nocturn. Aceast\u0103 experien\u021b\u0103 de neuitat este perfect\u0103 pentru cei care caut\u0103 <strong data-start=\"403\" data-end=\"451\">aventur\u0103, lini\u0219te \u0219i un strop de magie<\/strong> sub stele.<\/p>\n<h4 data-start=\"472\" data-end=\"509\">\ud83d\ude90 Ridicare u\u0219oar\u0103 \u0219i primire c\u0103lduroas\u0103<\/h4>\n<p data-start=\"510\" data-end=\"609\">C\u0103l\u0103toria ta \u00eencepe cu un <strong data-start=\"537\" data-end=\"567\">transfer confortabil la hotel<\/strong>, care v\u0103 poart\u0103 ad\u00e2nc \u00een nisipurile aurii.<\/p>\n<ul data-start=\"610\" data-end=\"703\">\n<li data-start=\"610\" data-end=\"662\">\n<p data-start=\"612\" data-end=\"662\">\ud83e\uddd1\u200d\ud83e\udd1d\u200d\ud83e\uddd1 \u00cent\u00e2mpinat de ghizi prieteno\u0219i la sosire<\/p>\n<\/li>\n<li data-start=\"663\" data-end=\"703\">\n<p data-start=\"665\" data-end=\"703\">\ud83e\udd64 A oferit b\u0103uturi r\u0103coritoare de bun venit<\/p>\n<\/li>\n<\/ul>\n<h4 data-start=\"705\" data-end=\"732\">\ud83c\udfdc\ufe0f Descoperirea de\u0219ertului<\/h4>\n<p data-start=\"733\" data-end=\"811\">Explora\u021bi peisajul fermec\u0103tor al de\u0219ertului cu o serie de activit\u0103\u021bi interesante:<\/p>\n<ul data-start=\"812\" data-end=\"984\">\n<li data-start=\"812\" data-end=\"868\">\n<p data-start=\"814\" data-end=\"868\">\ud83c\udfcd\ufe0f Op\u021bional <strong data-start=\"827\" data-end=\"849\">plimbare cu quad-ul sau buggy-ul<\/strong> peste dune<\/p>\n<\/li>\n<li data-start=\"869\" data-end=\"921\">\n<p data-start=\"871\" data-end=\"921\">\ud83d\udc2a Gentle <strong data-start=\"881\" data-end=\"895\">plimbare cu c\u0103mila<\/strong> pentru o not\u0103 tradi\u021bional\u0103<\/p>\n<\/li>\n<li data-start=\"922\" data-end=\"984\">\n<p data-start=\"924\" data-end=\"984\">\ud83c\udfde\ufe0f Pauz\u0103 pentru luarea respira\u021biei <strong data-start=\"951\" data-end=\"982\">priveli\u0219ti la apus peste dune<\/strong><\/p>\n<\/li>\n<\/ul>\n<h4 data-start=\"986\" data-end=\"1020\">\ud83c\udf0c Observarea stelelor \u0219i minunile cerului<\/h4>\n<p data-start=\"1021\" data-end=\"1087\">Pe m\u0103sur\u0103 ce se las\u0103 \u00eentunericul, de\u0219ertul \u00ee\u0219i dezv\u0103luie <strong data-start=\"1063\" data-end=\"1084\">partea cea mai magic\u0103<\/strong>:<\/p>\n<ul data-start=\"1088\" data-end=\"1274\">\n<li data-start=\"1088\" data-end=\"1141\">\n<p data-start=\"1090\" data-end=\"1141\">\ud83d\udd2d Utiliza\u021bi telescoape profesionale pentru <strong data-start=\"1125\" data-end=\"1139\">observarea stelelor<\/strong><\/p>\n<\/li>\n<li data-start=\"1142\" data-end=\"1216\">\n<p data-start=\"1144\" data-end=\"1216\">\ud83c\udf20 Afla\u021bi despre <strong data-start=\"1159\" data-end=\"1214\">constela\u021bii, planete \u0219i mituri ale cerului nocturn<\/strong><\/p>\n<\/li>\n<li data-start=\"1217\" data-end=\"1274\">\n<p data-start=\"1219\" data-end=\"1274\">\u2728 Experimenteaz\u0103 lini\u0219tea pa\u0219nic\u0103 a nop\u021bii din de\u0219ert<\/p>\n<\/li>\n<\/ul>\n<h4 data-start=\"1276\" data-end=\"1309\">\ud83c\udf7d\ufe0f Cin\u0103 \u0219i divertisment<\/h4>\n<p data-start=\"1310\" data-end=\"1373\">Savura\u021bi un delicios <strong data-start=\"1328\" data-end=\"1352\">Cin\u0103 \u00een stil beduin<\/strong> sub stele:<\/p>\n<ul data-start=\"1374\" data-end=\"1466\">\n<li data-start=\"1374\" data-end=\"1420\">\n<p data-start=\"1376\" data-end=\"1420\">\ud83c\udf62 M\u00e2nc\u0103ruri pentru gr\u0103tar \u0219i arome tradi\u021bionale<\/p>\n<\/li>\n<li data-start=\"1421\" data-end=\"1466\">\n<p data-start=\"1423\" data-end=\"1466\">\ud83c\udfb6 Spectacole de muzic\u0103 oriental\u0103 \u0219i dans folcloric<\/p>\n<\/li>\n<\/ul>\n<h4 data-start=\"1468\" data-end=\"1492\">\ud83c\udfc1 Retur relaxat<\/h4>\n<p data-start=\"1493\" data-end=\"1624\">\u00cencheia\u021bi-v\u0103 seara cu un <strong data-start=\"1517\" data-end=\"1556\">c\u0103l\u0103torie confortabil\u0103 \u00eenapoi la hotel<\/strong>, purt\u00e2nd amintiri ale <strong data-start=\"1583\" data-end=\"1621\">de\u0219ert pe timp de zi \u0219i cer pe timp de noapte<\/strong>.<\/p>\n<p data-start=\"52\" data-end=\"200\">\ud83e\udd11 <strong data-start=\"55\" data-end=\"74\">Pre\u021b excursie<\/strong><br data-start=\"74\" data-end=\"77\" \/>\ud83d\ude4e\ud83c\udffb\u200d\u2642\ufe0f <strong data-start=\"85\" data-end=\"106\">16 ani \u0219i peste:<\/strong> \u20ac 45<br data-start=\"110\" data-end=\"113\" \/>\ud83e\uddcd\ud83c\udffb\u200d\u2640\ufe0f <strong data-start=\"121\" data-end=\"153\">6-15 ani (numai pasageri):<\/strong> \u20ac 40<br data-start=\"157\" data-end=\"160\" \/>\ud83d\udc7c\ud83c\udffc <strong data-start=\"165\" data-end=\"183\">Sub 6 ani:<\/strong> \ud83d\udeab Nu este permis<\/p>\n<h3 data-start=\"2198\" data-end=\"2225\"><strong data-start=\"2205\" data-end=\"2223\">Plata \u00een USD ($ \ud83c\uddfa\ud83c\uddf8) \u00een loc de EUR (\u20ac \ud83c\uddea\ud83c\uddfa) este disponibil\u0103 \u00een func\u021bie de cursul bancar zilnic.<\/strong><\/h3>\n<p><strong>Rezerv\u0103 prin WhatsApp:<\/strong><\/p>\n<p><a href=\"https:\/\/wa.me\/201021058859\" target=\"_blank\" rel=\"noopener\">\u00a0<img decoding=\"async\" class=\"alignnone wp-image-2058\" src=\"https:\/\/poehalisnamiegypt.com\/wp-content\/uploads\/2024\/02\/pngwing.com_-300x300.png\" sizes=\"auto, (max-width: 35px) 100vw, 35px\" srcset=\"https:\/\/poehalisnamiegypt.com\/wp-content\/uploads\/2024\/02\/pngwing.com_-300x300.png 300w, https:\/\/poehalisnamiegypt.com\/wp-content\/uploads\/2024\/02\/pngwing.com_-150x150.png 150w, https:\/\/poehalisnamiegypt.com\/wp-content\/uploads\/2024\/02\/pngwing.com_.png 584w\" alt=\"\" width=\"53\" height=\"53\" \/><\/a><\/p>\n<div id=\"gtx-trans\" style=\"position: absolute; left: 123px; top: 3.9125px;\">\n<div class=\"gtx-trans-icon\"><\/div>\n<\/div>\n<div id=\"gtx-trans\" style=\"position: absolute; left: 123px; top: 3.9125px;\">\n<div class=\"gtx-trans-icon\"><\/div>\n<\/div>","protected":false},"excerpt":{"rendered":"<p>\ud83c\udf0c Desert &amp; Sky Adventure \u2013 Magic of the Sands and the Stars Step into a world of wonder with our Desert &amp; Sky Trip, a journey that combines the raw beauty of the desert with the mesmerizing charm of the night sky. This unforgettable experience is perfect for those who seek adventure, tranquility, and [&hellip;]<\/p>\n","protected":false},"featured_media":10201,"comment_status":"open","ping_status":"closed","template":"","meta":[],"product_brand":[],"product_cat":[67],"product_tag":[],"class_list":{"0":"post-10196","1":"product","2":"type-product","3":"status-publish","4":"has-post-thumbnail","6":"product_cat-safari","8":"first","9":"instock","10":"shipping-taxable","11":"purchasable","12":"product-type-ovabrw_car_rental"},"yoast_head":"<!-- This site is optimized with the Yoast SEO plugin v27.5 - https:\/\/yoast.com\/product\/yoast-seo-wordpress\/ -->\n<title>Desert &amp; Sky: Sunset, Stars &amp; Bedouin Night - Golden Horizont Egypt<\/title>\n<meta name=\"robots\" content=\"index, follow, max-snippet:-1, max-image-preview:large, max-video-preview:-1\" \/>\n<link rel=\"canonical\" href=\"https:\/\/goldenhorizontegypt.com\/ro\/produs\/desert-sky-trip\/\" \/>\n<meta property=\"og:locale\" content=\"ro_RO\" \/>\n<meta property=\"og:type\" content=\"article\" \/>\n<meta property=\"og:title\" content=\"Desert &amp; Sky: Sunset, Stars &amp; Bedouin Night - Golden Horizont Egypt\" \/>\n<meta property=\"og:description\" content=\"\ud83c\udf0c Desert &amp; Sky Adventure \u2013 Magic of the Sands and the Stars Step into a world of wonder with our Desert &amp; Sky Trip, a journey that combines the raw beauty of the desert with the mesmerizing charm of the night sky. This unforgettable experience is perfect for those who seek adventure, tranquility, and [&hellip;]\" \/>\n<meta property=\"og:url\" content=\"https:\/\/goldenhorizontegypt.com\/ro\/produs\/desert-sky-trip\/\" \/>\n<meta property=\"og:site_name\" content=\"Golden Horizont Egypt\" \/>\n<meta property=\"article:modified_time\" content=\"2025-11-28T14:33:50+00:00\" \/>\n<meta property=\"og:image\" content=\"https:\/\/goldenhorizontegypt.com\/wp-content\/uploads\/2025\/09\/stargazing-in-the-dubai-desert-01.webp\" \/>\n\t<meta property=\"og:image:width\" content=\"750\" \/>\n\t<meta property=\"og:image:height\" content=\"300\" \/>\n\t<meta property=\"og:image:type\" content=\"image\/webp\" \/>\n<meta name=\"twitter:card\" content=\"summary_large_image\" \/>\n<meta name=\"twitter:label1\" content=\"Timp estimat pentru citire\" \/>\n\t<meta name=\"twitter:data1\" content=\"1 minut\" \/>\n<script type=\"application\/ld+json\" class=\"yoast-schema-graph\">{\"@context\":\"https:\\\/\\\/schema.org\",\"@graph\":[{\"@type\":\"WebPage\",\"@id\":\"https:\\\/\\\/goldenhorizontegypt.com\\\/product\\\/desert-sky-trip\\\/\",\"url\":\"https:\\\/\\\/goldenhorizontegypt.com\\\/product\\\/desert-sky-trip\\\/\",\"name\":\"Desert & Sky: Sunset, Stars & Bedouin Night - Golden Horizont Egypt\",\"isPartOf\":{\"@id\":\"https:\\\/\\\/goldenhorizontegypt.com\\\/#website\"},\"primaryImageOfPage\":{\"@id\":\"https:\\\/\\\/goldenhorizontegypt.com\\\/product\\\/desert-sky-trip\\\/#primaryimage\"},\"image\":{\"@id\":\"https:\\\/\\\/goldenhorizontegypt.com\\\/product\\\/desert-sky-trip\\\/#primaryimage\"},\"thumbnailUrl\":\"https:\\\/\\\/goldenhorizontegypt.com\\\/wp-content\\\/uploads\\\/2025\\\/09\\\/stargazing-in-the-dubai-desert-01.webp\",\"datePublished\":\"2025-09-09T09:40:41+00:00\",\"dateModified\":\"2025-11-28T14:33:50+00:00\",\"breadcrumb\":{\"@id\":\"https:\\\/\\\/goldenhorizontegypt.com\\\/product\\\/desert-sky-trip\\\/#breadcrumb\"},\"inLanguage\":\"ro-RO\",\"potentialAction\":[{\"@type\":\"ReadAction\",\"target\":[\"https:\\\/\\\/goldenhorizontegypt.com\\\/product\\\/desert-sky-trip\\\/\"]}]},{\"@type\":\"ImageObject\",\"inLanguage\":\"ro-RO\",\"@id\":\"https:\\\/\\\/goldenhorizontegypt.com\\\/product\\\/desert-sky-trip\\\/#primaryimage\",\"url\":\"https:\\\/\\\/goldenhorizontegypt.com\\\/wp-content\\\/uploads\\\/2025\\\/09\\\/stargazing-in-the-dubai-desert-01.webp\",\"contentUrl\":\"https:\\\/\\\/goldenhorizontegypt.com\\\/wp-content\\\/uploads\\\/2025\\\/09\\\/stargazing-in-the-dubai-desert-01.webp\",\"width\":750,\"height\":300},{\"@type\":\"BreadcrumbList\",\"@id\":\"https:\\\/\\\/goldenhorizontegypt.com\\\/product\\\/desert-sky-trip\\\/#breadcrumb\",\"itemListElement\":[{\"@type\":\"ListItem\",\"position\":1,\"name\":\"Home\",\"item\":\"https:\\\/\\\/goldenhorizontegypt.com\\\/\"},{\"@type\":\"ListItem\",\"position\":2,\"name\":\"Shop\",\"item\":\"https:\\\/\\\/goldenhorizontegypt.com\\\/shop\\\/\"},{\"@type\":\"ListItem\",\"position\":3,\"name\":\"Desert &#038; Sky: Sunset, Stars &#038; Bedouin Night\"}]},{\"@type\":\"WebSite\",\"@id\":\"https:\\\/\\\/goldenhorizontegypt.com\\\/#website\",\"url\":\"https:\\\/\\\/goldenhorizontegypt.com\\\/\",\"name\":\"Golden Horizont Egypt\",\"description\":\"\",\"potentialAction\":[{\"@type\":\"SearchAction\",\"target\":{\"@type\":\"EntryPoint\",\"urlTemplate\":\"https:\\\/\\\/goldenhorizontegypt.com\\\/?s={search_term_string}\"},\"query-input\":{\"@type\":\"PropertyValueSpecification\",\"valueRequired\":true,\"valueName\":\"search_term_string\"}}],\"inLanguage\":\"ro-RO\"}]}<\/script>\n<!-- \/ Yoast SEO plugin. -->","yoast_head_json":{"title":"Desert & Sky: Sunset, Stars & Bedouin Night - Golden Horizont Egypt","robots":{"index":"index","follow":"follow","max-snippet":"max-snippet:-1","max-image-preview":"max-image-preview:large","max-video-preview":"max-video-preview:-1"},"canonical":"https:\/\/goldenhorizontegypt.com\/ro\/produs\/desert-sky-trip\/","og_locale":"ro_RO","og_type":"article","og_title":"Desert & Sky: Sunset, Stars & Bedouin Night - Golden Horizont Egypt","og_description":"\ud83c\udf0c Desert &amp; Sky Adventure \u2013 Magic of the Sands and the Stars Step into a world of wonder with our Desert &amp; Sky Trip, a journey that combines the raw beauty of the desert with the mesmerizing charm of the night sky. This unforgettable experience is perfect for those who seek adventure, tranquility, and [&hellip;]","og_url":"https:\/\/goldenhorizontegypt.com\/ro\/produs\/desert-sky-trip\/","og_site_name":"Golden Horizont Egypt","article_modified_time":"2025-11-28T14:33:50+00:00","og_image":[{"width":750,"height":300,"url":"https:\/\/goldenhorizontegypt.com\/wp-content\/uploads\/2025\/09\/stargazing-in-the-dubai-desert-01.webp","type":"image\/webp"}],"twitter_card":"summary_large_image","twitter_misc":{"Timp estimat pentru citire":"1 minut"},"schema":{"@context":"https:\/\/schema.org","@graph":[{"@type":"WebPage","@id":"https:\/\/goldenhorizontegypt.com\/product\/desert-sky-trip\/","url":"https:\/\/goldenhorizontegypt.com\/product\/desert-sky-trip\/","name":"Desert & Sky: Sunset, Stars & Bedouin Night - Golden Horizont Egypt","isPartOf":{"@id":"https:\/\/goldenhorizontegypt.com\/#website"},"primaryImageOfPage":{"@id":"https:\/\/goldenhorizontegypt.com\/product\/desert-sky-trip\/#primaryimage"},"image":{"@id":"https:\/\/goldenhorizontegypt.com\/product\/desert-sky-trip\/#primaryimage"},"thumbnailUrl":"https:\/\/goldenhorizontegypt.com\/wp-content\/uploads\/2025\/09\/stargazing-in-the-dubai-desert-01.webp","datePublished":"2025-09-09T09:40:41+00:00","dateModified":"2025-11-28T14:33:50+00:00","breadcrumb":{"@id":"https:\/\/goldenhorizontegypt.com\/product\/desert-sky-trip\/#breadcrumb"},"inLanguage":"ro-RO","potentialAction":[{"@type":"ReadAction","target":["https:\/\/goldenhorizontegypt.com\/product\/desert-sky-trip\/"]}]},{"@type":"ImageObject","inLanguage":"ro-RO","@id":"https:\/\/goldenhorizontegypt.com\/product\/desert-sky-trip\/#primaryimage","url":"https:\/\/goldenhorizontegypt.com\/wp-content\/uploads\/2025\/09\/stargazing-in-the-dubai-desert-01.webp","contentUrl":"https:\/\/goldenhorizontegypt.com\/wp-content\/uploads\/2025\/09\/stargazing-in-the-dubai-desert-01.webp","width":750,"height":300},{"@type":"BreadcrumbList","@id":"https:\/\/goldenhorizontegypt.com\/product\/desert-sky-trip\/#breadcrumb","itemListElement":[{"@type":"ListItem","position":1,"name":"Home","item":"https:\/\/goldenhorizontegypt.com\/"},{"@type":"ListItem","position":2,"name":"Shop","item":"https:\/\/goldenhorizontegypt.com\/shop\/"},{"@type":"ListItem","position":3,"name":"Desert &#038; Sky: Sunset, Stars &#038; Bedouin Night"}]},{"@type":"WebSite","@id":"https:\/\/goldenhorizontegypt.com\/#website","url":"https:\/\/goldenhorizontegypt.com\/","name":"Orizont de Aur Egipt","description":"","potentialAction":[{"@type":"SearchAction","target":{"@type":"EntryPoint","urlTemplate":"https:\/\/goldenhorizontegypt.com\/?s={search_term_string}"},"query-input":{"@type":"PropertyValueSpecification","valueRequired":true,"valueName":"search_term_string"}}],"inLanguage":"ro-RO"}]}},"_links":{"self":[{"href":"https:\/\/goldenhorizontegypt.com\/ro\/wp-json\/wp\/v2\/product\/10196","targetHints":{"allow":["GET"]}}],"collection":[{"href":"https:\/\/goldenhorizontegypt.com\/ro\/wp-json\/wp\/v2\/product"}],"about":[{"href":"https:\/\/goldenhorizontegypt.com\/ro\/wp-json\/wp\/v2\/types\/product"}],"replies":[{"embeddable":true,"href":"https:\/\/goldenhorizontegypt.com\/ro\/wp-json\/wp\/v2\/comments?post=10196"}],"wp:featuredmedia":[{"embeddable":true,"href":"https:\/\/goldenhorizontegypt.com\/ro\/wp-json\/wp\/v2\/media\/10201"}],"wp:attachment":[{"href":"https:\/\/goldenhorizontegypt.com\/ro\/wp-json\/wp\/v2\/media?parent=10196"}],"wp:term":[{"taxonomy":"product_brand","embeddable":true,"href":"https:\/\/goldenhorizontegypt.com\/ro\/wp-json\/wp\/v2\/product_brand?post=10196"},{"taxonomy":"product_cat","embeddable":true,"href":"https:\/\/goldenhorizontegypt.com\/ro\/wp-json\/wp\/v2\/product_cat?post=10196"},{"taxonomy":"product_tag","embeddable":true,"href":"https:\/\/goldenhorizontegypt.com\/ro\/wp-json\/wp\/v2\/product_tag?post=10196"}],"curies":[{"name":"wp","href":"https:\/\/api.w.org\/{rel}","templated":true}]}}