{"id":10113,"date":"2025-09-08T11:25:13","date_gmt":"2025-09-08T11:25:13","guid":{"rendered":"https:\/\/goldenhorizontegypt.com\/?post_type=product&#038;p=10113"},"modified":"2025-11-28T14:59:55","modified_gmt":"2025-11-28T14:59:55","slug":"spa-and-massage","status":"publish","type":"product","link":"https:\/\/goldenhorizontegypt.com\/ro\/produs\/spa-and-massage\/","title":{"rendered":"Experien\u021ba Royal Spa: Relaxare, refacere \u0219i \u00eentinerire"},"content":{"rendered":"<p data-start=\"98\" data-end=\"156\"><strong data-start=\"98\" data-end=\"154\">\ud83d\udc86\u200d\u2642\ufe0f Evadare spre Serenitate - Experien\u021b\u0103 Spa &amp; Masaj!<\/strong><\/p>\n<p data-start=\"92\" data-end=\"326\"><strong data-start=\"92\" data-end=\"141\">\ud83d\udc86\ud83c\udffb\u200d\u2640\ufe0f Evadare de relaxare \u0219i wellness suprem\u0103<\/strong><br data-start=\"141\" data-end=\"144\" \/>R\u0103sf\u0103\u021ba\u021bi-v\u0103 \u00een oaza noastr\u0103 senin\u0103 de wellness. Un program complet conceput pentru a v\u0103 \u00eentineri corpul \u0219i a v\u0103 calma mintea - perfect pentru c\u0103l\u0103torii solo sau cuplurile care caut\u0103 relaxare pur\u0103.<\/p>\n<p data-start=\"328\" data-end=\"392\"><strong data-start=\"328\" data-end=\"352\">\u2728 Egypt Royal Spa<\/strong><br data-start=\"352\" data-end=\"355\" \/>\ud83e\uddd6\u200d\u2640\ufe0f <strong data-start=\"361\" data-end=\"390\">Experien\u021ba complet\u0103 include:<\/strong><\/p>\n<ul data-start=\"393\" data-end=\"571\">\n<li data-start=\"393\" data-end=\"427\">\n<p data-start=\"395\" data-end=\"427\">Saun\u0103 \u0219i baie de aburi \/ Pe\u0219ter\u0103 de sare<\/p>\n<\/li>\n<li data-start=\"428\" data-end=\"464\">\n<p data-start=\"430\" data-end=\"464\">Exfoliere complet\u0103 a fe\u021bei \u0219i a corpului<\/p>\n<\/li>\n<li data-start=\"465\" data-end=\"489\">\n<p data-start=\"467\" data-end=\"489\">Baie cu bule relaxant\u0103<\/p>\n<\/li>\n<li data-start=\"490\" data-end=\"535\">\n<p data-start=\"492\" data-end=\"535\">Masaj cu s\u0103pun \/ Jacuzzi cu fructe proaspete<\/p>\n<\/li>\n<li data-start=\"536\" data-end=\"571\">\n<p data-start=\"538\" data-end=\"571\">Masc\u0103 facial\u0103 \/ Masaj corporal complet<\/p>\n<\/li>\n<\/ul>\n<p data-start=\"573\" data-end=\"593\">\ud83c\udf1f <strong data-start=\"576\" data-end=\"591\">Puncte forte:<\/strong><\/p>\n<ul data-start=\"594\" data-end=\"714\">\n<li data-start=\"594\" data-end=\"633\">\n<p data-start=\"596\" data-end=\"633\">2\u00bd ore de r\u0103sf\u0103\u021b ne\u00eentrerupt<\/p>\n<\/li>\n<li data-start=\"634\" data-end=\"684\">\n<p data-start=\"636\" data-end=\"684\">Ideal pentru cupluri sau prieteni care doresc s\u0103 se relaxeze<\/p>\n<\/li>\n<li data-start=\"685\" data-end=\"714\">\n<p data-start=\"687\" data-end=\"714\">\u00cengrijire complet\u0103 pentru fa\u021b\u0103 \u0219i corp<\/p>\n<\/li>\n<\/ul>\n<p data-start=\"716\" data-end=\"780\"><strong data-start=\"716\" data-end=\"740\">\u2728 Egipt Royal VIP\u00a0<\/strong><br data-start=\"740\" data-end=\"743\" \/>\ud83e\uddd6\u200d\u2640\ufe0f <strong data-start=\"749\" data-end=\"778\">Experien\u021ba complet\u0103 include:<\/strong><\/p>\n<ul data-start=\"781\" data-end=\"1016\">\n<li data-start=\"781\" data-end=\"830\">\n<p data-start=\"783\" data-end=\"830\">Saun\u0103, baie de aburi \u0219i jacuzzi cu fructe proaspete<\/p>\n<\/li>\n<li data-start=\"831\" data-end=\"867\">\n<p data-start=\"833\" data-end=\"867\">Pe\u0219tera de sare \/ Baie relaxant\u0103 cu bule<\/p>\n<\/li>\n<li data-start=\"868\" data-end=\"900\">\n<p data-start=\"870\" data-end=\"900\">Scrub pentru corp cu nuc\u0103 de cocos sau cafea<\/p>\n<\/li>\n<li data-start=\"901\" data-end=\"918\">\n<p data-start=\"903\" data-end=\"918\">Masaj cu s\u0103pun<\/p>\n<\/li>\n<li data-start=\"919\" data-end=\"965\">\n<p data-start=\"921\" data-end=\"965\">Exfoliere a m\u00e2inilor \u0219i picioarelor cu sare de la Marea Moart\u0103<\/p>\n<\/li>\n<li data-start=\"966\" data-end=\"994\">\n<p data-start=\"968\" data-end=\"994\">Masc\u0103 facial\u0103 de ciocolat\u0103 \ud83c\udf6b<\/p>\n<\/li>\n<li data-start=\"995\" data-end=\"1016\">\n<p data-start=\"997\" data-end=\"1016\">Masaj corporal complet<\/p>\n<\/li>\n<\/ul>\n<p data-start=\"1018\" data-end=\"1038\">\ud83c\udf1f <strong data-start=\"1021\" data-end=\"1036\">Puncte forte:<\/strong><\/p>\n<ul data-start=\"1039\" data-end=\"1109\">\n<li data-start=\"1039\" data-end=\"1079\">\n<p data-start=\"1041\" data-end=\"1079\">2\u00bd ore de r\u0103sf\u0103\u021b ne\u00eentrerupt<\/p>\n<\/li>\n<li data-start=\"1080\" data-end=\"1109\">\n<p data-start=\"1082\" data-end=\"1109\">\u00cengrijire complet\u0103 pentru fa\u021b\u0103 \u0219i corp<\/p>\n<\/li>\n<\/ul>\n<p data-start=\"1111\" data-end=\"1135\"><strong data-start=\"1111\" data-end=\"1133\">\ud83d\udcdd Informa\u021bii importante:<\/strong><\/p>\n<ul data-start=\"1136\" data-end=\"1251\">\n<li data-start=\"1136\" data-end=\"1196\">\n<p data-start=\"1138\" data-end=\"1196\">Acelea\u0219i programe sunt disponibile \u0219i \u00een format privat.<\/p>\n<\/li>\n<li data-start=\"1197\" data-end=\"1251\">\n<p data-start=\"1199\" data-end=\"1251\">Zona spa este mixt\u0103 \u0219i comun\u0103; masajele sunt private<\/p>\n<\/li>\n<\/ul>\n<p data-start=\"1535\" data-end=\"1557\"><strong data-start=\"1535\" data-end=\"1555\">Detalii despre program:<\/strong><\/p>\n<ul data-start=\"1558\" data-end=\"1732\">\n<li data-start=\"1558\" data-end=\"1591\">\n<p data-start=\"1560\" data-end=\"1591\">Sesiuni de diminea\u021b\u0103 sau dup\u0103-amiaz\u0103<\/p>\n<\/li>\n<li data-start=\"1592\" data-end=\"1627\">\n<p data-start=\"1594\" data-end=\"1627\">Durata: aproximativ 2 ore<\/p>\n<\/li>\n<li data-start=\"1628\" data-end=\"1660\">\n<p data-start=\"1630\" data-end=\"1660\">Hammam, saun\u0103, jacuzzi mixt<\/p>\n<\/li>\n<li data-start=\"1661\" data-end=\"1696\">\n<p data-start=\"1663\" data-end=\"1696\">Masaj cu spum\u0103, scrub corporal \u0219i \u00eempachetare<\/p>\n<\/li>\n<li data-start=\"1697\" data-end=\"1732\">\n<p data-start=\"1699\" data-end=\"1732\">Masc\u0103 facial\u0103 \u0219i masaj de 30 de minute<\/p>\n<\/li>\n<\/ul>\n<p data-start=\"1734\" data-end=\"1757\"><strong data-start=\"1734\" data-end=\"1755\">Op\u021biuni incluse:<\/strong><\/p>\n<ul data-start=\"1758\" data-end=\"1809\">\n<li data-start=\"1758\" data-end=\"1787\">\n<p data-start=\"1760\" data-end=\"1787\">Transfer la hotel dus-\u00eentors<\/p>\n<\/li>\n<li data-start=\"1788\" data-end=\"1809\">\n<p data-start=\"1790\" data-end=\"1809\">B\u0103uturi r\u0103coritoare<\/p>\n<\/li>\n<\/ul>\n<p data-start=\"1443\" data-end=\"1665\">Fie c\u0103 c\u0103uta\u021bi <strong data-start=\"1460\" data-end=\"1479\">relaxare profund\u0103<\/strong>, <strong data-start=\"1481\" data-end=\"1498\">reducerea stresului<\/strong>, sau pur \u0219i simplu un moment pentru a v\u0103 reconecta cu dvs. <strong data-start=\"1551\" data-end=\"1579\">Experien\u021b\u0103 spa \u0219i masaj<\/strong> promite s\u0103 v\u0103 lase s\u0103 v\u0103 sim\u021bi\u021bi <strong data-start=\"1610\" data-end=\"1662\">re\u00eennoit, \u00eemprosp\u0103tat \u0219i complet revitalizat \u2728<\/strong>.<\/p>\n<p data-start=\"1443\" data-end=\"1665\"><strong data-start=\"1253\" data-end=\"1276\">\ud83e\udd11 Pre\u021burile activit\u0103\u021bilor:<\/strong><\/p>\n<table style=\"height: 108px;\" width=\"795\">\n<tbody>\n<tr>\n<td width=\"126\"><strong>\u00a0\u20ac\u00a0\u00a0\u00a0 30.00<\/strong><\/td>\n<td width=\"307\"><strong>egypt royal spa<\/strong><\/td>\n<\/tr>\n<tr>\n<td><strong>\u00a0\u20ac\u00a0\u00a0\u00a0 35.00<\/strong><\/td>\n<td width=\"307\"><strong>egipt regal vip<\/strong><\/td>\n<\/tr>\n<tr>\n<td><strong>\u00a0\u20ac\u00a0\u00a0\u00a0 80.00<\/strong><\/td>\n<td width=\"307\"><strong>egypt royal spa Private<\/strong><\/td>\n<\/tr>\n<tr>\n<td><strong>\u00a0\u20ac\u00a0\u00a0\u00a090.00<\/strong><\/td>\n<td width=\"307\"><strong>egypt royal vip Private<\/strong><\/td>\n<\/tr>\n<\/tbody>\n<\/table>\n<h3 data-start=\"2198\" data-end=\"2225\"><strong data-start=\"2205\" data-end=\"2223\">Plata \u00een USD ($ \ud83c\uddfa\ud83c\uddf8) \u00een loc de EUR (\u20ac \ud83c\uddea\ud83c\uddfa) este disponibil\u0103 \u00een func\u021bie de cursul bancar zilnic.<\/strong><\/h3>\n<p><strong>Rezerv\u0103 prin WhatsApp:<\/strong><\/p>\n<p><a href=\"https:\/\/wa.me\/201021058859\" target=\"_blank\" rel=\"noopener\">\u00a0<img decoding=\"async\" class=\"alignnone wp-image-2058\" src=\"https:\/\/poehalisnamiegypt.com\/wp-content\/uploads\/2024\/02\/pngwing.com_-300x300.png\" sizes=\"auto, (max-width: 35px) 100vw, 35px\" srcset=\"https:\/\/poehalisnamiegypt.com\/wp-content\/uploads\/2024\/02\/pngwing.com_-300x300.png 300w, https:\/\/poehalisnamiegypt.com\/wp-content\/uploads\/2024\/02\/pngwing.com_-150x150.png 150w, https:\/\/poehalisnamiegypt.com\/wp-content\/uploads\/2024\/02\/pngwing.com_.png 584w\" alt=\"\" width=\"53\" height=\"53\" \/><\/a><\/p>\n<p>&nbsp;<\/p>","protected":false},"excerpt":{"rendered":"<p>\ud83d\udc86\u200d\u2642\ufe0f Escape to Serenity \u2013 Spa &amp; Massage Experience! \ud83d\udc86\ud83c\udffb\u200d\u2640\ufe0f Ultimate Relaxation &amp; Wellness EscapeIndulge yourself in our serene wellness oasis. A complete program designed to rejuvenate your body and calm your mind\u2014perfect for solo travelers or couples seeking pure relaxation. \u2728\u00a0 Egypt Royal Spa\ud83e\uddd6\u200d\u2640\ufe0f Full Experience Includes: Sauna &amp; steam bath \/ Salt cave [&hellip;]<\/p>\n","protected":false},"featured_media":10118,"comment_status":"open","ping_status":"closed","template":"","meta":[],"product_brand":[],"product_cat":[64],"product_tag":[],"class_list":{"0":"post-10113","1":"product","2":"type-product","3":"status-publish","4":"has-post-thumbnail","6":"product_cat-entertaining","8":"first","9":"instock","10":"shipping-taxable","11":"purchasable","12":"product-type-ovabrw_car_rental"},"yoast_head":"<!-- This site is optimized with the Yoast SEO plugin v27.5 - https:\/\/yoast.com\/product\/yoast-seo-wordpress\/ -->\n<title>Royal Spa Experience: Relax, Refresh &amp; Rejuvenate - Golden Horizont Egypt<\/title>\n<meta name=\"robots\" content=\"index, follow, max-snippet:-1, max-image-preview:large, max-video-preview:-1\" \/>\n<link rel=\"canonical\" href=\"https:\/\/goldenhorizontegypt.com\/ro\/produs\/spa-and-massage\/\" \/>\n<meta property=\"og:locale\" content=\"ro_RO\" \/>\n<meta property=\"og:type\" content=\"article\" \/>\n<meta property=\"og:title\" content=\"Royal Spa Experience: Relax, Refresh &amp; Rejuvenate - Golden Horizont Egypt\" \/>\n<meta property=\"og:description\" content=\"\ud83d\udc86\u200d\u2642\ufe0f Escape to Serenity \u2013 Spa &amp; Massage Experience! \ud83d\udc86\ud83c\udffb\u200d\u2640\ufe0f Ultimate Relaxation &amp; Wellness EscapeIndulge yourself in our serene wellness oasis. A complete program designed to rejuvenate your body and calm your mind\u2014perfect for solo travelers or couples seeking pure relaxation. \u2728\u00a0 Egypt Royal Spa\ud83e\uddd6\u200d\u2640\ufe0f Full Experience Includes: Sauna &amp; steam bath \/ Salt cave [&hellip;]\" \/>\n<meta property=\"og:url\" content=\"https:\/\/goldenhorizontegypt.com\/ro\/produs\/spa-and-massage\/\" \/>\n<meta property=\"og:site_name\" content=\"Golden Horizont Egypt\" \/>\n<meta property=\"article:modified_time\" content=\"2025-11-28T14:59:55+00:00\" \/>\n<meta property=\"og:image\" content=\"https:\/\/goldenhorizontegypt.com\/wp-content\/uploads\/2025\/09\/pic1.jpg\" \/>\n\t<meta property=\"og:image:width\" content=\"932\" \/>\n\t<meta property=\"og:image:height\" content=\"623\" \/>\n\t<meta property=\"og:image:type\" content=\"image\/jpeg\" \/>\n<meta name=\"twitter:card\" content=\"summary_large_image\" \/>\n<meta name=\"twitter:label1\" content=\"Timp estimat pentru citire\" \/>\n\t<meta name=\"twitter:data1\" content=\"1 minut\" \/>\n<script type=\"application\/ld+json\" class=\"yoast-schema-graph\">{\"@context\":\"https:\\\/\\\/schema.org\",\"@graph\":[{\"@type\":\"WebPage\",\"@id\":\"https:\\\/\\\/goldenhorizontegypt.com\\\/product\\\/spa-and-massage\\\/\",\"url\":\"https:\\\/\\\/goldenhorizontegypt.com\\\/product\\\/spa-and-massage\\\/\",\"name\":\"Royal Spa Experience: Relax, Refresh & Rejuvenate - Golden Horizont Egypt\",\"isPartOf\":{\"@id\":\"https:\\\/\\\/goldenhorizontegypt.com\\\/#website\"},\"primaryImageOfPage\":{\"@id\":\"https:\\\/\\\/goldenhorizontegypt.com\\\/product\\\/spa-and-massage\\\/#primaryimage\"},\"image\":{\"@id\":\"https:\\\/\\\/goldenhorizontegypt.com\\\/product\\\/spa-and-massage\\\/#primaryimage\"},\"thumbnailUrl\":\"https:\\\/\\\/goldenhorizontegypt.com\\\/wp-content\\\/uploads\\\/2025\\\/09\\\/pic1.jpg\",\"datePublished\":\"2025-09-08T11:25:13+00:00\",\"dateModified\":\"2025-11-28T14:59:55+00:00\",\"breadcrumb\":{\"@id\":\"https:\\\/\\\/goldenhorizontegypt.com\\\/product\\\/spa-and-massage\\\/#breadcrumb\"},\"inLanguage\":\"ro-RO\",\"potentialAction\":[{\"@type\":\"ReadAction\",\"target\":[\"https:\\\/\\\/goldenhorizontegypt.com\\\/product\\\/spa-and-massage\\\/\"]}]},{\"@type\":\"ImageObject\",\"inLanguage\":\"ro-RO\",\"@id\":\"https:\\\/\\\/goldenhorizontegypt.com\\\/product\\\/spa-and-massage\\\/#primaryimage\",\"url\":\"https:\\\/\\\/goldenhorizontegypt.com\\\/wp-content\\\/uploads\\\/2025\\\/09\\\/pic1.jpg\",\"contentUrl\":\"https:\\\/\\\/goldenhorizontegypt.com\\\/wp-content\\\/uploads\\\/2025\\\/09\\\/pic1.jpg\",\"width\":932,\"height\":623},{\"@type\":\"BreadcrumbList\",\"@id\":\"https:\\\/\\\/goldenhorizontegypt.com\\\/product\\\/spa-and-massage\\\/#breadcrumb\",\"itemListElement\":[{\"@type\":\"ListItem\",\"position\":1,\"name\":\"Home\",\"item\":\"https:\\\/\\\/goldenhorizontegypt.com\\\/\"},{\"@type\":\"ListItem\",\"position\":2,\"name\":\"Shop\",\"item\":\"https:\\\/\\\/goldenhorizontegypt.com\\\/shop\\\/\"},{\"@type\":\"ListItem\",\"position\":3,\"name\":\"Royal Spa Experience: Relax, Refresh &#038; Rejuvenate\"}]},{\"@type\":\"WebSite\",\"@id\":\"https:\\\/\\\/goldenhorizontegypt.com\\\/#website\",\"url\":\"https:\\\/\\\/goldenhorizontegypt.com\\\/\",\"name\":\"Golden Horizont Egypt\",\"description\":\"\",\"potentialAction\":[{\"@type\":\"SearchAction\",\"target\":{\"@type\":\"EntryPoint\",\"urlTemplate\":\"https:\\\/\\\/goldenhorizontegypt.com\\\/?s={search_term_string}\"},\"query-input\":{\"@type\":\"PropertyValueSpecification\",\"valueRequired\":true,\"valueName\":\"search_term_string\"}}],\"inLanguage\":\"ro-RO\"}]}<\/script>\n<!-- \/ Yoast SEO plugin. -->","yoast_head_json":{"title":"Royal Spa Experience: Relax, Refresh & Rejuvenate - Golden Horizont Egypt","robots":{"index":"index","follow":"follow","max-snippet":"max-snippet:-1","max-image-preview":"max-image-preview:large","max-video-preview":"max-video-preview:-1"},"canonical":"https:\/\/goldenhorizontegypt.com\/ro\/produs\/spa-and-massage\/","og_locale":"ro_RO","og_type":"article","og_title":"Royal Spa Experience: Relax, Refresh & Rejuvenate - Golden Horizont Egypt","og_description":"\ud83d\udc86\u200d\u2642\ufe0f Escape to Serenity \u2013 Spa &amp; Massage Experience! \ud83d\udc86\ud83c\udffb\u200d\u2640\ufe0f Ultimate Relaxation &amp; Wellness EscapeIndulge yourself in our serene wellness oasis. A complete program designed to rejuvenate your body and calm your mind\u2014perfect for solo travelers or couples seeking pure relaxation. \u2728\u00a0 Egypt Royal Spa\ud83e\uddd6\u200d\u2640\ufe0f Full Experience Includes: Sauna &amp; steam bath \/ Salt cave [&hellip;]","og_url":"https:\/\/goldenhorizontegypt.com\/ro\/produs\/spa-and-massage\/","og_site_name":"Golden Horizont Egypt","article_modified_time":"2025-11-28T14:59:55+00:00","og_image":[{"width":932,"height":623,"url":"https:\/\/goldenhorizontegypt.com\/wp-content\/uploads\/2025\/09\/pic1.jpg","type":"image\/jpeg"}],"twitter_card":"summary_large_image","twitter_misc":{"Timp estimat pentru citire":"1 minut"},"schema":{"@context":"https:\/\/schema.org","@graph":[{"@type":"WebPage","@id":"https:\/\/goldenhorizontegypt.com\/product\/spa-and-massage\/","url":"https:\/\/goldenhorizontegypt.com\/product\/spa-and-massage\/","name":"Royal Spa Experience: Relax, Refresh & Rejuvenate - Golden Horizont Egypt","isPartOf":{"@id":"https:\/\/goldenhorizontegypt.com\/#website"},"primaryImageOfPage":{"@id":"https:\/\/goldenhorizontegypt.com\/product\/spa-and-massage\/#primaryimage"},"image":{"@id":"https:\/\/goldenhorizontegypt.com\/product\/spa-and-massage\/#primaryimage"},"thumbnailUrl":"https:\/\/goldenhorizontegypt.com\/wp-content\/uploads\/2025\/09\/pic1.jpg","datePublished":"2025-09-08T11:25:13+00:00","dateModified":"2025-11-28T14:59:55+00:00","breadcrumb":{"@id":"https:\/\/goldenhorizontegypt.com\/product\/spa-and-massage\/#breadcrumb"},"inLanguage":"ro-RO","potentialAction":[{"@type":"ReadAction","target":["https:\/\/goldenhorizontegypt.com\/product\/spa-and-massage\/"]}]},{"@type":"ImageObject","inLanguage":"ro-RO","@id":"https:\/\/goldenhorizontegypt.com\/product\/spa-and-massage\/#primaryimage","url":"https:\/\/goldenhorizontegypt.com\/wp-content\/uploads\/2025\/09\/pic1.jpg","contentUrl":"https:\/\/goldenhorizontegypt.com\/wp-content\/uploads\/2025\/09\/pic1.jpg","width":932,"height":623},{"@type":"BreadcrumbList","@id":"https:\/\/goldenhorizontegypt.com\/product\/spa-and-massage\/#breadcrumb","itemListElement":[{"@type":"ListItem","position":1,"name":"Home","item":"https:\/\/goldenhorizontegypt.com\/"},{"@type":"ListItem","position":2,"name":"Shop","item":"https:\/\/goldenhorizontegypt.com\/shop\/"},{"@type":"ListItem","position":3,"name":"Royal Spa Experience: Relax, Refresh &#038; Rejuvenate"}]},{"@type":"WebSite","@id":"https:\/\/goldenhorizontegypt.com\/#website","url":"https:\/\/goldenhorizontegypt.com\/","name":"Orizont de Aur Egipt","description":"","potentialAction":[{"@type":"SearchAction","target":{"@type":"EntryPoint","urlTemplate":"https:\/\/goldenhorizontegypt.com\/?s={search_term_string}"},"query-input":{"@type":"PropertyValueSpecification","valueRequired":true,"valueName":"search_term_string"}}],"inLanguage":"ro-RO"}]}},"_links":{"self":[{"href":"https:\/\/goldenhorizontegypt.com\/ro\/wp-json\/wp\/v2\/product\/10113","targetHints":{"allow":["GET"]}}],"collection":[{"href":"https:\/\/goldenhorizontegypt.com\/ro\/wp-json\/wp\/v2\/product"}],"about":[{"href":"https:\/\/goldenhorizontegypt.com\/ro\/wp-json\/wp\/v2\/types\/product"}],"replies":[{"embeddable":true,"href":"https:\/\/goldenhorizontegypt.com\/ro\/wp-json\/wp\/v2\/comments?post=10113"}],"wp:featuredmedia":[{"embeddable":true,"href":"https:\/\/goldenhorizontegypt.com\/ro\/wp-json\/wp\/v2\/media\/10118"}],"wp:attachment":[{"href":"https:\/\/goldenhorizontegypt.com\/ro\/wp-json\/wp\/v2\/media?parent=10113"}],"wp:term":[{"taxonomy":"product_brand","embeddable":true,"href":"https:\/\/goldenhorizontegypt.com\/ro\/wp-json\/wp\/v2\/product_brand?post=10113"},{"taxonomy":"product_cat","embeddable":true,"href":"https:\/\/goldenhorizontegypt.com\/ro\/wp-json\/wp\/v2\/product_cat?post=10113"},{"taxonomy":"product_tag","embeddable":true,"href":"https:\/\/goldenhorizontegypt.com\/ro\/wp-json\/wp\/v2\/product_tag?post=10113"}],"curies":[{"name":"wp","href":"https:\/\/api.w.org\/{rel}","templated":true}]}}