{"id":10099,"date":"2025-09-08T11:02:07","date_gmt":"2025-09-08T11:02:07","guid":{"rendered":"https:\/\/goldenhorizontegypt.com\/?post_type=product&#038;p=10099"},"modified":"2025-11-28T15:00:47","modified_gmt":"2025-11-28T15:00:47","slug":"gouna-karting-trip","status":"publish","type":"product","link":"https:\/\/goldenhorizontegypt.com\/ro\/produs\/gouna-karting-trip\/","title":{"rendered":"Gouna Karting: Distrac\u021bie la vitez\u0103 mare \u0219i senza\u021bii tari"},"content":{"rendered":"<p data-start=\"110\" data-end=\"186\"><strong data-start=\"110\" data-end=\"184\">\ud83c\udfce\ufe0f Sim\u021bi\u021bi graba cu Gouna Karting - Experien\u021ba de curse suprem\u0103!<\/strong><\/p>\n<p data-start=\"188\" data-end=\"449\">Sunte\u021bi gata s\u0103 v\u0103 satisface\u021bi nevoia de vitez\u0103? <strong data-start=\"226\" data-end=\"243\">Gouna Karting<\/strong> ofer\u0103 una dintre cele mai palpitante activit\u0103\u021bi din <strong data-start=\"291\" data-end=\"303\">El Gouna<\/strong>, unde aventura \u00eent\u00e2lne\u0219te adrenalina! Fie c\u0103 e\u0219ti \u00eencep\u0103tor sau un pilot experimentat, aceast\u0103 experien\u021b\u0103 este conceput\u0103 pentru a scoate la iveal\u0103 campionul din tine.<\/p>\n<p data-start=\"451\" data-end=\"492\"><strong data-start=\"451\" data-end=\"490\">\u2728 Ce v\u0103 a\u0219teapt\u0103 la Gouna Karting?<\/strong><\/p>\n<ul data-start=\"493\" data-end=\"907\">\n<li data-start=\"493\" data-end=\"618\">\n<p data-start=\"495\" data-end=\"618\"><strong data-start=\"495\" data-end=\"527\">Pist\u0103 de curse profesional\u0103 \ud83c\udfc1<\/strong> - Unul dintre cele mai mari \u0219i mai sigure circuite de karting din Egipt, perfect pentru toate nivelurile de calificare.<\/p>\n<\/li>\n<li data-start=\"619\" data-end=\"714\">\n<p data-start=\"621\" data-end=\"714\"><strong data-start=\"621\" data-end=\"647\">Go-Karts de mare vitez\u0103 \ud83d\udea6<\/strong> - Karturi moderne, bine \u00eentre\u021binute, construite pentru distrac\u021bie \u0219i siguran\u021b\u0103.<\/p>\n<\/li>\n<li data-start=\"715\" data-end=\"795\">\n<p data-start=\"717\" data-end=\"795\"><strong data-start=\"717\" data-end=\"736\">Siguran\u021ba \u00eenainte de toate \ud83e\uddba<\/strong> - Sunt oferite c\u0103\u0219ti, echipament \u0219i instruc\u021biuni complete de siguran\u021b\u0103.<\/p>\n<\/li>\n<li data-start=\"796\" data-end=\"907\">\n<p data-start=\"798\" data-end=\"907\"><strong data-start=\"798\" data-end=\"826\">Provocare de timp de curse \u23f1\ufe0f<\/strong> - Concureaz\u0103 cu prietenii t\u0103i, familia sau al\u021bi pilo\u021bi pentru cel mai bun timp pe tur!<\/p>\n<\/li>\n<\/ul>\n<p data-start=\"909\" data-end=\"934\"><strong data-start=\"909\" data-end=\"932\">\ud83d\udd52 Puncte forte ale c\u0103l\u0103toriei:<\/strong><\/p>\n<ul data-start=\"935\" data-end=\"1223\">\n<li data-start=\"935\" data-end=\"987\">\n<p data-start=\"937\" data-end=\"987\">Loca\u021bie convenabil\u0103 \u00een inima ora\u0219ului El Gouna \ud83c\udf34.<\/p>\n<\/li>\n<li data-start=\"988\" data-end=\"1066\">\n<p data-start=\"990\" data-end=\"1066\">Potrivit pentru adul\u021bi \u0219i concuren\u021bi tineri (cu limite de v\u00e2rst\u0103\/\u00een\u0103l\u021bime) \ud83d\udc68\u200d\ud83d\udc69\u200d\ud83d\udc67\u200d\ud83d\udc66.<\/p>\n<\/li>\n<li data-start=\"1067\" data-end=\"1162\">\n<p data-start=\"1069\" data-end=\"1162\">Sloturi orare flexibile - bucura\u021bi-v\u0103 de ea ca o aventur\u0103 de sine st\u0103t\u0103toare sau ad\u0103uga\u021bi-o la excursia dvs. de o zi \u00een Gouna.<\/p>\n<\/li>\n<li data-start=\"1163\" data-end=\"1223\">\n<p data-start=\"1165\" data-end=\"1223\">Op\u021biunea de a v\u0103 surprinde momentele cu fotografii sau videoclipuri \ud83d\udcf8.<\/p>\n<\/li>\n<\/ul>\n<p data-start=\"1225\" data-end=\"1246\"><strong data-start=\"1225\" data-end=\"1244\">\ud83d\udcbc Perfect pentru:<\/strong><\/p>\n<ul data-start=\"1247\" data-end=\"1394\">\n<li data-start=\"1247\" data-end=\"1298\">\n<p data-start=\"1249\" data-end=\"1298\">Familii \u00een c\u0103utare de distrac\u021bie \u0219i ac\u021biune \ud83d\udc68\u200d\ud83d\udc69\u200d\ud83d\udc67\u200d\ud83d\udc66<\/p>\n<\/li>\n<li data-start=\"1299\" data-end=\"1345\">\n<p data-start=\"1301\" data-end=\"1345\">Grupuri de prieteni gata pentru o provocare \ud83c\udf89<\/p>\n<\/li>\n<li data-start=\"1346\" data-end=\"1394\">\n<p data-start=\"1348\" data-end=\"1394\">Team-building corporativ sau evenimente speciale \ud83c\udfc6<\/p>\n<\/li>\n<\/ul>\n<p data-start=\"1396\" data-end=\"1701\"><strong data-start=\"1396\" data-end=\"1428\">\ud83c\udf1f De ce s\u0103 alege\u021bi Gouna Karting?<\/strong><br data-start=\"1428\" data-end=\"1431\" \/>Pentru c\u0103 nu este doar o plimbare - este o <strong data-start=\"1470\" data-end=\"1502\">aventur\u0103 plin\u0103 de adrenalin\u0103<\/strong>, combin\u00e2nd <strong data-start=\"1514\" data-end=\"1544\">vitez\u0103, \u00eendem\u00e2nare \u0219i distrac\u021bie pur\u0103<\/strong>. Fie c\u0103 urm\u0103ri\u021bi emo\u021bia cursei sau pur \u0219i simplu c\u0103uta\u021bi o activitate unic\u0103 \u00een El Gouna, aceast\u0103 experien\u021b\u0103 garanteaz\u0103 <strong data-start=\"1672\" data-end=\"1699\">amintiri de neuitat!<\/strong><\/p>\n<h5><img decoding=\"async\" class=\"emoji\" role=\"img\" draggable=\"false\" src=\"https:\/\/s.w.org\/images\/core\/emoji\/16.0.1\/svg\/1f4dd.svg\" alt=\"\ud83d\udcdd\" \/>\u00a0Evaluare<\/h5>\n<ul>\n<li>Conducere de la v\u00e2rsta de 16 ani<\/li>\n<li>Sesiune de 10min sau 15min la alegere<\/li>\n<\/ul>\n<p><strong data-start=\"1253\" data-end=\"1276\">\ud83e\udd11 Pre\u021burile activit\u0103\u021bilor:<\/strong><\/p>\n<table style=\"height: 97px;\" width=\"737\">\n<tbody>\n<tr>\n<td width=\"126\"><strong>\u00a0\u20ac\u00a0\u00a0\u00a0 35.00<\/strong><\/td>\n<td width=\"307\"><strong>Elgouna Karting 15 M<\/strong><\/td>\n<\/tr>\n<tr>\n<td><strong>\u00a0\u20ac\u00a0\u00a0\u00a0 30.00<\/strong><\/td>\n<td width=\"307\"><strong>Elgouna Karting 10 M<\/strong><\/td>\n<\/tr>\n<\/tbody>\n<\/table>\n<h3 data-start=\"2198\" data-end=\"2225\"><strong data-start=\"2205\" data-end=\"2223\">Plata \u00een USD ($ \ud83c\uddfa\ud83c\uddf8) \u00een loc de EUR (\u20ac \ud83c\uddea\ud83c\uddfa) este disponibil\u0103 \u00een func\u021bie de cursul bancar zilnic.<\/strong><\/h3>\n<p><strong>Rezerv\u0103 prin WhatsApp:<\/strong><\/p>\n<p><a href=\"https:\/\/wa.me\/201021058859\" target=\"_blank\" rel=\"noopener\">\u00a0<img decoding=\"async\" class=\"alignnone wp-image-2058\" src=\"https:\/\/poehalisnamiegypt.com\/wp-content\/uploads\/2024\/02\/pngwing.com_-300x300.png\" sizes=\"auto, (max-width: 35px) 100vw, 35px\" srcset=\"https:\/\/poehalisnamiegypt.com\/wp-content\/uploads\/2024\/02\/pngwing.com_-300x300.png 300w, https:\/\/poehalisnamiegypt.com\/wp-content\/uploads\/2024\/02\/pngwing.com_-150x150.png 150w, https:\/\/poehalisnamiegypt.com\/wp-content\/uploads\/2024\/02\/pngwing.com_.png 584w\" alt=\"\" width=\"53\" height=\"53\" \/><\/a><\/p>\n<p>&nbsp;<\/p>\n<div id=\"gtx-trans\" style=\"position: absolute; left: 158px; top: 1.2px;\">\n<div class=\"gtx-trans-icon\"><\/div>\n<\/div>","protected":false},"excerpt":{"rendered":"<p>\ud83c\udfce\ufe0f Feel the Rush with Gouna Karting \u2013 The Ultimate Racing Experience! Ready to satisfy your need for speed? Gouna Karting offers one of the most thrilling activities in El Gouna, where adventure meets adrenaline! Whether you\u2019re a beginner or a seasoned racer, this experience is designed to bring out the champion in you. \u2728 [&hellip;]<\/p>\n","protected":false},"featured_media":10103,"comment_status":"open","ping_status":"closed","template":"","meta":[],"product_brand":[],"product_cat":[64],"product_tag":[],"class_list":{"0":"post-10099","1":"product","2":"type-product","3":"status-publish","4":"has-post-thumbnail","6":"product_cat-entertaining","8":"first","9":"instock","10":"shipping-taxable","11":"purchasable","12":"product-type-ovabrw_car_rental"},"yoast_head":"<!-- This site is optimized with the Yoast SEO plugin v27.5 - https:\/\/yoast.com\/product\/yoast-seo-wordpress\/ -->\n<title>Gouna Karting: High-Speed Fun &amp; Racing Thrills - Golden Horizont Egypt<\/title>\n<meta name=\"robots\" content=\"index, follow, max-snippet:-1, max-image-preview:large, max-video-preview:-1\" \/>\n<link rel=\"canonical\" href=\"https:\/\/goldenhorizontegypt.com\/ro\/produs\/gouna-karting-trip\/\" \/>\n<meta property=\"og:locale\" content=\"ro_RO\" \/>\n<meta property=\"og:type\" content=\"article\" \/>\n<meta property=\"og:title\" content=\"Gouna Karting: High-Speed Fun &amp; Racing Thrills - Golden Horizont Egypt\" \/>\n<meta property=\"og:description\" content=\"\ud83c\udfce\ufe0f Feel the Rush with Gouna Karting \u2013 The Ultimate Racing Experience! Ready to satisfy your need for speed? Gouna Karting offers one of the most thrilling activities in El Gouna, where adventure meets adrenaline! Whether you\u2019re a beginner or a seasoned racer, this experience is designed to bring out the champion in you. \u2728 [&hellip;]\" \/>\n<meta property=\"og:url\" content=\"https:\/\/goldenhorizontegypt.com\/ro\/produs\/gouna-karting-trip\/\" \/>\n<meta property=\"og:site_name\" content=\"Golden Horizont Egypt\" \/>\n<meta property=\"article:modified_time\" content=\"2025-11-28T15:00:47+00:00\" \/>\n<meta property=\"og:image\" content=\"https:\/\/goldenhorizontegypt.com\/wp-content\/uploads\/2025\/09\/i-am-catching-you.jpg\" \/>\n\t<meta property=\"og:image:width\" content=\"550\" \/>\n\t<meta property=\"og:image:height\" content=\"365\" \/>\n\t<meta property=\"og:image:type\" content=\"image\/jpeg\" \/>\n<meta name=\"twitter:card\" content=\"summary_large_image\" \/>\n<meta name=\"twitter:label1\" content=\"Timp estimat pentru citire\" \/>\n\t<meta name=\"twitter:data1\" content=\"1 minut\" \/>\n<script type=\"application\/ld+json\" class=\"yoast-schema-graph\">{\"@context\":\"https:\\\/\\\/schema.org\",\"@graph\":[{\"@type\":\"WebPage\",\"@id\":\"https:\\\/\\\/goldenhorizontegypt.com\\\/product\\\/gouna-karting-trip\\\/\",\"url\":\"https:\\\/\\\/goldenhorizontegypt.com\\\/product\\\/gouna-karting-trip\\\/\",\"name\":\"Gouna Karting: High-Speed Fun & Racing Thrills - Golden Horizont Egypt\",\"isPartOf\":{\"@id\":\"https:\\\/\\\/goldenhorizontegypt.com\\\/#website\"},\"primaryImageOfPage\":{\"@id\":\"https:\\\/\\\/goldenhorizontegypt.com\\\/product\\\/gouna-karting-trip\\\/#primaryimage\"},\"image\":{\"@id\":\"https:\\\/\\\/goldenhorizontegypt.com\\\/product\\\/gouna-karting-trip\\\/#primaryimage\"},\"thumbnailUrl\":\"https:\\\/\\\/goldenhorizontegypt.com\\\/wp-content\\\/uploads\\\/2025\\\/09\\\/i-am-catching-you.jpg\",\"datePublished\":\"2025-09-08T11:02:07+00:00\",\"dateModified\":\"2025-11-28T15:00:47+00:00\",\"breadcrumb\":{\"@id\":\"https:\\\/\\\/goldenhorizontegypt.com\\\/product\\\/gouna-karting-trip\\\/#breadcrumb\"},\"inLanguage\":\"ro-RO\",\"potentialAction\":[{\"@type\":\"ReadAction\",\"target\":[\"https:\\\/\\\/goldenhorizontegypt.com\\\/product\\\/gouna-karting-trip\\\/\"]}]},{\"@type\":\"ImageObject\",\"inLanguage\":\"ro-RO\",\"@id\":\"https:\\\/\\\/goldenhorizontegypt.com\\\/product\\\/gouna-karting-trip\\\/#primaryimage\",\"url\":\"https:\\\/\\\/goldenhorizontegypt.com\\\/wp-content\\\/uploads\\\/2025\\\/09\\\/i-am-catching-you.jpg\",\"contentUrl\":\"https:\\\/\\\/goldenhorizontegypt.com\\\/wp-content\\\/uploads\\\/2025\\\/09\\\/i-am-catching-you.jpg\",\"width\":550,\"height\":365},{\"@type\":\"BreadcrumbList\",\"@id\":\"https:\\\/\\\/goldenhorizontegypt.com\\\/product\\\/gouna-karting-trip\\\/#breadcrumb\",\"itemListElement\":[{\"@type\":\"ListItem\",\"position\":1,\"name\":\"Home\",\"item\":\"https:\\\/\\\/goldenhorizontegypt.com\\\/\"},{\"@type\":\"ListItem\",\"position\":2,\"name\":\"Shop\",\"item\":\"https:\\\/\\\/goldenhorizontegypt.com\\\/shop\\\/\"},{\"@type\":\"ListItem\",\"position\":3,\"name\":\"Gouna Karting: High-Speed Fun &#038; Racing Thrills\"}]},{\"@type\":\"WebSite\",\"@id\":\"https:\\\/\\\/goldenhorizontegypt.com\\\/#website\",\"url\":\"https:\\\/\\\/goldenhorizontegypt.com\\\/\",\"name\":\"Golden Horizont Egypt\",\"description\":\"\",\"potentialAction\":[{\"@type\":\"SearchAction\",\"target\":{\"@type\":\"EntryPoint\",\"urlTemplate\":\"https:\\\/\\\/goldenhorizontegypt.com\\\/?s={search_term_string}\"},\"query-input\":{\"@type\":\"PropertyValueSpecification\",\"valueRequired\":true,\"valueName\":\"search_term_string\"}}],\"inLanguage\":\"ro-RO\"}]}<\/script>\n<!-- \/ Yoast SEO plugin. -->","yoast_head_json":{"title":"Gouna Karting: High-Speed Fun & Racing Thrills - Golden Horizont Egypt","robots":{"index":"index","follow":"follow","max-snippet":"max-snippet:-1","max-image-preview":"max-image-preview:large","max-video-preview":"max-video-preview:-1"},"canonical":"https:\/\/goldenhorizontegypt.com\/ro\/produs\/gouna-karting-trip\/","og_locale":"ro_RO","og_type":"article","og_title":"Gouna Karting: High-Speed Fun & Racing Thrills - Golden Horizont Egypt","og_description":"\ud83c\udfce\ufe0f Feel the Rush with Gouna Karting \u2013 The Ultimate Racing Experience! Ready to satisfy your need for speed? Gouna Karting offers one of the most thrilling activities in El Gouna, where adventure meets adrenaline! Whether you\u2019re a beginner or a seasoned racer, this experience is designed to bring out the champion in you. \u2728 [&hellip;]","og_url":"https:\/\/goldenhorizontegypt.com\/ro\/produs\/gouna-karting-trip\/","og_site_name":"Golden Horizont Egypt","article_modified_time":"2025-11-28T15:00:47+00:00","og_image":[{"width":550,"height":365,"url":"https:\/\/goldenhorizontegypt.com\/wp-content\/uploads\/2025\/09\/i-am-catching-you.jpg","type":"image\/jpeg"}],"twitter_card":"summary_large_image","twitter_misc":{"Timp estimat pentru citire":"1 minut"},"schema":{"@context":"https:\/\/schema.org","@graph":[{"@type":"WebPage","@id":"https:\/\/goldenhorizontegypt.com\/product\/gouna-karting-trip\/","url":"https:\/\/goldenhorizontegypt.com\/product\/gouna-karting-trip\/","name":"Gouna Karting: High-Speed Fun & Racing Thrills - Golden Horizont Egypt","isPartOf":{"@id":"https:\/\/goldenhorizontegypt.com\/#website"},"primaryImageOfPage":{"@id":"https:\/\/goldenhorizontegypt.com\/product\/gouna-karting-trip\/#primaryimage"},"image":{"@id":"https:\/\/goldenhorizontegypt.com\/product\/gouna-karting-trip\/#primaryimage"},"thumbnailUrl":"https:\/\/goldenhorizontegypt.com\/wp-content\/uploads\/2025\/09\/i-am-catching-you.jpg","datePublished":"2025-09-08T11:02:07+00:00","dateModified":"2025-11-28T15:00:47+00:00","breadcrumb":{"@id":"https:\/\/goldenhorizontegypt.com\/product\/gouna-karting-trip\/#breadcrumb"},"inLanguage":"ro-RO","potentialAction":[{"@type":"ReadAction","target":["https:\/\/goldenhorizontegypt.com\/product\/gouna-karting-trip\/"]}]},{"@type":"ImageObject","inLanguage":"ro-RO","@id":"https:\/\/goldenhorizontegypt.com\/product\/gouna-karting-trip\/#primaryimage","url":"https:\/\/goldenhorizontegypt.com\/wp-content\/uploads\/2025\/09\/i-am-catching-you.jpg","contentUrl":"https:\/\/goldenhorizontegypt.com\/wp-content\/uploads\/2025\/09\/i-am-catching-you.jpg","width":550,"height":365},{"@type":"BreadcrumbList","@id":"https:\/\/goldenhorizontegypt.com\/product\/gouna-karting-trip\/#breadcrumb","itemListElement":[{"@type":"ListItem","position":1,"name":"Home","item":"https:\/\/goldenhorizontegypt.com\/"},{"@type":"ListItem","position":2,"name":"Shop","item":"https:\/\/goldenhorizontegypt.com\/shop\/"},{"@type":"ListItem","position":3,"name":"Gouna Karting: High-Speed Fun &#038; Racing Thrills"}]},{"@type":"WebSite","@id":"https:\/\/goldenhorizontegypt.com\/#website","url":"https:\/\/goldenhorizontegypt.com\/","name":"Orizont de Aur Egipt","description":"","potentialAction":[{"@type":"SearchAction","target":{"@type":"EntryPoint","urlTemplate":"https:\/\/goldenhorizontegypt.com\/?s={search_term_string}"},"query-input":{"@type":"PropertyValueSpecification","valueRequired":true,"valueName":"search_term_string"}}],"inLanguage":"ro-RO"}]}},"_links":{"self":[{"href":"https:\/\/goldenhorizontegypt.com\/ro\/wp-json\/wp\/v2\/product\/10099","targetHints":{"allow":["GET"]}}],"collection":[{"href":"https:\/\/goldenhorizontegypt.com\/ro\/wp-json\/wp\/v2\/product"}],"about":[{"href":"https:\/\/goldenhorizontegypt.com\/ro\/wp-json\/wp\/v2\/types\/product"}],"replies":[{"embeddable":true,"href":"https:\/\/goldenhorizontegypt.com\/ro\/wp-json\/wp\/v2\/comments?post=10099"}],"wp:featuredmedia":[{"embeddable":true,"href":"https:\/\/goldenhorizontegypt.com\/ro\/wp-json\/wp\/v2\/media\/10103"}],"wp:attachment":[{"href":"https:\/\/goldenhorizontegypt.com\/ro\/wp-json\/wp\/v2\/media?parent=10099"}],"wp:term":[{"taxonomy":"product_brand","embeddable":true,"href":"https:\/\/goldenhorizontegypt.com\/ro\/wp-json\/wp\/v2\/product_brand?post=10099"},{"taxonomy":"product_cat","embeddable":true,"href":"https:\/\/goldenhorizontegypt.com\/ro\/wp-json\/wp\/v2\/product_cat?post=10099"},{"taxonomy":"product_tag","embeddable":true,"href":"https:\/\/goldenhorizontegypt.com\/ro\/wp-json\/wp\/v2\/product_tag?post=10099"}],"curies":[{"name":"wp","href":"https:\/\/api.w.org\/{rel}","templated":true}]}}