{"id":10089,"date":"2025-09-08T10:46:11","date_gmt":"2025-09-08T10:46:11","guid":{"rendered":"https:\/\/goldenhorizontegypt.com\/?post_type=product&#038;p=10089"},"modified":"2025-11-28T15:01:09","modified_gmt":"2025-11-28T15:01:09","slug":"juna-tours","status":"publish","type":"product","link":"https:\/\/goldenhorizontegypt.com\/ro\/produs\/juna-tours\/","title":{"rendered":"Turul El Gouna: Lagune, plaje \u0219i Marina Magic"},"content":{"rendered":"<p data-start=\"104\" data-end=\"179\"><strong data-start=\"104\" data-end=\"177\">\ud83c\udf34 Explora\u021bi frumuse\u021bea din El Gouna cu tururile noastre de neuitat din Gouna!<\/strong><\/p>\n<p data-start=\"181\" data-end=\"532\">Evada\u021bi din cotidian \u0219i porni\u021bi \u00eentr-o c\u0103l\u0103torie spre <strong data-start=\"229\" data-end=\"241\">El Gouna<\/strong>, una dintre cele mai luxoase \u0219i pitore\u0219ti destina\u021bii maritime din Egipt, de-a lungul <strong data-start=\"320\" data-end=\"340\">Coasta M\u0103rii Ro\u0219ii \ud83c\udf0a<\/strong>. Cunoscut pentru <strong data-start=\"356\" data-end=\"426\">lagune turcoaz, plaje cu nisip auriu \ud83c\udfd6\ufe0f, \u0219i un stil de via\u021b\u0103 vibrant<\/strong>, El Gouna este un adev\u0103rat paradis pentru c\u0103l\u0103torii care caut\u0103 relaxare, aventur\u0103 \u0219i cultur\u0103, toate \u00eentr-un singur loc.<\/p>\n<p data-start=\"534\" data-end=\"574\"><strong data-start=\"534\" data-end=\"572\">\u2728 Ce v\u0103 a\u0219teapt\u0103 la un tur \u00een Gouna?<\/strong><\/p>\n<ul data-start=\"575\" data-end=\"1117\">\n<li data-start=\"575\" data-end=\"701\">\n<p data-start=\"577\" data-end=\"701\"><strong data-start=\"577\" data-end=\"607\">Experien\u021ba croazierei \u00een lagun\u0103 \u26f5<\/strong> - Plimba\u021bi-v\u0103 prin lagunele senine \u0219i bucura\u021bi-v\u0103 de priveli\u0219ti uluitoare ale ora\u0219ului de pe ap\u0103.<\/p>\n<\/li>\n<li data-start=\"702\" data-end=\"790\">\n<p data-start=\"704\" data-end=\"790\"><strong data-start=\"704\" data-end=\"736\">Relaxa\u021bi-v\u0103 pe plajele virgine \ud83c\udf1e<\/strong> - Bucura\u021bi-v\u0103 de soare \u0219i relaxa\u021bi-v\u0103 \u00eentr-un cadru tropical.<\/p>\n<\/li>\n<li data-start=\"791\" data-end=\"903\">\n<p data-start=\"793\" data-end=\"903\"><strong data-start=\"793\" data-end=\"822\">Str\u0103lucitoare Marina Walk \ud83d\udeb6\u200d\u2640\ufe0f<\/strong> - Plimba\u021bi-v\u0103 \u00een jurul portului Abu Tig Marina cu iahturile sale uimitoare, cafenele \u0219i magazine.<\/p>\n<\/li>\n<li data-start=\"904\" data-end=\"1013\">\n<p data-start=\"906\" data-end=\"1013\"><strong data-start=\"906\" data-end=\"932\">Cultur\u0103 \u0219i art\u0103 local\u0103 \ud83c\udfa8<\/strong> - Explora\u021bi str\u0103zile fermec\u0103toare, galeriile de art\u0103 \u0219i arhitectura unic\u0103 din El Gouna.<\/p>\n<\/li>\n<li data-start=\"1014\" data-end=\"1117\">\n<p data-start=\"1016\" data-end=\"1117\"><strong data-start=\"1016\" data-end=\"1048\">Activit\u0103\u021bi acvatice op\u021bionale \ud83e\udd3f<\/strong> - Snorkeling, scufund\u0103ri sau kitesurfing pentru cei cu inim\u0103 aventuroas\u0103.<\/p>\n<\/li>\n<\/ul>\n<p data-start=\"1119\" data-end=\"1144\"><strong data-start=\"1119\" data-end=\"1142\">\ud83d\udd52 Puncte forte ale c\u0103l\u0103toriei:<\/strong><\/p>\n<ul data-start=\"1145\" data-end=\"1331\">\n<li data-start=\"1145\" data-end=\"1198\">\n<p data-start=\"1147\" data-end=\"1198\">Excursii de o zi \u00eentreag\u0103 cu preluare \u0219i predare la hotel \ud83d\ude90.<\/p>\n<\/li>\n<li data-start=\"1199\" data-end=\"1247\">\n<p data-start=\"1201\" data-end=\"1247\">Pr\u00e2nz delicios la un restaurant pe malul m\u0103rii Nu este inclus \ud83c\udf7d\ufe0f.<\/p>\n<\/li>\n<li data-start=\"1248\" data-end=\"1331\">\n<p data-start=\"1250\" data-end=\"1331\">Timp liber pentru cump\u0103r\u0103turi, fotografie \ud83d\udcf8, sau pur \u0219i simplu pentru a v\u0103 bucura de atmosfera relaxat\u0103.<\/p>\n<\/li>\n<\/ul>\n<p data-start=\"1333\" data-end=\"1354\"><strong data-start=\"1333\" data-end=\"1352\">\ud83d\udcbc Perfect pentru:<\/strong><\/p>\n<ul data-start=\"1355\" data-end=\"1502\">\n<li data-start=\"1355\" data-end=\"1405\">\n<p data-start=\"1357\" data-end=\"1405\">Familii care caut\u0103 o escapad\u0103 distractiv\u0103 \ud83d\udc68\u200d\ud83d\udc69\u200d\ud83d\udc67\u200d\ud83d\udc66<\/p>\n<\/li>\n<li data-start=\"1406\" data-end=\"1452\">\n<p data-start=\"1408\" data-end=\"1452\">Cupluri care caut\u0103 o evadare romantic\u0103 \u2764\ufe0f<\/p>\n<\/li>\n<li data-start=\"1453\" data-end=\"1502\">\n<p data-start=\"1455\" data-end=\"1502\">C\u0103ut\u0103torii de aventur\u0103 \u0219i iubitorii de sporturi nautice \ud83c\udfc4\u200d\u2642\ufe0f<\/p>\n<\/li>\n<\/ul>\n<p data-start=\"1504\" data-end=\"1753\"><strong data-start=\"1504\" data-end=\"1534\">\ud83c\udf1f De ce s\u0103 alege\u021bi Gouna Tours?<\/strong><br data-start=\"1534\" data-end=\"1537\" \/>Deoarece El Gouna ofer\u0103 <strong data-start=\"1561\" data-end=\"1587\">ceva pentru fiecare<\/strong> - de la lagunele lini\u0219tite la via\u021ba de noapte agitat\u0103 \ud83c\udf19, de la cultura bogat\u0103 la relaxarea de lux. Fiecare moment aici este conceput pentru a crea <strong data-start=\"1717\" data-end=\"1750\">amintiri care dureaz\u0103 o via\u021b\u0103<\/strong>.<\/p>\n<p data-start=\"1253\" data-end=\"1278\"><strong data-start=\"1253\" data-end=\"1276\">\ud83e\udd11 Pre\u021burile activit\u0103\u021bilor:<\/strong><\/p>\n<table style=\"height: 54px;\" width=\"701\">\n<tbody>\n<tr>\n<td width=\"126\"><strong>\u00a0\u20ac\u00a0\u00a0\u00a0 35.00<\/strong><\/td>\n<td width=\"307\"><strong>Gouna Tours 1 Pax<\/strong><\/td>\n<\/tr>\n<tr>\n<td><strong>\u00a0\u20ac\u00a0\u00a0\u00a0 30.00<\/strong><\/td>\n<td width=\"307\"><strong>Gouna Tours2:9 Pax<\/strong><\/td>\n<\/tr>\n<\/tbody>\n<\/table>\n<h3 data-start=\"2198\" data-end=\"2225\"><strong data-start=\"2205\" data-end=\"2223\">Plata \u00een USD ($ \ud83c\uddfa\ud83c\uddf8) \u00een loc de EUR (\u20ac \ud83c\uddea\ud83c\uddfa) este disponibil\u0103 \u00een func\u021bie de cursul bancar zilnic.<\/strong><\/h3>\n<p><strong>Rezerv\u0103 prin WhatsApp:<\/strong><\/p>\n<p><a href=\"https:\/\/wa.me\/201021058859\" target=\"_blank\" rel=\"noopener\">\u00a0<img decoding=\"async\" class=\"alignnone wp-image-2058\" src=\"https:\/\/poehalisnamiegypt.com\/wp-content\/uploads\/2024\/02\/pngwing.com_-300x300.png\" sizes=\"auto, (max-width: 35px) 100vw, 35px\" srcset=\"https:\/\/poehalisnamiegypt.com\/wp-content\/uploads\/2024\/02\/pngwing.com_-300x300.png 300w, https:\/\/poehalisnamiegypt.com\/wp-content\/uploads\/2024\/02\/pngwing.com_-150x150.png 150w, https:\/\/poehalisnamiegypt.com\/wp-content\/uploads\/2024\/02\/pngwing.com_.png 584w\" alt=\"\" width=\"53\" height=\"53\" \/><\/a><\/p>\n<p>&nbsp;<\/p>\n<div id=\"gtx-trans\" style=\"position: absolute; left: 261px; top: 1.2px;\">\n<div class=\"gtx-trans-icon\"><\/div>\n<\/div>\n<div id=\"gtx-trans\" style=\"position: absolute; left: 261px; top: 1.2px;\">\n<div class=\"gtx-trans-icon\"><\/div>\n<\/div>","protected":false},"excerpt":{"rendered":"<p>\ud83c\udf34 Explore the Beauty of El Gouna with Our Unforgettable Gouna Tours! Escape the ordinary and set off on a journey to El Gouna, one of Egypt\u2019s most luxurious and picturesque seaside destinations along the Red Sea coast \ud83c\udf0a. Known for its turquoise lagoons, golden sandy beaches \ud83c\udfd6\ufe0f, and vibrant lifestyle, El Gouna is a [&hellip;]<\/p>\n","protected":false},"featured_media":10091,"comment_status":"open","ping_status":"closed","template":"","meta":[],"product_brand":[],"product_cat":[64],"product_tag":[],"class_list":{"0":"post-10089","1":"product","2":"type-product","3":"status-publish","4":"has-post-thumbnail","6":"product_cat-entertaining","8":"first","9":"instock","10":"shipping-taxable","11":"purchasable","12":"product-type-ovabrw_car_rental"},"yoast_head":"<!-- This site is optimized with the Yoast SEO plugin v27.5 - https:\/\/yoast.com\/product\/yoast-seo-wordpress\/ -->\n<title>El Gouna Tour: Lagoons, Beaches &amp; Marina Magic - Golden Horizont Egypt<\/title>\n<meta name=\"robots\" content=\"index, follow, max-snippet:-1, max-image-preview:large, max-video-preview:-1\" \/>\n<link rel=\"canonical\" href=\"https:\/\/goldenhorizontegypt.com\/ro\/produs\/juna-tours\/\" \/>\n<meta property=\"og:locale\" content=\"ro_RO\" \/>\n<meta property=\"og:type\" content=\"article\" \/>\n<meta property=\"og:title\" content=\"El Gouna Tour: Lagoons, Beaches &amp; Marina Magic - Golden Horizont Egypt\" \/>\n<meta property=\"og:description\" content=\"\ud83c\udf34 Explore the Beauty of El Gouna with Our Unforgettable Gouna Tours! Escape the ordinary and set off on a journey to El Gouna, one of Egypt\u2019s most luxurious and picturesque seaside destinations along the Red Sea coast \ud83c\udf0a. Known for its turquoise lagoons, golden sandy beaches \ud83c\udfd6\ufe0f, and vibrant lifestyle, El Gouna is a [&hellip;]\" \/>\n<meta property=\"og:url\" content=\"https:\/\/goldenhorizontegypt.com\/ro\/produs\/juna-tours\/\" \/>\n<meta property=\"og:site_name\" content=\"Golden Horizont Egypt\" \/>\n<meta property=\"article:modified_time\" content=\"2025-11-28T15:01:09+00:00\" \/>\n<meta property=\"og:image\" content=\"https:\/\/goldenhorizontegypt.com\/wp-content\/uploads\/2025\/09\/12-1.jpg\" \/>\n\t<meta property=\"og:image:width\" content=\"1200\" \/>\n\t<meta property=\"og:image:height\" content=\"800\" \/>\n\t<meta property=\"og:image:type\" content=\"image\/jpeg\" \/>\n<meta name=\"twitter:card\" content=\"summary_large_image\" \/>\n<meta name=\"twitter:label1\" content=\"Timp estimat pentru citire\" \/>\n\t<meta name=\"twitter:data1\" content=\"1 minut\" \/>\n<script type=\"application\/ld+json\" class=\"yoast-schema-graph\">{\"@context\":\"https:\\\/\\\/schema.org\",\"@graph\":[{\"@type\":\"WebPage\",\"@id\":\"https:\\\/\\\/goldenhorizontegypt.com\\\/product\\\/juna-tours\\\/\",\"url\":\"https:\\\/\\\/goldenhorizontegypt.com\\\/product\\\/juna-tours\\\/\",\"name\":\"El Gouna Tour: Lagoons, Beaches & Marina Magic - Golden Horizont Egypt\",\"isPartOf\":{\"@id\":\"https:\\\/\\\/goldenhorizontegypt.com\\\/#website\"},\"primaryImageOfPage\":{\"@id\":\"https:\\\/\\\/goldenhorizontegypt.com\\\/product\\\/juna-tours\\\/#primaryimage\"},\"image\":{\"@id\":\"https:\\\/\\\/goldenhorizontegypt.com\\\/product\\\/juna-tours\\\/#primaryimage\"},\"thumbnailUrl\":\"https:\\\/\\\/goldenhorizontegypt.com\\\/wp-content\\\/uploads\\\/2025\\\/09\\\/12-1.jpg\",\"datePublished\":\"2025-09-08T10:46:11+00:00\",\"dateModified\":\"2025-11-28T15:01:09+00:00\",\"breadcrumb\":{\"@id\":\"https:\\\/\\\/goldenhorizontegypt.com\\\/product\\\/juna-tours\\\/#breadcrumb\"},\"inLanguage\":\"ro-RO\",\"potentialAction\":[{\"@type\":\"ReadAction\",\"target\":[\"https:\\\/\\\/goldenhorizontegypt.com\\\/product\\\/juna-tours\\\/\"]}]},{\"@type\":\"ImageObject\",\"inLanguage\":\"ro-RO\",\"@id\":\"https:\\\/\\\/goldenhorizontegypt.com\\\/product\\\/juna-tours\\\/#primaryimage\",\"url\":\"https:\\\/\\\/goldenhorizontegypt.com\\\/wp-content\\\/uploads\\\/2025\\\/09\\\/12-1.jpg\",\"contentUrl\":\"https:\\\/\\\/goldenhorizontegypt.com\\\/wp-content\\\/uploads\\\/2025\\\/09\\\/12-1.jpg\",\"width\":1200,\"height\":800},{\"@type\":\"BreadcrumbList\",\"@id\":\"https:\\\/\\\/goldenhorizontegypt.com\\\/product\\\/juna-tours\\\/#breadcrumb\",\"itemListElement\":[{\"@type\":\"ListItem\",\"position\":1,\"name\":\"Home\",\"item\":\"https:\\\/\\\/goldenhorizontegypt.com\\\/\"},{\"@type\":\"ListItem\",\"position\":2,\"name\":\"Shop\",\"item\":\"https:\\\/\\\/goldenhorizontegypt.com\\\/shop\\\/\"},{\"@type\":\"ListItem\",\"position\":3,\"name\":\"El Gouna Tour: Lagoons, Beaches &#038; Marina Magic\"}]},{\"@type\":\"WebSite\",\"@id\":\"https:\\\/\\\/goldenhorizontegypt.com\\\/#website\",\"url\":\"https:\\\/\\\/goldenhorizontegypt.com\\\/\",\"name\":\"Golden Horizont Egypt\",\"description\":\"\",\"potentialAction\":[{\"@type\":\"SearchAction\",\"target\":{\"@type\":\"EntryPoint\",\"urlTemplate\":\"https:\\\/\\\/goldenhorizontegypt.com\\\/?s={search_term_string}\"},\"query-input\":{\"@type\":\"PropertyValueSpecification\",\"valueRequired\":true,\"valueName\":\"search_term_string\"}}],\"inLanguage\":\"ro-RO\"}]}<\/script>\n<!-- \/ Yoast SEO plugin. -->","yoast_head_json":{"title":"El Gouna Tour: Lagoons, Beaches & Marina Magic - Golden Horizont Egypt","robots":{"index":"index","follow":"follow","max-snippet":"max-snippet:-1","max-image-preview":"max-image-preview:large","max-video-preview":"max-video-preview:-1"},"canonical":"https:\/\/goldenhorizontegypt.com\/ro\/produs\/juna-tours\/","og_locale":"ro_RO","og_type":"article","og_title":"El Gouna Tour: Lagoons, Beaches & Marina Magic - Golden Horizont Egypt","og_description":"\ud83c\udf34 Explore the Beauty of El Gouna with Our Unforgettable Gouna Tours! Escape the ordinary and set off on a journey to El Gouna, one of Egypt\u2019s most luxurious and picturesque seaside destinations along the Red Sea coast \ud83c\udf0a. Known for its turquoise lagoons, golden sandy beaches \ud83c\udfd6\ufe0f, and vibrant lifestyle, El Gouna is a [&hellip;]","og_url":"https:\/\/goldenhorizontegypt.com\/ro\/produs\/juna-tours\/","og_site_name":"Golden Horizont Egypt","article_modified_time":"2025-11-28T15:01:09+00:00","og_image":[{"width":1200,"height":800,"url":"https:\/\/goldenhorizontegypt.com\/wp-content\/uploads\/2025\/09\/12-1.jpg","type":"image\/jpeg"}],"twitter_card":"summary_large_image","twitter_misc":{"Timp estimat pentru citire":"1 minut"},"schema":{"@context":"https:\/\/schema.org","@graph":[{"@type":"WebPage","@id":"https:\/\/goldenhorizontegypt.com\/product\/juna-tours\/","url":"https:\/\/goldenhorizontegypt.com\/product\/juna-tours\/","name":"El Gouna Tour: Lagoons, Beaches & Marina Magic - Golden Horizont Egypt","isPartOf":{"@id":"https:\/\/goldenhorizontegypt.com\/#website"},"primaryImageOfPage":{"@id":"https:\/\/goldenhorizontegypt.com\/product\/juna-tours\/#primaryimage"},"image":{"@id":"https:\/\/goldenhorizontegypt.com\/product\/juna-tours\/#primaryimage"},"thumbnailUrl":"https:\/\/goldenhorizontegypt.com\/wp-content\/uploads\/2025\/09\/12-1.jpg","datePublished":"2025-09-08T10:46:11+00:00","dateModified":"2025-11-28T15:01:09+00:00","breadcrumb":{"@id":"https:\/\/goldenhorizontegypt.com\/product\/juna-tours\/#breadcrumb"},"inLanguage":"ro-RO","potentialAction":[{"@type":"ReadAction","target":["https:\/\/goldenhorizontegypt.com\/product\/juna-tours\/"]}]},{"@type":"ImageObject","inLanguage":"ro-RO","@id":"https:\/\/goldenhorizontegypt.com\/product\/juna-tours\/#primaryimage","url":"https:\/\/goldenhorizontegypt.com\/wp-content\/uploads\/2025\/09\/12-1.jpg","contentUrl":"https:\/\/goldenhorizontegypt.com\/wp-content\/uploads\/2025\/09\/12-1.jpg","width":1200,"height":800},{"@type":"BreadcrumbList","@id":"https:\/\/goldenhorizontegypt.com\/product\/juna-tours\/#breadcrumb","itemListElement":[{"@type":"ListItem","position":1,"name":"Home","item":"https:\/\/goldenhorizontegypt.com\/"},{"@type":"ListItem","position":2,"name":"Shop","item":"https:\/\/goldenhorizontegypt.com\/shop\/"},{"@type":"ListItem","position":3,"name":"El Gouna Tour: Lagoons, Beaches &#038; Marina Magic"}]},{"@type":"WebSite","@id":"https:\/\/goldenhorizontegypt.com\/#website","url":"https:\/\/goldenhorizontegypt.com\/","name":"Orizont de Aur Egipt","description":"","potentialAction":[{"@type":"SearchAction","target":{"@type":"EntryPoint","urlTemplate":"https:\/\/goldenhorizontegypt.com\/?s={search_term_string}"},"query-input":{"@type":"PropertyValueSpecification","valueRequired":true,"valueName":"search_term_string"}}],"inLanguage":"ro-RO"}]}},"_links":{"self":[{"href":"https:\/\/goldenhorizontegypt.com\/ro\/wp-json\/wp\/v2\/product\/10089","targetHints":{"allow":["GET"]}}],"collection":[{"href":"https:\/\/goldenhorizontegypt.com\/ro\/wp-json\/wp\/v2\/product"}],"about":[{"href":"https:\/\/goldenhorizontegypt.com\/ro\/wp-json\/wp\/v2\/types\/product"}],"replies":[{"embeddable":true,"href":"https:\/\/goldenhorizontegypt.com\/ro\/wp-json\/wp\/v2\/comments?post=10089"}],"wp:featuredmedia":[{"embeddable":true,"href":"https:\/\/goldenhorizontegypt.com\/ro\/wp-json\/wp\/v2\/media\/10091"}],"wp:attachment":[{"href":"https:\/\/goldenhorizontegypt.com\/ro\/wp-json\/wp\/v2\/media?parent=10089"}],"wp:term":[{"taxonomy":"product_brand","embeddable":true,"href":"https:\/\/goldenhorizontegypt.com\/ro\/wp-json\/wp\/v2\/product_brand?post=10089"},{"taxonomy":"product_cat","embeddable":true,"href":"https:\/\/goldenhorizontegypt.com\/ro\/wp-json\/wp\/v2\/product_cat?post=10089"},{"taxonomy":"product_tag","embeddable":true,"href":"https:\/\/goldenhorizontegypt.com\/ro\/wp-json\/wp\/v2\/product_tag?post=10089"}],"curies":[{"name":"wp","href":"https:\/\/api.w.org\/{rel}","templated":true}]}}