{"id":10069,"date":"2025-09-08T10:23:43","date_gmt":"2025-09-08T10:23:43","guid":{"rendered":"https:\/\/goldenhorizontegypt.com\/?post_type=product&#038;p=10069"},"modified":"2025-12-28T18:02:35","modified_gmt":"2025-12-28T18:02:35","slug":"water-world-trip","status":"publish","type":"product","link":"https:\/\/goldenhorizontegypt.com\/ro\/produs\/water-world-trip\/","title":{"rendered":"Makadi Water World: Tobogane, distrac\u021bie \u0219i aventur\u0103 \u00een familie"},"content":{"rendered":"<p data-start=\"78\" data-end=\"131\"><strong data-start=\"78\" data-end=\"129\">\ud83d\udca6 Scufunda\u021bi-v\u0103 \u00een distrac\u021bie f\u0103r\u0103 sf\u00e2r\u0219it la Makadi Water World!<\/strong><\/p>\n<p data-start=\"133\" data-end=\"397\">Bine a\u021bi venit la <strong data-start=\"144\" data-end=\"176\">Cel mai mare parc acvatic din Egipt \ud83c\udf34<\/strong>, unde aventura \u0219i entuziasmul a\u0219teapt\u0103 \u00eentreaga familie! <strong data-start=\"233\" data-end=\"255\">Lumea apei Makadi<\/strong> este un adev\u0103rat paradis pentru iubitorii de ap\u0103, oferind un incredibil <strong data-start=\"317\" data-end=\"343\">50 de diapozitive emo\u021bionante \ud83c\udfa2<\/strong> concepute pentru a distra pe toat\u0103 lumea pe tot parcursul zilei.<\/p>\n<p data-start=\"399\" data-end=\"440\"><strong data-start=\"399\" data-end=\"438\">\u2728 Puncte forte ale Makadi Water World:<\/strong><\/p>\n<ul data-start=\"441\" data-end=\"686\">\n<li data-start=\"441\" data-end=\"537\">\n<p data-start=\"443\" data-end=\"537\"><strong data-start=\"443\" data-end=\"482\">25 de tobogane interesante pentru adul\u021bi \ud83c\udfc4\u200d\u2642\ufe0f<\/strong> - de la plimb\u0103ri de mare vitez\u0103 la r\u0103suciri pline de adrenalin\u0103!<\/p>\n<\/li>\n<li data-start=\"538\" data-end=\"619\">\n<p data-start=\"540\" data-end=\"619\"><strong data-start=\"540\" data-end=\"582\">25 de tobogane pline de distrac\u021bie pentru copii \ud83d\udc67\ud83e\uddd2<\/strong> - sigure, colorate \u0219i pline de bucurie!<\/p>\n<\/li>\n<li data-start=\"620\" data-end=\"686\">\n<p data-start=\"622\" data-end=\"686\">Un amestec perfect de <strong data-start=\"639\" data-end=\"683\">distrac\u021bie \u00een familie, relaxare \u0219i aventur\u0103 \ud83c\udf1e<\/strong>.<\/p>\n<\/li>\n<\/ul>\n<div class=\"st-highlight\">\n<h2 class=\"st-heading-section\">Program<\/h2>\n<ul>\n<li><img decoding=\"async\" class=\"emoji\" role=\"img\" draggable=\"false\" src=\"https:\/\/s.w.org\/images\/core\/emoji\/16.0.1\/svg\/1f559.svg\" alt=\"\ud83d\udd59\" \/>\u00a0Depart : vers 10h00 (aproximativ)<\/li>\n<li><img decoding=\"async\" class=\"emoji\" role=\"img\" draggable=\"false\" src=\"https:\/\/s.w.org\/images\/core\/emoji\/16.0.1\/svg\/1f55f.svg\" alt=\"\ud83d\udd5f\" \/>\u00a0Retur: c\u0103tre 16h30 (aproximativ)<\/li>\n<\/ul>\n<\/div>\n<div class=\"accordion-item\">\n<h2 class=\"st-heading-section\">Op\u021biuni incluse<\/h2>\n<div id=\"collapseInExClude\" class=\"accordion-collapse collapse show\" aria-labelledby=\"headingInExClude\" data-bs-parent=\"#headingInExClude\">\n<div class=\"accordion-body\">\n<div class=\"row\">\n<div class=\"col-lg-6\">\n<ul class=\"include\">\n<li><i class=\"input-icon st-border-radius field-icon fa\"><\/i>Acces nelimitat la toate toboganele \u0219i zonele din parc<\/li>\n<li><i class=\"input-icon st-border-radius field-icon fa\"><\/i>Gustare D\u00e9jeuner\u00a0<img decoding=\"async\" class=\"emoji\" role=\"img\" draggable=\"false\" src=\"https:\/\/s.w.org\/images\/core\/emoji\/16.0.1\/svg\/1f354.svg\" alt=\"\ud83c\udf54\" \/><\/li>\n<li><i class=\"input-icon st-border-radius field-icon fa\"><\/i>Boissons soft\u00a0<img decoding=\"async\" class=\"emoji\" role=\"img\" draggable=\"false\" src=\"https:\/\/s.w.org\/images\/core\/emoji\/16.0.1\/svg\/1f964.svg\" alt=\"\ud83e\udd64\" \/><\/li>\n<li><i class=\"input-icon st-border-radius field-icon fa\"><\/i>Transfer hotel aller-retour\u00a0<img decoding=\"async\" class=\"emoji\" role=\"img\" draggable=\"false\" src=\"https:\/\/s.w.org\/images\/core\/emoji\/16.0.1\/svg\/1f690.svg\" alt=\"\ud83d\ude90\" \/><\/li>\n<\/ul>\n<\/div>\n<\/div>\n<\/div>\n<\/div>\n<\/div>\n<p data-start=\"688\" data-end=\"889\">Fie c\u0103 sunte\u021bi \u00een c\u0103utarea pentru <strong data-start=\"715\" data-end=\"741\">senza\u021bii tari<\/strong>, <strong data-start=\"743\" data-end=\"772\">plimb\u0103ri u\u0219oare pentru copii<\/strong>, sau o <strong data-start=\"779\" data-end=\"814\">zi \u00eensorit\u0103 la piscine \ud83c\udfd6\ufe0f<\/strong>, Makadi Water World garanteaz\u0103 o experien\u021b\u0103 de neuitat pentru toat\u0103 lumea!<\/p>\n<h3 data-start=\"2198\" data-end=\"2225\"><strong data-start=\"2205\" data-end=\"2223\">\ud83e\udd11 Pre\u021bul excursiei<\/strong><\/h3>\n<p data-start=\"2228\" data-end=\"2260\"><strong data-start=\"2233\" data-end=\"2258\">\u00a0 \u00a0<img decoding=\"async\" class=\"emoji\" role=\"img\" draggable=\"false\" src=\"https:\/\/s.w.org\/images\/core\/emoji\/16.0.1\/svg\/1f64e-1f3fb-200d-2642-fe0f.svg\" alt=\"\ud83d\ude4e\ud83c\udffb\u200d\u2642\ufe0f\" \/> 12 ani \u0219i peste 65 \u20ac<\/strong><\/p>\n<p data-start=\"2228\" data-end=\"2260\"><strong data-start=\"2263\" data-end=\"2280\">\u00a0 \u00a0<img decoding=\"async\" class=\"emoji\" role=\"img\" draggable=\"false\" src=\"https:\/\/s.w.org\/images\/core\/emoji\/16.0.1\/svg\/1f9cd-1f3fb-200d-2640-fe0f.svg\" alt=\"\ud83e\uddcd\ud83c\udffb\u200d\u2640\ufe0f\" \/> 5\/11 ani 35 \u20ac<\/strong><\/p>\n<p data-start=\"2228\" data-end=\"2260\"><strong data-start=\"2327\" data-end=\"2355\">\u00a0 \u00a0<img decoding=\"async\" class=\"emoji\" role=\"img\" draggable=\"false\" src=\"https:\/\/s.w.org\/images\/core\/emoji\/16.0.1\/svg\/1f47c-1f3fc.svg\" alt=\"\ud83d\udc7c\ud83c\udffc\" \/> -5 ani Gratuit<\/strong><\/p>\n<h3 data-start=\"2198\" data-end=\"2225\"><strong data-start=\"2205\" data-end=\"2223\">Plata \u00een USD ($ \ud83c\uddfa\ud83c\uddf8) \u00een loc de EUR (\u20ac \ud83c\uddea\ud83c\uddfa) este disponibil\u0103 \u00een func\u021bie de cursul bancar zilnic.<\/strong><\/h3>\n<p><strong>Rezerv\u0103 prin WhatsApp:<\/strong><\/p>\n<p><a href=\"https:\/\/wa.me\/201021058859\" target=\"_blank\" rel=\"noopener\">\u00a0<img decoding=\"async\" class=\"alignnone wp-image-2058\" src=\"https:\/\/poehalisnamiegypt.com\/wp-content\/uploads\/2024\/02\/pngwing.com_-300x300.png\" sizes=\"auto, (max-width: 35px) 100vw, 35px\" srcset=\"https:\/\/poehalisnamiegypt.com\/wp-content\/uploads\/2024\/02\/pngwing.com_-300x300.png 300w, https:\/\/poehalisnamiegypt.com\/wp-content\/uploads\/2024\/02\/pngwing.com_-150x150.png 150w, https:\/\/poehalisnamiegypt.com\/wp-content\/uploads\/2024\/02\/pngwing.com_.png 584w\" alt=\"\" width=\"53\" height=\"53\" \/><\/a><\/p>\n<p>&nbsp;<\/p>\n<div id=\"gtx-trans\" style=\"position: absolute; left: 251px; top: 1.2px;\">\n<div class=\"gtx-trans-icon\"><\/div>\n<\/div>","protected":false},"excerpt":{"rendered":"<p>\ud83d\udca6 Dive into Endless Fun at Makadi Water World! Welcome to Egypt\u2019s largest aqua park \ud83c\udf34, where adventure and excitement await the whole family! Makadi Water World is a true paradise for water lovers, featuring an incredible 50 thrilling slides \ud83c\udfa2 designed to keep everyone entertained all day long. \u2728 Highlights of Makadi Water World: [&hellip;]<\/p>\n","protected":false},"featured_media":10071,"comment_status":"open","ping_status":"closed","template":"","meta":[],"product_brand":[],"product_cat":[64],"product_tag":[],"class_list":{"0":"post-10069","1":"product","2":"type-product","3":"status-publish","4":"has-post-thumbnail","6":"product_cat-entertaining","8":"first","9":"instock","10":"shipping-taxable","11":"purchasable","12":"product-type-ovabrw_car_rental"},"yoast_head":"<!-- This site is optimized with the Yoast SEO plugin v27.5 - https:\/\/yoast.com\/product\/yoast-seo-wordpress\/ -->\n<title>Makadi Water World: Slides, Fun &amp; Family Adventure - Golden Horizont Egypt<\/title>\n<meta name=\"robots\" content=\"index, follow, max-snippet:-1, max-image-preview:large, max-video-preview:-1\" \/>\n<link rel=\"canonical\" href=\"https:\/\/goldenhorizontegypt.com\/ro\/produs\/water-world-trip\/\" \/>\n<meta property=\"og:locale\" content=\"ro_RO\" \/>\n<meta property=\"og:type\" content=\"article\" \/>\n<meta property=\"og:title\" content=\"Makadi Water World: Slides, Fun &amp; Family Adventure - Golden Horizont Egypt\" \/>\n<meta property=\"og:description\" content=\"\ud83d\udca6 Dive into Endless Fun at Makadi Water World! Welcome to Egypt\u2019s largest aqua park \ud83c\udf34, where adventure and excitement await the whole family! Makadi Water World is a true paradise for water lovers, featuring an incredible 50 thrilling slides \ud83c\udfa2 designed to keep everyone entertained all day long. \u2728 Highlights of Makadi Water World: [&hellip;]\" \/>\n<meta property=\"og:url\" content=\"https:\/\/goldenhorizontegypt.com\/ro\/produs\/water-world-trip\/\" \/>\n<meta property=\"og:site_name\" content=\"Golden Horizont Egypt\" \/>\n<meta property=\"article:modified_time\" content=\"2025-12-28T18:02:35+00:00\" \/>\n<meta property=\"og:image\" content=\"https:\/\/goldenhorizontegypt.com\/wp-content\/uploads\/2025\/09\/shark-house.jpg\" \/>\n\t<meta property=\"og:image:width\" content=\"1000\" \/>\n\t<meta property=\"og:image:height\" content=\"677\" \/>\n\t<meta property=\"og:image:type\" content=\"image\/jpeg\" \/>\n<meta name=\"twitter:card\" content=\"summary_large_image\" \/>\n<meta name=\"twitter:label1\" content=\"Timp estimat pentru citire\" \/>\n\t<meta name=\"twitter:data1\" content=\"1 minut\" \/>\n<script type=\"application\/ld+json\" class=\"yoast-schema-graph\">{\"@context\":\"https:\\\/\\\/schema.org\",\"@graph\":[{\"@type\":\"WebPage\",\"@id\":\"https:\\\/\\\/goldenhorizontegypt.com\\\/product\\\/water-world-trip\\\/\",\"url\":\"https:\\\/\\\/goldenhorizontegypt.com\\\/product\\\/water-world-trip\\\/\",\"name\":\"Makadi Water World: Slides, Fun & Family Adventure - Golden Horizont Egypt\",\"isPartOf\":{\"@id\":\"https:\\\/\\\/goldenhorizontegypt.com\\\/#website\"},\"primaryImageOfPage\":{\"@id\":\"https:\\\/\\\/goldenhorizontegypt.com\\\/product\\\/water-world-trip\\\/#primaryimage\"},\"image\":{\"@id\":\"https:\\\/\\\/goldenhorizontegypt.com\\\/product\\\/water-world-trip\\\/#primaryimage\"},\"thumbnailUrl\":\"https:\\\/\\\/goldenhorizontegypt.com\\\/wp-content\\\/uploads\\\/2025\\\/09\\\/shark-house.jpg\",\"datePublished\":\"2025-09-08T10:23:43+00:00\",\"dateModified\":\"2025-12-28T18:02:35+00:00\",\"breadcrumb\":{\"@id\":\"https:\\\/\\\/goldenhorizontegypt.com\\\/product\\\/water-world-trip\\\/#breadcrumb\"},\"inLanguage\":\"ro-RO\",\"potentialAction\":[{\"@type\":\"ReadAction\",\"target\":[\"https:\\\/\\\/goldenhorizontegypt.com\\\/product\\\/water-world-trip\\\/\"]}]},{\"@type\":\"ImageObject\",\"inLanguage\":\"ro-RO\",\"@id\":\"https:\\\/\\\/goldenhorizontegypt.com\\\/product\\\/water-world-trip\\\/#primaryimage\",\"url\":\"https:\\\/\\\/goldenhorizontegypt.com\\\/wp-content\\\/uploads\\\/2025\\\/09\\\/shark-house.jpg\",\"contentUrl\":\"https:\\\/\\\/goldenhorizontegypt.com\\\/wp-content\\\/uploads\\\/2025\\\/09\\\/shark-house.jpg\",\"width\":1000,\"height\":677},{\"@type\":\"BreadcrumbList\",\"@id\":\"https:\\\/\\\/goldenhorizontegypt.com\\\/product\\\/water-world-trip\\\/#breadcrumb\",\"itemListElement\":[{\"@type\":\"ListItem\",\"position\":1,\"name\":\"Home\",\"item\":\"https:\\\/\\\/goldenhorizontegypt.com\\\/\"},{\"@type\":\"ListItem\",\"position\":2,\"name\":\"Shop\",\"item\":\"https:\\\/\\\/goldenhorizontegypt.com\\\/shop\\\/\"},{\"@type\":\"ListItem\",\"position\":3,\"name\":\"Makadi Water World: Slides, Fun &#038; Family Adventure\"}]},{\"@type\":\"WebSite\",\"@id\":\"https:\\\/\\\/goldenhorizontegypt.com\\\/#website\",\"url\":\"https:\\\/\\\/goldenhorizontegypt.com\\\/\",\"name\":\"Golden Horizont Egypt\",\"description\":\"\",\"potentialAction\":[{\"@type\":\"SearchAction\",\"target\":{\"@type\":\"EntryPoint\",\"urlTemplate\":\"https:\\\/\\\/goldenhorizontegypt.com\\\/?s={search_term_string}\"},\"query-input\":{\"@type\":\"PropertyValueSpecification\",\"valueRequired\":true,\"valueName\":\"search_term_string\"}}],\"inLanguage\":\"ro-RO\"}]}<\/script>\n<!-- \/ Yoast SEO plugin. -->","yoast_head_json":{"title":"Makadi Water World: Slides, Fun & Family Adventure - Golden Horizont Egypt","robots":{"index":"index","follow":"follow","max-snippet":"max-snippet:-1","max-image-preview":"max-image-preview:large","max-video-preview":"max-video-preview:-1"},"canonical":"https:\/\/goldenhorizontegypt.com\/ro\/produs\/water-world-trip\/","og_locale":"ro_RO","og_type":"article","og_title":"Makadi Water World: Slides, Fun & Family Adventure - Golden Horizont Egypt","og_description":"\ud83d\udca6 Dive into Endless Fun at Makadi Water World! Welcome to Egypt\u2019s largest aqua park \ud83c\udf34, where adventure and excitement await the whole family! Makadi Water World is a true paradise for water lovers, featuring an incredible 50 thrilling slides \ud83c\udfa2 designed to keep everyone entertained all day long. \u2728 Highlights of Makadi Water World: [&hellip;]","og_url":"https:\/\/goldenhorizontegypt.com\/ro\/produs\/water-world-trip\/","og_site_name":"Golden Horizont Egypt","article_modified_time":"2025-12-28T18:02:35+00:00","og_image":[{"width":1000,"height":677,"url":"https:\/\/goldenhorizontegypt.com\/wp-content\/uploads\/2025\/09\/shark-house.jpg","type":"image\/jpeg"}],"twitter_card":"summary_large_image","twitter_misc":{"Timp estimat pentru citire":"1 minut"},"schema":{"@context":"https:\/\/schema.org","@graph":[{"@type":"WebPage","@id":"https:\/\/goldenhorizontegypt.com\/product\/water-world-trip\/","url":"https:\/\/goldenhorizontegypt.com\/product\/water-world-trip\/","name":"Makadi Water World: Slides, Fun & Family Adventure - Golden Horizont Egypt","isPartOf":{"@id":"https:\/\/goldenhorizontegypt.com\/#website"},"primaryImageOfPage":{"@id":"https:\/\/goldenhorizontegypt.com\/product\/water-world-trip\/#primaryimage"},"image":{"@id":"https:\/\/goldenhorizontegypt.com\/product\/water-world-trip\/#primaryimage"},"thumbnailUrl":"https:\/\/goldenhorizontegypt.com\/wp-content\/uploads\/2025\/09\/shark-house.jpg","datePublished":"2025-09-08T10:23:43+00:00","dateModified":"2025-12-28T18:02:35+00:00","breadcrumb":{"@id":"https:\/\/goldenhorizontegypt.com\/product\/water-world-trip\/#breadcrumb"},"inLanguage":"ro-RO","potentialAction":[{"@type":"ReadAction","target":["https:\/\/goldenhorizontegypt.com\/product\/water-world-trip\/"]}]},{"@type":"ImageObject","inLanguage":"ro-RO","@id":"https:\/\/goldenhorizontegypt.com\/product\/water-world-trip\/#primaryimage","url":"https:\/\/goldenhorizontegypt.com\/wp-content\/uploads\/2025\/09\/shark-house.jpg","contentUrl":"https:\/\/goldenhorizontegypt.com\/wp-content\/uploads\/2025\/09\/shark-house.jpg","width":1000,"height":677},{"@type":"BreadcrumbList","@id":"https:\/\/goldenhorizontegypt.com\/product\/water-world-trip\/#breadcrumb","itemListElement":[{"@type":"ListItem","position":1,"name":"Home","item":"https:\/\/goldenhorizontegypt.com\/"},{"@type":"ListItem","position":2,"name":"Shop","item":"https:\/\/goldenhorizontegypt.com\/shop\/"},{"@type":"ListItem","position":3,"name":"Makadi Water World: Slides, Fun &#038; Family Adventure"}]},{"@type":"WebSite","@id":"https:\/\/goldenhorizontegypt.com\/#website","url":"https:\/\/goldenhorizontegypt.com\/","name":"Orizont de Aur Egipt","description":"","potentialAction":[{"@type":"SearchAction","target":{"@type":"EntryPoint","urlTemplate":"https:\/\/goldenhorizontegypt.com\/?s={search_term_string}"},"query-input":{"@type":"PropertyValueSpecification","valueRequired":true,"valueName":"search_term_string"}}],"inLanguage":"ro-RO"}]}},"_links":{"self":[{"href":"https:\/\/goldenhorizontegypt.com\/ro\/wp-json\/wp\/v2\/product\/10069","targetHints":{"allow":["GET"]}}],"collection":[{"href":"https:\/\/goldenhorizontegypt.com\/ro\/wp-json\/wp\/v2\/product"}],"about":[{"href":"https:\/\/goldenhorizontegypt.com\/ro\/wp-json\/wp\/v2\/types\/product"}],"replies":[{"embeddable":true,"href":"https:\/\/goldenhorizontegypt.com\/ro\/wp-json\/wp\/v2\/comments?post=10069"}],"wp:featuredmedia":[{"embeddable":true,"href":"https:\/\/goldenhorizontegypt.com\/ro\/wp-json\/wp\/v2\/media\/10071"}],"wp:attachment":[{"href":"https:\/\/goldenhorizontegypt.com\/ro\/wp-json\/wp\/v2\/media?parent=10069"}],"wp:term":[{"taxonomy":"product_brand","embeddable":true,"href":"https:\/\/goldenhorizontegypt.com\/ro\/wp-json\/wp\/v2\/product_brand?post=10069"},{"taxonomy":"product_cat","embeddable":true,"href":"https:\/\/goldenhorizontegypt.com\/ro\/wp-json\/wp\/v2\/product_cat?post=10069"},{"taxonomy":"product_tag","embeddable":true,"href":"https:\/\/goldenhorizontegypt.com\/ro\/wp-json\/wp\/v2\/product_tag?post=10069"}],"curies":[{"name":"wp","href":"https:\/\/api.w.org\/{rel}","templated":true}]}}