{"id":7293,"date":"2023-06-06T02:10:33","date_gmt":"2023-06-06T02:10:33","guid":{"rendered":"https:\/\/goldenhorizontegypt.com\/?page_id=7293"},"modified":"2023-06-06T02:10:33","modified_gmt":"2023-06-06T02:10:33","slug":"offer-page","status":"publish","type":"page","link":"https:\/\/goldenhorizontegypt.com\/ro\/offer-page\/","title":{"rendered":"Pagina de ofert\u0103"},"content":{"rendered":"<div data-elementor-type=\"wp-page\" data-elementor-id=\"7293\" class=\"elementor elementor-7293\" data-elementor-post-type=\"page\">\n\t\t\t\t\t\t<section class=\"elementor-section elementor-top-section elementor-element elementor-element-7cb0c6e elementor-section-boxed elementor-section-height-default elementor-section-height-default\" data-id=\"7cb0c6e\" data-element_type=\"section\" data-e-type=\"section\">\n\t\t\t\t\t\t<div class=\"elementor-container elementor-column-gap-default\">\n\t\t\t\t\t<div class=\"elementor-column elementor-col-100 elementor-top-column elementor-element elementor-element-448268e\" data-id=\"448268e\" data-element_type=\"column\" data-e-type=\"column\">\n\t\t\t<div class=\"elementor-widget-wrap elementor-element-populated\">\n\t\t\t\t\t\t<div class=\"elementor-element elementor-element-f60e1b5 elementor-widget elementor-widget-ovabrw_product_filter_ajax\" data-id=\"f60e1b5\" data-element_type=\"widget\" data-e-type=\"widget\" data-settings=\"{&quot;pause_on_hover&quot;:&quot;yes&quot;,&quot;infinite&quot;:&quot;false&quot;,&quot;autoplay&quot;:&quot;false&quot;,&quot;nav_control&quot;:&quot;yes&quot;,&quot;dots_control&quot;:&quot;no&quot;}\" data-widget_type=\"ovabrw_product_filter_ajax.default\">\n\t\t\t\t<div class=\"elementor-widget-container\">\n\t\t\t\t\t\n<div class=\"ova-product-filter-ajax\"\n    data-show_on_sale = \"yes\"\n    data-posts_per_page = \"4\"\n    data-orderby = \"ID\"\n    data-order = \"ASC\"\n>\n\n    <ul class=\"product-filter-category\">\n\n    \t<li class=\"filter-title\">\n            Categorii populare        <\/li>\n        \n        <li class=\"product-filter-button active-category\" data-slug=\"all\">\n            <span class=\"category\">Toate<\/span>\n            <i aria-hidden=\"true\" class=\"icomoon icomoon-angle-right\"><\/i>\n        <\/li>\n        \n        \n            \n                \n            \n                \n            \n                \n            \n                \n            \n                \n            \n                \n            \n                \n            \n                \n            \n        \n    <\/ul>\n\n\n   \n    <div class=\"content-item slide-product owl-carousel owl-theme\" data-options=\"{&quot;items&quot;:1,&quot;slideBy&quot;:1,&quot;margin&quot;:0,&quot;autoplayTimeout&quot;:3000,&quot;smartSpeed&quot;:1000,&quot;autoplayHoverPause&quot;:true,&quot;loop&quot;:false,&quot;autoplay&quot;:false,&quot;nav&quot;:true,&quot;dots&quot;:false,&quot;rtl&quot;:false}\">\n        \n    <\/div>  \n\n<\/div>\t\t\t\t<\/div>\n\t\t\t\t<\/div>\n\t\t\t\t\t<\/div>\n\t\t<\/div>\n\t\t\t\t\t<\/div>\n\t\t<\/section>\n\t\t\t\t<section class=\"elementor-section elementor-top-section elementor-element elementor-element-0539191 elementor-section-boxed elementor-section-height-default elementor-section-height-default\" data-id=\"0539191\" data-element_type=\"section\" data-e-type=\"section\">\n\t\t\t\t\t\t\t<div class=\"elementor-background-overlay\"><\/div>\n\t\t\t\t\t\t\t<div class=\"elementor-container elementor-column-gap-default\">\n\t\t\t\t\t<div class=\"elementor-column elementor-col-100 elementor-top-column elementor-element elementor-element-47227f6\" data-id=\"47227f6\" data-element_type=\"column\" data-e-type=\"column\">\n\t\t\t<div class=\"elementor-widget-wrap elementor-element-populated\">\n\t\t\t\t\t\t<div class=\"elementor-element elementor-element-e0c9baa elementor-widget elementor-widget-tripgo_elementor_heading\" data-id=\"e0c9baa\" data-element_type=\"widget\" data-e-type=\"widget\" data-widget_type=\"tripgo_elementor_heading.default\">\n\t\t\t\t<div class=\"elementor-widget-container\">\n\t\t\t\t\t\t\t<div class=\"ova-title\">\n\n\t\t\t\n\t\t\t\t\t\t\t\n\t\t\t\t\t<h2 class=\"title\">Cea mai recent\u0103 ofert\u0103<\/h2>\n\t\t\t\t\t\t\t\n\t\t\t\t\t\t\t<p class=\"description\">An enim nullam tempor sapien gravida donec enim ipsum<\/p>\n\t\t\t\n\t\t<\/div> \n\t\t \t\n\t\t\t\t\t\t<\/div>\n\t\t\t\t<\/div>\n\t\t\t\t<div class=\"elementor-element elementor-element-31454c1 elementor-widget elementor-widget-ovabrw_product_list\" data-id=\"31454c1\" data-element_type=\"widget\" data-e-type=\"widget\" data-widget_type=\"ovabrw_product_list.default\">\n\t\t\t\t<div class=\"elementor-widget-container\">\n\t\t\t\t\t\n\t\t\t\t\t<div class=\"ova-no-products-found\">\n\t\t\t\tNu s-au g\u0103sit produse\t\t\t<\/div>\n\t\t\n\t\t\t\t\t\t<\/div>\n\t\t\t\t<\/div>\n\t\t\t\t\t<\/div>\n\t\t<\/div>\n\t\t\t\t\t<\/div>\n\t\t<\/section>\n\t\t\t\t<section class=\"elementor-section elementor-top-section elementor-element elementor-element-71998ff elementor-section-boxed elementor-section-height-default elementor-section-height-default\" data-id=\"71998ff\" data-element_type=\"section\" data-e-type=\"section\">\n\t\t\t\t\t\t<div class=\"elementor-container elementor-column-gap-default\">\n\t\t\t\t\t<div class=\"elementor-column elementor-col-50 elementor-top-column elementor-element elementor-element-b9bd3fb\" data-id=\"b9bd3fb\" data-element_type=\"column\" data-e-type=\"column\">\n\t\t\t<div class=\"elementor-widget-wrap elementor-element-populated\">\n\t\t\t\t\t\t<div class=\"elementor-element elementor-element-9dc9e3e elementor-widget elementor-widget-tripgo_elementor_special_offer_2\" data-id=\"9dc9e3e\" data-element_type=\"widget\" data-e-type=\"widget\" data-widget_type=\"tripgo_elementor_special_offer_2.default\">\n\t\t\t\t<div class=\"elementor-widget-container\">\n\t\t\t\t\t\t\t<div class=\"ova-special-offer-2\">\n\t\t\t\n\t\t\t<div class=\"background-image\" style=\"background-image: url('https:\/\/goldenhorizontegypt.com\/wp-content\/uploads\/2023\/06\/Special_Offter_1.jpg');\"><\/div>\n\n\t\t\t<div class=\"content\">\n\n\t\t\t\t\n\t\t\t\t\t<h5 class=\"subtitle\">-32% OFF<\/h5>\n\n\t\t\t\t\n\t\t\t\t\n\t\t\t\t\t\n\t\t\t\t\t\t<h3 class=\"title\">\n\t\t\t\t\t\t\t<a href=\"#\"  >\n\t\t\t\t\t\t\t\tOfert\u0103 special\u0103 a acestei s\u0103pt\u0103m\u00e2ni\t\t\t\t\t\t\t<\/a>\n\t\t\t\t\t\t<\/h3>\n\n\t\t\t\t\t\t\t\t\t\t\n\t\t\t\t\n\t\t\t\t\n\t\t\t\t\t<p class=\"desc\">An enim nullam tempor sapien gravida donec enim<\/p>\n\n\t\t\t\t\n\t\t\t\t\n\t\t\t\t\t<a href=\"#\" class=\"link\"  >\n\t\t\t\t\t\tCump\u0103ra\u021bi acum\t\t\t\t\t<\/a>\n\n\t\t\t\t\n\t\t\t<\/div>\n\t\t<\/div>\n\t\t\t\t\t\t<\/div>\n\t\t\t\t<\/div>\n\t\t\t\t\t<\/div>\n\t\t<\/div>\n\t\t\t\t<div class=\"elementor-column elementor-col-50 elementor-top-column elementor-element elementor-element-69b1e31\" data-id=\"69b1e31\" data-element_type=\"column\" data-e-type=\"column\">\n\t\t\t<div class=\"elementor-widget-wrap elementor-element-populated\">\n\t\t\t\t\t\t<div class=\"elementor-element elementor-element-180a799 elementor-widget elementor-widget-tripgo_elementor_special_offer_2\" data-id=\"180a799\" data-element_type=\"widget\" data-e-type=\"widget\" data-widget_type=\"tripgo_elementor_special_offer_2.default\">\n\t\t\t\t<div class=\"elementor-widget-container\">\n\t\t\t\t\t\t\t<div class=\"ova-special-offer-2\">\n\t\t\t\n\t\t\t<div class=\"background-image\" style=\"background-image: url('https:\/\/goldenhorizontegypt.com\/wp-content\/uploads\/2023\/06\/Special_Offter_2.jpg');\"><\/div>\n\n\t\t\t<div class=\"content\">\n\n\t\t\t\t\n\t\t\t\t\t<h5 class=\"subtitle\">-25% OFF<\/h5>\n\n\t\t\t\t\n\t\t\t\t\n\t\t\t\t\t\n\t\t\t\t\t\t<h3 class=\"title\">\n\t\t\t\t\t\t\t<a href=\"#\"  >\n\t\t\t\t\t\t\t\tOfert\u0103 special\u0103 a acestei s\u0103pt\u0103m\u00e2ni\t\t\t\t\t\t\t<\/a>\n\t\t\t\t\t\t<\/h3>\n\n\t\t\t\t\t\t\t\t\t\t\n\t\t\t\t\n\t\t\t\t\n\t\t\t\t\t<p class=\"desc\">An enim nullam tempor sapien gravida donec enim<\/p>\n\n\t\t\t\t\n\t\t\t\t\n\t\t\t\t\t<a href=\"#\" class=\"link\"  >\n\t\t\t\t\t\tCump\u0103ra\u021bi acum\t\t\t\t\t<\/a>\n\n\t\t\t\t\n\t\t\t<\/div>\n\t\t<\/div>\n\t\t\t\t\t\t<\/div>\n\t\t\t\t<\/div>\n\t\t\t\t\t<\/div>\n\t\t<\/div>\n\t\t\t\t\t<\/div>\n\t\t<\/section>\n\t\t\t\t<section class=\"elementor-section elementor-top-section elementor-element elementor-element-648c70c elementor-section-boxed elementor-section-height-default elementor-section-height-default\" data-id=\"648c70c\" data-element_type=\"section\" data-e-type=\"section\">\n\t\t\t\t\t\t<div class=\"elementor-container elementor-column-gap-default\">\n\t\t\t\t\t<div class=\"elementor-column elementor-col-100 elementor-top-column elementor-element elementor-element-7963ce6\" data-id=\"7963ce6\" data-element_type=\"column\" data-e-type=\"column\">\n\t\t\t<div class=\"elementor-widget-wrap elementor-element-populated\">\n\t\t\t\t\t\t<div class=\"elementor-element elementor-element-7c0de73 elementor-widget elementor-widget-tripgo_elementor_blog_grid\" data-id=\"7c0de73\" data-element_type=\"widget\" data-e-type=\"widget\" data-widget_type=\"tripgo_elementor_blog_grid.default\">\n\t\t\t\t<div class=\"elementor-widget-container\">\n\t\t\t\t\t\t\t\n\t\t<ul class=\"ova-blog  template4\">\n\t\t\t\t\t\t\t<li class=\"item\">\n\n\t\t\t\t\t\t\t\t        \t<div class=\"media\">\n\t\t\t\t        \t\t\t\t\t        \t<a href=\"https:\/\/goldenhorizontegypt.com\/ro\/hello-world\/\" rel=\"bookmark\" title=\"Bun\u0103 ziua lume!\">\n\t\t\t\t        \t\t<img decoding=\"async\" src=\"https:\/\/goldenhorizontegypt.com\/wp-content\/plugins\/elementor\/assets\/images\/placeholder.png\" alt=\"Hello world!\">\n\t\t\t\t        \t\t<div class=\"overlay\"><\/div>\n\t\t\t\t        \t<\/a>\n\t\t\t\t        <\/div>\n\t\t\t        \n\t\t        \t<div class=\"ova-content\">\n\t        \t\t\t<ul class=\"post-meta\">\n\t\t\t\t\t\t    \t\t\t\t\t\t\t\t<li class=\"item-meta wp-author\">\n\t\t\t\t\t\t\t    \t<span class=\"left author\"> \n\t\t\t\t\t\t\t    \t \t<i class=\"icomoon icomoon-profile-circle\"><\/i>\n\t\t\t\t\t\t\t    \t<\/span>\n\t\t\t\t\t\t\t    \t<!-- far fa-user-circle -->\n\t\t\t\t\t\t\t\t    <span class=\"right post-author\">\n\t\t\t\t\t\t\t        \t<a href=\"https:\/\/goldenhorizontegypt.com\/ro\/author\/gheadmin\/\">\n\t\t\t\t\t\t\t        \t\tOrizont de aur Egipt\t\t\t\t\t\t\t        \t<\/a>\n\t\t\t\t\t\t\t\t    <\/span>\n\t\t\t\t\t\t\t    <\/li>\n\t\t\t\t\t\t\t\n\t\t\t\t\t\t\t\t\t\t\t\t\t\t    <li class=\"item-meta post-date\">\n\t\t\t\t\t\t\t        <span class=\"left date\">\n\t\t\t\t\t\t\t        \t<i class=\"icomoon icomoon-calander\"><\/i>\n\t\t\t\t\t\t\t        <\/span>\n\t\t\t\t\t\t\t        <span class=\"right date\">\n\t\t\t\t\t\t\t        \tseptembrie 4, 2025\t\t\t\t\t\t\t        <\/span>\n\t\t\t\t\t\t\t    <\/li>\n\t\t\t\t\t\t    \n\t\t\t\t\t\t<\/ul>\n\t\t\t\t\t\t\n\t\t\t\t\t\t\t\t\t\t            <h4 class=\"post-title\">\n\t\t\t\t\t\t        <a href=\"https:\/\/goldenhorizontegypt.com\/ro\/hello-world\/\" rel=\"bookmark\" title=\"Bun\u0103 ziua lume!\">Bun\u0103 ziua lume!<\/a>\n\t\t\t\t\t\t    <\/h4>\n\t\t\t\t\t    \n\t\t\t\t\t    \t\t\t\t\t\t    <div class=\"short_desc\">\n\t\t\t\t\t\t    \t<p> Welcome to WordPress. This is your first post. Edit&hellip; <\/p>\n\t\t\t\t\t\t    <\/div>\n\t\t\t\t\t\t\n\t\t\t\t\t    \t\t\t\t\t\t    <a class=\"read-more\" href=\"https:\/\/goldenhorizontegypt.com\/ro\/hello-world\/\">\n\t\t\t\t\t\t    \t<span>Cite\u0219te mai mult<\/span>\n\t\t\t\t\t\t    \t<i aria-hidden=\"true\" class=\"icomoon icomoon-arrow-right\"><\/i>\t\t\t\t\t\t    <\/a>\n\t\t\t\t\t    \t\t        \t<\/div>\n\t\t\t\t        \n\t\t\t\t<\/li>\t\n\t\t\t\t\t\n\t\t\t\t\t\t\t<li class=\"item\">\n\n\t\t\t\t\t\n\t\t\t\t\t    <div class=\"media\">\n\t\t\t\t        \t<a href=\"https:\/\/goldenhorizontegypt.com\/ro\/convergent-and-divergent-plate-margins\/\" rel=\"bookmark\" title=\"Picnic \u00een p\u0103dure\">\n\t\t\t\t        \t\t<img fetchpriority=\"high\" decoding=\"async\" width=\"768\" height=\"500\" src=\"https:\/\/goldenhorizontegypt.com\/wp-content\/uploads\/2022\/07\/blog-01-768x500.jpg\" class=\"img-responsive wp-post-image\" alt=\"\" \/>\t\t\t\t        \t\t<div class=\"overlay\"><\/div>\n\t\t\t\t        \t<\/a>\n\t\t\t\t        <\/div>\n\n\t\t\t        \n\t\t        \t<div class=\"ova-content\">\n\t        \t\t\t<ul class=\"post-meta\">\n\t\t\t\t\t\t    \t\t\t\t\t\t\t\t<li class=\"item-meta wp-author\">\n\t\t\t\t\t\t\t    \t<span class=\"left author\"> \n\t\t\t\t\t\t\t    \t \t<i class=\"icomoon icomoon-profile-circle\"><\/i>\n\t\t\t\t\t\t\t    \t<\/span>\n\t\t\t\t\t\t\t    \t<!-- far fa-user-circle -->\n\t\t\t\t\t\t\t\t    <span class=\"right post-author\">\n\t\t\t\t\t\t\t        \t<a href=\"https:\/\/goldenhorizontegypt.com\/ro\/author\/gheadmin\/\">\n\t\t\t\t\t\t\t        \t\tOrizont de aur Egipt\t\t\t\t\t\t\t        \t<\/a>\n\t\t\t\t\t\t\t\t    <\/span>\n\t\t\t\t\t\t\t    <\/li>\n\t\t\t\t\t\t\t\n\t\t\t\t\t\t\t\t\t\t\t\t\t\t    <li class=\"item-meta post-date\">\n\t\t\t\t\t\t\t        <span class=\"left date\">\n\t\t\t\t\t\t\t        \t<i class=\"icomoon icomoon-calander\"><\/i>\n\t\t\t\t\t\t\t        <\/span>\n\t\t\t\t\t\t\t        <span class=\"right date\">\n\t\t\t\t\t\t\t        \tiulie 1, 2022\t\t\t\t\t\t\t        <\/span>\n\t\t\t\t\t\t\t    <\/li>\n\t\t\t\t\t\t    \n\t\t\t\t\t\t<\/ul>\n\t\t\t\t\t\t\n\t\t\t\t\t\t\t\t\t\t            <h4 class=\"post-title\">\n\t\t\t\t\t\t        <a href=\"https:\/\/goldenhorizontegypt.com\/ro\/convergent-and-divergent-plate-margins\/\" rel=\"bookmark\" title=\"Picnic \u00een p\u0103dure\">Picnic \u00een p\u0103dure<\/a>\n\t\t\t\t\t\t    <\/h4>\n\t\t\t\t\t    \n\t\t\t\t\t    \t\t\t\t\t\t    <div class=\"short_desc\">\n\t\t\t\t\t\t    \t<p> Lorem ipsum dolor sit amet, consectetur adipisicing elit, sed&hellip; <\/p>\n\t\t\t\t\t\t    <\/div>\n\t\t\t\t\t\t\n\t\t\t\t\t    \t\t\t\t\t\t    <a class=\"read-more\" href=\"https:\/\/goldenhorizontegypt.com\/ro\/convergent-and-divergent-plate-margins\/\">\n\t\t\t\t\t\t    \t<span>Cite\u0219te mai mult<\/span>\n\t\t\t\t\t\t    \t<i aria-hidden=\"true\" class=\"icomoon icomoon-arrow-right\"><\/i>\t\t\t\t\t\t    <\/a>\n\t\t\t\t\t    \t\t        \t<\/div>\n\t\t\t\t        \n\t\t\t\t<\/li>\t\n\t\t\t\t\t\n\t\t\t\t\t<\/ul>\n\t\t\n\t\t\n\t\t\t\t\t\t<\/div>\n\t\t\t\t<\/div>\n\t\t\t\t\t<\/div>\n\t\t<\/div>\n\t\t\t\t\t<\/div>\n\t\t<\/section>\n\t\t\t\t<\/div>","protected":false},"excerpt":{"rendered":"<p>Popular Categories All Temple Beach Desert Mountain Sky City Latest Deal An enim nullam tempor sapien gravida donec enim ipsum Add to wishlist 7 days Copenhagen to Helsinki &#8211; 7 Days Copenhagen, Denmark 1&#8242; &#36;339.99 &#36;390.00 Explore Add to wishlist 3 days Amsterdam and Lake IJssel Cycle Amsterdam, Netherlands 1&#8242; &#36;233.00 &#36;250.00 Explore Add to [&hellip;]<\/p>\n","protected":false},"author":2,"featured_media":0,"parent":0,"menu_order":0,"comment_status":"closed","ping_status":"closed","template":"elementor_header_footer","meta":{"footnotes":""},"class_list":["post-7293","page","type-page","status-publish","hentry"],"yoast_head":"<!-- This site is optimized with the Yoast SEO plugin v27.5 - https:\/\/yoast.com\/product\/yoast-seo-wordpress\/ -->\n<title>Offer Page - Golden Horizont Egypt<\/title>\n<meta name=\"robots\" content=\"index, follow, max-snippet:-1, max-image-preview:large, max-video-preview:-1\" \/>\n<link rel=\"canonical\" href=\"https:\/\/goldenhorizontegypt.com\/ro\/offer-page\/\" \/>\n<meta property=\"og:locale\" content=\"ro_RO\" \/>\n<meta property=\"og:type\" content=\"article\" \/>\n<meta property=\"og:title\" content=\"Offer Page - Golden Horizont Egypt\" \/>\n<meta property=\"og:description\" content=\"Popular Categories All Temple Beach Desert Mountain Sky City Latest Deal An enim nullam tempor sapien gravida donec enim ipsum Add to wishlist 7 days Copenhagen to Helsinki &#8211; 7 Days Copenhagen, Denmark 1&#8242; &#036;339.99 &#036;390.00 Explore Add to wishlist 3 days Amsterdam and Lake IJssel Cycle Amsterdam, Netherlands 1&#8242; &#036;233.00 &#036;250.00 Explore Add to [&hellip;]\" \/>\n<meta property=\"og:url\" content=\"https:\/\/goldenhorizontegypt.com\/ro\/offer-page\/\" \/>\n<meta property=\"og:site_name\" content=\"Golden Horizont Egypt\" \/>\n<meta property=\"og:image\" content=\"https:\/\/goldenhorizontegypt.com\/wp-content\/uploads\/2022\/08\/Copenhagen-636x426.jpg\" \/>\n<meta name=\"twitter:card\" content=\"summary_large_image\" \/>\n<meta name=\"twitter:label1\" content=\"Timp estimat pentru citire\" \/>\n\t<meta name=\"twitter:data1\" content=\"1 minut\" \/>\n<script type=\"application\/ld+json\" class=\"yoast-schema-graph\">{\"@context\":\"https:\\\/\\\/schema.org\",\"@graph\":[{\"@type\":\"WebPage\",\"@id\":\"https:\\\/\\\/goldenhorizontegypt.com\\\/offer-page\\\/\",\"url\":\"https:\\\/\\\/goldenhorizontegypt.com\\\/offer-page\\\/\",\"name\":\"Offer Page - Golden Horizont Egypt\",\"isPartOf\":{\"@id\":\"https:\\\/\\\/goldenhorizontegypt.com\\\/#website\"},\"primaryImageOfPage\":{\"@id\":\"https:\\\/\\\/goldenhorizontegypt.com\\\/offer-page\\\/#primaryimage\"},\"image\":{\"@id\":\"https:\\\/\\\/goldenhorizontegypt.com\\\/offer-page\\\/#primaryimage\"},\"thumbnailUrl\":\"https:\\\/\\\/goldenhorizontegypt.com\\\/wp-content\\\/uploads\\\/2022\\\/08\\\/Copenhagen-636x426.jpg\",\"datePublished\":\"2023-06-06T02:10:33+00:00\",\"breadcrumb\":{\"@id\":\"https:\\\/\\\/goldenhorizontegypt.com\\\/offer-page\\\/#breadcrumb\"},\"inLanguage\":\"ro-RO\",\"potentialAction\":[{\"@type\":\"ReadAction\",\"target\":[\"https:\\\/\\\/goldenhorizontegypt.com\\\/offer-page\\\/\"]}]},{\"@type\":\"ImageObject\",\"inLanguage\":\"ro-RO\",\"@id\":\"https:\\\/\\\/goldenhorizontegypt.com\\\/offer-page\\\/#primaryimage\",\"url\":\"https:\\\/\\\/goldenhorizontegypt.com\\\/wp-content\\\/uploads\\\/2022\\\/08\\\/Copenhagen-636x426.jpg\",\"contentUrl\":\"https:\\\/\\\/goldenhorizontegypt.com\\\/wp-content\\\/uploads\\\/2022\\\/08\\\/Copenhagen-636x426.jpg\"},{\"@type\":\"BreadcrumbList\",\"@id\":\"https:\\\/\\\/goldenhorizontegypt.com\\\/offer-page\\\/#breadcrumb\",\"itemListElement\":[{\"@type\":\"ListItem\",\"position\":1,\"name\":\"Home\",\"item\":\"https:\\\/\\\/goldenhorizontegypt.com\\\/\"},{\"@type\":\"ListItem\",\"position\":2,\"name\":\"Offer Page\"}]},{\"@type\":\"WebSite\",\"@id\":\"https:\\\/\\\/goldenhorizontegypt.com\\\/#website\",\"url\":\"https:\\\/\\\/goldenhorizontegypt.com\\\/\",\"name\":\"Golden Horizont Egypt\",\"description\":\"\",\"potentialAction\":[{\"@type\":\"SearchAction\",\"target\":{\"@type\":\"EntryPoint\",\"urlTemplate\":\"https:\\\/\\\/goldenhorizontegypt.com\\\/?s={search_term_string}\"},\"query-input\":{\"@type\":\"PropertyValueSpecification\",\"valueRequired\":true,\"valueName\":\"search_term_string\"}}],\"inLanguage\":\"ro-RO\"}]}<\/script>\n<!-- \/ Yoast SEO plugin. -->","yoast_head_json":{"title":"Offer Page - Golden Horizont Egypt","robots":{"index":"index","follow":"follow","max-snippet":"max-snippet:-1","max-image-preview":"max-image-preview:large","max-video-preview":"max-video-preview:-1"},"canonical":"https:\/\/goldenhorizontegypt.com\/ro\/offer-page\/","og_locale":"ro_RO","og_type":"article","og_title":"Offer Page - Golden Horizont Egypt","og_description":"Popular Categories All Temple Beach Desert Mountain Sky City Latest Deal An enim nullam tempor sapien gravida donec enim ipsum Add to wishlist 7 days Copenhagen to Helsinki &#8211; 7 Days Copenhagen, Denmark 1&#8242; &#36;339.99 &#36;390.00 Explore Add to wishlist 3 days Amsterdam and Lake IJssel Cycle Amsterdam, Netherlands 1&#8242; &#36;233.00 &#36;250.00 Explore Add to [&hellip;]","og_url":"https:\/\/goldenhorizontegypt.com\/ro\/offer-page\/","og_site_name":"Golden Horizont Egypt","og_image":[{"url":"https:\/\/goldenhorizontegypt.com\/wp-content\/uploads\/2022\/08\/Copenhagen-636x426.jpg","type":"","width":"","height":""}],"twitter_card":"summary_large_image","twitter_misc":{"Timp estimat pentru citire":"1 minut"},"schema":{"@context":"https:\/\/schema.org","@graph":[{"@type":"WebPage","@id":"https:\/\/goldenhorizontegypt.com\/offer-page\/","url":"https:\/\/goldenhorizontegypt.com\/offer-page\/","name":"Offer Page - Golden Horizont Egypt","isPartOf":{"@id":"https:\/\/goldenhorizontegypt.com\/#website"},"primaryImageOfPage":{"@id":"https:\/\/goldenhorizontegypt.com\/offer-page\/#primaryimage"},"image":{"@id":"https:\/\/goldenhorizontegypt.com\/offer-page\/#primaryimage"},"thumbnailUrl":"https:\/\/goldenhorizontegypt.com\/wp-content\/uploads\/2022\/08\/Copenhagen-636x426.jpg","datePublished":"2023-06-06T02:10:33+00:00","breadcrumb":{"@id":"https:\/\/goldenhorizontegypt.com\/offer-page\/#breadcrumb"},"inLanguage":"ro-RO","potentialAction":[{"@type":"ReadAction","target":["https:\/\/goldenhorizontegypt.com\/offer-page\/"]}]},{"@type":"ImageObject","inLanguage":"ro-RO","@id":"https:\/\/goldenhorizontegypt.com\/offer-page\/#primaryimage","url":"https:\/\/goldenhorizontegypt.com\/wp-content\/uploads\/2022\/08\/Copenhagen-636x426.jpg","contentUrl":"https:\/\/goldenhorizontegypt.com\/wp-content\/uploads\/2022\/08\/Copenhagen-636x426.jpg"},{"@type":"BreadcrumbList","@id":"https:\/\/goldenhorizontegypt.com\/offer-page\/#breadcrumb","itemListElement":[{"@type":"ListItem","position":1,"name":"Home","item":"https:\/\/goldenhorizontegypt.com\/"},{"@type":"ListItem","position":2,"name":"Offer Page"}]},{"@type":"WebSite","@id":"https:\/\/goldenhorizontegypt.com\/#website","url":"https:\/\/goldenhorizontegypt.com\/","name":"Orizont de Aur Egipt","description":"","potentialAction":[{"@type":"SearchAction","target":{"@type":"EntryPoint","urlTemplate":"https:\/\/goldenhorizontegypt.com\/?s={search_term_string}"},"query-input":{"@type":"PropertyValueSpecification","valueRequired":true,"valueName":"search_term_string"}}],"inLanguage":"ro-RO"}]}},"_hostinger_reach_plugin_has_subscription_block":false,"_hostinger_reach_plugin_is_elementor":false,"_links":{"self":[{"href":"https:\/\/goldenhorizontegypt.com\/ro\/wp-json\/wp\/v2\/pages\/7293","targetHints":{"allow":["GET"]}}],"collection":[{"href":"https:\/\/goldenhorizontegypt.com\/ro\/wp-json\/wp\/v2\/pages"}],"about":[{"href":"https:\/\/goldenhorizontegypt.com\/ro\/wp-json\/wp\/v2\/types\/page"}],"author":[{"embeddable":true,"href":"https:\/\/goldenhorizontegypt.com\/ro\/wp-json\/wp\/v2\/users\/2"}],"replies":[{"embeddable":true,"href":"https:\/\/goldenhorizontegypt.com\/ro\/wp-json\/wp\/v2\/comments?post=7293"}],"version-history":[{"count":0,"href":"https:\/\/goldenhorizontegypt.com\/ro\/wp-json\/wp\/v2\/pages\/7293\/revisions"}],"wp:attachment":[{"href":"https:\/\/goldenhorizontegypt.com\/ro\/wp-json\/wp\/v2\/media?parent=7293"}],"curies":[{"name":"wp","href":"https:\/\/api.w.org\/{rel}","templated":true}]}}