{"id":11106,"date":"2025-11-05T14:58:56","date_gmt":"2025-11-05T14:58:56","guid":{"rendered":"https:\/\/goldenhorizontegypt.com\/?page_id=11106"},"modified":"2026-02-03T17:14:37","modified_gmt":"2026-02-03T17:14:37","slug":"change-refund-policy","status":"publish","type":"page","link":"https:\/\/goldenhorizontegypt.com\/ro\/change-refund-policy\/","title":{"rendered":"Politica de modificare \u0219i rambursare"},"content":{"rendered":"<div data-elementor-type=\"wp-page\" data-elementor-id=\"11106\" class=\"elementor elementor-11106\" data-elementor-post-type=\"page\">\n\t\t\t\t<div class=\"elementor-element elementor-element-6aaa06a e-con-full e-flex e-con e-parent\" data-id=\"6aaa06a\" data-element_type=\"container\" data-e-type=\"container\">\n\t\t\t\t<div class=\"elementor-element elementor-element-8564bee elementor-widget elementor-widget-html\" data-id=\"8564bee\" data-element_type=\"widget\" data-e-type=\"widget\" data-widget_type=\"html.default\">\n\t\t\t\t\t<!-- Start of Change & Refund Policy Section -->\r\n<style>\r\n.policy-section {\r\n  font-family: 'Poppins', sans-serif;\r\n  background: #FBF6E4;\r\n  color: #333;\r\n  padding: 100px 8%;\r\n  line-height: 1.9;\r\n  width: 100%;\r\n  box-sizing: border-box;\r\n}\r\n\r\n.policy-section .container {\r\n  max-width: 1000px;\r\n  margin: auto;\r\n  background: #ffffff;\r\n  padding: 60px;\r\n  border-radius: 20px;\r\n  box-shadow: 0 8px 35px rgba(180,135,71,0.18);\r\n  transition: all 0.3s ease;\r\n}\r\n\r\n\/* ===== Titles ===== *\/\r\n.policy-section h1 {\r\n  text-align: center;\r\n  color: #B48747;\r\n  font-size: 44px;\r\n  margin-bottom: 50px;\r\n  font-weight: 700;\r\n  line-height: 1.3;\r\n}\r\n\r\n.policy-section h3 {\r\n  color: #8C6A34;\r\n  margin-top: 50px;\r\n  font-size: 26px;\r\n  font-weight: 600;\r\n}\r\n\r\n.policy-section h4 {\r\n  color: #B48747;\r\n  margin-top: 30px;\r\n  font-size: 22px;\r\n  font-weight: 600;\r\n}\r\n\r\n\/* ===== Lists ===== *\/\r\n.policy-section ul {\r\n  list-style: none;\r\n  padding-left: 0;\r\n  margin-top: 15px;\r\n}\r\n\r\n.policy-section ul li {\r\n  background: linear-gradient(135deg, #FBF6E4, #FFFDF5);\r\n  padding: 15px 20px;\r\n  border-radius: 12px;\r\n  margin-bottom: 12px;\r\n  border-left: 5px solid #D9B65C;\r\n  transition: transform 0.2s ease, box-shadow 0.2s ease;\r\n}\r\n\r\n.policy-section ul li:hover {\r\n  transform: translateY(-3px);\r\n  box-shadow: 0 8px 20px rgba(180,135,71,0.25);\r\n}\r\n\r\n\/* ===== Links ===== *\/\r\n.policy-section a {\r\n  color: #B48747;\r\n  text-decoration: none;\r\n  font-weight: 600;\r\n}\r\n\r\n.policy-section a:hover {\r\n  color: #8C6A34;\r\n  text-decoration: underline;\r\n}\r\n\r\n\/* ===== Text ===== *\/\r\n.policy-section p {\r\n  margin-top: 10px;\r\n  font-size: 17px;\r\n}\r\n\r\n\/* ===== Highlighted Text ===== *\/\r\n.policy-section strong {\r\n  color: #8C6A34;\r\n}\r\n\r\n\/* ========================\r\n   Responsive Styling\r\n======================== *\/\r\n@media (max-width: 1200px) {\r\n  .policy-section {\r\n    padding: 80px 6%;\r\n  }\r\n  .policy-section h1 {\r\n    font-size: 40px;\r\n  }\r\n}\r\n\r\n@media (max-width: 992px) {\r\n  .policy-section {\r\n    padding: 70px 5%;\r\n  }\r\n  .policy-section .container {\r\n    padding: 50px 40px;\r\n  }\r\n  .policy-section h1 {\r\n    font-size: 36px;\r\n  }\r\n  .policy-section h3 {\r\n    font-size: 24px;\r\n  }\r\n}\r\n\r\n@media (max-width: 768px) {\r\n  .policy-section {\r\n    padding: 60px 25px;\r\n  }\r\n  .policy-section .container {\r\n    padding: 35px 25px;\r\n    border-radius: 15px;\r\n  }\r\n  .policy-section h1 {\r\n    font-size: 30px;\r\n    margin-bottom: 35px;\r\n  }\r\n  .policy-section h3 {\r\n    font-size: 22px;\r\n    margin-top: 40px;\r\n  }\r\n  .policy-section h4 {\r\n    font-size: 20px;\r\n  }\r\n  .policy-section p {\r\n    font-size: 16px;\r\n  }\r\n}\r\n\r\n@media (max-width: 480px) {\r\n  .policy-section {\r\n    padding: 50px 15px;\r\n  }\r\n  .policy-section .container {\r\n    padding: 30px 20px;\r\n  }\r\n  .policy-section h1 {\r\n    font-size: 26px;\r\n  }\r\n  .policy-section p,\r\n  .policy-section ul li {\r\n    font-size: 15.5px;\r\n  }\r\n}\r\n<\/style>\r\n\r\n<section class=\"policy-section\">\r\n  <div class=\"container\">\r\n    <h1>Politica de modificare \u0219i rambursare<\/h1>\r\n\r\n    <h3>\u270f Editeaz\u0103 activitatea<\/h3>\r\n    <p>\r\n      Dori\u021bi s\u0103 v\u0103 reprograma\u021bi activitatea sau s\u0103 o modifica\u021bi? Nicio problem\u0103!<br>\r\n      Pur \u0219i simplu contacta\u021bi-ne prin WhatsApp \ud83d\udcf1 la \r\n      <a href=\"https:\/\/wa.me\/353830951168\" target=\"_blank\">+353830951168<\/a>.<br>\r\n      Modificarea dvs. va fi confirmat\u0103 f\u0103r\u0103 probleme - asigura\u021bi-v\u0103 doar c\u0103 trimite\u021bi cererea cel pu\u021bin \r\n      <strong>48 de ore \u00eenainte<\/strong> data activit\u0103\u021bii programate.\r\n    <\/p>\r\n\r\n    <h3>\ud83d\udcb0 Rambursare<\/h3>\r\n    <p>\r\n      Dac\u0103 dori\u021bi s\u0103 anula\u021bi una sau mai multe activit\u0103\u021bi, v\u0103 rug\u0103m s\u0103 ne contacta\u021bi prin WhatsApp \ud83d\udcf1 \r\n      <a href=\"https:\/\/wa.me\/353830951168\" target=\"_blank\">353830951168<\/a>.\r\n    <\/p>\r\n\r\n    <h4>Politica de rambursare:<\/h4>\r\n    <ul>\r\n      <li>\ud83d\udc49 Cu mai mult de 4 zile \u00eenainte de data programat\u0103 - <strong>Rambursare integral\u0103 100%<\/strong><\/li>\r\n      <li>\ud83d\udc49 cu 3 p\u00e2n\u0103 la 4 zile \u00eenainte de data programat\u0103 - <strong>Rambursare 50%<\/strong><\/li>\r\n      <li>\ud83d\udc49 cu 2 zile \u00eenainte de data programat\u0103 sau \u00een caz de neprezentare - <strong>F\u0103r\u0103 rambursare sau reprogramare<\/strong><\/li>\r\n    <\/ul>\r\n\r\n    <h3>\u26a0 Informa\u021bii importante<\/h3>\r\n\r\n    <p>\r\n      \u2fe1 <strong>Excursii \u00een Cairo \u0219i Luxor \ud83c\udfdb<\/strong><br>\r\n      Excursiile la Cairo \u0219i Luxor pot fi modificate sau anulate cu cel pu\u021bin 48 de ore \u00een avans.<br>\r\n      Dup\u0103 acest termen limit\u0103, nu va fi posibil\u0103 nicio modificare sau rambursare - indiferent de motiv.\r\n    <\/p>\r\n\r\n    <p>\r\n      \u2fe2 <strong>Cairo cu avionul \u2708<\/strong><br>\r\n      Odat\u0103 ce excursia \u201cCairo cu avionul \u2708\u201d este rezervat\u0103, aceasta devine nemodificabil\u0103 \u0219i nerambursabil\u0103 - sub nicio form\u0103.\r\n    <\/p>\r\n\r\n    <p>\r\n      <strong>V\u0103 mul\u021bumim pentru \u00een\u021belegere<\/strong> - aceste condi\u021bii ne permit s\u0103 organiz\u0103m excursii cu cel mai \u00eenalt nivel de calitate \u0219i fiabilitate. \ud83c\udf1f\r\n    <\/p>\r\n  <\/div>\r\n<\/section>\r\n<!-- End of Change & Refund Policy Section -->\r\n\t\t\t\t<\/div>\n\t\t\t\t<\/div>\n\t\t\t\t<\/div>","protected":false},"excerpt":{"rendered":"<p>Change &#038; Refund Policy \u270f Edit Activity Would you like to reschedule your activity or change it? No problem! Simply contact us via WhatsApp \ud83d\udcf1 at +353830951168. Your modification will be confirmed smoothly \u2014 just make sure to send the request at least 48 hours before the scheduled activity date. \ud83d\udcb0 Refund If you wish [&hellip;]<\/p>\n","protected":false},"author":2,"featured_media":0,"parent":0,"menu_order":0,"comment_status":"closed","ping_status":"closed","template":"elementor_header_footer","meta":{"footnotes":""},"class_list":["post-11106","page","type-page","status-publish","hentry"],"yoast_head":"<!-- This site is optimized with the Yoast SEO plugin v27.5 - https:\/\/yoast.com\/product\/yoast-seo-wordpress\/ -->\n<title>Change &amp; Refund Policy - Golden Horizont Egypt<\/title>\n<meta name=\"robots\" content=\"index, follow, max-snippet:-1, max-image-preview:large, max-video-preview:-1\" \/>\n<link rel=\"canonical\" href=\"https:\/\/goldenhorizontegypt.com\/ro\/change-refund-policy\/\" \/>\n<meta property=\"og:locale\" content=\"ro_RO\" \/>\n<meta property=\"og:type\" content=\"article\" \/>\n<meta property=\"og:title\" content=\"Change &amp; Refund Policy - Golden Horizont Egypt\" \/>\n<meta property=\"og:description\" content=\"Change &#038; Refund Policy \u270f Edit Activity Would you like to reschedule your activity or change it? No problem! Simply contact us via WhatsApp \ud83d\udcf1 at +353830951168. Your modification will be confirmed smoothly \u2014 just make sure to send the request at least 48 hours before the scheduled activity date. \ud83d\udcb0 Refund If you wish [&hellip;]\" \/>\n<meta property=\"og:url\" content=\"https:\/\/goldenhorizontegypt.com\/ro\/change-refund-policy\/\" \/>\n<meta property=\"og:site_name\" content=\"Golden Horizont Egypt\" \/>\n<meta property=\"article:modified_time\" content=\"2026-02-03T17:14:37+00:00\" \/>\n<meta name=\"twitter:card\" content=\"summary_large_image\" \/>\n<meta name=\"twitter:label1\" content=\"Timp estimat pentru citire\" \/>\n\t<meta name=\"twitter:data1\" content=\"1 minut\" \/>\n<script type=\"application\/ld+json\" class=\"yoast-schema-graph\">{\"@context\":\"https:\\\/\\\/schema.org\",\"@graph\":[{\"@type\":\"WebPage\",\"@id\":\"https:\\\/\\\/goldenhorizontegypt.com\\\/change-refund-policy\\\/\",\"url\":\"https:\\\/\\\/goldenhorizontegypt.com\\\/change-refund-policy\\\/\",\"name\":\"Change & Refund Policy - Golden Horizont Egypt\",\"isPartOf\":{\"@id\":\"https:\\\/\\\/goldenhorizontegypt.com\\\/#website\"},\"datePublished\":\"2025-11-05T14:58:56+00:00\",\"dateModified\":\"2026-02-03T17:14:37+00:00\",\"breadcrumb\":{\"@id\":\"https:\\\/\\\/goldenhorizontegypt.com\\\/change-refund-policy\\\/#breadcrumb\"},\"inLanguage\":\"ro-RO\",\"potentialAction\":[{\"@type\":\"ReadAction\",\"target\":[\"https:\\\/\\\/goldenhorizontegypt.com\\\/change-refund-policy\\\/\"]}]},{\"@type\":\"BreadcrumbList\",\"@id\":\"https:\\\/\\\/goldenhorizontegypt.com\\\/change-refund-policy\\\/#breadcrumb\",\"itemListElement\":[{\"@type\":\"ListItem\",\"position\":1,\"name\":\"Home\",\"item\":\"https:\\\/\\\/goldenhorizontegypt.com\\\/\"},{\"@type\":\"ListItem\",\"position\":2,\"name\":\"Change &#038; Refund Policy\"}]},{\"@type\":\"WebSite\",\"@id\":\"https:\\\/\\\/goldenhorizontegypt.com\\\/#website\",\"url\":\"https:\\\/\\\/goldenhorizontegypt.com\\\/\",\"name\":\"Golden Horizont Egypt\",\"description\":\"\",\"potentialAction\":[{\"@type\":\"SearchAction\",\"target\":{\"@type\":\"EntryPoint\",\"urlTemplate\":\"https:\\\/\\\/goldenhorizontegypt.com\\\/?s={search_term_string}\"},\"query-input\":{\"@type\":\"PropertyValueSpecification\",\"valueRequired\":true,\"valueName\":\"search_term_string\"}}],\"inLanguage\":\"ro-RO\"}]}<\/script>\n<!-- \/ Yoast SEO plugin. -->","yoast_head_json":{"title":"Change & Refund Policy - Golden Horizont Egypt","robots":{"index":"index","follow":"follow","max-snippet":"max-snippet:-1","max-image-preview":"max-image-preview:large","max-video-preview":"max-video-preview:-1"},"canonical":"https:\/\/goldenhorizontegypt.com\/ro\/change-refund-policy\/","og_locale":"ro_RO","og_type":"article","og_title":"Change & Refund Policy - Golden Horizont Egypt","og_description":"Change &#038; Refund Policy \u270f Edit Activity Would you like to reschedule your activity or change it? No problem! Simply contact us via WhatsApp \ud83d\udcf1 at +353830951168. Your modification will be confirmed smoothly \u2014 just make sure to send the request at least 48 hours before the scheduled activity date. \ud83d\udcb0 Refund If you wish [&hellip;]","og_url":"https:\/\/goldenhorizontegypt.com\/ro\/change-refund-policy\/","og_site_name":"Golden Horizont Egypt","article_modified_time":"2026-02-03T17:14:37+00:00","twitter_card":"summary_large_image","twitter_misc":{"Timp estimat pentru citire":"1 minut"},"schema":{"@context":"https:\/\/schema.org","@graph":[{"@type":"WebPage","@id":"https:\/\/goldenhorizontegypt.com\/change-refund-policy\/","url":"https:\/\/goldenhorizontegypt.com\/change-refund-policy\/","name":"Change & Refund Policy - Golden Horizont Egypt","isPartOf":{"@id":"https:\/\/goldenhorizontegypt.com\/#website"},"datePublished":"2025-11-05T14:58:56+00:00","dateModified":"2026-02-03T17:14:37+00:00","breadcrumb":{"@id":"https:\/\/goldenhorizontegypt.com\/change-refund-policy\/#breadcrumb"},"inLanguage":"ro-RO","potentialAction":[{"@type":"ReadAction","target":["https:\/\/goldenhorizontegypt.com\/change-refund-policy\/"]}]},{"@type":"BreadcrumbList","@id":"https:\/\/goldenhorizontegypt.com\/change-refund-policy\/#breadcrumb","itemListElement":[{"@type":"ListItem","position":1,"name":"Home","item":"https:\/\/goldenhorizontegypt.com\/"},{"@type":"ListItem","position":2,"name":"Change &#038; Refund Policy"}]},{"@type":"WebSite","@id":"https:\/\/goldenhorizontegypt.com\/#website","url":"https:\/\/goldenhorizontegypt.com\/","name":"Orizont de Aur Egipt","description":"","potentialAction":[{"@type":"SearchAction","target":{"@type":"EntryPoint","urlTemplate":"https:\/\/goldenhorizontegypt.com\/?s={search_term_string}"},"query-input":{"@type":"PropertyValueSpecification","valueRequired":true,"valueName":"search_term_string"}}],"inLanguage":"ro-RO"}]}},"_hostinger_reach_plugin_has_subscription_block":false,"_hostinger_reach_plugin_is_elementor":false,"_links":{"self":[{"href":"https:\/\/goldenhorizontegypt.com\/ro\/wp-json\/wp\/v2\/pages\/11106","targetHints":{"allow":["GET"]}}],"collection":[{"href":"https:\/\/goldenhorizontegypt.com\/ro\/wp-json\/wp\/v2\/pages"}],"about":[{"href":"https:\/\/goldenhorizontegypt.com\/ro\/wp-json\/wp\/v2\/types\/page"}],"author":[{"embeddable":true,"href":"https:\/\/goldenhorizontegypt.com\/ro\/wp-json\/wp\/v2\/users\/2"}],"replies":[{"embeddable":true,"href":"https:\/\/goldenhorizontegypt.com\/ro\/wp-json\/wp\/v2\/comments?post=11106"}],"version-history":[{"count":10,"href":"https:\/\/goldenhorizontegypt.com\/ro\/wp-json\/wp\/v2\/pages\/11106\/revisions"}],"predecessor-version":[{"id":11565,"href":"https:\/\/goldenhorizontegypt.com\/ro\/wp-json\/wp\/v2\/pages\/11106\/revisions\/11565"}],"wp:attachment":[{"href":"https:\/\/goldenhorizontegypt.com\/ro\/wp-json\/wp\/v2\/media?parent=11106"}],"curies":[{"name":"wp","href":"https:\/\/api.w.org\/{rel}","templated":true}]}}