{"id":10427,"date":"2025-09-09T20:55:54","date_gmt":"2025-09-09T20:55:54","guid":{"rendered":"https:\/\/goldenhorizontegypt.com\/?page_id=10427"},"modified":"2025-09-09T20:57:34","modified_gmt":"2025-09-09T20:57:34","slug":"transfer","status":"publish","type":"page","link":"https:\/\/goldenhorizontegypt.com\/ro\/transfer\/","title":{"rendered":"Transfer"},"content":{"rendered":"<div data-elementor-type=\"wp-page\" data-elementor-id=\"10427\" class=\"elementor elementor-10427\" data-elementor-post-type=\"page\">\n\t\t\t\t\t\t<section class=\"elementor-section elementor-top-section elementor-element elementor-element-691eb50 elementor-section-boxed elementor-section-height-default elementor-section-height-default\" data-id=\"691eb50\" data-element_type=\"section\" data-e-type=\"section\" data-settings=\"{&quot;background_background&quot;:&quot;classic&quot;}\">\n\t\t\t\t\t\t<div class=\"elementor-container elementor-column-gap-default\">\n\t\t\t\t\t<div class=\"elementor-column elementor-col-100 elementor-top-column elementor-element elementor-element-8416def\" data-id=\"8416def\" data-element_type=\"column\" data-e-type=\"column\" data-settings=\"{&quot;background_background&quot;:&quot;gradient&quot;}\">\n\t\t\t<div class=\"elementor-widget-wrap elementor-element-populated\">\n\t\t\t\t\t\t<div class=\"elementor-element elementor-element-a34a1e2 elementor-widget elementor-widget-ovabrw_product_list\" data-id=\"a34a1e2\" data-element_type=\"widget\" data-e-type=\"widget\" data-widget_type=\"ovabrw_product_list.default\">\n\t\t\t\t<div class=\"elementor-widget-container\">\n\t\t\t\t\t\n\t\t\t\t\t<div class=\"ova-product-list ova-product-list-template1 column3\">\n\t\t\t\t\t\t\t\t\t\n<div class=\"ova-product product type-product post-10217 status-publish first instock product_cat-transfer has-post-thumbnail shipping-taxable purchasable product-type-ovabrw_car_rental\">\n\t\n<div class=\"ova_head_product\">\n\t\t\t\t\t<a href=\"https:\/\/goldenhorizontegypt.com\/ro\/produs\/transfer-hurghada-to-cairo-haas-s-car\/\" class=\"ova-product-thumbnail\">\n\t\t\t<img fetchpriority=\"high\" decoding=\"async\" width=\"636\" height=\"426\" src=\"https:\/\/goldenhorizontegypt.com\/wp-content\/uploads\/2025\/09\/tourist-buses-636x426.jpg\" class=\"attachment-tripgo_product_slider size-tripgo_product_slider\" alt=\"Transfer by Tourist Bus Trip\" srcset=\"https:\/\/goldenhorizontegypt.com\/wp-content\/uploads\/2025\/09\/tourist-buses-636x426.jpg 636w, https:\/\/goldenhorizontegypt.com\/wp-content\/uploads\/2025\/09\/tourist-buses-416x280.jpg 416w\" sizes=\"(max-width: 636px) 100vw, 636px\" \/>\t\t<\/a>\n\t<\/div>\n<div class=\"ova_foot_product\">\n\t<div class=\"ova-product-day-title-location\">\n\t\t\t\t<h2 class=\"ova-product-title\">\n\t\t\t<a href=\"https:\/\/goldenhorizontegypt.com\/ro\/produs\/transfer-hurghada-to-cairo-haas-s-car\/\">\n\t\t        Transfer cu autobuzul turistic Excursie\t\t    <\/a>\n\t\t<\/h2>\n\t\t\t<\/div>\n    <div class=\"ova-product-review-and-price\">\n    \t\t\t<div class=\"ova-product-wrapper-price\">\n\t\t\t<div class=\"ova-product-price\">\n\t\t\t\t\t\t\t\t\t<span class=\"new-product-price\"><span class=\"woocommerce-Price-amount amount\"><bdi><span class=\"woocommerce-Price-currencySymbol\">\u20ac<\/span>130.00<\/bdi><\/span><\/span>\n\t\t\t    \t\t\t<\/div>\n\t\t\t<a href=\"https:\/\/goldenhorizontegypt.com\/ro\/produs\/transfer-hurghada-to-cairo-haas-s-car\/\" class=\"btn product-btn-book-now\">\n\t\t\t\t<span>Exploreaz\u0103<\/span>\n\t\t\t<\/a>\n\t\t<\/div>\n    <\/div>\n<\/div><\/div>\t\t\t\t\t\t\t\t\t\n<div class=\"ova-product product type-product post-10237 status-publish instock product_cat-transfer has-post-thumbnail shipping-taxable purchasable product-type-ovabrw_car_rental\">\n\t\n<div class=\"ova_head_product\">\n\t\t\t\t\t<a href=\"https:\/\/goldenhorizontegypt.com\/ro\/produs\/safaga-airport-transfer-by-hiace-car\/\" class=\"ova-product-thumbnail\">\n\t\t\t<img decoding=\"async\" width=\"636\" height=\"426\" src=\"https:\/\/goldenhorizontegypt.com\/wp-content\/uploads\/2025\/09\/202407091940254717384-636x426.jpeg\" class=\"attachment-tripgo_product_slider size-tripgo_product_slider\" alt=\"transfer by Hiace car\" srcset=\"https:\/\/goldenhorizontegypt.com\/wp-content\/uploads\/2025\/09\/202407091940254717384-636x426.jpeg 636w, https:\/\/goldenhorizontegypt.com\/wp-content\/uploads\/2025\/09\/202407091940254717384-416x280.jpeg 416w\" sizes=\"(max-width: 636px) 100vw, 636px\" \/>\t\t<\/a>\n\t<\/div>\n<div class=\"ova_foot_product\">\n\t<div class=\"ova-product-day-title-location\">\n\t\t\t\t<h2 class=\"ova-product-title\">\n\t\t\t<a href=\"https:\/\/goldenhorizontegypt.com\/ro\/produs\/safaga-airport-transfer-by-hiace-car\/\">\n\t\t        transfer cu ma\u0219ina Hiace\t\t    <\/a>\n\t\t<\/h2>\n\t\t\t<\/div>\n    <div class=\"ova-product-review-and-price\">\n    \t\t\t<div class=\"ova-product-wrapper-price\">\n\t\t\t<div class=\"ova-product-price\">\n\t\t\t\t\t\t\t\t\t<span class=\"new-product-price\"><span class=\"woocommerce-Price-amount amount\"><bdi><span class=\"woocommerce-Price-currencySymbol\">\u20ac<\/span>150.00<\/bdi><\/span><\/span>\n\t\t\t    \t\t\t<\/div>\n\t\t\t<a href=\"https:\/\/goldenhorizontegypt.com\/ro\/produs\/safaga-airport-transfer-by-hiace-car\/\" class=\"btn product-btn-book-now\">\n\t\t\t\t<span>Exploreaz\u0103<\/span>\n\t\t\t<\/a>\n\t\t<\/div>\n    <\/div>\n<\/div><\/div>\t\t\t\t\t\t\t\t\t\n<div class=\"ova-product product type-product post-10238 status-publish instock product_cat-transfer has-post-thumbnail shipping-taxable purchasable product-type-ovabrw_car_rental\">\n\t\n<div class=\"ova_head_product\">\n\t\t\t\t\t<a href=\"https:\/\/goldenhorizontegypt.com\/ro\/produs\/safaga-limousine-airport-transfer\/\" class=\"ova-product-thumbnail\">\n\t\t\t<img decoding=\"async\" width=\"636\" height=\"426\" src=\"https:\/\/goldenhorizontegypt.com\/wp-content\/uploads\/2025\/09\/fe80cf7a0d14_b6e16fb3-5eaa-4e87-b3c7-255b8b2e6b1a-636x426.jpeg\" class=\"attachment-tripgo_product_slider size-tripgo_product_slider\" alt=\"Transfer by Private Tourist Trip\" srcset=\"https:\/\/goldenhorizontegypt.com\/wp-content\/uploads\/2025\/09\/fe80cf7a0d14_b6e16fb3-5eaa-4e87-b3c7-255b8b2e6b1a-636x426.jpeg 636w, https:\/\/goldenhorizontegypt.com\/wp-content\/uploads\/2025\/09\/fe80cf7a0d14_b6e16fb3-5eaa-4e87-b3c7-255b8b2e6b1a-416x280.jpeg 416w\" sizes=\"(max-width: 636px) 100vw, 636px\" \/>\t\t<\/a>\n\t<\/div>\n<div class=\"ova_foot_product\">\n\t<div class=\"ova-product-day-title-location\">\n\t\t\t\t<h2 class=\"ova-product-title\">\n\t\t\t<a href=\"https:\/\/goldenhorizontegypt.com\/ro\/produs\/safaga-limousine-airport-transfer\/\">\n\t\t        Transfer de c\u0103l\u0103torie turistic\u0103 privat\u0103\t\t    <\/a>\n\t\t<\/h2>\n\t\t\t<\/div>\n    <div class=\"ova-product-review-and-price\">\n    \t\t\t<div class=\"ova-product-wrapper-price\">\n\t\t\t<div class=\"ova-product-price\">\n\t\t\t\t\t\t\t\t\t<span class=\"new-product-price\"><span class=\"woocommerce-Price-amount amount\"><bdi><span class=\"woocommerce-Price-currencySymbol\">\u20ac<\/span>500.00<\/bdi><\/span><\/span>\n\t\t\t    \t\t\t<\/div>\n\t\t\t<a href=\"https:\/\/goldenhorizontegypt.com\/ro\/produs\/safaga-limousine-airport-transfer\/\" class=\"btn product-btn-book-now\">\n\t\t\t\t<span>Exploreaz\u0103<\/span>\n\t\t\t<\/a>\n\t\t<\/div>\n    <\/div>\n<\/div><\/div>\t\t\t\t\t\t\t<\/div>\n\n\t\t\n\t\t\t\t\t\t<\/div>\n\t\t\t\t<\/div>\n\t\t\t\t\t<\/div>\n\t\t<\/div>\n\t\t\t\t\t<\/div>\n\t\t<\/section>\n\t\t\t\t<\/div>","protected":false},"excerpt":{"rendered":"<p>Transfers Transfer Hurghada to Aswan Hiace car &#36;210.00 Explore Luxor to Aswan transfer Hiace car &#36;130.00 Explore Transfer Hurghada to Cairo Haas S car &#36;130.00 Explore Cairo to Sharm El Sheikh transfer Haas S car &#36;180.00 Explore Transfer to Hurghada Luxor Hiace car &#36;130.00 Explore Marsa Alam internal transfer Hiace car &#36;130.00 Explore Marsa Alam [&hellip;]<\/p>\n","protected":false},"author":2,"featured_media":0,"parent":0,"menu_order":0,"comment_status":"closed","ping_status":"closed","template":"elementor_header_footer","meta":{"footnotes":""},"class_list":["post-10427","page","type-page","status-publish","hentry"],"yoast_head":"<!-- This site is optimized with the Yoast SEO plugin v27.5 - https:\/\/yoast.com\/product\/yoast-seo-wordpress\/ -->\n<title>Transfer - Golden Horizont Egypt<\/title>\n<meta name=\"robots\" content=\"index, follow, max-snippet:-1, max-image-preview:large, max-video-preview:-1\" \/>\n<link rel=\"canonical\" href=\"https:\/\/goldenhorizontegypt.com\/ro\/transfer\/\" \/>\n<meta property=\"og:locale\" content=\"ro_RO\" \/>\n<meta property=\"og:type\" content=\"article\" \/>\n<meta property=\"og:title\" content=\"Transfer - Golden Horizont Egypt\" \/>\n<meta property=\"og:description\" content=\"Transfers Transfer Hurghada to Aswan Hiace car &#036;210.00 Explore Luxor to Aswan transfer Hiace car &#036;130.00 Explore Transfer Hurghada to Cairo Haas S car &#036;130.00 Explore Cairo to Sharm El Sheikh transfer Haas S car &#036;180.00 Explore Transfer to Hurghada Luxor Hiace car &#036;130.00 Explore Marsa Alam internal transfer Hiace car &#036;130.00 Explore Marsa Alam [&hellip;]\" \/>\n<meta property=\"og:url\" content=\"https:\/\/goldenhorizontegypt.com\/ro\/transfer\/\" \/>\n<meta property=\"og:site_name\" content=\"Golden Horizont Egypt\" \/>\n<meta property=\"article:modified_time\" content=\"2025-09-09T20:57:34+00:00\" \/>\n<meta property=\"og:image\" content=\"https:\/\/goldenhorizontegypt.com\/wp-content\/uploads\/2025\/09\/thumb_15839389_cover_header-636x400.avif\" \/>\n<meta name=\"twitter:card\" content=\"summary_large_image\" \/>\n<meta name=\"twitter:label1\" content=\"Timp estimat pentru citire\" \/>\n\t<meta name=\"twitter:data1\" content=\"1 minut\" \/>\n<script type=\"application\/ld+json\" class=\"yoast-schema-graph\">{\"@context\":\"https:\\\/\\\/schema.org\",\"@graph\":[{\"@type\":\"WebPage\",\"@id\":\"https:\\\/\\\/goldenhorizontegypt.com\\\/transfer\\\/\",\"url\":\"https:\\\/\\\/goldenhorizontegypt.com\\\/transfer\\\/\",\"name\":\"Transfer - Golden Horizont Egypt\",\"isPartOf\":{\"@id\":\"https:\\\/\\\/goldenhorizontegypt.com\\\/#website\"},\"primaryImageOfPage\":{\"@id\":\"https:\\\/\\\/goldenhorizontegypt.com\\\/transfer\\\/#primaryimage\"},\"image\":{\"@id\":\"https:\\\/\\\/goldenhorizontegypt.com\\\/transfer\\\/#primaryimage\"},\"thumbnailUrl\":\"https:\\\/\\\/goldenhorizontegypt.com\\\/wp-content\\\/uploads\\\/2025\\\/09\\\/thumb_15839389_cover_header-636x400.avif\",\"datePublished\":\"2025-09-09T20:55:54+00:00\",\"dateModified\":\"2025-09-09T20:57:34+00:00\",\"breadcrumb\":{\"@id\":\"https:\\\/\\\/goldenhorizontegypt.com\\\/transfer\\\/#breadcrumb\"},\"inLanguage\":\"ro-RO\",\"potentialAction\":[{\"@type\":\"ReadAction\",\"target\":[\"https:\\\/\\\/goldenhorizontegypt.com\\\/transfer\\\/\"]}]},{\"@type\":\"ImageObject\",\"inLanguage\":\"ro-RO\",\"@id\":\"https:\\\/\\\/goldenhorizontegypt.com\\\/transfer\\\/#primaryimage\",\"url\":\"https:\\\/\\\/goldenhorizontegypt.com\\\/wp-content\\\/uploads\\\/2025\\\/09\\\/thumb_15839389_cover_header-636x400.avif\",\"contentUrl\":\"https:\\\/\\\/goldenhorizontegypt.com\\\/wp-content\\\/uploads\\\/2025\\\/09\\\/thumb_15839389_cover_header-636x400.avif\"},{\"@type\":\"BreadcrumbList\",\"@id\":\"https:\\\/\\\/goldenhorizontegypt.com\\\/transfer\\\/#breadcrumb\",\"itemListElement\":[{\"@type\":\"ListItem\",\"position\":1,\"name\":\"Home\",\"item\":\"https:\\\/\\\/goldenhorizontegypt.com\\\/\"},{\"@type\":\"ListItem\",\"position\":2,\"name\":\"Transfer\"}]},{\"@type\":\"WebSite\",\"@id\":\"https:\\\/\\\/goldenhorizontegypt.com\\\/#website\",\"url\":\"https:\\\/\\\/goldenhorizontegypt.com\\\/\",\"name\":\"Golden Horizont Egypt\",\"description\":\"\",\"potentialAction\":[{\"@type\":\"SearchAction\",\"target\":{\"@type\":\"EntryPoint\",\"urlTemplate\":\"https:\\\/\\\/goldenhorizontegypt.com\\\/?s={search_term_string}\"},\"query-input\":{\"@type\":\"PropertyValueSpecification\",\"valueRequired\":true,\"valueName\":\"search_term_string\"}}],\"inLanguage\":\"ro-RO\"}]}<\/script>\n<!-- \/ Yoast SEO plugin. -->","yoast_head_json":{"title":"Transfer - Golden Horizont Egypt","robots":{"index":"index","follow":"follow","max-snippet":"max-snippet:-1","max-image-preview":"max-image-preview:large","max-video-preview":"max-video-preview:-1"},"canonical":"https:\/\/goldenhorizontegypt.com\/ro\/transfer\/","og_locale":"ro_RO","og_type":"article","og_title":"Transfer - Golden Horizont Egypt","og_description":"Transfers Transfer Hurghada to Aswan Hiace car &#36;210.00 Explore Luxor to Aswan transfer Hiace car &#36;130.00 Explore Transfer Hurghada to Cairo Haas S car &#36;130.00 Explore Cairo to Sharm El Sheikh transfer Haas S car &#36;180.00 Explore Transfer to Hurghada Luxor Hiace car &#36;130.00 Explore Marsa Alam internal transfer Hiace car &#36;130.00 Explore Marsa Alam [&hellip;]","og_url":"https:\/\/goldenhorizontegypt.com\/ro\/transfer\/","og_site_name":"Golden Horizont Egypt","article_modified_time":"2025-09-09T20:57:34+00:00","og_image":[{"url":"https:\/\/goldenhorizontegypt.com\/wp-content\/uploads\/2025\/09\/thumb_15839389_cover_header-636x400.avif","type":"","width":"","height":""}],"twitter_card":"summary_large_image","twitter_misc":{"Timp estimat pentru citire":"1 minut"},"schema":{"@context":"https:\/\/schema.org","@graph":[{"@type":"WebPage","@id":"https:\/\/goldenhorizontegypt.com\/transfer\/","url":"https:\/\/goldenhorizontegypt.com\/transfer\/","name":"Transfer - Golden Horizont Egypt","isPartOf":{"@id":"https:\/\/goldenhorizontegypt.com\/#website"},"primaryImageOfPage":{"@id":"https:\/\/goldenhorizontegypt.com\/transfer\/#primaryimage"},"image":{"@id":"https:\/\/goldenhorizontegypt.com\/transfer\/#primaryimage"},"thumbnailUrl":"https:\/\/goldenhorizontegypt.com\/wp-content\/uploads\/2025\/09\/thumb_15839389_cover_header-636x400.avif","datePublished":"2025-09-09T20:55:54+00:00","dateModified":"2025-09-09T20:57:34+00:00","breadcrumb":{"@id":"https:\/\/goldenhorizontegypt.com\/transfer\/#breadcrumb"},"inLanguage":"ro-RO","potentialAction":[{"@type":"ReadAction","target":["https:\/\/goldenhorizontegypt.com\/transfer\/"]}]},{"@type":"ImageObject","inLanguage":"ro-RO","@id":"https:\/\/goldenhorizontegypt.com\/transfer\/#primaryimage","url":"https:\/\/goldenhorizontegypt.com\/wp-content\/uploads\/2025\/09\/thumb_15839389_cover_header-636x400.avif","contentUrl":"https:\/\/goldenhorizontegypt.com\/wp-content\/uploads\/2025\/09\/thumb_15839389_cover_header-636x400.avif"},{"@type":"BreadcrumbList","@id":"https:\/\/goldenhorizontegypt.com\/transfer\/#breadcrumb","itemListElement":[{"@type":"ListItem","position":1,"name":"Home","item":"https:\/\/goldenhorizontegypt.com\/"},{"@type":"ListItem","position":2,"name":"Transfer"}]},{"@type":"WebSite","@id":"https:\/\/goldenhorizontegypt.com\/#website","url":"https:\/\/goldenhorizontegypt.com\/","name":"Orizont de Aur Egipt","description":"","potentialAction":[{"@type":"SearchAction","target":{"@type":"EntryPoint","urlTemplate":"https:\/\/goldenhorizontegypt.com\/?s={search_term_string}"},"query-input":{"@type":"PropertyValueSpecification","valueRequired":true,"valueName":"search_term_string"}}],"inLanguage":"ro-RO"}]}},"_hostinger_reach_plugin_has_subscription_block":false,"_hostinger_reach_plugin_is_elementor":false,"_links":{"self":[{"href":"https:\/\/goldenhorizontegypt.com\/ro\/wp-json\/wp\/v2\/pages\/10427","targetHints":{"allow":["GET"]}}],"collection":[{"href":"https:\/\/goldenhorizontegypt.com\/ro\/wp-json\/wp\/v2\/pages"}],"about":[{"href":"https:\/\/goldenhorizontegypt.com\/ro\/wp-json\/wp\/v2\/types\/page"}],"author":[{"embeddable":true,"href":"https:\/\/goldenhorizontegypt.com\/ro\/wp-json\/wp\/v2\/users\/2"}],"replies":[{"embeddable":true,"href":"https:\/\/goldenhorizontegypt.com\/ro\/wp-json\/wp\/v2\/comments?post=10427"}],"version-history":[{"count":4,"href":"https:\/\/goldenhorizontegypt.com\/ro\/wp-json\/wp\/v2\/pages\/10427\/revisions"}],"predecessor-version":[{"id":10431,"href":"https:\/\/goldenhorizontegypt.com\/ro\/wp-json\/wp\/v2\/pages\/10427\/revisions\/10431"}],"wp:attachment":[{"href":"https:\/\/goldenhorizontegypt.com\/ro\/wp-json\/wp\/v2\/media?parent=10427"}],"curies":[{"name":"wp","href":"https:\/\/api.w.org\/{rel}","templated":true}]}}