{"id":9992,"date":"2025-09-08T09:15:51","date_gmt":"2025-09-08T09:15:51","guid":{"rendered":"https:\/\/goldenhorizontegypt.com\/?post_type=product&#038;p=9992"},"modified":"2026-02-12T15:07:22","modified_gmt":"2026-02-12T15:07:22","slug":"panorama-wolf-trip","status":"publish","type":"product","link":"https:\/\/goldenhorizontegypt.com\/pl\/produkt\/panorama-wolf-trip\/","title":{"rendered":"\u0141\u00f3d\u017a podwodna Sea Wolf: Podwodne widoki i zabawa"},"content":{"rendered":"<p data-start=\"78\" data-end=\"145\"><strong data-start=\"78\" data-end=\"143\">Zanurz si\u0119 w magii Morza Czerwonego - do\u015bwiadczenie nie jest potrzebne!<\/strong><\/p>\n<p data-start=\"147\" data-end=\"507\">Nie musisz by\u0107 profesjonalnym p\u0142ywakiem, aby odkrywa\u0107 <strong data-start=\"206\" data-end=\"234\">t\u0119tni\u0105cy \u017cyciem podwodny \u015bwiat<\/strong> Morza Czerwonego! <strong data-start=\"251\" data-end=\"294\">Wskocz na pok\u0142ad naszej nowoczesnej \u0142odzi podwodnej \ud83d\udea2<\/strong> w Hurghadzie, zaprojektowany, aby zabra\u0107 Ci\u0119 do <strong data-start=\"335\" data-end=\"375\">13 st\u00f3p (4 metry) pod powierzchni\u0105<\/strong>gdzie mo\u017cna podziwia\u0107 <strong data-start=\"405\" data-end=\"474\">Kolorowe \u017cycie morskie \ud83d\udc20, rafy koralowe \ud83e\udeb8 i krystalicznie czyste wody<\/strong> - wszystko <strong data-start=\"481\" data-end=\"505\">bez zamoczenia!<\/strong><\/p>\n<p data-start=\"509\" data-end=\"551\"><strong data-start=\"509\" data-end=\"549\">Co obejmuje Twoja przygoda?<\/strong><\/p>\n<ul data-start=\"552\" data-end=\"927\">\n<li data-start=\"552\" data-end=\"627\">\n<p data-start=\"554\" data-end=\"627\"><strong data-start=\"554\" data-end=\"585\">Panoramiczne podmorskie widoki \ud83d\udc1f<\/strong> z wygodnej \u0142odzi podwodnej.<\/p>\n<\/li>\n<li data-start=\"628\" data-end=\"704\">\n<p data-start=\"630\" data-end=\"704\"><strong data-start=\"630\" data-end=\"671\">Opcjonalna sesja snorkelingu z przewodnikiem \ud83e\udd3f<\/strong> dla tych, kt\u00f3rzy chc\u0105 si\u0119 przy\u0142\u0105czy\u0107.<\/p>\n<\/li>\n<li data-start=\"705\" data-end=\"785\">\n<p data-start=\"707\" data-end=\"785\"><strong data-start=\"707\" data-end=\"744\">Wyloty rano lub po po\u0142udniu \u23f0<\/strong> - Wybierz czas, kt\u00f3ry najbardziej Ci odpowiada.<\/p>\n<\/li>\n<li data-start=\"786\" data-end=\"858\">\n<p data-start=\"788\" data-end=\"858\"><strong data-start=\"788\" data-end=\"825\">Ca\u0142y sprz\u0119t do snorkelingu zapewniony \ud83e\uddf0<\/strong> - bezproblemowy i gotowy do pracy.<\/p>\n<\/li>\n<li data-start=\"859\" data-end=\"927\">\n<p data-start=\"861\" data-end=\"927\"><strong data-start=\"861\" data-end=\"894\">Transfery hotelowe w obie strony \ud83d\ude90<\/strong> dla p\u0142ynnej i \u0142atwej podr\u00f3\u017cy.<\/p>\n<\/li>\n<\/ul>\n<p data-start=\"929\" data-end=\"1172\">Niezale\u017cnie od tego, czy jeste\u015b rodzin\u0105 z dzie\u0107mi, par\u0105 szukaj\u0105c\u0105 dobrej zabawy, czy po prostu jeste\u015b ciekawy <strong data-start=\"1024\" data-end=\"1059\">Ukryte skarby Morza Czerwonego<\/strong>to <strong data-start=\"1066\" data-end=\"1114\">3-godzinna wycieczka \u0142odzi\u0105 podwodn\u0105 Panorama Sea Wolf<\/strong> to idealne po\u0142\u0105czenie <strong data-start=\"1139\" data-end=\"1169\">relaks i eksploracja<\/strong>!<\/p>\n<p data-start=\"41\" data-end=\"65\">\ud83e\udd11 <strong data-start=\"44\" data-end=\"63\">Cena aktywno\u015bci:<\/strong><\/p>\n<ul data-start=\"66\" data-end=\"137\" data-is-only-node=\"\">\n<li data-start=\"66\" data-end=\"81\">\n<p data-start=\"68\" data-end=\"81\">Doro\u015bli: 20 \u20ac<\/p>\n<\/li>\n<li data-start=\"82\" data-end=\"103\">\n<p data-start=\"84\" data-end=\"103\">Wiek od 5 do 11 lat: 15 \u20ac<\/p>\n<\/li>\n<li data-start=\"104\" data-end=\"137\">\n<p data-start=\"106\" data-end=\"137\">Poni\u017cej 5 lat:     Bezp\u0142atnie<\/p>\n<\/li>\n<\/ul>\n<h3 data-start=\"2198\" data-end=\"2225\"><strong data-start=\"2205\" data-end=\"2223\">P\u0142atno\u015b\u0107 w USD ($ \ud83c\uddfa\ud83c\uddf8) zamiast EUR (\u20ac \ud83c\uddea\ud83c\uddfa) jest dost\u0119pna zgodnie z dziennym kursem wymiany banku.<\/strong><\/h3>\n<p><strong>Ksi\u0105\u017cka przez WhatsApp:<\/strong><\/p>\n<p><a href=\"https:\/\/api.whatsapp.com\/send\/?phone=01024021616\" target=\"_blank\" rel=\"noopener\">\u00a0<img decoding=\"async\" class=\"alignnone wp-image-2058\" src=\"https:\/\/poehalisnamiegypt.com\/wp-content\/uploads\/2024\/02\/pngwing.com_-300x300.png\" sizes=\"auto, (max-width: 35px) 100vw, 35px\" srcset=\"https:\/\/poehalisnamiegypt.com\/wp-content\/uploads\/2024\/02\/pngwing.com_-300x300.png 300w, https:\/\/poehalisnamiegypt.com\/wp-content\/uploads\/2024\/02\/pngwing.com_-150x150.png 150w, https:\/\/poehalisnamiegypt.com\/wp-content\/uploads\/2024\/02\/pngwing.com_.png 584w\" alt=\"\" width=\"53\" height=\"53\" \/><\/a><\/p>\n<div id=\"gtx-trans\" style=\"position: absolute; left: 223px; top: 47.8px;\">\n<div class=\"gtx-trans-icon\"><\/div>\n<\/div>\n<div id=\"gtx-trans\" style=\"position: absolute; left: 223px; top: 47.8px;\">\n<div class=\"gtx-trans-icon\"><\/div>\n<\/div>","protected":false},"excerpt":{"rendered":"<p>\ud83c\udf0a Dive into the Magic of the Red Sea \u2013 No Experience Needed! You don\u2019t need to be a professional swimmer to explore the vibrant underwater world of the Red Sea! Hop aboard our modern semi-submarine \ud83d\udea2 in Hurghada, designed to take you up to 13 feet (4 meters) below the surface, where you can [&hellip;]<\/p>\n","protected":false},"featured_media":9995,"comment_status":"open","ping_status":"closed","template":"","meta":[],"product_brand":[],"product_cat":[64],"product_tag":[],"class_list":{"0":"post-9992","1":"product","2":"type-product","3":"status-publish","4":"has-post-thumbnail","6":"product_cat-entertaining","8":"first","9":"instock","10":"shipping-taxable","11":"purchasable","12":"product-type-ovabrw_car_rental"},"yoast_head":"<!-- This site is optimized with the Yoast SEO plugin v27.5 - https:\/\/yoast.com\/product\/yoast-seo-wordpress\/ -->\n<title>Sea Wolf Semi-Submarine: Underwater Views &amp; Fun - Golden Horizont Egypt<\/title>\n<meta name=\"robots\" content=\"index, follow, max-snippet:-1, max-image-preview:large, max-video-preview:-1\" \/>\n<link rel=\"canonical\" href=\"https:\/\/goldenhorizontegypt.com\/pl\/produkt\/panorama-wolf-trip\/\" \/>\n<meta property=\"og:locale\" content=\"pl_PL\" \/>\n<meta property=\"og:type\" content=\"article\" \/>\n<meta property=\"og:title\" content=\"Sea Wolf Semi-Submarine: Underwater Views &amp; Fun - Golden Horizont Egypt\" \/>\n<meta property=\"og:description\" content=\"\ud83c\udf0a Dive into the Magic of the Red Sea \u2013 No Experience Needed! You don\u2019t need to be a professional swimmer to explore the vibrant underwater world of the Red Sea! Hop aboard our modern semi-submarine \ud83d\udea2 in Hurghada, designed to take you up to 13 feet (4 meters) below the surface, where you can [&hellip;]\" \/>\n<meta property=\"og:url\" content=\"https:\/\/goldenhorizontegypt.com\/pl\/produkt\/panorama-wolf-trip\/\" \/>\n<meta property=\"og:site_name\" content=\"Golden Horizont Egypt\" \/>\n<meta property=\"article:modified_time\" content=\"2026-02-12T15:07:22+00:00\" \/>\n<meta property=\"og:image\" content=\"https:\/\/goldenhorizontegypt.com\/wp-content\/uploads\/2025\/09\/1-4.jpg\" \/>\n\t<meta property=\"og:image:width\" content=\"1280\" \/>\n\t<meta property=\"og:image:height\" content=\"854\" \/>\n\t<meta property=\"og:image:type\" content=\"image\/jpeg\" \/>\n<meta name=\"twitter:card\" content=\"summary_large_image\" \/>\n<meta name=\"twitter:label1\" content=\"Szacowany czas czytania\" \/>\n\t<meta name=\"twitter:data1\" content=\"1 minuta\" \/>\n<script type=\"application\/ld+json\" class=\"yoast-schema-graph\">{\"@context\":\"https:\\\/\\\/schema.org\",\"@graph\":[{\"@type\":\"WebPage\",\"@id\":\"https:\\\/\\\/goldenhorizontegypt.com\\\/product\\\/panorama-wolf-trip\\\/\",\"url\":\"https:\\\/\\\/goldenhorizontegypt.com\\\/product\\\/panorama-wolf-trip\\\/\",\"name\":\"Sea Wolf Semi-Submarine: Underwater Views & Fun - Golden Horizont Egypt\",\"isPartOf\":{\"@id\":\"https:\\\/\\\/goldenhorizontegypt.com\\\/#website\"},\"primaryImageOfPage\":{\"@id\":\"https:\\\/\\\/goldenhorizontegypt.com\\\/product\\\/panorama-wolf-trip\\\/#primaryimage\"},\"image\":{\"@id\":\"https:\\\/\\\/goldenhorizontegypt.com\\\/product\\\/panorama-wolf-trip\\\/#primaryimage\"},\"thumbnailUrl\":\"https:\\\/\\\/goldenhorizontegypt.com\\\/wp-content\\\/uploads\\\/2025\\\/09\\\/1-4.jpg\",\"datePublished\":\"2025-09-08T09:15:51+00:00\",\"dateModified\":\"2026-02-12T15:07:22+00:00\",\"breadcrumb\":{\"@id\":\"https:\\\/\\\/goldenhorizontegypt.com\\\/product\\\/panorama-wolf-trip\\\/#breadcrumb\"},\"inLanguage\":\"pl-PL\",\"potentialAction\":[{\"@type\":\"ReadAction\",\"target\":[\"https:\\\/\\\/goldenhorizontegypt.com\\\/product\\\/panorama-wolf-trip\\\/\"]}]},{\"@type\":\"ImageObject\",\"inLanguage\":\"pl-PL\",\"@id\":\"https:\\\/\\\/goldenhorizontegypt.com\\\/product\\\/panorama-wolf-trip\\\/#primaryimage\",\"url\":\"https:\\\/\\\/goldenhorizontegypt.com\\\/wp-content\\\/uploads\\\/2025\\\/09\\\/1-4.jpg\",\"contentUrl\":\"https:\\\/\\\/goldenhorizontegypt.com\\\/wp-content\\\/uploads\\\/2025\\\/09\\\/1-4.jpg\",\"width\":1280,\"height\":854},{\"@type\":\"BreadcrumbList\",\"@id\":\"https:\\\/\\\/goldenhorizontegypt.com\\\/product\\\/panorama-wolf-trip\\\/#breadcrumb\",\"itemListElement\":[{\"@type\":\"ListItem\",\"position\":1,\"name\":\"Home\",\"item\":\"https:\\\/\\\/goldenhorizontegypt.com\\\/\"},{\"@type\":\"ListItem\",\"position\":2,\"name\":\"Shop\",\"item\":\"https:\\\/\\\/goldenhorizontegypt.com\\\/shop\\\/\"},{\"@type\":\"ListItem\",\"position\":3,\"name\":\"Sea Wolf Semi-Submarine: Underwater Views &#038; Fun\"}]},{\"@type\":\"WebSite\",\"@id\":\"https:\\\/\\\/goldenhorizontegypt.com\\\/#website\",\"url\":\"https:\\\/\\\/goldenhorizontegypt.com\\\/\",\"name\":\"Golden Horizont Egypt\",\"description\":\"\",\"potentialAction\":[{\"@type\":\"SearchAction\",\"target\":{\"@type\":\"EntryPoint\",\"urlTemplate\":\"https:\\\/\\\/goldenhorizontegypt.com\\\/?s={search_term_string}\"},\"query-input\":{\"@type\":\"PropertyValueSpecification\",\"valueRequired\":true,\"valueName\":\"search_term_string\"}}],\"inLanguage\":\"pl-PL\"}]}<\/script>\n<!-- \/ Yoast SEO plugin. -->","yoast_head_json":{"title":"Sea Wolf Semi-Submarine: Underwater Views & Fun - Golden Horizont Egypt","robots":{"index":"index","follow":"follow","max-snippet":"max-snippet:-1","max-image-preview":"max-image-preview:large","max-video-preview":"max-video-preview:-1"},"canonical":"https:\/\/goldenhorizontegypt.com\/pl\/produkt\/panorama-wolf-trip\/","og_locale":"pl_PL","og_type":"article","og_title":"Sea Wolf Semi-Submarine: Underwater Views & Fun - Golden Horizont Egypt","og_description":"\ud83c\udf0a Dive into the Magic of the Red Sea \u2013 No Experience Needed! You don\u2019t need to be a professional swimmer to explore the vibrant underwater world of the Red Sea! Hop aboard our modern semi-submarine \ud83d\udea2 in Hurghada, designed to take you up to 13 feet (4 meters) below the surface, where you can [&hellip;]","og_url":"https:\/\/goldenhorizontegypt.com\/pl\/produkt\/panorama-wolf-trip\/","og_site_name":"Golden Horizont Egypt","article_modified_time":"2026-02-12T15:07:22+00:00","og_image":[{"width":1280,"height":854,"url":"https:\/\/goldenhorizontegypt.com\/wp-content\/uploads\/2025\/09\/1-4.jpg","type":"image\/jpeg"}],"twitter_card":"summary_large_image","twitter_misc":{"Szacowany czas czytania":"1 minuta"},"schema":{"@context":"https:\/\/schema.org","@graph":[{"@type":"WebPage","@id":"https:\/\/goldenhorizontegypt.com\/product\/panorama-wolf-trip\/","url":"https:\/\/goldenhorizontegypt.com\/product\/panorama-wolf-trip\/","name":"Sea Wolf Semi-Submarine: Underwater Views & Fun - Golden Horizont Egypt","isPartOf":{"@id":"https:\/\/goldenhorizontegypt.com\/#website"},"primaryImageOfPage":{"@id":"https:\/\/goldenhorizontegypt.com\/product\/panorama-wolf-trip\/#primaryimage"},"image":{"@id":"https:\/\/goldenhorizontegypt.com\/product\/panorama-wolf-trip\/#primaryimage"},"thumbnailUrl":"https:\/\/goldenhorizontegypt.com\/wp-content\/uploads\/2025\/09\/1-4.jpg","datePublished":"2025-09-08T09:15:51+00:00","dateModified":"2026-02-12T15:07:22+00:00","breadcrumb":{"@id":"https:\/\/goldenhorizontegypt.com\/product\/panorama-wolf-trip\/#breadcrumb"},"inLanguage":"pl-PL","potentialAction":[{"@type":"ReadAction","target":["https:\/\/goldenhorizontegypt.com\/product\/panorama-wolf-trip\/"]}]},{"@type":"ImageObject","inLanguage":"pl-PL","@id":"https:\/\/goldenhorizontegypt.com\/product\/panorama-wolf-trip\/#primaryimage","url":"https:\/\/goldenhorizontegypt.com\/wp-content\/uploads\/2025\/09\/1-4.jpg","contentUrl":"https:\/\/goldenhorizontegypt.com\/wp-content\/uploads\/2025\/09\/1-4.jpg","width":1280,"height":854},{"@type":"BreadcrumbList","@id":"https:\/\/goldenhorizontegypt.com\/product\/panorama-wolf-trip\/#breadcrumb","itemListElement":[{"@type":"ListItem","position":1,"name":"Home","item":"https:\/\/goldenhorizontegypt.com\/"},{"@type":"ListItem","position":2,"name":"Shop","item":"https:\/\/goldenhorizontegypt.com\/shop\/"},{"@type":"ListItem","position":3,"name":"Sea Wolf Semi-Submarine: Underwater Views &#038; Fun"}]},{"@type":"WebSite","@id":"https:\/\/goldenhorizontegypt.com\/#website","url":"https:\/\/goldenhorizontegypt.com\/","name":"Golden Horizont Egypt","description":"","potentialAction":[{"@type":"SearchAction","target":{"@type":"EntryPoint","urlTemplate":"https:\/\/goldenhorizontegypt.com\/?s={search_term_string}"},"query-input":{"@type":"PropertyValueSpecification","valueRequired":true,"valueName":"search_term_string"}}],"inLanguage":"pl-PL"}]}},"_links":{"self":[{"href":"https:\/\/goldenhorizontegypt.com\/pl\/wp-json\/wp\/v2\/product\/9992","targetHints":{"allow":["GET"]}}],"collection":[{"href":"https:\/\/goldenhorizontegypt.com\/pl\/wp-json\/wp\/v2\/product"}],"about":[{"href":"https:\/\/goldenhorizontegypt.com\/pl\/wp-json\/wp\/v2\/types\/product"}],"replies":[{"embeddable":true,"href":"https:\/\/goldenhorizontegypt.com\/pl\/wp-json\/wp\/v2\/comments?post=9992"}],"wp:featuredmedia":[{"embeddable":true,"href":"https:\/\/goldenhorizontegypt.com\/pl\/wp-json\/wp\/v2\/media\/9995"}],"wp:attachment":[{"href":"https:\/\/goldenhorizontegypt.com\/pl\/wp-json\/wp\/v2\/media?parent=9992"}],"wp:term":[{"taxonomy":"product_brand","embeddable":true,"href":"https:\/\/goldenhorizontegypt.com\/pl\/wp-json\/wp\/v2\/product_brand?post=9992"},{"taxonomy":"product_cat","embeddable":true,"href":"https:\/\/goldenhorizontegypt.com\/pl\/wp-json\/wp\/v2\/product_cat?post=9992"},{"taxonomy":"product_tag","embeddable":true,"href":"https:\/\/goldenhorizontegypt.com\/pl\/wp-json\/wp\/v2\/product_tag?post=9992"}],"curies":[{"name":"wp","href":"https:\/\/api.w.org\/{rel}","templated":true}]}}