{"id":9917,"date":"2025-09-08T07:17:16","date_gmt":"2025-09-08T07:17:16","guid":{"rendered":"https:\/\/goldenhorizontegypt.com\/?post_type=product&#038;p=9917"},"modified":"2025-11-28T15:09:53","modified_gmt":"2025-11-28T15:09:53","slug":"private-boat-trip","status":"publish","type":"product","link":"https:\/\/goldenhorizontegypt.com\/pl\/produkt\/private-boat-trip\/","title":{"rendered":"Prywatna \u0142\u00f3d\u017a na Morzu Czerwonym: Snorkeling, delfiny i relaks"},"content":{"rendered":"<h3 data-start=\"75\" data-end=\"152\"><strong data-start=\"79\" data-end=\"152\">Prywatna przygoda \u0142odzi\u0105 po Morzu Czerwonym - zwiedzanie, p\u0142ywanie i relaks w Hurghadzie<\/strong><\/h3>\n<p data-start=\"154\" data-end=\"374\">Ucieknij od zgie\u0142ku zat\u0142oczonych pla\u017c Hurghady i wyrusz na wycieczk\u0119 do <strong data-start=\"229\" data-end=\"282\">prywatna podr\u00f3\u017c \u0142odzi\u0105 po wspania\u0142ym Morzu Czerwonym!<\/strong> Ta ekskluzywna wycieczka obiecuje spok\u00f3j, zapieraj\u0105ce dech w piersiach widoki i niezapomniane wspomnienia.<\/p>\n<h4 data-start=\"376\" data-end=\"406\"><strong data-start=\"381\" data-end=\"404\">Co ci\u0119 czeka?<\/strong><\/h4>\n<ul data-start=\"407\" data-end=\"1092\">\n<li data-start=\"407\" data-end=\"556\">\n<p data-start=\"409\" data-end=\"556\"><strong data-start=\"409\" data-end=\"436\">Raj dla p\u0142etwonurk\u00f3w:<\/strong> Zanurz si\u0119 w krystalicznie czystych wodach dzi\u0119ki <strong data-start=\"473\" data-end=\"503\">bezp\u0142atny sprz\u0119t do nurkowania<\/strong> i odkryj kolorowe rafy koralowe i egzotyczne ryby.<\/p>\n<\/li>\n<li data-start=\"557\" data-end=\"685\">\n<p data-start=\"559\" data-end=\"685\"><strong data-start=\"559\" data-end=\"583\">Obserwowanie delfin\u00f3w:<\/strong> B\u0105d\u017a czujny na figlarne delfiny p\u0142ywaj\u0105ce obok \u0142odzi - to magiczny widok, kt\u00f3rego nie zapomnisz!<\/p>\n<\/li>\n<li data-start=\"686\" data-end=\"810\">\n<p data-start=\"688\" data-end=\"810\"><strong data-start=\"688\" data-end=\"710\">\u2600\ufe0f Sun &amp; Serenity:<\/strong> Zrelaksuj si\u0119 na przestronnym tarasie, opalaj si\u0119 w ciep\u0142ym egipskim s\u0142o\u0144cu i poczuj delikatn\u0105 morsk\u0105 bryz\u0119.<\/p>\n<\/li>\n<li data-start=\"811\" data-end=\"934\">\n<p data-start=\"813\" data-end=\"934\"><strong data-start=\"813\" data-end=\"841\">Napoje na pok\u0142adzie:<\/strong> Ciesz si\u0119 r\u00f3\u017cnorodno\u015bci\u0105 <strong data-start=\"861\" data-end=\"887\">przek\u0105ski i napoje bezalkoholowe<\/strong>, zapewniaj\u0105c orze\u017awienie podczas ca\u0142ej podr\u00f3\u017cy.<\/p>\n<\/li>\n<li data-start=\"935\" data-end=\"1092\">\n<p data-start=\"937\" data-end=\"1092\"><strong data-start=\"937\" data-end=\"970\">\ud83d\udc68\u200d\u2708\ufe0f Prywatne i spersonalizowane:<\/strong> Prywatny czarter zapewnia w pe\u0142ni spersonalizowane wra\u017cenia, niezale\u017cnie od tego, czy chcesz p\u0142ywa\u0107, relaksowa\u0107 si\u0119, czy odkrywa\u0107 ukryte skarby.<\/p>\n<\/li>\n<\/ul>\n<h4 data-start=\"1094\" data-end=\"1134\"><strong data-start=\"1099\" data-end=\"1132\">Dlaczego warto wybra\u0107 to do\u015bwiadczenie?<\/strong><\/h4>\n<ul data-start=\"1135\" data-end=\"1364\">\n<li data-start=\"1135\" data-end=\"1200\">\n<p data-start=\"1137\" data-end=\"1200\">Unikaj zat\u0142oczonych miejsc turystycznych i ciesz si\u0119 <strong data-start=\"1178\" data-end=\"1197\">intymna ucieczka<\/strong>.<\/p>\n<\/li>\n<li data-start=\"1201\" data-end=\"1280\">\n<p data-start=\"1203\" data-end=\"1280\">Idealny dla par, rodzin lub przyjaci\u00f3\u0142 szukaj\u0105cych <strong data-start=\"1255\" data-end=\"1277\">wyj\u0105tkowy dzie\u0144 na morzu<\/strong>.<\/p>\n<\/li>\n<li data-start=\"1281\" data-end=\"1364\">\n<p data-start=\"1283\" data-end=\"1364\">Elastyczny czas trwania dostosowany do Twoich plan\u00f3w - od kilku godzin do ca\u0142odniowej przygody.<\/p>\n<\/li>\n<\/ul>\n<p data-start=\"1366\" data-end=\"1456\"><strong data-start=\"1366\" data-end=\"1454\">Wyp\u0142y\u0144 na dzie\u0144 czystej rozkoszy, przygody i niezapomnianych widok\u00f3w na Morze Czerwone!<\/strong><\/p>\n<h3 data-start=\"2198\" data-end=\"2225\"><strong data-start=\"2205\" data-end=\"2223\">Cena wycieczki\u00a0 \u00a0 \u00a0 <\/strong><\/h3>\n<h3 data-start=\"2198\" data-end=\"2225\"><strong data-start=\"2205\" data-end=\"2223\">\u00a0 .\u00a0 \u00a0 \u00a0 \u00a0 \u00a0 \u00a0 990 \u20ac\u00a0<\/strong><\/h3>\n<h3 data-start=\"2198\" data-end=\"2225\"><strong data-start=\"2205\" data-end=\"2223\">P\u0142atno\u015b\u0107 w USD ($ \ud83c\uddfa\ud83c\uddf8) zamiast EUR (\u20ac \ud83c\uddea\ud83c\uddfa) jest dost\u0119pna zgodnie z dziennym kursem wymiany banku.<\/strong><\/h3>\n<p><strong>Ksi\u0105\u017cka przez WhatsApp:<\/strong><\/p>\n<p><a href=\"https:\/\/api.whatsapp.com\/send\/?phone=01021058859\" target=\"_blank\" rel=\"noopener\">\u00a0<img decoding=\"async\" class=\"alignnone wp-image-2058\" src=\"https:\/\/poehalisnamiegypt.com\/wp-content\/uploads\/2024\/02\/pngwing.com_-300x300.png\" sizes=\"auto, (max-width: 35px) 100vw, 35px\" srcset=\"https:\/\/poehalisnamiegypt.com\/wp-content\/uploads\/2024\/02\/pngwing.com_-300x300.png 300w, https:\/\/poehalisnamiegypt.com\/wp-content\/uploads\/2024\/02\/pngwing.com_-150x150.png 150w, https:\/\/poehalisnamiegypt.com\/wp-content\/uploads\/2024\/02\/pngwing.com_.png 584w\" alt=\"\" width=\"53\" height=\"53\" \/><\/a><\/p>\n<p data-start=\"1366\" data-end=\"1456\">\n<div id=\"gtx-trans\" style=\"position: absolute; left: 204px; top: 3.9125px;\">\n<div class=\"gtx-trans-icon\"><\/div>\n<\/div>\n<div id=\"gtx-trans\" style=\"position: absolute; left: 204px; top: 3.9125px;\">\n<div class=\"gtx-trans-icon\"><\/div>\n<\/div>","protected":false},"excerpt":{"rendered":"<p>\ud83d\udea4 Private Red Sea Boat Adventure \u2013 Explore, Swim &amp; Relax in Hurghada Escape the hustle and bustle of Hurghada\u2019s crowded beaches and embark on a private boat journey across the stunning Red Sea! This exclusive trip promises tranquility, breathtaking views, and unforgettable memories. \ud83c\udf0a What Awaits You? \ud83d\udc20 Snorkeling Paradise: Dive into crystal-clear waters [&hellip;]<\/p>\n","protected":false},"featured_media":9922,"comment_status":"open","ping_status":"closed","template":"","meta":[],"product_brand":[],"product_cat":[68],"product_tag":[],"class_list":{"0":"post-9917","1":"product","2":"type-product","3":"status-publish","4":"has-post-thumbnail","6":"product_cat-sea","8":"first","9":"instock","10":"shipping-taxable","11":"purchasable","12":"product-type-ovabrw_car_rental"},"yoast_head":"<!-- This site is optimized with the Yoast SEO plugin v27.5 - https:\/\/yoast.com\/product\/yoast-seo-wordpress\/ -->\n<title>Private Red Sea Boat: Snorkel, Dolphins &amp; Relax - Golden Horizont Egypt<\/title>\n<meta name=\"robots\" content=\"index, follow, max-snippet:-1, max-image-preview:large, max-video-preview:-1\" \/>\n<link rel=\"canonical\" href=\"https:\/\/goldenhorizontegypt.com\/pl\/produkt\/private-boat-trip\/\" \/>\n<meta property=\"og:locale\" content=\"pl_PL\" \/>\n<meta property=\"og:type\" content=\"article\" \/>\n<meta property=\"og:title\" content=\"Private Red Sea Boat: Snorkel, Dolphins &amp; Relax - Golden Horizont Egypt\" \/>\n<meta property=\"og:description\" content=\"\ud83d\udea4 Private Red Sea Boat Adventure \u2013 Explore, Swim &amp; Relax in Hurghada Escape the hustle and bustle of Hurghada\u2019s crowded beaches and embark on a private boat journey across the stunning Red Sea! This exclusive trip promises tranquility, breathtaking views, and unforgettable memories. \ud83c\udf0a What Awaits You? \ud83d\udc20 Snorkeling Paradise: Dive into crystal-clear waters [&hellip;]\" \/>\n<meta property=\"og:url\" content=\"https:\/\/goldenhorizontegypt.com\/pl\/produkt\/private-boat-trip\/\" \/>\n<meta property=\"og:site_name\" content=\"Golden Horizont Egypt\" \/>\n<meta property=\"article:modified_time\" content=\"2025-11-28T15:09:53+00:00\" \/>\n<meta property=\"og:image\" content=\"https:\/\/goldenhorizontegypt.com\/wp-content\/uploads\/2025\/09\/421_private-boat-tour-to-capri-island.jpg\" \/>\n\t<meta property=\"og:image:width\" content=\"616\" \/>\n\t<meta property=\"og:image:height\" content=\"462\" \/>\n\t<meta property=\"og:image:type\" content=\"image\/jpeg\" \/>\n<meta name=\"twitter:card\" content=\"summary_large_image\" \/>\n<meta name=\"twitter:label1\" content=\"Szacowany czas czytania\" \/>\n\t<meta name=\"twitter:data1\" content=\"1 minuta\" \/>\n<script type=\"application\/ld+json\" class=\"yoast-schema-graph\">{\"@context\":\"https:\\\/\\\/schema.org\",\"@graph\":[{\"@type\":\"WebPage\",\"@id\":\"https:\\\/\\\/goldenhorizontegypt.com\\\/product\\\/private-boat-trip\\\/\",\"url\":\"https:\\\/\\\/goldenhorizontegypt.com\\\/product\\\/private-boat-trip\\\/\",\"name\":\"Private Red Sea Boat: Snorkel, Dolphins & Relax - Golden Horizont Egypt\",\"isPartOf\":{\"@id\":\"https:\\\/\\\/goldenhorizontegypt.com\\\/#website\"},\"primaryImageOfPage\":{\"@id\":\"https:\\\/\\\/goldenhorizontegypt.com\\\/product\\\/private-boat-trip\\\/#primaryimage\"},\"image\":{\"@id\":\"https:\\\/\\\/goldenhorizontegypt.com\\\/product\\\/private-boat-trip\\\/#primaryimage\"},\"thumbnailUrl\":\"https:\\\/\\\/goldenhorizontegypt.com\\\/wp-content\\\/uploads\\\/2025\\\/09\\\/421_private-boat-tour-to-capri-island.jpg\",\"datePublished\":\"2025-09-08T07:17:16+00:00\",\"dateModified\":\"2025-11-28T15:09:53+00:00\",\"breadcrumb\":{\"@id\":\"https:\\\/\\\/goldenhorizontegypt.com\\\/product\\\/private-boat-trip\\\/#breadcrumb\"},\"inLanguage\":\"pl-PL\",\"potentialAction\":[{\"@type\":\"ReadAction\",\"target\":[\"https:\\\/\\\/goldenhorizontegypt.com\\\/product\\\/private-boat-trip\\\/\"]}]},{\"@type\":\"ImageObject\",\"inLanguage\":\"pl-PL\",\"@id\":\"https:\\\/\\\/goldenhorizontegypt.com\\\/product\\\/private-boat-trip\\\/#primaryimage\",\"url\":\"https:\\\/\\\/goldenhorizontegypt.com\\\/wp-content\\\/uploads\\\/2025\\\/09\\\/421_private-boat-tour-to-capri-island.jpg\",\"contentUrl\":\"https:\\\/\\\/goldenhorizontegypt.com\\\/wp-content\\\/uploads\\\/2025\\\/09\\\/421_private-boat-tour-to-capri-island.jpg\",\"width\":616,\"height\":462},{\"@type\":\"BreadcrumbList\",\"@id\":\"https:\\\/\\\/goldenhorizontegypt.com\\\/product\\\/private-boat-trip\\\/#breadcrumb\",\"itemListElement\":[{\"@type\":\"ListItem\",\"position\":1,\"name\":\"Home\",\"item\":\"https:\\\/\\\/goldenhorizontegypt.com\\\/\"},{\"@type\":\"ListItem\",\"position\":2,\"name\":\"Shop\",\"item\":\"https:\\\/\\\/goldenhorizontegypt.com\\\/shop\\\/\"},{\"@type\":\"ListItem\",\"position\":3,\"name\":\"Private Red Sea Boat: Snorkel, Dolphins &#038; Relax\"}]},{\"@type\":\"WebSite\",\"@id\":\"https:\\\/\\\/goldenhorizontegypt.com\\\/#website\",\"url\":\"https:\\\/\\\/goldenhorizontegypt.com\\\/\",\"name\":\"Golden Horizont Egypt\",\"description\":\"\",\"potentialAction\":[{\"@type\":\"SearchAction\",\"target\":{\"@type\":\"EntryPoint\",\"urlTemplate\":\"https:\\\/\\\/goldenhorizontegypt.com\\\/?s={search_term_string}\"},\"query-input\":{\"@type\":\"PropertyValueSpecification\",\"valueRequired\":true,\"valueName\":\"search_term_string\"}}],\"inLanguage\":\"pl-PL\"}]}<\/script>\n<!-- \/ Yoast SEO plugin. -->","yoast_head_json":{"title":"Private Red Sea Boat: Snorkel, Dolphins & Relax - Golden Horizont Egypt","robots":{"index":"index","follow":"follow","max-snippet":"max-snippet:-1","max-image-preview":"max-image-preview:large","max-video-preview":"max-video-preview:-1"},"canonical":"https:\/\/goldenhorizontegypt.com\/pl\/produkt\/private-boat-trip\/","og_locale":"pl_PL","og_type":"article","og_title":"Private Red Sea Boat: Snorkel, Dolphins & Relax - Golden Horizont Egypt","og_description":"\ud83d\udea4 Private Red Sea Boat Adventure \u2013 Explore, Swim &amp; Relax in Hurghada Escape the hustle and bustle of Hurghada\u2019s crowded beaches and embark on a private boat journey across the stunning Red Sea! This exclusive trip promises tranquility, breathtaking views, and unforgettable memories. \ud83c\udf0a What Awaits You? \ud83d\udc20 Snorkeling Paradise: Dive into crystal-clear waters [&hellip;]","og_url":"https:\/\/goldenhorizontegypt.com\/pl\/produkt\/private-boat-trip\/","og_site_name":"Golden Horizont Egypt","article_modified_time":"2025-11-28T15:09:53+00:00","og_image":[{"width":616,"height":462,"url":"https:\/\/goldenhorizontegypt.com\/wp-content\/uploads\/2025\/09\/421_private-boat-tour-to-capri-island.jpg","type":"image\/jpeg"}],"twitter_card":"summary_large_image","twitter_misc":{"Szacowany czas czytania":"1 minuta"},"schema":{"@context":"https:\/\/schema.org","@graph":[{"@type":"WebPage","@id":"https:\/\/goldenhorizontegypt.com\/product\/private-boat-trip\/","url":"https:\/\/goldenhorizontegypt.com\/product\/private-boat-trip\/","name":"Private Red Sea Boat: Snorkel, Dolphins & Relax - Golden Horizont Egypt","isPartOf":{"@id":"https:\/\/goldenhorizontegypt.com\/#website"},"primaryImageOfPage":{"@id":"https:\/\/goldenhorizontegypt.com\/product\/private-boat-trip\/#primaryimage"},"image":{"@id":"https:\/\/goldenhorizontegypt.com\/product\/private-boat-trip\/#primaryimage"},"thumbnailUrl":"https:\/\/goldenhorizontegypt.com\/wp-content\/uploads\/2025\/09\/421_private-boat-tour-to-capri-island.jpg","datePublished":"2025-09-08T07:17:16+00:00","dateModified":"2025-11-28T15:09:53+00:00","breadcrumb":{"@id":"https:\/\/goldenhorizontegypt.com\/product\/private-boat-trip\/#breadcrumb"},"inLanguage":"pl-PL","potentialAction":[{"@type":"ReadAction","target":["https:\/\/goldenhorizontegypt.com\/product\/private-boat-trip\/"]}]},{"@type":"ImageObject","inLanguage":"pl-PL","@id":"https:\/\/goldenhorizontegypt.com\/product\/private-boat-trip\/#primaryimage","url":"https:\/\/goldenhorizontegypt.com\/wp-content\/uploads\/2025\/09\/421_private-boat-tour-to-capri-island.jpg","contentUrl":"https:\/\/goldenhorizontegypt.com\/wp-content\/uploads\/2025\/09\/421_private-boat-tour-to-capri-island.jpg","width":616,"height":462},{"@type":"BreadcrumbList","@id":"https:\/\/goldenhorizontegypt.com\/product\/private-boat-trip\/#breadcrumb","itemListElement":[{"@type":"ListItem","position":1,"name":"Home","item":"https:\/\/goldenhorizontegypt.com\/"},{"@type":"ListItem","position":2,"name":"Shop","item":"https:\/\/goldenhorizontegypt.com\/shop\/"},{"@type":"ListItem","position":3,"name":"Private Red Sea Boat: Snorkel, Dolphins &#038; Relax"}]},{"@type":"WebSite","@id":"https:\/\/goldenhorizontegypt.com\/#website","url":"https:\/\/goldenhorizontegypt.com\/","name":"Golden Horizont Egypt","description":"","potentialAction":[{"@type":"SearchAction","target":{"@type":"EntryPoint","urlTemplate":"https:\/\/goldenhorizontegypt.com\/?s={search_term_string}"},"query-input":{"@type":"PropertyValueSpecification","valueRequired":true,"valueName":"search_term_string"}}],"inLanguage":"pl-PL"}]}},"_links":{"self":[{"href":"https:\/\/goldenhorizontegypt.com\/pl\/wp-json\/wp\/v2\/product\/9917","targetHints":{"allow":["GET"]}}],"collection":[{"href":"https:\/\/goldenhorizontegypt.com\/pl\/wp-json\/wp\/v2\/product"}],"about":[{"href":"https:\/\/goldenhorizontegypt.com\/pl\/wp-json\/wp\/v2\/types\/product"}],"replies":[{"embeddable":true,"href":"https:\/\/goldenhorizontegypt.com\/pl\/wp-json\/wp\/v2\/comments?post=9917"}],"wp:featuredmedia":[{"embeddable":true,"href":"https:\/\/goldenhorizontegypt.com\/pl\/wp-json\/wp\/v2\/media\/9922"}],"wp:attachment":[{"href":"https:\/\/goldenhorizontegypt.com\/pl\/wp-json\/wp\/v2\/media?parent=9917"}],"wp:term":[{"taxonomy":"product_brand","embeddable":true,"href":"https:\/\/goldenhorizontegypt.com\/pl\/wp-json\/wp\/v2\/product_brand?post=9917"},{"taxonomy":"product_cat","embeddable":true,"href":"https:\/\/goldenhorizontegypt.com\/pl\/wp-json\/wp\/v2\/product_cat?post=9917"},{"taxonomy":"product_tag","embeddable":true,"href":"https:\/\/goldenhorizontegypt.com\/pl\/wp-json\/wp\/v2\/product_tag?post=9917"}],"curies":[{"name":"wp","href":"https:\/\/api.w.org\/{rel}","templated":true}]}}