{"id":10994,"date":"2025-09-21T22:23:43","date_gmt":"2025-09-21T22:23:43","guid":{"rendered":"https:\/\/goldenhorizontegypt.com\/?post_type=product&#038;p=10994"},"modified":"2025-11-28T14:24:10","modified_gmt":"2025-11-28T14:24:10","slug":"coral-garden-trip","status":"publish","type":"product","link":"https:\/\/goldenhorizontegypt.com\/pl\/produkt\/coral-garden-trip\/","title":{"rendered":"Coral Garden: Snorkeling, nurkowanie i magia Morza Czerwonego"},"content":{"rendered":"<hr data-start=\"76\" data-end=\"79\" \/>\n<h1 data-start=\"81\" data-end=\"140\">Ogr\u00f3d koralowy - podwodny raj w Marsa Alam \ud83d\udc20\u2728\ud83d\udc20<\/h1>\n<p data-start=\"142\" data-end=\"258\">Zanurz si\u0119 w t\u0119tni\u0105cym \u017cyciem \u015bwiecie <strong data-start=\"173\" data-end=\"189\">Coral Garden<\/strong>Jedno z najpi\u0119kniejszych miejsc do nurkowania i snorkelingu w Marsa Alam! \ud83c\udf0a<\/p>\n<p data-start=\"260\" data-end=\"442\">Z <strong data-start=\"265\" data-end=\"299\">krystalicznie czyste turkusowe wody<\/strong>, <strong data-start=\"301\" data-end=\"325\">kolorowe rafy koralowe<\/strong>i obfito\u015b\u0107 tropikalnych ryb \ud83d\udc1f, Coral Garden to wymarzone miejsce dla podwodnych odkrywc\u00f3w na wszystkich poziomach zaawansowania.<\/p>\n<h3 data-start=\"444\" data-end=\"463\">Najwa\u017cniejsze wydarzenia:<\/h3>\n<ul data-start=\"464\" data-end=\"947\">\n<li data-start=\"464\" data-end=\"566\">\n<p data-start=\"466\" data-end=\"566\"><strong data-start=\"466\" data-end=\"494\">Snorkeling Adventure \ud83e\udd3f:<\/strong> P\u0142ywaj w\u015br\u00f3d \u017cywych koralowc\u00f3w i egzotycznych ryb zaledwie kilka metr\u00f3w od brzegu.<\/p>\n<\/li>\n<li data-start=\"567\" data-end=\"685\">\n<p data-start=\"569\" data-end=\"685\"><strong data-start=\"569\" data-end=\"591\">Nurkowanie \ud83e\udd3f\ud83d\udc20:<\/strong> Poznaj magiczne formacje koralowe i odkryj bogaty ekosystem morski Morza Czerwonego.<\/p>\n<\/li>\n<li data-start=\"686\" data-end=\"785\">\n<p data-start=\"688\" data-end=\"785\"><strong data-start=\"688\" data-end=\"724\">Rodzinna zabawa \ud83d\udc68\u200d\ud83d\udc69\u200d\ud83d\udc67\u200d\ud83d\udc66:<\/strong> Bezpieczne p\u0142ytkie obszary sprawiaj\u0105, \u017ce jest to idealne miejsce dla pocz\u0105tkuj\u0105cych i dzieci.<\/p>\n<\/li>\n<li data-start=\"786\" data-end=\"862\">\n<p data-start=\"788\" data-end=\"862\"><strong data-start=\"788\" data-end=\"818\">Zdj\u0119cia i wspomnienia \ud83d\udcf8:<\/strong> Uchwy\u0107 niezapomniane podwodne chwile.<\/p>\n<\/li>\n<li data-start=\"863\" data-end=\"947\">\n<p data-start=\"865\" data-end=\"947\"><strong data-start=\"865\" data-end=\"896\">Relaks na pla\u017cy \ud83c\udf1e:<\/strong> Mi\u0119kki piasek, \u0142agodne fale i zapieraj\u0105ce dech w piersiach widoki.<\/p>\n<\/li>\n<\/ul>\n<h3 data-start=\"949\" data-end=\"975\">Dlaczego Coral Garden?<\/h3>\n<p data-start=\"976\" data-end=\"1180\">Niezale\u017cnie od tego, czy jeste\u015b <strong data-start=\"993\" data-end=\"1039\">nurek, mi\u0142o\u015bnik snorkelingu lub po prostu mi\u0142o\u015bnik przyrody<\/strong>, Coral Garden w Marsa Alam obiecuje <strong data-start=\"1077\" data-end=\"1139\">magiczny dzie\u0144 pe\u0142en przyg\u00f3d, odkry\u0107 i relaksu<\/strong>. Nie przegap tego <strong data-start=\"1157\" data-end=\"1172\">Klejnot Morza Czerwonego<\/strong>! \ud83d\udc22\ud83d\udc20<\/p>\n<div class=\"st-highlight\">\n<h2 class=\"st-heading-section\">Program<\/h2>\n<ul>\n<li>Wyjazd oko\u0142o godziny 7:30 (w przybli\u017ceniu)<\/li>\n<li>Powr\u00f3t oko\u0142o godziny 16:00 (w przybli\u017ceniu)<\/li>\n<li>2 sesje nurkowania z rurk\u0105<\/li>\n<\/ul>\n<\/div>\n<div class=\"accordion-item\">\n<h2 class=\"st-heading-section\">Dost\u0119pne opcje<\/h2>\n<div id=\"collapseInExClude\" class=\"accordion-collapse collapse show\" aria-labelledby=\"headingInExClude\" data-bs-parent=\"#headingInExClude\">\n<div class=\"accordion-body\">\n<div class=\"row\">\n<div class=\"col-lg-6\">\n<ul class=\"include\">\n<li>Transfer do hotelu - aktywno\u015b\u0107<\/li>\n<li>Sprz\u0119t do snorkelingu\/nurkowania<\/li>\n<li>Lunch + nap\u00f3j bezalkoholowy<\/li>\n<\/ul>\n<\/div>\n<p data-start=\"1518\" data-end=\"1574\">\ud83e\udd11 <strong data-start=\"44\" data-end=\"63\">Ceny aktywno\u015bci\u00a0<\/strong><br data-start=\"63\" data-end=\"66\" \/>\ud83d\udc68\ud83c\udffb\u200d\ud83e\uddb1 Doro\u015bli (od 12 lat): <strong data-start=\"103\" data-end=\"110\">50 \u20ac<\/strong><br data-start=\"110\" data-end=\"113\" \/>\ud83e\uddcd\ud83c\udffb\u200d\u2640\ufe0f Dzieci (do 12 lat): <strong data-start=\"148\" data-end=\"155\">25 \u20ac<\/strong><br data-start=\"155\" data-end=\"158\" \/>\ud83d\udc7c\ud83c\udffc Dzieci (do 5 lat): <strong data-start=\"189\" data-end=\"197\">Darmowy<\/strong><\/p>\n<p data-start=\"1518\" data-end=\"1574\">\ud83e\udd11 <strong data-start=\"44\" data-end=\"63\">Ceny aktywno\u015bci ( Intro nurkowania )<\/strong><br data-start=\"63\" data-end=\"66\" \/>\ud83d\udc68\ud83c\udffb\u200d\ud83e\uddb1 Doro\u015bli : <strong data-start=\"103\" data-end=\"110\">70 \u20ac<\/strong><\/p>\n<p data-start=\"1518\" data-end=\"1574\">\ud83e\udd11 <strong data-start=\"44\" data-end=\"63\">Ceny aktywno\u015bci (nurkowanie codziennie)<\/strong><br data-start=\"63\" data-end=\"66\" \/>\ud83d\udc68\ud83c\udffb\u200d\ud83e\uddb1 Doro\u015bli : <strong data-start=\"103\" data-end=\"110\">95 \u20ac<\/strong><\/p>\n<h3 data-start=\"2198\" data-end=\"2225\"><strong data-start=\"2205\" data-end=\"2223\">P\u0142atno\u015b\u0107 w USD ($ \ud83c\uddfa\ud83c\uddf8) zamiast EUR (\u20ac \ud83c\uddea\ud83c\uddfa) jest dost\u0119pna zgodnie z dziennym kursem wymiany banku.<\/strong><\/h3>\n<\/div>\n<\/div>\n<\/div>\n<\/div>\n<div id=\"gtx-trans\" style=\"position: absolute; left: 202px; top: 18.6375px;\">\n<div class=\"gtx-trans-icon\"><\/div>\n<\/div>\n<div id=\"gtx-trans\" style=\"position: absolute; left: 202px; top: 18.6375px;\">\n<div class=\"gtx-trans-icon\"><\/div>\n<\/div>","protected":false},"excerpt":{"rendered":"<p>\ud83d\udc20\u2728 Coral Garden \u2013 Marsa Alam\u2019s Underwater Paradise \u2728\ud83d\udc20 Dive into the vibrant world of Coral Garden, one of Marsa Alam\u2019s most stunning snorkeling and diving spots! \ud83c\udf0a With crystal-clear turquoise waters, colorful coral reefs, and an abundance of tropical fish \ud83d\udc1f, Coral Garden is a dream destination for underwater explorers of all levels. \u2728 [&hellip;]<\/p>\n","protected":false},"featured_media":10995,"comment_status":"open","ping_status":"closed","template":"","meta":[],"product_brand":[],"product_cat":[66],"product_tag":[],"class_list":{"0":"post-10994","1":"product","2":"type-product","3":"status-publish","4":"has-post-thumbnail","6":"product_cat-marsa-alam","8":"first","9":"instock","10":"shipping-taxable","11":"purchasable","12":"product-type-ovabrw_car_rental"},"yoast_head":"<!-- This site is optimized with the Yoast SEO plugin v27.5 - https:\/\/yoast.com\/product\/yoast-seo-wordpress\/ -->\n<title>Coral Garden: Snorkel, Dive &amp; Red Sea Magic - Golden Horizont Egypt<\/title>\n<meta name=\"robots\" content=\"index, follow, max-snippet:-1, max-image-preview:large, max-video-preview:-1\" \/>\n<link rel=\"canonical\" href=\"https:\/\/goldenhorizontegypt.com\/pl\/produkt\/coral-garden-trip\/\" \/>\n<meta property=\"og:locale\" content=\"pl_PL\" \/>\n<meta property=\"og:type\" content=\"article\" \/>\n<meta property=\"og:title\" content=\"Coral Garden: Snorkel, Dive &amp; Red Sea Magic - Golden Horizont Egypt\" \/>\n<meta property=\"og:description\" content=\"\ud83d\udc20\u2728 Coral Garden \u2013 Marsa Alam\u2019s Underwater Paradise \u2728\ud83d\udc20 Dive into the vibrant world of Coral Garden, one of Marsa Alam\u2019s most stunning snorkeling and diving spots! \ud83c\udf0a With crystal-clear turquoise waters, colorful coral reefs, and an abundance of tropical fish \ud83d\udc1f, Coral Garden is a dream destination for underwater explorers of all levels. \u2728 [&hellip;]\" \/>\n<meta property=\"og:url\" content=\"https:\/\/goldenhorizontegypt.com\/pl\/produkt\/coral-garden-trip\/\" \/>\n<meta property=\"og:site_name\" content=\"Golden Horizont Egypt\" \/>\n<meta property=\"article:modified_time\" content=\"2025-11-28T14:24:10+00:00\" \/>\n<meta property=\"og:image\" content=\"https:\/\/goldenhorizontegypt.com\/wp-content\/uploads\/2025\/09\/96a29fd2-0b31-4717-85e5-06f3f9f98463.webp\" \/>\n\t<meta property=\"og:image:width\" content=\"1280\" \/>\n\t<meta property=\"og:image:height\" content=\"853\" \/>\n\t<meta property=\"og:image:type\" content=\"image\/webp\" \/>\n<meta name=\"twitter:card\" content=\"summary_large_image\" \/>\n<meta name=\"twitter:label1\" content=\"Szacowany czas czytania\" \/>\n\t<meta name=\"twitter:data1\" content=\"1 minuta\" \/>\n<script type=\"application\/ld+json\" class=\"yoast-schema-graph\">{\"@context\":\"https:\\\/\\\/schema.org\",\"@graph\":[{\"@type\":\"WebPage\",\"@id\":\"https:\\\/\\\/goldenhorizontegypt.com\\\/product\\\/coral-garden-trip\\\/\",\"url\":\"https:\\\/\\\/goldenhorizontegypt.com\\\/product\\\/coral-garden-trip\\\/\",\"name\":\"Coral Garden: Snorkel, Dive & Red Sea Magic - Golden Horizont Egypt\",\"isPartOf\":{\"@id\":\"https:\\\/\\\/goldenhorizontegypt.com\\\/#website\"},\"primaryImageOfPage\":{\"@id\":\"https:\\\/\\\/goldenhorizontegypt.com\\\/product\\\/coral-garden-trip\\\/#primaryimage\"},\"image\":{\"@id\":\"https:\\\/\\\/goldenhorizontegypt.com\\\/product\\\/coral-garden-trip\\\/#primaryimage\"},\"thumbnailUrl\":\"https:\\\/\\\/goldenhorizontegypt.com\\\/wp-content\\\/uploads\\\/2025\\\/09\\\/96a29fd2-0b31-4717-85e5-06f3f9f98463.webp\",\"datePublished\":\"2025-09-21T22:23:43+00:00\",\"dateModified\":\"2025-11-28T14:24:10+00:00\",\"breadcrumb\":{\"@id\":\"https:\\\/\\\/goldenhorizontegypt.com\\\/product\\\/coral-garden-trip\\\/#breadcrumb\"},\"inLanguage\":\"pl-PL\",\"potentialAction\":[{\"@type\":\"ReadAction\",\"target\":[\"https:\\\/\\\/goldenhorizontegypt.com\\\/product\\\/coral-garden-trip\\\/\"]}]},{\"@type\":\"ImageObject\",\"inLanguage\":\"pl-PL\",\"@id\":\"https:\\\/\\\/goldenhorizontegypt.com\\\/product\\\/coral-garden-trip\\\/#primaryimage\",\"url\":\"https:\\\/\\\/goldenhorizontegypt.com\\\/wp-content\\\/uploads\\\/2025\\\/09\\\/96a29fd2-0b31-4717-85e5-06f3f9f98463.webp\",\"contentUrl\":\"https:\\\/\\\/goldenhorizontegypt.com\\\/wp-content\\\/uploads\\\/2025\\\/09\\\/96a29fd2-0b31-4717-85e5-06f3f9f98463.webp\",\"width\":1280,\"height\":853},{\"@type\":\"BreadcrumbList\",\"@id\":\"https:\\\/\\\/goldenhorizontegypt.com\\\/product\\\/coral-garden-trip\\\/#breadcrumb\",\"itemListElement\":[{\"@type\":\"ListItem\",\"position\":1,\"name\":\"Home\",\"item\":\"https:\\\/\\\/goldenhorizontegypt.com\\\/\"},{\"@type\":\"ListItem\",\"position\":2,\"name\":\"Shop\",\"item\":\"https:\\\/\\\/goldenhorizontegypt.com\\\/shop\\\/\"},{\"@type\":\"ListItem\",\"position\":3,\"name\":\"Coral Garden: Snorkel, Dive &#038; Red Sea Magic\"}]},{\"@type\":\"WebSite\",\"@id\":\"https:\\\/\\\/goldenhorizontegypt.com\\\/#website\",\"url\":\"https:\\\/\\\/goldenhorizontegypt.com\\\/\",\"name\":\"Golden Horizont Egypt\",\"description\":\"\",\"potentialAction\":[{\"@type\":\"SearchAction\",\"target\":{\"@type\":\"EntryPoint\",\"urlTemplate\":\"https:\\\/\\\/goldenhorizontegypt.com\\\/?s={search_term_string}\"},\"query-input\":{\"@type\":\"PropertyValueSpecification\",\"valueRequired\":true,\"valueName\":\"search_term_string\"}}],\"inLanguage\":\"pl-PL\"}]}<\/script>\n<!-- \/ Yoast SEO plugin. -->","yoast_head_json":{"title":"Coral Garden: Snorkel, Dive & Red Sea Magic - Golden Horizont Egypt","robots":{"index":"index","follow":"follow","max-snippet":"max-snippet:-1","max-image-preview":"max-image-preview:large","max-video-preview":"max-video-preview:-1"},"canonical":"https:\/\/goldenhorizontegypt.com\/pl\/produkt\/coral-garden-trip\/","og_locale":"pl_PL","og_type":"article","og_title":"Coral Garden: Snorkel, Dive & Red Sea Magic - Golden Horizont Egypt","og_description":"\ud83d\udc20\u2728 Coral Garden \u2013 Marsa Alam\u2019s Underwater Paradise \u2728\ud83d\udc20 Dive into the vibrant world of Coral Garden, one of Marsa Alam\u2019s most stunning snorkeling and diving spots! \ud83c\udf0a With crystal-clear turquoise waters, colorful coral reefs, and an abundance of tropical fish \ud83d\udc1f, Coral Garden is a dream destination for underwater explorers of all levels. \u2728 [&hellip;]","og_url":"https:\/\/goldenhorizontegypt.com\/pl\/produkt\/coral-garden-trip\/","og_site_name":"Golden Horizont Egypt","article_modified_time":"2025-11-28T14:24:10+00:00","og_image":[{"width":1280,"height":853,"url":"https:\/\/goldenhorizontegypt.com\/wp-content\/uploads\/2025\/09\/96a29fd2-0b31-4717-85e5-06f3f9f98463.webp","type":"image\/webp"}],"twitter_card":"summary_large_image","twitter_misc":{"Szacowany czas czytania":"1 minuta"},"schema":{"@context":"https:\/\/schema.org","@graph":[{"@type":"WebPage","@id":"https:\/\/goldenhorizontegypt.com\/product\/coral-garden-trip\/","url":"https:\/\/goldenhorizontegypt.com\/product\/coral-garden-trip\/","name":"Coral Garden: Snorkel, Dive & Red Sea Magic - Golden Horizont Egypt","isPartOf":{"@id":"https:\/\/goldenhorizontegypt.com\/#website"},"primaryImageOfPage":{"@id":"https:\/\/goldenhorizontegypt.com\/product\/coral-garden-trip\/#primaryimage"},"image":{"@id":"https:\/\/goldenhorizontegypt.com\/product\/coral-garden-trip\/#primaryimage"},"thumbnailUrl":"https:\/\/goldenhorizontegypt.com\/wp-content\/uploads\/2025\/09\/96a29fd2-0b31-4717-85e5-06f3f9f98463.webp","datePublished":"2025-09-21T22:23:43+00:00","dateModified":"2025-11-28T14:24:10+00:00","breadcrumb":{"@id":"https:\/\/goldenhorizontegypt.com\/product\/coral-garden-trip\/#breadcrumb"},"inLanguage":"pl-PL","potentialAction":[{"@type":"ReadAction","target":["https:\/\/goldenhorizontegypt.com\/product\/coral-garden-trip\/"]}]},{"@type":"ImageObject","inLanguage":"pl-PL","@id":"https:\/\/goldenhorizontegypt.com\/product\/coral-garden-trip\/#primaryimage","url":"https:\/\/goldenhorizontegypt.com\/wp-content\/uploads\/2025\/09\/96a29fd2-0b31-4717-85e5-06f3f9f98463.webp","contentUrl":"https:\/\/goldenhorizontegypt.com\/wp-content\/uploads\/2025\/09\/96a29fd2-0b31-4717-85e5-06f3f9f98463.webp","width":1280,"height":853},{"@type":"BreadcrumbList","@id":"https:\/\/goldenhorizontegypt.com\/product\/coral-garden-trip\/#breadcrumb","itemListElement":[{"@type":"ListItem","position":1,"name":"Home","item":"https:\/\/goldenhorizontegypt.com\/"},{"@type":"ListItem","position":2,"name":"Shop","item":"https:\/\/goldenhorizontegypt.com\/shop\/"},{"@type":"ListItem","position":3,"name":"Coral Garden: Snorkel, Dive &#038; Red Sea Magic"}]},{"@type":"WebSite","@id":"https:\/\/goldenhorizontegypt.com\/#website","url":"https:\/\/goldenhorizontegypt.com\/","name":"Golden Horizont Egypt","description":"","potentialAction":[{"@type":"SearchAction","target":{"@type":"EntryPoint","urlTemplate":"https:\/\/goldenhorizontegypt.com\/?s={search_term_string}"},"query-input":{"@type":"PropertyValueSpecification","valueRequired":true,"valueName":"search_term_string"}}],"inLanguage":"pl-PL"}]}},"_links":{"self":[{"href":"https:\/\/goldenhorizontegypt.com\/pl\/wp-json\/wp\/v2\/product\/10994","targetHints":{"allow":["GET"]}}],"collection":[{"href":"https:\/\/goldenhorizontegypt.com\/pl\/wp-json\/wp\/v2\/product"}],"about":[{"href":"https:\/\/goldenhorizontegypt.com\/pl\/wp-json\/wp\/v2\/types\/product"}],"replies":[{"embeddable":true,"href":"https:\/\/goldenhorizontegypt.com\/pl\/wp-json\/wp\/v2\/comments?post=10994"}],"wp:featuredmedia":[{"embeddable":true,"href":"https:\/\/goldenhorizontegypt.com\/pl\/wp-json\/wp\/v2\/media\/10995"}],"wp:attachment":[{"href":"https:\/\/goldenhorizontegypt.com\/pl\/wp-json\/wp\/v2\/media?parent=10994"}],"wp:term":[{"taxonomy":"product_brand","embeddable":true,"href":"https:\/\/goldenhorizontegypt.com\/pl\/wp-json\/wp\/v2\/product_brand?post=10994"},{"taxonomy":"product_cat","embeddable":true,"href":"https:\/\/goldenhorizontegypt.com\/pl\/wp-json\/wp\/v2\/product_cat?post=10994"},{"taxonomy":"product_tag","embeddable":true,"href":"https:\/\/goldenhorizontegypt.com\/pl\/wp-json\/wp\/v2\/product_tag?post=10994"}],"curies":[{"name":"wp","href":"https:\/\/api.w.org\/{rel}","templated":true}]}}