{"id":10152,"date":"2025-09-09T08:35:20","date_gmt":"2025-09-09T08:35:20","guid":{"rendered":"https:\/\/goldenhorizontegypt.com\/?post_type=product&#038;p=10152"},"modified":"2025-11-28T14:36:57","modified_gmt":"2025-11-28T14:36:57","slug":"moto-cross-trip","status":"publish","type":"product","link":"https:\/\/goldenhorizontegypt.com\/pl\/produkt\/moto-cross-trip\/","title":{"rendered":"Motocross Desert Ride: Pr\u0119dko\u015b\u0107, piasek i adrenalina"},"content":{"rendered":"<h3 data-start=\"97\" data-end=\"171\">\ud83c\udfcd\ufe0f Motocrossowa przygoda na pustyni w Hurghadzie - czysta adrenalina czeka!<\/h3>\n<p data-start=\"173\" data-end=\"378\">Do\u015bwiadczenie najwy\u017cszej jako\u015bci <strong data-start=\"197\" data-end=\"216\">przyp\u0142yw adrenaliny<\/strong> wyruszaj\u0105c w ekscytuj\u0105c\u0105 podr\u00f3\u017c <strong data-start=\"246\" data-end=\"269\">motocrossowa przygoda<\/strong> przez nier\u00f3wne g\u00f3rskie doliny Hurghady, z majestatycznym <strong data-start=\"337\" data-end=\"358\">G\u00f3ry Morza Czerwonego<\/strong> jako t\u0142o.<\/p>\n<h4 data-start=\"380\" data-end=\"416\">\u0141atwy odbi\u00f3r i przygotowanie<\/h4>\n<p data-start=\"417\" data-end=\"577\">Twoja przygoda zaczyna si\u0119 od <strong data-start=\"446\" data-end=\"485\">wygodny transfer z hotelu<\/strong> do naszej pustynnej bazy. Po przybyciu na miejsce, jeden z naszych <strong data-start=\"531\" data-end=\"569\">profesjonalni instruktorzy motocrossu<\/strong> b\u0119dzie:<\/p>\n<ul data-start=\"578\" data-end=\"704\">\n<li data-start=\"578\" data-end=\"634\">\n<p data-start=\"580\" data-end=\"634\">\ud83e\uddd1\u200d\ud83c\udfeb Daj ci <strong data-start=\"595\" data-end=\"632\">Kompleksowe instrukcje bezpiecze\u0144stwa<\/strong><\/p>\n<\/li>\n<li data-start=\"635\" data-end=\"704\">\n<p data-start=\"637\" data-end=\"704\">Wyposa\u017cenie w niezb\u0119dne <strong data-start=\"665\" data-end=\"702\">sprz\u0119t ochronny (kask i kurtka)<\/strong><\/p>\n<\/li>\n<\/ul>\n<h4 data-start=\"706\" data-end=\"732\">\ud83c\udfdc\ufe0f The Desert Ride<\/h4>\n<p data-start=\"733\" data-end=\"921\">Uruchom silnik i ruszaj w drog\u0119 <strong data-start=\"778\" data-end=\"801\">serce pustyni<\/strong>! Ciesz si\u0119 ekscytuj\u0105cym <strong data-start=\"821\" data-end=\"838\">dwugodzinna przeja\u017cd\u017cka<\/strong> przez piaszczyste szlaki i skaliste \u015bcie\u017cki, w otoczeniu zapieraj\u0105cej dech w piersiach naturalnej scenerii.<\/p>\n<h4 data-start=\"923\" data-end=\"947\">Powr\u00f3t i relaks<\/h4>\n<p data-start=\"948\" data-end=\"1075\">Po ekscytuj\u0105cej przeja\u017cd\u017cce zostaniesz komfortowo przetransportowany z powrotem do hotelu - z niezapomnianymi wspomnieniami do domu!<\/p>\n<h4 data-start=\"1077\" data-end=\"1104\">\u26a0\ufe0f Nieodpowiednie dla:<\/h4>\n<ul data-start=\"1105\" data-end=\"1190\">\n<li data-start=\"1105\" data-end=\"1135\">\n<p data-start=\"1107\" data-end=\"1135\">Dzieci poni\u017cej 16 roku \u017cycia<\/p>\n<\/li>\n<li data-start=\"1136\" data-end=\"1157\">\n<p data-start=\"1138\" data-end=\"1157\">Kobiety w ci\u0105\u017cy<\/p>\n<\/li>\n<li data-start=\"1158\" data-end=\"1190\">\n<p data-start=\"1160\" data-end=\"1190\">Osoby z problemami z kr\u0119gos\u0142upem<\/p>\n<table style=\"height: 68px;\" width=\"714\">\n<tbody>\n<tr>\n<td width=\"126\"><strong>\u00a0\u20ac\u00a0 150.00<\/strong><\/td>\n<td width=\"307\"><strong>Moto Cross KTM 530 CC<\/strong><\/td>\n<\/tr>\n<tr>\n<td><strong>\u00a0\u20ac\u00a0\u00a0\u00a0 90.00<\/strong><\/td>\n<td width=\"307\"><strong>Moto Cross Yamaha 250 CC<\/strong><\/td>\n<\/tr>\n<tr>\n<td><strong>\u00a0\u20ac\u00a0 110.00<\/strong><\/td>\n<td width=\"307\"><strong>Moto Cross KTM 640 CC<\/strong><\/td>\n<\/tr>\n<\/tbody>\n<\/table>\n<\/li>\n<li data-start=\"1158\" data-end=\"1190\">\n<h3 data-start=\"2198\" data-end=\"2225\"><strong data-start=\"2205\" data-end=\"2223\">P\u0142atno\u015b\u0107 w USD ($ \ud83c\uddfa\ud83c\uddf8) zamiast EUR (\u20ac \ud83c\uddea\ud83c\uddfa) jest dost\u0119pna zgodnie z dziennym kursem wymiany banku.<\/strong><\/h3>\n<\/li>\n<li data-start=\"1158\" data-end=\"1190\"><strong>Ksi\u0105\u017cka przez WhatsApp:<\/strong><\/li>\n<li data-start=\"1158\" data-end=\"1190\"><a href=\"https:\/\/wa.me\/201021058859\" target=\"_blank\" rel=\"noopener\">\u00a0<img decoding=\"async\" class=\"alignnone wp-image-2058\" src=\"https:\/\/poehalisnamiegypt.com\/wp-content\/uploads\/2024\/02\/pngwing.com_-300x300.png\" sizes=\"auto, (max-width: 35px) 100vw, 35px\" srcset=\"https:\/\/poehalisnamiegypt.com\/wp-content\/uploads\/2024\/02\/pngwing.com_-300x300.png 300w, https:\/\/poehalisnamiegypt.com\/wp-content\/uploads\/2024\/02\/pngwing.com_-150x150.png 150w, https:\/\/poehalisnamiegypt.com\/wp-content\/uploads\/2024\/02\/pngwing.com_.png 584w\" alt=\"\" width=\"53\" height=\"53\" \/><\/a><\/li>\n<\/ul>","protected":false},"excerpt":{"rendered":"<p>\ud83c\udfcd\ufe0f Motocross Desert Adventure in Hurghada \u2013 Pure Adrenaline Awaits! Experience the ultimate adrenaline rush as you embark on a thrilling motocross adventure through the rugged mountain valleys of Hurghada, with the majestic Red Sea Mountains as your backdrop. \ud83d\ude90 Easy Pick-Up &amp; Preparation Your adventure begins with a convenient transfer from your hotel to [&hellip;]<\/p>\n","protected":false},"featured_media":10153,"comment_status":"open","ping_status":"closed","template":"","meta":[],"product_brand":[],"product_cat":[67],"product_tag":[],"class_list":{"0":"post-10152","1":"product","2":"type-product","3":"status-publish","4":"has-post-thumbnail","6":"product_cat-safari","8":"first","9":"instock","10":"shipping-taxable","11":"purchasable","12":"product-type-ovabrw_car_rental"},"yoast_head":"<!-- This site is optimized with the Yoast SEO plugin v27.5 - https:\/\/yoast.com\/product\/yoast-seo-wordpress\/ -->\n<title>Motocross Desert Ride: Speed, Sand &amp; Adrenaline - Golden Horizont Egypt<\/title>\n<meta name=\"robots\" content=\"index, follow, max-snippet:-1, max-image-preview:large, max-video-preview:-1\" \/>\n<link rel=\"canonical\" href=\"https:\/\/goldenhorizontegypt.com\/pl\/produkt\/moto-cross-trip\/\" \/>\n<meta property=\"og:locale\" content=\"pl_PL\" \/>\n<meta property=\"og:type\" content=\"article\" \/>\n<meta property=\"og:title\" content=\"Motocross Desert Ride: Speed, Sand &amp; Adrenaline - Golden Horizont Egypt\" \/>\n<meta property=\"og:description\" content=\"\ud83c\udfcd\ufe0f Motocross Desert Adventure in Hurghada \u2013 Pure Adrenaline Awaits! Experience the ultimate adrenaline rush as you embark on a thrilling motocross adventure through the rugged mountain valleys of Hurghada, with the majestic Red Sea Mountains as your backdrop. \ud83d\ude90 Easy Pick-Up &amp; Preparation Your adventure begins with a convenient transfer from your hotel to [&hellip;]\" \/>\n<meta property=\"og:url\" content=\"https:\/\/goldenhorizontegypt.com\/pl\/produkt\/moto-cross-trip\/\" \/>\n<meta property=\"og:site_name\" content=\"Golden Horizont Egypt\" \/>\n<meta property=\"article:modified_time\" content=\"2025-11-28T14:36:57+00:00\" \/>\n<meta property=\"og:image\" content=\"https:\/\/goldenhorizontegypt.com\/wp-content\/uploads\/2025\/09\/3-7.jpg\" \/>\n\t<meta property=\"og:image:width\" content=\"1215\" \/>\n\t<meta property=\"og:image:height\" content=\"863\" \/>\n\t<meta property=\"og:image:type\" content=\"image\/jpeg\" \/>\n<meta name=\"twitter:card\" content=\"summary_large_image\" \/>\n<meta name=\"twitter:label1\" content=\"Szacowany czas czytania\" \/>\n\t<meta name=\"twitter:data1\" content=\"1 minuta\" \/>\n<script type=\"application\/ld+json\" class=\"yoast-schema-graph\">{\"@context\":\"https:\\\/\\\/schema.org\",\"@graph\":[{\"@type\":\"WebPage\",\"@id\":\"https:\\\/\\\/goldenhorizontegypt.com\\\/product\\\/moto-cross-trip\\\/\",\"url\":\"https:\\\/\\\/goldenhorizontegypt.com\\\/product\\\/moto-cross-trip\\\/\",\"name\":\"Motocross Desert Ride: Speed, Sand & Adrenaline - Golden Horizont Egypt\",\"isPartOf\":{\"@id\":\"https:\\\/\\\/goldenhorizontegypt.com\\\/#website\"},\"primaryImageOfPage\":{\"@id\":\"https:\\\/\\\/goldenhorizontegypt.com\\\/product\\\/moto-cross-trip\\\/#primaryimage\"},\"image\":{\"@id\":\"https:\\\/\\\/goldenhorizontegypt.com\\\/product\\\/moto-cross-trip\\\/#primaryimage\"},\"thumbnailUrl\":\"https:\\\/\\\/goldenhorizontegypt.com\\\/wp-content\\\/uploads\\\/2025\\\/09\\\/3-7.jpg\",\"datePublished\":\"2025-09-09T08:35:20+00:00\",\"dateModified\":\"2025-11-28T14:36:57+00:00\",\"breadcrumb\":{\"@id\":\"https:\\\/\\\/goldenhorizontegypt.com\\\/product\\\/moto-cross-trip\\\/#breadcrumb\"},\"inLanguage\":\"pl-PL\",\"potentialAction\":[{\"@type\":\"ReadAction\",\"target\":[\"https:\\\/\\\/goldenhorizontegypt.com\\\/product\\\/moto-cross-trip\\\/\"]}]},{\"@type\":\"ImageObject\",\"inLanguage\":\"pl-PL\",\"@id\":\"https:\\\/\\\/goldenhorizontegypt.com\\\/product\\\/moto-cross-trip\\\/#primaryimage\",\"url\":\"https:\\\/\\\/goldenhorizontegypt.com\\\/wp-content\\\/uploads\\\/2025\\\/09\\\/3-7.jpg\",\"contentUrl\":\"https:\\\/\\\/goldenhorizontegypt.com\\\/wp-content\\\/uploads\\\/2025\\\/09\\\/3-7.jpg\",\"width\":1215,\"height\":863,\"caption\":\"A shot of two motocross riders in midair during a race\"},{\"@type\":\"BreadcrumbList\",\"@id\":\"https:\\\/\\\/goldenhorizontegypt.com\\\/product\\\/moto-cross-trip\\\/#breadcrumb\",\"itemListElement\":[{\"@type\":\"ListItem\",\"position\":1,\"name\":\"Home\",\"item\":\"https:\\\/\\\/goldenhorizontegypt.com\\\/\"},{\"@type\":\"ListItem\",\"position\":2,\"name\":\"Shop\",\"item\":\"https:\\\/\\\/goldenhorizontegypt.com\\\/shop\\\/\"},{\"@type\":\"ListItem\",\"position\":3,\"name\":\"Motocross Desert Ride: Speed, Sand &#038; Adrenaline\"}]},{\"@type\":\"WebSite\",\"@id\":\"https:\\\/\\\/goldenhorizontegypt.com\\\/#website\",\"url\":\"https:\\\/\\\/goldenhorizontegypt.com\\\/\",\"name\":\"Golden Horizont Egypt\",\"description\":\"\",\"potentialAction\":[{\"@type\":\"SearchAction\",\"target\":{\"@type\":\"EntryPoint\",\"urlTemplate\":\"https:\\\/\\\/goldenhorizontegypt.com\\\/?s={search_term_string}\"},\"query-input\":{\"@type\":\"PropertyValueSpecification\",\"valueRequired\":true,\"valueName\":\"search_term_string\"}}],\"inLanguage\":\"pl-PL\"}]}<\/script>\n<!-- \/ Yoast SEO plugin. -->","yoast_head_json":{"title":"Motocross Desert Ride: Speed, Sand & Adrenaline - Golden Horizont Egypt","robots":{"index":"index","follow":"follow","max-snippet":"max-snippet:-1","max-image-preview":"max-image-preview:large","max-video-preview":"max-video-preview:-1"},"canonical":"https:\/\/goldenhorizontegypt.com\/pl\/produkt\/moto-cross-trip\/","og_locale":"pl_PL","og_type":"article","og_title":"Motocross Desert Ride: Speed, Sand & Adrenaline - Golden Horizont Egypt","og_description":"\ud83c\udfcd\ufe0f Motocross Desert Adventure in Hurghada \u2013 Pure Adrenaline Awaits! Experience the ultimate adrenaline rush as you embark on a thrilling motocross adventure through the rugged mountain valleys of Hurghada, with the majestic Red Sea Mountains as your backdrop. \ud83d\ude90 Easy Pick-Up &amp; Preparation Your adventure begins with a convenient transfer from your hotel to [&hellip;]","og_url":"https:\/\/goldenhorizontegypt.com\/pl\/produkt\/moto-cross-trip\/","og_site_name":"Golden Horizont Egypt","article_modified_time":"2025-11-28T14:36:57+00:00","og_image":[{"width":1215,"height":863,"url":"https:\/\/goldenhorizontegypt.com\/wp-content\/uploads\/2025\/09\/3-7.jpg","type":"image\/jpeg"}],"twitter_card":"summary_large_image","twitter_misc":{"Szacowany czas czytania":"1 minuta"},"schema":{"@context":"https:\/\/schema.org","@graph":[{"@type":"WebPage","@id":"https:\/\/goldenhorizontegypt.com\/product\/moto-cross-trip\/","url":"https:\/\/goldenhorizontegypt.com\/product\/moto-cross-trip\/","name":"Motocross Desert Ride: Speed, Sand & Adrenaline - Golden Horizont Egypt","isPartOf":{"@id":"https:\/\/goldenhorizontegypt.com\/#website"},"primaryImageOfPage":{"@id":"https:\/\/goldenhorizontegypt.com\/product\/moto-cross-trip\/#primaryimage"},"image":{"@id":"https:\/\/goldenhorizontegypt.com\/product\/moto-cross-trip\/#primaryimage"},"thumbnailUrl":"https:\/\/goldenhorizontegypt.com\/wp-content\/uploads\/2025\/09\/3-7.jpg","datePublished":"2025-09-09T08:35:20+00:00","dateModified":"2025-11-28T14:36:57+00:00","breadcrumb":{"@id":"https:\/\/goldenhorizontegypt.com\/product\/moto-cross-trip\/#breadcrumb"},"inLanguage":"pl-PL","potentialAction":[{"@type":"ReadAction","target":["https:\/\/goldenhorizontegypt.com\/product\/moto-cross-trip\/"]}]},{"@type":"ImageObject","inLanguage":"pl-PL","@id":"https:\/\/goldenhorizontegypt.com\/product\/moto-cross-trip\/#primaryimage","url":"https:\/\/goldenhorizontegypt.com\/wp-content\/uploads\/2025\/09\/3-7.jpg","contentUrl":"https:\/\/goldenhorizontegypt.com\/wp-content\/uploads\/2025\/09\/3-7.jpg","width":1215,"height":863,"caption":"A shot of two motocross riders in midair during a race"},{"@type":"BreadcrumbList","@id":"https:\/\/goldenhorizontegypt.com\/product\/moto-cross-trip\/#breadcrumb","itemListElement":[{"@type":"ListItem","position":1,"name":"Home","item":"https:\/\/goldenhorizontegypt.com\/"},{"@type":"ListItem","position":2,"name":"Shop","item":"https:\/\/goldenhorizontegypt.com\/shop\/"},{"@type":"ListItem","position":3,"name":"Motocross Desert Ride: Speed, Sand &#038; Adrenaline"}]},{"@type":"WebSite","@id":"https:\/\/goldenhorizontegypt.com\/#website","url":"https:\/\/goldenhorizontegypt.com\/","name":"Golden Horizont Egypt","description":"","potentialAction":[{"@type":"SearchAction","target":{"@type":"EntryPoint","urlTemplate":"https:\/\/goldenhorizontegypt.com\/?s={search_term_string}"},"query-input":{"@type":"PropertyValueSpecification","valueRequired":true,"valueName":"search_term_string"}}],"inLanguage":"pl-PL"}]}},"_links":{"self":[{"href":"https:\/\/goldenhorizontegypt.com\/pl\/wp-json\/wp\/v2\/product\/10152","targetHints":{"allow":["GET"]}}],"collection":[{"href":"https:\/\/goldenhorizontegypt.com\/pl\/wp-json\/wp\/v2\/product"}],"about":[{"href":"https:\/\/goldenhorizontegypt.com\/pl\/wp-json\/wp\/v2\/types\/product"}],"replies":[{"embeddable":true,"href":"https:\/\/goldenhorizontegypt.com\/pl\/wp-json\/wp\/v2\/comments?post=10152"}],"wp:featuredmedia":[{"embeddable":true,"href":"https:\/\/goldenhorizontegypt.com\/pl\/wp-json\/wp\/v2\/media\/10153"}],"wp:attachment":[{"href":"https:\/\/goldenhorizontegypt.com\/pl\/wp-json\/wp\/v2\/media?parent=10152"}],"wp:term":[{"taxonomy":"product_brand","embeddable":true,"href":"https:\/\/goldenhorizontegypt.com\/pl\/wp-json\/wp\/v2\/product_brand?post=10152"},{"taxonomy":"product_cat","embeddable":true,"href":"https:\/\/goldenhorizontegypt.com\/pl\/wp-json\/wp\/v2\/product_cat?post=10152"},{"taxonomy":"product_tag","embeddable":true,"href":"https:\/\/goldenhorizontegypt.com\/pl\/wp-json\/wp\/v2\/product_tag?post=10152"}],"curies":[{"name":"wp","href":"https:\/\/api.w.org\/{rel}","templated":true}]}}