{"id":11106,"date":"2025-11-05T14:58:56","date_gmt":"2025-11-05T14:58:56","guid":{"rendered":"https:\/\/goldenhorizontegypt.com\/?page_id=11106"},"modified":"2026-02-03T17:14:37","modified_gmt":"2026-02-03T17:14:37","slug":"change-refund-policy","status":"publish","type":"page","link":"https:\/\/goldenhorizontegypt.com\/pl\/change-refund-policy\/","title":{"rendered":"Polityka zmian i zwrot\u00f3w"},"content":{"rendered":"<div data-elementor-type=\"wp-page\" data-elementor-id=\"11106\" class=\"elementor elementor-11106\" data-elementor-post-type=\"page\">\n\t\t\t\t<div class=\"elementor-element elementor-element-6aaa06a e-con-full e-flex e-con e-parent\" data-id=\"6aaa06a\" data-element_type=\"container\" data-e-type=\"container\">\n\t\t\t\t<div class=\"elementor-element elementor-element-8564bee elementor-widget elementor-widget-html\" data-id=\"8564bee\" data-element_type=\"widget\" data-e-type=\"widget\" data-widget_type=\"html.default\">\n\t\t\t\t\t<!-- Start of Change & Refund Policy Section -->\r\n<style>\r\n.policy-section {\r\n  font-family: 'Poppins', sans-serif;\r\n  background: #FBF6E4;\r\n  color: #333;\r\n  padding: 100px 8%;\r\n  line-height: 1.9;\r\n  width: 100%;\r\n  box-sizing: border-box;\r\n}\r\n\r\n.policy-section .container {\r\n  max-width: 1000px;\r\n  margin: auto;\r\n  background: #ffffff;\r\n  padding: 60px;\r\n  border-radius: 20px;\r\n  box-shadow: 0 8px 35px rgba(180,135,71,0.18);\r\n  transition: all 0.3s ease;\r\n}\r\n\r\n\/* ===== Titles ===== *\/\r\n.policy-section h1 {\r\n  text-align: center;\r\n  color: #B48747;\r\n  font-size: 44px;\r\n  margin-bottom: 50px;\r\n  font-weight: 700;\r\n  line-height: 1.3;\r\n}\r\n\r\n.policy-section h3 {\r\n  color: #8C6A34;\r\n  margin-top: 50px;\r\n  font-size: 26px;\r\n  font-weight: 600;\r\n}\r\n\r\n.policy-section h4 {\r\n  color: #B48747;\r\n  margin-top: 30px;\r\n  font-size: 22px;\r\n  font-weight: 600;\r\n}\r\n\r\n\/* ===== Lists ===== *\/\r\n.policy-section ul {\r\n  list-style: none;\r\n  padding-left: 0;\r\n  margin-top: 15px;\r\n}\r\n\r\n.policy-section ul li {\r\n  background: linear-gradient(135deg, #FBF6E4, #FFFDF5);\r\n  padding: 15px 20px;\r\n  border-radius: 12px;\r\n  margin-bottom: 12px;\r\n  border-left: 5px solid #D9B65C;\r\n  transition: transform 0.2s ease, box-shadow 0.2s ease;\r\n}\r\n\r\n.policy-section ul li:hover {\r\n  transform: translateY(-3px);\r\n  box-shadow: 0 8px 20px rgba(180,135,71,0.25);\r\n}\r\n\r\n\/* ===== Links ===== *\/\r\n.policy-section a {\r\n  color: #B48747;\r\n  text-decoration: none;\r\n  font-weight: 600;\r\n}\r\n\r\n.policy-section a:hover {\r\n  color: #8C6A34;\r\n  text-decoration: underline;\r\n}\r\n\r\n\/* ===== Text ===== *\/\r\n.policy-section p {\r\n  margin-top: 10px;\r\n  font-size: 17px;\r\n}\r\n\r\n\/* ===== Highlighted Text ===== *\/\r\n.policy-section strong {\r\n  color: #8C6A34;\r\n}\r\n\r\n\/* ========================\r\n   Responsive Styling\r\n======================== *\/\r\n@media (max-width: 1200px) {\r\n  .policy-section {\r\n    padding: 80px 6%;\r\n  }\r\n  .policy-section h1 {\r\n    font-size: 40px;\r\n  }\r\n}\r\n\r\n@media (max-width: 992px) {\r\n  .policy-section {\r\n    padding: 70px 5%;\r\n  }\r\n  .policy-section .container {\r\n    padding: 50px 40px;\r\n  }\r\n  .policy-section h1 {\r\n    font-size: 36px;\r\n  }\r\n  .policy-section h3 {\r\n    font-size: 24px;\r\n  }\r\n}\r\n\r\n@media (max-width: 768px) {\r\n  .policy-section {\r\n    padding: 60px 25px;\r\n  }\r\n  .policy-section .container {\r\n    padding: 35px 25px;\r\n    border-radius: 15px;\r\n  }\r\n  .policy-section h1 {\r\n    font-size: 30px;\r\n    margin-bottom: 35px;\r\n  }\r\n  .policy-section h3 {\r\n    font-size: 22px;\r\n    margin-top: 40px;\r\n  }\r\n  .policy-section h4 {\r\n    font-size: 20px;\r\n  }\r\n  .policy-section p {\r\n    font-size: 16px;\r\n  }\r\n}\r\n\r\n@media (max-width: 480px) {\r\n  .policy-section {\r\n    padding: 50px 15px;\r\n  }\r\n  .policy-section .container {\r\n    padding: 30px 20px;\r\n  }\r\n  .policy-section h1 {\r\n    font-size: 26px;\r\n  }\r\n  .policy-section p,\r\n  .policy-section ul li {\r\n    font-size: 15.5px;\r\n  }\r\n}\r\n<\/style>\r\n\r\n<section class=\"policy-section\">\r\n  <div class=\"container\">\r\n    <h1>Polityka zmian i zwrot\u00f3w<\/h1>\r\n\r\n    <h3>Edytuj aktywno\u015b\u0107<\/h3>\r\n    <p>\r\n      Chcesz prze\u0142o\u017cy\u0107 lub zmieni\u0107 swoj\u0105 aktywno\u015b\u0107? Nie ma problemu!<br>\r\n      Wystarczy skontaktowa\u0107 si\u0119 z nami przez WhatsApp \ud83d\udcf1 pod adresem \r\n      <a href=\"https:\/\/wa.me\/353830951168\" target=\"_blank\">+353830951168<\/a>.<br>\r\n      Modyfikacja zostanie potwierdzona bezproblemowo - upewnij si\u0119 tylko, \u017ce wys\u0142a\u0142e\u015b \u017c\u0105danie co najmniej \r\n      <strong>48 godzin przed<\/strong> zaplanowana data aktywno\u015bci.\r\n    <\/p>\r\n\r\n    <h3>\ud83d\udcb0 Zwrot koszt\u00f3w<\/h3>\r\n    <p>\r\n      Je\u015bli chcesz anulowa\u0107 jedn\u0105 lub wi\u0119cej aktywno\u015bci, skontaktuj si\u0119 z nami przez WhatsApp \ud83d\udcf1 \r\n      <a href=\"https:\/\/wa.me\/353830951168\" target=\"_blank\">353830951168<\/a>.\r\n    <\/p>\r\n\r\n    <h4>Zasady zwrot\u00f3w:<\/h4>\r\n    <ul>\r\n      <li>\ud83d\udc49 Wi\u0119cej ni\u017c 4 dni przed planowan\u0105 dat\u0105 - <strong>Pe\u0142ny zwrot koszt\u00f3w 100%<\/strong><\/li>\r\n      <li>\ud83d\udc49 3 do 4 dni przed planowan\u0105 dat\u0105 - <strong>Refundacja 50%<\/strong><\/li>\r\n      <li>\ud83d\udc49 2 dni przed zaplanowan\u0105 dat\u0105 lub w przypadku niepojawienia si\u0119 - <strong>Brak zwrotu koszt\u00f3w lub zmiany harmonogramu<\/strong><\/li>\r\n    <\/ul>\r\n\r\n    <h3>Wa\u017cne informacje<\/h3>\r\n\r\n    <p>\r\n      \u2fe1 <strong>Wycieczki do Kairu i Luksoru \ud83c\udfdb<\/strong><br>\r\n      Wycieczki do Kairu i Luksoru mo\u017cna modyfikowa\u0107 lub odwo\u0142ywa\u0107 z co najmniej 48-godzinnym wyprzedzeniem.<br>\r\n      Po up\u0142ywie tego terminu nie b\u0119dzie mo\u017cliwa \u017cadna modyfikacja ani zwrot pieni\u0119dzy - niezale\u017cnie od przyczyny.\r\n    <\/p>\r\n\r\n    <p>\r\n      \u2fe2 <strong>Kair samolotem \u2708<\/strong><br>\r\n      Po dokonaniu rezerwacji wycieczka \u201cKair samolotem \u2708\u201d nie podlega zmianie ani zwrotowi - w \u017cadnych okoliczno\u015bciach.\r\n    <\/p>\r\n\r\n    <p>\r\n      <strong>Dzi\u0119kujemy za zrozumienie<\/strong> - Warunki te pozwalaj\u0105 nam organizowa\u0107 wycieczki o najwy\u017cszym poziomie jako\u015bci i niezawodno\u015bci. \ud83c\udf1f\r\n    <\/p>\r\n  <\/div>\r\n<\/section>\r\n<!-- End of Change & Refund Policy Section -->\r\n\t\t\t\t<\/div>\n\t\t\t\t<\/div>\n\t\t\t\t<\/div>","protected":false},"excerpt":{"rendered":"<p>Change &#038; Refund Policy \u270f Edit Activity Would you like to reschedule your activity or change it? No problem! Simply contact us via WhatsApp \ud83d\udcf1 at +353830951168. Your modification will be confirmed smoothly \u2014 just make sure to send the request at least 48 hours before the scheduled activity date. \ud83d\udcb0 Refund If you wish [&hellip;]<\/p>\n","protected":false},"author":2,"featured_media":0,"parent":0,"menu_order":0,"comment_status":"closed","ping_status":"closed","template":"elementor_header_footer","meta":{"footnotes":""},"class_list":["post-11106","page","type-page","status-publish","hentry"],"yoast_head":"<!-- This site is optimized with the Yoast SEO plugin v27.5 - https:\/\/yoast.com\/product\/yoast-seo-wordpress\/ -->\n<title>Change &amp; Refund Policy - Golden Horizont Egypt<\/title>\n<meta name=\"robots\" content=\"index, follow, max-snippet:-1, max-image-preview:large, max-video-preview:-1\" \/>\n<link rel=\"canonical\" href=\"https:\/\/goldenhorizontegypt.com\/pl\/change-refund-policy\/\" \/>\n<meta property=\"og:locale\" content=\"pl_PL\" \/>\n<meta property=\"og:type\" content=\"article\" \/>\n<meta property=\"og:title\" content=\"Change &amp; Refund Policy - Golden Horizont Egypt\" \/>\n<meta property=\"og:description\" content=\"Change &#038; Refund Policy \u270f Edit Activity Would you like to reschedule your activity or change it? No problem! Simply contact us via WhatsApp \ud83d\udcf1 at +353830951168. Your modification will be confirmed smoothly \u2014 just make sure to send the request at least 48 hours before the scheduled activity date. \ud83d\udcb0 Refund If you wish [&hellip;]\" \/>\n<meta property=\"og:url\" content=\"https:\/\/goldenhorizontegypt.com\/pl\/change-refund-policy\/\" \/>\n<meta property=\"og:site_name\" content=\"Golden Horizont Egypt\" \/>\n<meta property=\"article:modified_time\" content=\"2026-02-03T17:14:37+00:00\" \/>\n<meta name=\"twitter:card\" content=\"summary_large_image\" \/>\n<meta name=\"twitter:label1\" content=\"Szacowany czas czytania\" \/>\n\t<meta name=\"twitter:data1\" content=\"1 minuta\" \/>\n<script type=\"application\/ld+json\" class=\"yoast-schema-graph\">{\"@context\":\"https:\\\/\\\/schema.org\",\"@graph\":[{\"@type\":\"WebPage\",\"@id\":\"https:\\\/\\\/goldenhorizontegypt.com\\\/change-refund-policy\\\/\",\"url\":\"https:\\\/\\\/goldenhorizontegypt.com\\\/change-refund-policy\\\/\",\"name\":\"Change & Refund Policy - Golden Horizont Egypt\",\"isPartOf\":{\"@id\":\"https:\\\/\\\/goldenhorizontegypt.com\\\/#website\"},\"datePublished\":\"2025-11-05T14:58:56+00:00\",\"dateModified\":\"2026-02-03T17:14:37+00:00\",\"breadcrumb\":{\"@id\":\"https:\\\/\\\/goldenhorizontegypt.com\\\/change-refund-policy\\\/#breadcrumb\"},\"inLanguage\":\"pl-PL\",\"potentialAction\":[{\"@type\":\"ReadAction\",\"target\":[\"https:\\\/\\\/goldenhorizontegypt.com\\\/change-refund-policy\\\/\"]}]},{\"@type\":\"BreadcrumbList\",\"@id\":\"https:\\\/\\\/goldenhorizontegypt.com\\\/change-refund-policy\\\/#breadcrumb\",\"itemListElement\":[{\"@type\":\"ListItem\",\"position\":1,\"name\":\"Home\",\"item\":\"https:\\\/\\\/goldenhorizontegypt.com\\\/\"},{\"@type\":\"ListItem\",\"position\":2,\"name\":\"Change &#038; Refund Policy\"}]},{\"@type\":\"WebSite\",\"@id\":\"https:\\\/\\\/goldenhorizontegypt.com\\\/#website\",\"url\":\"https:\\\/\\\/goldenhorizontegypt.com\\\/\",\"name\":\"Golden Horizont Egypt\",\"description\":\"\",\"potentialAction\":[{\"@type\":\"SearchAction\",\"target\":{\"@type\":\"EntryPoint\",\"urlTemplate\":\"https:\\\/\\\/goldenhorizontegypt.com\\\/?s={search_term_string}\"},\"query-input\":{\"@type\":\"PropertyValueSpecification\",\"valueRequired\":true,\"valueName\":\"search_term_string\"}}],\"inLanguage\":\"pl-PL\"}]}<\/script>\n<!-- \/ Yoast SEO plugin. -->","yoast_head_json":{"title":"Change & Refund Policy - Golden Horizont Egypt","robots":{"index":"index","follow":"follow","max-snippet":"max-snippet:-1","max-image-preview":"max-image-preview:large","max-video-preview":"max-video-preview:-1"},"canonical":"https:\/\/goldenhorizontegypt.com\/pl\/change-refund-policy\/","og_locale":"pl_PL","og_type":"article","og_title":"Change & Refund Policy - Golden Horizont Egypt","og_description":"Change &#038; Refund Policy \u270f Edit Activity Would you like to reschedule your activity or change it? No problem! Simply contact us via WhatsApp \ud83d\udcf1 at +353830951168. Your modification will be confirmed smoothly \u2014 just make sure to send the request at least 48 hours before the scheduled activity date. \ud83d\udcb0 Refund If you wish [&hellip;]","og_url":"https:\/\/goldenhorizontegypt.com\/pl\/change-refund-policy\/","og_site_name":"Golden Horizont Egypt","article_modified_time":"2026-02-03T17:14:37+00:00","twitter_card":"summary_large_image","twitter_misc":{"Szacowany czas czytania":"1 minuta"},"schema":{"@context":"https:\/\/schema.org","@graph":[{"@type":"WebPage","@id":"https:\/\/goldenhorizontegypt.com\/change-refund-policy\/","url":"https:\/\/goldenhorizontegypt.com\/change-refund-policy\/","name":"Change & Refund Policy - Golden Horizont Egypt","isPartOf":{"@id":"https:\/\/goldenhorizontegypt.com\/#website"},"datePublished":"2025-11-05T14:58:56+00:00","dateModified":"2026-02-03T17:14:37+00:00","breadcrumb":{"@id":"https:\/\/goldenhorizontegypt.com\/change-refund-policy\/#breadcrumb"},"inLanguage":"pl-PL","potentialAction":[{"@type":"ReadAction","target":["https:\/\/goldenhorizontegypt.com\/change-refund-policy\/"]}]},{"@type":"BreadcrumbList","@id":"https:\/\/goldenhorizontegypt.com\/change-refund-policy\/#breadcrumb","itemListElement":[{"@type":"ListItem","position":1,"name":"Home","item":"https:\/\/goldenhorizontegypt.com\/"},{"@type":"ListItem","position":2,"name":"Change &#038; Refund Policy"}]},{"@type":"WebSite","@id":"https:\/\/goldenhorizontegypt.com\/#website","url":"https:\/\/goldenhorizontegypt.com\/","name":"Golden Horizont Egypt","description":"","potentialAction":[{"@type":"SearchAction","target":{"@type":"EntryPoint","urlTemplate":"https:\/\/goldenhorizontegypt.com\/?s={search_term_string}"},"query-input":{"@type":"PropertyValueSpecification","valueRequired":true,"valueName":"search_term_string"}}],"inLanguage":"pl-PL"}]}},"_hostinger_reach_plugin_has_subscription_block":false,"_hostinger_reach_plugin_is_elementor":false,"_links":{"self":[{"href":"https:\/\/goldenhorizontegypt.com\/pl\/wp-json\/wp\/v2\/pages\/11106","targetHints":{"allow":["GET"]}}],"collection":[{"href":"https:\/\/goldenhorizontegypt.com\/pl\/wp-json\/wp\/v2\/pages"}],"about":[{"href":"https:\/\/goldenhorizontegypt.com\/pl\/wp-json\/wp\/v2\/types\/page"}],"author":[{"embeddable":true,"href":"https:\/\/goldenhorizontegypt.com\/pl\/wp-json\/wp\/v2\/users\/2"}],"replies":[{"embeddable":true,"href":"https:\/\/goldenhorizontegypt.com\/pl\/wp-json\/wp\/v2\/comments?post=11106"}],"version-history":[{"count":10,"href":"https:\/\/goldenhorizontegypt.com\/pl\/wp-json\/wp\/v2\/pages\/11106\/revisions"}],"predecessor-version":[{"id":11565,"href":"https:\/\/goldenhorizontegypt.com\/pl\/wp-json\/wp\/v2\/pages\/11106\/revisions\/11565"}],"wp:attachment":[{"href":"https:\/\/goldenhorizontegypt.com\/pl\/wp-json\/wp\/v2\/media?parent=11106"}],"curies":[{"name":"wp","href":"https:\/\/api.w.org\/{rel}","templated":true}]}}