{"id":11763,"date":"2026-02-12T15:03:13","date_gmt":"2026-02-12T15:03:13","guid":{"rendered":"https:\/\/goldenhorizontegypt.com\/?post_type=product&#038;p=11763"},"modified":"2026-02-12T15:09:27","modified_gmt":"2026-02-12T15:09:27","slug":"%f0%9f%8c%b4%f0%9f%91%91-golden-crown-of-the-nile-aswan-royal-escape-%f0%9f%91%91%f0%9f%8c%b4%f0%9f%8c%85%e2%9c%a8-aswan-where-the-nile-whispers-peace-and-history-lives-forever","status":"publish","type":"product","link":"https:\/\/goldenhorizontegypt.com\/it\/prodotto\/%f0%9f%8c%b4%f0%9f%91%91-golden-crown-of-the-nile-aswan-royal-escape-%f0%9f%91%91%f0%9f%8c%b4%f0%9f%8c%85%e2%9c%a8-aswan-where-the-nile-whispers-peace-and-history-lives-forever\/","title":{"rendered":"\ud83c\udf34\ud83d\udc51 Corona d'oro del Nilo - Fuga reale da Assuan \ud83d\udc51\ud83c\udf34"},"content":{"rendered":"<p data-start=\"152\" data-end=\"228\">\ud83c\udf05\u2728 <strong data-start=\"156\" data-end=\"222\">Assuan... dove il Nilo sussurra pace e la storia vive per sempre<\/strong> \u2728\ud83c\udf0a<\/p>\n<p data-start=\"230\" data-end=\"357\">Fuggite nel magico sud dell'Egitto, dove il sole splende pi\u00f9 caldo, il Nilo scorre pi\u00f9 calmo e la storia \u00e8 pi\u00f9 vicina che mai.<\/p>\n<p data-start=\"359\" data-end=\"513\">Un viaggio ad Assuan non \u00e8 solo un tour: \u00e8 un'esperienza raffinata che unisce paesaggi mozzafiato, templi senza tempo e l'autentico fascino egiziano. \ud83c\uddea\ud83c\uddec\ud83d\udc9b<\/p>\n<p data-start=\"515\" data-end=\"682\">Navigate tra le isole di smeraldo, osservate le feluche tradizionali scivolare sul fiume e percepite la serenit\u00e0 che rende Assuan una delle destinazioni pi\u00f9 incantevoli dell'Egitto. \ud83c\udf34\u26f5<\/p>\n<hr data-start=\"684\" data-end=\"687\" \/>\n<h2 data-start=\"689\" data-end=\"735\">\ud83c\udf1f Itinerario suggerito (completamente personalizzabile)<\/h2>\n<h3 data-start=\"737\" data-end=\"760\">\ud83c\udfdb\ufe0f Tempio di Philae<\/h3>\n<p data-start=\"761\" data-end=\"907\">Il tempio sacro di Iside, dea dell'amore e della devozione \ud83d\udc95<br data-start=\"819\" data-end=\"822\" \/>Situato su un'isola pittoresca, raggiungibile in barca: un'esperienza magica e romantica.<\/p>\n<hr data-start=\"909\" data-end=\"912\" \/>\n<h3 data-start=\"914\" data-end=\"935\">\u2699\ufe0f La diga alta<\/h3>\n<p data-start=\"936\" data-end=\"1030\">Un simbolo dell'Egitto moderno e una delle pi\u00f9 grandi realizzazioni ingegneristiche del XX secolo.<\/p>\n<hr data-start=\"1032\" data-end=\"1035\" \/>\n<h3 data-start=\"1037\" data-end=\"1072\">\ud83c\udfdd\ufe0f Esperienza del villaggio nubiano<\/h3>\n<p data-start=\"1073\" data-end=\"1229\">Scoprite i colori vivaci, la calorosa ospitalit\u00e0 e l'esclusiva cultura nubiana \ud83d\udc99<br data-start=\"1144\" data-end=\"1147\" \/>Una visita culturale gioiosa, ricca di tradizioni autentiche e foto indimenticabili.<\/p>\n<hr data-start=\"1231\" data-end=\"1234\" \/>\n<h3 data-start=\"1236\" data-end=\"1275\">\ud83c\udfd4\ufe0f Templi di Abu Simbel (facoltativo)<\/h3>\n<p data-start=\"1276\" data-end=\"1423\">Il colossale capolavoro di Ramses II, scolpito direttamente nel fianco della montagna \ud83d\udc51<br data-start=\"1355\" data-end=\"1358\" \/>Una vista mozzafiato che riflette potere, grandezza ed eternit\u00e0.<\/p>\n<hr data-start=\"1425\" data-end=\"1428\" \/>\n<h3 data-start=\"1430\" data-end=\"1458\">\ud83c\udf05 Giro in feluca al tramonto<\/h3>\n<p data-start=\"1459\" data-end=\"1551\">Rilassatevi con una tranquilla navigazione sul Nilo mentre il sole dorato tramonta sulle tranquille acque di Assuan.<\/p>\n<hr data-start=\"1553\" data-end=\"1556\" \/>\n<h2 data-start=\"1558\" data-end=\"1579\">\ud83d\udc8e Punti salienti del viaggio<\/h2>\n<p data-start=\"1581\" data-end=\"1828\">\u2728 Programma flessibile e adattato alle vostre preferenze<br data-start=\"1628\" data-end=\"1631\" \/>\u2728 Guidati da un egittologo professionista<br data-start=\"1670\" data-end=\"1673\" \/>\u2728 Comodi trasferimenti privati con aria condizionata<br data-start=\"1720\" data-end=\"1723\" \/>\u2728 Componenti aggiuntivi di lusso ed esperienze premium opzionali<br data-start=\"1772\" data-end=\"1775\" \/>\u2728 Atmosfera perfetta per il relax e la fotografia<\/p>\n<hr data-start=\"1830\" data-end=\"1833\" \/>\n<p data-start=\"1835\" data-end=\"2044\">\ud83c\udf1e <strong data-start=\"1838\" data-end=\"1890\">Assuan non \u00e8 solo una citt\u00e0... \u00e8 uno stato di pace.<\/strong><br data-start=\"1890\" data-end=\"1893\" \/>Dove ogni brezza porta con s\u00e9 storie antiche, ogni tramonto dipinge il cielo d'oro e ogni momento vi collega allo spirito senza tempo dell'Egitto. \ud83c\uddea\ud83c\uddec\u2728<\/p>\n<h3 data-start=\"2198\" data-end=\"2225\"><\/h3>\n<div id=\"gtx-trans\" style=\"position: absolute; left: 230px; top: 47.8px;\">\n<div class=\"gtx-trans-icon\"><\/div>\n<\/div>\n<div id=\"gtx-trans\" style=\"position: absolute; left: 230px; top: 47.8px;\">\n<div class=\"gtx-trans-icon\"><\/div>\n<\/div>","protected":false},"excerpt":{"rendered":"<p>\ud83c\udf05\u2728 Aswan\u2026 Where the Nile Whispers Peace and History Lives Forever \u2728\ud83c\udf0a Escape to the magical south of Egypt, where the sun shines warmer, the Nile flows calmer, and history feels closer than ever. An Aswan journey is not just a tour \u2014 it\u2019s a refined experience blending breathtaking landscapes, timeless temples, and authentic Egyptian [&hellip;]<\/p>\n","protected":false},"featured_media":11746,"comment_status":"open","ping_status":"closed","template":"","meta":[],"product_brand":[],"product_cat":[84],"product_tag":[],"class_list":{"0":"post-11763","1":"product","2":"type-product","3":"status-publish","4":"has-post-thumbnail","6":"product_cat-aswan","8":"first","9":"instock","10":"shipping-taxable","11":"product-type-ovabrw_car_rental"},"yoast_head":"<!-- This site is optimized with the Yoast SEO plugin v27.5 - https:\/\/yoast.com\/product\/yoast-seo-wordpress\/ -->\n<title>\ud83c\udf34\ud83d\udc51 Golden Crown of the Nile \u2013 Aswan Royal Escape \ud83d\udc51\ud83c\udf34 - Golden Horizont Egypt<\/title>\n<meta name=\"robots\" content=\"index, follow, max-snippet:-1, max-image-preview:large, max-video-preview:-1\" \/>\n<link rel=\"canonical\" href=\"https:\/\/goldenhorizontegypt.com\/it\/prodotto\/\ud83c\udf34\ud83d\udc51-golden-crown-of-the-nile-aswan-royal-escape-\ud83d\udc51\ud83c\udf34\ud83c\udf05\u2728-aswan-where-the-nile-whispers-peace-and-history-lives-forever\/\" \/>\n<meta property=\"og:locale\" content=\"it_IT\" \/>\n<meta property=\"og:type\" content=\"article\" \/>\n<meta property=\"og:title\" content=\"\ud83c\udf34\ud83d\udc51 Golden Crown of the Nile \u2013 Aswan Royal Escape \ud83d\udc51\ud83c\udf34 - Golden Horizont Egypt\" \/>\n<meta property=\"og:description\" content=\"\ud83c\udf05\u2728 Aswan\u2026 Where the Nile Whispers Peace and History Lives Forever \u2728\ud83c\udf0a Escape to the magical south of Egypt, where the sun shines warmer, the Nile flows calmer, and history feels closer than ever. An Aswan journey is not just a tour \u2014 it\u2019s a refined experience blending breathtaking landscapes, timeless temples, and authentic Egyptian [&hellip;]\" \/>\n<meta property=\"og:url\" content=\"https:\/\/goldenhorizontegypt.com\/it\/prodotto\/\ud83c\udf34\ud83d\udc51-golden-crown-of-the-nile-aswan-royal-escape-\ud83d\udc51\ud83c\udf34\ud83c\udf05\u2728-aswan-where-the-nile-whispers-peace-and-history-lives-forever\/\" \/>\n<meta property=\"og:site_name\" content=\"Golden Horizont Egypt\" \/>\n<meta property=\"article:modified_time\" content=\"2026-02-12T15:09:27+00:00\" \/>\n<meta property=\"og:image\" content=\"https:\/\/goldenhorizontegypt.com\/wp-content\/uploads\/2026\/02\/IMG-20260212-WA0029-e1770908632870.jpg\" \/>\n\t<meta property=\"og:image:width\" content=\"1160\" \/>\n\t<meta property=\"og:image:height\" content=\"770\" \/>\n\t<meta property=\"og:image:type\" content=\"image\/jpeg\" \/>\n<meta name=\"twitter:card\" content=\"summary_large_image\" \/>\n<meta name=\"twitter:label1\" content=\"Tempo di lettura stimato\" \/>\n\t<meta name=\"twitter:data1\" content=\"1 minuto\" \/>\n<script type=\"application\/ld+json\" class=\"yoast-schema-graph\">{\"@context\":\"https:\\\/\\\/schema.org\",\"@graph\":[{\"@type\":\"WebPage\",\"@id\":\"https:\\\/\\\/goldenhorizontegypt.com\\\/product\\\/%f0%9f%8c%b4%f0%9f%91%91-golden-crown-of-the-nile-aswan-royal-escape-%f0%9f%91%91%f0%9f%8c%b4%f0%9f%8c%85%e2%9c%a8-aswan-where-the-nile-whispers-peace-and-history-lives-forever\\\/\",\"url\":\"https:\\\/\\\/goldenhorizontegypt.com\\\/product\\\/%f0%9f%8c%b4%f0%9f%91%91-golden-crown-of-the-nile-aswan-royal-escape-%f0%9f%91%91%f0%9f%8c%b4%f0%9f%8c%85%e2%9c%a8-aswan-where-the-nile-whispers-peace-and-history-lives-forever\\\/\",\"name\":\"\ud83c\udf34\ud83d\udc51 Golden Crown of the Nile \u2013 Aswan Royal Escape \ud83d\udc51\ud83c\udf34 - Golden Horizont Egypt\",\"isPartOf\":{\"@id\":\"https:\\\/\\\/goldenhorizontegypt.com\\\/#website\"},\"primaryImageOfPage\":{\"@id\":\"https:\\\/\\\/goldenhorizontegypt.com\\\/product\\\/%f0%9f%8c%b4%f0%9f%91%91-golden-crown-of-the-nile-aswan-royal-escape-%f0%9f%91%91%f0%9f%8c%b4%f0%9f%8c%85%e2%9c%a8-aswan-where-the-nile-whispers-peace-and-history-lives-forever\\\/#primaryimage\"},\"image\":{\"@id\":\"https:\\\/\\\/goldenhorizontegypt.com\\\/product\\\/%f0%9f%8c%b4%f0%9f%91%91-golden-crown-of-the-nile-aswan-royal-escape-%f0%9f%91%91%f0%9f%8c%b4%f0%9f%8c%85%e2%9c%a8-aswan-where-the-nile-whispers-peace-and-history-lives-forever\\\/#primaryimage\"},\"thumbnailUrl\":\"https:\\\/\\\/goldenhorizontegypt.com\\\/wp-content\\\/uploads\\\/2026\\\/02\\\/IMG-20260212-WA0029-e1770908632870.jpg\",\"datePublished\":\"2026-02-12T15:03:13+00:00\",\"dateModified\":\"2026-02-12T15:09:27+00:00\",\"breadcrumb\":{\"@id\":\"https:\\\/\\\/goldenhorizontegypt.com\\\/product\\\/%f0%9f%8c%b4%f0%9f%91%91-golden-crown-of-the-nile-aswan-royal-escape-%f0%9f%91%91%f0%9f%8c%b4%f0%9f%8c%85%e2%9c%a8-aswan-where-the-nile-whispers-peace-and-history-lives-forever\\\/#breadcrumb\"},\"inLanguage\":\"it-IT\",\"potentialAction\":[{\"@type\":\"ReadAction\",\"target\":[\"https:\\\/\\\/goldenhorizontegypt.com\\\/product\\\/%f0%9f%8c%b4%f0%9f%91%91-golden-crown-of-the-nile-aswan-royal-escape-%f0%9f%91%91%f0%9f%8c%b4%f0%9f%8c%85%e2%9c%a8-aswan-where-the-nile-whispers-peace-and-history-lives-forever\\\/\"]}]},{\"@type\":\"ImageObject\",\"inLanguage\":\"it-IT\",\"@id\":\"https:\\\/\\\/goldenhorizontegypt.com\\\/product\\\/%f0%9f%8c%b4%f0%9f%91%91-golden-crown-of-the-nile-aswan-royal-escape-%f0%9f%91%91%f0%9f%8c%b4%f0%9f%8c%85%e2%9c%a8-aswan-where-the-nile-whispers-peace-and-history-lives-forever\\\/#primaryimage\",\"url\":\"https:\\\/\\\/goldenhorizontegypt.com\\\/wp-content\\\/uploads\\\/2026\\\/02\\\/IMG-20260212-WA0029-e1770908632870.jpg\",\"contentUrl\":\"https:\\\/\\\/goldenhorizontegypt.com\\\/wp-content\\\/uploads\\\/2026\\\/02\\\/IMG-20260212-WA0029-e1770908632870.jpg\",\"width\":1160,\"height\":770},{\"@type\":\"BreadcrumbList\",\"@id\":\"https:\\\/\\\/goldenhorizontegypt.com\\\/product\\\/%f0%9f%8c%b4%f0%9f%91%91-golden-crown-of-the-nile-aswan-royal-escape-%f0%9f%91%91%f0%9f%8c%b4%f0%9f%8c%85%e2%9c%a8-aswan-where-the-nile-whispers-peace-and-history-lives-forever\\\/#breadcrumb\",\"itemListElement\":[{\"@type\":\"ListItem\",\"position\":1,\"name\":\"Home\",\"item\":\"https:\\\/\\\/goldenhorizontegypt.com\\\/\"},{\"@type\":\"ListItem\",\"position\":2,\"name\":\"Shop\",\"item\":\"https:\\\/\\\/goldenhorizontegypt.com\\\/shop\\\/\"},{\"@type\":\"ListItem\",\"position\":3,\"name\":\"\ud83c\udf34\ud83d\udc51 Golden Crown of the Nile \u2013 Aswan Royal Escape \ud83d\udc51\ud83c\udf34\"}]},{\"@type\":\"WebSite\",\"@id\":\"https:\\\/\\\/goldenhorizontegypt.com\\\/#website\",\"url\":\"https:\\\/\\\/goldenhorizontegypt.com\\\/\",\"name\":\"Golden Horizont Egypt\",\"description\":\"\",\"potentialAction\":[{\"@type\":\"SearchAction\",\"target\":{\"@type\":\"EntryPoint\",\"urlTemplate\":\"https:\\\/\\\/goldenhorizontegypt.com\\\/?s={search_term_string}\"},\"query-input\":{\"@type\":\"PropertyValueSpecification\",\"valueRequired\":true,\"valueName\":\"search_term_string\"}}],\"inLanguage\":\"it-IT\"}]}<\/script>\n<!-- \/ Yoast SEO plugin. -->","yoast_head_json":{"title":"\ud83c\udf34\ud83d\udc51 Golden Crown of the Nile \u2013 Aswan Royal Escape \ud83d\udc51\ud83c\udf34 - Golden Horizont Egypt","robots":{"index":"index","follow":"follow","max-snippet":"max-snippet:-1","max-image-preview":"max-image-preview:large","max-video-preview":"max-video-preview:-1"},"canonical":"https:\/\/goldenhorizontegypt.com\/it\/prodotto\/\ud83c\udf34\ud83d\udc51-golden-crown-of-the-nile-aswan-royal-escape-\ud83d\udc51\ud83c\udf34\ud83c\udf05\u2728-aswan-where-the-nile-whispers-peace-and-history-lives-forever\/","og_locale":"it_IT","og_type":"article","og_title":"\ud83c\udf34\ud83d\udc51 Golden Crown of the Nile \u2013 Aswan Royal Escape \ud83d\udc51\ud83c\udf34 - Golden Horizont Egypt","og_description":"\ud83c\udf05\u2728 Aswan\u2026 Where the Nile Whispers Peace and History Lives Forever \u2728\ud83c\udf0a Escape to the magical south of Egypt, where the sun shines warmer, the Nile flows calmer, and history feels closer than ever. An Aswan journey is not just a tour \u2014 it\u2019s a refined experience blending breathtaking landscapes, timeless temples, and authentic Egyptian [&hellip;]","og_url":"https:\/\/goldenhorizontegypt.com\/it\/prodotto\/\ud83c\udf34\ud83d\udc51-golden-crown-of-the-nile-aswan-royal-escape-\ud83d\udc51\ud83c\udf34\ud83c\udf05\u2728-aswan-where-the-nile-whispers-peace-and-history-lives-forever\/","og_site_name":"Golden Horizont Egypt","article_modified_time":"2026-02-12T15:09:27+00:00","og_image":[{"width":1160,"height":770,"url":"https:\/\/goldenhorizontegypt.com\/wp-content\/uploads\/2026\/02\/IMG-20260212-WA0029-e1770908632870.jpg","type":"image\/jpeg"}],"twitter_card":"summary_large_image","twitter_misc":{"Tempo di lettura stimato":"1 minuto"},"schema":{"@context":"https:\/\/schema.org","@graph":[{"@type":"WebPage","@id":"https:\/\/goldenhorizontegypt.com\/product\/%f0%9f%8c%b4%f0%9f%91%91-golden-crown-of-the-nile-aswan-royal-escape-%f0%9f%91%91%f0%9f%8c%b4%f0%9f%8c%85%e2%9c%a8-aswan-where-the-nile-whispers-peace-and-history-lives-forever\/","url":"https:\/\/goldenhorizontegypt.com\/product\/%f0%9f%8c%b4%f0%9f%91%91-golden-crown-of-the-nile-aswan-royal-escape-%f0%9f%91%91%f0%9f%8c%b4%f0%9f%8c%85%e2%9c%a8-aswan-where-the-nile-whispers-peace-and-history-lives-forever\/","name":"\ud83c\udf34\ud83d\udc51 Golden Crown of the Nile \u2013 Aswan Royal Escape \ud83d\udc51\ud83c\udf34 - Golden Horizont Egypt","isPartOf":{"@id":"https:\/\/goldenhorizontegypt.com\/#website"},"primaryImageOfPage":{"@id":"https:\/\/goldenhorizontegypt.com\/product\/%f0%9f%8c%b4%f0%9f%91%91-golden-crown-of-the-nile-aswan-royal-escape-%f0%9f%91%91%f0%9f%8c%b4%f0%9f%8c%85%e2%9c%a8-aswan-where-the-nile-whispers-peace-and-history-lives-forever\/#primaryimage"},"image":{"@id":"https:\/\/goldenhorizontegypt.com\/product\/%f0%9f%8c%b4%f0%9f%91%91-golden-crown-of-the-nile-aswan-royal-escape-%f0%9f%91%91%f0%9f%8c%b4%f0%9f%8c%85%e2%9c%a8-aswan-where-the-nile-whispers-peace-and-history-lives-forever\/#primaryimage"},"thumbnailUrl":"https:\/\/goldenhorizontegypt.com\/wp-content\/uploads\/2026\/02\/IMG-20260212-WA0029-e1770908632870.jpg","datePublished":"2026-02-12T15:03:13+00:00","dateModified":"2026-02-12T15:09:27+00:00","breadcrumb":{"@id":"https:\/\/goldenhorizontegypt.com\/product\/%f0%9f%8c%b4%f0%9f%91%91-golden-crown-of-the-nile-aswan-royal-escape-%f0%9f%91%91%f0%9f%8c%b4%f0%9f%8c%85%e2%9c%a8-aswan-where-the-nile-whispers-peace-and-history-lives-forever\/#breadcrumb"},"inLanguage":"it-IT","potentialAction":[{"@type":"ReadAction","target":["https:\/\/goldenhorizontegypt.com\/product\/%f0%9f%8c%b4%f0%9f%91%91-golden-crown-of-the-nile-aswan-royal-escape-%f0%9f%91%91%f0%9f%8c%b4%f0%9f%8c%85%e2%9c%a8-aswan-where-the-nile-whispers-peace-and-history-lives-forever\/"]}]},{"@type":"ImageObject","inLanguage":"it-IT","@id":"https:\/\/goldenhorizontegypt.com\/product\/%f0%9f%8c%b4%f0%9f%91%91-golden-crown-of-the-nile-aswan-royal-escape-%f0%9f%91%91%f0%9f%8c%b4%f0%9f%8c%85%e2%9c%a8-aswan-where-the-nile-whispers-peace-and-history-lives-forever\/#primaryimage","url":"https:\/\/goldenhorizontegypt.com\/wp-content\/uploads\/2026\/02\/IMG-20260212-WA0029-e1770908632870.jpg","contentUrl":"https:\/\/goldenhorizontegypt.com\/wp-content\/uploads\/2026\/02\/IMG-20260212-WA0029-e1770908632870.jpg","width":1160,"height":770},{"@type":"BreadcrumbList","@id":"https:\/\/goldenhorizontegypt.com\/product\/%f0%9f%8c%b4%f0%9f%91%91-golden-crown-of-the-nile-aswan-royal-escape-%f0%9f%91%91%f0%9f%8c%b4%f0%9f%8c%85%e2%9c%a8-aswan-where-the-nile-whispers-peace-and-history-lives-forever\/#breadcrumb","itemListElement":[{"@type":"ListItem","position":1,"name":"Home","item":"https:\/\/goldenhorizontegypt.com\/"},{"@type":"ListItem","position":2,"name":"Shop","item":"https:\/\/goldenhorizontegypt.com\/shop\/"},{"@type":"ListItem","position":3,"name":"\ud83c\udf34\ud83d\udc51 Golden Crown of the Nile \u2013 Aswan Royal Escape \ud83d\udc51\ud83c\udf34"}]},{"@type":"WebSite","@id":"https:\/\/goldenhorizontegypt.com\/#website","url":"https:\/\/goldenhorizontegypt.com\/","name":"Orizzonte d'oro Egitto","description":"","potentialAction":[{"@type":"SearchAction","target":{"@type":"EntryPoint","urlTemplate":"https:\/\/goldenhorizontegypt.com\/?s={search_term_string}"},"query-input":{"@type":"PropertyValueSpecification","valueRequired":true,"valueName":"search_term_string"}}],"inLanguage":"it-IT"}]}},"_links":{"self":[{"href":"https:\/\/goldenhorizontegypt.com\/it\/wp-json\/wp\/v2\/product\/11763","targetHints":{"allow":["GET"]}}],"collection":[{"href":"https:\/\/goldenhorizontegypt.com\/it\/wp-json\/wp\/v2\/product"}],"about":[{"href":"https:\/\/goldenhorizontegypt.com\/it\/wp-json\/wp\/v2\/types\/product"}],"replies":[{"embeddable":true,"href":"https:\/\/goldenhorizontegypt.com\/it\/wp-json\/wp\/v2\/comments?post=11763"}],"wp:featuredmedia":[{"embeddable":true,"href":"https:\/\/goldenhorizontegypt.com\/it\/wp-json\/wp\/v2\/media\/11746"}],"wp:attachment":[{"href":"https:\/\/goldenhorizontegypt.com\/it\/wp-json\/wp\/v2\/media?parent=11763"}],"wp:term":[{"taxonomy":"product_brand","embeddable":true,"href":"https:\/\/goldenhorizontegypt.com\/it\/wp-json\/wp\/v2\/product_brand?post=11763"},{"taxonomy":"product_cat","embeddable":true,"href":"https:\/\/goldenhorizontegypt.com\/it\/wp-json\/wp\/v2\/product_cat?post=11763"},{"taxonomy":"product_tag","embeddable":true,"href":"https:\/\/goldenhorizontegypt.com\/it\/wp-json\/wp\/v2\/product_tag?post=11763"}],"curies":[{"name":"wp","href":"https:\/\/api.w.org\/{rel}","templated":true}]}}