{"id":10080,"date":"2025-09-08T10:36:30","date_gmt":"2025-09-08T10:36:30","guid":{"rendered":"https:\/\/goldenhorizontegypt.com\/?post_type=product&#038;p=10080"},"modified":"2025-11-28T15:02:02","modified_gmt":"2025-11-28T15:02:02","slug":"city-tours-trip","status":"publish","type":"product","link":"https:\/\/goldenhorizontegypt.com\/it\/prodotto\/city-tours-trip\/","title":{"rendered":"Tour della citt\u00e0: Punti di riferimento, cultura e vita locale"},"content":{"rendered":"<p data-start=\"99\" data-end=\"169\"><strong data-start=\"99\" data-end=\"167\">\ud83c\udfd9\ufe0f Scoprite il cuore della citt\u00e0 con i nostri emozionanti tour!<\/strong><\/p>\n<p data-start=\"171\" data-end=\"492\">Preparatevi a <strong data-start=\"184\" data-end=\"240\">scoprire i segreti, la cultura e la bellezza della citt\u00e0<\/strong> con la nostra guida esperta <strong data-start=\"266\" data-end=\"280\">Tour della citt\u00e0<\/strong>. Che siate appassionati di storia, amanti della cultura o semplicemente desiderosi di sperimentare il meglio che la citt\u00e0 ha da offrire, questo viaggio \u00e8 stato progettato per darvi una <strong data-start=\"437\" data-end=\"489\">un viaggio indimenticabile nel tempo e nella tradizione<\/strong>.<\/p>\n<p data-start=\"494\" data-end=\"536\"><strong data-start=\"494\" data-end=\"534\">Cosa rende speciali i nostri tour delle citt\u00e0?<\/strong><\/p>\n<ul data-start=\"537\" data-end=\"1101\">\n<li data-start=\"537\" data-end=\"667\">\n<p data-start=\"539\" data-end=\"667\"><strong data-start=\"539\" data-end=\"575\">Punti di riferimento e monumenti iconici \ud83c\udfdb\ufe0f<\/strong> - Esplorate i siti pi\u00f9 famosi della citt\u00e0, dagli edifici storici alle meraviglie architettoniche.<\/p>\n<\/li>\n<li data-start=\"668\" data-end=\"794\">\n<p data-start=\"670\" data-end=\"794\"><strong data-start=\"670\" data-end=\"699\">Ricco patrimonio culturale \ud83c\udfad<\/strong> - Immergetevi nelle tradizioni locali, nelle storie affascinanti e nelle gemme nascoste che molti viaggiatori si lasciano sfuggire.<\/p>\n<\/li>\n<li data-start=\"795\" data-end=\"917\">\n<p data-start=\"797\" data-end=\"917\"><strong data-start=\"797\" data-end=\"826\">Guide locali esperte \ud83d\udc68\u200d\ud83c\udfeb<\/strong> - Le nostre guide esperte fanno rivivere la storia e la cultura con una narrazione coinvolgente.<\/p>\n<\/li>\n<li data-start=\"918\" data-end=\"1009\">\n<p data-start=\"920\" data-end=\"1009\"><strong data-start=\"920\" data-end=\"953\">Trasporto confortevole \ud83d\ude90<\/strong> - Godetevi un viaggio tranquillo e rilassante tra una fermata e l'altra.<\/p>\n<\/li>\n<li data-start=\"1010\" data-end=\"1101\">\n<p data-start=\"1012\" data-end=\"1101\"><strong data-start=\"1012\" data-end=\"1048\">Tante opportunit\u00e0 per fare foto \ud83d\udcf8<\/strong> - Catturate momenti indimenticabili in ogni punto di riferimento.<\/p>\n<\/li>\n<\/ul>\n<p data-start=\"1103\" data-end=\"1128\"><strong data-start=\"1103\" data-end=\"1126\">\ud83d\udd52 Punti salienti del viaggio:<\/strong><\/p>\n<ul data-start=\"1129\" data-end=\"1330\">\n<li data-start=\"1129\" data-end=\"1176\">\n<p data-start=\"1131\" data-end=\"1176\">Sono disponibili partenze mattutine e pomeridiane.<\/p>\n<\/li>\n<li data-start=\"1177\" data-end=\"1265\">\n<p data-start=\"1179\" data-end=\"1265\">Sosta nei musei, negli antichi mercati \ud83d\udecd\ufe0f, nei luoghi di culto \u26ea e nelle attrazioni moderne \ud83c\udf07.<\/p>\n<\/li>\n<li data-start=\"1266\" data-end=\"1330\">\n<p data-start=\"1268\" data-end=\"1330\">Tempo libero per passeggiare, fare shopping o sorseggiare un caff\u00e8 \u2615 nei bar locali.<\/p>\n<\/li>\n<\/ul>\n<p data-start=\"1332\" data-end=\"1353\"><strong data-start=\"1332\" data-end=\"1351\">\ud83d\udcbc Perfetto per:<\/strong><\/p>\n<ul data-start=\"1354\" data-end=\"1438\">\n<li data-start=\"1354\" data-end=\"1378\">\n<p data-start=\"1356\" data-end=\"1378\">Famiglie \ud83d\udc68\u200d\ud83d\udc69\u200d\ud83d\udc67\u200d\ud83d\udc66<\/p>\n<\/li>\n<li data-start=\"1379\" data-end=\"1393\">\n<p data-start=\"1381\" data-end=\"1393\">Coppie \u2764\ufe0f<\/p>\n<\/li>\n<li data-start=\"1394\" data-end=\"1415\">\n<p data-start=\"1396\" data-end=\"1415\">Viaggiatori solitari \ud83c\udf0d<\/p>\n<\/li>\n<li data-start=\"1416\" data-end=\"1438\">\n<p data-start=\"1418\" data-end=\"1438\">Gruppi di amici \ud83c\udf89<\/p>\n<\/li>\n<\/ul>\n<p data-start=\"1440\" data-end=\"1711\"><strong data-start=\"1440\" data-end=\"1468\">\ud83c\udf1f Perch\u00e9 scegliere questo viaggio?<\/strong><br data-start=\"1468\" data-end=\"1471\" \/>Perch\u00e9 una citt\u00e0 non \u00e8 solo strade ed edifici: \u00e8 una storia viva che aspetta di essere esplorata. Da <strong data-start=\"1577\" data-end=\"1597\">patrimonio antico<\/strong> a <strong data-start=\"1601\" data-end=\"1621\">vibrazioni moderne<\/strong>, Questo tour unisce istruzione, intrattenimento ed esplorazione in un'unica esperienza.<\/p>\n<p data-start=\"1713\" data-end=\"1790\">Unisciti a noi per un <strong data-start=\"1727\" data-end=\"1788\">giornata piena di cultura, divertimento e ricordi indimenticabili!<\/strong><\/p>\n<table style=\"height: 79px;\" width=\"758\">\n<tbody>\n<tr>\n<td width=\"126\"><strong>\u00a0\u20ac\u00a0\u00a0\u00a0 25.00<\/strong><\/td>\n<td width=\"307\"><strong>Tour della citt\u00e0 2 pax<\/strong><\/td>\n<\/tr>\n<tr>\n<td><strong>\u00a0\u20ac\u00a0\u00a0\u00a0 20.00<\/strong><\/td>\n<td width=\"307\"><strong>Tour della citt\u00e0 3 pax<\/strong><\/td>\n<\/tr>\n<\/tbody>\n<\/table>\n<h3 data-start=\"2198\" data-end=\"2225\"><strong data-start=\"2205\" data-end=\"2223\">Il pagamento in USD ($ \ud83c\uddfa\ud83c\uddf8) invece che in EUR (\u20ac \ud83c\uddea\ud83c\uddfa) \u00e8 disponibile in base al tasso di cambio bancario giornaliero.<\/strong><\/h3>\n<p><strong>Prenota tramite WhatsApp:<\/strong><\/p>\n<p><a href=\"https:\/\/wa.me\/201021058859\" target=\"_blank\" rel=\"noopener\">\u00a0<img decoding=\"async\" class=\"alignnone wp-image-2058\" src=\"https:\/\/poehalisnamiegypt.com\/wp-content\/uploads\/2024\/02\/pngwing.com_-300x300.png\" sizes=\"auto, (max-width: 35px) 100vw, 35px\" srcset=\"https:\/\/poehalisnamiegypt.com\/wp-content\/uploads\/2024\/02\/pngwing.com_-300x300.png 300w, https:\/\/poehalisnamiegypt.com\/wp-content\/uploads\/2024\/02\/pngwing.com_-150x150.png 150w, https:\/\/poehalisnamiegypt.com\/wp-content\/uploads\/2024\/02\/pngwing.com_.png 584w\" alt=\"\" width=\"53\" height=\"53\" \/><\/a><\/p>\n<p>&nbsp;<\/p>\n<div id=\"gtx-trans\" style=\"position: absolute; left: 244px; top: 1.2px;\">\n<div class=\"gtx-trans-icon\"><\/div>\n<\/div>","protected":false},"excerpt":{"rendered":"<p>\ud83c\udfd9\ufe0f Discover the Heart of the City with Our Exciting City Tours! Get ready to uncover the secrets, culture, and beauty of the city with our expertly guided City Tours. Whether you&#8217;re a history enthusiast, a culture lover, or simply looking to experience the best the city has to offer, this trip is designed to [&hellip;]<\/p>\n","protected":false},"featured_media":10081,"comment_status":"open","ping_status":"closed","template":"","meta":[],"product_brand":[],"product_cat":[64],"product_tag":[],"class_list":{"0":"post-10080","1":"product","2":"type-product","3":"status-publish","4":"has-post-thumbnail","6":"product_cat-entertaining","8":"first","9":"instock","10":"shipping-taxable","11":"purchasable","12":"product-type-ovabrw_car_rental"},"yoast_head":"<!-- This site is optimized with the Yoast SEO plugin v27.5 - https:\/\/yoast.com\/product\/yoast-seo-wordpress\/ -->\n<title>City Tour: Landmarks, Culture &amp; Local Life - Golden Horizont Egypt<\/title>\n<meta name=\"robots\" content=\"index, follow, max-snippet:-1, max-image-preview:large, max-video-preview:-1\" \/>\n<link rel=\"canonical\" href=\"https:\/\/goldenhorizontegypt.com\/it\/prodotto\/city-tours-trip\/\" \/>\n<meta property=\"og:locale\" content=\"it_IT\" \/>\n<meta property=\"og:type\" content=\"article\" \/>\n<meta property=\"og:title\" content=\"City Tour: Landmarks, Culture &amp; Local Life - Golden Horizont Egypt\" \/>\n<meta property=\"og:description\" content=\"\ud83c\udfd9\ufe0f Discover the Heart of the City with Our Exciting City Tours! Get ready to uncover the secrets, culture, and beauty of the city with our expertly guided City Tours. Whether you&#8217;re a history enthusiast, a culture lover, or simply looking to experience the best the city has to offer, this trip is designed to [&hellip;]\" \/>\n<meta property=\"og:url\" content=\"https:\/\/goldenhorizontegypt.com\/it\/prodotto\/city-tours-trip\/\" \/>\n<meta property=\"og:site_name\" content=\"Golden Horizont Egypt\" \/>\n<meta property=\"article:modified_time\" content=\"2025-11-28T15:02:02+00:00\" \/>\n<meta property=\"og:image\" content=\"https:\/\/goldenhorizontegypt.com\/wp-content\/uploads\/2025\/09\/2000x2000-0-70-138d9906955ae798ea3204523dcf4992.jpg\" \/>\n\t<meta property=\"og:image:width\" content=\"960\" \/>\n\t<meta property=\"og:image:height\" content=\"640\" \/>\n\t<meta property=\"og:image:type\" content=\"image\/jpeg\" \/>\n<meta name=\"twitter:card\" content=\"summary_large_image\" \/>\n<meta name=\"twitter:label1\" content=\"Tempo di lettura stimato\" \/>\n\t<meta name=\"twitter:data1\" content=\"1 minuto\" \/>\n<script type=\"application\/ld+json\" class=\"yoast-schema-graph\">{\"@context\":\"https:\\\/\\\/schema.org\",\"@graph\":[{\"@type\":\"WebPage\",\"@id\":\"https:\\\/\\\/goldenhorizontegypt.com\\\/product\\\/city-tours-trip\\\/\",\"url\":\"https:\\\/\\\/goldenhorizontegypt.com\\\/product\\\/city-tours-trip\\\/\",\"name\":\"City Tour: Landmarks, Culture & Local Life - Golden Horizont Egypt\",\"isPartOf\":{\"@id\":\"https:\\\/\\\/goldenhorizontegypt.com\\\/#website\"},\"primaryImageOfPage\":{\"@id\":\"https:\\\/\\\/goldenhorizontegypt.com\\\/product\\\/city-tours-trip\\\/#primaryimage\"},\"image\":{\"@id\":\"https:\\\/\\\/goldenhorizontegypt.com\\\/product\\\/city-tours-trip\\\/#primaryimage\"},\"thumbnailUrl\":\"https:\\\/\\\/goldenhorizontegypt.com\\\/wp-content\\\/uploads\\\/2025\\\/09\\\/2000x2000-0-70-138d9906955ae798ea3204523dcf4992.jpg\",\"datePublished\":\"2025-09-08T10:36:30+00:00\",\"dateModified\":\"2025-11-28T15:02:02+00:00\",\"breadcrumb\":{\"@id\":\"https:\\\/\\\/goldenhorizontegypt.com\\\/product\\\/city-tours-trip\\\/#breadcrumb\"},\"inLanguage\":\"it-IT\",\"potentialAction\":[{\"@type\":\"ReadAction\",\"target\":[\"https:\\\/\\\/goldenhorizontegypt.com\\\/product\\\/city-tours-trip\\\/\"]}]},{\"@type\":\"ImageObject\",\"inLanguage\":\"it-IT\",\"@id\":\"https:\\\/\\\/goldenhorizontegypt.com\\\/product\\\/city-tours-trip\\\/#primaryimage\",\"url\":\"https:\\\/\\\/goldenhorizontegypt.com\\\/wp-content\\\/uploads\\\/2025\\\/09\\\/2000x2000-0-70-138d9906955ae798ea3204523dcf4992.jpg\",\"contentUrl\":\"https:\\\/\\\/goldenhorizontegypt.com\\\/wp-content\\\/uploads\\\/2025\\\/09\\\/2000x2000-0-70-138d9906955ae798ea3204523dcf4992.jpg\",\"width\":960,\"height\":640},{\"@type\":\"BreadcrumbList\",\"@id\":\"https:\\\/\\\/goldenhorizontegypt.com\\\/product\\\/city-tours-trip\\\/#breadcrumb\",\"itemListElement\":[{\"@type\":\"ListItem\",\"position\":1,\"name\":\"Home\",\"item\":\"https:\\\/\\\/goldenhorizontegypt.com\\\/\"},{\"@type\":\"ListItem\",\"position\":2,\"name\":\"Shop\",\"item\":\"https:\\\/\\\/goldenhorizontegypt.com\\\/shop\\\/\"},{\"@type\":\"ListItem\",\"position\":3,\"name\":\"City Tour: Landmarks, Culture &#038; Local Life\"}]},{\"@type\":\"WebSite\",\"@id\":\"https:\\\/\\\/goldenhorizontegypt.com\\\/#website\",\"url\":\"https:\\\/\\\/goldenhorizontegypt.com\\\/\",\"name\":\"Golden Horizont Egypt\",\"description\":\"\",\"potentialAction\":[{\"@type\":\"SearchAction\",\"target\":{\"@type\":\"EntryPoint\",\"urlTemplate\":\"https:\\\/\\\/goldenhorizontegypt.com\\\/?s={search_term_string}\"},\"query-input\":{\"@type\":\"PropertyValueSpecification\",\"valueRequired\":true,\"valueName\":\"search_term_string\"}}],\"inLanguage\":\"it-IT\"}]}<\/script>\n<!-- \/ Yoast SEO plugin. -->","yoast_head_json":{"title":"City Tour: Landmarks, Culture & Local Life - Golden Horizont Egypt","robots":{"index":"index","follow":"follow","max-snippet":"max-snippet:-1","max-image-preview":"max-image-preview:large","max-video-preview":"max-video-preview:-1"},"canonical":"https:\/\/goldenhorizontegypt.com\/it\/prodotto\/city-tours-trip\/","og_locale":"it_IT","og_type":"article","og_title":"City Tour: Landmarks, Culture & Local Life - Golden Horizont Egypt","og_description":"\ud83c\udfd9\ufe0f Discover the Heart of the City with Our Exciting City Tours! Get ready to uncover the secrets, culture, and beauty of the city with our expertly guided City Tours. Whether you&#8217;re a history enthusiast, a culture lover, or simply looking to experience the best the city has to offer, this trip is designed to [&hellip;]","og_url":"https:\/\/goldenhorizontegypt.com\/it\/prodotto\/city-tours-trip\/","og_site_name":"Golden Horizont Egypt","article_modified_time":"2025-11-28T15:02:02+00:00","og_image":[{"width":960,"height":640,"url":"https:\/\/goldenhorizontegypt.com\/wp-content\/uploads\/2025\/09\/2000x2000-0-70-138d9906955ae798ea3204523dcf4992.jpg","type":"image\/jpeg"}],"twitter_card":"summary_large_image","twitter_misc":{"Tempo di lettura stimato":"1 minuto"},"schema":{"@context":"https:\/\/schema.org","@graph":[{"@type":"WebPage","@id":"https:\/\/goldenhorizontegypt.com\/product\/city-tours-trip\/","url":"https:\/\/goldenhorizontegypt.com\/product\/city-tours-trip\/","name":"City Tour: Landmarks, Culture & Local Life - Golden Horizont Egypt","isPartOf":{"@id":"https:\/\/goldenhorizontegypt.com\/#website"},"primaryImageOfPage":{"@id":"https:\/\/goldenhorizontegypt.com\/product\/city-tours-trip\/#primaryimage"},"image":{"@id":"https:\/\/goldenhorizontegypt.com\/product\/city-tours-trip\/#primaryimage"},"thumbnailUrl":"https:\/\/goldenhorizontegypt.com\/wp-content\/uploads\/2025\/09\/2000x2000-0-70-138d9906955ae798ea3204523dcf4992.jpg","datePublished":"2025-09-08T10:36:30+00:00","dateModified":"2025-11-28T15:02:02+00:00","breadcrumb":{"@id":"https:\/\/goldenhorizontegypt.com\/product\/city-tours-trip\/#breadcrumb"},"inLanguage":"it-IT","potentialAction":[{"@type":"ReadAction","target":["https:\/\/goldenhorizontegypt.com\/product\/city-tours-trip\/"]}]},{"@type":"ImageObject","inLanguage":"it-IT","@id":"https:\/\/goldenhorizontegypt.com\/product\/city-tours-trip\/#primaryimage","url":"https:\/\/goldenhorizontegypt.com\/wp-content\/uploads\/2025\/09\/2000x2000-0-70-138d9906955ae798ea3204523dcf4992.jpg","contentUrl":"https:\/\/goldenhorizontegypt.com\/wp-content\/uploads\/2025\/09\/2000x2000-0-70-138d9906955ae798ea3204523dcf4992.jpg","width":960,"height":640},{"@type":"BreadcrumbList","@id":"https:\/\/goldenhorizontegypt.com\/product\/city-tours-trip\/#breadcrumb","itemListElement":[{"@type":"ListItem","position":1,"name":"Home","item":"https:\/\/goldenhorizontegypt.com\/"},{"@type":"ListItem","position":2,"name":"Shop","item":"https:\/\/goldenhorizontegypt.com\/shop\/"},{"@type":"ListItem","position":3,"name":"City Tour: Landmarks, Culture &#038; Local Life"}]},{"@type":"WebSite","@id":"https:\/\/goldenhorizontegypt.com\/#website","url":"https:\/\/goldenhorizontegypt.com\/","name":"Orizzonte d'oro Egitto","description":"","potentialAction":[{"@type":"SearchAction","target":{"@type":"EntryPoint","urlTemplate":"https:\/\/goldenhorizontegypt.com\/?s={search_term_string}"},"query-input":{"@type":"PropertyValueSpecification","valueRequired":true,"valueName":"search_term_string"}}],"inLanguage":"it-IT"}]}},"_links":{"self":[{"href":"https:\/\/goldenhorizontegypt.com\/it\/wp-json\/wp\/v2\/product\/10080","targetHints":{"allow":["GET"]}}],"collection":[{"href":"https:\/\/goldenhorizontegypt.com\/it\/wp-json\/wp\/v2\/product"}],"about":[{"href":"https:\/\/goldenhorizontegypt.com\/it\/wp-json\/wp\/v2\/types\/product"}],"replies":[{"embeddable":true,"href":"https:\/\/goldenhorizontegypt.com\/it\/wp-json\/wp\/v2\/comments?post=10080"}],"wp:featuredmedia":[{"embeddable":true,"href":"https:\/\/goldenhorizontegypt.com\/it\/wp-json\/wp\/v2\/media\/10081"}],"wp:attachment":[{"href":"https:\/\/goldenhorizontegypt.com\/it\/wp-json\/wp\/v2\/media?parent=10080"}],"wp:term":[{"taxonomy":"product_brand","embeddable":true,"href":"https:\/\/goldenhorizontegypt.com\/it\/wp-json\/wp\/v2\/product_brand?post=10080"},{"taxonomy":"product_cat","embeddable":true,"href":"https:\/\/goldenhorizontegypt.com\/it\/wp-json\/wp\/v2\/product_cat?post=10080"},{"taxonomy":"product_tag","embeddable":true,"href":"https:\/\/goldenhorizontegypt.com\/it\/wp-json\/wp\/v2\/product_tag?post=10080"}],"curies":[{"name":"wp","href":"https:\/\/api.w.org\/{rel}","templated":true}]}}