{"id":9829,"date":"2025-09-07T01:35:41","date_gmt":"2025-09-07T01:35:41","guid":{"rendered":"https:\/\/goldenhorizontegypt.com\/?post_type=product&#038;p=9829"},"modified":"2025-11-28T15:22:52","modified_gmt":"2025-11-28T15:22:52","slug":"one-trip-to-luxor-private","status":"publish","type":"product","link":"https:\/\/goldenhorizontegypt.com\/de\/produkt\/one-trip-to-luxor-private\/","title":{"rendered":"Luxor Ganzt\u00e4gige private Tour"},"content":{"rendered":"<h3 data-start=\"78\" data-end=\"138\">\u2708\ufe0f <strong data-start=\"85\" data-end=\"138\">Luxor Ganzt\u00e4gig Privat<\/strong><\/h3>\n<p data-start=\"140\" data-end=\"378\">Entdecken Sie die Wunder des alten \u00c4gyptens an nur einem Tag! Auch wenn <strong data-start=\"207\" data-end=\"250\">Luxor und Kairo sind \u00fcber 400 Meilen (644 km) entfernt.<\/strong> abgesehen davon, dass diese exklusive <strong data-start=\"273\" data-end=\"298\">Privatf\u00fchrung<\/strong>\u00a0macht es m\u00f6glich, die Sch\u00e4tze von Luxor zu erkunden, ohne einen Moment zu verpassen.<\/p>\n<h4 data-start=\"380\" data-end=\"418\">\ud83c\udfdb <strong data-start=\"388\" data-end=\"418\">H\u00f6hepunkte Ihrer Reise<\/strong><\/h4>\n<ul data-start=\"419\" data-end=\"834\">\n<li data-start=\"419\" data-end=\"525\">\n<p data-start=\"421\" data-end=\"525\"><strong data-start=\"421\" data-end=\"444\">Tal der K\u00f6nige<\/strong> - Treten Sie ein in die Geschichte, wo die legend\u00e4re <strong data-start=\"485\" data-end=\"507\">Das Grab des Tutanchamun<\/strong> entdeckt wurde.<\/p>\n<\/li>\n<li data-start=\"526\" data-end=\"629\">\n<p data-start=\"528\" data-end=\"629\"><strong data-start=\"528\" data-end=\"552\">Hatschepsut-Tempel<\/strong> - Bestaunen Sie den atemberaubenden Totentempel von \u00c4gyptens ber\u00fchmtester Pharaonin.<\/p>\n<\/li>\n<li data-start=\"630\" data-end=\"735\">\n<p data-start=\"632\" data-end=\"735\"><strong data-start=\"632\" data-end=\"658\">Tempel von Karnak und Luxor<\/strong> - Wandern Sie durch kolossale S\u00e4ulen, heilige Hallen und antike Inschriften.<\/p>\n<\/li>\n<li data-start=\"736\" data-end=\"834\">\n<p data-start=\"738\" data-end=\"834\"><strong data-start=\"738\" data-end=\"759\">Kolosse von Memnon<\/strong> - Bestaunen Sie die hoch aufragenden Statuen, die Theben seit Jahrtausenden bewachen.<\/p>\n<\/li>\n<\/ul>\n<h4 data-start=\"836\" data-end=\"866\">\ud83d\udc68\u200d\ud83c\udfeb <strong data-start=\"847\" data-end=\"866\">Beratung durch Experten<\/strong><\/h4>\n<p data-start=\"867\" data-end=\"987\">Ihr <strong data-start=\"872\" data-end=\"903\">pers\u00f6nlicher \u00e4gyptologischer F\u00fchrer<\/strong> werden faszinierende Geschichten, Geheimnisse und die verborgene Geschichte hinter jedem Ort erz\u00e4hlen.<\/p>\n<h4 data-start=\"989\" data-end=\"1025\">\ud83c\udf74 <strong data-start=\"997\" data-end=\"1025\">Leckeres \u00e4gyptisches Mittagessen<\/strong><\/h4>\n<p data-start=\"1026\" data-end=\"1128\">Genie\u00dfen Sie eine authentische Mahlzeit in einem lokalen Restaurant und probieren Sie die Aromen der traditionellen \u00e4gyptischen K\u00fcche.<\/p>\n<h3 data-start=\"493\" data-end=\"529\">\ud83d\udde3\ufe0f <strong data-start=\"501\" data-end=\"527\">Wir sprechen Ihre Sprache<\/strong><\/h3>\n<ul data-start=\"530\" data-end=\"594\">\n<li>Polnisch<\/li>\n<li>Franz\u00f6sisch<\/li>\n<li>Englisch<\/li>\n<li>Deutsch<\/li>\n<li>Portugiesisch<\/li>\n<li>Spanisch<\/li>\n<li>...und mehr!<\/li>\n<\/ul>\n<p data-start=\"596\" data-end=\"678\">Woher Sie auch kommen, wir sorgen f\u00fcr eine reibungslose Kommunikation und eine pers\u00f6nliche Note.<\/p>\n<h3 data-start=\"2303\" data-end=\"2343\"><strong data-start=\"2307\" data-end=\"2341\">Warum das VIP-Erlebnis?<\/strong><\/h3>\n<ul data-start=\"2344\" data-end=\"2584\">\n<li data-start=\"2344\" data-end=\"2398\">\n<p data-start=\"2346\" data-end=\"2398\">\ud83d\ude90 Privater Luxus-Transport<\/p>\n<\/li>\n<li data-start=\"2399\" data-end=\"2446\">\n<p data-start=\"2401\" data-end=\"2446\">\ud83c\udfdb\ufe0f Pers\u00f6nlicher \u00c4gyptologe-F\u00fchrer-Service<\/p>\n<\/li>\n<li data-start=\"2447\" data-end=\"2490\">\n<p data-start=\"2449\" data-end=\"2490\">Premium-Mittagessen in einem malerischen Restaurant<\/p>\n<\/li>\n<li data-start=\"2491\" data-end=\"2538\">\n<p data-start=\"2493\" data-end=\"2538\">\u23f1\ufe0f Flexibler, auf Ihre Gruppe zugeschnittener Zeitplan<\/p>\n<\/li>\n<li data-start=\"2539\" data-end=\"2584\">\n<p data-start=\"2541\" data-end=\"2584\">\ud83d\udecd\ufe0f Exklusive Einkaufsstopps auf Anfrage<\/p>\n<\/li>\n<\/ul>\n<p data-start=\"1311\" data-end=\"1432\">Diese Tour ist perfekt f\u00fcr Reisende, die wenig Zeit haben, aber trotzdem etwas erleben m\u00f6chten. <strong data-start=\"1373\" data-end=\"1430\">die legend\u00e4ren Wunder von Luxor von ihrer Bucket List streichen!<\/strong><\/p>\n<table style=\"height: 395px;\" width=\"844\">\n<tbody>\n<tr>\n<td width=\"126\"><strong>\u00a0\u20ac 300.00<\/strong><\/td>\n<td width=\"307\"><strong>luxor Privat 2 pax<\/strong><\/td>\n<\/tr>\n<tr>\n<td><strong>\u00a0\u20ac\u00a0 450.00<\/strong><\/td>\n<td><strong>luxor Privat 3 bis 4 pax<\/strong><\/td>\n<\/tr>\n<tr>\n<td><strong>\u00a0\u20ac\u00a0 510.00<\/strong><\/td>\n<td><strong>luxor Privat 5 pax<\/strong><\/td>\n<\/tr>\n<tr>\n<td><strong>\u00a0\u20ac\u00a0 560.00<\/strong><\/td>\n<td><strong>luxor Privat 6 pax<\/strong><\/td>\n<\/tr>\n<tr>\n<td><\/td>\n<td><\/td>\n<\/tr>\n<\/tbody>\n<\/table>\n<h3 data-start=\"2198\" data-end=\"2225\"><strong data-start=\"2205\" data-end=\"2223\">Die Zahlung in USD ($ \ud83c\uddfa\ud83c\uddf8) anstelle von EUR (\ud83c\uddea\ud83c\uddfa) ist je nach Tageskurs der Bank m\u00f6glich.<\/strong><\/h3>\n<p><strong>Buchen Sie \u00fcber WhatsApp:<\/strong><\/p>\n<p><a href=\"https:\/\/api.whatsapp.com\/send\/?phone=01021058859\" target=\"_blank\" rel=\"noopener\">\u00a0<img decoding=\"async\" class=\"alignnone wp-image-2058\" src=\"https:\/\/poehalisnamiegypt.com\/wp-content\/uploads\/2024\/02\/pngwing.com_-300x300.png\" sizes=\"auto, (max-width: 35px) 100vw, 35px\" srcset=\"https:\/\/poehalisnamiegypt.com\/wp-content\/uploads\/2024\/02\/pngwing.com_-300x300.png 300w, https:\/\/poehalisnamiegypt.com\/wp-content\/uploads\/2024\/02\/pngwing.com_-150x150.png 150w, https:\/\/poehalisnamiegypt.com\/wp-content\/uploads\/2024\/02\/pngwing.com_.png 584w\" alt=\"\" width=\"53\" height=\"53\" \/><\/a><\/p>\n<div id=\"simple-translate\" class=\"simple-translate-system-theme\">\n<div>\n<div class=\"simple-translate-button isShow\" style=\"background-image: url('chrome-extension:\/\/cllnohpbfenopiakdcjmjcbaeapmkcdl\/icons\/512.png'); height: 22px; width: 22px; top: 1106px; left: 28px;\"><\/div>\n<div class=\"simple-translate-panel\" style=\"width: 300px; height: 200px; top: 0px; left: 0px; font-size: 13px;\">\n<div class=\"simple-translate-result-wrapper\" style=\"overflow: hidden;\">\n<div class=\"simple-translate-move\" draggable=\"true\"><\/div>\n<div class=\"simple-translate-result-contents\">\n<p class=\"simple-translate-candidate\" dir=\"auto\">\n<\/div>\n<\/div>\n<\/div>\n<\/div>\n<\/div>\n<div id=\"gtx-trans\" style=\"position: absolute; left: 141px; top: 3.375px;\">\n<div class=\"gtx-trans-icon\"><\/div>\n<\/div>","protected":false},"excerpt":{"rendered":"<p>\u2708\ufe0f Luxor Full-Day Private Discover the wonders of ancient Egypt in just one day! Even though Luxor and Cairo are 400+ miles (644 km) apart, this exclusive private tour\u00a0makes it possible to explore the treasures of Luxor without missing a moment. \ud83c\udfdb Highlights of Your Journey Valley of the Kings \u2013 Step into history where [&hellip;]<\/p>\n","protected":false},"featured_media":9835,"comment_status":"open","ping_status":"closed","template":"","meta":[],"product_brand":[],"product_cat":[65],"product_tag":[],"class_list":{"0":"post-9829","1":"product","2":"type-product","3":"status-publish","4":"has-post-thumbnail","6":"product_cat-luxor","8":"first","9":"instock","10":"shipping-taxable","11":"purchasable","12":"product-type-ovabrw_car_rental"},"yoast_head":"<!-- This site is optimized with the Yoast SEO plugin v27.5 - https:\/\/yoast.com\/product\/yoast-seo-wordpress\/ -->\n<title>Luxor Full-Day Private Tour - Golden Horizont Egypt<\/title>\n<meta name=\"robots\" content=\"index, follow, max-snippet:-1, max-image-preview:large, max-video-preview:-1\" \/>\n<link rel=\"canonical\" href=\"https:\/\/goldenhorizontegypt.com\/de\/produkt\/one-trip-to-luxor-private\/\" \/>\n<meta property=\"og:locale\" content=\"de_DE\" \/>\n<meta property=\"og:type\" content=\"article\" \/>\n<meta property=\"og:title\" content=\"Luxor Full-Day Private Tour - Golden Horizont Egypt\" \/>\n<meta property=\"og:description\" content=\"\u2708\ufe0f Luxor Full-Day Private Discover the wonders of ancient Egypt in just one day! Even though Luxor and Cairo are 400+ miles (644 km) apart, this exclusive private tour\u00a0makes it possible to explore the treasures of Luxor without missing a moment. \ud83c\udfdb Highlights of Your Journey Valley of the Kings \u2013 Step into history where [&hellip;]\" \/>\n<meta property=\"og:url\" content=\"https:\/\/goldenhorizontegypt.com\/de\/produkt\/one-trip-to-luxor-private\/\" \/>\n<meta property=\"og:site_name\" content=\"Golden Horizont Egypt\" \/>\n<meta property=\"article:modified_time\" content=\"2025-11-28T15:22:52+00:00\" \/>\n<meta property=\"og:image\" content=\"https:\/\/goldenhorizontegypt.com\/wp-content\/uploads\/2025\/09\/luxor_10835.jpg\" \/>\n\t<meta property=\"og:image:width\" content=\"830\" \/>\n\t<meta property=\"og:image:height\" content=\"550\" \/>\n\t<meta property=\"og:image:type\" content=\"image\/jpeg\" \/>\n<meta name=\"twitter:card\" content=\"summary_large_image\" \/>\n<meta name=\"twitter:label1\" content=\"Gesch\u00e4tzte Lesezeit\" \/>\n\t<meta name=\"twitter:data1\" content=\"1\u00a0Minute\" \/>\n<script type=\"application\/ld+json\" class=\"yoast-schema-graph\">{\"@context\":\"https:\\\/\\\/schema.org\",\"@graph\":[{\"@type\":\"WebPage\",\"@id\":\"https:\\\/\\\/goldenhorizontegypt.com\\\/product\\\/one-trip-to-luxor-private\\\/\",\"url\":\"https:\\\/\\\/goldenhorizontegypt.com\\\/product\\\/one-trip-to-luxor-private\\\/\",\"name\":\"Luxor Full-Day Private Tour - Golden Horizont Egypt\",\"isPartOf\":{\"@id\":\"https:\\\/\\\/goldenhorizontegypt.com\\\/#website\"},\"primaryImageOfPage\":{\"@id\":\"https:\\\/\\\/goldenhorizontegypt.com\\\/product\\\/one-trip-to-luxor-private\\\/#primaryimage\"},\"image\":{\"@id\":\"https:\\\/\\\/goldenhorizontegypt.com\\\/product\\\/one-trip-to-luxor-private\\\/#primaryimage\"},\"thumbnailUrl\":\"https:\\\/\\\/goldenhorizontegypt.com\\\/wp-content\\\/uploads\\\/2025\\\/09\\\/luxor_10835.jpg\",\"datePublished\":\"2025-09-07T01:35:41+00:00\",\"dateModified\":\"2025-11-28T15:22:52+00:00\",\"breadcrumb\":{\"@id\":\"https:\\\/\\\/goldenhorizontegypt.com\\\/product\\\/one-trip-to-luxor-private\\\/#breadcrumb\"},\"inLanguage\":\"de\",\"potentialAction\":[{\"@type\":\"ReadAction\",\"target\":[\"https:\\\/\\\/goldenhorizontegypt.com\\\/product\\\/one-trip-to-luxor-private\\\/\"]}]},{\"@type\":\"ImageObject\",\"inLanguage\":\"de\",\"@id\":\"https:\\\/\\\/goldenhorizontegypt.com\\\/product\\\/one-trip-to-luxor-private\\\/#primaryimage\",\"url\":\"https:\\\/\\\/goldenhorizontegypt.com\\\/wp-content\\\/uploads\\\/2025\\\/09\\\/luxor_10835.jpg\",\"contentUrl\":\"https:\\\/\\\/goldenhorizontegypt.com\\\/wp-content\\\/uploads\\\/2025\\\/09\\\/luxor_10835.jpg\",\"width\":830,\"height\":550},{\"@type\":\"BreadcrumbList\",\"@id\":\"https:\\\/\\\/goldenhorizontegypt.com\\\/product\\\/one-trip-to-luxor-private\\\/#breadcrumb\",\"itemListElement\":[{\"@type\":\"ListItem\",\"position\":1,\"name\":\"Home\",\"item\":\"https:\\\/\\\/goldenhorizontegypt.com\\\/\"},{\"@type\":\"ListItem\",\"position\":2,\"name\":\"Shop\",\"item\":\"https:\\\/\\\/goldenhorizontegypt.com\\\/shop\\\/\"},{\"@type\":\"ListItem\",\"position\":3,\"name\":\"Luxor Full-Day Private Tour\"}]},{\"@type\":\"WebSite\",\"@id\":\"https:\\\/\\\/goldenhorizontegypt.com\\\/#website\",\"url\":\"https:\\\/\\\/goldenhorizontegypt.com\\\/\",\"name\":\"Golden Horizont Egypt\",\"description\":\"\",\"potentialAction\":[{\"@type\":\"SearchAction\",\"target\":{\"@type\":\"EntryPoint\",\"urlTemplate\":\"https:\\\/\\\/goldenhorizontegypt.com\\\/?s={search_term_string}\"},\"query-input\":{\"@type\":\"PropertyValueSpecification\",\"valueRequired\":true,\"valueName\":\"search_term_string\"}}],\"inLanguage\":\"de\"}]}<\/script>\n<!-- \/ Yoast SEO plugin. -->","yoast_head_json":{"title":"Luxor Full-Day Private Tour - Golden Horizont Egypt","robots":{"index":"index","follow":"follow","max-snippet":"max-snippet:-1","max-image-preview":"max-image-preview:large","max-video-preview":"max-video-preview:-1"},"canonical":"https:\/\/goldenhorizontegypt.com\/de\/produkt\/one-trip-to-luxor-private\/","og_locale":"de_DE","og_type":"article","og_title":"Luxor Full-Day Private Tour - Golden Horizont Egypt","og_description":"\u2708\ufe0f Luxor Full-Day Private Discover the wonders of ancient Egypt in just one day! Even though Luxor and Cairo are 400+ miles (644 km) apart, this exclusive private tour\u00a0makes it possible to explore the treasures of Luxor without missing a moment. \ud83c\udfdb Highlights of Your Journey Valley of the Kings \u2013 Step into history where [&hellip;]","og_url":"https:\/\/goldenhorizontegypt.com\/de\/produkt\/one-trip-to-luxor-private\/","og_site_name":"Golden Horizont Egypt","article_modified_time":"2025-11-28T15:22:52+00:00","og_image":[{"width":830,"height":550,"url":"https:\/\/goldenhorizontegypt.com\/wp-content\/uploads\/2025\/09\/luxor_10835.jpg","type":"image\/jpeg"}],"twitter_card":"summary_large_image","twitter_misc":{"Gesch\u00e4tzte Lesezeit":"1\u00a0Minute"},"schema":{"@context":"https:\/\/schema.org","@graph":[{"@type":"WebPage","@id":"https:\/\/goldenhorizontegypt.com\/product\/one-trip-to-luxor-private\/","url":"https:\/\/goldenhorizontegypt.com\/product\/one-trip-to-luxor-private\/","name":"Luxor Full-Day Private Tour - Golden Horizont Egypt","isPartOf":{"@id":"https:\/\/goldenhorizontegypt.com\/#website"},"primaryImageOfPage":{"@id":"https:\/\/goldenhorizontegypt.com\/product\/one-trip-to-luxor-private\/#primaryimage"},"image":{"@id":"https:\/\/goldenhorizontegypt.com\/product\/one-trip-to-luxor-private\/#primaryimage"},"thumbnailUrl":"https:\/\/goldenhorizontegypt.com\/wp-content\/uploads\/2025\/09\/luxor_10835.jpg","datePublished":"2025-09-07T01:35:41+00:00","dateModified":"2025-11-28T15:22:52+00:00","breadcrumb":{"@id":"https:\/\/goldenhorizontegypt.com\/product\/one-trip-to-luxor-private\/#breadcrumb"},"inLanguage":"de","potentialAction":[{"@type":"ReadAction","target":["https:\/\/goldenhorizontegypt.com\/product\/one-trip-to-luxor-private\/"]}]},{"@type":"ImageObject","inLanguage":"de","@id":"https:\/\/goldenhorizontegypt.com\/product\/one-trip-to-luxor-private\/#primaryimage","url":"https:\/\/goldenhorizontegypt.com\/wp-content\/uploads\/2025\/09\/luxor_10835.jpg","contentUrl":"https:\/\/goldenhorizontegypt.com\/wp-content\/uploads\/2025\/09\/luxor_10835.jpg","width":830,"height":550},{"@type":"BreadcrumbList","@id":"https:\/\/goldenhorizontegypt.com\/product\/one-trip-to-luxor-private\/#breadcrumb","itemListElement":[{"@type":"ListItem","position":1,"name":"Home","item":"https:\/\/goldenhorizontegypt.com\/"},{"@type":"ListItem","position":2,"name":"Shop","item":"https:\/\/goldenhorizontegypt.com\/shop\/"},{"@type":"ListItem","position":3,"name":"Luxor Full-Day Private Tour"}]},{"@type":"WebSite","@id":"https:\/\/goldenhorizontegypt.com\/#website","url":"https:\/\/goldenhorizontegypt.com\/","name":"Goldener Horizont \u00c4gypten","description":"","potentialAction":[{"@type":"SearchAction","target":{"@type":"EntryPoint","urlTemplate":"https:\/\/goldenhorizontegypt.com\/?s={search_term_string}"},"query-input":{"@type":"PropertyValueSpecification","valueRequired":true,"valueName":"search_term_string"}}],"inLanguage":"de"}]}},"_links":{"self":[{"href":"https:\/\/goldenhorizontegypt.com\/de\/wp-json\/wp\/v2\/product\/9829","targetHints":{"allow":["GET"]}}],"collection":[{"href":"https:\/\/goldenhorizontegypt.com\/de\/wp-json\/wp\/v2\/product"}],"about":[{"href":"https:\/\/goldenhorizontegypt.com\/de\/wp-json\/wp\/v2\/types\/product"}],"replies":[{"embeddable":true,"href":"https:\/\/goldenhorizontegypt.com\/de\/wp-json\/wp\/v2\/comments?post=9829"}],"wp:featuredmedia":[{"embeddable":true,"href":"https:\/\/goldenhorizontegypt.com\/de\/wp-json\/wp\/v2\/media\/9835"}],"wp:attachment":[{"href":"https:\/\/goldenhorizontegypt.com\/de\/wp-json\/wp\/v2\/media?parent=9829"}],"wp:term":[{"taxonomy":"product_brand","embeddable":true,"href":"https:\/\/goldenhorizontegypt.com\/de\/wp-json\/wp\/v2\/product_brand?post=9829"},{"taxonomy":"product_cat","embeddable":true,"href":"https:\/\/goldenhorizontegypt.com\/de\/wp-json\/wp\/v2\/product_cat?post=9829"},{"taxonomy":"product_tag","embeddable":true,"href":"https:\/\/goldenhorizontegypt.com\/de\/wp-json\/wp\/v2\/product_tag?post=9829"}],"curies":[{"name":"wp","href":"https:\/\/api.w.org\/{rel}","templated":true}]}}