{"id":11763,"date":"2026-02-12T15:03:13","date_gmt":"2026-02-12T15:03:13","guid":{"rendered":"https:\/\/goldenhorizontegypt.com\/?post_type=product&#038;p=11763"},"modified":"2026-02-12T15:09:27","modified_gmt":"2026-02-12T15:09:27","slug":"%f0%9f%8c%b4%f0%9f%91%91-golden-crown-of-the-nile-aswan-royal-escape-%f0%9f%91%91%f0%9f%8c%b4%f0%9f%8c%85%e2%9c%a8-aswan-where-the-nile-whispers-peace-and-history-lives-forever","status":"publish","type":"product","link":"https:\/\/goldenhorizontegypt.com\/de\/produkt\/%f0%9f%8c%b4%f0%9f%91%91-golden-crown-of-the-nile-aswan-royal-escape-%f0%9f%91%91%f0%9f%8c%b4%f0%9f%8c%85%e2%9c%a8-aswan-where-the-nile-whispers-peace-and-history-lives-forever\/","title":{"rendered":"\ud83c\udf34\ud83d\udc51 Goldene Krone des Nils - Aswan Royal Escape \ud83d\udc51\ud83c\udf34"},"content":{"rendered":"<p data-start=\"152\" data-end=\"228\">\ud83c\udf05\u2728 <strong data-start=\"156\" data-end=\"222\">Assuan... Wo der Nil Frieden fl\u00fcstert und die Geschichte ewig lebt<\/strong> \u2728\ud83c\udf0a<\/p>\n<p data-start=\"230\" data-end=\"357\">Entfliehen Sie in den magischen S\u00fcden \u00c4gyptens, wo die Sonne w\u00e4rmer scheint, der Nil ruhiger flie\u00dft und die Geschichte n\u00e4her ist als je zuvor.<\/p>\n<p data-start=\"359\" data-end=\"513\">Eine Reise nach Assuan ist nicht einfach nur eine Tour - es ist eine raffinierte Erfahrung, die atemberaubende Landschaften, zeitlose Tempel und authentischen \u00e4gyptischen Charme miteinander verbindet. \ud83c\uddea\ud83c\uddec\ud83d\udc9b<\/p>\n<p data-start=\"515\" data-end=\"682\">Segeln Sie an smaragdgr\u00fcnen Inseln vorbei, beobachten Sie, wie traditionelle Feluken \u00fcber den Fluss gleiten, und sp\u00fcren Sie die Gelassenheit, die Assuan zu einem der bezauberndsten Reiseziele \u00c4gyptens macht. \ud83c\udf34\u26f5<\/p>\n<hr data-start=\"684\" data-end=\"687\" \/>\n<h2 data-start=\"689\" data-end=\"735\">\ud83c\udf1f Vorgeschlagene Reiseroute (Vollst\u00e4ndig anpassbar)<\/h2>\n<h3 data-start=\"737\" data-end=\"760\">\ud83c\udfdb\ufe0f Philae-Tempel<\/h3>\n<p data-start=\"761\" data-end=\"907\">Der heilige Tempel der Isis, G\u00f6ttin der Liebe und Hingabe \ud83d\udc95<br data-start=\"819\" data-end=\"822\" \/>Das Hotel liegt auf einer malerischen Insel und ist mit dem Boot zu erreichen - ein magisches und romantisches Erlebnis.<\/p>\n<hr data-start=\"909\" data-end=\"912\" \/>\n<h3 data-start=\"914\" data-end=\"935\">\u2699\ufe0f Der Hochdamm<\/h3>\n<p data-start=\"936\" data-end=\"1030\">Ein Symbol des modernen \u00c4gyptens und eine der gr\u00f6\u00dften Ingenieurleistungen des 20. Jahrhunderts.<\/p>\n<hr data-start=\"1032\" data-end=\"1035\" \/>\n<h3 data-start=\"1037\" data-end=\"1072\">\ud83c\udfdd\ufe0f Nubisches Dorf erleben<\/h3>\n<p data-start=\"1073\" data-end=\"1229\">Entdecken Sie leuchtende Farben, herzliche Gastfreundschaft und die einzigartige nubische Kultur \ud83d\udc99<br data-start=\"1144\" data-end=\"1147\" \/>Ein fr\u00f6hlicher kultureller Besuch mit authentischen Traditionen und unvergesslichen Fotos.<\/p>\n<hr data-start=\"1231\" data-end=\"1234\" \/>\n<h3 data-start=\"1236\" data-end=\"1275\">\ud83c\udfd4\ufe0f Tempel von Abu Simbel (fakultativ)<\/h3>\n<p data-start=\"1276\" data-end=\"1423\">Das kolossale Meisterwerk von Ramses II, direkt in den Berghang gehauen \ud83d\udc51<br data-start=\"1355\" data-end=\"1358\" \/>Ein atemberaubender Anblick, der Macht, Erhabenheit und Ewigkeit widerspiegelt.<\/p>\n<hr data-start=\"1425\" data-end=\"1428\" \/>\n<h3 data-start=\"1430\" data-end=\"1458\">\ud83c\udf05 Felucca-Fahrt bei Sonnenuntergang<\/h3>\n<p data-start=\"1459\" data-end=\"1551\">Entspannen Sie sich bei einer ruhigen Fahrt auf dem Nil, w\u00e4hrend die goldene Sonne \u00fcber den ruhigen Gew\u00e4ssern von Assuan untergeht.<\/p>\n<hr data-start=\"1553\" data-end=\"1556\" \/>\n<h2 data-start=\"1558\" data-end=\"1579\">\ud83d\udc8e H\u00f6hepunkte der Reise<\/h2>\n<p data-start=\"1581\" data-end=\"1828\">\u2728 Flexibles, auf Ihre Bed\u00fcrfnisse zugeschnittenes Programm<br data-start=\"1628\" data-end=\"1631\" \/>\u2728 Gef\u00fchrt von einem professionellen \u00c4gyptologen<br data-start=\"1670\" data-end=\"1673\" \/>\u2728 Bequeme private, klimatisierte Transfers<br data-start=\"1720\" data-end=\"1723\" \/>\u2728 Optionale Luxus-Zusatzleistungen und Premium-Erlebnisse<br data-start=\"1772\" data-end=\"1775\" \/>\u2728 Perfekte Atmosph\u00e4re zum Entspannen und Fotografieren<\/p>\n<hr data-start=\"1830\" data-end=\"1833\" \/>\n<p data-start=\"1835\" data-end=\"2044\">\ud83c\udf1e <strong data-start=\"1838\" data-end=\"1890\">Assuan ist nicht nur eine Stadt... es ist ein Staat des Friedens.<\/strong><br data-start=\"1890\" data-end=\"1893\" \/>Wo jeder Windhauch uralte Geschichten tr\u00e4gt, jeder Sonnenuntergang den Himmel in Gold f\u00e4rbt und jeder Augenblick Sie mit dem zeitlosen Geist \u00c4gyptens verbindet. \ud83c\uddea\ud83c\uddec\u2728<\/p>\n<h3 data-start=\"2198\" data-end=\"2225\"><\/h3>\n<div id=\"gtx-trans\" style=\"position: absolute; left: 230px; top: 47.8px;\">\n<div class=\"gtx-trans-icon\"><\/div>\n<\/div>\n<div id=\"gtx-trans\" style=\"position: absolute; left: 230px; top: 47.8px;\">\n<div class=\"gtx-trans-icon\"><\/div>\n<\/div>","protected":false},"excerpt":{"rendered":"<p>\ud83c\udf05\u2728 Aswan\u2026 Where the Nile Whispers Peace and History Lives Forever \u2728\ud83c\udf0a Escape to the magical south of Egypt, where the sun shines warmer, the Nile flows calmer, and history feels closer than ever. An Aswan journey is not just a tour \u2014 it\u2019s a refined experience blending breathtaking landscapes, timeless temples, and authentic Egyptian [&hellip;]<\/p>\n","protected":false},"featured_media":11746,"comment_status":"open","ping_status":"closed","template":"","meta":[],"product_brand":[],"product_cat":[84],"product_tag":[],"class_list":{"0":"post-11763","1":"product","2":"type-product","3":"status-publish","4":"has-post-thumbnail","6":"product_cat-aswan","8":"first","9":"instock","10":"shipping-taxable","11":"product-type-ovabrw_car_rental"},"yoast_head":"<!-- This site is optimized with the Yoast SEO plugin v27.5 - https:\/\/yoast.com\/product\/yoast-seo-wordpress\/ -->\n<title>\ud83c\udf34\ud83d\udc51 Golden Crown of the Nile \u2013 Aswan Royal Escape \ud83d\udc51\ud83c\udf34 - Golden Horizont Egypt<\/title>\n<meta name=\"robots\" content=\"index, follow, max-snippet:-1, max-image-preview:large, max-video-preview:-1\" \/>\n<link rel=\"canonical\" href=\"https:\/\/goldenhorizontegypt.com\/de\/produkt\/\ud83c\udf34\ud83d\udc51-golden-crown-of-the-nile-aswan-royal-escape-\ud83d\udc51\ud83c\udf34\ud83c\udf05\u2728-aswan-where-the-nile-whispers-peace-and-history-lives-forever\/\" \/>\n<meta property=\"og:locale\" content=\"de_DE\" \/>\n<meta property=\"og:type\" content=\"article\" \/>\n<meta property=\"og:title\" content=\"\ud83c\udf34\ud83d\udc51 Golden Crown of the Nile \u2013 Aswan Royal Escape \ud83d\udc51\ud83c\udf34 - Golden Horizont Egypt\" \/>\n<meta property=\"og:description\" content=\"\ud83c\udf05\u2728 Aswan\u2026 Where the Nile Whispers Peace and History Lives Forever \u2728\ud83c\udf0a Escape to the magical south of Egypt, where the sun shines warmer, the Nile flows calmer, and history feels closer than ever. An Aswan journey is not just a tour \u2014 it\u2019s a refined experience blending breathtaking landscapes, timeless temples, and authentic Egyptian [&hellip;]\" \/>\n<meta property=\"og:url\" content=\"https:\/\/goldenhorizontegypt.com\/de\/produkt\/\ud83c\udf34\ud83d\udc51-golden-crown-of-the-nile-aswan-royal-escape-\ud83d\udc51\ud83c\udf34\ud83c\udf05\u2728-aswan-where-the-nile-whispers-peace-and-history-lives-forever\/\" \/>\n<meta property=\"og:site_name\" content=\"Golden Horizont Egypt\" \/>\n<meta property=\"article:modified_time\" content=\"2026-02-12T15:09:27+00:00\" \/>\n<meta property=\"og:image\" content=\"https:\/\/goldenhorizontegypt.com\/wp-content\/uploads\/2026\/02\/IMG-20260212-WA0029-e1770908632870.jpg\" \/>\n\t<meta property=\"og:image:width\" content=\"1160\" \/>\n\t<meta property=\"og:image:height\" content=\"770\" \/>\n\t<meta property=\"og:image:type\" content=\"image\/jpeg\" \/>\n<meta name=\"twitter:card\" content=\"summary_large_image\" \/>\n<meta name=\"twitter:label1\" content=\"Gesch\u00e4tzte Lesezeit\" \/>\n\t<meta name=\"twitter:data1\" content=\"1\u00a0Minute\" \/>\n<script type=\"application\/ld+json\" class=\"yoast-schema-graph\">{\"@context\":\"https:\\\/\\\/schema.org\",\"@graph\":[{\"@type\":\"WebPage\",\"@id\":\"https:\\\/\\\/goldenhorizontegypt.com\\\/product\\\/%f0%9f%8c%b4%f0%9f%91%91-golden-crown-of-the-nile-aswan-royal-escape-%f0%9f%91%91%f0%9f%8c%b4%f0%9f%8c%85%e2%9c%a8-aswan-where-the-nile-whispers-peace-and-history-lives-forever\\\/\",\"url\":\"https:\\\/\\\/goldenhorizontegypt.com\\\/product\\\/%f0%9f%8c%b4%f0%9f%91%91-golden-crown-of-the-nile-aswan-royal-escape-%f0%9f%91%91%f0%9f%8c%b4%f0%9f%8c%85%e2%9c%a8-aswan-where-the-nile-whispers-peace-and-history-lives-forever\\\/\",\"name\":\"\ud83c\udf34\ud83d\udc51 Golden Crown of the Nile \u2013 Aswan Royal Escape \ud83d\udc51\ud83c\udf34 - Golden Horizont Egypt\",\"isPartOf\":{\"@id\":\"https:\\\/\\\/goldenhorizontegypt.com\\\/#website\"},\"primaryImageOfPage\":{\"@id\":\"https:\\\/\\\/goldenhorizontegypt.com\\\/product\\\/%f0%9f%8c%b4%f0%9f%91%91-golden-crown-of-the-nile-aswan-royal-escape-%f0%9f%91%91%f0%9f%8c%b4%f0%9f%8c%85%e2%9c%a8-aswan-where-the-nile-whispers-peace-and-history-lives-forever\\\/#primaryimage\"},\"image\":{\"@id\":\"https:\\\/\\\/goldenhorizontegypt.com\\\/product\\\/%f0%9f%8c%b4%f0%9f%91%91-golden-crown-of-the-nile-aswan-royal-escape-%f0%9f%91%91%f0%9f%8c%b4%f0%9f%8c%85%e2%9c%a8-aswan-where-the-nile-whispers-peace-and-history-lives-forever\\\/#primaryimage\"},\"thumbnailUrl\":\"https:\\\/\\\/goldenhorizontegypt.com\\\/wp-content\\\/uploads\\\/2026\\\/02\\\/IMG-20260212-WA0029-e1770908632870.jpg\",\"datePublished\":\"2026-02-12T15:03:13+00:00\",\"dateModified\":\"2026-02-12T15:09:27+00:00\",\"breadcrumb\":{\"@id\":\"https:\\\/\\\/goldenhorizontegypt.com\\\/product\\\/%f0%9f%8c%b4%f0%9f%91%91-golden-crown-of-the-nile-aswan-royal-escape-%f0%9f%91%91%f0%9f%8c%b4%f0%9f%8c%85%e2%9c%a8-aswan-where-the-nile-whispers-peace-and-history-lives-forever\\\/#breadcrumb\"},\"inLanguage\":\"de\",\"potentialAction\":[{\"@type\":\"ReadAction\",\"target\":[\"https:\\\/\\\/goldenhorizontegypt.com\\\/product\\\/%f0%9f%8c%b4%f0%9f%91%91-golden-crown-of-the-nile-aswan-royal-escape-%f0%9f%91%91%f0%9f%8c%b4%f0%9f%8c%85%e2%9c%a8-aswan-where-the-nile-whispers-peace-and-history-lives-forever\\\/\"]}]},{\"@type\":\"ImageObject\",\"inLanguage\":\"de\",\"@id\":\"https:\\\/\\\/goldenhorizontegypt.com\\\/product\\\/%f0%9f%8c%b4%f0%9f%91%91-golden-crown-of-the-nile-aswan-royal-escape-%f0%9f%91%91%f0%9f%8c%b4%f0%9f%8c%85%e2%9c%a8-aswan-where-the-nile-whispers-peace-and-history-lives-forever\\\/#primaryimage\",\"url\":\"https:\\\/\\\/goldenhorizontegypt.com\\\/wp-content\\\/uploads\\\/2026\\\/02\\\/IMG-20260212-WA0029-e1770908632870.jpg\",\"contentUrl\":\"https:\\\/\\\/goldenhorizontegypt.com\\\/wp-content\\\/uploads\\\/2026\\\/02\\\/IMG-20260212-WA0029-e1770908632870.jpg\",\"width\":1160,\"height\":770},{\"@type\":\"BreadcrumbList\",\"@id\":\"https:\\\/\\\/goldenhorizontegypt.com\\\/product\\\/%f0%9f%8c%b4%f0%9f%91%91-golden-crown-of-the-nile-aswan-royal-escape-%f0%9f%91%91%f0%9f%8c%b4%f0%9f%8c%85%e2%9c%a8-aswan-where-the-nile-whispers-peace-and-history-lives-forever\\\/#breadcrumb\",\"itemListElement\":[{\"@type\":\"ListItem\",\"position\":1,\"name\":\"Home\",\"item\":\"https:\\\/\\\/goldenhorizontegypt.com\\\/\"},{\"@type\":\"ListItem\",\"position\":2,\"name\":\"Shop\",\"item\":\"https:\\\/\\\/goldenhorizontegypt.com\\\/shop\\\/\"},{\"@type\":\"ListItem\",\"position\":3,\"name\":\"\ud83c\udf34\ud83d\udc51 Golden Crown of the Nile \u2013 Aswan Royal Escape \ud83d\udc51\ud83c\udf34\"}]},{\"@type\":\"WebSite\",\"@id\":\"https:\\\/\\\/goldenhorizontegypt.com\\\/#website\",\"url\":\"https:\\\/\\\/goldenhorizontegypt.com\\\/\",\"name\":\"Golden Horizont Egypt\",\"description\":\"\",\"potentialAction\":[{\"@type\":\"SearchAction\",\"target\":{\"@type\":\"EntryPoint\",\"urlTemplate\":\"https:\\\/\\\/goldenhorizontegypt.com\\\/?s={search_term_string}\"},\"query-input\":{\"@type\":\"PropertyValueSpecification\",\"valueRequired\":true,\"valueName\":\"search_term_string\"}}],\"inLanguage\":\"de\"}]}<\/script>\n<!-- \/ Yoast SEO plugin. -->","yoast_head_json":{"title":"\ud83c\udf34\ud83d\udc51 Golden Crown of the Nile \u2013 Aswan Royal Escape \ud83d\udc51\ud83c\udf34 - Golden Horizont Egypt","robots":{"index":"index","follow":"follow","max-snippet":"max-snippet:-1","max-image-preview":"max-image-preview:large","max-video-preview":"max-video-preview:-1"},"canonical":"https:\/\/goldenhorizontegypt.com\/de\/produkt\/\ud83c\udf34\ud83d\udc51-golden-crown-of-the-nile-aswan-royal-escape-\ud83d\udc51\ud83c\udf34\ud83c\udf05\u2728-aswan-where-the-nile-whispers-peace-and-history-lives-forever\/","og_locale":"de_DE","og_type":"article","og_title":"\ud83c\udf34\ud83d\udc51 Golden Crown of the Nile \u2013 Aswan Royal Escape \ud83d\udc51\ud83c\udf34 - Golden Horizont Egypt","og_description":"\ud83c\udf05\u2728 Aswan\u2026 Where the Nile Whispers Peace and History Lives Forever \u2728\ud83c\udf0a Escape to the magical south of Egypt, where the sun shines warmer, the Nile flows calmer, and history feels closer than ever. An Aswan journey is not just a tour \u2014 it\u2019s a refined experience blending breathtaking landscapes, timeless temples, and authentic Egyptian [&hellip;]","og_url":"https:\/\/goldenhorizontegypt.com\/de\/produkt\/\ud83c\udf34\ud83d\udc51-golden-crown-of-the-nile-aswan-royal-escape-\ud83d\udc51\ud83c\udf34\ud83c\udf05\u2728-aswan-where-the-nile-whispers-peace-and-history-lives-forever\/","og_site_name":"Golden Horizont Egypt","article_modified_time":"2026-02-12T15:09:27+00:00","og_image":[{"width":1160,"height":770,"url":"https:\/\/goldenhorizontegypt.com\/wp-content\/uploads\/2026\/02\/IMG-20260212-WA0029-e1770908632870.jpg","type":"image\/jpeg"}],"twitter_card":"summary_large_image","twitter_misc":{"Gesch\u00e4tzte Lesezeit":"1\u00a0Minute"},"schema":{"@context":"https:\/\/schema.org","@graph":[{"@type":"WebPage","@id":"https:\/\/goldenhorizontegypt.com\/product\/%f0%9f%8c%b4%f0%9f%91%91-golden-crown-of-the-nile-aswan-royal-escape-%f0%9f%91%91%f0%9f%8c%b4%f0%9f%8c%85%e2%9c%a8-aswan-where-the-nile-whispers-peace-and-history-lives-forever\/","url":"https:\/\/goldenhorizontegypt.com\/product\/%f0%9f%8c%b4%f0%9f%91%91-golden-crown-of-the-nile-aswan-royal-escape-%f0%9f%91%91%f0%9f%8c%b4%f0%9f%8c%85%e2%9c%a8-aswan-where-the-nile-whispers-peace-and-history-lives-forever\/","name":"\ud83c\udf34\ud83d\udc51 Golden Crown of the Nile \u2013 Aswan Royal Escape \ud83d\udc51\ud83c\udf34 - Golden Horizont Egypt","isPartOf":{"@id":"https:\/\/goldenhorizontegypt.com\/#website"},"primaryImageOfPage":{"@id":"https:\/\/goldenhorizontegypt.com\/product\/%f0%9f%8c%b4%f0%9f%91%91-golden-crown-of-the-nile-aswan-royal-escape-%f0%9f%91%91%f0%9f%8c%b4%f0%9f%8c%85%e2%9c%a8-aswan-where-the-nile-whispers-peace-and-history-lives-forever\/#primaryimage"},"image":{"@id":"https:\/\/goldenhorizontegypt.com\/product\/%f0%9f%8c%b4%f0%9f%91%91-golden-crown-of-the-nile-aswan-royal-escape-%f0%9f%91%91%f0%9f%8c%b4%f0%9f%8c%85%e2%9c%a8-aswan-where-the-nile-whispers-peace-and-history-lives-forever\/#primaryimage"},"thumbnailUrl":"https:\/\/goldenhorizontegypt.com\/wp-content\/uploads\/2026\/02\/IMG-20260212-WA0029-e1770908632870.jpg","datePublished":"2026-02-12T15:03:13+00:00","dateModified":"2026-02-12T15:09:27+00:00","breadcrumb":{"@id":"https:\/\/goldenhorizontegypt.com\/product\/%f0%9f%8c%b4%f0%9f%91%91-golden-crown-of-the-nile-aswan-royal-escape-%f0%9f%91%91%f0%9f%8c%b4%f0%9f%8c%85%e2%9c%a8-aswan-where-the-nile-whispers-peace-and-history-lives-forever\/#breadcrumb"},"inLanguage":"de","potentialAction":[{"@type":"ReadAction","target":["https:\/\/goldenhorizontegypt.com\/product\/%f0%9f%8c%b4%f0%9f%91%91-golden-crown-of-the-nile-aswan-royal-escape-%f0%9f%91%91%f0%9f%8c%b4%f0%9f%8c%85%e2%9c%a8-aswan-where-the-nile-whispers-peace-and-history-lives-forever\/"]}]},{"@type":"ImageObject","inLanguage":"de","@id":"https:\/\/goldenhorizontegypt.com\/product\/%f0%9f%8c%b4%f0%9f%91%91-golden-crown-of-the-nile-aswan-royal-escape-%f0%9f%91%91%f0%9f%8c%b4%f0%9f%8c%85%e2%9c%a8-aswan-where-the-nile-whispers-peace-and-history-lives-forever\/#primaryimage","url":"https:\/\/goldenhorizontegypt.com\/wp-content\/uploads\/2026\/02\/IMG-20260212-WA0029-e1770908632870.jpg","contentUrl":"https:\/\/goldenhorizontegypt.com\/wp-content\/uploads\/2026\/02\/IMG-20260212-WA0029-e1770908632870.jpg","width":1160,"height":770},{"@type":"BreadcrumbList","@id":"https:\/\/goldenhorizontegypt.com\/product\/%f0%9f%8c%b4%f0%9f%91%91-golden-crown-of-the-nile-aswan-royal-escape-%f0%9f%91%91%f0%9f%8c%b4%f0%9f%8c%85%e2%9c%a8-aswan-where-the-nile-whispers-peace-and-history-lives-forever\/#breadcrumb","itemListElement":[{"@type":"ListItem","position":1,"name":"Home","item":"https:\/\/goldenhorizontegypt.com\/"},{"@type":"ListItem","position":2,"name":"Shop","item":"https:\/\/goldenhorizontegypt.com\/shop\/"},{"@type":"ListItem","position":3,"name":"\ud83c\udf34\ud83d\udc51 Golden Crown of the Nile \u2013 Aswan Royal Escape \ud83d\udc51\ud83c\udf34"}]},{"@type":"WebSite","@id":"https:\/\/goldenhorizontegypt.com\/#website","url":"https:\/\/goldenhorizontegypt.com\/","name":"Goldener Horizont \u00c4gypten","description":"","potentialAction":[{"@type":"SearchAction","target":{"@type":"EntryPoint","urlTemplate":"https:\/\/goldenhorizontegypt.com\/?s={search_term_string}"},"query-input":{"@type":"PropertyValueSpecification","valueRequired":true,"valueName":"search_term_string"}}],"inLanguage":"de"}]}},"_links":{"self":[{"href":"https:\/\/goldenhorizontegypt.com\/de\/wp-json\/wp\/v2\/product\/11763","targetHints":{"allow":["GET"]}}],"collection":[{"href":"https:\/\/goldenhorizontegypt.com\/de\/wp-json\/wp\/v2\/product"}],"about":[{"href":"https:\/\/goldenhorizontegypt.com\/de\/wp-json\/wp\/v2\/types\/product"}],"replies":[{"embeddable":true,"href":"https:\/\/goldenhorizontegypt.com\/de\/wp-json\/wp\/v2\/comments?post=11763"}],"wp:featuredmedia":[{"embeddable":true,"href":"https:\/\/goldenhorizontegypt.com\/de\/wp-json\/wp\/v2\/media\/11746"}],"wp:attachment":[{"href":"https:\/\/goldenhorizontegypt.com\/de\/wp-json\/wp\/v2\/media?parent=11763"}],"wp:term":[{"taxonomy":"product_brand","embeddable":true,"href":"https:\/\/goldenhorizontegypt.com\/de\/wp-json\/wp\/v2\/product_brand?post=11763"},{"taxonomy":"product_cat","embeddable":true,"href":"https:\/\/goldenhorizontegypt.com\/de\/wp-json\/wp\/v2\/product_cat?post=11763"},{"taxonomy":"product_tag","embeddable":true,"href":"https:\/\/goldenhorizontegypt.com\/de\/wp-json\/wp\/v2\/product_tag?post=11763"}],"curies":[{"name":"wp","href":"https:\/\/api.w.org\/{rel}","templated":true}]}}