{"id":10113,"date":"2025-09-08T11:25:13","date_gmt":"2025-09-08T11:25:13","guid":{"rendered":"https:\/\/goldenhorizontegypt.com\/?post_type=product&#038;p=10113"},"modified":"2025-11-28T14:59:55","modified_gmt":"2025-11-28T14:59:55","slug":"spa-and-massage","status":"publish","type":"product","link":"https:\/\/goldenhorizontegypt.com\/de\/produkt\/spa-and-massage\/","title":{"rendered":"K\u00f6nigliches Spa-Erlebnis: Entspannen, erfrischen und verj\u00fcngen"},"content":{"rendered":"<p data-start=\"98\" data-end=\"156\"><strong data-start=\"98\" data-end=\"154\">\ud83d\udc86\u200d\u2642\ufe0f Escape to Serenity - Spa &amp; Massage Experience!<\/strong><\/p>\n<p data-start=\"92\" data-end=\"326\"><strong data-start=\"92\" data-end=\"141\">\ud83d\udc86\ud83c\udffb\u200d\u2640\ufe0f Ultimative Entspannungs- und Wellness-Flucht<\/strong><br data-start=\"141\" data-end=\"144\" \/>Lassen Sie sich in unserer ruhigen Wellness-Oase verw\u00f6hnen. Ein komplettes Programm, das Ihren K\u00f6rper verj\u00fcngt und Ihren Geist beruhigt - perfekt f\u00fcr Alleinreisende oder Paare, die pure Entspannung suchen.<\/p>\n<p data-start=\"328\" data-end=\"392\"><strong data-start=\"328\" data-end=\"352\">\u2728 \u00c4gypten Royal Spa<\/strong><br data-start=\"352\" data-end=\"355\" \/>\ud83e\uddd6\u200d\u2640\ufe0f <strong data-start=\"361\" data-end=\"390\">Das komplette Erlebnis umfasst:<\/strong><\/p>\n<ul data-start=\"393\" data-end=\"571\">\n<li data-start=\"393\" data-end=\"427\">\n<p data-start=\"395\" data-end=\"427\">Sauna &amp; Dampfbad \/ Salzgrotte<\/p>\n<\/li>\n<li data-start=\"428\" data-end=\"464\">\n<p data-start=\"430\" data-end=\"464\">Komplettes Peeling f\u00fcr Gesicht und K\u00f6rper<\/p>\n<\/li>\n<li data-start=\"465\" data-end=\"489\">\n<p data-start=\"467\" data-end=\"489\">Entspannendes Schaumbad<\/p>\n<\/li>\n<li data-start=\"490\" data-end=\"535\">\n<p data-start=\"492\" data-end=\"535\">Seifenmassage \/ Jacuzzi mit frischen Fr\u00fcchten<\/p>\n<\/li>\n<li data-start=\"536\" data-end=\"571\">\n<p data-start=\"538\" data-end=\"571\">Gesichtsmaske \/ Ganzk\u00f6rpermassage<\/p>\n<\/li>\n<\/ul>\n<p data-start=\"573\" data-end=\"593\">\ud83c\udf1f <strong data-start=\"576\" data-end=\"591\">H\u00f6hepunkte:<\/strong><\/p>\n<ul data-start=\"594\" data-end=\"714\">\n<li data-start=\"594\" data-end=\"633\">\n<p data-start=\"596\" data-end=\"633\">2\u00bd Stunden ununterbrochenes Verw\u00f6hnprogramm<\/p>\n<\/li>\n<li data-start=\"634\" data-end=\"684\">\n<p data-start=\"636\" data-end=\"684\">Ideal f\u00fcr Paare oder Freunde, die sich entspannen m\u00f6chten<\/p>\n<\/li>\n<li data-start=\"685\" data-end=\"714\">\n<p data-start=\"687\" data-end=\"714\">Komplette Gesichts- und K\u00f6rperpflege<\/p>\n<\/li>\n<\/ul>\n<p data-start=\"716\" data-end=\"780\"><strong data-start=\"716\" data-end=\"740\">\u2728 \u00c4gypten Royal VIP\u00a0<\/strong><br data-start=\"740\" data-end=\"743\" \/>\ud83e\uddd6\u200d\u2640\ufe0f <strong data-start=\"749\" data-end=\"778\">Das komplette Erlebnis umfasst:<\/strong><\/p>\n<ul data-start=\"781\" data-end=\"1016\">\n<li data-start=\"781\" data-end=\"830\">\n<p data-start=\"783\" data-end=\"830\">Sauna, Dampfbad und Jacuzzi mit frischen Fr\u00fcchten<\/p>\n<\/li>\n<li data-start=\"831\" data-end=\"867\">\n<p data-start=\"833\" data-end=\"867\">Salzgrotte \/ Entspannendes Sprudelbad<\/p>\n<\/li>\n<li data-start=\"868\" data-end=\"900\">\n<p data-start=\"870\" data-end=\"900\">K\u00f6rperpeeling mit Kokosnuss oder Kaffee<\/p>\n<\/li>\n<li data-start=\"901\" data-end=\"918\">\n<p data-start=\"903\" data-end=\"918\">Seifige Massage<\/p>\n<\/li>\n<li data-start=\"919\" data-end=\"965\">\n<p data-start=\"921\" data-end=\"965\">Hand- und Fu\u00dfpeeling mit Salz aus dem Toten Meer<\/p>\n<\/li>\n<li data-start=\"966\" data-end=\"994\">\n<p data-start=\"968\" data-end=\"994\">Schokoladen-Gesichtsmaske \ud83c\udf6b<\/p>\n<\/li>\n<li data-start=\"995\" data-end=\"1016\">\n<p data-start=\"997\" data-end=\"1016\">Ganzk\u00f6rpermassage<\/p>\n<\/li>\n<\/ul>\n<p data-start=\"1018\" data-end=\"1038\">\ud83c\udf1f <strong data-start=\"1021\" data-end=\"1036\">H\u00f6hepunkte:<\/strong><\/p>\n<ul data-start=\"1039\" data-end=\"1109\">\n<li data-start=\"1039\" data-end=\"1079\">\n<p data-start=\"1041\" data-end=\"1079\">2\u00bd Stunden ununterbrochenen Genusses<\/p>\n<\/li>\n<li data-start=\"1080\" data-end=\"1109\">\n<p data-start=\"1082\" data-end=\"1109\">Komplette Gesichts- und K\u00f6rperpflege<\/p>\n<\/li>\n<\/ul>\n<p data-start=\"1111\" data-end=\"1135\"><strong data-start=\"1111\" data-end=\"1133\">\ud83d\udcdd Wichtige Informationen:<\/strong><\/p>\n<ul data-start=\"1136\" data-end=\"1251\">\n<li data-start=\"1136\" data-end=\"1196\">\n<p data-start=\"1138\" data-end=\"1196\">Die gleichen Programme sind auch in einem privaten Format verf\u00fcgbar.<\/p>\n<\/li>\n<li data-start=\"1197\" data-end=\"1251\">\n<p data-start=\"1199\" data-end=\"1251\">Der Spa-Bereich ist gemischt und wird gemeinsam genutzt; die Massagen sind privat<\/p>\n<\/li>\n<\/ul>\n<p data-start=\"1535\" data-end=\"1557\"><strong data-start=\"1535\" data-end=\"1555\">Details zum Programm:<\/strong><\/p>\n<ul data-start=\"1558\" data-end=\"1732\">\n<li data-start=\"1558\" data-end=\"1591\">\n<p data-start=\"1560\" data-end=\"1591\">Vormittags- oder Nachmittagssitzungen<\/p>\n<\/li>\n<li data-start=\"1592\" data-end=\"1627\">\n<p data-start=\"1594\" data-end=\"1627\">Dauer: ca. 2 Stunden<\/p>\n<\/li>\n<li data-start=\"1628\" data-end=\"1660\">\n<p data-start=\"1630\" data-end=\"1660\">Hammam, Sauna, gemischtes Jacuzzi<\/p>\n<\/li>\n<li data-start=\"1661\" data-end=\"1696\">\n<p data-start=\"1663\" data-end=\"1696\">Schaummassage, K\u00f6rperpeeling &amp; Packung<\/p>\n<\/li>\n<li data-start=\"1697\" data-end=\"1732\">\n<p data-start=\"1699\" data-end=\"1732\">30-min\u00fctige Gesichtsmaske &amp; Massage<\/p>\n<\/li>\n<\/ul>\n<p data-start=\"1734\" data-end=\"1757\"><strong data-start=\"1734\" data-end=\"1755\">Enthaltene Optionen:<\/strong><\/p>\n<ul data-start=\"1758\" data-end=\"1809\">\n<li data-start=\"1758\" data-end=\"1787\">\n<p data-start=\"1760\" data-end=\"1787\">Hoteltransfer (Hin- und R\u00fcckfahrt)<\/p>\n<\/li>\n<li data-start=\"1788\" data-end=\"1809\">\n<p data-start=\"1790\" data-end=\"1809\">Erfrischende Getr\u00e4nke<\/p>\n<\/li>\n<\/ul>\n<p data-start=\"1443\" data-end=\"1665\">Ob Sie suchen <strong data-start=\"1460\" data-end=\"1479\">Tiefenentspannung<\/strong>, <strong data-start=\"1481\" data-end=\"1498\">Stressabbau<\/strong>, oder einfach einen Moment, um mit sich selbst in Kontakt zu kommen, unser <strong data-start=\"1551\" data-end=\"1579\">Spa &amp; Massage Erfahrung<\/strong> verspricht, dass Sie das Gef\u00fchl haben <strong data-start=\"1610\" data-end=\"1662\">erneuert, erfrischt und vollst\u00e4ndig revitalisiert \u2728<\/strong>.<\/p>\n<p data-start=\"1443\" data-end=\"1665\"><strong data-start=\"1253\" data-end=\"1276\">\ud83e\udd11 Preise f\u00fcr Aktivit\u00e4ten:<\/strong><\/p>\n<table style=\"height: 108px;\" width=\"795\">\n<tbody>\n<tr>\n<td width=\"126\"><strong>\u00a0\u20ac\u00a0\u00a0\u00a0 30.00<\/strong><\/td>\n<td width=\"307\"><strong>\u00e4gypten royal spa<\/strong><\/td>\n<\/tr>\n<tr>\n<td><strong>\u00a0\u20ac\u00a0\u00a0\u00a0 35.00<\/strong><\/td>\n<td width=\"307\"><strong>\u00e4gypten royal vip<\/strong><\/td>\n<\/tr>\n<tr>\n<td><strong>\u00a0\u20ac\u00a0\u00a0\u00a0 80.00<\/strong><\/td>\n<td width=\"307\"><strong>\u00e4gypten royal spa Privat<\/strong><\/td>\n<\/tr>\n<tr>\n<td><strong>\u00a0\u20ac\u00a0\u00a0\u00a090.00<\/strong><\/td>\n<td width=\"307\"><strong>\u00e4gypten royal vip Privat<\/strong><\/td>\n<\/tr>\n<\/tbody>\n<\/table>\n<h3 data-start=\"2198\" data-end=\"2225\"><strong data-start=\"2205\" data-end=\"2223\">Die Zahlung in USD ($ \ud83c\uddfa\ud83c\uddf8) anstelle von EUR (\ud83c\uddea\ud83c\uddfa) ist je nach Tageskurs der Bank m\u00f6glich.<\/strong><\/h3>\n<p><strong>Buchen Sie \u00fcber WhatsApp:<\/strong><\/p>\n<p><a href=\"https:\/\/wa.me\/201021058859\" target=\"_blank\" rel=\"noopener\">\u00a0<img decoding=\"async\" class=\"alignnone wp-image-2058\" src=\"https:\/\/poehalisnamiegypt.com\/wp-content\/uploads\/2024\/02\/pngwing.com_-300x300.png\" sizes=\"auto, (max-width: 35px) 100vw, 35px\" srcset=\"https:\/\/poehalisnamiegypt.com\/wp-content\/uploads\/2024\/02\/pngwing.com_-300x300.png 300w, https:\/\/poehalisnamiegypt.com\/wp-content\/uploads\/2024\/02\/pngwing.com_-150x150.png 150w, https:\/\/poehalisnamiegypt.com\/wp-content\/uploads\/2024\/02\/pngwing.com_.png 584w\" alt=\"\" width=\"53\" height=\"53\" \/><\/a><\/p>\n<p>&nbsp;<\/p>","protected":false},"excerpt":{"rendered":"<p>\ud83d\udc86\u200d\u2642\ufe0f Escape to Serenity \u2013 Spa &amp; Massage Experience! \ud83d\udc86\ud83c\udffb\u200d\u2640\ufe0f Ultimate Relaxation &amp; Wellness EscapeIndulge yourself in our serene wellness oasis. A complete program designed to rejuvenate your body and calm your mind\u2014perfect for solo travelers or couples seeking pure relaxation. \u2728\u00a0 Egypt Royal Spa\ud83e\uddd6\u200d\u2640\ufe0f Full Experience Includes: Sauna &amp; steam bath \/ Salt cave [&hellip;]<\/p>\n","protected":false},"featured_media":10118,"comment_status":"open","ping_status":"closed","template":"","meta":[],"product_brand":[],"product_cat":[64],"product_tag":[],"class_list":{"0":"post-10113","1":"product","2":"type-product","3":"status-publish","4":"has-post-thumbnail","6":"product_cat-entertaining","8":"first","9":"instock","10":"shipping-taxable","11":"purchasable","12":"product-type-ovabrw_car_rental"},"yoast_head":"<!-- This site is optimized with the Yoast SEO plugin v27.5 - https:\/\/yoast.com\/product\/yoast-seo-wordpress\/ -->\n<title>Royal Spa Experience: Relax, Refresh &amp; Rejuvenate - Golden Horizont Egypt<\/title>\n<meta name=\"robots\" content=\"index, follow, max-snippet:-1, max-image-preview:large, max-video-preview:-1\" \/>\n<link rel=\"canonical\" href=\"https:\/\/goldenhorizontegypt.com\/de\/produkt\/spa-and-massage\/\" \/>\n<meta property=\"og:locale\" content=\"de_DE\" \/>\n<meta property=\"og:type\" content=\"article\" \/>\n<meta property=\"og:title\" content=\"Royal Spa Experience: Relax, Refresh &amp; Rejuvenate - Golden Horizont Egypt\" \/>\n<meta property=\"og:description\" content=\"\ud83d\udc86\u200d\u2642\ufe0f Escape to Serenity \u2013 Spa &amp; Massage Experience! \ud83d\udc86\ud83c\udffb\u200d\u2640\ufe0f Ultimate Relaxation &amp; Wellness EscapeIndulge yourself in our serene wellness oasis. A complete program designed to rejuvenate your body and calm your mind\u2014perfect for solo travelers or couples seeking pure relaxation. \u2728\u00a0 Egypt Royal Spa\ud83e\uddd6\u200d\u2640\ufe0f Full Experience Includes: Sauna &amp; steam bath \/ Salt cave [&hellip;]\" \/>\n<meta property=\"og:url\" content=\"https:\/\/goldenhorizontegypt.com\/de\/produkt\/spa-and-massage\/\" \/>\n<meta property=\"og:site_name\" content=\"Golden Horizont Egypt\" \/>\n<meta property=\"article:modified_time\" content=\"2025-11-28T14:59:55+00:00\" \/>\n<meta property=\"og:image\" content=\"https:\/\/goldenhorizontegypt.com\/wp-content\/uploads\/2025\/09\/pic1.jpg\" \/>\n\t<meta property=\"og:image:width\" content=\"932\" \/>\n\t<meta property=\"og:image:height\" content=\"623\" \/>\n\t<meta property=\"og:image:type\" content=\"image\/jpeg\" \/>\n<meta name=\"twitter:card\" content=\"summary_large_image\" \/>\n<meta name=\"twitter:label1\" content=\"Gesch\u00e4tzte Lesezeit\" \/>\n\t<meta name=\"twitter:data1\" content=\"1\u00a0Minute\" \/>\n<script type=\"application\/ld+json\" class=\"yoast-schema-graph\">{\"@context\":\"https:\\\/\\\/schema.org\",\"@graph\":[{\"@type\":\"WebPage\",\"@id\":\"https:\\\/\\\/goldenhorizontegypt.com\\\/product\\\/spa-and-massage\\\/\",\"url\":\"https:\\\/\\\/goldenhorizontegypt.com\\\/product\\\/spa-and-massage\\\/\",\"name\":\"Royal Spa Experience: Relax, Refresh & Rejuvenate - Golden Horizont Egypt\",\"isPartOf\":{\"@id\":\"https:\\\/\\\/goldenhorizontegypt.com\\\/#website\"},\"primaryImageOfPage\":{\"@id\":\"https:\\\/\\\/goldenhorizontegypt.com\\\/product\\\/spa-and-massage\\\/#primaryimage\"},\"image\":{\"@id\":\"https:\\\/\\\/goldenhorizontegypt.com\\\/product\\\/spa-and-massage\\\/#primaryimage\"},\"thumbnailUrl\":\"https:\\\/\\\/goldenhorizontegypt.com\\\/wp-content\\\/uploads\\\/2025\\\/09\\\/pic1.jpg\",\"datePublished\":\"2025-09-08T11:25:13+00:00\",\"dateModified\":\"2025-11-28T14:59:55+00:00\",\"breadcrumb\":{\"@id\":\"https:\\\/\\\/goldenhorizontegypt.com\\\/product\\\/spa-and-massage\\\/#breadcrumb\"},\"inLanguage\":\"de\",\"potentialAction\":[{\"@type\":\"ReadAction\",\"target\":[\"https:\\\/\\\/goldenhorizontegypt.com\\\/product\\\/spa-and-massage\\\/\"]}]},{\"@type\":\"ImageObject\",\"inLanguage\":\"de\",\"@id\":\"https:\\\/\\\/goldenhorizontegypt.com\\\/product\\\/spa-and-massage\\\/#primaryimage\",\"url\":\"https:\\\/\\\/goldenhorizontegypt.com\\\/wp-content\\\/uploads\\\/2025\\\/09\\\/pic1.jpg\",\"contentUrl\":\"https:\\\/\\\/goldenhorizontegypt.com\\\/wp-content\\\/uploads\\\/2025\\\/09\\\/pic1.jpg\",\"width\":932,\"height\":623},{\"@type\":\"BreadcrumbList\",\"@id\":\"https:\\\/\\\/goldenhorizontegypt.com\\\/product\\\/spa-and-massage\\\/#breadcrumb\",\"itemListElement\":[{\"@type\":\"ListItem\",\"position\":1,\"name\":\"Home\",\"item\":\"https:\\\/\\\/goldenhorizontegypt.com\\\/\"},{\"@type\":\"ListItem\",\"position\":2,\"name\":\"Shop\",\"item\":\"https:\\\/\\\/goldenhorizontegypt.com\\\/shop\\\/\"},{\"@type\":\"ListItem\",\"position\":3,\"name\":\"Royal Spa Experience: Relax, Refresh &#038; Rejuvenate\"}]},{\"@type\":\"WebSite\",\"@id\":\"https:\\\/\\\/goldenhorizontegypt.com\\\/#website\",\"url\":\"https:\\\/\\\/goldenhorizontegypt.com\\\/\",\"name\":\"Golden Horizont Egypt\",\"description\":\"\",\"potentialAction\":[{\"@type\":\"SearchAction\",\"target\":{\"@type\":\"EntryPoint\",\"urlTemplate\":\"https:\\\/\\\/goldenhorizontegypt.com\\\/?s={search_term_string}\"},\"query-input\":{\"@type\":\"PropertyValueSpecification\",\"valueRequired\":true,\"valueName\":\"search_term_string\"}}],\"inLanguage\":\"de\"}]}<\/script>\n<!-- \/ Yoast SEO plugin. -->","yoast_head_json":{"title":"Royal Spa Experience: Relax, Refresh & Rejuvenate - Golden Horizont Egypt","robots":{"index":"index","follow":"follow","max-snippet":"max-snippet:-1","max-image-preview":"max-image-preview:large","max-video-preview":"max-video-preview:-1"},"canonical":"https:\/\/goldenhorizontegypt.com\/de\/produkt\/spa-and-massage\/","og_locale":"de_DE","og_type":"article","og_title":"Royal Spa Experience: Relax, Refresh & Rejuvenate - Golden Horizont Egypt","og_description":"\ud83d\udc86\u200d\u2642\ufe0f Escape to Serenity \u2013 Spa &amp; Massage Experience! \ud83d\udc86\ud83c\udffb\u200d\u2640\ufe0f Ultimate Relaxation &amp; Wellness EscapeIndulge yourself in our serene wellness oasis. A complete program designed to rejuvenate your body and calm your mind\u2014perfect for solo travelers or couples seeking pure relaxation. \u2728\u00a0 Egypt Royal Spa\ud83e\uddd6\u200d\u2640\ufe0f Full Experience Includes: Sauna &amp; steam bath \/ Salt cave [&hellip;]","og_url":"https:\/\/goldenhorizontegypt.com\/de\/produkt\/spa-and-massage\/","og_site_name":"Golden Horizont Egypt","article_modified_time":"2025-11-28T14:59:55+00:00","og_image":[{"width":932,"height":623,"url":"https:\/\/goldenhorizontegypt.com\/wp-content\/uploads\/2025\/09\/pic1.jpg","type":"image\/jpeg"}],"twitter_card":"summary_large_image","twitter_misc":{"Gesch\u00e4tzte Lesezeit":"1\u00a0Minute"},"schema":{"@context":"https:\/\/schema.org","@graph":[{"@type":"WebPage","@id":"https:\/\/goldenhorizontegypt.com\/product\/spa-and-massage\/","url":"https:\/\/goldenhorizontegypt.com\/product\/spa-and-massage\/","name":"Royal Spa Experience: Relax, Refresh & Rejuvenate - Golden Horizont Egypt","isPartOf":{"@id":"https:\/\/goldenhorizontegypt.com\/#website"},"primaryImageOfPage":{"@id":"https:\/\/goldenhorizontegypt.com\/product\/spa-and-massage\/#primaryimage"},"image":{"@id":"https:\/\/goldenhorizontegypt.com\/product\/spa-and-massage\/#primaryimage"},"thumbnailUrl":"https:\/\/goldenhorizontegypt.com\/wp-content\/uploads\/2025\/09\/pic1.jpg","datePublished":"2025-09-08T11:25:13+00:00","dateModified":"2025-11-28T14:59:55+00:00","breadcrumb":{"@id":"https:\/\/goldenhorizontegypt.com\/product\/spa-and-massage\/#breadcrumb"},"inLanguage":"de","potentialAction":[{"@type":"ReadAction","target":["https:\/\/goldenhorizontegypt.com\/product\/spa-and-massage\/"]}]},{"@type":"ImageObject","inLanguage":"de","@id":"https:\/\/goldenhorizontegypt.com\/product\/spa-and-massage\/#primaryimage","url":"https:\/\/goldenhorizontegypt.com\/wp-content\/uploads\/2025\/09\/pic1.jpg","contentUrl":"https:\/\/goldenhorizontegypt.com\/wp-content\/uploads\/2025\/09\/pic1.jpg","width":932,"height":623},{"@type":"BreadcrumbList","@id":"https:\/\/goldenhorizontegypt.com\/product\/spa-and-massage\/#breadcrumb","itemListElement":[{"@type":"ListItem","position":1,"name":"Home","item":"https:\/\/goldenhorizontegypt.com\/"},{"@type":"ListItem","position":2,"name":"Shop","item":"https:\/\/goldenhorizontegypt.com\/shop\/"},{"@type":"ListItem","position":3,"name":"Royal Spa Experience: Relax, Refresh &#038; Rejuvenate"}]},{"@type":"WebSite","@id":"https:\/\/goldenhorizontegypt.com\/#website","url":"https:\/\/goldenhorizontegypt.com\/","name":"Goldener Horizont \u00c4gypten","description":"","potentialAction":[{"@type":"SearchAction","target":{"@type":"EntryPoint","urlTemplate":"https:\/\/goldenhorizontegypt.com\/?s={search_term_string}"},"query-input":{"@type":"PropertyValueSpecification","valueRequired":true,"valueName":"search_term_string"}}],"inLanguage":"de"}]}},"_links":{"self":[{"href":"https:\/\/goldenhorizontegypt.com\/de\/wp-json\/wp\/v2\/product\/10113","targetHints":{"allow":["GET"]}}],"collection":[{"href":"https:\/\/goldenhorizontegypt.com\/de\/wp-json\/wp\/v2\/product"}],"about":[{"href":"https:\/\/goldenhorizontegypt.com\/de\/wp-json\/wp\/v2\/types\/product"}],"replies":[{"embeddable":true,"href":"https:\/\/goldenhorizontegypt.com\/de\/wp-json\/wp\/v2\/comments?post=10113"}],"wp:featuredmedia":[{"embeddable":true,"href":"https:\/\/goldenhorizontegypt.com\/de\/wp-json\/wp\/v2\/media\/10118"}],"wp:attachment":[{"href":"https:\/\/goldenhorizontegypt.com\/de\/wp-json\/wp\/v2\/media?parent=10113"}],"wp:term":[{"taxonomy":"product_brand","embeddable":true,"href":"https:\/\/goldenhorizontegypt.com\/de\/wp-json\/wp\/v2\/product_brand?post=10113"},{"taxonomy":"product_cat","embeddable":true,"href":"https:\/\/goldenhorizontegypt.com\/de\/wp-json\/wp\/v2\/product_cat?post=10113"},{"taxonomy":"product_tag","embeddable":true,"href":"https:\/\/goldenhorizontegypt.com\/de\/wp-json\/wp\/v2\/product_tag?post=10113"}],"curies":[{"name":"wp","href":"https:\/\/api.w.org\/{rel}","templated":true}]}}