{"id":11518,"date":"2026-02-03T16:12:06","date_gmt":"2026-02-03T16:12:06","guid":{"rendered":"https:\/\/goldenhorizontegypt.com\/?page_id=11518"},"modified":"2026-02-12T16:37:51","modified_gmt":"2026-02-12T16:37:51","slug":"about-us-ma","status":"publish","type":"page","link":"https:\/\/goldenhorizontegypt.com\/de\/about-us-ma\/","title":{"rendered":"About Us ma"},"content":{"rendered":"<div data-elementor-type=\"wp-page\" data-elementor-id=\"11518\" class=\"elementor elementor-11518\" data-elementor-post-type=\"page\">\n\t\t\t\t<div class=\"elementor-element elementor-element-d654f8b e-flex e-con-boxed e-con e-parent\" data-id=\"d654f8b\" data-element_type=\"container\" data-e-type=\"container\">\n\t\t\t\t\t<div class=\"e-con-inner\">\n\t\t\t\t<div class=\"elementor-element elementor-element-58c46a2 elementor-widget elementor-widget-html\" data-id=\"58c46a2\" data-element_type=\"widget\" data-e-type=\"widget\" data-widget_type=\"html.default\">\n\t\t\t\t\t<section class=\"gh-split alt\">\r\n\r\n  <div class=\"gh-split-content\">\r\n    <span class=\"gh-mini\">\u00dcber Golden Horizont \u00c4gypten<\/span>\r\n    <h2>Entdecken Sie \u00fcber Golden Horizont \u00c4gypten<\/h2>\r\n    <p>\r\n      Wir sind ein vertrauensw\u00fcrdiges Reiseb\u00fcro, das unvergessliche Erlebnisse in ganz \u00c4gypten bietet. Von den antiken Wundern in Kairo und Luxor bis hin zu Abenteuern am Roten Meer bieten wir sichere, zuverl\u00e4ssige und unterhaltsame Touren, die auf Ihre Bed\u00fcrfnisse zugeschnitten sind.\r\n    <\/p>\r\n\r\n    <div class=\"gh-exp-grid\">\r\n      <div class=\"gh-exp\">\ud83c\udfdc W\u00fcstenabenteuer<\/div>\r\n      <div class=\"gh-exp\">\ud83d\udc20 Tauchen im Roten Meer<\/div>\r\n      <div class=\"gh-exp\">\ud83c\udffa Antike Tempel<\/div>\r\n      <div class=\"gh-exp\">\u26f5 Nilkreuzfahrten<\/div>\r\n    <\/div>\r\n  <\/div>\r\n\r\n  <div class=\"gh-split-media\">\r\n    <img decoding=\"async\" src=\"https:\/\/goldenhorizontegypt.com\/wp-content\/uploads\/2026\/02\/WhatsApp-Image-2026-02-02-at-8.59.25-PM-e1770063885668.jpeg\" alt=\"Egypt Experience\">\r\n  <\/div>\r\n\r\n<\/section>\r\n\r\n<style>\r\n.gh-split {\r\n  display: grid;\r\n  grid-template-columns: 1fr 1fr;\r\n  gap: 80px;\r\n  align-items: center;\r\n  padding: px 8%;\r\n  font-family: 'Poppins','Cairo',sans-serif;\r\n}\r\n\r\n.gh-split-media img {\r\n  width: 100%;\r\n  border-radius: 36px;\r\n  box-shadow: 0 40px 80px rgba(0,0,0,0.18);\r\n  animation: floatImg 7s ease-in-out infinite;\r\n}\r\n\r\n.gh-mini {\r\n  color: #F5DE68;\r\n  letter-spacing: 3px;\r\n  text-transform: uppercase;\r\n  font-size: 16px;\r\n}\r\n\r\n.gh-split-content h2 {\r\n  font-size: 54px;\r\n  margin: 20px 0;\r\n  color: #A77B3C;\r\n  line-height: 1.1;\r\n}\r\n\r\n.gh-split-content p {\r\n  font-size: 18px;\r\n  line-height: 1.8;\r\n  color: #555;\r\n  max-width: 540px;\r\n}\r\n\r\n.gh-exp-grid {\r\n  display: grid;\r\n  grid-template-columns: repeat(2,1fr);\r\n  gap: 18px;\r\n  margin-top: 30px;\r\n}\r\n\r\n.gh-exp {\r\n  padding: 18px 22px;\r\n  border: 1px solid rgba(167,123,60,0.35);\r\n  border-radius: 18px;\r\n  color: #A77B3C;\r\n  transition: .35s;\r\n}\r\n\r\n.gh-exp:hover {\r\n  background: #F6E575;\r\n  color: #000;\r\n  transform: translateY(-6px);\r\n}\r\n\r\n@keyframes floatImg {\r\n  0%,100% { transform: translateY(0); }\r\n  50% { transform: translateY(-18px); }\r\n}\r\n\r\n@media (max-width: 900px) {\r\n  .gh-split {\r\n    grid-template-columns: 1fr;\r\n    text-align: center;\r\n  }\r\n\r\n  .gh-exp-grid {\r\n    grid-template-columns: 1fr;\r\n  }\r\n\r\n  .gh-split-content h2 {\r\n    font-size: 38px;\r\n  }\r\n}\r\n<\/style>\r\n\t\t\t\t<\/div>\n\t\t\t\t\t<\/div>\n\t\t\t\t<\/div>\n\t\t\t\t<section class=\"elementor-section elementor-top-section elementor-element elementor-element-ee7ff9f elementor-section-boxed elementor-section-height-default elementor-section-height-default\" data-id=\"ee7ff9f\" data-element_type=\"section\" data-e-type=\"section\" data-settings=\"{&quot;background_background&quot;:&quot;classic&quot;,&quot;animation&quot;:&quot;none&quot;,&quot;animation_tablet&quot;:&quot;none&quot;}\">\n\t\t\t\t\t\t<div class=\"elementor-container elementor-column-gap-default\">\n\t\t\t\t\t<div class=\"elementor-column elementor-col-33 elementor-top-column elementor-element elementor-element-ed5d8b0\" data-id=\"ed5d8b0\" data-element_type=\"column\" data-e-type=\"column\">\n\t\t\t<div class=\"elementor-widget-wrap elementor-element-populated\">\n\t\t\t\t\t\t<div class=\"elementor-element elementor-element-cdf31ea elementor-position-inline-start elementor-view-default elementor-mobile-position-block-start elementor-invisible elementor-widget elementor-widget-icon-box\" data-id=\"cdf31ea\" data-element_type=\"widget\" data-e-type=\"widget\" data-settings=\"{&quot;_animation&quot;:&quot;ova-scale-up&quot;,&quot;_animation_tablet&quot;:&quot;none&quot;,&quot;_animation_delay&quot;:600}\" data-widget_type=\"icon-box.default\">\n\t\t\t\t\t\t\t<div class=\"elementor-icon-box-wrapper\">\n\n\t\t\t\t\t\t<div class=\"elementor-icon-box-icon\">\n\t\t\t\t<span  class=\"elementor-icon\">\n\t\t\t\t<svg aria-hidden=\"true\" class=\"e-font-icon-svg e-fas-award\" viewbox=\"0 0 384 512\" xmlns=\"http:\/\/www.w3.org\/2000\/svg\"><path d=\"M97.12 362.63c-8.69-8.69-4.16-6.24-25.12-11.85-9.51-2.55-17.87-7.45-25.43-13.32L1.2 448.7c-4.39 10.77 3.81 22.47 15.43 22.03l52.69-2.01L105.56 507c8 8.44 22.04 5.81 26.43-4.96l52.05-127.62c-10.84 6.04-22.87 9.58-35.31 9.58-19.5 0-37.82-7.59-51.61-21.37zM382.8 448.7l-45.37-111.24c-7.56 5.88-15.92 10.77-25.43 13.32-21.07 5.64-16.45 3.18-25.12 11.85-13.79 13.78-32.12 21.37-51.62 21.37-12.44 0-24.47-3.55-35.31-9.58L252 502.04c4.39 10.77 18.44 13.4 26.43 4.96l36.25-38.28 52.69 2.01c11.62.44 19.82-11.27 15.43-22.03zM263 340c15.28-15.55 17.03-14.21 38.79-20.14 13.89-3.79 24.75-14.84 28.47-28.98 7.48-28.4 5.54-24.97 25.95-45.75 10.17-10.35 14.14-25.44 10.42-39.58-7.47-28.38-7.48-24.42 0-52.83 3.72-14.14-.25-29.23-10.42-39.58-20.41-20.78-18.47-17.36-25.95-45.75-3.72-14.14-14.58-25.19-28.47-28.98-27.88-7.61-24.52-5.62-44.95-26.41-10.17-10.35-25-14.4-38.89-10.61-27.87 7.6-23.98 7.61-51.9 0-13.89-3.79-28.72.25-38.89 10.61-20.41 20.78-17.05 18.8-44.94 26.41-13.89 3.79-24.75 14.84-28.47 28.98-7.47 28.39-5.54 24.97-25.95 45.75-10.17 10.35-14.15 25.44-10.42 39.58 7.47 28.36 7.48 24.4 0 52.82-3.72 14.14.25 29.23 10.42 39.59 20.41 20.78 18.47 17.35 25.95 45.75 3.72 14.14 14.58 25.19 28.47 28.98C104.6 325.96 106.27 325 121 340c13.23 13.47 33.84 15.88 49.74 5.82a39.676 39.676 0 0 1 42.53 0c15.89 10.06 36.5 7.65 49.73-5.82zM97.66 175.96c0-53.03 42.24-96.02 94.34-96.02s94.34 42.99 94.34 96.02-42.24 96.02-94.34 96.02-94.34-42.99-94.34-96.02z\"><\/path><\/svg>\t\t\t\t<\/span>\n\t\t\t<\/div>\n\t\t\t\n\t\t\t\t\t\t<div class=\"elementor-icon-box-content\">\n\n\t\t\t\t\t\t\t\t\t<h5 class=\"elementor-icon-box-title\">\n\t\t\t\t\t\t<span  >\n\t\t\t\t\t\t\tVertrauensw\u00fcrdige Erfahrung\t\t\t\t\t\t<\/span>\n\t\t\t\t\t<\/h5>\n\t\t\t\t\n\t\t\t\t\t\t\t\t\t<p class=\"elementor-icon-box-description\">\n\t\t\t\t\t\tJahrelange Erfahrung mit hochwertigen Touren durch \u00c4gypten\t\t\t\t\t<\/p>\n\t\t\t\t\n\t\t\t<\/div>\n\t\t\t\n\t\t<\/div>\n\t\t\t\t\t\t<\/div>\n\t\t\t\t\t<\/div>\n\t\t<\/div>\n\t\t\t\t<div class=\"elementor-column elementor-col-33 elementor-top-column elementor-element elementor-element-b6850c4\" data-id=\"b6850c4\" data-element_type=\"column\" data-e-type=\"column\">\n\t\t\t<div class=\"elementor-widget-wrap elementor-element-populated\">\n\t\t\t\t\t\t<div class=\"elementor-element elementor-element-2cf0147 elementor-position-inline-start elementor-view-default elementor-mobile-position-block-start elementor-invisible elementor-widget elementor-widget-icon-box\" data-id=\"2cf0147\" data-element_type=\"widget\" data-e-type=\"widget\" data-settings=\"{&quot;_animation&quot;:&quot;ova-scale-up&quot;,&quot;_animation_tablet&quot;:&quot;none&quot;,&quot;_animation_delay&quot;:600}\" data-widget_type=\"icon-box.default\">\n\t\t\t\t\t\t\t<div class=\"elementor-icon-box-wrapper\">\n\n\t\t\t\t\t\t<div class=\"elementor-icon-box-icon\">\n\t\t\t\t<span  class=\"elementor-icon\">\n\t\t\t\t<svg aria-hidden=\"true\" class=\"e-font-icon-svg e-fas-users\" viewbox=\"0 0 640 512\" xmlns=\"http:\/\/www.w3.org\/2000\/svg\"><path d=\"M96 224c35.3 0 64-28.7 64-64s-28.7-64-64-64-64 28.7-64 64 28.7 64 64 64zm448 0c35.3 0 64-28.7 64-64s-28.7-64-64-64-64 28.7-64 64 28.7 64 64 64zm32 32h-64c-17.6 0-33.5 7.1-45.1 18.6 40.3 22.1 68.9 62 75.1 109.4h66c17.7 0 32-14.3 32-32v-32c0-35.3-28.7-64-64-64zm-256 0c61.9 0 112-50.1 112-112S381.9 32 320 32 208 82.1 208 144s50.1 112 112 112zm76.8 32h-8.3c-20.8 10-43.9 16-68.5 16s-47.6-6-68.5-16h-8.3C179.6 288 128 339.6 128 403.2V432c0 26.5 21.5 48 48 48h288c26.5 0 48-21.5 48-48v-28.8c0-63.6-51.6-115.2-115.2-115.2zm-223.7-13.4C161.5 263.1 145.6 256 128 256H64c-35.3 0-64 28.7-64 64v32c0 17.7 14.3 32 32 32h65.9c6.3-47.4 34.9-87.3 75.2-109.4z\"><\/path><\/svg>\t\t\t\t<\/span>\n\t\t\t<\/div>\n\t\t\t\n\t\t\t\t\t\t<div class=\"elementor-icon-box-content\">\n\n\t\t\t\t\t\t\t\t\t<h5 class=\"elementor-icon-box-title\">\n\t\t\t\t\t\t<span  >\n\t\t\t\t\t\t\tProfessionelle Leitf\u00e4den\t\t\t\t\t\t<\/span>\n\t\t\t\t\t<\/h5>\n\t\t\t\t\n\t\t\t\t\t\t\t\t\t<p class=\"elementor-icon-box-description\">\n\t\t\t\t\t\tFachkundige \u00f6rtliche F\u00fchrer mit fundierten Kenntnissen der Geschichte und Kultur\t\t\t\t\t<\/p>\n\t\t\t\t\n\t\t\t<\/div>\n\t\t\t\n\t\t<\/div>\n\t\t\t\t\t\t<\/div>\n\t\t\t\t\t<\/div>\n\t\t<\/div>\n\t\t\t\t<div class=\"elementor-column elementor-col-33 elementor-top-column elementor-element elementor-element-e7414ee\" data-id=\"e7414ee\" data-element_type=\"column\" data-e-type=\"column\">\n\t\t\t<div class=\"elementor-widget-wrap elementor-element-populated\">\n\t\t\t\t\t\t<div class=\"elementor-element elementor-element-1a6d854 elementor-position-inline-start elementor-view-default elementor-mobile-position-block-start elementor-invisible elementor-widget elementor-widget-icon-box\" data-id=\"1a6d854\" data-element_type=\"widget\" data-e-type=\"widget\" data-settings=\"{&quot;_animation&quot;:&quot;ova-scale-up&quot;,&quot;_animation_tablet&quot;:&quot;none&quot;,&quot;_animation_delay&quot;:600}\" data-widget_type=\"icon-box.default\">\n\t\t\t\t\t\t\t<div class=\"elementor-icon-box-wrapper\">\n\n\t\t\t\t\t\t<div class=\"elementor-icon-box-icon\">\n\t\t\t\t<span  class=\"elementor-icon\">\n\t\t\t\t<i aria-hidden=\"true\" class=\"icomoon icomoon-location-2\"><\/i>\t\t\t\t<\/span>\n\t\t\t<\/div>\n\t\t\t\n\t\t\t\t\t\t<div class=\"elementor-icon-box-content\">\n\n\t\t\t\t\t\t\t\t\t<h5 class=\"elementor-icon-box-title\">\n\t\t\t\t\t\t<span  >\n\t\t\t\t\t\t\tGeplante Touren\t\t\t\t\t\t<\/span>\n\t\t\t\t\t<\/h5>\n\t\t\t\t\n\t\t\t\t\t\t\t\t\t<p class=\"elementor-icon-box-description\">\n\t\t\t\t\t\tGut organisierte Reiserouten zu den wichtigsten Zielen in \u00c4gypten\t\t\t\t\t<\/p>\n\t\t\t\t\n\t\t\t<\/div>\n\t\t\t\n\t\t<\/div>\n\t\t\t\t\t\t<\/div>\n\t\t\t\t\t<\/div>\n\t\t<\/div>\n\t\t\t\t\t<\/div>\n\t\t<\/section>\n\t\t<div class=\"elementor-element elementor-element-107a838e e-flex e-con-boxed e-con e-parent\" data-id=\"107a838e\" data-element_type=\"container\" data-e-type=\"container\" data-settings=\"{&quot;background_background&quot;:&quot;classic&quot;}\">\n\t\t\t\t\t<div class=\"e-con-inner\">\n\t\t\t\t<div class=\"elementor-element elementor-element-3089255b elementor-widget__width-initial elementor-widget-mobile__width-inherit elementor-widget elementor-widget-elementskit-heading\" data-id=\"3089255b\" data-element_type=\"widget\" data-e-type=\"widget\" data-widget_type=\"elementskit-heading.default\">\n\t\t\t\t\t<div class=\"ekit-wid-con\" ><div class=\"ekit-heading elementskit-section-title-wraper text_left   ekit_heading_tablet-   ekit_heading_mobile-\"><h2 class=\"ekit-heading--title elementskit-section-title\">H\u00e4ufig gestellte Fragen<\/h2><div class=\"ekit_heading_separetor_wraper ekit_heading_elementskit-border-divider ekit-dotted\"><div class=\"elementskit-border-divider ekit-dotted\"><\/div><\/div>\t\t\t\t<div class='ekit-heading__description'>\n\t\t\t\t\t<p>Hier finden Sie Antworten auf die h\u00e4ufigsten Fragen zu unseren Touren, Transfers und Abenteuern am Roten Meer.<\/p>\n\t\t\t\t<\/div>\n\t\t\t<\/div><\/div>\t\t\t\t<\/div>\n\t\t\t\t<div class=\"elementor-element elementor-element-303bca1a elementor-widget__width-initial elementor-widget-mobile__width-inherit elementor-widget elementor-widget-elementskit-accordion\" data-id=\"303bca1a\" data-element_type=\"widget\" data-e-type=\"widget\" data-widget_type=\"elementskit-accordion.default\">\n\t\t\t\t\t<div class=\"ekit-wid-con\" >\n        <div class=\"elementskit-accordion accoedion-primary\" id=\"accordion-6a04c5046c142\">\n\n            \n                <div class=\"elementskit-card active\">\n                    <div class=\"elementskit-card-header\" id=\"primaryHeading-0-303bca1a\">\n                        <a href=\"#collapse-bc228306a04c5046c142\" class=\"ekit-accordion--toggler elementskit-btn-link collapsed\" data-ekit-toggle=\"collapse\" data-target=\"#Collapse-bc228306a04c5046c142\" aria-expanded=\"true\" aria-controls=\"Collapse-bc228306a04c5046c142\">\n                            \n                            <span class=\"ekit-accordion-title\">Was ist in Ihren Touren enthalten?<\/span>\n\n                            \n                                <div class=\"ekit_accordion_icon_group\">\n                                    <div class=\"ekit_accordion_normal_icon\">\n                                        <!-- Normal Icon -->\n\t\t\t\t\t\t\t\t\t\t<i class=\"icon icon-plus\"><\/i>                                    <\/div>\n\n                                    <div class=\"ekit_accordion_active_icon\">\n                                        <!-- Active Icon -->\n\t\t\t\t\t\t\t\t\t\t<i class=\"icon icon-minus\"><\/i>                                    <\/div>\n                                <\/div>\n\n                            \n                                                    <\/a>\n                    <\/div>\n\n                    <div id=\"Collapse-bc228306a04c5046c142\" class=\"show collapse\" aria-labelledby=\"primaryHeading-0-303bca1a\" data-parent=\"#accordion-6a04c5046c142\">\n\n                        <div class=\"elementskit-card-body ekit-accordion--content\">\n                            <p>Unsere Touren beinhalten die Abholung vom Hotel in Hurghada, die Bef\u00f6rderung in klimatisierten Fahrzeugen, professionelle Reiseleiter, Eintrittskarten (falls erw\u00e4hnt) und bei einigen Touren auch Mahlzeiten und Erfrischungsgetr\u00e4nke. F\u00fcr Hotels in El Gouna, Sahl Hasheesh, Makadi und Safaga fallen zus\u00e4tzliche Kosten an.<\/p>                        <\/div>\n\n                    <\/div>\n\n                <\/div><!-- .elementskit-card END -->\n\n                \n                <div class=\"elementskit-card\">\n                    <div class=\"elementskit-card-header\" id=\"primaryHeading-1-303bca1a\">\n                        <a href=\"#collapse-8417e716a04c5046c142\" class=\"ekit-accordion--toggler elementskit-btn-link collapsed\" data-ekit-toggle=\"collapse\" data-target=\"#Collapse-8417e716a04c5046c142\" aria-expanded=\"false\" aria-controls=\"Collapse-8417e716a04c5046c142\">\n                            \n                            <span class=\"ekit-accordion-title\">Wie kann ich eine Reise buchen?<\/span>\n\n                            \n                                <div class=\"ekit_accordion_icon_group\">\n                                    <div class=\"ekit_accordion_normal_icon\">\n                                        <!-- Normal Icon -->\n\t\t\t\t\t\t\t\t\t\t<i class=\"icon icon-plus\"><\/i>                                    <\/div>\n\n                                    <div class=\"ekit_accordion_active_icon\">\n                                        <!-- Active Icon -->\n\t\t\t\t\t\t\t\t\t\t<i class=\"icon icon-minus\"><\/i>                                    <\/div>\n                                <\/div>\n\n                            \n                                                    <\/a>\n                    <\/div>\n\n                    <div id=\"Collapse-8417e716a04c5046c142\" class=\"collapse\" aria-labelledby=\"primaryHeading-1-303bca1a\" data-parent=\"#accordion-6a04c5046c142\">\n\n                        <div class=\"elementskit-card-body ekit-accordion--content\">\n                            <p>Sie k\u00f6nnen direkt \u00fcber unsere Website, per WhatsApp oder \u00fcber unseren Kundenservice buchen.<\/p>                        <\/div>\n\n                    <\/div>\n\n                <\/div><!-- .elementskit-card END -->\n\n                \n                <div class=\"elementskit-card\">\n                    <div class=\"elementskit-card-header\" id=\"primaryHeading-2-303bca1a\">\n                        <a href=\"#collapse-3dad4e06a04c5046c142\" class=\"ekit-accordion--toggler elementskit-btn-link collapsed\" data-ekit-toggle=\"collapse\" data-target=\"#Collapse-3dad4e06a04c5046c142\" aria-expanded=\"false\" aria-controls=\"Collapse-3dad4e06a04c5046c142\">\n                            \n                            <span class=\"ekit-accordion-title\">Sind Transfers inbegriffen?<\/span>\n\n                            \n                                <div class=\"ekit_accordion_icon_group\">\n                                    <div class=\"ekit_accordion_normal_icon\">\n                                        <!-- Normal Icon -->\n\t\t\t\t\t\t\t\t\t\t<i class=\"icon icon-plus\"><\/i>                                    <\/div>\n\n                                    <div class=\"ekit_accordion_active_icon\">\n                                        <!-- Active Icon -->\n\t\t\t\t\t\t\t\t\t\t<i class=\"icon icon-minus\"><\/i>                                    <\/div>\n                                <\/div>\n\n                            \n                                                    <\/a>\n                    <\/div>\n\n                    <div id=\"Collapse-3dad4e06a04c5046c142\" class=\"collapse\" aria-labelledby=\"primaryHeading-2-303bca1a\" data-parent=\"#accordion-6a04c5046c142\">\n\n                        <div class=\"elementskit-card-body ekit-accordion--content\">\n                            <p>Ja, Transfers innerhalb Hurghadas sind inbegriffen. F\u00fcr Hotels in El Gouna, Sahl Hasheesh, Makadi oder Safaga wird eine kleine Zusatzgeb\u00fchr erhoben.<\/p>                        <\/div>\n\n                    <\/div>\n\n                <\/div><!-- .elementskit-card END -->\n\n                                        <\/div>\n    <\/div>\t\t\t\t<\/div>\n\t\t\t\t\t<\/div>\n\t\t\t\t<\/div>\n\t\t\t\t<\/div>","protected":false},"excerpt":{"rendered":"<p>About Golden Horizont Egypt Discover About Golden Horizont Egypt We are a trusted travel agency offering unforgettable experiences across Egypt. From Cairo and Luxor\u2019s ancient wonders to Red Sea adventures, we provide safe, reliable, and enjoyable tours tailored to your needs. \ud83c\udfdc Desert Adventures \ud83d\udc20 Red Sea Diving \ud83c\udffa Ancient Temples \u26f5 Nile Cruises Trusted [&hellip;]<\/p>\n","protected":false},"author":2,"featured_media":0,"parent":0,"menu_order":0,"comment_status":"closed","ping_status":"closed","template":"elementor_header_footer","meta":{"footnotes":""},"class_list":["post-11518","page","type-page","status-publish","hentry"],"yoast_head":"<!-- This site is optimized with the Yoast SEO plugin v27.5 - https:\/\/yoast.com\/product\/yoast-seo-wordpress\/ -->\n<title>About Us ma - Golden Horizont Egypt<\/title>\n<meta name=\"robots\" content=\"index, follow, max-snippet:-1, max-image-preview:large, max-video-preview:-1\" \/>\n<link rel=\"canonical\" href=\"https:\/\/goldenhorizontegypt.com\/de\/about-us-ma\/\" \/>\n<meta property=\"og:locale\" content=\"de_DE\" \/>\n<meta property=\"og:type\" content=\"article\" \/>\n<meta property=\"og:title\" content=\"About Us ma - Golden Horizont Egypt\" \/>\n<meta property=\"og:description\" content=\"About Golden Horizont Egypt Discover About Golden Horizont Egypt We are a trusted travel agency offering unforgettable experiences across Egypt. From Cairo and Luxor\u2019s ancient wonders to Red Sea adventures, we provide safe, reliable, and enjoyable tours tailored to your needs. \ud83c\udfdc Desert Adventures \ud83d\udc20 Red Sea Diving \ud83c\udffa Ancient Temples \u26f5 Nile Cruises Trusted [&hellip;]\" \/>\n<meta property=\"og:url\" content=\"https:\/\/goldenhorizontegypt.com\/de\/about-us-ma\/\" \/>\n<meta property=\"og:site_name\" content=\"Golden Horizont Egypt\" \/>\n<meta property=\"article:modified_time\" content=\"2026-02-12T16:37:51+00:00\" \/>\n<meta property=\"og:image\" content=\"https:\/\/goldenhorizontegypt.com\/wp-content\/uploads\/2026\/02\/WhatsApp-Image-2026-02-02-at-8.59.25-PM-e1770063885668.jpeg\" \/>\n<meta name=\"twitter:card\" content=\"summary_large_image\" \/>\n<meta name=\"twitter:label1\" content=\"Gesch\u00e4tzte Lesezeit\" \/>\n\t<meta name=\"twitter:data1\" content=\"1\u00a0Minute\" \/>\n<script type=\"application\/ld+json\" class=\"yoast-schema-graph\">{\"@context\":\"https:\\\/\\\/schema.org\",\"@graph\":[{\"@type\":\"WebPage\",\"@id\":\"https:\\\/\\\/goldenhorizontegypt.com\\\/about-us-ma\\\/\",\"url\":\"https:\\\/\\\/goldenhorizontegypt.com\\\/about-us-ma\\\/\",\"name\":\"About Us ma - Golden Horizont Egypt\",\"isPartOf\":{\"@id\":\"https:\\\/\\\/goldenhorizontegypt.com\\\/#website\"},\"primaryImageOfPage\":{\"@id\":\"https:\\\/\\\/goldenhorizontegypt.com\\\/about-us-ma\\\/#primaryimage\"},\"image\":{\"@id\":\"https:\\\/\\\/goldenhorizontegypt.com\\\/about-us-ma\\\/#primaryimage\"},\"thumbnailUrl\":\"https:\\\/\\\/goldenhorizontegypt.com\\\/wp-content\\\/uploads\\\/2026\\\/02\\\/WhatsApp-Image-2026-02-02-at-8.59.25-PM-e1770063885668.jpeg\",\"datePublished\":\"2026-02-03T16:12:06+00:00\",\"dateModified\":\"2026-02-12T16:37:51+00:00\",\"breadcrumb\":{\"@id\":\"https:\\\/\\\/goldenhorizontegypt.com\\\/about-us-ma\\\/#breadcrumb\"},\"inLanguage\":\"de\",\"potentialAction\":[{\"@type\":\"ReadAction\",\"target\":[\"https:\\\/\\\/goldenhorizontegypt.com\\\/about-us-ma\\\/\"]}]},{\"@type\":\"ImageObject\",\"inLanguage\":\"de\",\"@id\":\"https:\\\/\\\/goldenhorizontegypt.com\\\/about-us-ma\\\/#primaryimage\",\"url\":\"https:\\\/\\\/goldenhorizontegypt.com\\\/wp-content\\\/uploads\\\/2026\\\/02\\\/WhatsApp-Image-2026-02-02-at-8.59.25-PM-e1770063885668.jpeg\",\"contentUrl\":\"https:\\\/\\\/goldenhorizontegypt.com\\\/wp-content\\\/uploads\\\/2026\\\/02\\\/WhatsApp-Image-2026-02-02-at-8.59.25-PM-e1770063885668.jpeg\"},{\"@type\":\"BreadcrumbList\",\"@id\":\"https:\\\/\\\/goldenhorizontegypt.com\\\/about-us-ma\\\/#breadcrumb\",\"itemListElement\":[{\"@type\":\"ListItem\",\"position\":1,\"name\":\"Home\",\"item\":\"https:\\\/\\\/goldenhorizontegypt.com\\\/\"},{\"@type\":\"ListItem\",\"position\":2,\"name\":\"About Us ma\"}]},{\"@type\":\"WebSite\",\"@id\":\"https:\\\/\\\/goldenhorizontegypt.com\\\/#website\",\"url\":\"https:\\\/\\\/goldenhorizontegypt.com\\\/\",\"name\":\"Golden Horizont Egypt\",\"description\":\"\",\"potentialAction\":[{\"@type\":\"SearchAction\",\"target\":{\"@type\":\"EntryPoint\",\"urlTemplate\":\"https:\\\/\\\/goldenhorizontegypt.com\\\/?s={search_term_string}\"},\"query-input\":{\"@type\":\"PropertyValueSpecification\",\"valueRequired\":true,\"valueName\":\"search_term_string\"}}],\"inLanguage\":\"de\"}]}<\/script>\n<!-- \/ Yoast SEO plugin. -->","yoast_head_json":{"title":"About Us ma - Golden Horizont Egypt","robots":{"index":"index","follow":"follow","max-snippet":"max-snippet:-1","max-image-preview":"max-image-preview:large","max-video-preview":"max-video-preview:-1"},"canonical":"https:\/\/goldenhorizontegypt.com\/de\/about-us-ma\/","og_locale":"de_DE","og_type":"article","og_title":"About Us ma - Golden Horizont Egypt","og_description":"About Golden Horizont Egypt Discover About Golden Horizont Egypt We are a trusted travel agency offering unforgettable experiences across Egypt. From Cairo and Luxor\u2019s ancient wonders to Red Sea adventures, we provide safe, reliable, and enjoyable tours tailored to your needs. \ud83c\udfdc Desert Adventures \ud83d\udc20 Red Sea Diving \ud83c\udffa Ancient Temples \u26f5 Nile Cruises Trusted [&hellip;]","og_url":"https:\/\/goldenhorizontegypt.com\/de\/about-us-ma\/","og_site_name":"Golden Horizont Egypt","article_modified_time":"2026-02-12T16:37:51+00:00","og_image":[{"url":"https:\/\/goldenhorizontegypt.com\/wp-content\/uploads\/2026\/02\/WhatsApp-Image-2026-02-02-at-8.59.25-PM-e1770063885668.jpeg","type":"","width":"","height":""}],"twitter_card":"summary_large_image","twitter_misc":{"Gesch\u00e4tzte Lesezeit":"1\u00a0Minute"},"schema":{"@context":"https:\/\/schema.org","@graph":[{"@type":"WebPage","@id":"https:\/\/goldenhorizontegypt.com\/about-us-ma\/","url":"https:\/\/goldenhorizontegypt.com\/about-us-ma\/","name":"About Us ma - Golden Horizont Egypt","isPartOf":{"@id":"https:\/\/goldenhorizontegypt.com\/#website"},"primaryImageOfPage":{"@id":"https:\/\/goldenhorizontegypt.com\/about-us-ma\/#primaryimage"},"image":{"@id":"https:\/\/goldenhorizontegypt.com\/about-us-ma\/#primaryimage"},"thumbnailUrl":"https:\/\/goldenhorizontegypt.com\/wp-content\/uploads\/2026\/02\/WhatsApp-Image-2026-02-02-at-8.59.25-PM-e1770063885668.jpeg","datePublished":"2026-02-03T16:12:06+00:00","dateModified":"2026-02-12T16:37:51+00:00","breadcrumb":{"@id":"https:\/\/goldenhorizontegypt.com\/about-us-ma\/#breadcrumb"},"inLanguage":"de","potentialAction":[{"@type":"ReadAction","target":["https:\/\/goldenhorizontegypt.com\/about-us-ma\/"]}]},{"@type":"ImageObject","inLanguage":"de","@id":"https:\/\/goldenhorizontegypt.com\/about-us-ma\/#primaryimage","url":"https:\/\/goldenhorizontegypt.com\/wp-content\/uploads\/2026\/02\/WhatsApp-Image-2026-02-02-at-8.59.25-PM-e1770063885668.jpeg","contentUrl":"https:\/\/goldenhorizontegypt.com\/wp-content\/uploads\/2026\/02\/WhatsApp-Image-2026-02-02-at-8.59.25-PM-e1770063885668.jpeg"},{"@type":"BreadcrumbList","@id":"https:\/\/goldenhorizontegypt.com\/about-us-ma\/#breadcrumb","itemListElement":[{"@type":"ListItem","position":1,"name":"Home","item":"https:\/\/goldenhorizontegypt.com\/"},{"@type":"ListItem","position":2,"name":"About Us ma"}]},{"@type":"WebSite","@id":"https:\/\/goldenhorizontegypt.com\/#website","url":"https:\/\/goldenhorizontegypt.com\/","name":"Goldener Horizont \u00c4gypten","description":"","potentialAction":[{"@type":"SearchAction","target":{"@type":"EntryPoint","urlTemplate":"https:\/\/goldenhorizontegypt.com\/?s={search_term_string}"},"query-input":{"@type":"PropertyValueSpecification","valueRequired":true,"valueName":"search_term_string"}}],"inLanguage":"de"}]}},"_hostinger_reach_plugin_has_subscription_block":false,"_hostinger_reach_plugin_is_elementor":false,"_links":{"self":[{"href":"https:\/\/goldenhorizontegypt.com\/de\/wp-json\/wp\/v2\/pages\/11518","targetHints":{"allow":["GET"]}}],"collection":[{"href":"https:\/\/goldenhorizontegypt.com\/de\/wp-json\/wp\/v2\/pages"}],"about":[{"href":"https:\/\/goldenhorizontegypt.com\/de\/wp-json\/wp\/v2\/types\/page"}],"author":[{"embeddable":true,"href":"https:\/\/goldenhorizontegypt.com\/de\/wp-json\/wp\/v2\/users\/2"}],"replies":[{"embeddable":true,"href":"https:\/\/goldenhorizontegypt.com\/de\/wp-json\/wp\/v2\/comments?post=11518"}],"version-history":[{"count":25,"href":"https:\/\/goldenhorizontegypt.com\/de\/wp-json\/wp\/v2\/pages\/11518\/revisions"}],"predecessor-version":[{"id":11797,"href":"https:\/\/goldenhorizontegypt.com\/de\/wp-json\/wp\/v2\/pages\/11518\/revisions\/11797"}],"wp:attachment":[{"href":"https:\/\/goldenhorizontegypt.com\/de\/wp-json\/wp\/v2\/media?parent=11518"}],"curies":[{"name":"wp","href":"https:\/\/api.w.org\/{rel}","templated":true}]}}