{"id":9972,"date":"2025-09-08T08:33:56","date_gmt":"2025-09-08T08:33:56","guid":{"rendered":"https:\/\/goldenhorizontegypt.com\/?post_type=product&#038;p=9972"},"modified":"2026-01-02T18:10:16","modified_gmt":"2026-01-02T18:10:16","slug":"mahmya-trip","status":"publish","type":"product","link":"https:\/\/goldenhorizontegypt.com\/cs\/produkt\/mahmya-trip\/","title":{"rendered":"Ostrov Mahmya: \u0160norchlov\u00e1n\u00ed, pl\u00e1\u017ee a relaxace"},"content":{"rendered":"<h3 data-start=\"78\" data-end=\"139\">\ud83c\udf34 <strong data-start=\"85\" data-end=\"137\">Ostrov Mahmya - skryt\u00fd r\u00e1j v Rud\u00e9m mo\u0159i<\/strong><\/h3>\n<p data-start=\"141\" data-end=\"338\">Navzdory sv\u00e9mu n\u00e1zvu, <strong data-start=\"159\" data-end=\"201\">Ostrov Mahmya nen\u00ed samostatn\u00fd ostrov<\/strong>, ale nedot\u010den\u00fd \u00fasek <strong data-start=\"229\" data-end=\"250\">Ostrov Big Giftun<\/strong> ve slavn\u00e9m <strong data-start=\"265\" data-end=\"295\">Souostrov\u00ed Giftunsk\u00e9 ostrovy<\/strong> mimo ohromuj\u00edc\u00ed <strong data-start=\"313\" data-end=\"335\">Pob\u0159e\u017e\u00ed Hurghady<\/strong>.<\/p>\n<p data-start=\"340\" data-end=\"488\">\ud83c\udfd6\ufe0f <strong data-start=\"344\" data-end=\"375\">Odpo\u010dinek na jemn\u00fdch p\u00edse\u010dn\u00fdch pl\u00e1\u017e\u00edch<\/strong><br data-start=\"375\" data-end=\"378\" \/>Odpo\u010di\u0148te si na sluncem zalit\u00e9m pob\u0159e\u017e\u00ed, uc\u00edt\u00edte zlatav\u00fd p\u00edsek pod nohama a budete se vyh\u0159\u00edvat na egyptsk\u00e9m slunci.<\/p>\n<p data-start=\"490\" data-end=\"673\">\ud83e\udd3f <strong data-start=\"493\" data-end=\"517\">Dobrodru\u017estv\u00ed p\u0159i \u0161norchlov\u00e1n\u00ed<\/strong><br data-start=\"517\" data-end=\"520\" \/>Objevte \u017eiv\u00e9 <strong data-start=\"537\" data-end=\"552\">kor\u00e1lov\u00e9 \u00fatesy<\/strong> a pestr\u00fd mo\u0159sk\u00fd \u017eivot <strong data-start=\"585\" data-end=\"609\">p\u0159\u00edmo z pl\u00e1\u017ee<\/strong> nebo se p\u0159ipojit k <strong data-start=\"626\" data-end=\"650\">v\u00fdlet lod\u00ed za \u0161norchlov\u00e1n\u00edm<\/strong> k nedalek\u00fdm \u00fates\u016fm.<\/p>\n<p data-start=\"675\" data-end=\"848\">\ud83d\udea4 <strong data-start=\"678\" data-end=\"712\">Jedine\u010dn\u00fd z\u00e1\u017eitek ze sklen\u011bn\u00e9ho dna<\/strong><br data-start=\"712\" data-end=\"715\" \/>Pron\u00e1jem z\u00e1bavn\u00e9ho a inovativn\u00edho <strong data-start=\"741\" data-end=\"778\">\u201cVodn\u00ed sk\u00fatr se sklen\u011bn\u00fdm dnem \u201dSea-Spi\"<\/strong>, a umo\u017en\u00ed v\u00e1m prozkoumat podmo\u0159sk\u00fd sv\u011bt, ani\u017e byste se namo\u010dili!<\/p>\n<p data-start=\"850\" data-end=\"995\">\ud83c\udf79 <strong data-start=\"853\" data-end=\"871\">Dine &amp; Refresh<\/strong><br data-start=\"871\" data-end=\"874\" \/>V ostrovn\u00edch restaurac\u00edch a barech si m\u016f\u017eete vychutnat lahodn\u00e1 j\u00eddla a osv\u011b\u017euj\u00edc\u00ed n\u00e1poje a z\u00e1rove\u0148 se kochat \u00fachvatn\u00fdm v\u00fdhledem na mo\u0159e.<\/p>\n<p data-start=\"997\" data-end=\"1148\">\u2728 <strong data-start=\"999\" data-end=\"1023\">Ide\u00e1ln\u00ed pro v\u0161echny v\u011bkov\u00e9 kategorie<\/strong><br data-start=\"1023\" data-end=\"1026\" \/>A\u0165 u\u017e hled\u00e1te romantick\u00fd \u00fat\u011bk, rodinn\u00fd v\u00fdlet nebo dobrodru\u017en\u00fd v\u00fdlet za \u0161norchlov\u00e1n\u00edm, Mahmya nab\u00edz\u00ed v\u0161e.<\/p>\n<p data-start=\"73\" data-end=\"94\"><strong data-start=\"73\" data-end=\"92\">\ud83d\uddd3\ufe0f Denn\u00ed program<\/strong><\/p>\n<ul data-start=\"95\" data-end=\"346\">\n<li data-start=\"95\" data-end=\"143\">\n<p data-start=\"97\" data-end=\"143\"><strong data-start=\"97\" data-end=\"111\">Odjezd:<\/strong> 8:30 | <strong data-start=\"122\" data-end=\"133\">N\u00e1vrat:<\/strong> 16:30<\/p>\n<\/li>\n<li data-start=\"144\" data-end=\"238\">\n<p data-start=\"146\" data-end=\"238\"><strong data-start=\"146\" data-end=\"163\">Relaxujte a plavte:<\/strong> Odpo\u010di\u0148te si na nedot\u010den\u00fdch pl\u00e1\u017e\u00edch a osv\u011b\u017ete se v Rud\u00e9m mo\u0159i.<\/p>\n<\/li>\n<li data-start=\"239\" data-end=\"346\">\n<p data-start=\"241\" data-end=\"346\"><strong data-start=\"241\" data-end=\"266\">Dobrodru\u017estv\u00ed p\u0159i \u0161norchlov\u00e1n\u00ed:<\/strong> Prozkoumejte \u017eiv\u00e9 kor\u00e1lov\u00e9 \u00fatesy a pestr\u00fd mo\u0159sk\u00fd \u017eivot v k\u0159i\u0161\u0165\u00e1lov\u011b \u010dist\u00fdch vod\u00e1ch.<\/p>\n<\/li>\n<\/ul>\n<p data-start=\"348\" data-end=\"372\"><strong data-start=\"348\" data-end=\"370\">\u2728 Zahrnut\u00e9 mo\u017enosti<\/strong><\/p>\n<ul data-start=\"373\" data-end=\"546\">\n<li data-start=\"373\" data-end=\"402\">\n<p data-start=\"375\" data-end=\"402\">Hotelov\u00fd transfer tam i zp\u011bt<\/p>\n<\/li>\n<li data-start=\"403\" data-end=\"427\">\n<p data-start=\"405\" data-end=\"427\">Vstupn\u00e9 na ostrov<\/p>\n<\/li>\n<li data-start=\"428\" data-end=\"451\">\n<p data-start=\"430\" data-end=\"451\">P\u0159eprava lod\u00ed<\/p>\n<\/li>\n<li data-start=\"452\" data-end=\"476\">\n<p data-start=\"454\" data-end=\"476\">Vybaven\u00ed pro \u0161norchlov\u00e1n\u00ed<\/p>\n<\/li>\n<li data-start=\"477\" data-end=\"514\">\n<p data-start=\"479\" data-end=\"514\">Bufet s mo\u017enost\u00ed konzumace v\u0161eho po dobu 1 hodiny<\/p>\n<\/li>\n<li data-start=\"515\" data-end=\"546\">\n<p data-start=\"517\" data-end=\"546\">Neomezen\u00e9 mno\u017estv\u00ed n\u00e1poj\u016f po dobu 1 hodiny<\/p>\n<\/li>\n<\/ul>\n<h3 data-start=\"2198\" data-end=\"2225\"><strong data-start=\"2205\" data-end=\"2223\">\ud83e\udd11 Cena exkurze<\/strong><\/h3>\n<p data-start=\"2228\" data-end=\"2260\"><strong data-start=\"2233\" data-end=\"2258\">\u00a0 \u00a0<img decoding=\"async\" class=\"emoji\" role=\"img\" draggable=\"false\" src=\"https:\/\/s.w.org\/images\/core\/emoji\/16.0.1\/svg\/1f64e-1f3fb-200d-2642-fe0f.svg\" alt=\"\ud83d\ude4e\ud83c\udffb\u200d\u2642\ufe0f\" \/> 12 let a v\u00edce 85 \u20ac<\/strong><\/p>\n<p data-start=\"2228\" data-end=\"2260\"><strong data-start=\"2263\" data-end=\"2280\">\u00a0 \u00a0<img decoding=\"async\" class=\"emoji\" role=\"img\" draggable=\"false\" src=\"https:\/\/s.w.org\/images\/core\/emoji\/16.0.1\/svg\/1f9cd-1f3fb-200d-2640-fe0f.svg\" alt=\"\ud83e\uddcd\ud83c\udffb\u200d\u2640\ufe0f\" \/> 3\/11 let 45 \u20ac<\/strong><\/p>\n<p data-start=\"2228\" data-end=\"2260\"><strong data-start=\"2327\" data-end=\"2355\">\u00a0 \u00a0<img decoding=\"async\" class=\"emoji\" role=\"img\" draggable=\"false\" src=\"https:\/\/s.w.org\/images\/core\/emoji\/16.0.1\/svg\/1f47c-1f3fc.svg\" alt=\"\ud83d\udc7c\ud83c\udffc\" \/> -3 roky zdarma<\/strong><\/p>\n<h3 data-start=\"2198\" data-end=\"2225\"><strong data-start=\"2205\" data-end=\"2223\">Platba v USD ($ \ud83c\uddfa\ud83c\uddf8) m\u00edsto v EUR (\u20ac \ud83c\uddea\ud83c\uddfa) je mo\u017en\u00e1 podle denn\u00edho kurzu banky.<\/strong><\/h3>\n<p><strong>Kniha p\u0159es WhatsApp:<\/strong><\/p>\n<p><a href=\"https:\/\/api.whatsapp.com\/send\/?phone=01024021616\" target=\"_blank\" rel=\"noopener\">\u00a0<img decoding=\"async\" class=\"alignnone wp-image-2058\" src=\"https:\/\/poehalisnamiegypt.com\/wp-content\/uploads\/2024\/02\/pngwing.com_-300x300.png\" sizes=\"auto, (max-width: 35px) 100vw, 35px\" srcset=\"https:\/\/poehalisnamiegypt.com\/wp-content\/uploads\/2024\/02\/pngwing.com_-300x300.png 300w, https:\/\/poehalisnamiegypt.com\/wp-content\/uploads\/2024\/02\/pngwing.com_-150x150.png 150w, https:\/\/poehalisnamiegypt.com\/wp-content\/uploads\/2024\/02\/pngwing.com_.png 584w\" alt=\"\" width=\"53\" height=\"53\" \/><\/a><\/p>","protected":false},"excerpt":{"rendered":"<p>\ud83c\udf34 Mahmya Island \u2013 A Hidden Paradise on the Red Sea Despite its name, Mahmya Island is not a separate island, but a pristine section of Big Giftun Island in the famous Giftun Islands archipelago off the stunning Hurghada coastline. \ud83c\udfd6\ufe0f Relax on Soft Sandy BeachesUnwind on the sun-kissed shores, feel the golden sands beneath [&hellip;]<\/p>\n","protected":false},"featured_media":9976,"comment_status":"open","ping_status":"closed","template":"","meta":[],"product_brand":[],"product_cat":[68],"product_tag":[],"class_list":{"0":"post-9972","1":"product","2":"type-product","3":"status-publish","4":"has-post-thumbnail","6":"product_cat-sea","8":"first","9":"instock","10":"shipping-taxable","11":"purchasable","12":"product-type-ovabrw_car_rental"},"yoast_head":"<!-- This site is optimized with the Yoast SEO plugin v27.5 - https:\/\/yoast.com\/product\/yoast-seo-wordpress\/ -->\n<title>Mahmya Island: Snorkeling, Beaches &amp; Relaxation - Golden Horizont Egypt<\/title>\n<meta name=\"robots\" content=\"index, follow, max-snippet:-1, max-image-preview:large, max-video-preview:-1\" \/>\n<link rel=\"canonical\" href=\"https:\/\/goldenhorizontegypt.com\/cs\/produkt\/mahmya-trip\/\" \/>\n<meta property=\"og:locale\" content=\"cs_CZ\" \/>\n<meta property=\"og:type\" content=\"article\" \/>\n<meta property=\"og:title\" content=\"Mahmya Island: Snorkeling, Beaches &amp; Relaxation - Golden Horizont Egypt\" \/>\n<meta property=\"og:description\" content=\"\ud83c\udf34 Mahmya Island \u2013 A Hidden Paradise on the Red Sea Despite its name, Mahmya Island is not a separate island, but a pristine section of Big Giftun Island in the famous Giftun Islands archipelago off the stunning Hurghada coastline. \ud83c\udfd6\ufe0f Relax on Soft Sandy BeachesUnwind on the sun-kissed shores, feel the golden sands beneath [&hellip;]\" \/>\n<meta property=\"og:url\" content=\"https:\/\/goldenhorizontegypt.com\/cs\/produkt\/mahmya-trip\/\" \/>\n<meta property=\"og:site_name\" content=\"Golden Horizont Egypt\" \/>\n<meta property=\"article:modified_time\" content=\"2026-01-02T18:10:16+00:00\" \/>\n<meta property=\"og:image\" content=\"https:\/\/goldenhorizontegypt.com\/wp-content\/uploads\/2025\/09\/4-3.jpg\" \/>\n\t<meta property=\"og:image:width\" content=\"640\" \/>\n\t<meta property=\"og:image:height\" content=\"360\" \/>\n\t<meta property=\"og:image:type\" content=\"image\/jpeg\" \/>\n<meta name=\"twitter:card\" content=\"summary_large_image\" \/>\n<meta name=\"twitter:label1\" content=\"Odhadovan\u00e1 doba \u010dten\u00ed\" \/>\n\t<meta name=\"twitter:data1\" content=\"1 minuta\" \/>\n<script type=\"application\/ld+json\" class=\"yoast-schema-graph\">{\"@context\":\"https:\\\/\\\/schema.org\",\"@graph\":[{\"@type\":\"WebPage\",\"@id\":\"https:\\\/\\\/goldenhorizontegypt.com\\\/product\\\/mahmya-trip\\\/\",\"url\":\"https:\\\/\\\/goldenhorizontegypt.com\\\/product\\\/mahmya-trip\\\/\",\"name\":\"Mahmya Island: Snorkeling, Beaches & Relaxation - Golden Horizont Egypt\",\"isPartOf\":{\"@id\":\"https:\\\/\\\/goldenhorizontegypt.com\\\/#website\"},\"primaryImageOfPage\":{\"@id\":\"https:\\\/\\\/goldenhorizontegypt.com\\\/product\\\/mahmya-trip\\\/#primaryimage\"},\"image\":{\"@id\":\"https:\\\/\\\/goldenhorizontegypt.com\\\/product\\\/mahmya-trip\\\/#primaryimage\"},\"thumbnailUrl\":\"https:\\\/\\\/goldenhorizontegypt.com\\\/wp-content\\\/uploads\\\/2025\\\/09\\\/4-3.jpg\",\"datePublished\":\"2025-09-08T08:33:56+00:00\",\"dateModified\":\"2026-01-02T18:10:16+00:00\",\"breadcrumb\":{\"@id\":\"https:\\\/\\\/goldenhorizontegypt.com\\\/product\\\/mahmya-trip\\\/#breadcrumb\"},\"inLanguage\":\"cs\",\"potentialAction\":[{\"@type\":\"ReadAction\",\"target\":[\"https:\\\/\\\/goldenhorizontegypt.com\\\/product\\\/mahmya-trip\\\/\"]}]},{\"@type\":\"ImageObject\",\"inLanguage\":\"cs\",\"@id\":\"https:\\\/\\\/goldenhorizontegypt.com\\\/product\\\/mahmya-trip\\\/#primaryimage\",\"url\":\"https:\\\/\\\/goldenhorizontegypt.com\\\/wp-content\\\/uploads\\\/2025\\\/09\\\/4-3.jpg\",\"contentUrl\":\"https:\\\/\\\/goldenhorizontegypt.com\\\/wp-content\\\/uploads\\\/2025\\\/09\\\/4-3.jpg\",\"width\":640,\"height\":360},{\"@type\":\"BreadcrumbList\",\"@id\":\"https:\\\/\\\/goldenhorizontegypt.com\\\/product\\\/mahmya-trip\\\/#breadcrumb\",\"itemListElement\":[{\"@type\":\"ListItem\",\"position\":1,\"name\":\"Home\",\"item\":\"https:\\\/\\\/goldenhorizontegypt.com\\\/\"},{\"@type\":\"ListItem\",\"position\":2,\"name\":\"Shop\",\"item\":\"https:\\\/\\\/goldenhorizontegypt.com\\\/shop\\\/\"},{\"@type\":\"ListItem\",\"position\":3,\"name\":\"Mahmya Island: Snorkeling, Beaches &#038; Relaxation\"}]},{\"@type\":\"WebSite\",\"@id\":\"https:\\\/\\\/goldenhorizontegypt.com\\\/#website\",\"url\":\"https:\\\/\\\/goldenhorizontegypt.com\\\/\",\"name\":\"Golden Horizont Egypt\",\"description\":\"\",\"potentialAction\":[{\"@type\":\"SearchAction\",\"target\":{\"@type\":\"EntryPoint\",\"urlTemplate\":\"https:\\\/\\\/goldenhorizontegypt.com\\\/?s={search_term_string}\"},\"query-input\":{\"@type\":\"PropertyValueSpecification\",\"valueRequired\":true,\"valueName\":\"search_term_string\"}}],\"inLanguage\":\"cs\"}]}<\/script>\n<!-- \/ Yoast SEO plugin. -->","yoast_head_json":{"title":"Mahmya Island: Snorkeling, Beaches & Relaxation - Golden Horizont Egypt","robots":{"index":"index","follow":"follow","max-snippet":"max-snippet:-1","max-image-preview":"max-image-preview:large","max-video-preview":"max-video-preview:-1"},"canonical":"https:\/\/goldenhorizontegypt.com\/cs\/produkt\/mahmya-trip\/","og_locale":"cs_CZ","og_type":"article","og_title":"Mahmya Island: Snorkeling, Beaches & Relaxation - Golden Horizont Egypt","og_description":"\ud83c\udf34 Mahmya Island \u2013 A Hidden Paradise on the Red Sea Despite its name, Mahmya Island is not a separate island, but a pristine section of Big Giftun Island in the famous Giftun Islands archipelago off the stunning Hurghada coastline. \ud83c\udfd6\ufe0f Relax on Soft Sandy BeachesUnwind on the sun-kissed shores, feel the golden sands beneath [&hellip;]","og_url":"https:\/\/goldenhorizontegypt.com\/cs\/produkt\/mahmya-trip\/","og_site_name":"Golden Horizont Egypt","article_modified_time":"2026-01-02T18:10:16+00:00","og_image":[{"width":640,"height":360,"url":"https:\/\/goldenhorizontegypt.com\/wp-content\/uploads\/2025\/09\/4-3.jpg","type":"image\/jpeg"}],"twitter_card":"summary_large_image","twitter_misc":{"Odhadovan\u00e1 doba \u010dten\u00ed":"1 minuta"},"schema":{"@context":"https:\/\/schema.org","@graph":[{"@type":"WebPage","@id":"https:\/\/goldenhorizontegypt.com\/product\/mahmya-trip\/","url":"https:\/\/goldenhorizontegypt.com\/product\/mahmya-trip\/","name":"Mahmya Island: Snorkeling, Beaches & Relaxation - Golden Horizont Egypt","isPartOf":{"@id":"https:\/\/goldenhorizontegypt.com\/#website"},"primaryImageOfPage":{"@id":"https:\/\/goldenhorizontegypt.com\/product\/mahmya-trip\/#primaryimage"},"image":{"@id":"https:\/\/goldenhorizontegypt.com\/product\/mahmya-trip\/#primaryimage"},"thumbnailUrl":"https:\/\/goldenhorizontegypt.com\/wp-content\/uploads\/2025\/09\/4-3.jpg","datePublished":"2025-09-08T08:33:56+00:00","dateModified":"2026-01-02T18:10:16+00:00","breadcrumb":{"@id":"https:\/\/goldenhorizontegypt.com\/product\/mahmya-trip\/#breadcrumb"},"inLanguage":"cs","potentialAction":[{"@type":"ReadAction","target":["https:\/\/goldenhorizontegypt.com\/product\/mahmya-trip\/"]}]},{"@type":"ImageObject","inLanguage":"cs","@id":"https:\/\/goldenhorizontegypt.com\/product\/mahmya-trip\/#primaryimage","url":"https:\/\/goldenhorizontegypt.com\/wp-content\/uploads\/2025\/09\/4-3.jpg","contentUrl":"https:\/\/goldenhorizontegypt.com\/wp-content\/uploads\/2025\/09\/4-3.jpg","width":640,"height":360},{"@type":"BreadcrumbList","@id":"https:\/\/goldenhorizontegypt.com\/product\/mahmya-trip\/#breadcrumb","itemListElement":[{"@type":"ListItem","position":1,"name":"Home","item":"https:\/\/goldenhorizontegypt.com\/"},{"@type":"ListItem","position":2,"name":"Shop","item":"https:\/\/goldenhorizontegypt.com\/shop\/"},{"@type":"ListItem","position":3,"name":"Mahmya Island: Snorkeling, Beaches &#038; Relaxation"}]},{"@type":"WebSite","@id":"https:\/\/goldenhorizontegypt.com\/#website","url":"https:\/\/goldenhorizontegypt.com\/","name":"Golden Horizont Egypt","description":"","potentialAction":[{"@type":"SearchAction","target":{"@type":"EntryPoint","urlTemplate":"https:\/\/goldenhorizontegypt.com\/?s={search_term_string}"},"query-input":{"@type":"PropertyValueSpecification","valueRequired":true,"valueName":"search_term_string"}}],"inLanguage":"cs"}]}},"_links":{"self":[{"href":"https:\/\/goldenhorizontegypt.com\/cs\/wp-json\/wp\/v2\/product\/9972","targetHints":{"allow":["GET"]}}],"collection":[{"href":"https:\/\/goldenhorizontegypt.com\/cs\/wp-json\/wp\/v2\/product"}],"about":[{"href":"https:\/\/goldenhorizontegypt.com\/cs\/wp-json\/wp\/v2\/types\/product"}],"replies":[{"embeddable":true,"href":"https:\/\/goldenhorizontegypt.com\/cs\/wp-json\/wp\/v2\/comments?post=9972"}],"wp:featuredmedia":[{"embeddable":true,"href":"https:\/\/goldenhorizontegypt.com\/cs\/wp-json\/wp\/v2\/media\/9976"}],"wp:attachment":[{"href":"https:\/\/goldenhorizontegypt.com\/cs\/wp-json\/wp\/v2\/media?parent=9972"}],"wp:term":[{"taxonomy":"product_brand","embeddable":true,"href":"https:\/\/goldenhorizontegypt.com\/cs\/wp-json\/wp\/v2\/product_brand?post=9972"},{"taxonomy":"product_cat","embeddable":true,"href":"https:\/\/goldenhorizontegypt.com\/cs\/wp-json\/wp\/v2\/product_cat?post=9972"},{"taxonomy":"product_tag","embeddable":true,"href":"https:\/\/goldenhorizontegypt.com\/cs\/wp-json\/wp\/v2\/product_tag?post=9972"}],"curies":[{"name":"wp","href":"https:\/\/api.w.org\/{rel}","templated":true}]}}