{"id":9963,"date":"2025-09-08T08:12:24","date_gmt":"2025-09-08T08:12:24","guid":{"rendered":"https:\/\/goldenhorizontegypt.com\/?post_type=product&#038;p=9963"},"modified":"2025-11-28T15:06:47","modified_gmt":"2025-11-28T15:06:47","slug":"sharm-elnaqa-trip","status":"publish","type":"product","link":"https:\/\/goldenhorizontegypt.com\/cs\/produkt\/sharm-elnaqa-trip\/","title":{"rendered":"Sharm El Naga: \u0160norchlov\u00e1n\u00ed, pl\u00e1\u017ee a relaxace"},"content":{"rendered":"<h2 data-start=\"123\" data-end=\"191\">\ud83c\udf0a <strong data-start=\"129\" data-end=\"189\">Nezapomenuteln\u00fd v\u00fdlet za \u0161norchlov\u00e1n\u00edm a relaxac\u00ed v Sharm El Naga<\/strong><\/h2>\n<p data-start=\"193\" data-end=\"377\">Vydejte se na cestu do <strong data-start=\"216\" data-end=\"233\">Sharm El Naga<\/strong>, jeden z nej\u00fachvatn\u011bj\u0161\u00edch poklad\u016f na egyptsk\u00e9m pob\u0159e\u017e\u00ed, kde se <strong data-start=\"293\" data-end=\"364\">k\u0159i\u0161\u0165\u00e1lov\u011b \u010dist\u00e9 vody, \u017eiv\u00e9 kor\u00e1lov\u00e9 \u00fatesy a zlatav\u00e9 p\u00edse\u010dn\u00e9 pl\u00e1\u017ee.<\/strong> \u010dek\u00e1 na v\u00e1s!<\/p>\n<h3 data-start=\"379\" data-end=\"420\">\ud83c\udfdd <strong data-start=\"386\" data-end=\"418\">R\u00e1j p\u0159\u00edrodn\u00edch kr\u00e1s<\/strong><\/h3>\n<p data-start=\"421\" data-end=\"673\">Sharm El Naga je proslul\u00fd sv\u00fdmi <strong data-start=\"455\" data-end=\"487\">nedot\u010den\u00e9 p\u0159\u00edrodn\u00ed prost\u0159ed\u00ed<\/strong>, daleko od p\u0159epln\u011bn\u00fdch turistick\u00fdch m\u00edst. D\u00edky klidn\u00e9mu tyrkysov\u00e9mu mo\u0159i a nedot\u010den\u00fdm kor\u00e1lov\u00fdm zahrad\u00e1m nab\u00edz\u00ed jedine\u010dnou p\u0159\u00edle\u017eitost spojit se s p\u0159\u00edrodou a vychutnat si klidn\u00fd p\u016fvab Rud\u00e9ho mo\u0159e.<\/p>\n<h3 data-start=\"675\" data-end=\"719\">\ud83e\udd3f <strong data-start=\"682\" data-end=\"717\">\u0160norchlov\u00e1n\u00ed a podvodn\u00ed z\u00e1zraky<\/strong><\/h3>\n<p data-start=\"720\" data-end=\"767\">Pono\u0159te se do podmo\u0159sk\u00e9ho r\u00e1je pln\u00e9ho:<\/p>\n<ul data-start=\"768\" data-end=\"870\">\n<li data-start=\"768\" data-end=\"797\">\n<p data-start=\"770\" data-end=\"797\">\ud83d\udc20 Barevn\u00e9 tropick\u00e9 ryby<\/p>\n<\/li>\n<li data-start=\"798\" data-end=\"828\">\n<p data-start=\"800\" data-end=\"828\">\ud83e\udeb8 \u00dachvatn\u00e9 kor\u00e1lov\u00e9 \u00fatesy<\/p>\n<\/li>\n<\/ul>\n<p data-start=\"872\" data-end=\"1011\">A\u0165 u\u017e jste za\u010d\u00e1te\u010dn\u00edk, nebo zku\u0161en\u00fd \u0161norchla\u0159, <strong data-start=\"928\" data-end=\"951\">profesion\u00e1ln\u00ed pr\u016fvodci<\/strong> v\u00e1m zajist\u00ed bezpe\u010dn\u00fd a nezapomenuteln\u00fd z\u00e1\u017eitek.<\/p>\n<h3 data-start=\"1013\" data-end=\"1046\">\ud83c\udf1e <strong data-start=\"1020\" data-end=\"1044\">Relaxace a pohodl\u00ed<\/strong><\/h3>\n<p data-start=\"1047\" data-end=\"1152\">Po dobrodru\u017estv\u00ed se \u0161norchlov\u00e1n\u00edm si odpo\u010di\u0148te na <strong data-start=\"1094\" data-end=\"1114\">jemn\u00e1 p\u00edse\u010dn\u00e1 pl\u00e1\u017e<\/strong> pod h\u0159ejiv\u00fdm egyptsk\u00fdm sluncem. U\u017eijte si:<\/p>\n<ul data-start=\"1153\" data-end=\"1269\">\n<li data-start=\"1153\" data-end=\"1191\">\n<p data-start=\"1155\" data-end=\"1191\">\ud83e\ude91 Pohodln\u00e1 leh\u00e1tka a slune\u010dn\u00edky<\/p>\n<\/li>\n<li data-start=\"1192\" data-end=\"1216\">\n<p data-start=\"1194\" data-end=\"1216\">\ud83c\udf79 Osv\u011b\u017euj\u00edc\u00ed n\u00e1poje<\/p>\n<\/li>\n<li data-start=\"1217\" data-end=\"1269\">\n<p data-start=\"1219\" data-end=\"1269\">\ud83c\udf74 Lahodn\u00fd ob\u011bd formou bufetu s m\u00edstn\u00edmi specialitami<\/p>\n<\/li>\n<\/ul>\n<h3 data-start=\"1271\" data-end=\"1300\">\ud83d\udea4 <strong data-start=\"1278\" data-end=\"1298\">Bezprobl\u00e9mov\u00e1 cesta<\/strong><\/h3>\n<p data-start=\"1301\" data-end=\"1325\">Va\u0161e cesta zahrnuje:<\/p>\n<ul data-start=\"1326\" data-end=\"1439\">\n<li data-start=\"1326\" data-end=\"1367\">\n<p data-start=\"1328\" data-end=\"1367\">\ud83d\ude8c Vyzvednut\u00ed a odvoz z va\u0161eho hotelu<\/p>\n<\/li>\n<li data-start=\"1368\" data-end=\"1398\">\n<p data-start=\"1370\" data-end=\"1398\">\ud83e\udded Zku\u0161en\u00ed pr\u016fvodci<\/p>\n<\/li>\n<li data-start=\"1399\" data-end=\"1439\">\n<p data-start=\"1401\" data-end=\"1439\">\ud83e\udd64 Nealkoholick\u00e9 n\u00e1poje a voda zdarma<\/p>\n<\/li>\n<\/ul>\n<h3 data-start=\"1441\" data-end=\"1480\">\ud83c\udfb5 <strong data-start=\"1448\" data-end=\"1478\">Den pln\u00fd z\u00e1bavy a pohody<\/strong><\/h3>\n<p data-start=\"1481\" data-end=\"1645\">A\u017e budete odpo\u010d\u00edvat u mo\u0159e nebo prozkoum\u00e1vat \u017eiv\u00fd podmo\u0159sk\u00fd sv\u011bt, u\u017eijte si den pln\u00fd z\u00e1\u017eitk\u016f. <strong data-start=\"1570\" data-end=\"1609\">z\u00e1bava, relaxace a n\u00e1dhern\u00fd v\u00fdhled<\/strong> kter\u00e9 zanechaj\u00ed trval\u00e9 vzpom\u00ednky.<\/p>\n<h3 data-start=\"2198\" data-end=\"2225\"><strong data-start=\"2205\" data-end=\"2223\">\ud83e\udd11 Cena exkurze<\/strong><\/h3>\n<p data-start=\"2228\" data-end=\"2260\"><strong data-start=\"2233\" data-end=\"2258\">\u00a0 \u00a0<img decoding=\"async\" class=\"emoji\" role=\"img\" draggable=\"false\" src=\"https:\/\/s.w.org\/images\/core\/emoji\/16.0.1\/svg\/1f64e-1f3fb-200d-2642-fe0f.svg\" alt=\"\ud83d\ude4e\ud83c\udffb\u200d\u2642\ufe0f\" \/> 10 let a v\u00edce ne\u017e 50 \u20ac<\/strong><\/p>\n<p data-start=\"2228\" data-end=\"2260\"><strong data-start=\"2263\" data-end=\"2280\">\u00a0 \u00a0<img decoding=\"async\" class=\"emoji\" role=\"img\" draggable=\"false\" src=\"https:\/\/s.w.org\/images\/core\/emoji\/16.0.1\/svg\/1f9cd-1f3fb-200d-2640-fe0f.svg\" alt=\"\ud83e\uddcd\ud83c\udffb\u200d\u2640\ufe0f\" \/> 6\/9 let 25 \u20ac<\/strong><\/p>\n<p data-start=\"2228\" data-end=\"2260\"><strong data-start=\"2327\" data-end=\"2355\">\u00a0 \u00a0<img decoding=\"async\" class=\"emoji\" role=\"img\" draggable=\"false\" src=\"https:\/\/s.w.org\/images\/core\/emoji\/16.0.1\/svg\/1f47c-1f3fc.svg\" alt=\"\ud83d\udc7c\ud83c\udffc\" \/> -5 let Zdarma\u00a0<\/strong><\/p>\n<h3 data-start=\"2198\" data-end=\"2225\"><strong data-start=\"2205\" data-end=\"2223\">Platba v USD ($ \ud83c\uddfa\ud83c\uddf8) m\u00edsto v EUR (\u20ac \ud83c\uddea\ud83c\uddfa) je mo\u017en\u00e1 podle denn\u00edho kurzu banky.<\/strong><\/h3>\n<p><strong>Kniha p\u0159es WhatsApp:<\/strong><\/p>\n<p><a href=\"https:\/\/api.whatsapp.com\/send\/?phone=01021058859\" target=\"_blank\" rel=\"noopener\">\u00a0<img decoding=\"async\" class=\"alignnone wp-image-2058\" src=\"https:\/\/poehalisnamiegypt.com\/wp-content\/uploads\/2024\/02\/pngwing.com_-300x300.png\" sizes=\"auto, (max-width: 35px) 100vw, 35px\" srcset=\"https:\/\/poehalisnamiegypt.com\/wp-content\/uploads\/2024\/02\/pngwing.com_-300x300.png 300w, https:\/\/poehalisnamiegypt.com\/wp-content\/uploads\/2024\/02\/pngwing.com_-150x150.png 150w, https:\/\/poehalisnamiegypt.com\/wp-content\/uploads\/2024\/02\/pngwing.com_.png 584w\" alt=\"\" width=\"53\" height=\"53\" \/><\/a><\/p>","protected":false},"excerpt":{"rendered":"<p>\ud83c\udf0a Unforgettable Sharm El Naga Snorkeling &amp; Relaxation Trip Embark on a journey to Sharm El Naga, one of Egypt\u2019s most breathtaking coastal treasures, where crystal-clear waters, vibrant coral reefs, and golden sandy beaches await you! \ud83c\udfdd A Paradise of Natural Beauty Sharm El Naga is renowned for its pristine natural environment, far from the [&hellip;]<\/p>\n","protected":false},"featured_media":9971,"comment_status":"open","ping_status":"closed","template":"","meta":[],"product_brand":[],"product_cat":[68],"product_tag":[],"class_list":{"0":"post-9963","1":"product","2":"type-product","3":"status-publish","4":"has-post-thumbnail","6":"product_cat-sea","8":"first","9":"instock","10":"shipping-taxable","11":"purchasable","12":"product-type-ovabrw_car_rental"},"yoast_head":"<!-- This site is optimized with the Yoast SEO plugin v27.5 - https:\/\/yoast.com\/product\/yoast-seo-wordpress\/ -->\n<title>Sharm El Naga: Snorkeling, Beaches &amp; Relaxation - Golden Horizont Egypt<\/title>\n<meta name=\"robots\" content=\"index, follow, max-snippet:-1, max-image-preview:large, max-video-preview:-1\" \/>\n<link rel=\"canonical\" href=\"https:\/\/goldenhorizontegypt.com\/cs\/produkt\/sharm-elnaqa-trip\/\" \/>\n<meta property=\"og:locale\" content=\"cs_CZ\" \/>\n<meta property=\"og:type\" content=\"article\" \/>\n<meta property=\"og:title\" content=\"Sharm El Naga: Snorkeling, Beaches &amp; Relaxation - Golden Horizont Egypt\" \/>\n<meta property=\"og:description\" content=\"\ud83c\udf0a Unforgettable Sharm El Naga Snorkeling &amp; Relaxation Trip Embark on a journey to Sharm El Naga, one of Egypt\u2019s most breathtaking coastal treasures, where crystal-clear waters, vibrant coral reefs, and golden sandy beaches await you! \ud83c\udfdd A Paradise of Natural Beauty Sharm El Naga is renowned for its pristine natural environment, far from the [&hellip;]\" \/>\n<meta property=\"og:url\" content=\"https:\/\/goldenhorizontegypt.com\/cs\/produkt\/sharm-elnaqa-trip\/\" \/>\n<meta property=\"og:site_name\" content=\"Golden Horizont Egypt\" \/>\n<meta property=\"article:modified_time\" content=\"2025-11-28T15:06:47+00:00\" \/>\n<meta property=\"og:image\" content=\"https:\/\/goldenhorizontegypt.com\/wp-content\/uploads\/2025\/09\/snorkel-trip-tiran-sharm-9.jpg\" \/>\n\t<meta property=\"og:image:width\" content=\"650\" \/>\n\t<meta property=\"og:image:height\" content=\"470\" \/>\n\t<meta property=\"og:image:type\" content=\"image\/jpeg\" \/>\n<meta name=\"twitter:card\" content=\"summary_large_image\" \/>\n<meta name=\"twitter:label1\" content=\"Odhadovan\u00e1 doba \u010dten\u00ed\" \/>\n\t<meta name=\"twitter:data1\" content=\"1 minuta\" \/>\n<script type=\"application\/ld+json\" class=\"yoast-schema-graph\">{\"@context\":\"https:\\\/\\\/schema.org\",\"@graph\":[{\"@type\":\"WebPage\",\"@id\":\"https:\\\/\\\/goldenhorizontegypt.com\\\/product\\\/sharm-elnaqa-trip\\\/\",\"url\":\"https:\\\/\\\/goldenhorizontegypt.com\\\/product\\\/sharm-elnaqa-trip\\\/\",\"name\":\"Sharm El Naga: Snorkeling, Beaches & Relaxation - Golden Horizont Egypt\",\"isPartOf\":{\"@id\":\"https:\\\/\\\/goldenhorizontegypt.com\\\/#website\"},\"primaryImageOfPage\":{\"@id\":\"https:\\\/\\\/goldenhorizontegypt.com\\\/product\\\/sharm-elnaqa-trip\\\/#primaryimage\"},\"image\":{\"@id\":\"https:\\\/\\\/goldenhorizontegypt.com\\\/product\\\/sharm-elnaqa-trip\\\/#primaryimage\"},\"thumbnailUrl\":\"https:\\\/\\\/goldenhorizontegypt.com\\\/wp-content\\\/uploads\\\/2025\\\/09\\\/snorkel-trip-tiran-sharm-9.jpg\",\"datePublished\":\"2025-09-08T08:12:24+00:00\",\"dateModified\":\"2025-11-28T15:06:47+00:00\",\"breadcrumb\":{\"@id\":\"https:\\\/\\\/goldenhorizontegypt.com\\\/product\\\/sharm-elnaqa-trip\\\/#breadcrumb\"},\"inLanguage\":\"cs\",\"potentialAction\":[{\"@type\":\"ReadAction\",\"target\":[\"https:\\\/\\\/goldenhorizontegypt.com\\\/product\\\/sharm-elnaqa-trip\\\/\"]}]},{\"@type\":\"ImageObject\",\"inLanguage\":\"cs\",\"@id\":\"https:\\\/\\\/goldenhorizontegypt.com\\\/product\\\/sharm-elnaqa-trip\\\/#primaryimage\",\"url\":\"https:\\\/\\\/goldenhorizontegypt.com\\\/wp-content\\\/uploads\\\/2025\\\/09\\\/snorkel-trip-tiran-sharm-9.jpg\",\"contentUrl\":\"https:\\\/\\\/goldenhorizontegypt.com\\\/wp-content\\\/uploads\\\/2025\\\/09\\\/snorkel-trip-tiran-sharm-9.jpg\",\"width\":650,\"height\":470},{\"@type\":\"BreadcrumbList\",\"@id\":\"https:\\\/\\\/goldenhorizontegypt.com\\\/product\\\/sharm-elnaqa-trip\\\/#breadcrumb\",\"itemListElement\":[{\"@type\":\"ListItem\",\"position\":1,\"name\":\"Home\",\"item\":\"https:\\\/\\\/goldenhorizontegypt.com\\\/\"},{\"@type\":\"ListItem\",\"position\":2,\"name\":\"Shop\",\"item\":\"https:\\\/\\\/goldenhorizontegypt.com\\\/shop\\\/\"},{\"@type\":\"ListItem\",\"position\":3,\"name\":\"Sharm El Naga: Snorkeling, Beaches &#038; Relaxation\"}]},{\"@type\":\"WebSite\",\"@id\":\"https:\\\/\\\/goldenhorizontegypt.com\\\/#website\",\"url\":\"https:\\\/\\\/goldenhorizontegypt.com\\\/\",\"name\":\"Golden Horizont Egypt\",\"description\":\"\",\"potentialAction\":[{\"@type\":\"SearchAction\",\"target\":{\"@type\":\"EntryPoint\",\"urlTemplate\":\"https:\\\/\\\/goldenhorizontegypt.com\\\/?s={search_term_string}\"},\"query-input\":{\"@type\":\"PropertyValueSpecification\",\"valueRequired\":true,\"valueName\":\"search_term_string\"}}],\"inLanguage\":\"cs\"}]}<\/script>\n<!-- \/ Yoast SEO plugin. -->","yoast_head_json":{"title":"Sharm El Naga: Snorkeling, Beaches & Relaxation - Golden Horizont Egypt","robots":{"index":"index","follow":"follow","max-snippet":"max-snippet:-1","max-image-preview":"max-image-preview:large","max-video-preview":"max-video-preview:-1"},"canonical":"https:\/\/goldenhorizontegypt.com\/cs\/produkt\/sharm-elnaqa-trip\/","og_locale":"cs_CZ","og_type":"article","og_title":"Sharm El Naga: Snorkeling, Beaches & Relaxation - Golden Horizont Egypt","og_description":"\ud83c\udf0a Unforgettable Sharm El Naga Snorkeling &amp; Relaxation Trip Embark on a journey to Sharm El Naga, one of Egypt\u2019s most breathtaking coastal treasures, where crystal-clear waters, vibrant coral reefs, and golden sandy beaches await you! \ud83c\udfdd A Paradise of Natural Beauty Sharm El Naga is renowned for its pristine natural environment, far from the [&hellip;]","og_url":"https:\/\/goldenhorizontegypt.com\/cs\/produkt\/sharm-elnaqa-trip\/","og_site_name":"Golden Horizont Egypt","article_modified_time":"2025-11-28T15:06:47+00:00","og_image":[{"width":650,"height":470,"url":"https:\/\/goldenhorizontegypt.com\/wp-content\/uploads\/2025\/09\/snorkel-trip-tiran-sharm-9.jpg","type":"image\/jpeg"}],"twitter_card":"summary_large_image","twitter_misc":{"Odhadovan\u00e1 doba \u010dten\u00ed":"1 minuta"},"schema":{"@context":"https:\/\/schema.org","@graph":[{"@type":"WebPage","@id":"https:\/\/goldenhorizontegypt.com\/product\/sharm-elnaqa-trip\/","url":"https:\/\/goldenhorizontegypt.com\/product\/sharm-elnaqa-trip\/","name":"Sharm El Naga: Snorkeling, Beaches & Relaxation - Golden Horizont Egypt","isPartOf":{"@id":"https:\/\/goldenhorizontegypt.com\/#website"},"primaryImageOfPage":{"@id":"https:\/\/goldenhorizontegypt.com\/product\/sharm-elnaqa-trip\/#primaryimage"},"image":{"@id":"https:\/\/goldenhorizontegypt.com\/product\/sharm-elnaqa-trip\/#primaryimage"},"thumbnailUrl":"https:\/\/goldenhorizontegypt.com\/wp-content\/uploads\/2025\/09\/snorkel-trip-tiran-sharm-9.jpg","datePublished":"2025-09-08T08:12:24+00:00","dateModified":"2025-11-28T15:06:47+00:00","breadcrumb":{"@id":"https:\/\/goldenhorizontegypt.com\/product\/sharm-elnaqa-trip\/#breadcrumb"},"inLanguage":"cs","potentialAction":[{"@type":"ReadAction","target":["https:\/\/goldenhorizontegypt.com\/product\/sharm-elnaqa-trip\/"]}]},{"@type":"ImageObject","inLanguage":"cs","@id":"https:\/\/goldenhorizontegypt.com\/product\/sharm-elnaqa-trip\/#primaryimage","url":"https:\/\/goldenhorizontegypt.com\/wp-content\/uploads\/2025\/09\/snorkel-trip-tiran-sharm-9.jpg","contentUrl":"https:\/\/goldenhorizontegypt.com\/wp-content\/uploads\/2025\/09\/snorkel-trip-tiran-sharm-9.jpg","width":650,"height":470},{"@type":"BreadcrumbList","@id":"https:\/\/goldenhorizontegypt.com\/product\/sharm-elnaqa-trip\/#breadcrumb","itemListElement":[{"@type":"ListItem","position":1,"name":"Home","item":"https:\/\/goldenhorizontegypt.com\/"},{"@type":"ListItem","position":2,"name":"Shop","item":"https:\/\/goldenhorizontegypt.com\/shop\/"},{"@type":"ListItem","position":3,"name":"Sharm El Naga: Snorkeling, Beaches &#038; Relaxation"}]},{"@type":"WebSite","@id":"https:\/\/goldenhorizontegypt.com\/#website","url":"https:\/\/goldenhorizontegypt.com\/","name":"Golden Horizont Egypt","description":"","potentialAction":[{"@type":"SearchAction","target":{"@type":"EntryPoint","urlTemplate":"https:\/\/goldenhorizontegypt.com\/?s={search_term_string}"},"query-input":{"@type":"PropertyValueSpecification","valueRequired":true,"valueName":"search_term_string"}}],"inLanguage":"cs"}]}},"_links":{"self":[{"href":"https:\/\/goldenhorizontegypt.com\/cs\/wp-json\/wp\/v2\/product\/9963","targetHints":{"allow":["GET"]}}],"collection":[{"href":"https:\/\/goldenhorizontegypt.com\/cs\/wp-json\/wp\/v2\/product"}],"about":[{"href":"https:\/\/goldenhorizontegypt.com\/cs\/wp-json\/wp\/v2\/types\/product"}],"replies":[{"embeddable":true,"href":"https:\/\/goldenhorizontegypt.com\/cs\/wp-json\/wp\/v2\/comments?post=9963"}],"wp:featuredmedia":[{"embeddable":true,"href":"https:\/\/goldenhorizontegypt.com\/cs\/wp-json\/wp\/v2\/media\/9971"}],"wp:attachment":[{"href":"https:\/\/goldenhorizontegypt.com\/cs\/wp-json\/wp\/v2\/media?parent=9963"}],"wp:term":[{"taxonomy":"product_brand","embeddable":true,"href":"https:\/\/goldenhorizontegypt.com\/cs\/wp-json\/wp\/v2\/product_brand?post=9963"},{"taxonomy":"product_cat","embeddable":true,"href":"https:\/\/goldenhorizontegypt.com\/cs\/wp-json\/wp\/v2\/product_cat?post=9963"},{"taxonomy":"product_tag","embeddable":true,"href":"https:\/\/goldenhorizontegypt.com\/cs\/wp-json\/wp\/v2\/product_tag?post=9963"}],"curies":[{"name":"wp","href":"https:\/\/api.w.org\/{rel}","templated":true}]}}