{"id":9917,"date":"2025-09-08T07:17:16","date_gmt":"2025-09-08T07:17:16","guid":{"rendered":"https:\/\/goldenhorizontegypt.com\/?post_type=product&#038;p=9917"},"modified":"2025-11-28T15:09:53","modified_gmt":"2025-11-28T15:09:53","slug":"private-boat-trip","status":"publish","type":"product","link":"https:\/\/goldenhorizontegypt.com\/cs\/produkt\/private-boat-trip\/","title":{"rendered":"Soukrom\u00e1 lo\u010f na Rud\u00e9m mo\u0159i: \u0160norchlov\u00e1n\u00ed, delf\u00edni a relaxace"},"content":{"rendered":"<h3 data-start=\"75\" data-end=\"152\"><strong data-start=\"79\" data-end=\"152\">\ud83d\udea4 Soukrom\u00e9 dobrodru\u017estv\u00ed na lodi v Rud\u00e9m mo\u0159i - pozn\u00e1v\u00e1n\u00ed, koup\u00e1n\u00ed a relaxace v Hurghad\u011b<\/strong><\/h3>\n<p data-start=\"154\" data-end=\"374\">Unikn\u011bte ruchu p\u0159epln\u011bn\u00fdch pl\u00e1\u017e\u00ed v Hurghad\u011b a vydejte se na v\u00fdlet do <strong data-start=\"229\" data-end=\"282\">soukrom\u00e1 plavba lod\u00ed po \u00fachvatn\u00e9m Rud\u00e9m mo\u0159i!<\/strong> Tento exkluzivn\u00ed v\u00fdlet slibuje klid, \u00fachvatn\u00e9 v\u00fdhledy a nezapomenuteln\u00e9 z\u00e1\u017eitky.<\/p>\n<h4 data-start=\"376\" data-end=\"406\"><strong data-start=\"381\" data-end=\"404\">\ud83c\udf0a Co v\u00e1s \u010dek\u00e1?<\/strong><\/h4>\n<ul data-start=\"407\" data-end=\"1092\">\n<li data-start=\"407\" data-end=\"556\">\n<p data-start=\"409\" data-end=\"556\"><strong data-start=\"409\" data-end=\"436\">\ud83d\udc20 R\u00e1j \u0161norchlov\u00e1n\u00ed:<\/strong> Pono\u0159te se do k\u0159i\u0161\u0165\u00e1lov\u011b \u010dist\u00e9 vody s <strong data-start=\"473\" data-end=\"503\">bezplatn\u00e9 vybaven\u00ed pro \u0161norchlov\u00e1n\u00ed<\/strong> a objevte barevn\u00e9 kor\u00e1lov\u00e9 \u00fatesy a exotick\u00e9 ryby.<\/p>\n<\/li>\n<li data-start=\"557\" data-end=\"685\">\n<p data-start=\"559\" data-end=\"685\"><strong data-start=\"559\" data-end=\"583\">\ud83d\udc2c Pozorov\u00e1n\u00ed delf\u00edn\u016f:<\/strong> D\u00e1vejte pozor na hrav\u00e9 delf\u00edny, kte\u0159\u00ed plavou pod\u00e9l va\u0161\u00ed lodi - je to kouzeln\u00fd pohled, na kter\u00fd nezapomenete!<\/p>\n<\/li>\n<li data-start=\"686\" data-end=\"810\">\n<p data-start=\"688\" data-end=\"810\"><strong data-start=\"688\" data-end=\"710\">\u2600\ufe0f Sun &amp; Serenity:<\/strong> Odpo\u010d\u00edvejte na prostorn\u00e9 palub\u011b, opalujte se pod h\u0159ejiv\u00fdm egyptsk\u00fdm sluncem a vn\u00edmejte jemn\u00fd mo\u0159sk\u00fd v\u00e1nek.<\/p>\n<\/li>\n<li data-start=\"811\" data-end=\"934\">\n<p data-start=\"813\" data-end=\"934\"><strong data-start=\"813\" data-end=\"841\">\ud83e\udd64 Ob\u010derstven\u00ed na palub\u011b:<\/strong> Vychutnejte si \u0159adu <strong data-start=\"861\" data-end=\"887\">ob\u010derstven\u00ed a nealkoholick\u00e9 n\u00e1poje<\/strong>, abyste se b\u011bhem cesty osv\u011b\u017eili.<\/p>\n<\/li>\n<li data-start=\"935\" data-end=\"1092\">\n<p data-start=\"937\" data-end=\"1092\"><strong data-start=\"937\" data-end=\"970\">\ud83d\udc68\u200d\u2708\ufe0f Soukrom\u00e9 a personalizovan\u00e9:<\/strong> P\u0159i soukrom\u00e9m pron\u00e1jmu z\u00edsk\u00e1te z\u00e1\u017eitek pln\u011b p\u0159izp\u016fsoben\u00fd va\u0161im pot\u0159eb\u00e1m, a\u0165 u\u017e se chcete koupat, relaxovat, nebo objevovat skryt\u00e9 poklady.<\/p>\n<\/li>\n<\/ul>\n<h4 data-start=\"1094\" data-end=\"1134\"><strong data-start=\"1099\" data-end=\"1132\">\u2728 Pro\u010d si vybrat tuto zku\u0161enost?<\/strong><\/h4>\n<ul data-start=\"1135\" data-end=\"1364\">\n<li data-start=\"1135\" data-end=\"1200\">\n<p data-start=\"1137\" data-end=\"1200\">Vyhn\u011bte se p\u0159epln\u011bn\u00fdm turistick\u00fdm m\u00edst\u016fm a u\u017eijte si <strong data-start=\"1178\" data-end=\"1197\">intimn\u00ed \u00fanik<\/strong>.<\/p>\n<\/li>\n<li data-start=\"1201\" data-end=\"1280\">\n<p data-start=\"1203\" data-end=\"1280\">Ide\u00e1ln\u00ed pro p\u00e1ry, rodiny nebo p\u0159\u00e1tele, kte\u0159\u00ed hledaj\u00ed <strong data-start=\"1255\" data-end=\"1277\">zvl\u00e1\u0161tn\u00ed den na mo\u0159i<\/strong>.<\/p>\n<\/li>\n<li data-start=\"1281\" data-end=\"1364\">\n<p data-start=\"1283\" data-end=\"1364\">Flexibiln\u00ed doba trv\u00e1n\u00ed podle va\u0161ich pl\u00e1n\u016f - od n\u011bkolika hodin a\u017e po celodenn\u00ed dobrodru\u017estv\u00ed.<\/p>\n<\/li>\n<\/ul>\n<p data-start=\"1366\" data-end=\"1456\"><strong data-start=\"1366\" data-end=\"1454\">Vyplujte na den pln\u00fd blaha, dobrodru\u017estv\u00ed a nezapomenuteln\u00fdch v\u00fdhled\u016f na Rud\u00e9 mo\u0159e!<\/strong><\/p>\n<h3 data-start=\"2198\" data-end=\"2225\"><strong data-start=\"2205\" data-end=\"2223\">\ud83e\udd11 Cena exkurze\u00a0 \u00a0 \u00a0 <\/strong><\/h3>\n<h3 data-start=\"2198\" data-end=\"2225\"><strong data-start=\"2205\" data-end=\"2223\">\u00a0 .\u00a0 \u00a0 \u00a0 \u00a0 \u00a0 \u00a0 990 \u20ac\u00a0<\/strong><\/h3>\n<h3 data-start=\"2198\" data-end=\"2225\"><strong data-start=\"2205\" data-end=\"2223\">Platba v USD ($ \ud83c\uddfa\ud83c\uddf8) m\u00edsto v EUR (\u20ac \ud83c\uddea\ud83c\uddfa) je mo\u017en\u00e1 podle denn\u00edho kurzu banky.<\/strong><\/h3>\n<p><strong>Kniha p\u0159es WhatsApp:<\/strong><\/p>\n<p><a href=\"https:\/\/api.whatsapp.com\/send\/?phone=01021058859\" target=\"_blank\" rel=\"noopener\">\u00a0<img decoding=\"async\" class=\"alignnone wp-image-2058\" src=\"https:\/\/poehalisnamiegypt.com\/wp-content\/uploads\/2024\/02\/pngwing.com_-300x300.png\" sizes=\"auto, (max-width: 35px) 100vw, 35px\" srcset=\"https:\/\/poehalisnamiegypt.com\/wp-content\/uploads\/2024\/02\/pngwing.com_-300x300.png 300w, https:\/\/poehalisnamiegypt.com\/wp-content\/uploads\/2024\/02\/pngwing.com_-150x150.png 150w, https:\/\/poehalisnamiegypt.com\/wp-content\/uploads\/2024\/02\/pngwing.com_.png 584w\" alt=\"\" width=\"53\" height=\"53\" \/><\/a><\/p>\n<p data-start=\"1366\" data-end=\"1456\">\n<div id=\"gtx-trans\" style=\"position: absolute; left: 204px; top: 3.9125px;\">\n<div class=\"gtx-trans-icon\"><\/div>\n<\/div>\n<div id=\"gtx-trans\" style=\"position: absolute; left: 204px; top: 3.9125px;\">\n<div class=\"gtx-trans-icon\"><\/div>\n<\/div>","protected":false},"excerpt":{"rendered":"<p>\ud83d\udea4 Private Red Sea Boat Adventure \u2013 Explore, Swim &amp; Relax in Hurghada Escape the hustle and bustle of Hurghada\u2019s crowded beaches and embark on a private boat journey across the stunning Red Sea! This exclusive trip promises tranquility, breathtaking views, and unforgettable memories. \ud83c\udf0a What Awaits You? \ud83d\udc20 Snorkeling Paradise: Dive into crystal-clear waters [&hellip;]<\/p>\n","protected":false},"featured_media":9922,"comment_status":"open","ping_status":"closed","template":"","meta":[],"product_brand":[],"product_cat":[68],"product_tag":[],"class_list":{"0":"post-9917","1":"product","2":"type-product","3":"status-publish","4":"has-post-thumbnail","6":"product_cat-sea","8":"first","9":"instock","10":"shipping-taxable","11":"purchasable","12":"product-type-ovabrw_car_rental"},"yoast_head":"<!-- This site is optimized with the Yoast SEO plugin v27.5 - https:\/\/yoast.com\/product\/yoast-seo-wordpress\/ -->\n<title>Private Red Sea Boat: Snorkel, Dolphins &amp; Relax - Golden Horizont Egypt<\/title>\n<meta name=\"robots\" content=\"index, follow, max-snippet:-1, max-image-preview:large, max-video-preview:-1\" \/>\n<link rel=\"canonical\" href=\"https:\/\/goldenhorizontegypt.com\/cs\/produkt\/private-boat-trip\/\" \/>\n<meta property=\"og:locale\" content=\"cs_CZ\" \/>\n<meta property=\"og:type\" content=\"article\" \/>\n<meta property=\"og:title\" content=\"Private Red Sea Boat: Snorkel, Dolphins &amp; Relax - Golden Horizont Egypt\" \/>\n<meta property=\"og:description\" content=\"\ud83d\udea4 Private Red Sea Boat Adventure \u2013 Explore, Swim &amp; Relax in Hurghada Escape the hustle and bustle of Hurghada\u2019s crowded beaches and embark on a private boat journey across the stunning Red Sea! This exclusive trip promises tranquility, breathtaking views, and unforgettable memories. \ud83c\udf0a What Awaits You? \ud83d\udc20 Snorkeling Paradise: Dive into crystal-clear waters [&hellip;]\" \/>\n<meta property=\"og:url\" content=\"https:\/\/goldenhorizontegypt.com\/cs\/produkt\/private-boat-trip\/\" \/>\n<meta property=\"og:site_name\" content=\"Golden Horizont Egypt\" \/>\n<meta property=\"article:modified_time\" content=\"2025-11-28T15:09:53+00:00\" \/>\n<meta property=\"og:image\" content=\"https:\/\/goldenhorizontegypt.com\/wp-content\/uploads\/2025\/09\/421_private-boat-tour-to-capri-island.jpg\" \/>\n\t<meta property=\"og:image:width\" content=\"616\" \/>\n\t<meta property=\"og:image:height\" content=\"462\" \/>\n\t<meta property=\"og:image:type\" content=\"image\/jpeg\" \/>\n<meta name=\"twitter:card\" content=\"summary_large_image\" \/>\n<meta name=\"twitter:label1\" content=\"Odhadovan\u00e1 doba \u010dten\u00ed\" \/>\n\t<meta name=\"twitter:data1\" content=\"1 minuta\" \/>\n<script type=\"application\/ld+json\" class=\"yoast-schema-graph\">{\"@context\":\"https:\\\/\\\/schema.org\",\"@graph\":[{\"@type\":\"WebPage\",\"@id\":\"https:\\\/\\\/goldenhorizontegypt.com\\\/product\\\/private-boat-trip\\\/\",\"url\":\"https:\\\/\\\/goldenhorizontegypt.com\\\/product\\\/private-boat-trip\\\/\",\"name\":\"Private Red Sea Boat: Snorkel, Dolphins & Relax - Golden Horizont Egypt\",\"isPartOf\":{\"@id\":\"https:\\\/\\\/goldenhorizontegypt.com\\\/#website\"},\"primaryImageOfPage\":{\"@id\":\"https:\\\/\\\/goldenhorizontegypt.com\\\/product\\\/private-boat-trip\\\/#primaryimage\"},\"image\":{\"@id\":\"https:\\\/\\\/goldenhorizontegypt.com\\\/product\\\/private-boat-trip\\\/#primaryimage\"},\"thumbnailUrl\":\"https:\\\/\\\/goldenhorizontegypt.com\\\/wp-content\\\/uploads\\\/2025\\\/09\\\/421_private-boat-tour-to-capri-island.jpg\",\"datePublished\":\"2025-09-08T07:17:16+00:00\",\"dateModified\":\"2025-11-28T15:09:53+00:00\",\"breadcrumb\":{\"@id\":\"https:\\\/\\\/goldenhorizontegypt.com\\\/product\\\/private-boat-trip\\\/#breadcrumb\"},\"inLanguage\":\"cs\",\"potentialAction\":[{\"@type\":\"ReadAction\",\"target\":[\"https:\\\/\\\/goldenhorizontegypt.com\\\/product\\\/private-boat-trip\\\/\"]}]},{\"@type\":\"ImageObject\",\"inLanguage\":\"cs\",\"@id\":\"https:\\\/\\\/goldenhorizontegypt.com\\\/product\\\/private-boat-trip\\\/#primaryimage\",\"url\":\"https:\\\/\\\/goldenhorizontegypt.com\\\/wp-content\\\/uploads\\\/2025\\\/09\\\/421_private-boat-tour-to-capri-island.jpg\",\"contentUrl\":\"https:\\\/\\\/goldenhorizontegypt.com\\\/wp-content\\\/uploads\\\/2025\\\/09\\\/421_private-boat-tour-to-capri-island.jpg\",\"width\":616,\"height\":462},{\"@type\":\"BreadcrumbList\",\"@id\":\"https:\\\/\\\/goldenhorizontegypt.com\\\/product\\\/private-boat-trip\\\/#breadcrumb\",\"itemListElement\":[{\"@type\":\"ListItem\",\"position\":1,\"name\":\"Home\",\"item\":\"https:\\\/\\\/goldenhorizontegypt.com\\\/\"},{\"@type\":\"ListItem\",\"position\":2,\"name\":\"Shop\",\"item\":\"https:\\\/\\\/goldenhorizontegypt.com\\\/shop\\\/\"},{\"@type\":\"ListItem\",\"position\":3,\"name\":\"Private Red Sea Boat: Snorkel, Dolphins &#038; Relax\"}]},{\"@type\":\"WebSite\",\"@id\":\"https:\\\/\\\/goldenhorizontegypt.com\\\/#website\",\"url\":\"https:\\\/\\\/goldenhorizontegypt.com\\\/\",\"name\":\"Golden Horizont Egypt\",\"description\":\"\",\"potentialAction\":[{\"@type\":\"SearchAction\",\"target\":{\"@type\":\"EntryPoint\",\"urlTemplate\":\"https:\\\/\\\/goldenhorizontegypt.com\\\/?s={search_term_string}\"},\"query-input\":{\"@type\":\"PropertyValueSpecification\",\"valueRequired\":true,\"valueName\":\"search_term_string\"}}],\"inLanguage\":\"cs\"}]}<\/script>\n<!-- \/ Yoast SEO plugin. -->","yoast_head_json":{"title":"Private Red Sea Boat: Snorkel, Dolphins & Relax - Golden Horizont Egypt","robots":{"index":"index","follow":"follow","max-snippet":"max-snippet:-1","max-image-preview":"max-image-preview:large","max-video-preview":"max-video-preview:-1"},"canonical":"https:\/\/goldenhorizontegypt.com\/cs\/produkt\/private-boat-trip\/","og_locale":"cs_CZ","og_type":"article","og_title":"Private Red Sea Boat: Snorkel, Dolphins & Relax - Golden Horizont Egypt","og_description":"\ud83d\udea4 Private Red Sea Boat Adventure \u2013 Explore, Swim &amp; Relax in Hurghada Escape the hustle and bustle of Hurghada\u2019s crowded beaches and embark on a private boat journey across the stunning Red Sea! This exclusive trip promises tranquility, breathtaking views, and unforgettable memories. \ud83c\udf0a What Awaits You? \ud83d\udc20 Snorkeling Paradise: Dive into crystal-clear waters [&hellip;]","og_url":"https:\/\/goldenhorizontegypt.com\/cs\/produkt\/private-boat-trip\/","og_site_name":"Golden Horizont Egypt","article_modified_time":"2025-11-28T15:09:53+00:00","og_image":[{"width":616,"height":462,"url":"https:\/\/goldenhorizontegypt.com\/wp-content\/uploads\/2025\/09\/421_private-boat-tour-to-capri-island.jpg","type":"image\/jpeg"}],"twitter_card":"summary_large_image","twitter_misc":{"Odhadovan\u00e1 doba \u010dten\u00ed":"1 minuta"},"schema":{"@context":"https:\/\/schema.org","@graph":[{"@type":"WebPage","@id":"https:\/\/goldenhorizontegypt.com\/product\/private-boat-trip\/","url":"https:\/\/goldenhorizontegypt.com\/product\/private-boat-trip\/","name":"Private Red Sea Boat: Snorkel, Dolphins & Relax - Golden Horizont Egypt","isPartOf":{"@id":"https:\/\/goldenhorizontegypt.com\/#website"},"primaryImageOfPage":{"@id":"https:\/\/goldenhorizontegypt.com\/product\/private-boat-trip\/#primaryimage"},"image":{"@id":"https:\/\/goldenhorizontegypt.com\/product\/private-boat-trip\/#primaryimage"},"thumbnailUrl":"https:\/\/goldenhorizontegypt.com\/wp-content\/uploads\/2025\/09\/421_private-boat-tour-to-capri-island.jpg","datePublished":"2025-09-08T07:17:16+00:00","dateModified":"2025-11-28T15:09:53+00:00","breadcrumb":{"@id":"https:\/\/goldenhorizontegypt.com\/product\/private-boat-trip\/#breadcrumb"},"inLanguage":"cs","potentialAction":[{"@type":"ReadAction","target":["https:\/\/goldenhorizontegypt.com\/product\/private-boat-trip\/"]}]},{"@type":"ImageObject","inLanguage":"cs","@id":"https:\/\/goldenhorizontegypt.com\/product\/private-boat-trip\/#primaryimage","url":"https:\/\/goldenhorizontegypt.com\/wp-content\/uploads\/2025\/09\/421_private-boat-tour-to-capri-island.jpg","contentUrl":"https:\/\/goldenhorizontegypt.com\/wp-content\/uploads\/2025\/09\/421_private-boat-tour-to-capri-island.jpg","width":616,"height":462},{"@type":"BreadcrumbList","@id":"https:\/\/goldenhorizontegypt.com\/product\/private-boat-trip\/#breadcrumb","itemListElement":[{"@type":"ListItem","position":1,"name":"Home","item":"https:\/\/goldenhorizontegypt.com\/"},{"@type":"ListItem","position":2,"name":"Shop","item":"https:\/\/goldenhorizontegypt.com\/shop\/"},{"@type":"ListItem","position":3,"name":"Private Red Sea Boat: Snorkel, Dolphins &#038; Relax"}]},{"@type":"WebSite","@id":"https:\/\/goldenhorizontegypt.com\/#website","url":"https:\/\/goldenhorizontegypt.com\/","name":"Golden Horizont Egypt","description":"","potentialAction":[{"@type":"SearchAction","target":{"@type":"EntryPoint","urlTemplate":"https:\/\/goldenhorizontegypt.com\/?s={search_term_string}"},"query-input":{"@type":"PropertyValueSpecification","valueRequired":true,"valueName":"search_term_string"}}],"inLanguage":"cs"}]}},"_links":{"self":[{"href":"https:\/\/goldenhorizontegypt.com\/cs\/wp-json\/wp\/v2\/product\/9917","targetHints":{"allow":["GET"]}}],"collection":[{"href":"https:\/\/goldenhorizontegypt.com\/cs\/wp-json\/wp\/v2\/product"}],"about":[{"href":"https:\/\/goldenhorizontegypt.com\/cs\/wp-json\/wp\/v2\/types\/product"}],"replies":[{"embeddable":true,"href":"https:\/\/goldenhorizontegypt.com\/cs\/wp-json\/wp\/v2\/comments?post=9917"}],"wp:featuredmedia":[{"embeddable":true,"href":"https:\/\/goldenhorizontegypt.com\/cs\/wp-json\/wp\/v2\/media\/9922"}],"wp:attachment":[{"href":"https:\/\/goldenhorizontegypt.com\/cs\/wp-json\/wp\/v2\/media?parent=9917"}],"wp:term":[{"taxonomy":"product_brand","embeddable":true,"href":"https:\/\/goldenhorizontegypt.com\/cs\/wp-json\/wp\/v2\/product_brand?post=9917"},{"taxonomy":"product_cat","embeddable":true,"href":"https:\/\/goldenhorizontegypt.com\/cs\/wp-json\/wp\/v2\/product_cat?post=9917"},{"taxonomy":"product_tag","embeddable":true,"href":"https:\/\/goldenhorizontegypt.com\/cs\/wp-json\/wp\/v2\/product_tag?post=9917"}],"curies":[{"name":"wp","href":"https:\/\/api.w.org\/{rel}","templated":true}]}}