{"id":11184,"date":"2025-11-05T21:41:45","date_gmt":"2025-11-05T21:41:45","guid":{"rendered":"https:\/\/goldenhorizontegypt.com\/?post_type=product&#038;p=11184"},"modified":"2026-02-12T15:03:08","modified_gmt":"2026-02-12T15:03:08","slug":"nile-cruise-aswan-luxor","status":"publish","type":"product","link":"https:\/\/goldenhorizontegypt.com\/cs\/produkt\/nile-cruise-aswan-luxor\/","title":{"rendered":"Plavba po Nilu: Chr\u00e1my v Luxoru a Asu\u00e1nu a kouzlo \u0159eky"},"content":{"rendered":"<p data-start=\"122\" data-end=\"224\">\ud83d\udea2\u2728 <strong data-start=\"126\" data-end=\"218\">Plavba po Nilu mezi Asu\u00e1nem a Luxorem - cesta histori\u00ed a kouzlem Nilu!<\/strong> \u2728\ud83c\udf05<\/p>\n<p data-start=\"226\" data-end=\"414\">Vydejte se na jeden z nejkouzeln\u011bj\u0161\u00edch z\u00e1\u017eitk\u016f v Egypt\u011b - na <strong data-start=\"283\" data-end=\"333\">luxusn\u00ed plavba po nad\u010dasov\u00e9 \u0159ece Nil<\/strong>, kde se historie, kultura a elegance snoub\u00ed v dokonal\u00e9 harmonii. \ud83c\udf0a\ud83c\uddea\ud83c\uddec<\/p>\n<p data-start=\"416\" data-end=\"730\">Nastupte na palubu <strong data-start=\"430\" data-end=\"455\">luxusn\u00ed plovouc\u00ed hotel<\/strong> \ud83d\udef3\ufe0f a ka\u017ed\u00e9 r\u00e1no se probudit s \u00fachvatn\u00fdm v\u00fdhledem na mo\u0159e. <strong data-start=\"514\" data-end=\"537\">zlat\u00e9 pou\u0161tn\u00ed kopce<\/strong>, <strong data-start=\"539\" data-end=\"558\">sv\u011b\u017e\u00ed palmy<\/strong>, a <strong data-start=\"568\" data-end=\"597\">klidn\u00e9 vody Nilu<\/strong> \ud83c\udf34\u2600\ufe0f.<br data-start=\"603\" data-end=\"606\" \/>B\u011bhem plavby se stanete sv\u011bdky chr\u00e1m\u016f a pam\u00e1tek, kter\u00e9 stoj\u00ed ji\u017e po tis\u00edcilet\u00ed - tich\u00fdch str\u00e1\u017ec\u016f slavn\u00e9 minulosti Egypta. \ud83c\udfdb\ufe0f\u2728<\/p>\n<hr data-start=\"732\" data-end=\"735\" \/>\n<h3 data-start=\"493\" data-end=\"529\">\ud83d\udde3\ufe0f <strong data-start=\"501\" data-end=\"527\">Mluv\u00edme va\u0161\u00edm jazykem<\/strong><\/h3>\n<ul data-start=\"530\" data-end=\"594\">\n<li>Polsk\u00fd<\/li>\n<li>Francouz\u0161tina<\/li>\n<li>Angli\u010dtina<\/li>\n<li>N\u011bm\u010dina<\/li>\n<li>Portugal\u0161tina<\/li>\n<li>\u0160pan\u011bl\u0161tina<\/li>\n<li>...a dal\u0161\u00ed!<\/li>\n<\/ul>\n<p data-start=\"596\" data-end=\"678\">A\u0165 u\u017e jste odkudkoli, zajist\u00edme v\u00e1m bezprobl\u00e9movou komunikaci a osobn\u00ed p\u0159\u00edstup.<\/p>\n<hr data-start=\"732\" data-end=\"735\" \/>\n<h3 data-start=\"737\" data-end=\"769\">\ud83d\udd50 <strong data-start=\"744\" data-end=\"767\">Navrhovan\u00fd itiner\u00e1\u0159<\/strong><\/h3>\n<p data-start=\"770\" data-end=\"824\"><em data-start=\"770\" data-end=\"822\">(Pln\u011b p\u0159izp\u016fsobiteln\u00e9 podle va\u0161ich preferenc\u00ed)<\/em><\/p>\n<p data-start=\"826\" data-end=\"846\">\ud83d\udd39 <strong data-start=\"829\" data-end=\"841\">V Luxoru<\/strong> \ud83c\udf07<\/p>\n<ul data-start=\"847\" data-end=\"1574\">\n<li data-start=\"847\" data-end=\"950\">\n<p data-start=\"849\" data-end=\"950\"><strong data-start=\"849\" data-end=\"866\">Chr\u00e1m v Karnaku<\/strong> - Nejv\u011bt\u0161\u00ed chr\u00e1mov\u00fd komplex na sv\u011bt\u011b, mistrovsk\u00e9 d\u00edlo starov\u011bk\u00e9 architektury.<\/p>\n<\/li>\n<li data-start=\"951\" data-end=\"1033\">\n<p data-start=\"953\" data-end=\"1033\"><strong data-start=\"953\" data-end=\"969\">Luxorsk\u00fd chr\u00e1m<\/strong> - N\u00e1dhern\u00e1 pam\u00e1tka kr\u00e1sn\u011b osv\u011btlen\u00e1 v noci \ud83c\udf19.<\/p>\n<\/li>\n<li data-start=\"1034\" data-end=\"1141\">\n<p data-start=\"1036\" data-end=\"1141\"><strong data-start=\"1036\" data-end=\"1059\">\u00dadol\u00ed kr\u00e1l\u016f<\/strong> - M\u00edsto v\u011b\u010dn\u00e9ho odpo\u010dinku nejv\u011bt\u0161\u00edch egyptsk\u00fdch faraon\u016f, v\u010detn\u011b Tutanchamona \ud83d\udc51.<\/p>\n<\/li>\n<li data-start=\"1142\" data-end=\"1229\">\n<p data-start=\"1144\" data-end=\"1229\"><strong data-start=\"1144\" data-end=\"1168\">\u00dadol\u00ed kr\u00e1loven<\/strong> - Prozkoumejte elegantn\u011b zdoben\u00e9 hrobky kr\u00e1lovsk\u00fdch \u017een \ud83d\udcab.<\/p>\n<\/li>\n<li data-start=\"1230\" data-end=\"1361\">\n<p data-start=\"1232\" data-end=\"1361\"><strong data-start=\"1232\" data-end=\"1256\">Hat\u0161epsutin chr\u00e1m<\/strong> - Majest\u00e1tn\u00ed svatyn\u011b nejmocn\u011bj\u0161\u00ed egyptsk\u00e9 kr\u00e1lovny, vytesan\u00e1 do skal Deir el-Bahari \ud83c\udfdc\ufe0f.<\/p>\n<\/li>\n<li data-start=\"1362\" data-end=\"1468\">\n<p data-start=\"1364\" data-end=\"1468\"><strong data-start=\"1364\" data-end=\"1385\">Memnonovy kolosy<\/strong> - Dva ob\u0159\u00ed str\u00e1\u017eci, kte\u0159\u00ed po tis\u00edce let st\u0159e\u017eili th\u00e9bskou nekropoli.<\/p>\n<\/li>\n<li data-start=\"1469\" data-end=\"1574\">\n<p data-start=\"1471\" data-end=\"1574\"><strong data-start=\"1471\" data-end=\"1493\">Alabastrov\u00e1 d\u00edlna<\/strong> - Pod\u00edvejte se, jak zru\u010dn\u00ed \u0159emesln\u00edci tesaj\u00ed tento starobyl\u00fd k\u00e1men, jak to kdysi d\u011blali jejich p\u0159edkov\u00e9.<\/p>\n<\/li>\n<\/ul>\n<p data-start=\"1576\" data-end=\"1703\">\ud83c\udf88 <strong data-start=\"1579\" data-end=\"1603\">J\u00edzda horkovzdu\u0161n\u00fdm bal\u00f3nem<\/strong> - Vzneste se nad luxorsk\u00e9 chr\u00e1my a Nil p\u0159i v\u00fdchodu slunce a u\u017eijte si kouzeln\u00fd v\u00fdhled, kter\u00fd se naskytne jen jednou za \u017eivot! \u2600\ufe0f\ud83c\udf88<\/p>\n<p data-start=\"1705\" data-end=\"1725\">\ud83d\udd39 <strong data-start=\"1708\" data-end=\"1720\">V Asu\u00e1nu<\/strong> \ud83c\udf34<\/p>\n<ul data-start=\"1726\" data-end=\"2178\">\n<li data-start=\"1726\" data-end=\"1808\">\n<p data-start=\"1728\" data-end=\"1808\"><strong data-start=\"1728\" data-end=\"1745\">Chr\u00e1m Philae<\/strong> - Ostrovn\u00ed chr\u00e1m l\u00e1sky a oddanosti bohyni Isis \ud83d\udc95.<\/p>\n<\/li>\n<li data-start=\"1809\" data-end=\"1885\">\n<p data-start=\"1811\" data-end=\"1885\"><strong data-start=\"1811\" data-end=\"1823\">Vysok\u00e1 p\u0159ehrada<\/strong> - Symbol modern\u00edho Egypta a triumf in\u017een\u00fdrstv\u00ed \u2699\ufe0f.<\/p>\n<\/li>\n<li data-start=\"1886\" data-end=\"1988\">\n<p data-start=\"1888\" data-end=\"1988\"><strong data-start=\"1888\" data-end=\"1910\">Chr\u00e1my Abu Simbel<\/strong> - Kolos\u00e1ln\u00ed mistrovsk\u00e9 d\u00edlo Ramsese II. vytesan\u00e9 do svahu hory \ud83c\udfd4\ufe0f\u2728.<\/p>\n<\/li>\n<li data-start=\"1989\" data-end=\"2084\">\n<p data-start=\"1991\" data-end=\"2084\"><strong data-start=\"1991\" data-end=\"2010\">Chr\u00e1m Kom Ombo<\/strong> - Vz\u00e1cn\u00fd dvojit\u00fd chr\u00e1m zasv\u011bcen\u00fd dv\u011bma boh\u016fm, dokonale symetrick\u00fd \u2696\ufe0f.<\/p>\n<\/li>\n<li data-start=\"2085\" data-end=\"2178\">\n<p data-start=\"2087\" data-end=\"2178\"><strong data-start=\"2087\" data-end=\"2102\">Chr\u00e1m v Edfu<\/strong> - Ho\u0159\u016fv chr\u00e1m, jedna z nejzachovalej\u0161\u00edch svatyn\u00ed v Egypt\u011b \ud83e\udd85.<\/p>\n<\/li>\n<\/ul>\n<hr data-start=\"2180\" data-end=\"2183\" \/>\n<h3 data-start=\"2185\" data-end=\"2213\">\ud83c\udf1f <strong data-start=\"2192\" data-end=\"2211\">Nejd\u016fle\u017eit\u011bj\u0161\u00ed informace o v\u00fdletu<\/strong><\/h3>\n<ul data-start=\"2214\" data-end=\"2639\">\n<li data-start=\"2214\" data-end=\"2302\">\n<p data-start=\"2216\" data-end=\"2302\">\u2728 Pln\u011b <strong data-start=\"2224\" data-end=\"2249\">p\u0159izp\u016fsobiteln\u00e9 programy<\/strong> - zvolte si trasu (Luxor \u279d Asu\u00e1n nebo naopak).<\/p>\n<\/li>\n<li data-start=\"2303\" data-end=\"2384\">\n<p data-start=\"2305\" data-end=\"2384\">\ud83d\udcb0 Cena se li\u0161\u00ed podle <strong data-start=\"2330\" data-end=\"2381\">d\u00e9lka, kategorie plavby a zahrnut\u00e9 chr\u00e1my<\/strong>.<\/p>\n<\/li>\n<li data-start=\"2385\" data-end=\"2468\">\n<p data-start=\"2387\" data-end=\"2468\">\ud83e\udded \u0158\u00edd\u00ed se <strong data-start=\"2402\" data-end=\"2431\">profesion\u00e1ln\u00ed egyptolog<\/strong>, \u010d\u00edm\u017e \u017eiv\u011b o\u017eivuje historii.<\/p>\n<\/li>\n<li data-start=\"2469\" data-end=\"2558\">\n<p data-start=\"2471\" data-end=\"2558\">\ud83c\udf7d\ufe0f <strong data-start=\"2475\" data-end=\"2510\">Luxusn\u00ed ubytov\u00e1n\u00ed s plnou penz\u00ed<\/strong>, kde se pod\u00e1vaj\u00ed mezin\u00e1rodn\u00ed a orient\u00e1ln\u00ed pokrmy.<\/p>\n<\/li>\n<li data-start=\"2559\" data-end=\"2639\">\n<p data-start=\"2561\" data-end=\"2639\">\ud83c\udfb6 <strong data-start=\"2564\" data-end=\"2589\">Ve\u010dern\u00ed z\u00e1bava<\/strong> s n\u00fabijskou hudbou a orient\u00e1ln\u00edmi folklorn\u00edmi p\u0159edstaven\u00edmi \ud83d\udc83.<\/p>\n<\/li>\n<\/ul>\n<hr data-start=\"2641\" data-end=\"2644\" \/>\n<p data-start=\"2646\" data-end=\"2916\">\ud83c\udf05 <strong data-start=\"2649\" data-end=\"2690\">Plavba po Nilu nen\u00ed jen v\u00fdlet...<\/strong><br data-start=\"2690\" data-end=\"2693\" \/>Je to <strong data-start=\"2700\" data-end=\"2736\">cesta mezi minulost\u00ed a sou\u010dasnost\u00ed<\/strong>, kde ka\u017ed\u00fd v\u00fdchod slunce o\u017eivuje historii a ka\u017ed\u00fd z\u00e1pad slunce \u0161ept\u00e1 p\u0159\u00edb\u011bhy faraon\u016f.<br data-start=\"2835\" data-end=\"2838\" \/>\ud83d\udc9b Vn\u00edmejte rytmus Nilu - <strong data-start=\"2871\" data-end=\"2908\">v\u011b\u010dn\u00fd, majest\u00e1tn\u00ed, nezapomenuteln\u00fd.<\/strong> \ud83c\uddea\ud83c\uddec\u2728<\/p>\n<hr data-start=\"2641\" data-end=\"2644\" \/>\n<p data-start=\"2646\" data-end=\"2916\"><strong data-start=\"50\" data-end=\"59\">\ud83e\udd11 Cena exkurze<\/strong><br data-start=\"59\" data-end=\"62\" \/>Cena z\u00e1vis\u00ed na programu, kter\u00fd si host vybere, na tom, zda zahrnuje n\u00e1v\u0161t\u011bvu chr\u00e1mu, nebo na typu kajuty na plavb\u011b.<\/p>\n<hr data-start=\"2641\" data-end=\"2644\" \/>\n<h3 data-start=\"2198\" data-end=\"2225\"><strong data-start=\"2205\" data-end=\"2223\">Platba v USD ($ \ud83c\uddfa\ud83c\uddf8) m\u00edsto v EUR (\u20ac \ud83c\uddea\ud83c\uddfa) je mo\u017en\u00e1 podle denn\u00edho kurzu banky.<\/strong><\/h3>\n<div id=\"gtx-trans\" style=\"position: absolute; left: 230px; top: 47.8px;\">\n<div class=\"gtx-trans-icon\"><\/div>\n<\/div>\n<div id=\"gtx-trans\" style=\"position: absolute; left: 230px; top: 47.8px;\">\n<div class=\"gtx-trans-icon\"><\/div>\n<\/div>","protected":false},"excerpt":{"rendered":"<p>\ud83d\udea2\u2728 Nile Cruise between Aswan &amp; Luxor \u2013 A Journey Through History and the Magic of the Nile! \u2728\ud83c\udf05 Embark on one of Egypt\u2019s most enchanting experiences \u2014 a luxurious voyage along the timeless Nile River, where history, culture, and elegance flow together in perfect harmony. \ud83c\udf0a\ud83c\uddea\ud83c\uddec Step aboard a deluxe floating hotel \ud83d\udef3\ufe0f and [&hellip;]<\/p>\n","protected":false},"featured_media":11178,"comment_status":"open","ping_status":"closed","template":"","meta":[],"product_brand":[],"product_cat":[84,65],"product_tag":[],"class_list":{"0":"post-11184","1":"product","2":"type-product","3":"status-publish","4":"has-post-thumbnail","6":"product_cat-aswan","7":"product_cat-luxor","9":"first","10":"instock","11":"shipping-taxable","12":"product-type-ovabrw_car_rental"},"yoast_head":"<!-- This site is optimized with the Yoast SEO plugin v27.5 - https:\/\/yoast.com\/product\/yoast-seo-wordpress\/ -->\n<title>Nile Cruise: Luxor\u2013Aswan Temples &amp; River Magic - Golden Horizont Egypt<\/title>\n<meta name=\"robots\" content=\"index, follow, max-snippet:-1, max-image-preview:large, max-video-preview:-1\" \/>\n<link rel=\"canonical\" href=\"https:\/\/goldenhorizontegypt.com\/cs\/produkt\/nile-cruise-aswan-luxor\/\" \/>\n<meta property=\"og:locale\" content=\"cs_CZ\" \/>\n<meta property=\"og:type\" content=\"article\" \/>\n<meta property=\"og:title\" content=\"Nile Cruise: Luxor\u2013Aswan Temples &amp; River Magic - Golden Horizont Egypt\" \/>\n<meta property=\"og:description\" content=\"\ud83d\udea2\u2728 Nile Cruise between Aswan &amp; Luxor \u2013 A Journey Through History and the Magic of the Nile! \u2728\ud83c\udf05 Embark on one of Egypt\u2019s most enchanting experiences \u2014 a luxurious voyage along the timeless Nile River, where history, culture, and elegance flow together in perfect harmony. \ud83c\udf0a\ud83c\uddea\ud83c\uddec Step aboard a deluxe floating hotel \ud83d\udef3\ufe0f and [&hellip;]\" \/>\n<meta property=\"og:url\" content=\"https:\/\/goldenhorizontegypt.com\/cs\/produkt\/nile-cruise-aswan-luxor\/\" \/>\n<meta property=\"og:site_name\" content=\"Golden Horizont Egypt\" \/>\n<meta property=\"article:modified_time\" content=\"2026-02-12T15:03:08+00:00\" \/>\n<meta property=\"og:image\" content=\"https:\/\/goldenhorizontegypt.com\/wp-content\/uploads\/2025\/11\/\u0645\u0631\u0643\u0628-\u0627\u064a\u0643\u0645\u0627\u0631-400x267-1.jpg\" \/>\n\t<meta property=\"og:image:width\" content=\"400\" \/>\n\t<meta property=\"og:image:height\" content=\"267\" \/>\n\t<meta property=\"og:image:type\" content=\"image\/jpeg\" \/>\n<meta name=\"twitter:card\" content=\"summary_large_image\" \/>\n<meta name=\"twitter:label1\" content=\"Odhadovan\u00e1 doba \u010dten\u00ed\" \/>\n\t<meta name=\"twitter:data1\" content=\"2 minuty\" \/>\n<script type=\"application\/ld+json\" class=\"yoast-schema-graph\">{\"@context\":\"https:\\\/\\\/schema.org\",\"@graph\":[{\"@type\":\"WebPage\",\"@id\":\"https:\\\/\\\/goldenhorizontegypt.com\\\/product\\\/nile-cruise-aswan-luxor\\\/\",\"url\":\"https:\\\/\\\/goldenhorizontegypt.com\\\/product\\\/nile-cruise-aswan-luxor\\\/\",\"name\":\"Nile Cruise: Luxor\u2013Aswan Temples & River Magic - Golden Horizont Egypt\",\"isPartOf\":{\"@id\":\"https:\\\/\\\/goldenhorizontegypt.com\\\/#website\"},\"primaryImageOfPage\":{\"@id\":\"https:\\\/\\\/goldenhorizontegypt.com\\\/product\\\/nile-cruise-aswan-luxor\\\/#primaryimage\"},\"image\":{\"@id\":\"https:\\\/\\\/goldenhorizontegypt.com\\\/product\\\/nile-cruise-aswan-luxor\\\/#primaryimage\"},\"thumbnailUrl\":\"https:\\\/\\\/goldenhorizontegypt.com\\\/wp-content\\\/uploads\\\/2025\\\/11\\\/\u0645\u0631\u0643\u0628-\u0627\u064a\u0643\u0645\u0627\u0631-400x267-1.jpg\",\"datePublished\":\"2025-11-05T21:41:45+00:00\",\"dateModified\":\"2026-02-12T15:03:08+00:00\",\"breadcrumb\":{\"@id\":\"https:\\\/\\\/goldenhorizontegypt.com\\\/product\\\/nile-cruise-aswan-luxor\\\/#breadcrumb\"},\"inLanguage\":\"cs\",\"potentialAction\":[{\"@type\":\"ReadAction\",\"target\":[\"https:\\\/\\\/goldenhorizontegypt.com\\\/product\\\/nile-cruise-aswan-luxor\\\/\"]}]},{\"@type\":\"ImageObject\",\"inLanguage\":\"cs\",\"@id\":\"https:\\\/\\\/goldenhorizontegypt.com\\\/product\\\/nile-cruise-aswan-luxor\\\/#primaryimage\",\"url\":\"https:\\\/\\\/goldenhorizontegypt.com\\\/wp-content\\\/uploads\\\/2025\\\/11\\\/\u0645\u0631\u0643\u0628-\u0627\u064a\u0643\u0645\u0627\u0631-400x267-1.jpg\",\"contentUrl\":\"https:\\\/\\\/goldenhorizontegypt.com\\\/wp-content\\\/uploads\\\/2025\\\/11\\\/\u0645\u0631\u0643\u0628-\u0627\u064a\u0643\u0645\u0627\u0631-400x267-1.jpg\",\"width\":400,\"height\":267},{\"@type\":\"BreadcrumbList\",\"@id\":\"https:\\\/\\\/goldenhorizontegypt.com\\\/product\\\/nile-cruise-aswan-luxor\\\/#breadcrumb\",\"itemListElement\":[{\"@type\":\"ListItem\",\"position\":1,\"name\":\"Home\",\"item\":\"https:\\\/\\\/goldenhorizontegypt.com\\\/\"},{\"@type\":\"ListItem\",\"position\":2,\"name\":\"Shop\",\"item\":\"https:\\\/\\\/goldenhorizontegypt.com\\\/shop\\\/\"},{\"@type\":\"ListItem\",\"position\":3,\"name\":\"Nile Cruise: Luxor\u2013Aswan Temples &#038; River Magic\"}]},{\"@type\":\"WebSite\",\"@id\":\"https:\\\/\\\/goldenhorizontegypt.com\\\/#website\",\"url\":\"https:\\\/\\\/goldenhorizontegypt.com\\\/\",\"name\":\"Golden Horizont Egypt\",\"description\":\"\",\"potentialAction\":[{\"@type\":\"SearchAction\",\"target\":{\"@type\":\"EntryPoint\",\"urlTemplate\":\"https:\\\/\\\/goldenhorizontegypt.com\\\/?s={search_term_string}\"},\"query-input\":{\"@type\":\"PropertyValueSpecification\",\"valueRequired\":true,\"valueName\":\"search_term_string\"}}],\"inLanguage\":\"cs\"}]}<\/script>\n<!-- \/ Yoast SEO plugin. -->","yoast_head_json":{"title":"Nile Cruise: Luxor\u2013Aswan Temples & River Magic - Golden Horizont Egypt","robots":{"index":"index","follow":"follow","max-snippet":"max-snippet:-1","max-image-preview":"max-image-preview:large","max-video-preview":"max-video-preview:-1"},"canonical":"https:\/\/goldenhorizontegypt.com\/cs\/produkt\/nile-cruise-aswan-luxor\/","og_locale":"cs_CZ","og_type":"article","og_title":"Nile Cruise: Luxor\u2013Aswan Temples & River Magic - Golden Horizont Egypt","og_description":"\ud83d\udea2\u2728 Nile Cruise between Aswan &amp; Luxor \u2013 A Journey Through History and the Magic of the Nile! \u2728\ud83c\udf05 Embark on one of Egypt\u2019s most enchanting experiences \u2014 a luxurious voyage along the timeless Nile River, where history, culture, and elegance flow together in perfect harmony. \ud83c\udf0a\ud83c\uddea\ud83c\uddec Step aboard a deluxe floating hotel \ud83d\udef3\ufe0f and [&hellip;]","og_url":"https:\/\/goldenhorizontegypt.com\/cs\/produkt\/nile-cruise-aswan-luxor\/","og_site_name":"Golden Horizont Egypt","article_modified_time":"2026-02-12T15:03:08+00:00","og_image":[{"width":400,"height":267,"url":"https:\/\/goldenhorizontegypt.com\/wp-content\/uploads\/2025\/11\/\u0645\u0631\u0643\u0628-\u0627\u064a\u0643\u0645\u0627\u0631-400x267-1.jpg","type":"image\/jpeg"}],"twitter_card":"summary_large_image","twitter_misc":{"Odhadovan\u00e1 doba \u010dten\u00ed":"2 minuty"},"schema":{"@context":"https:\/\/schema.org","@graph":[{"@type":"WebPage","@id":"https:\/\/goldenhorizontegypt.com\/product\/nile-cruise-aswan-luxor\/","url":"https:\/\/goldenhorizontegypt.com\/product\/nile-cruise-aswan-luxor\/","name":"Nile Cruise: Luxor\u2013Aswan Temples & River Magic - Golden Horizont Egypt","isPartOf":{"@id":"https:\/\/goldenhorizontegypt.com\/#website"},"primaryImageOfPage":{"@id":"https:\/\/goldenhorizontegypt.com\/product\/nile-cruise-aswan-luxor\/#primaryimage"},"image":{"@id":"https:\/\/goldenhorizontegypt.com\/product\/nile-cruise-aswan-luxor\/#primaryimage"},"thumbnailUrl":"https:\/\/goldenhorizontegypt.com\/wp-content\/uploads\/2025\/11\/\u0645\u0631\u0643\u0628-\u0627\u064a\u0643\u0645\u0627\u0631-400x267-1.jpg","datePublished":"2025-11-05T21:41:45+00:00","dateModified":"2026-02-12T15:03:08+00:00","breadcrumb":{"@id":"https:\/\/goldenhorizontegypt.com\/product\/nile-cruise-aswan-luxor\/#breadcrumb"},"inLanguage":"cs","potentialAction":[{"@type":"ReadAction","target":["https:\/\/goldenhorizontegypt.com\/product\/nile-cruise-aswan-luxor\/"]}]},{"@type":"ImageObject","inLanguage":"cs","@id":"https:\/\/goldenhorizontegypt.com\/product\/nile-cruise-aswan-luxor\/#primaryimage","url":"https:\/\/goldenhorizontegypt.com\/wp-content\/uploads\/2025\/11\/\u0645\u0631\u0643\u0628-\u0627\u064a\u0643\u0645\u0627\u0631-400x267-1.jpg","contentUrl":"https:\/\/goldenhorizontegypt.com\/wp-content\/uploads\/2025\/11\/\u0645\u0631\u0643\u0628-\u0627\u064a\u0643\u0645\u0627\u0631-400x267-1.jpg","width":400,"height":267},{"@type":"BreadcrumbList","@id":"https:\/\/goldenhorizontegypt.com\/product\/nile-cruise-aswan-luxor\/#breadcrumb","itemListElement":[{"@type":"ListItem","position":1,"name":"Home","item":"https:\/\/goldenhorizontegypt.com\/"},{"@type":"ListItem","position":2,"name":"Shop","item":"https:\/\/goldenhorizontegypt.com\/shop\/"},{"@type":"ListItem","position":3,"name":"Nile Cruise: Luxor\u2013Aswan Temples &#038; River Magic"}]},{"@type":"WebSite","@id":"https:\/\/goldenhorizontegypt.com\/#website","url":"https:\/\/goldenhorizontegypt.com\/","name":"Golden Horizont Egypt","description":"","potentialAction":[{"@type":"SearchAction","target":{"@type":"EntryPoint","urlTemplate":"https:\/\/goldenhorizontegypt.com\/?s={search_term_string}"},"query-input":{"@type":"PropertyValueSpecification","valueRequired":true,"valueName":"search_term_string"}}],"inLanguage":"cs"}]}},"_links":{"self":[{"href":"https:\/\/goldenhorizontegypt.com\/cs\/wp-json\/wp\/v2\/product\/11184","targetHints":{"allow":["GET"]}}],"collection":[{"href":"https:\/\/goldenhorizontegypt.com\/cs\/wp-json\/wp\/v2\/product"}],"about":[{"href":"https:\/\/goldenhorizontegypt.com\/cs\/wp-json\/wp\/v2\/types\/product"}],"replies":[{"embeddable":true,"href":"https:\/\/goldenhorizontegypt.com\/cs\/wp-json\/wp\/v2\/comments?post=11184"}],"wp:featuredmedia":[{"embeddable":true,"href":"https:\/\/goldenhorizontegypt.com\/cs\/wp-json\/wp\/v2\/media\/11178"}],"wp:attachment":[{"href":"https:\/\/goldenhorizontegypt.com\/cs\/wp-json\/wp\/v2\/media?parent=11184"}],"wp:term":[{"taxonomy":"product_brand","embeddable":true,"href":"https:\/\/goldenhorizontegypt.com\/cs\/wp-json\/wp\/v2\/product_brand?post=11184"},{"taxonomy":"product_cat","embeddable":true,"href":"https:\/\/goldenhorizontegypt.com\/cs\/wp-json\/wp\/v2\/product_cat?post=11184"},{"taxonomy":"product_tag","embeddable":true,"href":"https:\/\/goldenhorizontegypt.com\/cs\/wp-json\/wp\/v2\/product_tag?post=11184"}],"curies":[{"name":"wp","href":"https:\/\/api.w.org\/{rel}","templated":true}]}}