{"id":10994,"date":"2025-09-21T22:23:43","date_gmt":"2025-09-21T22:23:43","guid":{"rendered":"https:\/\/goldenhorizontegypt.com\/?post_type=product&#038;p=10994"},"modified":"2025-11-28T14:24:10","modified_gmt":"2025-11-28T14:24:10","slug":"coral-garden-trip","status":"publish","type":"product","link":"https:\/\/goldenhorizontegypt.com\/cs\/produkt\/coral-garden-trip\/","title":{"rendered":"Kor\u00e1lov\u00e1 zahrada: Kor\u00e1lov\u00e1 zahrada: \u0161norchlov\u00e1n\u00ed, pot\u00e1p\u011bn\u00ed a kouzlo Rud\u00e9ho mo\u0159e"},"content":{"rendered":"<hr data-start=\"76\" data-end=\"79\" \/>\n<h1 data-start=\"81\" data-end=\"140\">\ud83d\udc20\u2728 Kor\u00e1lov\u00e1 zahrada - podmo\u0159sk\u00fd r\u00e1j v Marsa Alam \u2728\ud83d\udc20<\/h1>\n<p data-start=\"142\" data-end=\"258\">Pono\u0159te se do \u017eiv\u00e9ho sv\u011bta <strong data-start=\"173\" data-end=\"189\">Kor\u00e1lov\u00e1 zahrada<\/strong>, jedno z nej\u00fa\u017easn\u011bj\u0161\u00edch m\u00edst pro \u0161norchlov\u00e1n\u00ed a pot\u00e1p\u011bn\u00ed v Marsa Alam! \ud83c\udf0a<\/p>\n<p data-start=\"260\" data-end=\"442\">S <strong data-start=\"265\" data-end=\"299\">k\u0159i\u0161\u0165\u00e1lov\u011b \u010dist\u00e9 tyrkysov\u00e9 vody<\/strong>, <strong data-start=\"301\" data-end=\"325\">barevn\u00e9 kor\u00e1lov\u00e9 \u00fatesy<\/strong>, a mno\u017estv\u00ed tropick\u00fdch ryb \ud83d\udc1f, je Kor\u00e1lov\u00e1 zahrada vysn\u011bn\u00fdm c\u00edlem podmo\u0159sk\u00fdch pr\u016fzkumn\u00edk\u016f v\u0161ech \u00farovn\u00ed.<\/p>\n<h3 data-start=\"444\" data-end=\"463\">\u2728 Nejd\u016fle\u017eit\u011bj\u0161\u00ed informace:<\/h3>\n<ul data-start=\"464\" data-end=\"947\">\n<li data-start=\"464\" data-end=\"566\">\n<p data-start=\"466\" data-end=\"566\"><strong data-start=\"466\" data-end=\"494\">Dobrodru\u017estv\u00ed p\u0159i \u0161norchlov\u00e1n\u00ed \ud83e\udd3f:<\/strong> Plavte mezi \u017eiv\u00fdmi kor\u00e1ly a exotick\u00fdmi rybami jen p\u00e1r metr\u016f od b\u0159ehu.<\/p>\n<\/li>\n<li data-start=\"567\" data-end=\"685\">\n<p data-start=\"569\" data-end=\"685\"><strong data-start=\"569\" data-end=\"591\">Pot\u00e1p\u011bn\u00ed \ud83e\udd3f\ud83d\udc20:<\/strong> Prozkoumejte kouzeln\u00e9 kor\u00e1lov\u00e9 \u00fatvary a objevte bohat\u00fd mo\u0159sk\u00fd ekosyst\u00e9m Rud\u00e9ho mo\u0159e.<\/p>\n<\/li>\n<li data-start=\"686\" data-end=\"785\">\n<p data-start=\"688\" data-end=\"785\"><strong data-start=\"688\" data-end=\"724\">Z\u00e1bava pro celou rodinu \ud83d\udc68\u200d\ud83d\udc69\u200d\ud83d\udc67\u200d\ud83d\udc66:<\/strong> Bezpe\u010dn\u00e9 m\u011blk\u00e9 plochy jsou ide\u00e1ln\u00ed pro za\u010d\u00e1te\u010dn\u00edky a d\u011bti.<\/p>\n<\/li>\n<li data-start=\"786\" data-end=\"862\">\n<p data-start=\"788\" data-end=\"862\"><strong data-start=\"788\" data-end=\"818\">Fotografie a vzpom\u00ednky \ud83d\udcf8:<\/strong> Zachy\u0165te nezapomenuteln\u00e9 okam\u017eiky pod vodou.<\/p>\n<\/li>\n<li data-start=\"863\" data-end=\"947\">\n<p data-start=\"865\" data-end=\"947\"><strong data-start=\"865\" data-end=\"896\">Relaxace na pl\u00e1\u017ei \ud83c\udf1e:<\/strong> M\u011bkk\u00fd p\u00edsek, jemn\u00e9 vlny a \u00fachvatn\u00fd v\u00fdhled.<\/p>\n<\/li>\n<\/ul>\n<h3 data-start=\"949\" data-end=\"975\">\ud83c\udf1f Pro\u010d Kor\u00e1lov\u00e1 zahrada?<\/h3>\n<p data-start=\"976\" data-end=\"1180\">A\u0165 u\u017e jste <strong data-start=\"993\" data-end=\"1039\">pot\u00e1p\u011b\u010d, \u0161norchlista nebo prost\u011b milovn\u00edk p\u0159\u00edrody.<\/strong>, Coral Garden v Marsa Alam slibuje <strong data-start=\"1077\" data-end=\"1139\">kouzeln\u00fd den pln\u00fd dobrodru\u017estv\u00ed, objev\u016f a odpo\u010dinku<\/strong>. Nenechte si uj\u00edt tuto <strong data-start=\"1157\" data-end=\"1172\">Klenot Rud\u00e9ho mo\u0159e<\/strong>! \ud83d\udc22\ud83d\udc20<\/p>\n<div class=\"st-highlight\">\n<h2 class=\"st-heading-section\">Program<\/h2>\n<ul>\n<li>Odjezd kolem 7:30 (p\u0159ibli\u017en\u011b)<\/li>\n<li>N\u00e1vrat kolem 16:00 (p\u0159ibli\u017en\u011b)<\/li>\n<li>2 \u0161norchlov\u00e1n\u00ed<\/li>\n<\/ul>\n<\/div>\n<div class=\"accordion-item\">\n<h2 class=\"st-heading-section\">Zahrnut\u00e9 mo\u017enosti<\/h2>\n<div id=\"collapseInExClude\" class=\"accordion-collapse collapse show\" aria-labelledby=\"headingInExClude\" data-bs-parent=\"#headingInExClude\">\n<div class=\"accordion-body\">\n<div class=\"row\">\n<div class=\"col-lg-6\">\n<ul class=\"include\">\n<li>Hotelov\u00fd transfer - aktivita<\/li>\n<li>\u0160norchlovac\u00ed\/pot\u00e1p\u011b\u010dsk\u00e9 vybaven\u00ed<\/li>\n<li>Ob\u011bd + nealkoholick\u00fd n\u00e1poj<\/li>\n<\/ul>\n<\/div>\n<p data-start=\"1518\" data-end=\"1574\">\ud83e\udd11 <strong data-start=\"44\" data-end=\"63\">Ceny aktivit\u00a0<\/strong><br data-start=\"63\" data-end=\"66\" \/>\ud83d\udc68\ud83c\udffb\u200d\ud83e\uddb1 Dosp\u011bl\u00ed (od 12 let): <strong data-start=\"103\" data-end=\"110\">50 \u20ac<\/strong><br data-start=\"110\" data-end=\"113\" \/>\ud83e\uddcd\ud83c\udffb\u200d\u2640\ufe0f D\u011bti (do 12 let): <strong data-start=\"148\" data-end=\"155\">25 \u20ac<\/strong><br data-start=\"155\" data-end=\"158\" \/>\ud83d\udc7c\ud83c\udffc D\u011bti (do 5 let): <strong data-start=\"189\" data-end=\"197\">Zdarma<\/strong><\/p>\n<p data-start=\"1518\" data-end=\"1574\">\ud83e\udd11 <strong data-start=\"44\" data-end=\"63\">Ceny aktivit ( Pot\u00e1p\u011bn\u00ed Intro )<\/strong><br data-start=\"63\" data-end=\"66\" \/>\ud83d\udc68\ud83c\udffb\u200d\ud83e\uddb1 Dosp\u011bl\u00ed : <strong data-start=\"103\" data-end=\"110\">70 \u20ac<\/strong><\/p>\n<p data-start=\"1518\" data-end=\"1574\">\ud83e\udd11 <strong data-start=\"44\" data-end=\"63\">Ceny aktivit ( pot\u00e1p\u011bn\u00ed denn\u011b )<\/strong><br data-start=\"63\" data-end=\"66\" \/>\ud83d\udc68\ud83c\udffb\u200d\ud83e\uddb1 Dosp\u011bl\u00ed : <strong data-start=\"103\" data-end=\"110\">95 \u20ac<\/strong><\/p>\n<h3 data-start=\"2198\" data-end=\"2225\"><strong data-start=\"2205\" data-end=\"2223\">Platba v USD ($ \ud83c\uddfa\ud83c\uddf8) m\u00edsto v EUR (\u20ac \ud83c\uddea\ud83c\uddfa) je mo\u017en\u00e1 podle denn\u00edho kurzu banky.<\/strong><\/h3>\n<\/div>\n<\/div>\n<\/div>\n<\/div>\n<div id=\"gtx-trans\" style=\"position: absolute; left: 202px; top: 18.6375px;\">\n<div class=\"gtx-trans-icon\"><\/div>\n<\/div>\n<div id=\"gtx-trans\" style=\"position: absolute; left: 202px; top: 18.6375px;\">\n<div class=\"gtx-trans-icon\"><\/div>\n<\/div>","protected":false},"excerpt":{"rendered":"<p>\ud83d\udc20\u2728 Coral Garden \u2013 Marsa Alam\u2019s Underwater Paradise \u2728\ud83d\udc20 Dive into the vibrant world of Coral Garden, one of Marsa Alam\u2019s most stunning snorkeling and diving spots! \ud83c\udf0a With crystal-clear turquoise waters, colorful coral reefs, and an abundance of tropical fish \ud83d\udc1f, Coral Garden is a dream destination for underwater explorers of all levels. \u2728 [&hellip;]<\/p>\n","protected":false},"featured_media":10995,"comment_status":"open","ping_status":"closed","template":"","meta":[],"product_brand":[],"product_cat":[66],"product_tag":[],"class_list":{"0":"post-10994","1":"product","2":"type-product","3":"status-publish","4":"has-post-thumbnail","6":"product_cat-marsa-alam","8":"first","9":"instock","10":"shipping-taxable","11":"purchasable","12":"product-type-ovabrw_car_rental"},"yoast_head":"<!-- This site is optimized with the Yoast SEO plugin v27.5 - https:\/\/yoast.com\/product\/yoast-seo-wordpress\/ -->\n<title>Coral Garden: Snorkel, Dive &amp; Red Sea Magic - Golden Horizont Egypt<\/title>\n<meta name=\"robots\" content=\"index, follow, max-snippet:-1, max-image-preview:large, max-video-preview:-1\" \/>\n<link rel=\"canonical\" href=\"https:\/\/goldenhorizontegypt.com\/cs\/produkt\/coral-garden-trip\/\" \/>\n<meta property=\"og:locale\" content=\"cs_CZ\" \/>\n<meta property=\"og:type\" content=\"article\" \/>\n<meta property=\"og:title\" content=\"Coral Garden: Snorkel, Dive &amp; Red Sea Magic - Golden Horizont Egypt\" \/>\n<meta property=\"og:description\" content=\"\ud83d\udc20\u2728 Coral Garden \u2013 Marsa Alam\u2019s Underwater Paradise \u2728\ud83d\udc20 Dive into the vibrant world of Coral Garden, one of Marsa Alam\u2019s most stunning snorkeling and diving spots! \ud83c\udf0a With crystal-clear turquoise waters, colorful coral reefs, and an abundance of tropical fish \ud83d\udc1f, Coral Garden is a dream destination for underwater explorers of all levels. \u2728 [&hellip;]\" \/>\n<meta property=\"og:url\" content=\"https:\/\/goldenhorizontegypt.com\/cs\/produkt\/coral-garden-trip\/\" \/>\n<meta property=\"og:site_name\" content=\"Golden Horizont Egypt\" \/>\n<meta property=\"article:modified_time\" content=\"2025-11-28T14:24:10+00:00\" \/>\n<meta property=\"og:image\" content=\"https:\/\/goldenhorizontegypt.com\/wp-content\/uploads\/2025\/09\/96a29fd2-0b31-4717-85e5-06f3f9f98463.webp\" \/>\n\t<meta property=\"og:image:width\" content=\"1280\" \/>\n\t<meta property=\"og:image:height\" content=\"853\" \/>\n\t<meta property=\"og:image:type\" content=\"image\/webp\" \/>\n<meta name=\"twitter:card\" content=\"summary_large_image\" \/>\n<meta name=\"twitter:label1\" content=\"Odhadovan\u00e1 doba \u010dten\u00ed\" \/>\n\t<meta name=\"twitter:data1\" content=\"1 minuta\" \/>\n<script type=\"application\/ld+json\" class=\"yoast-schema-graph\">{\"@context\":\"https:\\\/\\\/schema.org\",\"@graph\":[{\"@type\":\"WebPage\",\"@id\":\"https:\\\/\\\/goldenhorizontegypt.com\\\/product\\\/coral-garden-trip\\\/\",\"url\":\"https:\\\/\\\/goldenhorizontegypt.com\\\/product\\\/coral-garden-trip\\\/\",\"name\":\"Coral Garden: Snorkel, Dive & Red Sea Magic - Golden Horizont Egypt\",\"isPartOf\":{\"@id\":\"https:\\\/\\\/goldenhorizontegypt.com\\\/#website\"},\"primaryImageOfPage\":{\"@id\":\"https:\\\/\\\/goldenhorizontegypt.com\\\/product\\\/coral-garden-trip\\\/#primaryimage\"},\"image\":{\"@id\":\"https:\\\/\\\/goldenhorizontegypt.com\\\/product\\\/coral-garden-trip\\\/#primaryimage\"},\"thumbnailUrl\":\"https:\\\/\\\/goldenhorizontegypt.com\\\/wp-content\\\/uploads\\\/2025\\\/09\\\/96a29fd2-0b31-4717-85e5-06f3f9f98463.webp\",\"datePublished\":\"2025-09-21T22:23:43+00:00\",\"dateModified\":\"2025-11-28T14:24:10+00:00\",\"breadcrumb\":{\"@id\":\"https:\\\/\\\/goldenhorizontegypt.com\\\/product\\\/coral-garden-trip\\\/#breadcrumb\"},\"inLanguage\":\"cs\",\"potentialAction\":[{\"@type\":\"ReadAction\",\"target\":[\"https:\\\/\\\/goldenhorizontegypt.com\\\/product\\\/coral-garden-trip\\\/\"]}]},{\"@type\":\"ImageObject\",\"inLanguage\":\"cs\",\"@id\":\"https:\\\/\\\/goldenhorizontegypt.com\\\/product\\\/coral-garden-trip\\\/#primaryimage\",\"url\":\"https:\\\/\\\/goldenhorizontegypt.com\\\/wp-content\\\/uploads\\\/2025\\\/09\\\/96a29fd2-0b31-4717-85e5-06f3f9f98463.webp\",\"contentUrl\":\"https:\\\/\\\/goldenhorizontegypt.com\\\/wp-content\\\/uploads\\\/2025\\\/09\\\/96a29fd2-0b31-4717-85e5-06f3f9f98463.webp\",\"width\":1280,\"height\":853},{\"@type\":\"BreadcrumbList\",\"@id\":\"https:\\\/\\\/goldenhorizontegypt.com\\\/product\\\/coral-garden-trip\\\/#breadcrumb\",\"itemListElement\":[{\"@type\":\"ListItem\",\"position\":1,\"name\":\"Home\",\"item\":\"https:\\\/\\\/goldenhorizontegypt.com\\\/\"},{\"@type\":\"ListItem\",\"position\":2,\"name\":\"Shop\",\"item\":\"https:\\\/\\\/goldenhorizontegypt.com\\\/shop\\\/\"},{\"@type\":\"ListItem\",\"position\":3,\"name\":\"Coral Garden: Snorkel, Dive &#038; Red Sea Magic\"}]},{\"@type\":\"WebSite\",\"@id\":\"https:\\\/\\\/goldenhorizontegypt.com\\\/#website\",\"url\":\"https:\\\/\\\/goldenhorizontegypt.com\\\/\",\"name\":\"Golden Horizont Egypt\",\"description\":\"\",\"potentialAction\":[{\"@type\":\"SearchAction\",\"target\":{\"@type\":\"EntryPoint\",\"urlTemplate\":\"https:\\\/\\\/goldenhorizontegypt.com\\\/?s={search_term_string}\"},\"query-input\":{\"@type\":\"PropertyValueSpecification\",\"valueRequired\":true,\"valueName\":\"search_term_string\"}}],\"inLanguage\":\"cs\"}]}<\/script>\n<!-- \/ Yoast SEO plugin. -->","yoast_head_json":{"title":"Coral Garden: Snorkel, Dive & Red Sea Magic - Golden Horizont Egypt","robots":{"index":"index","follow":"follow","max-snippet":"max-snippet:-1","max-image-preview":"max-image-preview:large","max-video-preview":"max-video-preview:-1"},"canonical":"https:\/\/goldenhorizontegypt.com\/cs\/produkt\/coral-garden-trip\/","og_locale":"cs_CZ","og_type":"article","og_title":"Coral Garden: Snorkel, Dive & Red Sea Magic - Golden Horizont Egypt","og_description":"\ud83d\udc20\u2728 Coral Garden \u2013 Marsa Alam\u2019s Underwater Paradise \u2728\ud83d\udc20 Dive into the vibrant world of Coral Garden, one of Marsa Alam\u2019s most stunning snorkeling and diving spots! \ud83c\udf0a With crystal-clear turquoise waters, colorful coral reefs, and an abundance of tropical fish \ud83d\udc1f, Coral Garden is a dream destination for underwater explorers of all levels. \u2728 [&hellip;]","og_url":"https:\/\/goldenhorizontegypt.com\/cs\/produkt\/coral-garden-trip\/","og_site_name":"Golden Horizont Egypt","article_modified_time":"2025-11-28T14:24:10+00:00","og_image":[{"width":1280,"height":853,"url":"https:\/\/goldenhorizontegypt.com\/wp-content\/uploads\/2025\/09\/96a29fd2-0b31-4717-85e5-06f3f9f98463.webp","type":"image\/webp"}],"twitter_card":"summary_large_image","twitter_misc":{"Odhadovan\u00e1 doba \u010dten\u00ed":"1 minuta"},"schema":{"@context":"https:\/\/schema.org","@graph":[{"@type":"WebPage","@id":"https:\/\/goldenhorizontegypt.com\/product\/coral-garden-trip\/","url":"https:\/\/goldenhorizontegypt.com\/product\/coral-garden-trip\/","name":"Coral Garden: Snorkel, Dive & Red Sea Magic - Golden Horizont Egypt","isPartOf":{"@id":"https:\/\/goldenhorizontegypt.com\/#website"},"primaryImageOfPage":{"@id":"https:\/\/goldenhorizontegypt.com\/product\/coral-garden-trip\/#primaryimage"},"image":{"@id":"https:\/\/goldenhorizontegypt.com\/product\/coral-garden-trip\/#primaryimage"},"thumbnailUrl":"https:\/\/goldenhorizontegypt.com\/wp-content\/uploads\/2025\/09\/96a29fd2-0b31-4717-85e5-06f3f9f98463.webp","datePublished":"2025-09-21T22:23:43+00:00","dateModified":"2025-11-28T14:24:10+00:00","breadcrumb":{"@id":"https:\/\/goldenhorizontegypt.com\/product\/coral-garden-trip\/#breadcrumb"},"inLanguage":"cs","potentialAction":[{"@type":"ReadAction","target":["https:\/\/goldenhorizontegypt.com\/product\/coral-garden-trip\/"]}]},{"@type":"ImageObject","inLanguage":"cs","@id":"https:\/\/goldenhorizontegypt.com\/product\/coral-garden-trip\/#primaryimage","url":"https:\/\/goldenhorizontegypt.com\/wp-content\/uploads\/2025\/09\/96a29fd2-0b31-4717-85e5-06f3f9f98463.webp","contentUrl":"https:\/\/goldenhorizontegypt.com\/wp-content\/uploads\/2025\/09\/96a29fd2-0b31-4717-85e5-06f3f9f98463.webp","width":1280,"height":853},{"@type":"BreadcrumbList","@id":"https:\/\/goldenhorizontegypt.com\/product\/coral-garden-trip\/#breadcrumb","itemListElement":[{"@type":"ListItem","position":1,"name":"Home","item":"https:\/\/goldenhorizontegypt.com\/"},{"@type":"ListItem","position":2,"name":"Shop","item":"https:\/\/goldenhorizontegypt.com\/shop\/"},{"@type":"ListItem","position":3,"name":"Coral Garden: Snorkel, Dive &#038; Red Sea Magic"}]},{"@type":"WebSite","@id":"https:\/\/goldenhorizontegypt.com\/#website","url":"https:\/\/goldenhorizontegypt.com\/","name":"Golden Horizont Egypt","description":"","potentialAction":[{"@type":"SearchAction","target":{"@type":"EntryPoint","urlTemplate":"https:\/\/goldenhorizontegypt.com\/?s={search_term_string}"},"query-input":{"@type":"PropertyValueSpecification","valueRequired":true,"valueName":"search_term_string"}}],"inLanguage":"cs"}]}},"_links":{"self":[{"href":"https:\/\/goldenhorizontegypt.com\/cs\/wp-json\/wp\/v2\/product\/10994","targetHints":{"allow":["GET"]}}],"collection":[{"href":"https:\/\/goldenhorizontegypt.com\/cs\/wp-json\/wp\/v2\/product"}],"about":[{"href":"https:\/\/goldenhorizontegypt.com\/cs\/wp-json\/wp\/v2\/types\/product"}],"replies":[{"embeddable":true,"href":"https:\/\/goldenhorizontegypt.com\/cs\/wp-json\/wp\/v2\/comments?post=10994"}],"wp:featuredmedia":[{"embeddable":true,"href":"https:\/\/goldenhorizontegypt.com\/cs\/wp-json\/wp\/v2\/media\/10995"}],"wp:attachment":[{"href":"https:\/\/goldenhorizontegypt.com\/cs\/wp-json\/wp\/v2\/media?parent=10994"}],"wp:term":[{"taxonomy":"product_brand","embeddable":true,"href":"https:\/\/goldenhorizontegypt.com\/cs\/wp-json\/wp\/v2\/product_brand?post=10994"},{"taxonomy":"product_cat","embeddable":true,"href":"https:\/\/goldenhorizontegypt.com\/cs\/wp-json\/wp\/v2\/product_cat?post=10994"},{"taxonomy":"product_tag","embeddable":true,"href":"https:\/\/goldenhorizontegypt.com\/cs\/wp-json\/wp\/v2\/product_tag?post=10994"}],"curies":[{"name":"wp","href":"https:\/\/api.w.org\/{rel}","templated":true}]}}