{"id":10026,"date":"2025-09-08T09:51:45","date_gmt":"2025-09-08T09:51:45","guid":{"rendered":"https:\/\/goldenhorizontegypt.com\/?post_type=product&#038;p=10026"},"modified":"2026-02-12T15:00:48","modified_gmt":"2026-02-12T15:00:48","slug":"parachute-trip","status":"publish","type":"product","link":"https:\/\/goldenhorizontegypt.com\/cs\/produkt\/parachute-trip\/","title":{"rendered":"Parasailing Hurghada: L\u00e9tejte vysoko nad Rud\u00fdm mo\u0159em"},"content":{"rendered":"<p data-start=\"78\" data-end=\"148\"><strong data-start=\"78\" data-end=\"146\">\ud83e\ude82 Soar Above the Red Sea \u2013 Unforgettable Parasailing Adventure!<\/strong><\/p>\n<p data-start=\"150\" data-end=\"426\">Get ready for one of the <strong data-start=\"175\" data-end=\"222\">most thrilling and breathtaking experiences<\/strong> in Hurghada! <strong data-start=\"236\" data-end=\"251\">Parasailing<\/strong> offers a unique chance to <strong data-start=\"278\" data-end=\"320\">fly high above the sparkling waters \ud83c\udf0a<\/strong>, feel the fresh sea breeze \ud83c\udf2c\ufe0f, and witness <strong data-start=\"365\" data-end=\"405\">panoramic views of the coastline \ud83c\udfd6\ufe0f<\/strong> like never before.<\/p>\n<p data-start=\"428\" data-end=\"458\"><strong data-start=\"428\" data-end=\"456\">\u2728 Experience Highlights:<\/strong><\/p>\n<ul data-start=\"459\" data-end=\"652\">\n<li data-start=\"459\" data-end=\"520\">\n<p data-start=\"461\" data-end=\"520\"><strong data-start=\"461\" data-end=\"481\">Flight Duration:<\/strong> 5 minutes of pure excitement! \u23f1\ufe0f<\/p>\n<\/li>\n<li data-start=\"521\" data-end=\"577\">\n<p data-start=\"523\" data-end=\"577\"><strong data-start=\"523\" data-end=\"557\">Stunning aerial sightseeing \ud83c\udf05<\/strong> over the Red Sea.<\/p>\n<\/li>\n<li data-start=\"578\" data-end=\"652\">\n<p data-start=\"580\" data-end=\"652\"><strong data-start=\"580\" data-end=\"607\">Safe &amp; secure adventure<\/strong> guided by experienced professionals \ud83d\udc68\u200d\u2708\ufe0f.<\/p>\n<\/li>\n<\/ul>\n<p data-start=\"654\" data-end=\"673\"><strong data-start=\"654\" data-end=\"671\">\ud83d\udd52 Trip Time:<\/strong><\/p>\n<ul data-start=\"674\" data-end=\"740\">\n<li data-start=\"674\" data-end=\"740\">\n<p data-start=\"676\" data-end=\"740\">Daily from <strong data-start=\"687\" data-end=\"710\">10:00 AM to 5:00 PM<\/strong> \u2013 choose your perfect time!<\/p>\n<\/li>\n<\/ul>\n<h5><img decoding=\"async\" class=\"emoji\" role=\"img\" draggable=\"false\" src=\"https:\/\/s.w.org\/images\/core\/emoji\/16.0.1\/svg\/1f4dd.svg\" alt=\"\ud83d\udcdd\" \/>\u00a0Rating<\/h5>\n<ul>\n<li><img decoding=\"async\" class=\"emoji\" role=\"img\" draggable=\"false\" src=\"https:\/\/s.w.org\/images\/core\/emoji\/16.0.1\/svg\/26a0.svg\" alt=\"\u26a0\ufe0f\" \/>\u00a0Transfer not included!<\/li>\n<li>The parachute can accommodate 1 to 2 people<\/li>\n<li>From 6 years old<\/li>\n<\/ul>\n<p data-start=\"836\" data-end=\"987\">Whether you\u2019re seeking <strong data-start=\"859\" data-end=\"908\">adventure, romance, or just a new perspective<\/strong>, this parasailing experience will leave you with <strong data-start=\"958\" data-end=\"985\">unforgettable memories!<\/strong><\/p>\n<article class=\"text-token-text-primary w-full focus:outline-none scroll-mt-[calc(var(--header-height)+min(200px,max(70px,20svh)))]\" dir=\"auto\" tabindex=\"-1\" data-turn-id=\"request-68cf1740-f044-8320-b794-7b729d41709a-24\" data-testid=\"conversation-turn-40\" data-scroll-anchor=\"false\" data-turn=\"assistant\">\n<div class=\"text-base my-auto mx-auto [--thread-content-margin:--spacing(4)] thread-sm:[--thread-content-margin:--spacing(6)] thread-lg:[--thread-content-margin:--spacing(16)] px-(--thread-content-margin)\">\n<div class=\"[--thread-content-max-width:40rem] thread-lg:[--thread-content-max-width:48rem] mx-auto max-w-(--thread-content-max-width) flex-1 group\/turn-messages focus-visible:outline-hidden relative flex w-full min-w-0 flex-col agent-turn\" tabindex=\"-1\">\n<div class=\"flex max-w-full flex-col grow\">\n<div class=\"min-h-8 text-message relative flex w-full flex-col items-end gap-2 text-start break-words whitespace-normal [.text-message+&amp;]:mt-5\" dir=\"auto\" data-message-author-role=\"assistant\" data-message-id=\"50aab9b1-f898-4146-b155-c5fe1ad94cd2\" data-message-model-slug=\"gpt-5-mini\">\n<div class=\"flex w-full flex-col gap-1 empty:hidden first:pt-[3px]\">\n<div class=\"markdown prose dark:prose-invert w-full break-words light markdown-new-styling\">\n<p data-start=\"41\" data-end=\"65\">\ud83e\udd11 <strong data-start=\"44\" data-end=\"63\">Activity Price:<\/strong><\/p>\n<ul data-start=\"66\" data-end=\"137\" data-is-only-node=\"\">\n<li data-start=\"66\" data-end=\"81\">\n<p data-start=\"68\" data-end=\"81\">Adults: 20 \u20ac<\/p>\n<\/li>\n<li data-start=\"82\" data-end=\"103\">\n<p data-start=\"84\" data-end=\"103\">Ages 6 to 11: 15 \u20ac<\/p>\n<\/li>\n<li data-start=\"104\" data-end=\"137\">\n<p data-start=\"106\" data-end=\"137\">Under 6 years: Not allowed \ud83d\udeab<\/p>\n<\/li>\n<\/ul>\n<\/div>\n<\/div>\n<\/div>\n<\/div>\n<\/div>\n<\/div>\n<\/article>\n<h3 data-start=\"2198\" data-end=\"2225\"><strong data-start=\"2205\" data-end=\"2223\">Payment in USD ($ \ud83c\uddfa\ud83c\uddf8) instead of EUR (\u20ac \ud83c\uddea\ud83c\uddfa) is available according to the daily bank exchange rate.<\/strong><\/h3>\n<p><strong>Book Through WhatsApp:<\/strong><\/p>\n<p><a href=\"https:\/\/wa.me\/201021058859\" target=\"_blank\" rel=\"noopener\">\u00a0<img decoding=\"async\" class=\"alignnone wp-image-2058\" src=\"https:\/\/poehalisnamiegypt.com\/wp-content\/uploads\/2024\/02\/pngwing.com_-300x300.png\" sizes=\"auto, (max-width: 35px) 100vw, 35px\" srcset=\"https:\/\/poehalisnamiegypt.com\/wp-content\/uploads\/2024\/02\/pngwing.com_-300x300.png 300w, https:\/\/poehalisnamiegypt.com\/wp-content\/uploads\/2024\/02\/pngwing.com_-150x150.png 150w, https:\/\/poehalisnamiegypt.com\/wp-content\/uploads\/2024\/02\/pngwing.com_.png 584w\" alt=\"\" width=\"53\" height=\"53\" \/><\/a><\/p>\n<p>&nbsp;<\/p>\n<div id=\"gtx-trans\" style=\"position: absolute; left: 302px; top: 1.2px;\">\n<div class=\"gtx-trans-icon\"><\/div>\n<\/div>\n","protected":false},"excerpt":{"rendered":"<p>\ud83e\ude82 Soar Above the Red Sea \u2013 Unforgettable Parasailing Adventure! Get ready for one of the most thrilling and breathtaking experiences in Hurghada! Parasailing offers a unique chance to fly high above the sparkling waters \ud83c\udf0a, feel the fresh sea breeze \ud83c\udf2c\ufe0f, and witness panoramic views of the coastline \ud83c\udfd6\ufe0f like never before. \u2728 Experience [&hellip;]<\/p>\n","protected":false},"featured_media":10031,"comment_status":"open","ping_status":"closed","template":"","meta":[],"product_brand":[],"product_cat":[64],"product_tag":[],"class_list":{"0":"post-10026","1":"product","2":"type-product","3":"status-publish","4":"has-post-thumbnail","6":"product_cat-entertaining","8":"first","9":"instock","10":"shipping-taxable","11":"purchasable","12":"product-type-ovabrw_car_rental"},"yoast_head":"<!-- This site is optimized with the Yoast SEO plugin v27.5 - https:\/\/yoast.com\/product\/yoast-seo-wordpress\/ -->\n<title>Parasailing Hurghada: Fly High Over the Red Sea - Golden Horizont Egypt<\/title>\n<meta name=\"robots\" content=\"index, follow, max-snippet:-1, max-image-preview:large, max-video-preview:-1\" \/>\n<link rel=\"canonical\" href=\"https:\/\/goldenhorizontegypt.com\/cs\/produkt\/parachute-trip\/\" \/>\n<meta property=\"og:locale\" content=\"cs_CZ\" \/>\n<meta property=\"og:type\" content=\"article\" \/>\n<meta property=\"og:title\" content=\"Parasailing Hurghada: Fly High Over the Red Sea - Golden Horizont Egypt\" \/>\n<meta property=\"og:description\" content=\"\ud83e\ude82 Soar Above the Red Sea \u2013 Unforgettable Parasailing Adventure! Get ready for one of the most thrilling and breathtaking experiences in Hurghada! Parasailing offers a unique chance to fly high above the sparkling waters \ud83c\udf0a, feel the fresh sea breeze \ud83c\udf2c\ufe0f, and witness panoramic views of the coastline \ud83c\udfd6\ufe0f like never before. \u2728 Experience [&hellip;]\" \/>\n<meta property=\"og:url\" content=\"https:\/\/goldenhorizontegypt.com\/cs\/produkt\/parachute-trip\/\" \/>\n<meta property=\"og:site_name\" content=\"Golden Horizont Egypt\" \/>\n<meta property=\"article:modified_time\" content=\"2026-02-12T15:00:48+00:00\" \/>\n<meta property=\"og:image\" content=\"https:\/\/goldenhorizontegypt.com\/wp-content\/uploads\/2025\/09\/parasailing-at-sharm-el-sheikh.jpg\" \/>\n\t<meta property=\"og:image:width\" content=\"1000\" \/>\n\t<meta property=\"og:image:height\" content=\"600\" \/>\n\t<meta property=\"og:image:type\" content=\"image\/jpeg\" \/>\n<meta name=\"twitter:card\" content=\"summary_large_image\" \/>\n<meta name=\"twitter:label1\" content=\"Odhadovan\u00e1 doba \u010dten\u00ed\" \/>\n\t<meta name=\"twitter:data1\" content=\"1 minuta\" \/>\n<script type=\"application\/ld+json\" class=\"yoast-schema-graph\">{\"@context\":\"https:\\\/\\\/schema.org\",\"@graph\":[{\"@type\":\"WebPage\",\"@id\":\"https:\\\/\\\/goldenhorizontegypt.com\\\/product\\\/parachute-trip\\\/\",\"url\":\"https:\\\/\\\/goldenhorizontegypt.com\\\/product\\\/parachute-trip\\\/\",\"name\":\"Parasailing Hurghada: Fly High Over the Red Sea - Golden Horizont Egypt\",\"isPartOf\":{\"@id\":\"https:\\\/\\\/goldenhorizontegypt.com\\\/#website\"},\"primaryImageOfPage\":{\"@id\":\"https:\\\/\\\/goldenhorizontegypt.com\\\/product\\\/parachute-trip\\\/#primaryimage\"},\"image\":{\"@id\":\"https:\\\/\\\/goldenhorizontegypt.com\\\/product\\\/parachute-trip\\\/#primaryimage\"},\"thumbnailUrl\":\"https:\\\/\\\/goldenhorizontegypt.com\\\/wp-content\\\/uploads\\\/2025\\\/09\\\/parasailing-at-sharm-el-sheikh.jpg\",\"datePublished\":\"2025-09-08T09:51:45+00:00\",\"dateModified\":\"2026-02-12T15:00:48+00:00\",\"breadcrumb\":{\"@id\":\"https:\\\/\\\/goldenhorizontegypt.com\\\/product\\\/parachute-trip\\\/#breadcrumb\"},\"inLanguage\":\"cs\",\"potentialAction\":[{\"@type\":\"ReadAction\",\"target\":[\"https:\\\/\\\/goldenhorizontegypt.com\\\/product\\\/parachute-trip\\\/\"]}]},{\"@type\":\"ImageObject\",\"inLanguage\":\"cs\",\"@id\":\"https:\\\/\\\/goldenhorizontegypt.com\\\/product\\\/parachute-trip\\\/#primaryimage\",\"url\":\"https:\\\/\\\/goldenhorizontegypt.com\\\/wp-content\\\/uploads\\\/2025\\\/09\\\/parasailing-at-sharm-el-sheikh.jpg\",\"contentUrl\":\"https:\\\/\\\/goldenhorizontegypt.com\\\/wp-content\\\/uploads\\\/2025\\\/09\\\/parasailing-at-sharm-el-sheikh.jpg\",\"width\":1000,\"height\":600},{\"@type\":\"BreadcrumbList\",\"@id\":\"https:\\\/\\\/goldenhorizontegypt.com\\\/product\\\/parachute-trip\\\/#breadcrumb\",\"itemListElement\":[{\"@type\":\"ListItem\",\"position\":1,\"name\":\"Home\",\"item\":\"https:\\\/\\\/goldenhorizontegypt.com\\\/\"},{\"@type\":\"ListItem\",\"position\":2,\"name\":\"Shop\",\"item\":\"https:\\\/\\\/goldenhorizontegypt.com\\\/shop\\\/\"},{\"@type\":\"ListItem\",\"position\":3,\"name\":\"Parasailing Hurghada: Fly High Over the Red Sea\"}]},{\"@type\":\"WebSite\",\"@id\":\"https:\\\/\\\/goldenhorizontegypt.com\\\/#website\",\"url\":\"https:\\\/\\\/goldenhorizontegypt.com\\\/\",\"name\":\"Golden Horizont Egypt\",\"description\":\"\",\"potentialAction\":[{\"@type\":\"SearchAction\",\"target\":{\"@type\":\"EntryPoint\",\"urlTemplate\":\"https:\\\/\\\/goldenhorizontegypt.com\\\/?s={search_term_string}\"},\"query-input\":{\"@type\":\"PropertyValueSpecification\",\"valueRequired\":true,\"valueName\":\"search_term_string\"}}],\"inLanguage\":\"cs\"}]}<\/script>\n<!-- \/ Yoast SEO plugin. -->","yoast_head_json":{"title":"Parasailing Hurghada: Fly High Over the Red Sea - Golden Horizont Egypt","robots":{"index":"index","follow":"follow","max-snippet":"max-snippet:-1","max-image-preview":"max-image-preview:large","max-video-preview":"max-video-preview:-1"},"canonical":"https:\/\/goldenhorizontegypt.com\/cs\/produkt\/parachute-trip\/","og_locale":"cs_CZ","og_type":"article","og_title":"Parasailing Hurghada: Fly High Over the Red Sea - Golden Horizont Egypt","og_description":"\ud83e\ude82 Soar Above the Red Sea \u2013 Unforgettable Parasailing Adventure! Get ready for one of the most thrilling and breathtaking experiences in Hurghada! Parasailing offers a unique chance to fly high above the sparkling waters \ud83c\udf0a, feel the fresh sea breeze \ud83c\udf2c\ufe0f, and witness panoramic views of the coastline \ud83c\udfd6\ufe0f like never before. \u2728 Experience [&hellip;]","og_url":"https:\/\/goldenhorizontegypt.com\/cs\/produkt\/parachute-trip\/","og_site_name":"Golden Horizont Egypt","article_modified_time":"2026-02-12T15:00:48+00:00","og_image":[{"width":1000,"height":600,"url":"https:\/\/goldenhorizontegypt.com\/wp-content\/uploads\/2025\/09\/parasailing-at-sharm-el-sheikh.jpg","type":"image\/jpeg"}],"twitter_card":"summary_large_image","twitter_misc":{"Odhadovan\u00e1 doba \u010dten\u00ed":"1 minuta"},"schema":{"@context":"https:\/\/schema.org","@graph":[{"@type":"WebPage","@id":"https:\/\/goldenhorizontegypt.com\/product\/parachute-trip\/","url":"https:\/\/goldenhorizontegypt.com\/product\/parachute-trip\/","name":"Parasailing Hurghada: Fly High Over the Red Sea - Golden Horizont Egypt","isPartOf":{"@id":"https:\/\/goldenhorizontegypt.com\/#website"},"primaryImageOfPage":{"@id":"https:\/\/goldenhorizontegypt.com\/product\/parachute-trip\/#primaryimage"},"image":{"@id":"https:\/\/goldenhorizontegypt.com\/product\/parachute-trip\/#primaryimage"},"thumbnailUrl":"https:\/\/goldenhorizontegypt.com\/wp-content\/uploads\/2025\/09\/parasailing-at-sharm-el-sheikh.jpg","datePublished":"2025-09-08T09:51:45+00:00","dateModified":"2026-02-12T15:00:48+00:00","breadcrumb":{"@id":"https:\/\/goldenhorizontegypt.com\/product\/parachute-trip\/#breadcrumb"},"inLanguage":"cs","potentialAction":[{"@type":"ReadAction","target":["https:\/\/goldenhorizontegypt.com\/product\/parachute-trip\/"]}]},{"@type":"ImageObject","inLanguage":"cs","@id":"https:\/\/goldenhorizontegypt.com\/product\/parachute-trip\/#primaryimage","url":"https:\/\/goldenhorizontegypt.com\/wp-content\/uploads\/2025\/09\/parasailing-at-sharm-el-sheikh.jpg","contentUrl":"https:\/\/goldenhorizontegypt.com\/wp-content\/uploads\/2025\/09\/parasailing-at-sharm-el-sheikh.jpg","width":1000,"height":600},{"@type":"BreadcrumbList","@id":"https:\/\/goldenhorizontegypt.com\/product\/parachute-trip\/#breadcrumb","itemListElement":[{"@type":"ListItem","position":1,"name":"Home","item":"https:\/\/goldenhorizontegypt.com\/"},{"@type":"ListItem","position":2,"name":"Shop","item":"https:\/\/goldenhorizontegypt.com\/shop\/"},{"@type":"ListItem","position":3,"name":"Parasailing Hurghada: Fly High Over the Red Sea"}]},{"@type":"WebSite","@id":"https:\/\/goldenhorizontegypt.com\/#website","url":"https:\/\/goldenhorizontegypt.com\/","name":"Golden Horizont Egypt","description":"","potentialAction":[{"@type":"SearchAction","target":{"@type":"EntryPoint","urlTemplate":"https:\/\/goldenhorizontegypt.com\/?s={search_term_string}"},"query-input":{"@type":"PropertyValueSpecification","valueRequired":true,"valueName":"search_term_string"}}],"inLanguage":"cs"}]}},"_links":{"self":[{"href":"https:\/\/goldenhorizontegypt.com\/cs\/wp-json\/wp\/v2\/product\/10026","targetHints":{"allow":["GET"]}}],"collection":[{"href":"https:\/\/goldenhorizontegypt.com\/cs\/wp-json\/wp\/v2\/product"}],"about":[{"href":"https:\/\/goldenhorizontegypt.com\/cs\/wp-json\/wp\/v2\/types\/product"}],"replies":[{"embeddable":true,"href":"https:\/\/goldenhorizontegypt.com\/cs\/wp-json\/wp\/v2\/comments?post=10026"}],"wp:featuredmedia":[{"embeddable":true,"href":"https:\/\/goldenhorizontegypt.com\/cs\/wp-json\/wp\/v2\/media\/10031"}],"wp:attachment":[{"href":"https:\/\/goldenhorizontegypt.com\/cs\/wp-json\/wp\/v2\/media?parent=10026"}],"wp:term":[{"taxonomy":"product_brand","embeddable":true,"href":"https:\/\/goldenhorizontegypt.com\/cs\/wp-json\/wp\/v2\/product_brand?post=10026"},{"taxonomy":"product_cat","embeddable":true,"href":"https:\/\/goldenhorizontegypt.com\/cs\/wp-json\/wp\/v2\/product_cat?post=10026"},{"taxonomy":"product_tag","embeddable":true,"href":"https:\/\/goldenhorizontegypt.com\/cs\/wp-json\/wp\/v2\/product_tag?post=10026"}],"curies":[{"name":"wp","href":"https:\/\/api.w.org\/{rel}","templated":true}]}}