{"id":7678,"date":"2023-06-06T10:49:36","date_gmt":"2023-06-06T10:49:36","guid":{"rendered":"https:\/\/goldenhorizontegypt.com\/?page_id=7678"},"modified":"2023-06-06T10:49:36","modified_gmt":"2023-06-06T10:49:36","slug":"event-list-3","status":"publish","type":"page","link":"https:\/\/goldenhorizontegypt.com\/cs\/event-list-3\/","title":{"rendered":"Seznam ud\u00e1lost\u00ed 3"},"content":{"rendered":"<div data-elementor-type=\"wp-page\" data-elementor-id=\"7678\" class=\"elementor elementor-7678\" data-elementor-post-type=\"page\">\n\t\t\t\t\t\t<section class=\"elementor-section elementor-top-section elementor-element elementor-element-b281d58 elementor-section-boxed elementor-section-height-default elementor-section-height-default\" data-id=\"b281d58\" data-element_type=\"section\" data-e-type=\"section\">\n\t\t\t\t\t\t<div class=\"elementor-container elementor-column-gap-default\">\n\t\t\t\t\t<div class=\"elementor-column elementor-col-100 elementor-top-column elementor-element elementor-element-e5806fb\" data-id=\"e5806fb\" data-element_type=\"column\" data-e-type=\"column\">\n\t\t\t<div class=\"elementor-widget-wrap elementor-element-populated\">\n\t\t\t\t\t\t<div class=\"elementor-element elementor-element-2eef7af elementor-widget elementor-widget-ova_events_search_ajax\" data-id=\"2eef7af\" data-element_type=\"widget\" data-e-type=\"widget\" data-widget_type=\"ova_events_search_ajax.default\">\n\t\t\t\t<div class=\"elementor-widget-container\">\n\t\t\t\t\t\n<div class=\"ovaev-wrapper-search-ajax\">\n\t<!-- Search Form -->\n\t<div class=\"ovaev-search-ajax-form search_archive_event\">\n\t\t<form action=\"https:\/\/goldenhorizontegypt.com\/cs\/event\/\" method=\"POST\" name=\"search_ajax_event\" autocomplete=\"off\" data-trp-original-action=\"https:\/\/goldenhorizontegypt.com\/cs\/event\/\">\n\t\t\t<div class=\"start_date\">\n\t\t\t\t<input type=\"text\" \n\t\t\t\t\tid=\"ovaev_start_date_search\" \n\t\t\t\t\tclass=\"ovaev_start_date_search\" \n\t\t\t\t\tdata-lang=\"en\" \n\t\t\t\t\tdata-date=\"d-m-Y\" \n\t\t\t\t\tdata-time=\"H:i\" \n\t\t\t\t\tdata-first-day=\"1\" \n\t\t\t\t\tplaceholder=\"Choose Date\" \n\t\t\t\t\tname=\"ovaev_start_date_search\" \n\t\t\t\t\tvalue=\"\" \n\t\t\t\t\/>\n\t\t\t\t<i class=\"far fa-calendar-alt\"><\/i>\n\t\t\t<\/div>\n\n\t\t\t<div class=\"end_date\">\n\t\t\t\t<input \n\t\t\t\t\ttype=\"text\" \n\t\t\t\t\tid=\"ovaev_end_date_search\" \n\t\t\t\t\tclass=\"ovaev_end_date_search\" \n\t\t\t\t\tdata-lang=\"en\" \n\t\t\t\t\tdata-date=\"d-m-Y\" \n\t\t\t\t\tdata-first-day=\"1\" \n\t\t\t\t\tplaceholder=\"Choose Date\" \n\t\t\t\t\tname=\"ovaev_end_date_search\" \n\t\t\t\t\tvalue=\"\" \n\t\t\t\t\/>\n\t\t\t\t<i class=\"far fa-calendar-alt\"><\/i>\n\t\t\t<\/div>\n\n\t\t\t<div class=\"ovaev_cat_search\">\n\t\t\t\t<select  name='ovaev_type' id='ovaev_type' class='ovaev_type'>\n\t<option value='' selected='selected'>All Categories<\/option>\n\t<option class=\"level-0\" value=\"good-tour\">Dobr\u00e1 prohl\u00eddka<\/option>\n\t<option class=\"level-0\" value=\"travel\">Cestov\u00e1n\u00ed<\/option>\n<\/select>\n\t\t\t\t<i class=\"arrow_carrot-down\"><\/i>\n\t\t\t<\/div>\n\t\t<input type=\"hidden\" name=\"trp-form-language\" value=\"cs\"\/><\/form>\n\t<\/div>\n\t<!-- End Search Form -->\n\n\t<!-- Events -->\n\t<div class=\"ovaev-search-ajax-container\">\n\t\t<div class=\"search-ajax-content\">\n\t\t\t<div class=\"archive_event ovaev-search-ajax-events col3\">\n\t\t\t\t\n<div class=\"ovaev-content\">\n\t<div class=\"type3\">\n\t\t\n<div class=\"date-event\">\n\t<span class=\"date\">01<\/span>\n\t<span class=\"month\">\u010cvn<\/span>\n<\/div>\n\n\n\t\t<div class=\"desc\">\n\t\t\t\n<div class=\"event-thumbnail\" style=\"background-image: url(https:\/\/goldenhorizontegypt.com\/wp-content\/uploads\/2023\/06\/event-02.jpg);\">\n\t<a href=\"https:\/\/goldenhorizontegypt.com\/cs\/event\/why-choose-our-travel-agency-2\/\">\n\t\t<img fetchpriority=\"high\" decoding=\"async\" width=\"700\" height=\"445\" src=\"https:\/\/goldenhorizontegypt.com\/wp-content\/uploads\/2023\/06\/event-02-700x445.jpg\" class=\"attachment-ovaev_event_thumbnail size-ovaev_event_thumbnail wp-post-image\" alt=\"\" \/>\t<\/a>\n<\/div>\n\t\t\t<div class=\"event_post\">\n\t\t\t\t\n<a href=\"https:\/\/goldenhorizontegypt.com\/cs\/event\/why-choose-our-travel-agency-2\/\">\n\t<h2 class=\"second_font event_title\">\n\t\tPro\u010d si vybrat na\u0161i cestovn\u00ed kancel\u00e1\u0159 2?\t<\/h2>\n<\/a>\t\t\t\t<div class=\"time-event\">\n\t\t\t\t\t\n<div class=\"time equal-date\">\n\t\n\t<i class=\"icomoon icomoon-clock\"><\/i>\n\n\t\t\t<span class=\"time-date-child\">\n\t\t\t<span class=\"date-child\">\n\t\t\t\t\u010cerven 1, 2024 @\t\t\t<\/span>\n\n\t\t\t<span> 15:30<\/span>\n\n\t\t\t\t\t\t\t<a href=\"https:\/\/goldenhorizontegypt.com\/cs\/event\/why-choose-our-travel-agency-2\/ \" class=\"more_date_text\" data-id=\"7356\">\n\t\t\t\t\t<span>, more<\/span>\t\n\t\t\t\t<\/a>\n\t\t\t\t\n\t\t<\/span>\n\t\n<\/div>\n\t\t\t\t\t\n\t<div class=\"venue\">\n\t\t\n\t\t<i class=\"icomoon icomoon-location\"><\/i>\n\t\t\n\t\t<span class=\"number\">\n\t\t\tSand Diego, Kanada\t\t<\/span>\n\t\t\n\t<\/div>\n\t\t\t\t<\/div>\n\t\t\t<\/div>\n\t\t<\/div>\n\t<\/div>\n<\/div>\n\n\t\t\t\t\n<div class=\"ovaev-content\">\n\t<div class=\"type3\">\n\t\t\n<div class=\"date-event\">\n\t<span class=\"date\">09<\/span>\n\t<span class=\"month\">\u010cvn<\/span>\n<\/div>\n\n\n\t\t<div class=\"desc\">\n\t\t\t\n<div class=\"event-thumbnail\" style=\"background-image: url(https:\/\/goldenhorizontegypt.com\/wp-content\/uploads\/2023\/06\/event-06.jpg);\">\n\t<a href=\"https:\/\/goldenhorizontegypt.com\/cs\/event\/a-celebration-of-adventure\/\">\n\t\t<img decoding=\"async\" width=\"700\" height=\"446\" src=\"https:\/\/goldenhorizontegypt.com\/wp-content\/uploads\/2023\/06\/event-06-700x446.jpg\" class=\"attachment-ovaev_event_thumbnail size-ovaev_event_thumbnail wp-post-image\" alt=\"\" \/>\t<\/a>\n<\/div>\n\t\t\t<div class=\"event_post\">\n\t\t\t\t\n<a href=\"https:\/\/goldenhorizontegypt.com\/cs\/event\/a-celebration-of-adventure\/\">\n\t<h2 class=\"second_font event_title\">\n\t\tOslava dobrodru\u017estv\u00ed\t<\/h2>\n<\/a>\t\t\t\t<div class=\"time-event\">\n\t\t\t\t\t\n<div class=\"time equal-date\">\n\t\n\t<i class=\"icomoon icomoon-clock\"><\/i>\n\n\t\t\t<span class=\"time-date-child\">\n\t\t\t<span class=\"date-child\">\n\t\t\t\t15:30 - 17:30\t\t\t<\/span>\n\t\t<\/span>\n\t\n<\/div>\n\t\t\t\t\t\n\t<div class=\"venue\">\n\t\t\n\t\t<i class=\"icomoon icomoon-location\"><\/i>\n\t\t\n\t\t<span class=\"number\">\n\t\t\tSand Diego, Kanada\t\t<\/span>\n\t\t\n\t<\/div>\n\t\t\t\t<\/div>\n\t\t\t<\/div>\n\t\t<\/div>\n\t<\/div>\n<\/div>\n\n\t\t\t\t\n<div class=\"ovaev-content\">\n\t<div class=\"type3\">\n\t\t\n<div class=\"date-event\">\n\t<span class=\"date\">04<\/span>\n\t<span class=\"month\">\u010cvn<\/span>\n<\/div>\n\n\n\t\t<div class=\"desc\">\n\t\t\t\n<div class=\"event-thumbnail\" style=\"background-image: url(https:\/\/goldenhorizontegypt.com\/wp-content\/uploads\/2023\/06\/event-08.jpg);\">\n\t<a href=\"https:\/\/goldenhorizontegypt.com\/cs\/event\/hotel-management-conference\/\">\n\t\t<img decoding=\"async\" width=\"700\" height=\"446\" src=\"https:\/\/goldenhorizontegypt.com\/wp-content\/uploads\/2023\/06\/event-08-700x446.jpg\" class=\"attachment-ovaev_event_thumbnail size-ovaev_event_thumbnail wp-post-image\" alt=\"\" \/>\t<\/a>\n<\/div>\n\t\t\t<div class=\"event_post\">\n\t\t\t\t\n<a href=\"https:\/\/goldenhorizontegypt.com\/cs\/event\/hotel-management-conference\/\">\n\t<h2 class=\"second_font event_title\">\n\t\tKonference o hotelov\u00e9m managementu\t<\/h2>\n<\/a>\t\t\t\t<div class=\"time-event\">\n\t\t\t\t\t\n<div class=\"time equal-date\">\n\t\n\t<i class=\"icomoon icomoon-clock\"><\/i>\n\n\t\t\t<span class=\"time-date-child\">\n\t\t\t<span class=\"date-child\">\n\t\t\t\t15:30 - 17:30\t\t\t<\/span>\n\t\t<\/span>\n\t\n<\/div>\n\t\t\t\t\t\n\t<div class=\"venue\">\n\t\t\n\t\t<i class=\"icomoon icomoon-location\"><\/i>\n\t\t\n\t\t<span class=\"number\">\n\t\t\tSand Diego, Kanada\t\t<\/span>\n\t\t\n\t<\/div>\n\t\t\t\t<\/div>\n\t\t\t<\/div>\n\t\t<\/div>\n\t<\/div>\n<\/div>\n\n\t\t\t\t\n<div class=\"ovaev-content\">\n\t<div class=\"type3\">\n\t\t\n<div class=\"date-event\">\n\t<span class=\"date\">04<\/span>\n\t<span class=\"month\">\u010cvn<\/span>\n<\/div>\n\n\n\t\t<div class=\"desc\">\n\t\t\t\n<div class=\"event-thumbnail\" style=\"background-image: url(https:\/\/goldenhorizontegypt.com\/wp-content\/uploads\/2023\/06\/event-04.jpg);\">\n\t<a href=\"https:\/\/goldenhorizontegypt.com\/cs\/event\/how-important-dj-party-in-travel\/\">\n\t\t<img loading=\"lazy\" decoding=\"async\" width=\"700\" height=\"445\" src=\"https:\/\/goldenhorizontegypt.com\/wp-content\/uploads\/2023\/06\/event-04-700x445.jpg\" class=\"attachment-ovaev_event_thumbnail size-ovaev_event_thumbnail wp-post-image\" alt=\"\" \/>\t<\/a>\n<\/div>\n\t\t\t<div class=\"event_post\">\n\t\t\t\t\n<a href=\"https:\/\/goldenhorizontegypt.com\/cs\/event\/how-important-dj-party-in-travel\/\">\n\t<h2 class=\"second_font event_title\">\n\t\tJak d\u016fle\u017eit\u00e1 je DJ Party p\u0159i cestov\u00e1n\u00ed\t<\/h2>\n<\/a>\t\t\t\t<div class=\"time-event\">\n\t\t\t\t\t\n<div class=\"time equal-date\">\n\t\n\t<i class=\"icomoon icomoon-clock\"><\/i>\n\n\t\t\t<span class=\"time-date-child\">\n\t\t\t<span class=\"date-child\">\n\t\t\t\t15:30 - 17:30\t\t\t<\/span>\n\t\t<\/span>\n\t\n<\/div>\n\t\t\t\t\t\n\t<div class=\"venue\">\n\t\t\n\t\t<i class=\"icomoon icomoon-location\"><\/i>\n\t\t\n\t\t<span class=\"number\">\n\t\t\tSand Diego, Kanada\t\t<\/span>\n\t\t\n\t<\/div>\n\t\t\t\t<\/div>\n\t\t\t<\/div>\n\t\t<\/div>\n\t<\/div>\n<\/div>\n\n\t\t\t\t\n<div class=\"ovaev-content\">\n\t<div class=\"type3\">\n\t\t\n<div class=\"date-event\">\n\t<span class=\"date\">02<\/span>\n\t<span class=\"month\">B\u0159e<\/span>\n<\/div>\n\n\n\t\t<div class=\"desc\">\n\t\t\t\n<div class=\"event-thumbnail\" style=\"background-image: url(https:\/\/goldenhorizontegypt.com\/wp-content\/uploads\/2023\/06\/event-05.jpg);\">\n\t<a href=\"https:\/\/goldenhorizontegypt.com\/cs\/event\/how-to-find-a-grid-tour-guide\/\">\n\t\t<img loading=\"lazy\" decoding=\"async\" width=\"700\" height=\"445\" src=\"https:\/\/goldenhorizontegypt.com\/wp-content\/uploads\/2023\/06\/event-05-700x445.jpg\" class=\"attachment-ovaev_event_thumbnail size-ovaev_event_thumbnail wp-post-image\" alt=\"\" \/>\t<\/a>\n<\/div>\n\t\t\t<div class=\"event_post\">\n\t\t\t\t\n<a href=\"https:\/\/goldenhorizontegypt.com\/cs\/event\/how-to-find-a-grid-tour-guide\/\">\n\t<h2 class=\"second_font event_title\">\n\t\tJak naj\u00edt pr\u016fvodce po s\u00edti\t<\/h2>\n<\/a>\t\t\t\t<div class=\"time-event\">\n\t\t\t\t\t\n<div class=\"time equal-date\">\n\t\n\t<i class=\"icomoon icomoon-clock\"><\/i>\n\n\t\t\t<span class=\"time-date-child\">\n\t\t\t<span class=\"date-child\">\n\t\t\t\tB\u0159ezen 2, 2024 @\t\t\t<\/span>\n\n\t\t\t<span> 07:30<\/span>\n\n\t\t\t\t\t\t\t<a href=\"https:\/\/goldenhorizontegypt.com\/cs\/event\/how-to-find-a-grid-tour-guide\/ \" class=\"more_date_text\" data-id=\"7339\">\n\t\t\t\t\t<span>, more<\/span>\t\n\t\t\t\t<\/a>\n\t\t\t\t\n\t\t<\/span>\n\t\n<\/div>\n\t\t\t\t\t\n\t<div class=\"venue\">\n\t\t\n\t\t<i class=\"icomoon icomoon-location\"><\/i>\n\t\t\n\t\t<span class=\"number\">\n\t\t\tSand Diego, Kanada\t\t<\/span>\n\t\t\n\t<\/div>\n\t\t\t\t<\/div>\n\t\t\t<\/div>\n\t\t<\/div>\n\t<\/div>\n<\/div>\n\n\t\t\t\t\n<div class=\"ovaev-content\">\n\t<div class=\"type3\">\n\t\t\n<div class=\"date-event\">\n\t<span class=\"date\">01<\/span>\n\t<span class=\"month\">\u010cvn<\/span>\n<\/div>\n\n\n\t\t<div class=\"desc\">\n\t\t\t\n<div class=\"event-thumbnail\" style=\"background-image: url(https:\/\/goldenhorizontegypt.com\/wp-content\/uploads\/2023\/06\/event-03.jpg);\">\n\t<a href=\"https:\/\/goldenhorizontegypt.com\/cs\/event\/travel-development-conference\/\">\n\t\t<img loading=\"lazy\" decoding=\"async\" width=\"700\" height=\"445\" src=\"https:\/\/goldenhorizontegypt.com\/wp-content\/uploads\/2023\/06\/event-03-700x445.jpg\" class=\"attachment-ovaev_event_thumbnail size-ovaev_event_thumbnail wp-post-image\" alt=\"\" \/>\t<\/a>\n<\/div>\n\t\t\t<div class=\"event_post\">\n\t\t\t\t\n<a href=\"https:\/\/goldenhorizontegypt.com\/cs\/event\/travel-development-conference\/\">\n\t<h2 class=\"second_font event_title\">\n\t\tKonference o rozvoji cestovn\u00edho ruchu\t<\/h2>\n<\/a>\t\t\t\t<div class=\"time-event\">\n\t\t\t\t\t\n<div class=\"time equal-date\">\n\t\n\t<i class=\"icomoon icomoon-clock\"><\/i>\n\n\t\t\t<span class=\"time-date-child\">\n\t\t\t<span class=\"date-child\">\n\t\t\t\t\u010cerven 1, 2024 @\t\t\t<\/span>\n\n\t\t\t<span> 15:30<\/span>\n\n\t\t\t\t\t\t\t<a href=\"https:\/\/goldenhorizontegypt.com\/cs\/event\/travel-development-conference\/ \" class=\"more_date_text\" data-id=\"7338\">\n\t\t\t\t\t<span>, more<\/span>\t\n\t\t\t\t<\/a>\n\t\t\t\t\n\t\t<\/span>\n\t\n<\/div>\n\t\t\t\t\t\n\t<div class=\"venue\">\n\t\t\n\t\t<i class=\"icomoon icomoon-location\"><\/i>\n\t\t\n\t\t<span class=\"number\">\n\t\t\tSand Diego, Kanada\t\t<\/span>\n\t\t\n\t<\/div>\n\t\t\t\t<\/div>\n\t\t\t<\/div>\n\t\t<\/div>\n\t<\/div>\n<\/div>\n\n\t\t\t\t\t\t\t<\/div>\n\n\t\t\t<div class=\"data-events\" \n\t\t\t\tdata-layout=\"3\" \n\t\t\t\tdata-column=\"col3\" \n\t\t\t\tdata-per-page=\"6\" \n\t\t\t\tdata-order=\"DESC\" \n\t\t\t\tdata-orderby=\"ID\" \n\t\t\t\tdata-category-slug=\"all\" \n\t\t\t\tdata-time-event=\"all\">\n\t\t\t<\/div>\n\t\t<\/div>\n\n\t\t<!-- Loader -->\n\t\t<div class=\"wrap_loader\">\n\t\t\t<svg class=\"loader\" width=\"50\" height=\"50\">\n\t\t\t\t<circle cx=\"25\" cy=\"25\" r=\"10\" stroke=\"#a1a1a1\"\/>\n\t\t\t\t<circle cx=\"25\" cy=\"25\" r=\"20\" stroke=\"#a1a1a1\"\/>\n\t\t\t<\/svg>\n\t\t<\/div>\n\t<!-- End Loader -->\n\t<\/div>\n\t<!-- End Events -->\n\n\t<!-- Pagination -->\n\t<div class=\"search-ajax-pagination-wrapper\">\n\t\t\t<div class=\"search-ajax-pagination\" data-total-page=\"2\">\n\t\t\t<ul>\n\t\t\t\t\t\t\t\t\t\t\t\t\t\t\t<li>\n\t\t\t\t\t\t\t<span class=\"prev page-numbers\" data-paged=\"0\">\n\t\t\t\t\t\t\t\tPrevious\t\t\t\t\t\t\t<\/span>\n\t\t\t\t\t\t<\/li>\n\t\t\t\t\t\t<li>\n\t\t\t\t\t\t\t<span class=\"page-numbers current\" data-paged=\"1\">\n\t\t\t\t\t\t\t\t1\t\t\t\t\t\t\t<\/span>\n\t\t\t\t\t\t<\/li>\n\t\t\t\t\t\t\t\t\t\t\t\t\t\t\t\t\t\t\t\t<li>\n\t\t\t\t\t\t\t<span class=\"page-numbers\" data-paged=\"2\">\n\t\t\t\t\t\t\t\t2\t\t\t\t\t\t\t<\/span>\n\t\t\t\t\t\t<\/li>\n\t\t\t\t\t\t<li>\n\t\t\t\t\t\t\t<span class=\"next page-numbers\" data-paged=\"2\">\n\t\t\t\t\t\t\t\tNext\t\t\t\t\t\t\t<\/span>\n\t\t\t\t\t\t<\/li>\n\t\t\t\t\t\t\t\t\t\t\t\t<\/ul>\n\t\t<\/div>\n\t\t<!-- End Pagination -->\n\t<\/div>\n\n<\/div>\n\n\t\t\t\t<\/div>\n\t\t\t\t<\/div>\n\t\t\t\t\t<\/div>\n\t\t<\/div>\n\t\t\t\t\t<\/div>\n\t\t<\/section>\n\t\t\t\t<\/div>","protected":false},"excerpt":{"rendered":"<p>All CategoriesTravelGood Tour 01 Jun Why Choose Our Travel Agency 2? June 1, 2024 @ 3:30 PM , more Sand Diego, Canada 01 Jun A Celebration of Adventure and Exploration June 1, 2024 @ 3:30 PM , more Sand Diego, Canada 04 Jun Hotel Management Conference 3:30 PM &#8211; 5:30 PM Sand Diego, Canada 04 [&hellip;]<\/p>\n","protected":false},"author":2,"featured_media":0,"parent":0,"menu_order":0,"comment_status":"closed","ping_status":"closed","template":"elementor_header_footer","meta":{"footnotes":""},"class_list":["post-7678","page","type-page","status-publish","hentry"],"yoast_head":"<!-- This site is optimized with the Yoast SEO plugin v27.5 - https:\/\/yoast.com\/product\/yoast-seo-wordpress\/ -->\n<title>Event List 3 - Golden Horizont Egypt<\/title>\n<meta name=\"robots\" content=\"index, follow, max-snippet:-1, max-image-preview:large, max-video-preview:-1\" \/>\n<link rel=\"canonical\" href=\"https:\/\/goldenhorizontegypt.com\/cs\/event-list-3\/\" \/>\n<meta property=\"og:locale\" content=\"cs_CZ\" \/>\n<meta property=\"og:type\" content=\"article\" \/>\n<meta property=\"og:title\" content=\"Event List 3 - Golden Horizont Egypt\" \/>\n<meta property=\"og:description\" content=\"All CategoriesTravelGood Tour 01 Jun Why Choose Our Travel Agency 2? June 1, 2024 @ 3:30 PM , more Sand Diego, Canada 01 Jun A Celebration of Adventure and Exploration June 1, 2024 @ 3:30 PM , more Sand Diego, Canada 04 Jun Hotel Management Conference 3:30 PM &#8211; 5:30 PM Sand Diego, Canada 04 [&hellip;]\" \/>\n<meta property=\"og:url\" content=\"https:\/\/goldenhorizontegypt.com\/cs\/event-list-3\/\" \/>\n<meta property=\"og:site_name\" content=\"Golden Horizont Egypt\" \/>\n<meta property=\"og:image\" content=\"https:\/\/goldenhorizontegypt.com\/wp-content\/uploads\/2023\/06\/event-02-700x445.jpg\" \/>\n<meta name=\"twitter:card\" content=\"summary_large_image\" \/>\n<script type=\"application\/ld+json\" class=\"yoast-schema-graph\">{\"@context\":\"https:\\\/\\\/schema.org\",\"@graph\":[{\"@type\":\"WebPage\",\"@id\":\"https:\\\/\\\/goldenhorizontegypt.com\\\/event-list-3\\\/\",\"url\":\"https:\\\/\\\/goldenhorizontegypt.com\\\/event-list-3\\\/\",\"name\":\"Event List 3 - Golden Horizont Egypt\",\"isPartOf\":{\"@id\":\"https:\\\/\\\/goldenhorizontegypt.com\\\/#website\"},\"primaryImageOfPage\":{\"@id\":\"https:\\\/\\\/goldenhorizontegypt.com\\\/event-list-3\\\/#primaryimage\"},\"image\":{\"@id\":\"https:\\\/\\\/goldenhorizontegypt.com\\\/event-list-3\\\/#primaryimage\"},\"thumbnailUrl\":\"https:\\\/\\\/goldenhorizontegypt.com\\\/wp-content\\\/uploads\\\/2023\\\/06\\\/event-02-700x445.jpg\",\"datePublished\":\"2023-06-06T10:49:36+00:00\",\"breadcrumb\":{\"@id\":\"https:\\\/\\\/goldenhorizontegypt.com\\\/event-list-3\\\/#breadcrumb\"},\"inLanguage\":\"cs\",\"potentialAction\":[{\"@type\":\"ReadAction\",\"target\":[\"https:\\\/\\\/goldenhorizontegypt.com\\\/event-list-3\\\/\"]}]},{\"@type\":\"ImageObject\",\"inLanguage\":\"cs\",\"@id\":\"https:\\\/\\\/goldenhorizontegypt.com\\\/event-list-3\\\/#primaryimage\",\"url\":\"https:\\\/\\\/goldenhorizontegypt.com\\\/wp-content\\\/uploads\\\/2023\\\/06\\\/event-02-700x445.jpg\",\"contentUrl\":\"https:\\\/\\\/goldenhorizontegypt.com\\\/wp-content\\\/uploads\\\/2023\\\/06\\\/event-02-700x445.jpg\"},{\"@type\":\"BreadcrumbList\",\"@id\":\"https:\\\/\\\/goldenhorizontegypt.com\\\/event-list-3\\\/#breadcrumb\",\"itemListElement\":[{\"@type\":\"ListItem\",\"position\":1,\"name\":\"Home\",\"item\":\"https:\\\/\\\/goldenhorizontegypt.com\\\/\"},{\"@type\":\"ListItem\",\"position\":2,\"name\":\"Event List 3\"}]},{\"@type\":\"WebSite\",\"@id\":\"https:\\\/\\\/goldenhorizontegypt.com\\\/#website\",\"url\":\"https:\\\/\\\/goldenhorizontegypt.com\\\/\",\"name\":\"Golden Horizont Egypt\",\"description\":\"\",\"potentialAction\":[{\"@type\":\"SearchAction\",\"target\":{\"@type\":\"EntryPoint\",\"urlTemplate\":\"https:\\\/\\\/goldenhorizontegypt.com\\\/?s={search_term_string}\"},\"query-input\":{\"@type\":\"PropertyValueSpecification\",\"valueRequired\":true,\"valueName\":\"search_term_string\"}}],\"inLanguage\":\"cs\"}]}<\/script>\n<!-- \/ Yoast SEO plugin. -->","yoast_head_json":{"title":"Event List 3 - Golden Horizont Egypt","robots":{"index":"index","follow":"follow","max-snippet":"max-snippet:-1","max-image-preview":"max-image-preview:large","max-video-preview":"max-video-preview:-1"},"canonical":"https:\/\/goldenhorizontegypt.com\/cs\/event-list-3\/","og_locale":"cs_CZ","og_type":"article","og_title":"Event List 3 - Golden Horizont Egypt","og_description":"All CategoriesTravelGood Tour 01 Jun Why Choose Our Travel Agency 2? June 1, 2024 @ 3:30 PM , more Sand Diego, Canada 01 Jun A Celebration of Adventure and Exploration June 1, 2024 @ 3:30 PM , more Sand Diego, Canada 04 Jun Hotel Management Conference 3:30 PM &#8211; 5:30 PM Sand Diego, Canada 04 [&hellip;]","og_url":"https:\/\/goldenhorizontegypt.com\/cs\/event-list-3\/","og_site_name":"Golden Horizont Egypt","og_image":[{"url":"https:\/\/goldenhorizontegypt.com\/wp-content\/uploads\/2023\/06\/event-02-700x445.jpg","type":"","width":"","height":""}],"twitter_card":"summary_large_image","schema":{"@context":"https:\/\/schema.org","@graph":[{"@type":"WebPage","@id":"https:\/\/goldenhorizontegypt.com\/event-list-3\/","url":"https:\/\/goldenhorizontegypt.com\/event-list-3\/","name":"Event List 3 - Golden Horizont Egypt","isPartOf":{"@id":"https:\/\/goldenhorizontegypt.com\/#website"},"primaryImageOfPage":{"@id":"https:\/\/goldenhorizontegypt.com\/event-list-3\/#primaryimage"},"image":{"@id":"https:\/\/goldenhorizontegypt.com\/event-list-3\/#primaryimage"},"thumbnailUrl":"https:\/\/goldenhorizontegypt.com\/wp-content\/uploads\/2023\/06\/event-02-700x445.jpg","datePublished":"2023-06-06T10:49:36+00:00","breadcrumb":{"@id":"https:\/\/goldenhorizontegypt.com\/event-list-3\/#breadcrumb"},"inLanguage":"cs","potentialAction":[{"@type":"ReadAction","target":["https:\/\/goldenhorizontegypt.com\/event-list-3\/"]}]},{"@type":"ImageObject","inLanguage":"cs","@id":"https:\/\/goldenhorizontegypt.com\/event-list-3\/#primaryimage","url":"https:\/\/goldenhorizontegypt.com\/wp-content\/uploads\/2023\/06\/event-02-700x445.jpg","contentUrl":"https:\/\/goldenhorizontegypt.com\/wp-content\/uploads\/2023\/06\/event-02-700x445.jpg"},{"@type":"BreadcrumbList","@id":"https:\/\/goldenhorizontegypt.com\/event-list-3\/#breadcrumb","itemListElement":[{"@type":"ListItem","position":1,"name":"Home","item":"https:\/\/goldenhorizontegypt.com\/"},{"@type":"ListItem","position":2,"name":"Event List 3"}]},{"@type":"WebSite","@id":"https:\/\/goldenhorizontegypt.com\/#website","url":"https:\/\/goldenhorizontegypt.com\/","name":"Golden Horizont Egypt","description":"","potentialAction":[{"@type":"SearchAction","target":{"@type":"EntryPoint","urlTemplate":"https:\/\/goldenhorizontegypt.com\/?s={search_term_string}"},"query-input":{"@type":"PropertyValueSpecification","valueRequired":true,"valueName":"search_term_string"}}],"inLanguage":"cs"}]}},"_hostinger_reach_plugin_has_subscription_block":false,"_hostinger_reach_plugin_is_elementor":false,"_links":{"self":[{"href":"https:\/\/goldenhorizontegypt.com\/cs\/wp-json\/wp\/v2\/pages\/7678","targetHints":{"allow":["GET"]}}],"collection":[{"href":"https:\/\/goldenhorizontegypt.com\/cs\/wp-json\/wp\/v2\/pages"}],"about":[{"href":"https:\/\/goldenhorizontegypt.com\/cs\/wp-json\/wp\/v2\/types\/page"}],"author":[{"embeddable":true,"href":"https:\/\/goldenhorizontegypt.com\/cs\/wp-json\/wp\/v2\/users\/2"}],"replies":[{"embeddable":true,"href":"https:\/\/goldenhorizontegypt.com\/cs\/wp-json\/wp\/v2\/comments?post=7678"}],"version-history":[{"count":0,"href":"https:\/\/goldenhorizontegypt.com\/cs\/wp-json\/wp\/v2\/pages\/7678\/revisions"}],"wp:attachment":[{"href":"https:\/\/goldenhorizontegypt.com\/cs\/wp-json\/wp\/v2\/media?parent=7678"}],"curies":[{"name":"wp","href":"https:\/\/api.w.org\/{rel}","templated":true}]}}